

{"id":14740,"date":"2025-11-22T07:08:17","date_gmt":"2025-11-22T07:08:17","guid":{"rendered":"https:\/\/vapemaison.com\/?post_type=product&#038;p=14740"},"modified":"2025-11-22T07:55:38","modified_gmt":"2025-11-22T07:55:38","slug":"bang-blaze-100k-jetable-vape","status":"publish","type":"product","link":"https:\/\/vapemaison.com\/fr\/product\/bang-blaze-100k-disposable-vape\/","title":{"rendered":"Bang Blaze 100k Vape jetable 6-en-1 Flavor"},"content":{"rendered":"<p>D\u00e9couvrez le prochain niveau de vapotage avec le <strong>Bang Blaze 100000<\/strong> Puffs Vape jetable. Elle associe une puissance durable \u00e0 une saveur intense. Disponible en 2%, 3% et 5%, il r\u00e9pond \u00e0 toutes les pr\u00e9f\u00e9rences - des coups doux aux sensations audacieuses et intenses. Avec une dur\u00e9e de vie impressionnante de 100 000 bouff\u00e9es, le Bang Blaze est dot\u00e9 d'un syst\u00e8me d'ar\u00f4mes 6 en 1. M\u00e9langez et associez des saveurs telles que A, B, C, A+B, A+C, et B+C pour une exp\u00e9rience de vapotage vraiment personnalis\u00e9e. Que vous pr\u00e9f\u00e9riez les saveurs uniques ou les m\u00e9langes dynamiques, le Bang Blaze garde les choses excitantes.<\/p>\n\n\n\n<p>Con\u00e7u pour la commodit\u00e9 et la performance, le Bang Blaze comprend un syst\u00e8me \u00e0 trois r\u00e9servoirs qui permet d'int\u00e9grer plusieurs ar\u00f4mes dans un seul appareil. La bobine avanc\u00e9e \u00e0 triple maille assure un chauffage rapide, des nuages denses et une saveur riche. La batterie rechargeable de 850mAh fournit une puissance constante, et l'\u00e9cran LED affiche l'autonomie de la batterie et le nombre de bouff\u00e9es. Le port de charge moderne Type-C rend la recharge plus rapide et plus efficace.<\/p>\n\n\n\n<h2 class=\"wp-block-heading\"><strong>Pourquoi choisir Bang Blaze 100k Puffs ?<\/strong><\/h2>\n\n\n\n<p>Le Bang Blaze est id\u00e9al pour un usage personnel ou pour les commandes en gros. Il se pr\u00e9sente sous la forme d'un paquet de 10 et offre 10 saveurs de premi\u00e8re qualit\u00e9. Combinant une technologie avanc\u00e9e, un design convivial et une performance durable, le Bang Blaze 100K Puffs Disposable Vape est le choix parfait pour les vapoteurs qui exigent de la vari\u00e9t\u00e9, de la durabilit\u00e9 et des saveurs exceptionnelles.<\/p>\n\n\n\n<h2 class=\"wp-block-heading\"><strong>Caract\u00e9ristiques<\/strong><\/h2>\n\n\n\n<figure class=\"wp-block-table\"><table class=\"has-fixed-layout\"><thead><tr><th><strong>Fonctionnalit\u00e9<\/strong><\/th><th><strong>D\u00e9tails<\/strong><\/th><\/tr><\/thead><tbody><tr><td><strong>Intensit\u00e9 de la nicotine<\/strong><\/td><td>2% \/ 3% \/ 5%<\/td><\/tr><tr><td><strong>Nombre de bouff\u00e9es<\/strong><\/td><td>Jusqu'\u00e0 100 000 bouff\u00e9es<\/td><\/tr><tr><td><strong>Modes d'ar\u00f4mes<\/strong><\/td><td>A, B, C, A+B, A+C, B+C<\/td><\/tr><tr><td><strong>R\u00e9servoir d'huile<\/strong><\/td><td>3 r\u00e9servoirs<\/td><\/tr><tr><td><strong>Batterie<\/strong><\/td><td>850mAh rechargeable<\/td><\/tr><tr><td><strong>Bobine<\/strong><\/td><td>Bobine \u00e0 triple maille<\/td><\/tr><tr><td><strong>\u00c9cran LED<\/strong><\/td><td>Oui<\/td><\/tr><tr><td><strong>Port de charge<\/strong><\/td><td>Type-C<\/td><\/tr><tr><td><strong>Emballage<\/strong><\/td><td>10 pi\u00e8ces\/paquet<\/td><\/tr><tr><td><strong>Saveurs<\/strong><\/td><td>10 options<\/td><\/tr><\/tbody><\/table><\/figure>\n\n\n\n<h2 class=\"wp-block-heading\">Saveur\uff1a<\/h2>\n\n\n\n<ol class=\"wp-block-list\">\n<li>&nbsp;<strong>Glace \u00e0 la past\u00e8que &amp; Mamba \u00e0 la fraise &amp; Past\u00e8que \u00e0 la fraise<\/strong><\/li>\n\n\n\n<li><strong>Fuji Ice &amp; Pomme Raisin &amp; Cerise Grenade<\/strong><\/li>\n\n\n\n<li><strong>Glace \u00e0 la myrtille, citron \u00e0 la framboise et melon d'eau \u00e0 la gomme balloune<\/strong><\/li>\n\n\n\n<li><strong>Myrtilles Framboises et fruits aigres Ananas Oranges et framboises Past\u00e8ques<\/strong><\/li>\n\n\n\n<li><strong>Glace de raisin et mangue P\u00eache et myrtille Past\u00e8que<\/strong><\/li>\n\n\n\n<li><strong>Fraise Glace et p\u00eache Citron et kiwi Fruit de la passion Goyave<\/strong><\/li>\n\n\n\n<li><strong>Ananas noix de coco &amp; Blueberry Red Bull &amp; Watermelon Ice<\/strong><\/li>\n\n\n\n<li><strong>Fraise, kiwi, myrtille, noix de coco et fruits m\u00e9lang\u00e9s<\/strong><\/li>\n\n\n\n<li><strong>Lemon Romance &amp; Blueberry Framboise &amp; P\u00eache Menthol<\/strong><\/li>\n\n\n\n<li><strong>P\u00eache glac\u00e9e et cassis Ananas glac\u00e9 et pomme verte Kiwi<\/strong><\/li>\n<\/ol>\n\n\n\n<p><\/p>","protected":false},"excerpt":{"rendered":"<p>Discover the next level of vaping with the Bang Blaze 100000 Puffs Disposable Vape. It combines long-lasting power with intense flavor. Available in 2%, 3%, and 5% nicotine strengths, it caters to all preferences \u2014 from smooth hits to bold, intense sensations. With an impressive 100,000 puffs, the Bang Blaze features a 6-in-1 flavor system. [&hellip;]<\/p>\n","protected":false},"featured_media":14774,"comment_status":"open","ping_status":"closed","template":"","meta":[],"product_brand":[57],"product_cat":[151],"product_tag":[],"class_list":{"0":"post-14740","1":"product","2":"type-product","3":"status-publish","4":"has-post-thumbnail","6":"product_brand-bang","7":"product_cat-100k-puffs","9":"first","10":"instock","11":"sale","12":"shipping-taxable","13":"purchasable","14":"product-type-variable"},"yoast_head":"<!-- This site is optimized with the Yoast SEO plugin v27.4 - https:\/\/yoast.com\/product\/yoast-seo-wordpress\/ -->\n<title>Bang Blaze 100kPuffs Disposable Vape - Customizable Flavors<\/title>\n<meta name=\"description\" content=\"Discover the Bang Blaze 100k Puffs Disposable Vape with 6 flavor and triple mesh coil. Available in 2%, 3%, and 5% nicotine strengths.\" \/>\n<meta name=\"robots\" content=\"index, follow, max-snippet:-1, max-image-preview:large, max-video-preview:-1\" \/>\n<link rel=\"canonical\" href=\"https:\/\/vapemaison.com\/fr\/produit\/bang-blaze-100k-jetable-vape\/\" \/>\n<meta property=\"og:locale\" content=\"fr_FR\" \/>\n<meta property=\"og:type\" content=\"article\" \/>\n<meta property=\"og:title\" content=\"Bang Blaze 100kPuffs Disposable Vape - Customizable Flavors\" \/>\n<meta property=\"og:description\" content=\"Discover the Bang Blaze 100k Puffs Disposable Vape with 6 flavor and triple mesh coil. Available in 2%, 3%, and 5% nicotine strengths.\" \/>\n<meta property=\"og:url\" content=\"https:\/\/vapemaison.com\/fr\/produit\/bang-blaze-100k-jetable-vape\/\" \/>\n<meta property=\"og:site_name\" content=\"VapeMaison\" \/>\n<meta property=\"article:modified_time\" content=\"2025-11-22T07:55:38+00:00\" \/>\n<meta property=\"og:image\" content=\"https:\/\/vapemaison.com\/wp-content\/uploads\/2025\/11\/main-picture.png.webp\" \/>\n\t<meta property=\"og:image:width\" content=\"1891\" \/>\n\t<meta property=\"og:image:height\" content=\"1891\" \/>\n\t<meta property=\"og:image:type\" content=\"image\/webp\" \/>\n<meta name=\"twitter:card\" content=\"summary_large_image\" \/>\n<meta name=\"twitter:label1\" content=\"Dur\u00e9e de lecture estim\u00e9e\" \/>\n\t<meta name=\"twitter:data1\" content=\"2 minutes\" \/>\n<!-- \/ Yoast SEO plugin. -->","yoast_head_json":{"title":"Bang Blaze 100kPuffs Vape jetable - Saveurs personnalisables","description":"D\u00e9couvrez la Bang Blaze 100k Puffs Vape jetable avec 6 saveurs et un coil triple mesh. Disponible en 2%, 3% et 5%.","robots":{"index":"index","follow":"follow","max-snippet":"max-snippet:-1","max-image-preview":"max-image-preview:large","max-video-preview":"max-video-preview:-1"},"canonical":"https:\/\/vapemaison.com\/fr\/produit\/bang-blaze-100k-jetable-vape\/","og_locale":"fr_FR","og_type":"article","og_title":"Bang Blaze 100kPuffs Disposable Vape - Customizable Flavors","og_description":"Discover the Bang Blaze 100k Puffs Disposable Vape with 6 flavor and triple mesh coil. Available in 2%, 3%, and 5% nicotine strengths.","og_url":"https:\/\/vapemaison.com\/fr\/produit\/bang-blaze-100k-jetable-vape\/","og_site_name":"VapeMaison","article_modified_time":"2025-11-22T07:55:38+00:00","og_image":[{"width":1891,"height":1891,"url":"https:\/\/vapemaison.com\/wp-content\/uploads\/2025\/11\/main-picture.png.webp","type":"image\/webp"}],"twitter_card":"summary_large_image","twitter_misc":{"Dur\u00e9e de lecture estim\u00e9e":"2 minutes"},"schema":{"@context":"https:\/\/schema.org","@graph":[{"@type":"WebPage","@id":"https:\/\/vapemaison.com\/product\/bang-blaze-100k-disposable-vape\/","url":"https:\/\/vapemaison.com\/product\/bang-blaze-100k-disposable-vape\/","name":"Bang Blaze 100kPuffs Vape jetable - Saveurs personnalisables","isPartOf":{"@id":"https:\/\/vapemaison.com\/#website"},"primaryImageOfPage":{"@id":"https:\/\/vapemaison.com\/product\/bang-blaze-100k-disposable-vape\/#primaryimage"},"image":{"@id":"https:\/\/vapemaison.com\/product\/bang-blaze-100k-disposable-vape\/#primaryimage"},"thumbnailUrl":"https:\/\/vapemaison.com\/wp-content\/uploads\/2025\/11\/main-picture.png.webp","datePublished":"2025-11-22T07:08:17+00:00","dateModified":"2025-11-22T07:55:38+00:00","description":"D\u00e9couvrez la Bang Blaze 100k Puffs Vape jetable avec 6 saveurs et un coil triple mesh. Disponible en 2%, 3% et 5%.","breadcrumb":{"@id":"https:\/\/vapemaison.com\/product\/bang-blaze-100k-disposable-vape\/#breadcrumb"},"inLanguage":"fr-FR","potentialAction":[{"@type":"ReadAction","target":["https:\/\/vapemaison.com\/product\/bang-blaze-100k-disposable-vape\/"]}]},{"@type":"ImageObject","inLanguage":"fr-FR","@id":"https:\/\/vapemaison.com\/product\/bang-blaze-100k-disposable-vape\/#primaryimage","url":"https:\/\/vapemaison.com\/wp-content\/uploads\/2025\/11\/main-picture.png.webp","contentUrl":"https:\/\/vapemaison.com\/wp-content\/uploads\/2025\/11\/main-picture.png.webp","width":1891,"height":1891,"caption":"Main Picture.png Disposable Vape Device"},{"@type":"BreadcrumbList","@id":"https:\/\/vapemaison.com\/product\/bang-blaze-100k-disposable-vape\/#breadcrumb","itemListElement":[{"@type":"ListItem","position":1,"name":"\u9996\u9875","item":"https:\/\/vapemaison.com\/"},{"@type":"ListItem","position":2,"name":"Shop","item":"https:\/\/vapemaison.com\/shop\/"},{"@type":"ListItem","position":3,"name":"Bang","item":"https:\/\/vapemaison.com\/brand\/bang\/"},{"@type":"ListItem","position":4,"name":"Bang Blaze 100k Disposable Vape 6-in-1 Flavor"}]},{"@type":"WebSite","@id":"https:\/\/vapemaison.com\/#website","url":"https:\/\/vapemaison.com\/","name":"VapeMaison","description":"Appareils et accessoires de vapotage haut de gamme","publisher":{"@id":"https:\/\/vapemaison.com\/#organization"},"potentialAction":[{"@type":"SearchAction","target":{"@type":"EntryPoint","urlTemplate":"https:\/\/vapemaison.com\/?s={search_term_string}"},"query-input":{"@type":"PropertyValueSpecification","valueRequired":true,"valueName":"search_term_string"}}],"inLanguage":"fr-FR"},{"@type":"Organization","@id":"https:\/\/vapemaison.com\/#organization","name":"VapeMaison","url":"https:\/\/vapemaison.com\/","logo":{"@type":"ImageObject","inLanguage":"fr-FR","@id":"https:\/\/vapemaison.com\/#\/schema\/logo\/image\/","url":"https:\/\/vapemaison.com\/wp-content\/uploads\/2026\/01\/cropped-vapemaison-logo-g-2026.webp","contentUrl":"https:\/\/vapemaison.com\/wp-content\/uploads\/2026\/01\/cropped-vapemaison-logo-g-2026.webp","width":350,"height":280,"caption":"VapeMaison"},"image":{"@id":"https:\/\/vapemaison.com\/#\/schema\/logo\/image\/"},"sameAs":["https:\/\/www.youtube.com\/@VapeMaison"]}]}},"tiered_pricing_type":"fixed","tiered_pricing_fixed_rules":{"30":"11.98","50":"10.98","100":"9.98","200":"8.88"},"tiered_pricing_product_settings":{"layout":"default","base_unit_name":{"singular":null,"plural":null},"default_variation":null},"tiered_pricing_minimum_quantity":10,"tiered_pricing_roles_data":[],"tiered_pricing_percentage_rules":[],"tiered_pricing_maximum_quantity":null,"tiered_pricing_quantity_step":"10","_links":{"self":[{"href":"https:\/\/vapemaison.com\/fr\/wp-json\/wp\/v2\/product\/14740","targetHints":{"allow":["GET"]}}],"collection":[{"href":"https:\/\/vapemaison.com\/fr\/wp-json\/wp\/v2\/product"}],"about":[{"href":"https:\/\/vapemaison.com\/fr\/wp-json\/wp\/v2\/types\/product"}],"replies":[{"embeddable":true,"href":"https:\/\/vapemaison.com\/fr\/wp-json\/wp\/v2\/comments?post=14740"}],"version-history":[{"count":0,"href":"https:\/\/vapemaison.com\/fr\/wp-json\/wp\/v2\/product\/14740\/revisions"}],"wp:featuredmedia":[{"embeddable":true,"href":"https:\/\/vapemaison.com\/fr\/wp-json\/wp\/v2\/media\/14774"}],"wp:attachment":[{"href":"https:\/\/vapemaison.com\/fr\/wp-json\/wp\/v2\/media?parent=14740"}],"wp:term":[{"taxonomy":"product_brand","embeddable":true,"href":"https:\/\/vapemaison.com\/fr\/wp-json\/wp\/v2\/product_brand?post=14740"},{"taxonomy":"product_cat","embeddable":true,"href":"https:\/\/vapemaison.com\/fr\/wp-json\/wp\/v2\/product_cat?post=14740"},{"taxonomy":"product_tag","embeddable":true,"href":"https:\/\/vapemaison.com\/fr\/wp-json\/wp\/v2\/product_tag?post=14740"}],"curies":[{"name":"wp","href":"https:\/\/api.w.org\/{rel}","templated":true}]}}