

{"id":14781,"date":"2025-11-22T07:48:07","date_gmt":"2025-11-22T07:48:07","guid":{"rendered":"https:\/\/vapemaison.com\/?post_type=product&#038;p=14781"},"modified":"2025-11-22T07:54:16","modified_gmt":"2025-11-22T07:54:16","slug":"40k-puff-bang-king-tornado-40000-puffs-jetable-vape-pen","status":"publish","type":"product","link":"https:\/\/vapemaison.com\/fr\/product\/40k-puff-bang-king-tornado-40000-puffs-disposable-vape-pen\/","title":{"rendered":"40k Puff Bang King Tornado | 40000 Puffs Vape Pen jetable"},"content":{"rendered":"<p>Pr\u00e9sentation de la <strong>Puff Bang king Tornado 40k Puff<\/strong> - L'\u00e9dition LED Display a \u00e9t\u00e9 con\u00e7ue pour les vapoteurs qui exigent des performances audacieuses et une capacit\u00e9 massive \u00e0 chaque bouff\u00e9e. Avec jusqu'\u00e0 40 000 bouff\u00e9es, ce stylo \u00e0 vape jetable offre une satisfaction durable, une saveur vibrante et des performances fiables, le tout r\u00e9uni dans un appareil \u00e9l\u00e9gant.<\/p>\n\n\n\n<p>Rempli de 35mL d'e-liquide de qualit\u00e9 sup\u00e9rieure et disponible en 2%, 3%, ou 5%, le <strong>40k Puff Bang King Tornado<\/strong> r\u00e9pond \u00e0 toutes les pr\u00e9f\u00e9rences, des l\u00e9g\u00e8res sensations de gorge aux saveurs riches et intenses. Que vous soyez un vapoteur occasionnel ou un chasseur de nuages chevronn\u00e9, cet appareil est \u00e0 la hauteur.<\/p>\n\n\n\n<p>Le 40k Puff Bang King Tornado est dot\u00e9 d'une bobine mesh de 1,0\u03a9 avec un flux d'air r\u00e9glable, offrant une exp\u00e9rience personnalisable pour les styles MTL et DTL. Chaque tirage est doux, coh\u00e9rent et plein de saveurs, ce qui vous donne la meilleure exp\u00e9rience de vapotage \u00e0 chaque fois.<\/p>\n\n\n\n<p>Aliment\u00e9 par une batterie rechargeable de 1000mAh et \u00e9quip\u00e9 d'un port de charge Type-C, le Tornado 40 000 minimise les temps d'arr\u00eat, ce qui vous permet de vaper plus longtemps. L'\u00e9cran LED int\u00e9gr\u00e9 vous tient au courant des niveaux de batterie et d'e-liquide, ce qui vous permet de toujours garder le contr\u00f4le.<\/p>\n\n\n\n<p>Avec un choix de 12 saveurs de premi\u00e8re qualit\u00e9,<strong> le Puff Bang King Tornado 40k<\/strong> apporte un \u00e9quilibre parfait entre go\u00fbt, performance et fiabilit\u00e9 dans chaque appareil.<\/p>\n\n\n\n<h2 class=\"wp-block-heading\"><strong>Caract\u00e9ristiques\uff1a<\/strong><\/h2>\n\n\n\n<ul class=\"wp-block-list\">\n<li>Bouff\u00e9es : Jusqu'\u00e0 40000 bouff\u00e9es<\/li>\n\n\n\n<li>Nicotine:2%\/3%\/5%<\/li>\n\n\n\n<li>Types : Jetable<\/li>\n\n\n\n<li>1.0 Mesh Coil, flux d'air r\u00e9glable<\/li>\n\n\n\n<li>Recharge de type C<\/li>\n\n\n\n<li>E-liquide : 35mL<\/li>\n\n\n\n<li>Capacit\u00e9 de la batterie\uff1a1000 mAh<\/li>\n\n\n\n<li>12 saveurs au choix<\/li>\n<\/ul>\n\n\n\n<h2 class=\"wp-block-heading\"><strong>Saveur<\/strong>:<\/h2>\n\n\n\n<p>1. melon d'eau<\/p>\n\n\n\n<p>2. past\u00e8que \u00e0 la fraise<\/p>\n\n\n\n<p>3. glace aux myrtilles<\/p>\n\n\n\n<p>4. myrtille framboise<\/p>\n\n\n\n<p>5. glace \u00e0 la fraise<\/p>\n\n\n\n<p>6. fraise kiwi<\/p>\n\n\n\n<p>7. mangue p\u00eache past\u00e8que<\/p>\n\n\n\n<p>8. kiwi fruit de la passion grenade<\/p>\n\n\n\n<p>9. glace \u00e0 la p\u00eache<\/p>\n\n\n\n<p>10.baies m\u00e9lang\u00e9es<\/p>\n\n\n\n<p>11.myrtille raisin<\/p>\n\n\n\n<p>12. melon d'eau Bubblegum<\/p>","protected":false},"excerpt":{"rendered":"<p>Introducing the Puff Bang king Tornado 40k Puff \u2013 the LED Display Edition designed for vapers who demand bold performance and massive capacity in every puff. With up to 40k puffs, this disposable vape pen offers long-lasting satisfaction, vibrant flavor, and reliable performance\u2014all packed into one sleek device. Filled with 35mL of premium e-liquid and [&hellip;]<\/p>\n","protected":false},"featured_media":14782,"comment_status":"open","ping_status":"closed","template":"","meta":[],"product_brand":[57],"product_cat":[135],"product_tag":[],"class_list":{"0":"post-14781","1":"product","2":"type-product","3":"status-publish","4":"has-post-thumbnail","6":"product_brand-bang","7":"product_cat-40k-puffs","9":"first","10":"instock","11":"sale","12":"shipping-taxable","13":"purchasable","14":"product-type-variable"},"yoast_head":"<!-- This site is optimized with the Yoast SEO plugin v27.4 - https:\/\/yoast.com\/product\/yoast-seo-wordpress\/ -->\n<title>40K Puff Bang King Tornado | 40000 Puffs Disposable Vape<\/title>\n<meta name=\"description\" content=\"Experience the 40k puff Bang King Tornado Disposable Vape with 12 premium flavors. Available in 2%, 3%, and 5% nicotine strengths.\" \/>\n<meta name=\"robots\" content=\"index, follow, max-snippet:-1, max-image-preview:large, max-video-preview:-1\" \/>\n<link rel=\"canonical\" href=\"https:\/\/vapemaison.com\/fr\/produit\/40k-puff-bang-king-tornado-40000-puffs-jetable-vape-pen\/\" \/>\n<meta property=\"og:locale\" content=\"fr_FR\" \/>\n<meta property=\"og:type\" content=\"article\" \/>\n<meta property=\"og:title\" content=\"40K Puff Bang King Tornado | 40000 Puffs Disposable Vape\" \/>\n<meta property=\"og:description\" content=\"Experience the 40k puff Bang King Tornado Disposable Vape with 12 premium flavors. Available in 2%, 3%, and 5% nicotine strengths.\" \/>\n<meta property=\"og:url\" content=\"https:\/\/vapemaison.com\/fr\/produit\/40k-puff-bang-king-tornado-40000-puffs-jetable-vape-pen\/\" \/>\n<meta property=\"og:site_name\" content=\"VapeMaison\" \/>\n<meta property=\"article:modified_time\" content=\"2025-11-22T07:54:16+00:00\" \/>\n<meta property=\"og:image\" content=\"https:\/\/vapemaison.com\/wp-content\/uploads\/2025\/11\/vape-maison-bang-king-tornado-40000-puffs-blueberry-grape-654x690-1.webp\" \/>\n\t<meta property=\"og:image:width\" content=\"654\" \/>\n\t<meta property=\"og:image:height\" content=\"690\" \/>\n\t<meta property=\"og:image:type\" content=\"image\/webp\" \/>\n<meta name=\"twitter:card\" content=\"summary_large_image\" \/>\n<meta name=\"twitter:label1\" content=\"Dur\u00e9e de lecture estim\u00e9e\" \/>\n\t<meta name=\"twitter:data1\" content=\"2 minutes\" \/>\n<!-- \/ Yoast SEO plugin. -->","yoast_head_json":{"title":"40K Puff Bang King Tornado | 40000 Puffs Vape jetable","description":"Faites l'exp\u00e9rience de la vape jetable Bang King Tornado \u00e0 40 bouff\u00e9es avec 12 ar\u00f4mes de premi\u00e8re qualit\u00e9. Disponible en 2%, 3% et 5%.","robots":{"index":"index","follow":"follow","max-snippet":"max-snippet:-1","max-image-preview":"max-image-preview:large","max-video-preview":"max-video-preview:-1"},"canonical":"https:\/\/vapemaison.com\/fr\/produit\/40k-puff-bang-king-tornado-40000-puffs-jetable-vape-pen\/","og_locale":"fr_FR","og_type":"article","og_title":"40K Puff Bang King Tornado | 40000 Puffs Disposable Vape","og_description":"Experience the 40k puff Bang King Tornado Disposable Vape with 12 premium flavors. Available in 2%, 3%, and 5% nicotine strengths.","og_url":"https:\/\/vapemaison.com\/fr\/produit\/40k-puff-bang-king-tornado-40000-puffs-jetable-vape-pen\/","og_site_name":"VapeMaison","article_modified_time":"2025-11-22T07:54:16+00:00","og_image":[{"width":654,"height":690,"url":"https:\/\/vapemaison.com\/wp-content\/uploads\/2025\/11\/vape-maison-bang-king-tornado-40000-puffs-blueberry-grape-654x690-1.webp","type":"image\/webp"}],"twitter_card":"summary_large_image","twitter_misc":{"Dur\u00e9e de lecture estim\u00e9e":"2 minutes"},"schema":{"@context":"https:\/\/schema.org","@graph":[{"@type":"WebPage","@id":"https:\/\/vapemaison.com\/product\/40k-puff-bang-king-tornado-40000-puffs-disposable-vape-pen\/","url":"https:\/\/vapemaison.com\/product\/40k-puff-bang-king-tornado-40000-puffs-disposable-vape-pen\/","name":"40K Puff Bang King Tornado | 40000 Puffs Vape jetable","isPartOf":{"@id":"https:\/\/vapemaison.com\/#website"},"primaryImageOfPage":{"@id":"https:\/\/vapemaison.com\/product\/40k-puff-bang-king-tornado-40000-puffs-disposable-vape-pen\/#primaryimage"},"image":{"@id":"https:\/\/vapemaison.com\/product\/40k-puff-bang-king-tornado-40000-puffs-disposable-vape-pen\/#primaryimage"},"thumbnailUrl":"https:\/\/vapemaison.com\/wp-content\/uploads\/2025\/11\/vape-maison-bang-king-tornado-40000-puffs-blueberry-grape-654x690-1.webp","datePublished":"2025-11-22T07:48:07+00:00","dateModified":"2025-11-22T07:54:16+00:00","description":"Faites l'exp\u00e9rience de la vape jetable Bang King Tornado \u00e0 40 bouff\u00e9es avec 12 ar\u00f4mes de premi\u00e8re qualit\u00e9. Disponible en 2%, 3% et 5%.","breadcrumb":{"@id":"https:\/\/vapemaison.com\/product\/40k-puff-bang-king-tornado-40000-puffs-disposable-vape-pen\/#breadcrumb"},"inLanguage":"fr-FR","potentialAction":[{"@type":"ReadAction","target":["https:\/\/vapemaison.com\/product\/40k-puff-bang-king-tornado-40000-puffs-disposable-vape-pen\/"]}]},{"@type":"ImageObject","inLanguage":"fr-FR","@id":"https:\/\/vapemaison.com\/product\/40k-puff-bang-king-tornado-40000-puffs-disposable-vape-pen\/#primaryimage","url":"https:\/\/vapemaison.com\/wp-content\/uploads\/2025\/11\/vape-maison-bang-king-tornado-40000-puffs-blueberry-grape-654x690-1.webp","contentUrl":"https:\/\/vapemaison.com\/wp-content\/uploads\/2025\/11\/vape-maison-bang-king-tornado-40000-puffs-blueberry-grape-654x690-1.webp","width":654,"height":690,"caption":"Vape Maison Bang King Tornado Puffs Blueberry Grape 654x690"},{"@type":"BreadcrumbList","@id":"https:\/\/vapemaison.com\/product\/40k-puff-bang-king-tornado-40000-puffs-disposable-vape-pen\/#breadcrumb","itemListElement":[{"@type":"ListItem","position":1,"name":"\u9996\u9875","item":"https:\/\/vapemaison.com\/"},{"@type":"ListItem","position":2,"name":"Shop","item":"https:\/\/vapemaison.com\/shop\/"},{"@type":"ListItem","position":3,"name":"Bang","item":"https:\/\/vapemaison.com\/brand\/bang\/"},{"@type":"ListItem","position":4,"name":"40k Puff Bang King Tornado | 40000 Puffs Disposable Vape Pen"}]},{"@type":"WebSite","@id":"https:\/\/vapemaison.com\/#website","url":"https:\/\/vapemaison.com\/","name":"VapeMaison","description":"Appareils et accessoires de vapotage haut de gamme","publisher":{"@id":"https:\/\/vapemaison.com\/#organization"},"potentialAction":[{"@type":"SearchAction","target":{"@type":"EntryPoint","urlTemplate":"https:\/\/vapemaison.com\/?s={search_term_string}"},"query-input":{"@type":"PropertyValueSpecification","valueRequired":true,"valueName":"search_term_string"}}],"inLanguage":"fr-FR"},{"@type":"Organization","@id":"https:\/\/vapemaison.com\/#organization","name":"VapeMaison","url":"https:\/\/vapemaison.com\/","logo":{"@type":"ImageObject","inLanguage":"fr-FR","@id":"https:\/\/vapemaison.com\/#\/schema\/logo\/image\/","url":"https:\/\/vapemaison.com\/wp-content\/uploads\/2026\/01\/cropped-vapemaison-logo-g-2026.webp","contentUrl":"https:\/\/vapemaison.com\/wp-content\/uploads\/2026\/01\/cropped-vapemaison-logo-g-2026.webp","width":350,"height":280,"caption":"VapeMaison"},"image":{"@id":"https:\/\/vapemaison.com\/#\/schema\/logo\/image\/"},"sameAs":["https:\/\/www.youtube.com\/@VapeMaison"]}]}},"tiered_pricing_type":"fixed","tiered_pricing_fixed_rules":{"30":"9.98","50":"8.88","100":"7.98","200":"6.99"},"tiered_pricing_product_settings":{"layout":"default","base_unit_name":{"singular":null,"plural":null},"default_variation":null},"tiered_pricing_minimum_quantity":10,"tiered_pricing_roles_data":[],"tiered_pricing_percentage_rules":[],"tiered_pricing_maximum_quantity":null,"tiered_pricing_quantity_step":"10","_links":{"self":[{"href":"https:\/\/vapemaison.com\/fr\/wp-json\/wp\/v2\/product\/14781","targetHints":{"allow":["GET"]}}],"collection":[{"href":"https:\/\/vapemaison.com\/fr\/wp-json\/wp\/v2\/product"}],"about":[{"href":"https:\/\/vapemaison.com\/fr\/wp-json\/wp\/v2\/types\/product"}],"replies":[{"embeddable":true,"href":"https:\/\/vapemaison.com\/fr\/wp-json\/wp\/v2\/comments?post=14781"}],"version-history":[{"count":0,"href":"https:\/\/vapemaison.com\/fr\/wp-json\/wp\/v2\/product\/14781\/revisions"}],"wp:featuredmedia":[{"embeddable":true,"href":"https:\/\/vapemaison.com\/fr\/wp-json\/wp\/v2\/media\/14782"}],"wp:attachment":[{"href":"https:\/\/vapemaison.com\/fr\/wp-json\/wp\/v2\/media?parent=14781"}],"wp:term":[{"taxonomy":"product_brand","embeddable":true,"href":"https:\/\/vapemaison.com\/fr\/wp-json\/wp\/v2\/product_brand?post=14781"},{"taxonomy":"product_cat","embeddable":true,"href":"https:\/\/vapemaison.com\/fr\/wp-json\/wp\/v2\/product_cat?post=14781"},{"taxonomy":"product_tag","embeddable":true,"href":"https:\/\/vapemaison.com\/fr\/wp-json\/wp\/v2\/product_tag?post=14781"}],"curies":[{"name":"wp","href":"https:\/\/api.w.org\/{rel}","templated":true}]}}