

{"id":14830,"date":"2025-11-22T08:28:41","date_gmt":"2025-11-22T08:28:41","guid":{"rendered":"https:\/\/vapemaison.com\/?post_type=product&#038;p=14830"},"modified":"2025-11-22T08:30:18","modified_gmt":"2025-11-22T08:30:18","slug":"bang-king-crystal-vape-30k","status":"publish","type":"product","link":"https:\/\/vapemaison.com\/fr\/product\/bang-king-crystal-vape-30k\/","title":{"rendered":"Bang King Crystal Vape 2% 3% 5% Nicotine Vape jetable 30k Puffs"},"content":{"rendered":"<p>D\u00e9couvrez une satisfaction durable avec le <strong>Bang King Crystal vape 30k Puffs<\/strong> . Offrant jusqu'\u00e0 30 000 bouff\u00e9es de vapeur douce et savoureuse, cet appareil est con\u00e7u pour \u00eatre appr\u00e9ci\u00e9 tout au long de la journ\u00e9e. Aliment\u00e9 par une batterie rechargeable de 650mAh et une charge rapide Type-C, vous b\u00e9n\u00e9ficierez de performances constantes avec un minimum de temps d'arr\u00eat.<\/p>\n\n\n\n<p>Profitez de nuages riches et d'ar\u00f4mes intenses gr\u00e2ce \u00e0 la technologie avanc\u00e9e du mesh coil, con\u00e7ue pour maximiser la production d'ar\u00f4mes. La g\u00e9n\u00e9reuse capacit\u00e9 de 28 ml d'e-liquide vous permet de tirer le meilleur parti de chaque bouff\u00e9e. Avec des taux de nicotine de 2%, 3% ou 5%, vous pouvez personnaliser votre exp\u00e9rience en fonction de vos pr\u00e9f\u00e9rences, de la douceur \u00e0 l'audace.<\/p>\n\n\n\n<p>Avec un choix de 12 ar\u00f4mes de qualit\u00e9 sup\u00e9rieure, le Bang King <strong>Crystal Vape<\/strong> est parfait pour les vapoteurs qui recherchent la vari\u00e9t\u00e9 et des performances puissantes dans un appareil \u00e9l\u00e9gant et jetable. Que vous soyez un nouveau vapoteur ou un professionnel chevronn\u00e9, cette vape offre une saveur fiable et satisfaisante \u00e0 chaque bouff\u00e9e.<\/p>\n\n\n\n<h2 class=\"wp-block-heading\"><strong>Pourquoi choisir le Bang King Crystal Vape ?<\/strong><\/h2>\n\n\n\n<ol class=\"wp-block-list\">\n<li><strong>Utilisation durable<\/strong> - Appr\u00e9ciez jusqu'\u00e0 30 000 bouff\u00e9es de vapeur douce et savoureuse, pour une satisfaction permanente \u00e0 chaque bouff\u00e9e.<\/li>\n\n\n\n<li><strong>Batterie puissante et chargement rapide<\/strong> - \u00c9quip\u00e9 d'une batterie rechargeable de 650mAh et d'une charge rapide Type-C, minimisant les temps d'arr\u00eat pour une exp\u00e9rience de vapotage constante.<\/li>\n\n\n\n<li><strong>Technologie avanc\u00e9e d'enroulement en maille<\/strong> - La bobine en maille produit des nuages riches et des saveurs intenses, maximisant chaque tirage pour une exp\u00e9rience de vapotage de premi\u00e8re qualit\u00e9.<\/li>\n\n\n\n<li><strong>Grande capacit\u00e9 d'e-liquide<\/strong> - Avec une capacit\u00e9 g\u00e9n\u00e9reuse de 28mL d'e-liquide, le Bang King Crystal 30K r\u00e9duit le besoin de recharges fr\u00e9quentes, vous permettant de vaper plus longtemps sans interruption.<\/li>\n\n\n\n<li><strong>Large gamme d'ar\u00f4mes<\/strong> - Choisissez parmi 12 saveurs de premi\u00e8re qualit\u00e9, offrant une vari\u00e9t\u00e9 de profils pour r\u00e9pondre \u00e0 toutes les pr\u00e9f\u00e9rences, du rafra\u00eechissant \u00e0 l'audacieux.<\/li>\n\n\n\n<li><strong>Plusieurs concentrations de nicotine<\/strong> - Disponible en 2%, 3%, et 5% options de nicotine, permettant des hits l\u00e9gers, moyens ou intenses pour tout style de vapotage.<\/li>\n<\/ol>\n\n\n\n<p>Le Bang King Crystal 30K Disposable Vape est le choix parfait pour les vapoteurs qui veulent des performances durables, des saveurs vari\u00e9es et une puissance fiable, le tout dans un appareil \u00e9l\u00e9gant et jetable.<\/p>\n\n\n\n<h2 class=\"wp-block-heading\">Bang King <strong>Crystal Vape<\/strong> <strong>Caract\u00e9ristiques<\/strong>:<\/h2>\n\n\n\n<ul class=\"wp-block-list\">\n<li>Bouff\u00e9es : Jusqu'\u00e0 30000 bouff\u00e9es<\/li>\n\n\n\n<li>Bobine de maille<\/li>\n\n\n\n<li>E-liquide:28ml<\/li>\n\n\n\n<li>Nicotine:2%\/3%\/5%<\/li>\n\n\n\n<li>Batterie : 650mAh<\/li>\n\n\n\n<li>Rechargeable:Type-C<\/li>\n\n\n\n<li>12 saveurs disponibles<\/li>\n<\/ul>\n\n\n\n<h2 class=\"wp-block-heading\"><strong>Saveur<\/strong><\/h2>\n\n\n\n<p>1. melon d'eau \u00e0 la fraise<\/p>\n\n\n\n<p>2.Blue Razz Ice<\/p>\n\n\n\n<p>3.Triple glace aux baies<\/p>\n\n\n\n<p>4. glace \u00e0 la p\u00eache<\/p>\n\n\n\n<p>5. p\u00eache mangue<\/p>\n\n\n\n<p>6.Double Pomme<\/p>\n\n\n\n<p>7. fraise kiwi<\/p>\n\n\n\n<p>8. alo\u00e8s raisin<\/p>\n\n\n\n<p>9. fruits tropicaux<\/p>\n\n\n\n<p>10. banane fraise<\/p>\n\n\n\n<p>11.Kiwi Fruit de la passion Goyave<\/p>\n\n\n\n<p>12. dragon noir de glace<\/p>\n\n\n\n<p><\/p>","protected":false},"excerpt":{"rendered":"<p>Discover lasting satisfaction with the Bang King Crystal vape 30k Puffs . Offering up to 30,000 puffs of smooth, flavorful vapor, this device is built for all-day enjoyment. Powered by a 650mAh rechargeable battery and fast Type-C charging, you\u2019ll experience consistent performance with minimal downtime. Enjoy rich clouds and intense flavor with the advanced mesh [&hellip;]<\/p>\n","protected":false},"featured_media":14831,"comment_status":"open","ping_status":"closed","template":"","meta":[],"product_brand":[57],"product_cat":[134],"product_tag":[],"class_list":{"0":"post-14830","1":"product","2":"type-product","3":"status-publish","4":"has-post-thumbnail","6":"product_brand-bang","7":"product_cat-30k-puffs","9":"first","10":"instock","11":"sale","12":"shipping-taxable","13":"purchasable","14":"product-type-variable"},"yoast_head":"<!-- This site is optimized with the Yoast SEO plugin v27.4 - https:\/\/yoast.com\/product\/yoast-seo-wordpress\/ -->\n<title>Bang King Crystal Vape \u2013 30k Puffs, Mesh Coil &amp; 12 Flavors<\/title>\n<meta name=\"description\" content=\"Enjoy up to 30000 puffs with the Bang King Crystal Vape. Perfect for vapers who want lasting satisfaction and reliable performance.\" \/>\n<meta name=\"robots\" content=\"index, follow, max-snippet:-1, max-image-preview:large, max-video-preview:-1\" \/>\n<link rel=\"canonical\" href=\"https:\/\/vapemaison.com\/fr\/produit\/bang-king-crystal-vape-30k\/\" \/>\n<meta property=\"og:locale\" content=\"fr_FR\" \/>\n<meta property=\"og:type\" content=\"article\" \/>\n<meta property=\"og:title\" content=\"Bang King Crystal Vape \u2013 30k Puffs, Mesh Coil &amp; 12 Flavors\" \/>\n<meta property=\"og:description\" content=\"Enjoy up to 30000 puffs with the Bang King Crystal Vape. Perfect for vapers who want lasting satisfaction and reliable performance.\" \/>\n<meta property=\"og:url\" content=\"https:\/\/vapemaison.com\/fr\/produit\/bang-king-crystal-vape-30k\/\" \/>\n<meta property=\"og:site_name\" content=\"VapeMaison\" \/>\n<meta property=\"article:modified_time\" content=\"2025-11-22T08:30:18+00:00\" \/>\n<meta property=\"og:image\" content=\"https:\/\/vapemaison.com\/wp-content\/uploads\/2025\/11\/bang-king-crystal-30000-puffs.jpg\" \/>\n\t<meta property=\"og:image:width\" content=\"510\" \/>\n\t<meta property=\"og:image:height\" content=\"510\" \/>\n\t<meta property=\"og:image:type\" content=\"image\/jpeg\" \/>\n<meta name=\"twitter:card\" content=\"summary_large_image\" \/>\n<meta name=\"twitter:label1\" content=\"Dur\u00e9e de lecture estim\u00e9e\" \/>\n\t<meta name=\"twitter:data1\" content=\"2 minutes\" \/>\n<!-- \/ Yoast SEO plugin. -->","yoast_head_json":{"title":"Bang King Crystal Vape - 30k Puffs, Mesh Coil &amp; 12 Flavors","description":"Appr\u00e9ciez jusqu'\u00e0 30000 bouff\u00e9es avec le Bang King Crystal Vape. Parfait pour les vapoteurs qui veulent une satisfaction durable et des performances fiables.","robots":{"index":"index","follow":"follow","max-snippet":"max-snippet:-1","max-image-preview":"max-image-preview:large","max-video-preview":"max-video-preview:-1"},"canonical":"https:\/\/vapemaison.com\/fr\/produit\/bang-king-crystal-vape-30k\/","og_locale":"fr_FR","og_type":"article","og_title":"Bang King Crystal Vape \u2013 30k Puffs, Mesh Coil & 12 Flavors","og_description":"Enjoy up to 30000 puffs with the Bang King Crystal Vape. Perfect for vapers who want lasting satisfaction and reliable performance.","og_url":"https:\/\/vapemaison.com\/fr\/produit\/bang-king-crystal-vape-30k\/","og_site_name":"VapeMaison","article_modified_time":"2025-11-22T08:30:18+00:00","og_image":[{"width":510,"height":510,"url":"https:\/\/vapemaison.com\/wp-content\/uploads\/2025\/11\/bang-king-crystal-30000-puffs.jpg","type":"image\/jpeg"}],"twitter_card":"summary_large_image","twitter_misc":{"Dur\u00e9e de lecture estim\u00e9e":"2 minutes"},"schema":{"@context":"https:\/\/schema.org","@graph":[{"@type":"WebPage","@id":"https:\/\/vapemaison.com\/product\/bang-king-crystal-vape-30k\/","url":"https:\/\/vapemaison.com\/product\/bang-king-crystal-vape-30k\/","name":"Bang King Crystal Vape - 30k Puffs, Mesh Coil &amp; 12 Flavors","isPartOf":{"@id":"https:\/\/vapemaison.com\/#website"},"primaryImageOfPage":{"@id":"https:\/\/vapemaison.com\/product\/bang-king-crystal-vape-30k\/#primaryimage"},"image":{"@id":"https:\/\/vapemaison.com\/product\/bang-king-crystal-vape-30k\/#primaryimage"},"thumbnailUrl":"https:\/\/vapemaison.com\/wp-content\/uploads\/2025\/11\/bang-king-crystal-30000-puffs.jpg","datePublished":"2025-11-22T08:28:41+00:00","dateModified":"2025-11-22T08:30:18+00:00","description":"Appr\u00e9ciez jusqu'\u00e0 30000 bouff\u00e9es avec le Bang King Crystal Vape. Parfait pour les vapoteurs qui veulent une satisfaction durable et des performances fiables.","breadcrumb":{"@id":"https:\/\/vapemaison.com\/product\/bang-king-crystal-vape-30k\/#breadcrumb"},"inLanguage":"fr-FR","potentialAction":[{"@type":"ReadAction","target":["https:\/\/vapemaison.com\/product\/bang-king-crystal-vape-30k\/"]}]},{"@type":"ImageObject","inLanguage":"fr-FR","@id":"https:\/\/vapemaison.com\/product\/bang-king-crystal-vape-30k\/#primaryimage","url":"https:\/\/vapemaison.com\/wp-content\/uploads\/2025\/11\/bang-king-crystal-30000-puffs.jpg","contentUrl":"https:\/\/vapemaison.com\/wp-content\/uploads\/2025\/11\/bang-king-crystal-30000-puffs.jpg","width":510,"height":510,"caption":"Bang King Crystal Puffs Disposable Vape Device"},{"@type":"BreadcrumbList","@id":"https:\/\/vapemaison.com\/product\/bang-king-crystal-vape-30k\/#breadcrumb","itemListElement":[{"@type":"ListItem","position":1,"name":"\u9996\u9875","item":"https:\/\/vapemaison.com\/"},{"@type":"ListItem","position":2,"name":"Shop","item":"https:\/\/vapemaison.com\/shop\/"},{"@type":"ListItem","position":3,"name":"Bang","item":"https:\/\/vapemaison.com\/brand\/bang\/"},{"@type":"ListItem","position":4,"name":"Bang King Crystal Vape 2% 3% 5% Nicotine Disposable Vape 30k Puffs"}]},{"@type":"WebSite","@id":"https:\/\/vapemaison.com\/#website","url":"https:\/\/vapemaison.com\/","name":"VapeMaison","description":"Appareils et accessoires de vapotage haut de gamme","publisher":{"@id":"https:\/\/vapemaison.com\/#organization"},"potentialAction":[{"@type":"SearchAction","target":{"@type":"EntryPoint","urlTemplate":"https:\/\/vapemaison.com\/?s={search_term_string}"},"query-input":{"@type":"PropertyValueSpecification","valueRequired":true,"valueName":"search_term_string"}}],"inLanguage":"fr-FR"},{"@type":"Organization","@id":"https:\/\/vapemaison.com\/#organization","name":"VapeMaison","url":"https:\/\/vapemaison.com\/","logo":{"@type":"ImageObject","inLanguage":"fr-FR","@id":"https:\/\/vapemaison.com\/#\/schema\/logo\/image\/","url":"https:\/\/vapemaison.com\/wp-content\/uploads\/2026\/01\/cropped-vapemaison-logo-g-2026.webp","contentUrl":"https:\/\/vapemaison.com\/wp-content\/uploads\/2026\/01\/cropped-vapemaison-logo-g-2026.webp","width":350,"height":280,"caption":"VapeMaison"},"image":{"@id":"https:\/\/vapemaison.com\/#\/schema\/logo\/image\/"},"sameAs":["https:\/\/www.youtube.com\/@VapeMaison"]}]}},"tiered_pricing_type":"fixed","tiered_pricing_fixed_rules":{"30":"9.98","50":"9.56","100":"8.45","200":"7.98"},"tiered_pricing_product_settings":{"layout":"default","base_unit_name":{"singular":null,"plural":null},"default_variation":null},"tiered_pricing_minimum_quantity":10,"tiered_pricing_roles_data":[],"tiered_pricing_percentage_rules":[],"tiered_pricing_maximum_quantity":null,"tiered_pricing_quantity_step":"10","_links":{"self":[{"href":"https:\/\/vapemaison.com\/fr\/wp-json\/wp\/v2\/product\/14830","targetHints":{"allow":["GET"]}}],"collection":[{"href":"https:\/\/vapemaison.com\/fr\/wp-json\/wp\/v2\/product"}],"about":[{"href":"https:\/\/vapemaison.com\/fr\/wp-json\/wp\/v2\/types\/product"}],"replies":[{"embeddable":true,"href":"https:\/\/vapemaison.com\/fr\/wp-json\/wp\/v2\/comments?post=14830"}],"version-history":[{"count":0,"href":"https:\/\/vapemaison.com\/fr\/wp-json\/wp\/v2\/product\/14830\/revisions"}],"wp:featuredmedia":[{"embeddable":true,"href":"https:\/\/vapemaison.com\/fr\/wp-json\/wp\/v2\/media\/14831"}],"wp:attachment":[{"href":"https:\/\/vapemaison.com\/fr\/wp-json\/wp\/v2\/media?parent=14830"}],"wp:term":[{"taxonomy":"product_brand","embeddable":true,"href":"https:\/\/vapemaison.com\/fr\/wp-json\/wp\/v2\/product_brand?post=14830"},{"taxonomy":"product_cat","embeddable":true,"href":"https:\/\/vapemaison.com\/fr\/wp-json\/wp\/v2\/product_cat?post=14830"},{"taxonomy":"product_tag","embeddable":true,"href":"https:\/\/vapemaison.com\/fr\/wp-json\/wp\/v2\/product_tag?post=14830"}],"curies":[{"name":"wp","href":"https:\/\/api.w.org\/{rel}","templated":true}]}}