

{"id":14990,"date":"2025-11-26T06:20:26","date_gmt":"2025-11-26T06:20:26","guid":{"rendered":"https:\/\/vapemaison.com\/?post_type=product&#038;p=14990"},"modified":"2026-01-22T03:51:23","modified_gmt":"2026-01-22T03:51:23","slug":"zooy-zero-45k-puff","status":"publish","type":"product","link":"https:\/\/vapemaison.com\/fr\/product\/zooy-zero-45k-puff\/","title":{"rendered":"ZOOY ZERO 45k Puff - Vaping intelligent et ajustable pour le futur"},"content":{"rendered":"<p>Faites l'exp\u00e9rience d'une personnalisation de haut niveau avec le <strong>ZOOY ZERO 45000 bouff\u00e9es<\/strong>, La vape \u00e0 usage unique est con\u00e7ue pour offrir un contr\u00f4le total, une saveur riche et des performances durables. Avec jusqu'\u00e0 <strong>45 000 bouff\u00e9es<\/strong>, Avec ses coils \u00e0 double mesh, sa nicotine r\u00e9glable et son \u00e9cran LED intelligent, chaque d\u00e9tail est con\u00e7u en fonction de votre style de vapotage parfait.<\/p>\n\n\n\n<h2 class=\"wp-block-heading\"><strong>Pourquoi vous aimerez le ZOOY ZERO 45000<\/strong><\/h2>\n\n\n\n<p><strong>R\u00e9glage de la nicotine et du refroidissement (NIC&amp;ICE Control)<\/strong><\/p>\n\n\n\n<p>R\u00e9glez avec pr\u00e9cision la force de la nicotine et l'intensit\u00e9 du refroidissement. Profitez d'un effet plus doux et plus personnalis\u00e9, que vous pr\u00e9f\u00e9riez un tirage l\u00e9ger ou une sensation de gorge plus forte.<\/p>\n\n\n\n<p><strong>Parfait pour le vapotage MTL et DTL<\/strong><\/p>\n\n\n\n<p>Passez sans effort du mode bouche \u00e0 poumon au mode direct \u00e0 poumon.<br>Le <strong>syst\u00e8me de d\u00e9bit d'air r\u00e9glable<\/strong> vous permet de contr\u00f4ler la r\u00e9sistance au tirage pour obtenir l'exp\u00e9rience exacte que vous souhaitez.<\/p>\n\n\n\n<p><strong>Bobine \u00e0 double maille pour une saveur sup\u00e9rieure<\/strong><\/p>\n\n\n\n<p>\u00c9quip\u00e9 de <strong>Bobines \u00e0 double maille 0,6\u03a9 + 1,5\u03a9<\/strong>, en livrant :<\/p>\n\n\n\n<ul class=\"wp-block-list\">\n<li>Un chauffage plus rapide<\/li>\n\n\n\n<li>Saveur plus riche<\/li>\n\n\n\n<li>Des nuages plus gros et plus doux<\/li>\n<\/ul>\n\n\n\n<p><strong>\u00c9cran LED intelligent<\/strong><\/p>\n\n\n\n<p>Rester pleinement inform\u00e9 gr\u00e2ce \u00e0 des donn\u00e9es en temps r\u00e9el :<\/p>\n\n\n\n<ul class=\"wp-block-list\">\n<li>Nombre de bouff\u00e9es<\/li>\n\n\n\n<li>Niveau de la batterie<\/li>\n\n\n\n<li>Statut des e-liquides<\/li>\n<\/ul>\n\n\n\n<p>Ne devinez plus jamais la quantit\u00e9 restante.<\/p>\n\n\n\n<p><strong>Une puissance qui dure plus longtemps<\/strong><\/p>\n\n\n\n<p>A <strong>Batterie rechargeable de 1000mAh<\/strong> jumel\u00e9 avec <strong>Chargement rapide de type C<\/strong> vous permet de vaper plus longtemps et de vous recharger plus rapidement.<\/p>\n\n\n\n<h2 class=\"wp-block-heading\"><strong>Caract\u00e9ristiques principales<\/strong><\/h2>\n\n\n\n<ul class=\"wp-block-list\">\n<li><strong>Jusqu'\u00e0 45 000 bouff\u00e9es<\/strong> - Dur\u00e9e de vie ultra-longue<\/li>\n\n\n\n<li><strong>Niveaux de nicotine r\u00e9glables<\/strong> - Contr\u00f4lez votre force<\/li>\n\n\n\n<li><strong>Contr\u00f4le NIC&amp;ICE<\/strong> - Personnaliser le refroidissement + la nicotine<\/li>\n\n\n\n<li><strong>Flux d'air r\u00e9glable<\/strong> - MTL ou DTL, au choix<\/li>\n\n\n\n<li><strong>0.6\u03a9 + 1.5\u03a9 Dual Mesh Coil<\/strong> - Saveur + vapeur optimis\u00e9es<\/li>\n\n\n\n<li><strong>\u00c9cran LED intelligent<\/strong> - Indicateurs de batterie, de bouff\u00e9e et de jus<\/li>\n\n\n\n<li><strong>Batterie rechargeable de 1000mAh<\/strong><\/li>\n\n\n\n<li><strong>Chargement rapide de type C<\/strong><\/li>\n\n\n\n<li><strong>10 options d'ar\u00f4mes de premi\u00e8re qualit\u00e9<\/strong><\/li>\n<\/ul>\n\n\n\n<h2 class=\"wp-block-heading\"><strong>Saveurs disponibles<\/strong><\/h2>\n\n\n\n<ul class=\"wp-block-list\">\n<li>Glace \u00e0 la past\u00e8que<\/li>\n\n\n\n<li>Glace aux myrtilles<\/li>\n\n\n\n<li>Past\u00e8que \u00e0 la fraise<\/li>\n\n\n\n<li>Cola au citron<\/li>\n\n\n\n<li>Fraise Kiwi<\/li>\n\n\n\n<li>Raisin Pomme<\/li>\n\n\n\n<li>Su\u00e7on \u00e0 la fraise et \u00e0 l'orange<\/li>\n\n\n\n<li>Glace Blue Razz<\/li>\n\n\n\n<li>Past\u00e8que \u00e0 la myrtille<\/li>\n\n\n\n<li>Mangue Passion Goyave<\/li>\n<\/ul>\n\n\n\n<h2 class=\"wp-block-heading\"><strong>ZOOY ZERO 45000 - Con\u00e7u pour les fumeurs qui veulent avoir le contr\u00f4le<\/strong><\/h2>\n\n\n\n<p>Que vous recherchiez des effets plus puissants, une saveur plus douce ou une personnalisation compl\u00e8te, le ZOOY ZERO 45000 vous donne les outils n\u00e9cessaires pour cr\u00e9er votre session parfaite. Con\u00e7u pour \u00eatre performant, pratique et dot\u00e9 de fonctions intelligentes, cet appareil repr\u00e9sente l'avenir des vapes jetables haut de gamme.<\/p>\n\n\n\n<p>Si vous souhaitez en savoir plus sur <strong>Zooy<\/strong>, Consultez l'int\u00e9gralit\u00e9 de notre <strong><a href=\"https:\/\/vapemaison.com\/shop\/\">Collection de vaporisateurs jetables Zooy<\/a><\/strong> pour d\u00e9couvrir d'autres mod\u00e8les avec diff\u00e9rents nombres de bouff\u00e9es et diff\u00e9rents ar\u00f4mes. Pour des options similaires, le <strong><a href=\"https:\/\/vapemaison.com\/product\/zooy-trlple-70000-70k-puffs\/\">ZOOY SHISHA 25K<\/a><\/strong> et <strong><a href=\"https:\/\/vapemaison.com\/product\/puff-zooy-flyer-35000-disposable-vape-wholesale\/\"><strong><a href=\"https:\/\/vapemaison.com\/wp-admin\/post.php?post=25580&amp;action=edit\">Flyer Puff Zooy 35k<\/a><\/strong><\/a><\/strong> sont des alternatives populaires avec une autonomie de batterie \u00e9tendue et des choix de saveurs vari\u00e9s. Vous pouvez \u00e9galement consulter notre <strong><a href=\"https:\/\/vapemaison.com\/\">dispositifs de vaporisation jetables<\/a><\/strong> pour comparer d'autres marques et trouver celle qui correspond le mieux \u00e0 vos besoins.<\/p>\n\n\n\n<p><\/p>","protected":false},"excerpt":{"rendered":"<p>Experience next-level personalization with the ZOOY ZERO 45000 Puffs, a breakthrough disposable vape engineered for full control, rich flavor, and long-lasting performance. With up to 45,000 puffs, dual mesh coils, adjustable nicotine, and a smart LED screen, every detail is designed around your perfect vaping style. Why You\u2019ll Love the ZOOY ZERO 45000 Adjustable Nicotine [&hellip;]<\/p>\n","protected":false},"featured_media":15057,"comment_status":"open","ping_status":"closed","template":"","meta":[],"product_brand":[170],"product_cat":[156],"product_tag":[],"class_list":{"0":"post-14990","1":"product","2":"type-product","3":"status-publish","4":"has-post-thumbnail","6":"product_brand-zooy","7":"product_cat-45k-puffs","9":"first","10":"instock","11":"sale","12":"shipping-taxable","13":"purchasable","14":"product-type-variable"},"yoast_head":"<!-- This site is optimized with the Yoast SEO plugin v27.4 - https:\/\/yoast.com\/product\/yoast-seo-wordpress\/ -->\n<title>ZOOY ZERO 45k Puff \u2013 Smart Adjustable Vaping for the Future - VapeMaison<\/title>\n<meta name=\"robots\" content=\"index, follow, max-snippet:-1, max-image-preview:large, max-video-preview:-1\" \/>\n<link rel=\"canonical\" href=\"https:\/\/vapemaison.com\/fr\/produit\/zooy-zero-45k-puff\/\" \/>\n<meta property=\"og:locale\" content=\"fr_FR\" \/>\n<meta property=\"og:type\" content=\"article\" \/>\n<meta property=\"og:title\" content=\"ZOOY ZERO 45k Puff \u2013 Smart Adjustable Vaping for the Future - VapeMaison\" \/>\n<meta property=\"og:description\" content=\"Experience next-level personalization with the ZOOY ZERO 45000 Puffs, a breakthrough disposable vape engineered for full control, rich flavor, and long-lasting performance. With up to 45,000 puffs, dual mesh coils, adjustable nicotine, and a smart LED screen, every detail is designed around your perfect vaping style. Why You\u2019ll Love the ZOOY ZERO 45000 Adjustable Nicotine [&hellip;]\" \/>\n<meta property=\"og:url\" content=\"https:\/\/vapemaison.com\/fr\/produit\/zooy-zero-45k-puff\/\" \/>\n<meta property=\"og:site_name\" content=\"VapeMaison\" \/>\n<meta property=\"article:modified_time\" content=\"2026-01-22T03:51:23+00:00\" \/>\n<meta property=\"og:image\" content=\"https:\/\/vapemaison.com\/wp-content\/uploads\/2025\/11\/vapemaison-zooy-zero-45000-45k-puffs-main-picture.webp\" \/>\n\t<meta property=\"og:image:width\" content=\"800\" \/>\n\t<meta property=\"og:image:height\" content=\"800\" \/>\n\t<meta property=\"og:image:type\" content=\"image\/webp\" \/>\n<meta name=\"twitter:card\" content=\"summary_large_image\" \/>\n<meta name=\"twitter:label1\" content=\"Dur\u00e9e de lecture estim\u00e9e\" \/>\n\t<meta name=\"twitter:data1\" content=\"2 minutes\" \/>\n<!-- \/ Yoast SEO plugin. -->","yoast_head_json":{"title":"ZOOY ZERO 45k Puff - Vaping intelligent et r\u00e9glable pour le futur - VapeMaison","robots":{"index":"index","follow":"follow","max-snippet":"max-snippet:-1","max-image-preview":"max-image-preview:large","max-video-preview":"max-video-preview:-1"},"canonical":"https:\/\/vapemaison.com\/fr\/produit\/zooy-zero-45k-puff\/","og_locale":"fr_FR","og_type":"article","og_title":"ZOOY ZERO 45k Puff \u2013 Smart Adjustable Vaping for the Future - VapeMaison","og_description":"Experience next-level personalization with the ZOOY ZERO 45000 Puffs, a breakthrough disposable vape engineered for full control, rich flavor, and long-lasting performance. With up to 45,000 puffs, dual mesh coils, adjustable nicotine, and a smart LED screen, every detail is designed around your perfect vaping style. Why You\u2019ll Love the ZOOY ZERO 45000 Adjustable Nicotine [&hellip;]","og_url":"https:\/\/vapemaison.com\/fr\/produit\/zooy-zero-45k-puff\/","og_site_name":"VapeMaison","article_modified_time":"2026-01-22T03:51:23+00:00","og_image":[{"width":800,"height":800,"url":"https:\/\/vapemaison.com\/wp-content\/uploads\/2025\/11\/vapemaison-zooy-zero-45000-45k-puffs-main-picture.webp","type":"image\/webp"}],"twitter_card":"summary_large_image","twitter_misc":{"Dur\u00e9e de lecture estim\u00e9e":"2 minutes"},"schema":{"@context":"https:\/\/schema.org","@graph":[{"@type":"WebPage","@id":"https:\/\/vapemaison.com\/product\/zooy-zero-45k-puff\/","url":"https:\/\/vapemaison.com\/product\/zooy-zero-45k-puff\/","name":"ZOOY ZERO 45k Puff - Vaping intelligent et r\u00e9glable pour le futur - VapeMaison","isPartOf":{"@id":"https:\/\/vapemaison.com\/#website"},"primaryImageOfPage":{"@id":"https:\/\/vapemaison.com\/product\/zooy-zero-45k-puff\/#primaryimage"},"image":{"@id":"https:\/\/vapemaison.com\/product\/zooy-zero-45k-puff\/#primaryimage"},"thumbnailUrl":"https:\/\/vapemaison.com\/wp-content\/uploads\/2025\/11\/vapemaison-zooy-zero-45000-45k-puffs-main-picture.webp","datePublished":"2025-11-26T06:20:26+00:00","dateModified":"2026-01-22T03:51:23+00:00","breadcrumb":{"@id":"https:\/\/vapemaison.com\/product\/zooy-zero-45k-puff\/#breadcrumb"},"inLanguage":"fr-FR","potentialAction":[{"@type":"ReadAction","target":["https:\/\/vapemaison.com\/product\/zooy-zero-45k-puff\/"]}]},{"@type":"ImageObject","inLanguage":"fr-FR","@id":"https:\/\/vapemaison.com\/product\/zooy-zero-45k-puff\/#primaryimage","url":"https:\/\/vapemaison.com\/wp-content\/uploads\/2025\/11\/vapemaison-zooy-zero-45000-45k-puffs-main-picture.webp","contentUrl":"https:\/\/vapemaison.com\/wp-content\/uploads\/2025\/11\/vapemaison-zooy-zero-45000-45k-puffs-main-picture.webp","width":800,"height":800,"caption":"Vapemaison Zooy Zero 45k Puffs Main Picture"},{"@type":"BreadcrumbList","@id":"https:\/\/vapemaison.com\/product\/zooy-zero-45k-puff\/#breadcrumb","itemListElement":[{"@type":"ListItem","position":1,"name":"\u9996\u9875","item":"https:\/\/vapemaison.com\/"},{"@type":"ListItem","position":2,"name":"Shop","item":"https:\/\/vapemaison.com\/shop\/"},{"@type":"ListItem","position":3,"name":"Zooy","item":"https:\/\/vapemaison.com\/brand\/zooy\/"},{"@type":"ListItem","position":4,"name":"ZOOY ZERO 45k Puff \u2013 Smart Adjustable Vaping for the Future"}]},{"@type":"WebSite","@id":"https:\/\/vapemaison.com\/#website","url":"https:\/\/vapemaison.com\/","name":"VapeMaison","description":"Appareils et accessoires de vapotage haut de gamme","publisher":{"@id":"https:\/\/vapemaison.com\/#organization"},"potentialAction":[{"@type":"SearchAction","target":{"@type":"EntryPoint","urlTemplate":"https:\/\/vapemaison.com\/?s={search_term_string}"},"query-input":{"@type":"PropertyValueSpecification","valueRequired":true,"valueName":"search_term_string"}}],"inLanguage":"fr-FR"},{"@type":"Organization","@id":"https:\/\/vapemaison.com\/#organization","name":"VapeMaison","url":"https:\/\/vapemaison.com\/","logo":{"@type":"ImageObject","inLanguage":"fr-FR","@id":"https:\/\/vapemaison.com\/#\/schema\/logo\/image\/","url":"https:\/\/vapemaison.com\/wp-content\/uploads\/2026\/01\/cropped-vapemaison-logo-g-2026.webp","contentUrl":"https:\/\/vapemaison.com\/wp-content\/uploads\/2026\/01\/cropped-vapemaison-logo-g-2026.webp","width":350,"height":280,"caption":"VapeMaison"},"image":{"@id":"https:\/\/vapemaison.com\/#\/schema\/logo\/image\/"},"sameAs":["https:\/\/www.youtube.com\/@VapeMaison"]}]}},"tiered_pricing_type":"fixed","tiered_pricing_fixed_rules":{"30":"10.99","50":"9.98","100":"8.88","200":"7.98"},"tiered_pricing_product_settings":{"layout":"default","base_unit_name":{"singular":null,"plural":null},"default_variation":null},"tiered_pricing_minimum_quantity":10,"tiered_pricing_roles_data":[],"tiered_pricing_percentage_rules":[],"tiered_pricing_maximum_quantity":null,"tiered_pricing_quantity_step":"10","_links":{"self":[{"href":"https:\/\/vapemaison.com\/fr\/wp-json\/wp\/v2\/product\/14990","targetHints":{"allow":["GET"]}}],"collection":[{"href":"https:\/\/vapemaison.com\/fr\/wp-json\/wp\/v2\/product"}],"about":[{"href":"https:\/\/vapemaison.com\/fr\/wp-json\/wp\/v2\/types\/product"}],"replies":[{"embeddable":true,"href":"https:\/\/vapemaison.com\/fr\/wp-json\/wp\/v2\/comments?post=14990"}],"version-history":[{"count":2,"href":"https:\/\/vapemaison.com\/fr\/wp-json\/wp\/v2\/product\/14990\/revisions"}],"predecessor-version":[{"id":26171,"href":"https:\/\/vapemaison.com\/fr\/wp-json\/wp\/v2\/product\/14990\/revisions\/26171"}],"wp:featuredmedia":[{"embeddable":true,"href":"https:\/\/vapemaison.com\/fr\/wp-json\/wp\/v2\/media\/15057"}],"wp:attachment":[{"href":"https:\/\/vapemaison.com\/fr\/wp-json\/wp\/v2\/media?parent=14990"}],"wp:term":[{"taxonomy":"product_brand","embeddable":true,"href":"https:\/\/vapemaison.com\/fr\/wp-json\/wp\/v2\/product_brand?post=14990"},{"taxonomy":"product_cat","embeddable":true,"href":"https:\/\/vapemaison.com\/fr\/wp-json\/wp\/v2\/product_cat?post=14990"},{"taxonomy":"product_tag","embeddable":true,"href":"https:\/\/vapemaison.com\/fr\/wp-json\/wp\/v2\/product_tag?post=14990"}],"curies":[{"name":"wp","href":"https:\/\/api.w.org\/{rel}","templated":true}]}}