

{"id":15227,"date":"2025-11-27T07:15:09","date_gmt":"2025-11-27T07:15:09","guid":{"rendered":"https:\/\/vapemaison.com\/?post_type=product&#038;p=15227"},"modified":"2026-05-14T03:28:32","modified_gmt":"2026-05-14T03:28:32","slug":"humo-case-triple-berry-phone-case-disposable-vape","status":"publish","type":"product","link":"https:\/\/vapemaison.com\/fr\/product\/humo-case-triple-berry-phone-case-disposable-vape\/","title":{"rendered":"Humo Case Vape - Vape jetable pour \u00e9tui de t\u00e9l\u00e9phone"},"content":{"rendered":"<p>Humo Case Triple Berry Plus qu'un simple appareil, il s'agit d'une innovation. <strong>un v\u00e9ritable \u00e9tui de t\u00e9l\u00e9phone qui sert aussi de vaporisateur rechargeable<\/strong>.Emportez-le partout, profitez de votre vape \u00e0 tout moment et gardez les mains libres sans encombrement suppl\u00e9mentaire.<\/p>\n\n\n\n<h3 class=\"wp-block-heading\"><strong>Saveur rafra\u00eechissante, sensation inoubliable<\/strong><\/h3>\n\n\n\n<p>Humo Case Vape Triple Berry r\u00e9unit le trio parfait de fraises, de myrtilles et de framboises. Chaque bouff\u00e9e d\u00e9borde d'une douceur juteuse, suivie d'une finale douce et l\u00e9g\u00e8rement acidul\u00e9e qui vous fait revenir pour en avoir plus. C'est une symphonie de saveurs con\u00e7ue pour les amateurs de baies.<\/p>\n\n\n\n<h3 class=\"wp-block-heading\"><strong>Pourquoi choisir Humo Case Vape Triple Berry ?<\/strong><\/h3>\n\n\n\n<p>Un v\u00e9ritable \u00e9tui de t\u00e9l\u00e9phone + int\u00e9gration de la vape - le premier du genre<br>Une saveur sans faille gr\u00e2ce \u00e0 une technologie de bobine de pointe<br>Conception \u00e9l\u00e9gante et facile \u00e0 transporter<br>\u00c9tanche et rechargeable par USB-C<br>Parfait pour les utilisateurs soucieux de leur style et qui aiment se d\u00e9marquer<\/p>\n\n\n\n<h3 class=\"wp-block-heading\"><strong>Exp\u00e9rience gustative<\/strong><\/h3>\n\n\n\n<p>L'inhalation commence par la douceur de la fraise m\u00fbre, suivie de la profondeur audacieuse de la myrtille et d'une touche acidul\u00e9e de framboise \u00e0 l'expiration. \u00c9quilibr\u00e9, fruit\u00e9 et doux - Triple Berry est votre vape de tous les jours avec juste la bonne touche de fra\u00eecheur.<\/p>\n\n\n\n<h3 class=\"wp-block-heading\"><strong>Conception et innovation<\/strong><\/h3>\n\n\n\n<p>\u00c9tui unique pour t\u00e9l\u00e9phone portable - discret, portable et pratique<\/p>\n\n\n\n<p>Structure ergonomique qui s'adapte naturellement \u00e0 vos besoins quotidiens<\/p>\n\n\n\n<p>Syst\u00e8me de flux d'air r\u00e9gulier pour une diffusion homog\u00e8ne des ar\u00f4mes<\/p>\n\n\n\n<p>Parfait pour ceux qui veulent une exp\u00e9rience de vape rafra\u00eechissante et pleine d'\u00e9nergie<\/p>\n\n\n\n<h3 class=\"wp-block-heading\"><strong>Sp\u00e9cifications<\/strong>s<\/h3>\n\n\n\n<figure class=\"wp-block-table\"><table class=\"has-fixed-layout\"><thead><tr><th>Fonctionnalit\u00e9<\/th><th>Description<\/th><\/tr><\/thead><tbody><tr><td><strong>Saveur<\/strong><\/td><td>Triple baie<\/td><\/tr><tr><td><strong>Nombre de bouff\u00e9es<\/strong><\/td><td>30,000<\/td><\/tr><tr><td><strong>R\u00e9sistance<\/strong><\/td><td>1.2\u03a9<\/td><\/tr><tr><td><strong>Capacit\u00e9 en e-liquide<\/strong><\/td><td>20ml<\/td><\/tr><tr><td><strong>Intensit\u00e9 de la nicotine<\/strong><\/td><td>5%<\/td><\/tr><\/tbody><\/table><\/figure>\n\n\n\n<h3 class=\"wp-block-heading\"><strong>S\u00e9curit\u00e9 et avis de non-responsabilit\u00e9<\/strong><\/h3>\n\n\n\n<p>R\u00e9serv\u00e9 aux adultes (21+). Tenir hors de port\u00e9e des enfants et des animaux domestiques.<br>Ce produit contient de la nicotine, une substance chimique qui cr\u00e9e une d\u00e9pendance.<br>Ne pas vendre aux mineurs.<\/p>\n\n\n\n<p>D\u00e9couvrez les derni\u00e8res innovations en mati\u00e8re de vapotage portable \u00e0 l'adresse suivante <a href=\"https:\/\/vapemaison.com\/\">VapeMaison<\/a>, o\u00f9 la commodit\u00e9 rencontre le style. D\u00e9couvrez notre gamme compl\u00e8te de produits sur le site <a href=\"https:\/\/vapemaison.com\/shop\/\">Boutique<\/a> y compris la populaire page <strong>Affaire Humo<\/strong> par <a href=\"https:\/\/vapemaison.com\/brand\/humocase\/\"><\/a><a href=\"https:\/\/vapemaison.com\/brand\/humocase\/\">Humocase<\/a>, La gamme de produits de vapotage est un m\u00e9lange parfait de design \u00e9l\u00e9gant et d'exp\u00e9rience de vapotage en douceur. Que vous recherchiez des compagnons intelligents pour tous les jours ou des id\u00e9es de cadeaux, vous trouverez quelque chose qui conviendra \u00e0 votre style de vie.<\/p>","protected":false},"excerpt":{"rendered":"<p data-start=\"132\" data-end=\"389\">Con\u00e7u sp\u00e9cifiquement pour <strong data-start=\"158\" data-end=\"171\">iPhone <\/strong>, <strong data-start=\"173\" data-end=\"185\">HumoCase<\/strong> vous permet de prot\u00e9ger votre t\u00e9l\u00e9phone et de profiter d'un vapotage en douceur dans un \u00e9tui \u00e9l\u00e9gant et rechargeable. Pas de dispositif suppl\u00e9mentaire, pas d'encombrement - juste une solution propre et confortable qui s'int\u00e8gre naturellement dans votre routine.<\/p>\n<p data-start=\"396\" data-end=\"503\">Si vous appr\u00e9ciez la commodit\u00e9, la conception intelligente et la fiabilit\u00e9 des performances, HumoCase est un choix facile pour une utilisation quotidienne.<\/p>","protected":false},"featured_media":15332,"comment_status":"open","ping_status":"closed","template":"","meta":[],"product_brand":[163],"product_cat":[134],"product_tag":[],"class_list":{"0":"post-15227","1":"product","2":"type-product","3":"status-publish","4":"has-post-thumbnail","6":"product_brand-humocase","7":"product_cat-30k-puffs","9":"first","10":"instock","11":"sale","12":"shipping-taxable","13":"purchasable","14":"product-type-variable"},"yoast_head":"<!-- This site is optimized with the Yoast SEO plugin v27.4 - https:\/\/yoast.com\/product\/yoast-seo-wordpress\/ -->\n<title>Humo Case Vape Triple Berry \u2013 Phone Case Disposable Vape<\/title>\n<meta name=\"description\" content=\"Experience the bold fusion of strawberry, blueberry, and raspberry with Humo Case Vape Triple Berry . This flavor redefines what portable vaping can be.\" \/>\n<meta name=\"robots\" content=\"index, follow, max-snippet:-1, max-image-preview:large, max-video-preview:-1\" \/>\n<link rel=\"canonical\" href=\"https:\/\/vapemaison.com\/fr\/produit\/humo-case-triple-berry-phone-case-disposable-vape\/\" \/>\n<meta property=\"og:locale\" content=\"fr_FR\" \/>\n<meta property=\"og:type\" content=\"article\" \/>\n<meta property=\"og:title\" content=\"Humo Case Vape Triple Berry \u2013 Phone Case Disposable Vape\" \/>\n<meta property=\"og:description\" content=\"Experience the bold fusion of strawberry, blueberry, and raspberry with Humo Case Vape Triple Berry . This flavor redefines what portable vaping can be.\" \/>\n<meta property=\"og:url\" content=\"https:\/\/vapemaison.com\/fr\/produit\/humo-case-triple-berry-phone-case-disposable-vape\/\" \/>\n<meta property=\"og:site_name\" content=\"VapeMaison\" \/>\n<meta property=\"article:modified_time\" content=\"2026-05-14T03:28:32+00:00\" \/>\n<meta property=\"og:image\" content=\"https:\/\/vapemaison.com\/wp-content\/uploads\/2025\/11\/homecase-display-5-flavor-picture.jpg\" \/>\n\t<meta property=\"og:image:width\" content=\"1147\" \/>\n\t<meta property=\"og:image:height\" content=\"1453\" \/>\n\t<meta property=\"og:image:type\" content=\"image\/jpeg\" \/>\n<meta name=\"twitter:card\" content=\"summary_large_image\" \/>\n<meta name=\"twitter:label1\" content=\"Dur\u00e9e de lecture estim\u00e9e\" \/>\n\t<meta name=\"twitter:data1\" content=\"2 minutes\" \/>\n<!-- \/ Yoast SEO plugin. -->","yoast_head_json":{"title":"Humo Case Vape Triple Berry - Etui de t\u00e9l\u00e9phone Vape jetable","description":"D\u00e9couvrez la fusion audacieuse de la fraise, de la myrtille et de la framboise avec Humo Case Vape Triple Berry. Cette saveur red\u00e9finit ce que le vapotage portable peut \u00eatre.","robots":{"index":"index","follow":"follow","max-snippet":"max-snippet:-1","max-image-preview":"max-image-preview:large","max-video-preview":"max-video-preview:-1"},"canonical":"https:\/\/vapemaison.com\/fr\/produit\/humo-case-triple-berry-phone-case-disposable-vape\/","og_locale":"fr_FR","og_type":"article","og_title":"Humo Case Vape Triple Berry \u2013 Phone Case Disposable Vape","og_description":"Experience the bold fusion of strawberry, blueberry, and raspberry with Humo Case Vape Triple Berry . This flavor redefines what portable vaping can be.","og_url":"https:\/\/vapemaison.com\/fr\/produit\/humo-case-triple-berry-phone-case-disposable-vape\/","og_site_name":"VapeMaison","article_modified_time":"2026-05-14T03:28:32+00:00","og_image":[{"width":1147,"height":1453,"url":"https:\/\/vapemaison.com\/wp-content\/uploads\/2025\/11\/homecase-display-5-flavor-picture.jpg","type":"image\/jpeg"}],"twitter_card":"summary_large_image","twitter_misc":{"Dur\u00e9e de lecture estim\u00e9e":"2 minutes"},"schema":{"@context":"https:\/\/schema.org","@graph":[{"@type":"WebPage","@id":"https:\/\/vapemaison.com\/product\/humo-case-triple-berry-phone-case-disposable-vape\/","url":"https:\/\/vapemaison.com\/product\/humo-case-triple-berry-phone-case-disposable-vape\/","name":"Humo Case Vape Triple Berry - Etui de t\u00e9l\u00e9phone Vape jetable","isPartOf":{"@id":"https:\/\/vapemaison.com\/#website"},"primaryImageOfPage":{"@id":"https:\/\/vapemaison.com\/product\/humo-case-triple-berry-phone-case-disposable-vape\/#primaryimage"},"image":{"@id":"https:\/\/vapemaison.com\/product\/humo-case-triple-berry-phone-case-disposable-vape\/#primaryimage"},"thumbnailUrl":"https:\/\/vapemaison.com\/wp-content\/uploads\/2025\/11\/homecase-display-5-flavor-picture.jpg","datePublished":"2025-11-27T07:15:09+00:00","dateModified":"2026-05-14T03:28:32+00:00","description":"D\u00e9couvrez la fusion audacieuse de la fraise, de la myrtille et de la framboise avec Humo Case Vape Triple Berry. Cette saveur red\u00e9finit ce que le vapotage portable peut \u00eatre.","breadcrumb":{"@id":"https:\/\/vapemaison.com\/product\/humo-case-triple-berry-phone-case-disposable-vape\/#breadcrumb"},"inLanguage":"fr-FR","potentialAction":[{"@type":"ReadAction","target":["https:\/\/vapemaison.com\/product\/humo-case-triple-berry-phone-case-disposable-vape\/"]}]},{"@type":"ImageObject","inLanguage":"fr-FR","@id":"https:\/\/vapemaison.com\/product\/humo-case-triple-berry-phone-case-disposable-vape\/#primaryimage","url":"https:\/\/vapemaison.com\/wp-content\/uploads\/2025\/11\/homecase-display-5-flavor-picture.jpg","contentUrl":"https:\/\/vapemaison.com\/wp-content\/uploads\/2025\/11\/homecase-display-5-flavor-picture.jpg","width":1147,"height":1453,"caption":"Homecase Display 5 Flavor Picture"},{"@type":"BreadcrumbList","@id":"https:\/\/vapemaison.com\/product\/humo-case-triple-berry-phone-case-disposable-vape\/#breadcrumb","itemListElement":[{"@type":"ListItem","position":1,"name":"\u9996\u9875","item":"https:\/\/vapemaison.com\/"},{"@type":"ListItem","position":2,"name":"Shop","item":"https:\/\/vapemaison.com\/shop\/"},{"@type":"ListItem","position":3,"name":"HumoCase","item":"https:\/\/vapemaison.com\/brand\/humocase\/"},{"@type":"ListItem","position":4,"name":"Humo Case Vape \u2013 Phone Case Disposable Vape"}]},{"@type":"WebSite","@id":"https:\/\/vapemaison.com\/#website","url":"https:\/\/vapemaison.com\/","name":"VapeMaison","description":"Appareils et accessoires de vapotage haut de gamme","publisher":{"@id":"https:\/\/vapemaison.com\/#organization"},"potentialAction":[{"@type":"SearchAction","target":{"@type":"EntryPoint","urlTemplate":"https:\/\/vapemaison.com\/?s={search_term_string}"},"query-input":{"@type":"PropertyValueSpecification","valueRequired":true,"valueName":"search_term_string"}}],"inLanguage":"fr-FR"},{"@type":"Organization","@id":"https:\/\/vapemaison.com\/#organization","name":"VapeMaison","url":"https:\/\/vapemaison.com\/","logo":{"@type":"ImageObject","inLanguage":"fr-FR","@id":"https:\/\/vapemaison.com\/#\/schema\/logo\/image\/","url":"https:\/\/vapemaison.com\/wp-content\/uploads\/2026\/01\/cropped-vapemaison-logo-g-2026.webp","contentUrl":"https:\/\/vapemaison.com\/wp-content\/uploads\/2026\/01\/cropped-vapemaison-logo-g-2026.webp","width":350,"height":280,"caption":"VapeMaison"},"image":{"@id":"https:\/\/vapemaison.com\/#\/schema\/logo\/image\/"},"sameAs":["https:\/\/www.youtube.com\/@VapeMaison"]}]}},"tiered_pricing_type":"fixed","tiered_pricing_fixed_rules":{"30":"9.78","50":"8.44","100":"7.86","200":"6.25"},"tiered_pricing_product_settings":{"layout":"default","base_unit_name":{"singular":null,"plural":null},"default_variation":null},"tiered_pricing_minimum_quantity":5,"tiered_pricing_roles_data":[],"tiered_pricing_percentage_rules":[],"tiered_pricing_maximum_quantity":null,"tiered_pricing_quantity_step":"5","_links":{"self":[{"href":"https:\/\/vapemaison.com\/fr\/wp-json\/wp\/v2\/product\/15227","targetHints":{"allow":["GET"]}}],"collection":[{"href":"https:\/\/vapemaison.com\/fr\/wp-json\/wp\/v2\/product"}],"about":[{"href":"https:\/\/vapemaison.com\/fr\/wp-json\/wp\/v2\/types\/product"}],"replies":[{"embeddable":true,"href":"https:\/\/vapemaison.com\/fr\/wp-json\/wp\/v2\/comments?post=15227"}],"version-history":[{"count":1,"href":"https:\/\/vapemaison.com\/fr\/wp-json\/wp\/v2\/product\/15227\/revisions"}],"predecessor-version":[{"id":30316,"href":"https:\/\/vapemaison.com\/fr\/wp-json\/wp\/v2\/product\/15227\/revisions\/30316"}],"wp:featuredmedia":[{"embeddable":true,"href":"https:\/\/vapemaison.com\/fr\/wp-json\/wp\/v2\/media\/15332"}],"wp:attachment":[{"href":"https:\/\/vapemaison.com\/fr\/wp-json\/wp\/v2\/media?parent=15227"}],"wp:term":[{"taxonomy":"product_brand","embeddable":true,"href":"https:\/\/vapemaison.com\/fr\/wp-json\/wp\/v2\/product_brand?post=15227"},{"taxonomy":"product_cat","embeddable":true,"href":"https:\/\/vapemaison.com\/fr\/wp-json\/wp\/v2\/product_cat?post=15227"},{"taxonomy":"product_tag","embeddable":true,"href":"https:\/\/vapemaison.com\/fr\/wp-json\/wp\/v2\/product_tag?post=15227"}],"curies":[{"name":"wp","href":"https:\/\/api.w.org\/{rel}","templated":true}]}}