

{"id":15228,"date":"2025-11-27T07:20:00","date_gmt":"2025-11-27T07:20:00","guid":{"rendered":"https:\/\/vapemaison.com\/?post_type=product&#038;p=15228"},"modified":"2026-02-10T06:57:41","modified_gmt":"2026-02-10T06:57:41","slug":"jnr-puff-telephone-40000-puffs","status":"publish","type":"product","link":"https:\/\/vapemaison.com\/fr\/product\/jnr-puff-telephone-40000-puffs\/","title":{"rendered":"JNR Puff T\u00e9l\u00e9phone 40k Puff"},"content":{"rendered":"<h2 class=\"wp-block-heading\"><strong>JNR Puff Telephone 40K Vape jetable<\/strong><\/h2>\n\n\n\n<p>D\u00e9couvrez les <strong>JNR Puff T\u00e9l\u00e9phone 40K<\/strong>, la premi\u00e8re <strong>40000-puff<\/strong> une vape rechargeable avec des fonctions similaires \u00e0 celles d'un smartphone ! Combinant une technologie de pointe, une batterie rechargeable de 1000mAh et une capacit\u00e9 d'e-liquide de 21mL, ce dispositif est con\u00e7u pour <strong>durable<\/strong> et <strong>personnalisable<\/strong> exp\u00e9riences de vapotage. Que vous pr\u00e9f\u00e9riez <strong>Mode normal<\/strong> ou <strong>Mode d'impulsion<\/strong>, le <strong>JNR Puff T\u00e9l\u00e9phone 40K<\/strong> offre une vape in\u00e9gal\u00e9e avec jusqu'\u00e0 <strong>40 000 bouff\u00e9es<\/strong> en mode normal et <strong>20 000 bouff\u00e9es<\/strong> en mode puls\u00e9, pour une satisfaction et une saveur maximales.<\/p>\n\n\n\n<h3 class=\"wp-block-heading\"><strong>Caract\u00e9ristiques principales<\/strong><\/h3>\n\n\n\n<ul class=\"wp-block-list\">\n<li><strong>Jusqu'\u00e0 40 000 bouff\u00e9es<\/strong>:<br>Profitez de jusqu'\u00e0 <strong>40 000 bouff\u00e9es<\/strong> en <strong>Mode normal<\/strong> ou <strong>20 000 bouff\u00e9es<\/strong> en <strong>Mode d'impulsion<\/strong>-Parfait pour une utilisation prolong\u00e9e ou une production de vapeur plus intense.<\/li>\n\n\n\n<li><strong>Batterie rechargeable 1000mAh<\/strong>:<br>Fini les vapes jetables ! Les <strong>Batterie rechargeable de 1000mAh<\/strong> garantit des performances durables, pour que vous n'ayez jamais \u00e0 vous soucier d'un appareil hors d'usage pendant vos sessions de vapotage.<\/li>\n\n\n\n<li><strong>Mode double pour une vaporisation personnalisable<\/strong>:<br>Choisir <strong>Mode normal<\/strong> pour un effet de gorge doux et constant, ou passez au <strong>Mode d'impulsion<\/strong> pour une exp\u00e9rience plus dense et plus savoureuse.<\/li>\n\n\n\n<li><strong>Vaping MTL (Mouth-To-Lung)<\/strong>:<br>Con\u00e7u pour <strong>Vapoteurs MTL<\/strong>, Ce dispositif offre la sensation de fumer une cigarette traditionnelle avec une vapeur douce et satisfaisante.<\/li>\n\n\n\n<li><strong>\u00c9cran tactile HD de 2,4 pouces<\/strong>:<br>L'\u00e9cran tactile int\u00e9gr\u00e9 vous permet d'acc\u00e9der facilement \u00e0 l'\u00e9tat de la batterie, au nombre de bouff\u00e9es et aux param\u00e8tres, offrant ainsi un contr\u00f4le total de votre appareil.<\/li>\n\n\n\n<li><strong>Fonctionnalit\u00e9s similaires \u00e0 celles d'un smartphone<\/strong>:\n<ul class=\"wp-block-list\">\n<li><strong>Notifications d'appels et de messages<\/strong>: Restez inform\u00e9 sans sortir votre t\u00e9l\u00e9phone.<\/li>\n\n\n\n<li><strong>Commande \u00e0 distance de la cam\u00e9ra<\/strong>: Prenez des selfies ou des photos de groupe \u00e0 distance.<\/li>\n\n\n\n<li><strong>Trouver votre t\u00e9l\u00e9phone<\/strong>: Ne perdez plus jamais votre t\u00e9l\u00e9phone gr\u00e2ce \u00e0 la fonction de recherche de l'appareil.<\/li>\n\n\n\n<li><strong>Mode de verrouillage<\/strong>: Emp\u00eachez l'activation accidentelle et gardez votre vape en s\u00e9curit\u00e9 dans votre poche ou votre sac.<\/li>\n<\/ul>\n<\/li>\n\n\n\n<li><strong>Capacit\u00e9 de 21mL d'e-liquide<\/strong>:<br>Avec une contenance g\u00e9n\u00e9reuse de 21mL d'e-liquide, cet appareil offre une satisfaction durable sans n\u00e9cessiter de recharges fr\u00e9quentes.<\/li>\n\n\n\n<li><strong>Intensit\u00e9 de la nicotine<\/strong>:<br>Le <strong>JNR MediaMax 40K<\/strong> est accompagn\u00e9 d'un <strong>2% concentration de nicotine<\/strong>, offering a smooth yet satisfying experience without overwhelming hits.<\/li>\n<\/ul>\n\n\n\n<h3 class=\"wp-block-heading\"><strong>Pourquoi choisir le t\u00e9l\u00e9phone JNR Puff 40K ?<\/strong><\/h3>\n\n\n\n<ul class=\"wp-block-list\">\n<li><strong>Technologie avanc\u00e9e<\/strong>: Le <strong>JNR Puff T\u00e9l\u00e9phone 40K<\/strong> apporte les derni\u00e8res nouveaut\u00e9s en mati\u00e8re de technologie de vapotage, avec des caract\u00e9ristiques telles qu'un <strong>\u00c9cran tactile HD de 2,4 pouces<\/strong>, <strong>notifications du smartphone<\/strong>, et m\u00eame un <strong>contr\u00f4le \u00e0 distance de la cam\u00e9ra<\/strong>.<\/li>\n\n\n\n<li><strong>Performance durable<\/strong>: Avec jusqu'\u00e0 <strong>40 000 bouff\u00e9es<\/strong>, a <strong>Batterie rechargeable de 1000mAh<\/strong>, et un <strong>Capacit\u00e9 de 21mL d'e-liquide<\/strong>, Ce dispositif est con\u00e7u pour <strong>utilisation prolong\u00e9e<\/strong>, L'utilisation de ce produit est id\u00e9ale pour les fumeurs qui appr\u00e9cient une exp\u00e9rience durable et ininterrompue.<\/li>\n\n\n\n<li><strong>Vaping personnalisable<\/strong>: Choisissez entre <strong>Mode normal<\/strong> pour un effet de gorge doux ou <strong>Mode d'impulsion<\/strong> pour une exp\u00e9rience plus intense. Les <strong>MTL<\/strong> garantit une satisfaction \u00e0 chaque bouff\u00e9e.<\/li>\n\n\n\n<li><strong>Caract\u00e9ristiques intelligentes<\/strong>: Restez en contact avec <strong>notifications d'appels et de messages<\/strong>, utiliser le <strong>Trouver votre t\u00e9l\u00e9phone<\/strong> et de prendre des photos parfaites gr\u00e2ce \u00e0 la fonction <strong>contr\u00f4le \u00e0 distance de la cam\u00e9ra<\/strong>.<\/li>\n\n\n\n<li><strong>Facile et s\u00fbr \u00e0 utiliser<\/strong>: Avec son <strong>mode de verrouillage<\/strong>, Vous pouvez ainsi transporter votre vape en toute s\u00e9r\u00e9nit\u00e9, en \u00e9vitant toute activation accidentelle.<\/li>\n<\/ul>\n\n\n\n<h3 class=\"wp-block-heading\"><strong>Sp\u00e9cifications<\/strong><\/h3>\n\n\n\n<figure class=\"wp-block-table\"><table class=\"has-fixed-layout\"><thead><tr><th>Fonctionnalit\u00e9<\/th><th>D\u00e9tails<\/th><\/tr><\/thead><tbody><tr><td><strong>Batterie<\/strong><\/td><td>1000mAh rechargeable<\/td><\/tr><tr><td><strong>Nombre de bouff\u00e9es<\/strong><\/td><td>Jusqu'\u00e0 40 000 (mode normal) \/ 20 000 (mode puls\u00e9)<\/td><\/tr><tr><td><strong>Capacit\u00e9 en e-liquide<\/strong><\/td><td>21mL<\/td><\/tr><tr><td><strong>Intensit\u00e9 de la nicotine<\/strong><\/td><td>2% (20mg)<\/td><\/tr><tr><td><strong>Type de bobine<\/strong><\/td><td>Syst\u00e8me de bobines \u00e0 double maille<\/td><\/tr><tr><td><strong>Style de vapotage<\/strong><\/td><td>MTL (bouche \u00e0 poumon)<\/td><\/tr><tr><td><strong>\u00c9cran<\/strong><\/td><td>\u00c9cran tactile HD de 2,4 pouces<\/td><\/tr><tr><td><strong>Caract\u00e9ristiques intelligentes<\/strong><\/td><td>Notifications d'appels\/messages, contr\u00f4le de l'appareil photo, recherche de votre t\u00e9l\u00e9phone<\/td><\/tr><tr><td><strong>S\u00e9curit\u00e9<\/strong><\/td><td>Mode de verrouillage<\/td><\/tr><tr><td><strong>Dimensions<\/strong><\/td><td>Compact et portable<\/td><\/tr><\/tbody><\/table><\/figure>\n\n\n\n<h3 class=\"wp-block-heading\"><strong>Commandez le t\u00e9l\u00e9phone JNR Puff 40K d\u00e8s aujourd'hui !<\/strong><\/h3>\n\n\n\n<p>D\u00e9couvrez l'avenir du vapotage avec le <strong>JNR Puff Telephone 40K Vape jetable<\/strong>. Offre <strong>jusqu'\u00e0 40 000 bouff\u00e9es<\/strong>, <strong>des fonctions similaires \u00e0 celles d'un smartphone<\/strong>, et des modes de vapotage personnalisables, c'est le choix ultime pour les vapoteurs qui veulent ce qu'il y a de mieux en termes de performance et de commodit\u00e9. <strong>Commander<\/strong> et profitez d'une exp\u00e9rience de vapotage r\u00e9volutionnaire !<\/p>","protected":false},"excerpt":{"rendered":"<p>JNR Puff Telephone 40K Disposable Vape Discover the JNR Puff Telephone 40K, the world\u2019s first 40000-puff rechargeable vape with smartphone-like features! Combining cutting-edge technology, a rechargeable 1000mAh battery, and a 21mL e-liquid capacity, this device is designed for long-lasting and customizable vaping experiences. Whether you prefer Regular Mode or Pulse Mode, the JNR Puff Telephone [&hellip;]<\/p>\n","protected":false},"featured_media":11276,"comment_status":"open","ping_status":"closed","template":"","meta":[],"product_brand":[],"product_cat":[135],"product_tag":[],"class_list":{"0":"post-15228","1":"product","2":"type-product","3":"status-publish","4":"has-post-thumbnail","6":"product_cat-40k-puffs","8":"first","9":"instock","10":"sale","11":"shipping-taxable","12":"purchasable","13":"product-type-variable"},"yoast_head":"<!-- This site is optimized with the Yoast SEO plugin v27.4 - https:\/\/yoast.com\/product\/yoast-seo-wordpress\/ -->\n<title>JNR Puff Telephone 40K Disposable Vape \u2013 40,000 Puffs<\/title>\n<meta name=\"description\" content=\"Discover the JNR Puff Telephone 40K disposable vape with up to 40000 puffs. Perfect for MTL vapers looking for long-lasting performance and flavor.\" \/>\n<meta name=\"robots\" content=\"index, follow, max-snippet:-1, max-image-preview:large, max-video-preview:-1\" \/>\n<link rel=\"canonical\" href=\"https:\/\/vapemaison.com\/fr\/produit\/jnr-puff-telephone-40000-puffs\/\" \/>\n<meta property=\"og:locale\" content=\"fr_FR\" \/>\n<meta property=\"og:type\" content=\"article\" \/>\n<meta property=\"og:title\" content=\"JNR Puff Telephone 40K Disposable Vape \u2013 40,000 Puffs\" \/>\n<meta property=\"og:description\" content=\"Discover the JNR Puff Telephone 40K disposable vape with up to 40000 puffs. Perfect for MTL vapers looking for long-lasting performance and flavor.\" \/>\n<meta property=\"og:url\" content=\"https:\/\/vapemaison.com\/fr\/produit\/jnr-puff-telephone-40000-puffs\/\" \/>\n<meta property=\"og:site_name\" content=\"VapeMaison\" \/>\n<meta property=\"article:modified_time\" content=\"2026-02-10T06:57:41+00:00\" \/>\n<meta property=\"og:image\" content=\"https:\/\/vapemaison.com\/wp-content\/uploads\/2025\/11\/blueberry-watermelon-jnr-mediamax-1.jpg\" \/>\n\t<meta property=\"og:image:width\" content=\"800\" \/>\n\t<meta property=\"og:image:height\" content=\"800\" \/>\n\t<meta property=\"og:image:type\" content=\"image\/jpeg\" \/>\n<meta name=\"twitter:card\" content=\"summary_large_image\" \/>\n<meta name=\"twitter:label1\" content=\"Dur\u00e9e de lecture estim\u00e9e\" \/>\n\t<meta name=\"twitter:data1\" content=\"3 minutes\" \/>\n<!-- \/ Yoast SEO plugin. -->","yoast_head_json":{"title":"JNR Puff Telephone 40K Vape jetable - 40 000 bouff\u00e9es","description":"D\u00e9couvrez la vape jetable JNR Puff Telephone 40K avec jusqu'\u00e0 40000 bouff\u00e9es. Parfait pour les vapoteurs MTL \u00e0 la recherche d'une performance et d'une saveur durables.","robots":{"index":"index","follow":"follow","max-snippet":"max-snippet:-1","max-image-preview":"max-image-preview:large","max-video-preview":"max-video-preview:-1"},"canonical":"https:\/\/vapemaison.com\/fr\/produit\/jnr-puff-telephone-40000-puffs\/","og_locale":"fr_FR","og_type":"article","og_title":"JNR Puff Telephone 40K Disposable Vape \u2013 40,000 Puffs","og_description":"Discover the JNR Puff Telephone 40K disposable vape with up to 40000 puffs. Perfect for MTL vapers looking for long-lasting performance and flavor.","og_url":"https:\/\/vapemaison.com\/fr\/produit\/jnr-puff-telephone-40000-puffs\/","og_site_name":"VapeMaison","article_modified_time":"2026-02-10T06:57:41+00:00","og_image":[{"width":800,"height":800,"url":"https:\/\/vapemaison.com\/wp-content\/uploads\/2025\/11\/blueberry-watermelon-jnr-mediamax-1.jpg","type":"image\/jpeg"}],"twitter_card":"summary_large_image","twitter_misc":{"Dur\u00e9e de lecture estim\u00e9e":"3 minutes"},"schema":{"@context":"https:\/\/schema.org","@graph":[{"@type":"WebPage","@id":"https:\/\/vapemaison.com\/product\/jnr-puff-telephone-40000-puffs\/","url":"https:\/\/vapemaison.com\/product\/jnr-puff-telephone-40000-puffs\/","name":"JNR Puff Telephone 40K Vape jetable - 40 000 bouff\u00e9es","isPartOf":{"@id":"https:\/\/vapemaison.com\/#website"},"primaryImageOfPage":{"@id":"https:\/\/vapemaison.com\/product\/jnr-puff-telephone-40000-puffs\/#primaryimage"},"image":{"@id":"https:\/\/vapemaison.com\/product\/jnr-puff-telephone-40000-puffs\/#primaryimage"},"thumbnailUrl":"https:\/\/vapemaison.com\/wp-content\/uploads\/2025\/11\/blueberry-watermelon-jnr-mediamax-1.jpg","datePublished":"2025-11-27T07:20:00+00:00","dateModified":"2026-02-10T06:57:41+00:00","description":"D\u00e9couvrez la vape jetable JNR Puff Telephone 40K avec jusqu'\u00e0 40000 bouff\u00e9es. Parfait pour les vapoteurs MTL \u00e0 la recherche d'une performance et d'une saveur durables.","breadcrumb":{"@id":"https:\/\/vapemaison.com\/product\/jnr-puff-telephone-40000-puffs\/#breadcrumb"},"inLanguage":"fr-FR","potentialAction":[{"@type":"ReadAction","target":["https:\/\/vapemaison.com\/product\/jnr-puff-telephone-40000-puffs\/"]}]},{"@type":"ImageObject","inLanguage":"fr-FR","@id":"https:\/\/vapemaison.com\/product\/jnr-puff-telephone-40000-puffs\/#primaryimage","url":"https:\/\/vapemaison.com\/wp-content\/uploads\/2025\/11\/blueberry-watermelon-jnr-mediamax-1.jpg","contentUrl":"https:\/\/vapemaison.com\/wp-content\/uploads\/2025\/11\/blueberry-watermelon-jnr-mediamax-1.jpg","width":800,"height":800,"caption":"Blueberry Watermelon Jnr Mediamax Disposable Vape Device"},{"@type":"BreadcrumbList","@id":"https:\/\/vapemaison.com\/product\/jnr-puff-telephone-40000-puffs\/#breadcrumb","itemListElement":[{"@type":"ListItem","position":1,"name":"\u9996\u9875","item":"https:\/\/vapemaison.com\/"},{"@type":"ListItem","position":2,"name":"Shop","item":"https:\/\/vapemaison.com\/shop\/"},{"@type":"ListItem","position":3,"name":"JNR Puff Telephone 40k Puff"}]},{"@type":"WebSite","@id":"https:\/\/vapemaison.com\/#website","url":"https:\/\/vapemaison.com\/","name":"VapeMaison","description":"Appareils et accessoires de vapotage haut de gamme","publisher":{"@id":"https:\/\/vapemaison.com\/#organization"},"potentialAction":[{"@type":"SearchAction","target":{"@type":"EntryPoint","urlTemplate":"https:\/\/vapemaison.com\/?s={search_term_string}"},"query-input":{"@type":"PropertyValueSpecification","valueRequired":true,"valueName":"search_term_string"}}],"inLanguage":"fr-FR"},{"@type":"Organization","@id":"https:\/\/vapemaison.com\/#organization","name":"VapeMaison","url":"https:\/\/vapemaison.com\/","logo":{"@type":"ImageObject","inLanguage":"fr-FR","@id":"https:\/\/vapemaison.com\/#\/schema\/logo\/image\/","url":"https:\/\/vapemaison.com\/wp-content\/uploads\/2026\/01\/cropped-vapemaison-logo-g-2026.webp","contentUrl":"https:\/\/vapemaison.com\/wp-content\/uploads\/2026\/01\/cropped-vapemaison-logo-g-2026.webp","width":350,"height":280,"caption":"VapeMaison"},"image":{"@id":"https:\/\/vapemaison.com\/#\/schema\/logo\/image\/"},"sameAs":["https:\/\/www.youtube.com\/@VapeMaison"]}]}},"tiered_pricing_type":"fixed","tiered_pricing_fixed_rules":{"30":"13.98","50":"12.64","100":"11.88","200":"10.78"},"tiered_pricing_product_settings":{"layout":"default","base_unit_name":{"singular":null,"plural":null},"default_variation":null},"tiered_pricing_minimum_quantity":10,"tiered_pricing_roles_data":[],"tiered_pricing_percentage_rules":[],"tiered_pricing_maximum_quantity":null,"tiered_pricing_quantity_step":"10","_links":{"self":[{"href":"https:\/\/vapemaison.com\/fr\/wp-json\/wp\/v2\/product\/15228","targetHints":{"allow":["GET"]}}],"collection":[{"href":"https:\/\/vapemaison.com\/fr\/wp-json\/wp\/v2\/product"}],"about":[{"href":"https:\/\/vapemaison.com\/fr\/wp-json\/wp\/v2\/types\/product"}],"replies":[{"embeddable":true,"href":"https:\/\/vapemaison.com\/fr\/wp-json\/wp\/v2\/comments?post=15228"}],"version-history":[{"count":1,"href":"https:\/\/vapemaison.com\/fr\/wp-json\/wp\/v2\/product\/15228\/revisions"}],"predecessor-version":[{"id":27193,"href":"https:\/\/vapemaison.com\/fr\/wp-json\/wp\/v2\/product\/15228\/revisions\/27193"}],"wp:featuredmedia":[{"embeddable":true,"href":"https:\/\/vapemaison.com\/fr\/wp-json\/wp\/v2\/media\/11276"}],"wp:attachment":[{"href":"https:\/\/vapemaison.com\/fr\/wp-json\/wp\/v2\/media?parent=15228"}],"wp:term":[{"taxonomy":"product_brand","embeddable":true,"href":"https:\/\/vapemaison.com\/fr\/wp-json\/wp\/v2\/product_brand?post=15228"},{"taxonomy":"product_cat","embeddable":true,"href":"https:\/\/vapemaison.com\/fr\/wp-json\/wp\/v2\/product_cat?post=15228"},{"taxonomy":"product_tag","embeddable":true,"href":"https:\/\/vapemaison.com\/fr\/wp-json\/wp\/v2\/product_tag?post=15228"}],"curies":[{"name":"wp","href":"https:\/\/api.w.org\/{rel}","templated":true}]}}