

{"id":15402,"date":"2025-11-28T09:57:06","date_gmt":"2025-11-28T09:57:06","guid":{"rendered":"https:\/\/vapemaison.com\/?post_type=product&#038;p=15402"},"modified":"2026-03-27T03:23:59","modified_gmt":"2026-03-27T03:23:59","slug":"bang-king-twins-50000-50k","status":"publish","type":"product","link":"https:\/\/vapemaison.com\/fr\/product\/bang-king-twins-50000-50k\/","title":{"rendered":"Bang King Twins 50K Puff"},"content":{"rendered":"<p>D\u00e9couvrez les <strong>Bang King Twins 50000 Puffs<\/strong> - une vape jetable haut de gamme \u00e0 double ar\u00f4me m\u00e9ticuleusement con\u00e7ue pour les vapoteurs qui refusent de faire des compromis sur la vari\u00e9t\u00e9, l'intensit\u00e9 ou la long\u00e9vit\u00e9. Con\u00e7u avec une capacit\u00e9 totale impressionnante de 56 ml d'e-liquide de haute qualit\u00e9 r\u00e9parti de mani\u00e8re \u00e9gale dans deux chambres ind\u00e9pendantes de 28 ml, cet appareil innovant vous permet de passer sans effort d'un ar\u00f4me \u00e0 l'autre d\u00e8s que l'envie vous en prend, offrant une exp\u00e9rience fra\u00eeche et personnalis\u00e9e \u00e0 chaque tirage.<\/p>\n\n\n\n<p>Avec une dur\u00e9e de vie extraordinaire de 50 000 bouff\u00e9es, le Twins 50000 red\u00e9finit l'endurance dans la cat\u00e9gorie des produits jetables, garantissant des semaines de plaisir ininterrompu sans sacrifier la consistance des saveurs ou la qualit\u00e9 de la vapeur. Aliment\u00e9 par une bobine de pr\u00e9cision de 1,0\u03a9 et disponible au choix avec un taux de nicotine de 2%, 3% ou 5%, il produit des bouff\u00e9es douces et robustes qui s'adressent aussi bien aux vapoteurs l\u00e9gers qu'aux gros vapoteurs.<\/p>\n\n\n\n<p>Une batterie rechargeable int\u00e9gr\u00e9e de 650mAh associ\u00e9e \u00e0 un chargement rapide Type-C pratique r\u00e9duit les temps d'arr\u00eat au minimum, tandis que l'affichage num\u00e9rique LED clair fournit des mises \u00e0 jour en temps r\u00e9el sur l'autonomie de la batterie et l'e-liquide restant dans chaque chambre, mettant ainsi le contr\u00f4le total au bout de vos doigts.<\/p>\n\n\n\n<p>Avec douze combinaisons de double saveur s\u00e9lectionn\u00e9es par des experts, allant des fruits rafra\u00eechissants aux menthes fra\u00eeches et aux m\u00e9langes exotiques, le Bang King Twins 50000 Puffs offre deux fois plus de go\u00fbt, deux fois plus de satisfaction et un voyage de vapotage in\u00e9gal\u00e9 - le tout dans un appareil \u00e9l\u00e9gant, intuitif et puissant, d'une dur\u00e9e de vie prolong\u00e9e.<\/p>\n\n\n\n<h5 class=\"wp-block-heading\"><strong>Caract\u00e9ristiques\uff1a<\/strong><\/h5>\n\n\n\n<ul class=\"wp-block-list\">\n<li>Bouff\u00e9es : Jusqu'\u00e0 50000 bouff\u00e9es<\/li>\n\n\n\n<li>Noyau : Bobine en maille 1.0ohm<\/li>\n\n\n\n<li>E-liquide:56ml (28ml + 28ml)<\/li>\n\n\n\n<li>Nicotine:2%\/3%\/5%<\/li>\n\n\n\n<li>Batterie : 650mAh<\/li>\n\n\n\n<li>Rechargeable:Type-C<\/li>\n\n\n\n<li>Affichage num\u00e9rique LED<\/li>\n\n\n\n<li>Double go\u00fbt<\/li>\n\n\n\n<li>12 saveurs disponibles<\/li>\n<\/ul>\n\n\n\n<h5 class=\"wp-block-heading\"><strong><br>Liste des ar\u00f4mes\uff1a<\/strong><\/h5>\n\n\n\n<ol class=\"wp-block-list\">\n<li>Amour 66 &amp; Citron Fruit de la Passion<\/li>\n\n\n\n<li>P\u00eache goyave fraise et Sakura raisin<\/li>\n\n\n\n<li>Fraise, banane et Heisenberg<\/li>\n\n\n\n<li>Bleu Razz Ice &amp; Bleu Razz Cherry<\/li>\n\n\n\n<li>Glace \u00e0 la past\u00e8que et \u00e0 la fraise<\/li>\n\n\n\n<li>Glace \u00e0 la past\u00e8que et Hubba Bubba \u00e0 la past\u00e8que<\/li>\n\n\n\n<li>Double citron vert et glace \u00e0 l'aloe vera<\/li>\n\n\n\n<li>M\u00e9lange de baies et de fraises et kiwis<\/li>\n\n\n\n<li>Super Cool Lychee &amp; Pink Man<\/li>\n\n\n\n<li>Jus de fruits P\u00eache glac\u00e9e &amp; Fraise mangue<\/li>\n\n\n\n<li>Cola citron et Skittles \u00e0 la fraise<\/li>\n\n\n\n<li>P\u00eache Mangue Past\u00e8que &amp; Cerise Bleu Razz<\/li>\n<\/ol>\n\n\n\n<p>Si vous souhaitez d\u00e9couvrir d'autres appareils de la m\u00eame marque, vous pouvez consulter la liste compl\u00e8te de nos produits.\u00a0<strong><a href=\"https:\/\/vapemaison.com\/\">Collection de vapeurs jetables Bang<\/a><\/strong>\u00a0pour comparer les diff\u00e9rents mod\u00e8les et le nombre de bouff\u00e9es. Pour les utilisateurs qui recherchent sp\u00e9cifiquement des performances de vapotage prolong\u00e9es, cet appareil fait \u00e9galement partie de notre gamme de produits\u00a0<strong><a href=\"https:\/\/vapemaison.com\/product-category\/puffs-count\/40k-puffs\/\">60K bouff\u00e9es jetables<\/a><\/strong>\u00a0qui se distinguent par leur longue dur\u00e9e d'utilisation et leur grande capacit\u00e9. Si vous comparez des options similaires, le\u00a0<strong><a href=\"https:\/\/vapemaison.com\/product\/bang-leader-stoll-300k-puffs-disposable-vape\/\">Bang 300k Puffs Vape jetable<\/a><\/strong>\u00a0et le <strong><a href=\"https:\/\/vapemaison.com\/product-category\/puffs-count\/50k-puffs\/\">bouff\u00e9e 50k<\/a><\/strong> sont des alternatives populaires avec une capacit\u00e9 et des performances comparables.<\/p>","protected":false},"excerpt":{"rendered":"<p>Discover the Bang King Twins 50000 Puffs \u2014 a premium dual-flavor disposable vape meticulously crafted for vapers who refuse to compromise on variety, intensity, or longevity. Engineered with an impressive total capacity of 56mL of high-quality e-liquid split evenly across two independent 28mL chambers, this innovative device lets you effortlessly switch between two distinct flavors [&hellip;]<\/p>\n","protected":false},"featured_media":15403,"comment_status":"open","ping_status":"closed","template":"","meta":[],"product_brand":[57],"product_cat":[136,142,294],"product_tag":[],"class_list":{"0":"post-15402","1":"product","2":"type-product","3":"status-publish","4":"has-post-thumbnail","6":"product_brand-bang","7":"product_cat-50k-puffs","8":"product_cat-eu-stock","9":"product_cat-no-nicotine-vape","11":"first","12":"instock","13":"sale","14":"shipping-taxable","15":"purchasable","16":"product-type-variable"},"yoast_head":"<!-- This site is optimized with the Yoast SEO plugin v27.4 - https:\/\/yoast.com\/product\/yoast-seo-wordpress\/ -->\n<title>Bang King Twins 50000 Puffs Dual Flavor Disposable Vape<\/title>\n<meta name=\"description\" content=\"Bang King Twins 50k Puff \u2013 56mL dual-flavor disposable vape with 50k puffs, 2\/3\/5% nicotine,rechargeable battery &amp; LED display. Switch flavors anytime!\" \/>\n<meta name=\"robots\" content=\"index, follow, max-snippet:-1, max-image-preview:large, max-video-preview:-1\" \/>\n<link rel=\"canonical\" href=\"https:\/\/vapemaison.com\/fr\/produit\/bang-king-twins-50000-50k\/\" \/>\n<meta property=\"og:locale\" content=\"fr_FR\" \/>\n<meta property=\"og:type\" content=\"article\" \/>\n<meta property=\"og:title\" content=\"Bang King Twins 50000 Puffs Dual Flavor Disposable Vape\" \/>\n<meta property=\"og:description\" content=\"Bang King Twins 50k Puff \u2013 56mL dual-flavor disposable vape with 50k puffs, 2\/3\/5% nicotine,rechargeable battery &amp; LED display. Switch flavors anytime!\" \/>\n<meta property=\"og:url\" content=\"https:\/\/vapemaison.com\/fr\/produit\/bang-king-twins-50000-50k\/\" \/>\n<meta property=\"og:site_name\" content=\"VapeMaison\" \/>\n<meta property=\"article:modified_time\" content=\"2026-03-27T03:23:59+00:00\" \/>\n<meta property=\"og:image\" content=\"https:\/\/vapemaison.com\/wp-content\/uploads\/2025\/11\/bang-king-twins-50000-50k-puffs.webp\" \/>\n\t<meta property=\"og:image:width\" content=\"700\" \/>\n\t<meta property=\"og:image:height\" content=\"700\" \/>\n\t<meta property=\"og:image:type\" content=\"image\/webp\" \/>\n<meta name=\"twitter:card\" content=\"summary_large_image\" \/>\n<meta name=\"twitter:label1\" content=\"Dur\u00e9e de lecture estim\u00e9e\" \/>\n\t<meta name=\"twitter:data1\" content=\"2 minutes\" \/>\n<!-- \/ Yoast SEO plugin. -->","yoast_head_json":{"title":"Bang King Twins 50000 Puffs Dual Flavor Vape jetable","description":"Bang King Twins 50k Puff - 56mL dual-flavor disposable vape with 50k puffs, 2\/3\/5% nicotine, rechargeable battery &amp; LED display. Changez d'ar\u00f4me \u00e0 tout moment !","robots":{"index":"index","follow":"follow","max-snippet":"max-snippet:-1","max-image-preview":"max-image-preview:large","max-video-preview":"max-video-preview:-1"},"canonical":"https:\/\/vapemaison.com\/fr\/produit\/bang-king-twins-50000-50k\/","og_locale":"fr_FR","og_type":"article","og_title":"Bang King Twins 50000 Puffs Dual Flavor Disposable Vape","og_description":"Bang King Twins 50k Puff \u2013 56mL dual-flavor disposable vape with 50k puffs, 2\/3\/5% nicotine,rechargeable battery & LED display. Switch flavors anytime!","og_url":"https:\/\/vapemaison.com\/fr\/produit\/bang-king-twins-50000-50k\/","og_site_name":"VapeMaison","article_modified_time":"2026-03-27T03:23:59+00:00","og_image":[{"width":700,"height":700,"url":"https:\/\/vapemaison.com\/wp-content\/uploads\/2025\/11\/bang-king-twins-50000-50k-puffs.webp","type":"image\/webp"}],"twitter_card":"summary_large_image","twitter_misc":{"Dur\u00e9e de lecture estim\u00e9e":"2 minutes"},"schema":{"@context":"https:\/\/schema.org","@graph":[{"@type":"WebPage","@id":"https:\/\/vapemaison.com\/product\/bang-king-twins-50000-50k\/","url":"https:\/\/vapemaison.com\/product\/bang-king-twins-50000-50k\/","name":"Bang King Twins 50000 Puffs Dual Flavor Vape jetable","isPartOf":{"@id":"https:\/\/vapemaison.com\/#website"},"primaryImageOfPage":{"@id":"https:\/\/vapemaison.com\/product\/bang-king-twins-50000-50k\/#primaryimage"},"image":{"@id":"https:\/\/vapemaison.com\/product\/bang-king-twins-50000-50k\/#primaryimage"},"thumbnailUrl":"https:\/\/vapemaison.com\/wp-content\/uploads\/2025\/11\/bang-king-twins-50000-50k-puffs.webp","datePublished":"2025-11-28T09:57:06+00:00","dateModified":"2026-03-27T03:23:59+00:00","description":"Bang King Twins 50k Puff - 56mL dual-flavor disposable vape with 50k puffs, 2\/3\/5% nicotine, rechargeable battery &amp; LED display. Changez d'ar\u00f4me \u00e0 tout moment !","breadcrumb":{"@id":"https:\/\/vapemaison.com\/product\/bang-king-twins-50000-50k\/#breadcrumb"},"inLanguage":"fr-FR","potentialAction":[{"@type":"ReadAction","target":["https:\/\/vapemaison.com\/product\/bang-king-twins-50000-50k\/"]}]},{"@type":"ImageObject","inLanguage":"fr-FR","@id":"https:\/\/vapemaison.com\/product\/bang-king-twins-50000-50k\/#primaryimage","url":"https:\/\/vapemaison.com\/wp-content\/uploads\/2025\/11\/bang-king-twins-50000-50k-puffs.webp","contentUrl":"https:\/\/vapemaison.com\/wp-content\/uploads\/2025\/11\/bang-king-twins-50000-50k-puffs.webp","width":700,"height":700,"caption":"Bang King Twins 50k Puffs Disposable Vape Device"},{"@type":"BreadcrumbList","@id":"https:\/\/vapemaison.com\/product\/bang-king-twins-50000-50k\/#breadcrumb","itemListElement":[{"@type":"ListItem","position":1,"name":"\u9996\u9875","item":"https:\/\/vapemaison.com\/"},{"@type":"ListItem","position":2,"name":"Shop","item":"https:\/\/vapemaison.com\/shop\/"},{"@type":"ListItem","position":3,"name":"Bang","item":"https:\/\/vapemaison.com\/brand\/bang\/"},{"@type":"ListItem","position":4,"name":"Bang King Twins 50K Puff"}]},{"@type":"WebSite","@id":"https:\/\/vapemaison.com\/#website","url":"https:\/\/vapemaison.com\/","name":"VapeMaison","description":"Appareils et accessoires de vapotage haut de gamme","publisher":{"@id":"https:\/\/vapemaison.com\/#organization"},"potentialAction":[{"@type":"SearchAction","target":{"@type":"EntryPoint","urlTemplate":"https:\/\/vapemaison.com\/?s={search_term_string}"},"query-input":{"@type":"PropertyValueSpecification","valueRequired":true,"valueName":"search_term_string"}}],"inLanguage":"fr-FR"},{"@type":"Organization","@id":"https:\/\/vapemaison.com\/#organization","name":"VapeMaison","url":"https:\/\/vapemaison.com\/","logo":{"@type":"ImageObject","inLanguage":"fr-FR","@id":"https:\/\/vapemaison.com\/#\/schema\/logo\/image\/","url":"https:\/\/vapemaison.com\/wp-content\/uploads\/2026\/01\/cropped-vapemaison-logo-g-2026.webp","contentUrl":"https:\/\/vapemaison.com\/wp-content\/uploads\/2026\/01\/cropped-vapemaison-logo-g-2026.webp","width":350,"height":280,"caption":"VapeMaison"},"image":{"@id":"https:\/\/vapemaison.com\/#\/schema\/logo\/image\/"},"sameAs":["https:\/\/www.youtube.com\/@VapeMaison"]}]}},"tiered_pricing_type":"fixed","tiered_pricing_fixed_rules":{"30":"8.99","50":"8.72","100":"8.35","200":"7.99"},"tiered_pricing_product_settings":{"layout":"default","base_unit_name":{"singular":null,"plural":null},"default_variation":null},"tiered_pricing_minimum_quantity":10,"tiered_pricing_roles_data":[],"tiered_pricing_percentage_rules":[],"tiered_pricing_maximum_quantity":null,"tiered_pricing_quantity_step":"10","_links":{"self":[{"href":"https:\/\/vapemaison.com\/fr\/wp-json\/wp\/v2\/product\/15402","targetHints":{"allow":["GET"]}}],"collection":[{"href":"https:\/\/vapemaison.com\/fr\/wp-json\/wp\/v2\/product"}],"about":[{"href":"https:\/\/vapemaison.com\/fr\/wp-json\/wp\/v2\/types\/product"}],"replies":[{"embeddable":true,"href":"https:\/\/vapemaison.com\/fr\/wp-json\/wp\/v2\/comments?post=15402"}],"version-history":[{"count":1,"href":"https:\/\/vapemaison.com\/fr\/wp-json\/wp\/v2\/product\/15402\/revisions"}],"predecessor-version":[{"id":26509,"href":"https:\/\/vapemaison.com\/fr\/wp-json\/wp\/v2\/product\/15402\/revisions\/26509"}],"wp:featuredmedia":[{"embeddable":true,"href":"https:\/\/vapemaison.com\/fr\/wp-json\/wp\/v2\/media\/15403"}],"wp:attachment":[{"href":"https:\/\/vapemaison.com\/fr\/wp-json\/wp\/v2\/media?parent=15402"}],"wp:term":[{"taxonomy":"product_brand","embeddable":true,"href":"https:\/\/vapemaison.com\/fr\/wp-json\/wp\/v2\/product_brand?post=15402"},{"taxonomy":"product_cat","embeddable":true,"href":"https:\/\/vapemaison.com\/fr\/wp-json\/wp\/v2\/product_cat?post=15402"},{"taxonomy":"product_tag","embeddable":true,"href":"https:\/\/vapemaison.com\/fr\/wp-json\/wp\/v2\/product_tag?post=15402"}],"curies":[{"name":"wp","href":"https:\/\/api.w.org\/{rel}","templated":true}]}}