

{"id":15452,"date":"2025-12-01T02:56:14","date_gmt":"2025-12-01T02:56:14","guid":{"rendered":"https:\/\/vapemaison.com\/?post_type=product&#038;p=15452"},"modified":"2025-12-01T03:57:18","modified_gmt":"2025-12-01T03:57:18","slug":"15k-tornado-3-in-1-flavor-15k-puff-vapes","status":"publish","type":"product","link":"https:\/\/vapemaison.com\/fr\/product\/15k-tornado-3-in-1-flavor-15k-puff-vapes\/","title":{"rendered":"15k Tornado 3 en 1 Flavor | 15K Puff Vapes"},"content":{"rendered":"<h2 class=\"wp-block-heading\"> RandM Tornado 15000 - Pomme P\u00eache Poire<\/h2>\n\n\n\n<h4 class=\"wp-block-heading\">Profil de saveur exquis<\/h4>\n\n\n\n<p>Faites l'exp\u00e9rience de la perfection des fruits. Le m\u00e9lange Pomme P\u00eache Poire associe magistralement la douceur croquante des pommes rouges m\u00fbres \u00e0 la profondeur luxuriante et juteuse des p\u00eaches m\u00fbries au soleil, <strong>alors que<\/strong> Une subtile finale de poire acidul\u00e9e ajoute une l\u00e9g\u00e8ret\u00e9 rafra\u00eechissante. <strong>En cons\u00e9quence, les<\/strong>, Gr\u00e2ce \u00e0 l'utilisation de l'huile d'olive, vous profitez d'un go\u00fbt doux et authentique de fruits frais du verger, sans aucun arri\u00e8re-go\u00fbt artificiel - juste une harmonie pure et naturelle.<\/p>\n\n\n\n<h4 class=\"wp-block-heading\">Long\u00e9vit\u00e9 et performances exceptionnelles<\/h4>\n\n\n\n<p>Gr\u00e2ce \u00e0 sa g\u00e9n\u00e9reuse capacit\u00e9 de 25 ml d'e-liquide pr\u00e9-rempli et \u00e0 sa puissante batterie rechargeable de 850 mAh, le Tornado 15000 offre <strong>jusqu'\u00e0 15 000 bouff\u00e9es satisfaisantes<\/strong>. Pour les utilisateurs quotidiens mod\u00e9r\u00e9s, <strong>Cela signifie que<\/strong> semaines de vapotage ininterrompu sans qu'il soit n\u00e9cessaire de les remplacer fr\u00e9quemment.<\/p>\n\n\n\n<h4 class=\"wp-block-heading\">Conception intelligente et rechargeable<\/h4>\n\n\n\n<p>Contrairement aux produits jetables traditionnels, ce dispositif est dot\u00e9 d'un port de charge USB-C pratique. <strong>C'est pourquoi<\/strong>, Non seulement il r\u00e9duit les d\u00e9chets <strong>mais aussi<\/strong> offre un meilleur rapport co\u00fbt-efficacit\u00e9 et une plus grande responsabilit\u00e9 environnementale - tout en conservant la simplicit\u00e9 d'utilisation que les vapoteurs adorent.<\/p>\n\n\n\n<h4 class=\"wp-block-heading\">Une exp\u00e9rience enti\u00e8rement personnalisable<\/h4>\n\n\n\n<p>Que vous pr\u00e9f\u00e9riez un taux de nicotine nul ou un hit plus fort, la flexibilit\u00e9 est de mise. Choisissez parmi les taux de sel de nicotine 0 %, 2 %, 3 % ou 5 %. <strong>de sorte que<\/strong> chaque utilisateur peut adapter l'exp\u00e9rience \u00e0 ses besoins.<\/p>\n\n\n\n<h4 class=\"wp-block-heading\">Technologie avanc\u00e9e de vapotage<\/h4>\n\n\n\n<p>En outre, le Tornado 15000 est \u00e9quip\u00e9 d'une bobine \u00e0 double maille de 0,9 \u03a9 \u00e0 la pointe de la technologie. <strong>non seulement<\/strong> reproduit chaque note de fruit d\u00e9licate avec une clart\u00e9 exceptionnelle <strong>mais aussi<\/strong> produit des nuages denses et savoureux. <strong>En cons\u00e9quence<\/strong>, La performance reste toujours excellente d\u00e8s le premier tirage. <strong>jusqu'au bout<\/strong> jusqu'\u00e0 la derni\u00e8re bouff\u00e9e de sa remarquable dur\u00e9e de vie de 15 000 bouff\u00e9es.<\/p>\n\n\n\n<p>Am\u00e9liorez votre vapotage avec une perfection fruit\u00e9e \u00e9quilibr\u00e9e et rafra\u00eechissante - choisissez RandM Tornado 15000 Apple Peach Pear d\u00e8s aujourd'hui.<\/p>\n\n\n\n<p><strong>Sp\u00e9cifications techniques<\/strong><\/p>\n\n\n\n<figure class=\"wp-block-table\"><table class=\"has-fixed-layout\"><thead><tr><th>Fonctionnalit\u00e9<\/th><th>Sp\u00e9cifications<\/th><\/tr><\/thead><tbody><tr><td>Nombre de bouff\u00e9es<\/td><td>Environ 15 000 bouff\u00e9es<\/td><\/tr><tr><td>Capacit\u00e9 en e-liquide<\/td><td>25 ml (pr\u00e9-rempli)<\/td><\/tr><tr><td>Batterie<\/td><td>850 mAh rechargeable (USB-C)<\/td><\/tr><tr><td>R\u00e9sistance de la bobine<\/td><td>Bobine en maille 0,9 \u03a9<\/td><\/tr><tr><td>Options de la nicotine<\/td><td>0 %, 2 %, 3 %, 5 %<\/td><\/tr><tr><td>D\u00e9bit d'air<\/td><td>Fixe, activ\u00e9 par le tirage au sort<\/td><\/tr><tr><td>Dimensions<\/td><td>Compact et ergonomique<\/td><\/tr><tr><td>Emballage<\/td><td>10 unit\u00e9s par bo\u00eete de pr\u00e9sentation (1,2 kg au total)<\/td><\/tr><\/tbody><\/table><\/figure>\n\n\n\n<p><strong>Pourquoi les vapoteurs choisissent 15k Tornado<\/strong> <strong>Pomme P\u00eache Poire<\/strong> L\u00e9ger mais profond\u00e9ment satisfaisant, ce profil d'ar\u00f4me se distingue par sa clart\u00e9 rafra\u00eechissante et son go\u00fbt de fruit authentique. C'est la vape id\u00e9ale tout au long de la journ\u00e9e pour ceux qui pr\u00e9f\u00e8rent les m\u00e9langes de fruits propres et naturels aux profils lourds de dessert ou de menthol.<\/p>\n\n\n\n<p><strong>Parfait pour<\/strong><\/p>\n\n\n\n<ul class=\"wp-block-list\">\n<li>Transport quotidien et voyage<\/li>\n\n\n\n<li>S\u00e9ances de gymnastique et activit\u00e9s de plein air<\/li>\n\n\n\n<li>Acheteurs en gros, d\u00e9taillants et commandes group\u00e9es<\/li>\n<\/ul>\n\n\n\n<p><strong>Prix et disponibilit\u00e9<\/strong> 16,88 \u20ac par unit\u00e9 - un rapport qualit\u00e9-prix exceptionnel pour une pile rechargeable de grande capacit\u00e9. Disponible exclusivement sur FUMOT Store avec garantie d'authenticit\u00e9 et livraison rapide.<\/p>\n\n\n\n<p><strong>En savoir plus<\/strong> Explorez l'ensemble du site <strong>15k Tornade<\/strong> ou essayez des cr\u00e9ations plus audacieuses de la s\u00e9rie Gorilla Vapes pour ceux qui ont envie de saveurs intenses et exp\u00e9rimentales.<\/p>\n\n\n\n<p><strong>Commandez d\u00e8s aujourd'hui le RandM Tornado 15000 - Pomme P\u00eache Poire et d\u00e9couvrez la perfection du fruit \u00e0 l'\u00e9tat pur.<\/strong><\/p>\n\n\n\n<p>Cliquez ici pour voir le tout aussi \u00e9tonnant <strong><a href=\"https:\/\/vapemaison.com\/product-category\/hot-series\/fumot-12k\/\">Fumot 12k<\/a><\/strong>.<\/p>\n\n\n\n<p><\/p>","protected":false},"excerpt":{"rendered":"<p data-start=\"2379\" data-end=\"2592\">Profitez du RandM Tornado 15000 en Apple Peach Pear - un m\u00e9lange parfait de pomme, de p\u00eache et de poire avec 15 000 bouff\u00e9es, une batterie rechargeable de 850mAh et une charge rapide Type-C. Naturellement \u00e9quilibr\u00e9 et rafra\u00eechissant.<\/p>","protected":false},"featured_media":10612,"comment_status":"open","ping_status":"closed","template":"","meta":[],"product_brand":[169],"product_cat":[167],"product_tag":[],"class_list":{"0":"post-15452","1":"product","2":"type-product","3":"status-publish","4":"has-post-thumbnail","6":"product_brand-randm","7":"product_cat-15k-puffs","9":"first","10":"instock","11":"sale","12":"shipping-taxable","13":"purchasable","14":"product-type-variable"},"yoast_head":"<!-- This site is optimized with the Yoast SEO plugin v27.4 - https:\/\/yoast.com\/product\/yoast-seo-wordpress\/ -->\n<title>15k Tornado 3 in 1 Flavor | 15K Puff Vapes - VapeMaison<\/title>\n<meta name=\"description\" content=\"Experience the RandM 15k Tornado in Apple Peach Pear,15000 puff, 25ml liquid, 850mAh battery, adjustable nicotine options &amp; intense, balanced fruit flavor.\" \/>\n<meta name=\"robots\" content=\"index, follow, max-snippet:-1, max-image-preview:large, max-video-preview:-1\" \/>\n<link rel=\"canonical\" href=\"https:\/\/vapemaison.com\/fr\/produit\/15k-tornado-3-in-1-flavor-15k-puff-vapes\/\" \/>\n<meta property=\"og:locale\" content=\"fr_FR\" \/>\n<meta property=\"og:type\" content=\"article\" \/>\n<meta property=\"og:title\" content=\"15k Tornado 3 in 1 Flavor | 15K Puff Vapes - VapeMaison\" \/>\n<meta property=\"og:description\" content=\"Experience the RandM 15k Tornado in Apple Peach Pear,15000 puff, 25ml liquid, 850mAh battery, adjustable nicotine options &amp; intense, balanced fruit flavor.\" \/>\n<meta property=\"og:url\" content=\"https:\/\/vapemaison.com\/fr\/produit\/15k-tornado-3-in-1-flavor-15k-puff-vapes\/\" \/>\n<meta property=\"og:site_name\" content=\"VapeMaison\" \/>\n<meta property=\"article:modified_time\" content=\"2025-12-01T03:57:18+00:00\" \/>\n<meta property=\"og:image\" content=\"https:\/\/vapemaison.com\/wp-content\/uploads\/2025\/11\/RandM-Tornado-15000-Apple-Peach-Pear-2-1.webp\" \/>\n\t<meta property=\"og:image:width\" content=\"1125\" \/>\n\t<meta property=\"og:image:height\" content=\"1125\" \/>\n\t<meta property=\"og:image:type\" content=\"image\/webp\" \/>\n<meta name=\"twitter:card\" content=\"summary_large_image\" \/>\n<meta name=\"twitter:label1\" content=\"Dur\u00e9e de lecture estim\u00e9e\" \/>\n\t<meta name=\"twitter:data1\" content=\"3 minutes\" \/>\n<!-- \/ Yoast SEO plugin. -->","yoast_head_json":{"title":"15k Tornado 3 in 1 Flavor | 15K Puff Vapes - VapeMaison","description":"D\u00e9couvrez le RandM 15k Tornado en Pomme P\u00eache Poire, 15000 bouff\u00e9es, 25ml de liquide, batterie 850mAh, options de nicotine r\u00e9glables et saveur fruit\u00e9e intense et \u00e9quilibr\u00e9e.","robots":{"index":"index","follow":"follow","max-snippet":"max-snippet:-1","max-image-preview":"max-image-preview:large","max-video-preview":"max-video-preview:-1"},"canonical":"https:\/\/vapemaison.com\/fr\/produit\/15k-tornado-3-in-1-flavor-15k-puff-vapes\/","og_locale":"fr_FR","og_type":"article","og_title":"15k Tornado 3 in 1 Flavor | 15K Puff Vapes - VapeMaison","og_description":"Experience the RandM 15k Tornado in Apple Peach Pear,15000 puff, 25ml liquid, 850mAh battery, adjustable nicotine options & intense, balanced fruit flavor.","og_url":"https:\/\/vapemaison.com\/fr\/produit\/15k-tornado-3-in-1-flavor-15k-puff-vapes\/","og_site_name":"VapeMaison","article_modified_time":"2025-12-01T03:57:18+00:00","og_image":[{"width":1125,"height":1125,"url":"https:\/\/vapemaison.com\/wp-content\/uploads\/2025\/11\/RandM-Tornado-15000-Apple-Peach-Pear-2-1.webp","type":"image\/webp"}],"twitter_card":"summary_large_image","twitter_misc":{"Dur\u00e9e de lecture estim\u00e9e":"3 minutes"},"schema":{"@context":"https:\/\/schema.org","@graph":[{"@type":"WebPage","@id":"https:\/\/vapemaison.com\/product\/15k-tornado-3-in-1-flavor-15k-puff-vapes\/","url":"https:\/\/vapemaison.com\/product\/15k-tornado-3-in-1-flavor-15k-puff-vapes\/","name":"15k Tornado 3 in 1 Flavor | 15K Puff Vapes - VapeMaison","isPartOf":{"@id":"https:\/\/vapemaison.com\/#website"},"primaryImageOfPage":{"@id":"https:\/\/vapemaison.com\/product\/15k-tornado-3-in-1-flavor-15k-puff-vapes\/#primaryimage"},"image":{"@id":"https:\/\/vapemaison.com\/product\/15k-tornado-3-in-1-flavor-15k-puff-vapes\/#primaryimage"},"thumbnailUrl":"https:\/\/vapemaison.com\/wp-content\/uploads\/2025\/11\/RandM-Tornado-15000-Apple-Peach-Pear-2-1.webp","datePublished":"2025-12-01T02:56:14+00:00","dateModified":"2025-12-01T03:57:18+00:00","description":"D\u00e9couvrez le RandM 15k Tornado en Pomme P\u00eache Poire, 15000 bouff\u00e9es, 25ml de liquide, batterie 850mAh, options de nicotine r\u00e9glables et saveur fruit\u00e9e intense et \u00e9quilibr\u00e9e.","breadcrumb":{"@id":"https:\/\/vapemaison.com\/product\/15k-tornado-3-in-1-flavor-15k-puff-vapes\/#breadcrumb"},"inLanguage":"fr-FR","potentialAction":[{"@type":"ReadAction","target":["https:\/\/vapemaison.com\/product\/15k-tornado-3-in-1-flavor-15k-puff-vapes\/"]}]},{"@type":"ImageObject","inLanguage":"fr-FR","@id":"https:\/\/vapemaison.com\/product\/15k-tornado-3-in-1-flavor-15k-puff-vapes\/#primaryimage","url":"https:\/\/vapemaison.com\/wp-content\/uploads\/2025\/11\/RandM-Tornado-15000-Apple-Peach-Pear-2-1.webp","contentUrl":"https:\/\/vapemaison.com\/wp-content\/uploads\/2025\/11\/RandM-Tornado-15000-Apple-Peach-Pear-2-1.webp","width":1125,"height":1125,"caption":"Randm Tornado Apple Peach Pear 2 Disposable Vape Device"},{"@type":"BreadcrumbList","@id":"https:\/\/vapemaison.com\/product\/15k-tornado-3-in-1-flavor-15k-puff-vapes\/#breadcrumb","itemListElement":[{"@type":"ListItem","position":1,"name":"\u9996\u9875","item":"https:\/\/vapemaison.com\/"},{"@type":"ListItem","position":2,"name":"Shop","item":"https:\/\/vapemaison.com\/shop\/"},{"@type":"ListItem","position":3,"name":"RandM","item":"https:\/\/vapemaison.com\/brand\/randm\/"},{"@type":"ListItem","position":4,"name":"15k Tornado 3 in 1 Flavor | 15K Puff Vapes"}]},{"@type":"WebSite","@id":"https:\/\/vapemaison.com\/#website","url":"https:\/\/vapemaison.com\/","name":"VapeMaison","description":"Appareils et accessoires de vapotage haut de gamme","publisher":{"@id":"https:\/\/vapemaison.com\/#organization"},"potentialAction":[{"@type":"SearchAction","target":{"@type":"EntryPoint","urlTemplate":"https:\/\/vapemaison.com\/?s={search_term_string}"},"query-input":{"@type":"PropertyValueSpecification","valueRequired":true,"valueName":"search_term_string"}}],"inLanguage":"fr-FR"},{"@type":"Organization","@id":"https:\/\/vapemaison.com\/#organization","name":"VapeMaison","url":"https:\/\/vapemaison.com\/","logo":{"@type":"ImageObject","inLanguage":"fr-FR","@id":"https:\/\/vapemaison.com\/#\/schema\/logo\/image\/","url":"https:\/\/vapemaison.com\/wp-content\/uploads\/2026\/01\/cropped-vapemaison-logo-g-2026.webp","contentUrl":"https:\/\/vapemaison.com\/wp-content\/uploads\/2026\/01\/cropped-vapemaison-logo-g-2026.webp","width":350,"height":280,"caption":"VapeMaison"},"image":{"@id":"https:\/\/vapemaison.com\/#\/schema\/logo\/image\/"},"sameAs":["https:\/\/www.youtube.com\/@VapeMaison"]}]}},"tiered_pricing_type":"fixed","tiered_pricing_fixed_rules":{"30":"12.76","50":"11.52","100":"10.63","200":"9.21"},"tiered_pricing_product_settings":{"layout":"default","base_unit_name":{"singular":null,"plural":null},"default_variation":null},"tiered_pricing_minimum_quantity":10,"tiered_pricing_roles_data":[],"tiered_pricing_percentage_rules":[],"tiered_pricing_maximum_quantity":null,"tiered_pricing_quantity_step":"10","_links":{"self":[{"href":"https:\/\/vapemaison.com\/fr\/wp-json\/wp\/v2\/product\/15452","targetHints":{"allow":["GET"]}}],"collection":[{"href":"https:\/\/vapemaison.com\/fr\/wp-json\/wp\/v2\/product"}],"about":[{"href":"https:\/\/vapemaison.com\/fr\/wp-json\/wp\/v2\/types\/product"}],"replies":[{"embeddable":true,"href":"https:\/\/vapemaison.com\/fr\/wp-json\/wp\/v2\/comments?post=15452"}],"version-history":[{"count":0,"href":"https:\/\/vapemaison.com\/fr\/wp-json\/wp\/v2\/product\/15452\/revisions"}],"wp:featuredmedia":[{"embeddable":true,"href":"https:\/\/vapemaison.com\/fr\/wp-json\/wp\/v2\/media\/10612"}],"wp:attachment":[{"href":"https:\/\/vapemaison.com\/fr\/wp-json\/wp\/v2\/media?parent=15452"}],"wp:term":[{"taxonomy":"product_brand","embeddable":true,"href":"https:\/\/vapemaison.com\/fr\/wp-json\/wp\/v2\/product_brand?post=15452"},{"taxonomy":"product_cat","embeddable":true,"href":"https:\/\/vapemaison.com\/fr\/wp-json\/wp\/v2\/product_cat?post=15452"},{"taxonomy":"product_tag","embeddable":true,"href":"https:\/\/vapemaison.com\/fr\/wp-json\/wp\/v2\/product_tag?post=15452"}],"curies":[{"name":"wp","href":"https:\/\/api.w.org\/{rel}","templated":true}]}}