

{"id":15640,"date":"2025-12-03T09:18:23","date_gmt":"2025-12-03T09:18:23","guid":{"rendered":"https:\/\/vapemaison.com\/?post_type=product&#038;p=15640"},"modified":"2025-12-03T09:23:44","modified_gmt":"2025-12-03T09:23:44","slug":"bang-king-triple-100k","status":"publish","type":"product","link":"https:\/\/vapemaison.com\/fr\/product\/bang-king-triple-100k\/","title":{"rendered":"Bang King Triple 100K Puffs Vape"},"content":{"rendered":"<p>Faites l'exp\u00e9rience d'une long\u00e9vit\u00e9 et d'une flexibilit\u00e9 de go\u00fbt in\u00e9gal\u00e9es avec le <strong>Bang King Triple 100k Puffs Vape jetable<\/strong>. D\u00e9livrer <strong>jusqu'\u00e0 100 000 bouff\u00e9es<\/strong>, Cet appareil rechargeable 3-en-1 est con\u00e7u pour les vapoteurs qui recherchent un maximum de performance et de vari\u00e9t\u00e9 dans un design \u00e9l\u00e9gant. Offrant des taux de nicotine de <strong>2%, 3% et 5%<\/strong>, Il convient aussi bien aux nouveaux utilisateurs qu'aux vapoteurs exp\u00e9riment\u00e9s qui pr\u00e9f\u00e8rent personnaliser l'intensit\u00e9.<\/p>\n\n\n\n<p>Dot\u00e9e d'une g\u00e9n\u00e9reuse <strong>Capacit\u00e9 de 54mL d'e-liquide<\/strong> (trois r\u00e9servoirs de 18 ml), le Triple 100K garantit une vapeur douce, savoureuse et satisfaisante de la premi\u00e8re \u00e0 la derni\u00e8re bouff\u00e9e, \u00e9liminant ainsi le besoin d'un remplacement constant. Le syst\u00e8me de vaporisation int\u00e9gr\u00e9 <strong>Batterie rechargeable de 650mAh<\/strong>, associ\u00e9 \u00e0 <strong>Chargement rapide de type C<\/strong>, Le syst\u00e8me de contr\u00f4le de la qualit\u00e9 de l'eau permet un fonctionnement fiable, tout au long de la journ\u00e9e, avec un minimum de temps d'arr\u00eat.<\/p>\n\n\n\n<p>Propuls\u00e9 par <strong>triple bobines de 1,0\u03a9<\/strong>, Ce dispositif produit une vapeur dense et d\u00e9livre une saveur propre et homog\u00e8ne sur les trois dosettes. Son syst\u00e8me innovant de <strong>S\u00e9lecteur d'ar\u00f4mes rotatif<\/strong> vous permet de passer instantan\u00e9ment d'un ar\u00f4me \u00e0 l'autre, offrant ainsi une exp\u00e9rience de vapotage amusante et hautement personnalis\u00e9e.<\/p>\n\n\n\n<p>Id\u00e9ale pour les d\u00e9taillants et les grossistes, chaque bo\u00eete contient <strong>10 unit\u00e9s<\/strong> et pr\u00e9sente les caract\u00e9ristiques suivantes <strong>10 combinaisons de saveurs s\u00e9lectionn\u00e9es<\/strong>. Combinant une dur\u00e9e de vie ultra-longue, une polyvalence multi-saveurs et une exp\u00e9rience utilisateur de premier ordre, le . <strong>Bang King Triple 100000<\/strong> est le choix ultime pour les vapoteurs \u00e0 la recherche de puissance, de style et de commodit\u00e9 dans un seul appareil.<\/p>\n\n\n\n<figure class=\"wp-block-table\"><table class=\"has-fixed-layout\"><thead><tr><th><strong>Caract\u00e9ristiques<\/strong><\/th><th><strong>D\u00e9tails<\/strong><\/th><\/tr><\/thead><tbody><tr><td><strong>Options de la nicotine<\/strong><\/td><td>2%, 3%, 5%<\/td><\/tr><tr><td><strong>Nombre de bouff\u00e9es<\/strong><\/td><td>Jusqu'\u00e0 <strong>100k<\/strong> bouff\u00e9es<\/td><\/tr><tr><td><strong>Capacit\u00e9 en e-liquide<\/strong><\/td><td>3 \u00d7 18mL (<strong>Total 54mL<\/strong>)<\/td><\/tr><tr><td><strong>Capacit\u00e9 de la batterie<\/strong><\/td><td>650mAh Rechargeable<\/td><\/tr><tr><td><strong>R\u00e9sistance de la bobine<\/strong><\/td><td>Triple <strong>1.0\u03a9<\/strong> Bobines de maille<\/td><\/tr><tr><td><strong>Port de charge<\/strong><\/td><td>Chargement rapide de type C<\/td><\/tr><tr><td><strong>S\u00e9lecteur d'ar\u00f4mes rotatif<\/strong><\/td><td>Tourner l'embout pour passer d'un parfum \u00e0 l'autre<\/td><\/tr><tr><td><strong>Vari\u00e9t\u00e9 d'ar\u00f4mes<\/strong><\/td><td>10 m\u00e9langes d'ar\u00f4mes uniques<\/td><\/tr><tr><td><strong>Emballage<\/strong><\/td><td>10 pi\u00e8ces par bo\u00eete de pr\u00e9sentation<\/td><\/tr><\/tbody><\/table><\/figure>\n\n\n\n<h2 class=\"wp-block-heading\">Saveur\uff1a<\/h2>\n\n\n\n<ol class=\"wp-block-list\">\n<li>Past\u00e8que &amp; Red Bull &amp; Fraise Kiwi<\/li>\n\n\n\n<li>Glace au citron vert et \u00e0 la fraise Glace \u00e0 la past\u00e8que et \u00e0 la myrtille<\/li>\n\n\n\n<li>Fraise, banane et framboise Past\u00e8que et citron vert<\/li>\n\n\n\n<li>Fraise, kiwi, mangue acide, ananas et Red Bull<\/li>\n\n\n\n<li>Fruits tropicaux et fraises Past\u00e8que et p\u00eache au citron<\/li>\n\n\n\n<li>Ananas noix de coco, fraise, banane et bleu Razz<\/li>\n\n\n\n<li>Fraise, framboise, triple melon, mangue acide, ananas<\/li>\n\n\n\n<li>Framboise Past\u00e8que &amp; Mangue P\u00eache &amp; Fraise Kiwi<\/li>\n\n\n\n<li>Coca \u00e0 la fraise et \u00e0 la vanille, myrtille, framboise et citron vert<\/li>\n\n\n\n<li>Cr\u00e8me glac\u00e9e \u00e0 la past\u00e8que et \u00e0 la fraise et triple melon<\/li>\n<\/ol>\n\n\n\n<p><\/p>","protected":false},"excerpt":{"rendered":"<p>Experience unmatched longevity and flavor flexibility with the Bang King Triple 100k Puffs Disposable Vape. Delivering up to 100k puffs, this 3-in-1 rechargeable device is engineered for vapers who want maximum performance and variety in one sleek design. Offering nicotine strengths of 2%, 3%, and 5%, it\u2019s suitable for both new users and experienced vapers [&hellip;]<\/p>\n","protected":false},"featured_media":15813,"comment_status":"open","ping_status":"closed","template":"","meta":[],"product_brand":[57],"product_cat":[151],"product_tag":[],"class_list":{"0":"post-15640","1":"product","2":"type-product","3":"status-publish","4":"has-post-thumbnail","6":"product_brand-bang","7":"product_cat-100k-puffs","9":"first","10":"instock","11":"sale","12":"shipping-taxable","13":"purchasable","14":"product-type-variable"},"yoast_head":"<!-- This site is optimized with the Yoast SEO plugin v27.4 - https:\/\/yoast.com\/product\/yoast-seo-wordpress\/ -->\n<title>Bang King Triple 100K Vape-3-in-1 Flavors &amp; 100,000 Puffs - VapeMaison<\/title>\n<meta name=\"description\" content=\"Enjoy up to 100k puff with triple flavors, 54mL e-liquid, mesh coils, and fast charging. A long-lasting, customizable vaping experience in one device.\" \/>\n<meta name=\"robots\" content=\"index, follow, max-snippet:-1, max-image-preview:large, max-video-preview:-1\" \/>\n<link rel=\"canonical\" href=\"https:\/\/vapemaison.com\/fr\/produit\/bang-king-triple-100k\/\" \/>\n<meta property=\"og:locale\" content=\"fr_FR\" \/>\n<meta property=\"og:type\" content=\"article\" \/>\n<meta property=\"og:title\" content=\"Bang King Triple 100K Vape-3-in-1 Flavors &amp; 100,000 Puffs - VapeMaison\" \/>\n<meta property=\"og:description\" content=\"Enjoy up to 100k puff with triple flavors, 54mL e-liquid, mesh coils, and fast charging. A long-lasting, customizable vaping experience in one device.\" \/>\n<meta property=\"og:url\" content=\"https:\/\/vapemaison.com\/fr\/produit\/bang-king-triple-100k\/\" \/>\n<meta property=\"og:site_name\" content=\"VapeMaison\" \/>\n<meta property=\"article:modified_time\" content=\"2025-12-03T09:23:44+00:00\" \/>\n<meta property=\"og:image\" content=\"https:\/\/vapemaison.com\/wp-content\/uploads\/2025\/12\/vapemaison-bang-king-triple-100k-puffs-strawberry-raspberry-triple-melon-sour-mango-pineapple.jpg.webp\" \/>\n\t<meta property=\"og:image:width\" content=\"654\" \/>\n\t<meta property=\"og:image:height\" content=\"690\" \/>\n\t<meta property=\"og:image:type\" content=\"image\/webp\" \/>\n<meta name=\"twitter:card\" content=\"summary_large_image\" \/>\n<meta name=\"twitter:label1\" content=\"Dur\u00e9e de lecture estim\u00e9e\" \/>\n\t<meta name=\"twitter:data1\" content=\"2 minutes\" \/>\n<!-- \/ Yoast SEO plugin. -->","yoast_head_json":{"title":"Bang King Triple 100K Vape-3-in-1 Flavors &amp; 100,000 Puffs - VapeMaison","description":"Appr\u00e9ciez jusqu'\u00e0 100 000 bouff\u00e9es avec trois ar\u00f4mes, 54 ml d'e-liquide, des bobines \u00e0 mailles et une charge rapide. Une exp\u00e9rience de vapotage durable et personnalisable dans un seul appareil.","robots":{"index":"index","follow":"follow","max-snippet":"max-snippet:-1","max-image-preview":"max-image-preview:large","max-video-preview":"max-video-preview:-1"},"canonical":"https:\/\/vapemaison.com\/fr\/produit\/bang-king-triple-100k\/","og_locale":"fr_FR","og_type":"article","og_title":"Bang King Triple 100K Vape-3-in-1 Flavors & 100,000 Puffs - VapeMaison","og_description":"Enjoy up to 100k puff with triple flavors, 54mL e-liquid, mesh coils, and fast charging. A long-lasting, customizable vaping experience in one device.","og_url":"https:\/\/vapemaison.com\/fr\/produit\/bang-king-triple-100k\/","og_site_name":"VapeMaison","article_modified_time":"2025-12-03T09:23:44+00:00","og_image":[{"width":654,"height":690,"url":"https:\/\/vapemaison.com\/wp-content\/uploads\/2025\/12\/vapemaison-bang-king-triple-100k-puffs-strawberry-raspberry-triple-melon-sour-mango-pineapple.jpg.webp","type":"image\/webp"}],"twitter_card":"summary_large_image","twitter_misc":{"Dur\u00e9e de lecture estim\u00e9e":"2 minutes"},"schema":{"@context":"https:\/\/schema.org","@graph":[{"@type":"WebPage","@id":"https:\/\/vapemaison.com\/product\/bang-king-triple-100k\/","url":"https:\/\/vapemaison.com\/product\/bang-king-triple-100k\/","name":"Bang King Triple 100K Vape-3-in-1 Flavors &amp; 100,000 Puffs - VapeMaison","isPartOf":{"@id":"https:\/\/vapemaison.com\/#website"},"primaryImageOfPage":{"@id":"https:\/\/vapemaison.com\/product\/bang-king-triple-100k\/#primaryimage"},"image":{"@id":"https:\/\/vapemaison.com\/product\/bang-king-triple-100k\/#primaryimage"},"thumbnailUrl":"https:\/\/vapemaison.com\/wp-content\/uploads\/2025\/12\/vapemaison-bang-king-triple-100k-puffs-strawberry-raspberry-triple-melon-sour-mango-pineapple.jpg.webp","datePublished":"2025-12-03T09:18:23+00:00","dateModified":"2025-12-03T09:23:44+00:00","description":"Appr\u00e9ciez jusqu'\u00e0 100 000 bouff\u00e9es avec trois ar\u00f4mes, 54 ml d'e-liquide, des bobines \u00e0 mailles et une charge rapide. Une exp\u00e9rience de vapotage durable et personnalisable dans un seul appareil.","breadcrumb":{"@id":"https:\/\/vapemaison.com\/product\/bang-king-triple-100k\/#breadcrumb"},"inLanguage":"fr-FR","potentialAction":[{"@type":"ReadAction","target":["https:\/\/vapemaison.com\/product\/bang-king-triple-100k\/"]}]},{"@type":"ImageObject","inLanguage":"fr-FR","@id":"https:\/\/vapemaison.com\/product\/bang-king-triple-100k\/#primaryimage","url":"https:\/\/vapemaison.com\/wp-content\/uploads\/2025\/12\/vapemaison-bang-king-triple-100k-puffs-strawberry-raspberry-triple-melon-sour-mango-pineapple.jpg.webp","contentUrl":"https:\/\/vapemaison.com\/wp-content\/uploads\/2025\/12\/vapemaison-bang-king-triple-100k-puffs-strawberry-raspberry-triple-melon-sour-mango-pineapple.jpg.webp","width":654,"height":690,"caption":"Vapemaison Bang King Triple 100k Puffs Strawberry Raspberry Melon Sour Mango Pineapple.jpg"},{"@type":"BreadcrumbList","@id":"https:\/\/vapemaison.com\/product\/bang-king-triple-100k\/#breadcrumb","itemListElement":[{"@type":"ListItem","position":1,"name":"\u9996\u9875","item":"https:\/\/vapemaison.com\/"},{"@type":"ListItem","position":2,"name":"Shop","item":"https:\/\/vapemaison.com\/shop\/"},{"@type":"ListItem","position":3,"name":"Bang","item":"https:\/\/vapemaison.com\/brand\/bang\/"},{"@type":"ListItem","position":4,"name":"Bang King Triple 100K Puffs Vape"}]},{"@type":"WebSite","@id":"https:\/\/vapemaison.com\/#website","url":"https:\/\/vapemaison.com\/","name":"VapeMaison","description":"Appareils et accessoires de vapotage haut de gamme","publisher":{"@id":"https:\/\/vapemaison.com\/#organization"},"potentialAction":[{"@type":"SearchAction","target":{"@type":"EntryPoint","urlTemplate":"https:\/\/vapemaison.com\/?s={search_term_string}"},"query-input":{"@type":"PropertyValueSpecification","valueRequired":true,"valueName":"search_term_string"}}],"inLanguage":"fr-FR"},{"@type":"Organization","@id":"https:\/\/vapemaison.com\/#organization","name":"VapeMaison","url":"https:\/\/vapemaison.com\/","logo":{"@type":"ImageObject","inLanguage":"fr-FR","@id":"https:\/\/vapemaison.com\/#\/schema\/logo\/image\/","url":"https:\/\/vapemaison.com\/wp-content\/uploads\/2026\/01\/cropped-vapemaison-logo-g-2026.webp","contentUrl":"https:\/\/vapemaison.com\/wp-content\/uploads\/2026\/01\/cropped-vapemaison-logo-g-2026.webp","width":350,"height":280,"caption":"VapeMaison"},"image":{"@id":"https:\/\/vapemaison.com\/#\/schema\/logo\/image\/"},"sameAs":["https:\/\/www.youtube.com\/@VapeMaison"]}]}},"tiered_pricing_type":"fixed","tiered_pricing_fixed_rules":{"30":"10.99","50":"9.98","100":"8.88","200":"7.69"},"tiered_pricing_product_settings":{"layout":"default","base_unit_name":{"singular":null,"plural":null},"default_variation":null},"tiered_pricing_minimum_quantity":10,"tiered_pricing_roles_data":[],"tiered_pricing_percentage_rules":[],"tiered_pricing_maximum_quantity":null,"tiered_pricing_quantity_step":"10","_links":{"self":[{"href":"https:\/\/vapemaison.com\/fr\/wp-json\/wp\/v2\/product\/15640","targetHints":{"allow":["GET"]}}],"collection":[{"href":"https:\/\/vapemaison.com\/fr\/wp-json\/wp\/v2\/product"}],"about":[{"href":"https:\/\/vapemaison.com\/fr\/wp-json\/wp\/v2\/types\/product"}],"replies":[{"embeddable":true,"href":"https:\/\/vapemaison.com\/fr\/wp-json\/wp\/v2\/comments?post=15640"}],"version-history":[{"count":0,"href":"https:\/\/vapemaison.com\/fr\/wp-json\/wp\/v2\/product\/15640\/revisions"}],"wp:featuredmedia":[{"embeddable":true,"href":"https:\/\/vapemaison.com\/fr\/wp-json\/wp\/v2\/media\/15813"}],"wp:attachment":[{"href":"https:\/\/vapemaison.com\/fr\/wp-json\/wp\/v2\/media?parent=15640"}],"wp:term":[{"taxonomy":"product_brand","embeddable":true,"href":"https:\/\/vapemaison.com\/fr\/wp-json\/wp\/v2\/product_brand?post=15640"},{"taxonomy":"product_cat","embeddable":true,"href":"https:\/\/vapemaison.com\/fr\/wp-json\/wp\/v2\/product_cat?post=15640"},{"taxonomy":"product_tag","embeddable":true,"href":"https:\/\/vapemaison.com\/fr\/wp-json\/wp\/v2\/product_tag?post=15640"}],"curies":[{"name":"wp","href":"https:\/\/api.w.org\/{rel}","templated":true}]}}