

{"id":15642,"date":"2025-12-03T08:26:53","date_gmt":"2025-12-03T08:26:53","guid":{"rendered":"https:\/\/vapemaison.com\/?post_type=product&#038;p=15642"},"modified":"2026-01-29T06:59:13","modified_gmt":"2026-01-29T06:59:13","slug":"bang-blaze-starry-50000-jetable-vape-50k-puff","status":"publish","type":"product","link":"https:\/\/vapemaison.com\/fr\/product\/bang-blaze-starry-50000-disposable-vape-50k-puff\/","title":{"rendered":"Bang Blaze Starry 50000 Vape jetable 50K Puff"},"content":{"rendered":"<p>Faites l'exp\u00e9rience d'une nouvelle norme de commodit\u00e9 et de performance avec le <strong>Bang Blaze Starry 50k Puff Vape jetable<\/strong>-Un appareil \u00e9l\u00e9gant, ax\u00e9 sur la s\u00e9curit\u00e9 et con\u00e7u pour les vapoteurs modernes. Avec <strong>trois modes intelligents<\/strong>, Il s'adapte sans effort \u00e0 vos besoins :<\/p>\n\n\n\n<ul class=\"wp-block-list\">\n<li><strong>Mode r\u00e9gulier :<\/strong> Jusqu'\u00e0 <strong>50k puffs<\/strong><\/li>\n\n\n\n<li><strong>Mode d'impulsion :<\/strong> Jusqu'\u00e0 <strong>25k puffs<\/strong><\/li>\n\n\n\n<li><strong>Mode de fermeture :<\/strong> S\u00e9curit\u00e9 enfants pour un rangement s\u00e9curis\u00e9<\/li>\n<\/ul>\n\n\n\n<p>Con\u00e7ue avec <strong>bobines \u00e0 double maille<\/strong> et avanc\u00e9s <strong>Technologie VPU<\/strong>, Le Blaze Starry assure un flux d'air r\u00e9gulier, une densit\u00e9 de vapeur \u00e9lev\u00e9e et une saveur nette et pr\u00e9cise \u00e0 chaque fois. Les utilisateurs peuvent choisir entre <strong>2%, 3% ou 5% (taux de nicotine)<\/strong>, Il convient donc \u00e0 un large \u00e9ventail de pr\u00e9f\u00e9rences.<\/p>\n\n\n\n<p>Une fiabilit\u00e9 <strong>Batterie rechargeable de 550mAh<\/strong>, associ\u00e9 \u00e0 <strong>Chargement rapide de type C<\/strong>, L'utilisation de l'appareil permet de le faire fonctionner plus longtemps avec un minimum de temps d'arr\u00eat. Par ailleurs, la lumi\u00e8re <strong>Affichage LED<\/strong> fournit des mises \u00e0 jour en temps r\u00e9el sur le niveau de la batterie et la s\u00e9lection du mode, offrant un contr\u00f4le sans effort \u00e0 chaque utilisation.<\/p>\n\n\n\n<p>Disponible en <strong>12 saveurs de qualit\u00e9 sup\u00e9rieure<\/strong> et emball\u00e9s dans un emballage pratique <strong>Bo\u00eetes de 10 pi\u00e8ces<\/strong>, Le Bang Blaze Starry 50000 est un excellent choix pour le plaisir personnel et la distribution au d\u00e9tail, combinant style, s\u00e9curit\u00e9 et performance exceptionnelle dans un seul appareil jetable.<\/p>\n\n\n\n<h2 class=\"wp-block-heading\"><strong>Saveur<\/strong><\/h2>\n\n\n\n<ol class=\"wp-block-list\">\n<li>Past\u00e8que<\/li>\n\n\n\n<li>Past\u00e8que \u00e0 la fraise<\/li>\n\n\n\n<li>Glace aux myrtilles<\/li>\n\n\n\n<li>Myrtille Framboise<\/li>\n\n\n\n<li>Amour 66<\/li>\n\n\n\n<li>Glace \u00e0 la canneberge et au raisin<\/li>\n\n\n\n<li>Glace \u00e0 la p\u00eache<\/li>\n\n\n\n<li>Fraise Mangue<\/li>\n\n\n\n<li>Triple baie<\/li>\n\n\n\n<li>Mangue P\u00eache<\/li>\n\n\n\n<li>Heure d'\u00e9t\u00e9<\/li>\n\n\n\n<li>Ananas noix de coco<\/li>\n<\/ol>\n\n\n\n<h2 class=\"wp-block-heading\"><strong>Caract\u00e9ristiques<\/strong><\/h2>\n\n\n\n<ul class=\"wp-block-list\">\n<li>Nicotine : 2% \/ 3% \/ 5%<\/li>\n\n\n\n<li>Batterie : 550mAh rechargeable<\/li>\n\n\n\n<li>Bobine : dual mesh<\/li>\n\n\n\n<li>vpu \u00e0 l'int\u00e9rieur<\/li>\n\n\n\n<li>\u00c9cran : \u00c9cran LED<\/li>\n\n\n\n<li>Chargement : Type-C<\/li>\n\n\n\n<li>Emballage : 10 pi\u00e8ces\/emballage<\/li>\n\n\n\n<li>Options d'ar\u00f4mes : 12 choix<\/li>\n<\/ul>\n\n\n\n<p>Si vous souhaitez d\u00e9couvrir d'autres appareils de la m\u00eame marque, vous pouvez consulter la liste compl\u00e8te de nos produits.\u00a0<strong><a href=\"https:\/\/vapemaison.com\/\">Collection de vapeurs jetables Bang<\/a><\/strong>\u00a0pour comparer les diff\u00e9rents mod\u00e8les et le nombre de bouff\u00e9es. Pour les utilisateurs qui recherchent sp\u00e9cifiquement des performances de vapotage prolong\u00e9es, cet appareil fait \u00e9galement partie de notre gamme de produits\u00a0<strong><a href=\"https:\/\/vapemaison.com\/product-category\/puffs-count\/40k-puffs\/\">60K bouff\u00e9es jetables<\/a><\/strong>\u00a0qui se distinguent par leur longue dur\u00e9e d'utilisation et leur grande capacit\u00e9. Si vous comparez des options similaires, le\u00a0<strong><a href=\"https:\/\/vapemaison.com\/product\/bang-leader-stoll-300k-puffs-disposable-vape\/\">Bang 300k Puffs Vape jetable<\/a><\/strong>\u00a0et le <strong><a href=\"https:\/\/vapemaison.com\/product-category\/puffs-count\/50k-puffs\/\">bouff\u00e9e 50k<\/a><\/strong> sont des alternatives populaires avec une capacit\u00e9 et des performances comparables.<\/p>","protected":false},"excerpt":{"rendered":"<p>Experience a new standard of convenience and performance with the Bang Blaze Starry 50k Puff Disposable Vape\u2014a stylish, safety-focused device built for modern vapers. With three intelligent modes, it adapts effortlessly to your needs: Engineered with dual mesh coils and advanced VPU technology, the Blaze Starry ensures smooth airflow, rich vapor density, and clean, accurate [&hellip;]<\/p>\n","protected":false},"featured_media":15764,"comment_status":"open","ping_status":"closed","template":"","meta":[],"product_brand":[57],"product_cat":[136],"product_tag":[],"class_list":{"0":"post-15642","1":"product","2":"type-product","3":"status-publish","4":"has-post-thumbnail","6":"product_brand-bang","7":"product_cat-50k-puffs","9":"first","10":"instock","11":"sale","12":"shipping-taxable","13":"purchasable","14":"product-type-variable"},"yoast_head":"<!-- This site is optimized with the Yoast SEO plugin v27.4 - https:\/\/yoast.com\/product\/yoast-seo-wordpress\/ -->\n<title>Bang Blaze Starry 50000 \u2013 Smart Modes &amp; 50K Puff | 2025<\/title>\n<meta name=\"description\" content=\"Enjoy up to 50k puff with smart modes, dual mesh coils, fast charging, and 12 flavors. Bang Blaze Starry offers safe, powerful, and smooth vaping.\" \/>\n<meta name=\"robots\" content=\"index, follow, max-snippet:-1, max-image-preview:large, max-video-preview:-1\" \/>\n<link rel=\"canonical\" href=\"https:\/\/vapemaison.com\/fr\/produit\/bang-blaze-starry-50000-jetable-vape-50k-puff\/\" \/>\n<meta property=\"og:locale\" content=\"fr_FR\" \/>\n<meta property=\"og:type\" content=\"article\" \/>\n<meta property=\"og:title\" content=\"Bang Blaze Starry 50000 \u2013 Smart Modes &amp; 50K Puff | 2025\" \/>\n<meta property=\"og:description\" content=\"Enjoy up to 50k puff with smart modes, dual mesh coils, fast charging, and 12 flavors. Bang Blaze Starry offers safe, powerful, and smooth vaping.\" \/>\n<meta property=\"og:url\" content=\"https:\/\/vapemaison.com\/fr\/produit\/bang-blaze-starry-50000-jetable-vape-50k-puff\/\" \/>\n<meta property=\"og:site_name\" content=\"VapeMaison\" \/>\n<meta property=\"article:modified_time\" content=\"2026-01-29T06:59:13+00:00\" \/>\n<meta property=\"og:image\" content=\"https:\/\/vapemaison.com\/wp-content\/uploads\/2025\/12\/vapemaison-bang-blaze-starry-50000-puffs-summer-time.jpg.webp\" \/>\n\t<meta property=\"og:image:width\" content=\"654\" \/>\n\t<meta property=\"og:image:height\" content=\"690\" \/>\n\t<meta property=\"og:image:type\" content=\"image\/webp\" \/>\n<meta name=\"twitter:card\" content=\"summary_large_image\" \/>\n<meta name=\"twitter:label1\" content=\"Dur\u00e9e de lecture estim\u00e9e\" \/>\n\t<meta name=\"twitter:data1\" content=\"2 minutes\" \/>\n<!-- \/ Yoast SEO plugin. -->","yoast_head_json":{"title":"Bang Blaze Starry 50000 - Modes intelligents et 50K Puff | 2025","description":"Appr\u00e9ciez jusqu'\u00e0 50k bouff\u00e9es avec les modes intelligents, les bobines \u00e0 double maille, la charge rapide et 12 saveurs. Bang Blaze Starry offre un vapotage s\u00fbr, puissant et fluide.","robots":{"index":"index","follow":"follow","max-snippet":"max-snippet:-1","max-image-preview":"max-image-preview:large","max-video-preview":"max-video-preview:-1"},"canonical":"https:\/\/vapemaison.com\/fr\/produit\/bang-blaze-starry-50000-jetable-vape-50k-puff\/","og_locale":"fr_FR","og_type":"article","og_title":"Bang Blaze Starry 50000 \u2013 Smart Modes & 50K Puff | 2025","og_description":"Enjoy up to 50k puff with smart modes, dual mesh coils, fast charging, and 12 flavors. Bang Blaze Starry offers safe, powerful, and smooth vaping.","og_url":"https:\/\/vapemaison.com\/fr\/produit\/bang-blaze-starry-50000-jetable-vape-50k-puff\/","og_site_name":"VapeMaison","article_modified_time":"2026-01-29T06:59:13+00:00","og_image":[{"width":654,"height":690,"url":"https:\/\/vapemaison.com\/wp-content\/uploads\/2025\/12\/vapemaison-bang-blaze-starry-50000-puffs-summer-time.jpg.webp","type":"image\/webp"}],"twitter_card":"summary_large_image","twitter_misc":{"Dur\u00e9e de lecture estim\u00e9e":"2 minutes"},"schema":{"@context":"https:\/\/schema.org","@graph":[{"@type":"WebPage","@id":"https:\/\/vapemaison.com\/product\/bang-blaze-starry-50000-disposable-vape-50k-puff\/","url":"https:\/\/vapemaison.com\/product\/bang-blaze-starry-50000-disposable-vape-50k-puff\/","name":"Bang Blaze Starry 50000 - Modes intelligents et 50K Puff | 2025","isPartOf":{"@id":"https:\/\/vapemaison.com\/#website"},"primaryImageOfPage":{"@id":"https:\/\/vapemaison.com\/product\/bang-blaze-starry-50000-disposable-vape-50k-puff\/#primaryimage"},"image":{"@id":"https:\/\/vapemaison.com\/product\/bang-blaze-starry-50000-disposable-vape-50k-puff\/#primaryimage"},"thumbnailUrl":"https:\/\/vapemaison.com\/wp-content\/uploads\/2025\/12\/vapemaison-bang-blaze-starry-50000-puffs-summer-time.jpg.webp","datePublished":"2025-12-03T08:26:53+00:00","dateModified":"2026-01-29T06:59:13+00:00","description":"Appr\u00e9ciez jusqu'\u00e0 50k bouff\u00e9es avec les modes intelligents, les bobines \u00e0 double maille, la charge rapide et 12 saveurs. Bang Blaze Starry offre un vapotage s\u00fbr, puissant et fluide.","breadcrumb":{"@id":"https:\/\/vapemaison.com\/product\/bang-blaze-starry-50000-disposable-vape-50k-puff\/#breadcrumb"},"inLanguage":"fr-FR","potentialAction":[{"@type":"ReadAction","target":["https:\/\/vapemaison.com\/product\/bang-blaze-starry-50000-disposable-vape-50k-puff\/"]}]},{"@type":"ImageObject","inLanguage":"fr-FR","@id":"https:\/\/vapemaison.com\/product\/bang-blaze-starry-50000-disposable-vape-50k-puff\/#primaryimage","url":"https:\/\/vapemaison.com\/wp-content\/uploads\/2025\/12\/vapemaison-bang-blaze-starry-50000-puffs-summer-time.jpg.webp","contentUrl":"https:\/\/vapemaison.com\/wp-content\/uploads\/2025\/12\/vapemaison-bang-blaze-starry-50000-puffs-summer-time.jpg.webp","width":654,"height":690,"caption":"Vapemaison Bang Blaze Starry Puffs Summer Time.jpg"},{"@type":"BreadcrumbList","@id":"https:\/\/vapemaison.com\/product\/bang-blaze-starry-50000-disposable-vape-50k-puff\/#breadcrumb","itemListElement":[{"@type":"ListItem","position":1,"name":"\u9996\u9875","item":"https:\/\/vapemaison.com\/"},{"@type":"ListItem","position":2,"name":"Shop","item":"https:\/\/vapemaison.com\/shop\/"},{"@type":"ListItem","position":3,"name":"Bang","item":"https:\/\/vapemaison.com\/brand\/bang\/"},{"@type":"ListItem","position":4,"name":"Bang Blaze Starry 50000 Disposable Vape 50K Puff"}]},{"@type":"WebSite","@id":"https:\/\/vapemaison.com\/#website","url":"https:\/\/vapemaison.com\/","name":"VapeMaison","description":"Appareils et accessoires de vapotage haut de gamme","publisher":{"@id":"https:\/\/vapemaison.com\/#organization"},"potentialAction":[{"@type":"SearchAction","target":{"@type":"EntryPoint","urlTemplate":"https:\/\/vapemaison.com\/?s={search_term_string}"},"query-input":{"@type":"PropertyValueSpecification","valueRequired":true,"valueName":"search_term_string"}}],"inLanguage":"fr-FR"},{"@type":"Organization","@id":"https:\/\/vapemaison.com\/#organization","name":"VapeMaison","url":"https:\/\/vapemaison.com\/","logo":{"@type":"ImageObject","inLanguage":"fr-FR","@id":"https:\/\/vapemaison.com\/#\/schema\/logo\/image\/","url":"https:\/\/vapemaison.com\/wp-content\/uploads\/2026\/01\/cropped-vapemaison-logo-g-2026.webp","contentUrl":"https:\/\/vapemaison.com\/wp-content\/uploads\/2026\/01\/cropped-vapemaison-logo-g-2026.webp","width":350,"height":280,"caption":"VapeMaison"},"image":{"@id":"https:\/\/vapemaison.com\/#\/schema\/logo\/image\/"},"sameAs":["https:\/\/www.youtube.com\/@VapeMaison"]}]}},"tiered_pricing_type":"fixed","tiered_pricing_fixed_rules":{"30":"11.24","50":"10.36","100":"9.42","200":"8.88"},"tiered_pricing_product_settings":{"layout":"default","base_unit_name":{"singular":null,"plural":null},"default_variation":null},"tiered_pricing_minimum_quantity":10,"tiered_pricing_roles_data":[],"tiered_pricing_percentage_rules":[],"tiered_pricing_maximum_quantity":null,"tiered_pricing_quantity_step":"10","_links":{"self":[{"href":"https:\/\/vapemaison.com\/fr\/wp-json\/wp\/v2\/product\/15642","targetHints":{"allow":["GET"]}}],"collection":[{"href":"https:\/\/vapemaison.com\/fr\/wp-json\/wp\/v2\/product"}],"about":[{"href":"https:\/\/vapemaison.com\/fr\/wp-json\/wp\/v2\/types\/product"}],"replies":[{"embeddable":true,"href":"https:\/\/vapemaison.com\/fr\/wp-json\/wp\/v2\/comments?post=15642"}],"version-history":[{"count":1,"href":"https:\/\/vapemaison.com\/fr\/wp-json\/wp\/v2\/product\/15642\/revisions"}],"predecessor-version":[{"id":26508,"href":"https:\/\/vapemaison.com\/fr\/wp-json\/wp\/v2\/product\/15642\/revisions\/26508"}],"wp:featuredmedia":[{"embeddable":true,"href":"https:\/\/vapemaison.com\/fr\/wp-json\/wp\/v2\/media\/15764"}],"wp:attachment":[{"href":"https:\/\/vapemaison.com\/fr\/wp-json\/wp\/v2\/media?parent=15642"}],"wp:term":[{"taxonomy":"product_brand","embeddable":true,"href":"https:\/\/vapemaison.com\/fr\/wp-json\/wp\/v2\/product_brand?post=15642"},{"taxonomy":"product_cat","embeddable":true,"href":"https:\/\/vapemaison.com\/fr\/wp-json\/wp\/v2\/product_cat?post=15642"},{"taxonomy":"product_tag","embeddable":true,"href":"https:\/\/vapemaison.com\/fr\/wp-json\/wp\/v2\/product_tag?post=15642"}],"curies":[{"name":"wp","href":"https:\/\/api.w.org\/{rel}","templated":true}]}}