

{"id":15644,"date":"2025-12-03T07:15:23","date_gmt":"2025-12-03T07:15:23","guid":{"rendered":"https:\/\/vapemaison.com\/?post_type=product&#038;p=15644"},"modified":"2025-12-03T07:19:05","modified_gmt":"2025-12-03T07:19:05","slug":"bang-de-80k-puffs-jetable-vape","status":"publish","type":"product","link":"https:\/\/vapemaison.com\/fr\/product\/bang-de-80k-puffs-disposable-vape\/","title":{"rendered":"Bang DE 80000 Vape jetable 80k Puff"},"content":{"rendered":"<p>Le <strong>Bang DE 80000<\/strong> \u00e9l\u00e8ve le vapotage jetable avec un syst\u00e8me d'ar\u00f4mes innovant 3-en-1 et un d\u00e9bit impressionnant de <strong>jusqu'\u00e0 80 000 bouff\u00e9es<\/strong>. Con\u00e7u pour les utilisateurs qui appr\u00e9cient \u00e0 la fois la vari\u00e9t\u00e9 et la commodit\u00e9, ce dispositif permet de changer d'ar\u00f4me en toute transparence sans avoir \u00e0 transporter plusieurs vapes.<\/p>\n\n\n\n<p>Avec une g\u00e9n\u00e9reuse <strong>Capacit\u00e9 de 60mL d'e-liquide<\/strong> se r\u00e9partissent en <strong>trois dosettes de 20 ml<\/strong>, Chaque dosette offre un profil de saveur distinct. Vous pouvez facilement passer d'un ar\u00f4me \u00e0 l'autre \u00e0 tout moment, ce qui vous permet de vous adapter \u00e0 votre humeur ou de profiter d'une rotation continue des ar\u00f4mes tout au long de la journ\u00e9e. Cette conception multi-saveurs unique offre une polyvalence qui va au-del\u00e0 des vapes jetables traditionnelles.<\/p>\n\n\n\n<p>Aliment\u00e9 par un <strong>Batterie rechargeable de 650mAh<\/strong>, Le Bang DE 80000 offre une endurance fiable et une recharge rapide gr\u00e2ce \u00e0 son syst\u00e8me d'alimentation en \u00e9nergie. <strong>Chargement rapide de type C<\/strong>. Son <strong>Structure de la bobine \u00e0 triple maille de 1,0\u03a9<\/strong> assure une production de vapeur dense et une saveur propre et constante \u00e0 partir de chaque dosette.<\/p>\n\n\n\n<p>En outre, le syst\u00e8me int\u00e9gr\u00e9 <strong>\u00c9cran LCD<\/strong> vous informe en temps r\u00e9el du niveau de la batterie et de l'utilisation de l'e-liquide, ce qui rend le processus de vapotage plus intuitif et mieux contr\u00f4l\u00e9.<\/p>\n\n\n\n<p>Disponible en <strong>12 combinaisons de saveurs de premi\u00e8re qualit\u00e9<\/strong> et emball\u00e9s dans <strong>Bo\u00eetes de 10 pi\u00e8ces<\/strong>, Cet appareil est un excellent choix pour les utilisateurs individuels et les grossistes \u00e0 la recherche de vapes jetables de haute performance.<\/p>\n\n\n\n<figure class=\"wp-block-table\"><table class=\"has-fixed-layout\"><thead><tr><th><strong>Caract\u00e9ristiques<\/strong><\/th><th><strong>D\u00e9tails<\/strong><\/th><\/tr><\/thead><tbody><tr><td><strong>Puffs<\/strong><\/td><td>Jusqu'\u00e0 <strong>80,000<\/strong> bouff\u00e9es<\/td><\/tr><tr><td><strong>Intensit\u00e9 de la nicotine<\/strong><\/td><td>2% \/ 3% \/ 5%<\/td><\/tr><tr><td><strong>Saveurs<\/strong><\/td><td>3 saveurs r\u00e9glables<\/td><\/tr><tr><td><strong>Capacit\u00e9 en e-liquide<\/strong><\/td><td>20mL \u00d7 3 (<strong>Total 60mL<\/strong>)<\/td><\/tr><tr><td><strong>Batterie<\/strong><\/td><td>650mAh Rechargeable<\/td><\/tr><tr><td><strong>Type de bobine<\/strong><\/td><td>Triple maille 1.0\u03a9 \u00d7 3<\/td><\/tr><tr><td><strong>Affichage<\/strong><\/td><td>\u00c9cran LCD<\/td><\/tr><tr><td><strong>Chargement<\/strong><\/td><td>Chargement rapide de type C<\/td><\/tr><tr><td><strong>Emballage<\/strong><\/td><td>10 pi\u00e8ces\/paquet<\/td><\/tr><tr><td><strong>Options de saveurs<\/strong><\/td><td>12 Choix<\/td><\/tr><\/tbody><\/table><\/figure>\n\n\n\n<h2 class=\"wp-block-heading\">Saveur\uff1a<\/h2>\n\n\n\n<ol class=\"wp-block-list\">\n<li>Past\u00e8que Ice &amp; Red Bull &amp; Fraise Kiwi<\/li>\n\n\n\n<li>Glace aux myrtilles, fraise, past\u00e8que et citron vert<\/li>\n\n\n\n<li>Myrtille, past\u00e8que et kiwi Fruit de la passion Goyave et past\u00e8que Bubble Gum<\/li>\n\n\n\n<li>Black Dragon Ice &amp; Sour Mango Pineapple &amp; Red Bull<\/li>\n\n\n\n<li>Fraise Past\u00e8que &amp; Baies m\u00e9lang\u00e9es &amp; P\u00eache au citron<\/li>\n\n\n\n<li>Myrtille Razz &amp; Fraise Banane &amp; Ananas Noix de Coco<\/li>\n\n\n\n<li>Glace aux myrtilles &amp; Triple melon &amp; Pomme raisin<\/li>\n\n\n\n<li>Past\u00e8que Dragon &amp; Mangue P\u00eache &amp; Fraise Kiwi<\/li>\n\n\n\n<li>Myrtille Framboise &amp; Fraise Vanille Coca &amp; Baies m\u00e9lang\u00e9es<\/li>\n\n\n\n<li>Glace past\u00e8que &amp; glace fraise &amp; glace kiwi fruit de la passion goyave<\/li>\n\n\n\n<li>Blueberry Razz &amp; Black Dragon Ice &amp; Fizzy Cherry Ice<\/li>\n\n\n\n<li>Cerise Cola Ice &amp; Myrtille Past\u00e8que &amp; Fraise Mangue<\/li>\n<\/ol>\n\n\n\n<p><\/p>","protected":false},"excerpt":{"rendered":"<p>The Bang DE 80000 elevates disposable vaping with an innovative 3-in-1 flavor system and an impressive output of up to 80,000 puffs. Designed for users who appreciate both variety and convenience, this device allows seamless flavor switching without the need to carry multiple vapes. With a generous 60mL e-liquid capacity split into three 20mL pods, [&hellip;]<\/p>\n","protected":false},"featured_media":15710,"comment_status":"open","ping_status":"closed","template":"","meta":[],"product_brand":[57],"product_cat":[149],"product_tag":[],"class_list":{"0":"post-15644","1":"product","2":"type-product","3":"status-publish","4":"has-post-thumbnail","6":"product_brand-bang","7":"product_cat-80k-puffs","9":"first","10":"instock","11":"sale","12":"shipping-taxable","13":"purchasable","14":"product-type-variable"},"yoast_head":"<!-- This site is optimized with the Yoast SEO plugin v27.4 - https:\/\/yoast.com\/product\/yoast-seo-wordpress\/ -->\n<title>Bang DE 80000 Vape 3in1 Triple Flavors &amp; 80K Puffs | 2025<\/title>\n<meta name=\"description\" content=\"Experience up to 80k puffs with triple adjustable flavors, mesh coils, and LCD display. Bang DE 80000 delivers power and variety in one device.\" \/>\n<meta name=\"robots\" content=\"index, follow, max-snippet:-1, max-image-preview:large, max-video-preview:-1\" \/>\n<link rel=\"canonical\" href=\"https:\/\/vapemaison.com\/fr\/produit\/bang-de-80k-puffs-jetable-vape\/\" \/>\n<meta property=\"og:locale\" content=\"fr_FR\" \/>\n<meta property=\"og:type\" content=\"article\" \/>\n<meta property=\"og:title\" content=\"Bang DE 80000 Vape 3in1 Triple Flavors &amp; 80K Puffs | 2025\" \/>\n<meta property=\"og:description\" content=\"Experience up to 80k puffs with triple adjustable flavors, mesh coils, and LCD display. Bang DE 80000 delivers power and variety in one device.\" \/>\n<meta property=\"og:url\" content=\"https:\/\/vapemaison.com\/fr\/produit\/bang-de-80k-puffs-jetable-vape\/\" \/>\n<meta property=\"og:site_name\" content=\"VapeMaison\" \/>\n<meta property=\"article:modified_time\" content=\"2025-12-03T07:19:05+00:00\" \/>\n<meta property=\"og:image\" content=\"https:\/\/vapemaison.com\/wp-content\/uploads\/2025\/12\/bang-de-80000-puffs-blueberry-razz-strawberry-banana-pineapple-coconut-1.jpg.webp\" \/>\n\t<meta property=\"og:image:width\" content=\"1828\" \/>\n\t<meta property=\"og:image:height\" content=\"1827\" \/>\n\t<meta property=\"og:image:type\" content=\"image\/webp\" \/>\n<meta name=\"twitter:card\" content=\"summary_large_image\" \/>\n<meta name=\"twitter:label1\" content=\"Dur\u00e9e de lecture estim\u00e9e\" \/>\n\t<meta name=\"twitter:data1\" content=\"2 minutes\" \/>\n<!-- \/ Yoast SEO plugin. -->","yoast_head_json":{"title":"Bang DE 80000 Vape 3in1 Triple Flavors &amp; 80K Puffs | 2025","description":"Exp\u00e9rimentez jusqu'\u00e0 80 000 bouff\u00e9es avec des saveurs r\u00e9glables \u00e0 trois niveaux, des bobines en maille et un \u00e9cran LCD. Bang DE 80000 offre puissance et vari\u00e9t\u00e9 dans un seul appareil.","robots":{"index":"index","follow":"follow","max-snippet":"max-snippet:-1","max-image-preview":"max-image-preview:large","max-video-preview":"max-video-preview:-1"},"canonical":"https:\/\/vapemaison.com\/fr\/produit\/bang-de-80k-puffs-jetable-vape\/","og_locale":"fr_FR","og_type":"article","og_title":"Bang DE 80000 Vape 3in1 Triple Flavors & 80K Puffs | 2025","og_description":"Experience up to 80k puffs with triple adjustable flavors, mesh coils, and LCD display. Bang DE 80000 delivers power and variety in one device.","og_url":"https:\/\/vapemaison.com\/fr\/produit\/bang-de-80k-puffs-jetable-vape\/","og_site_name":"VapeMaison","article_modified_time":"2025-12-03T07:19:05+00:00","og_image":[{"width":1828,"height":1827,"url":"https:\/\/vapemaison.com\/wp-content\/uploads\/2025\/12\/bang-de-80000-puffs-blueberry-razz-strawberry-banana-pineapple-coconut-1.jpg.webp","type":"image\/webp"}],"twitter_card":"summary_large_image","twitter_misc":{"Dur\u00e9e de lecture estim\u00e9e":"2 minutes"},"schema":{"@context":"https:\/\/schema.org","@graph":[{"@type":"WebPage","@id":"https:\/\/vapemaison.com\/product\/bang-de-80k-puffs-disposable-vape\/","url":"https:\/\/vapemaison.com\/product\/bang-de-80k-puffs-disposable-vape\/","name":"Bang DE 80000 Vape 3in1 Triple Flavors &amp; 80K Puffs | 2025","isPartOf":{"@id":"https:\/\/vapemaison.com\/#website"},"primaryImageOfPage":{"@id":"https:\/\/vapemaison.com\/product\/bang-de-80k-puffs-disposable-vape\/#primaryimage"},"image":{"@id":"https:\/\/vapemaison.com\/product\/bang-de-80k-puffs-disposable-vape\/#primaryimage"},"thumbnailUrl":"https:\/\/vapemaison.com\/wp-content\/uploads\/2025\/12\/bang-de-80000-puffs-blueberry-razz-strawberry-banana-pineapple-coconut-1.jpg.webp","datePublished":"2025-12-03T07:15:23+00:00","dateModified":"2025-12-03T07:19:05+00:00","description":"Exp\u00e9rimentez jusqu'\u00e0 80 000 bouff\u00e9es avec des saveurs r\u00e9glables \u00e0 trois niveaux, des bobines en maille et un \u00e9cran LCD. Bang DE 80000 offre puissance et vari\u00e9t\u00e9 dans un seul appareil.","breadcrumb":{"@id":"https:\/\/vapemaison.com\/product\/bang-de-80k-puffs-disposable-vape\/#breadcrumb"},"inLanguage":"fr-FR","potentialAction":[{"@type":"ReadAction","target":["https:\/\/vapemaison.com\/product\/bang-de-80k-puffs-disposable-vape\/"]}]},{"@type":"ImageObject","inLanguage":"fr-FR","@id":"https:\/\/vapemaison.com\/product\/bang-de-80k-puffs-disposable-vape\/#primaryimage","url":"https:\/\/vapemaison.com\/wp-content\/uploads\/2025\/12\/bang-de-80000-puffs-blueberry-razz-strawberry-banana-pineapple-coconut-1.jpg.webp","contentUrl":"https:\/\/vapemaison.com\/wp-content\/uploads\/2025\/12\/bang-de-80000-puffs-blueberry-razz-strawberry-banana-pineapple-coconut-1.jpg.webp","width":1828,"height":1827,"caption":"Bang De Puffs Blueberry Razz Strawberry Banana Pineapple Coconut 1.jpg Disposable Vape Device"},{"@type":"BreadcrumbList","@id":"https:\/\/vapemaison.com\/product\/bang-de-80k-puffs-disposable-vape\/#breadcrumb","itemListElement":[{"@type":"ListItem","position":1,"name":"\u9996\u9875","item":"https:\/\/vapemaison.com\/"},{"@type":"ListItem","position":2,"name":"Shop","item":"https:\/\/vapemaison.com\/shop\/"},{"@type":"ListItem","position":3,"name":"Bang","item":"https:\/\/vapemaison.com\/brand\/bang\/"},{"@type":"ListItem","position":4,"name":"Bang DE 80000 Disposable Vape 80k Puff"}]},{"@type":"WebSite","@id":"https:\/\/vapemaison.com\/#website","url":"https:\/\/vapemaison.com\/","name":"VapeMaison","description":"Appareils et accessoires de vapotage haut de gamme","publisher":{"@id":"https:\/\/vapemaison.com\/#organization"},"potentialAction":[{"@type":"SearchAction","target":{"@type":"EntryPoint","urlTemplate":"https:\/\/vapemaison.com\/?s={search_term_string}"},"query-input":{"@type":"PropertyValueSpecification","valueRequired":true,"valueName":"search_term_string"}}],"inLanguage":"fr-FR"},{"@type":"Organization","@id":"https:\/\/vapemaison.com\/#organization","name":"VapeMaison","url":"https:\/\/vapemaison.com\/","logo":{"@type":"ImageObject","inLanguage":"fr-FR","@id":"https:\/\/vapemaison.com\/#\/schema\/logo\/image\/","url":"https:\/\/vapemaison.com\/wp-content\/uploads\/2026\/01\/cropped-vapemaison-logo-g-2026.webp","contentUrl":"https:\/\/vapemaison.com\/wp-content\/uploads\/2026\/01\/cropped-vapemaison-logo-g-2026.webp","width":350,"height":280,"caption":"VapeMaison"},"image":{"@id":"https:\/\/vapemaison.com\/#\/schema\/logo\/image\/"},"sameAs":["https:\/\/www.youtube.com\/@VapeMaison"]}]}},"tiered_pricing_type":"fixed","tiered_pricing_fixed_rules":{"30":"12.42","50":"11.68","100":"10.36","200":"9.98"},"tiered_pricing_product_settings":{"layout":"default","base_unit_name":{"singular":null,"plural":null},"default_variation":null},"tiered_pricing_minimum_quantity":10,"tiered_pricing_roles_data":[],"tiered_pricing_percentage_rules":[],"tiered_pricing_maximum_quantity":null,"tiered_pricing_quantity_step":"10","_links":{"self":[{"href":"https:\/\/vapemaison.com\/fr\/wp-json\/wp\/v2\/product\/15644","targetHints":{"allow":["GET"]}}],"collection":[{"href":"https:\/\/vapemaison.com\/fr\/wp-json\/wp\/v2\/product"}],"about":[{"href":"https:\/\/vapemaison.com\/fr\/wp-json\/wp\/v2\/types\/product"}],"replies":[{"embeddable":true,"href":"https:\/\/vapemaison.com\/fr\/wp-json\/wp\/v2\/comments?post=15644"}],"version-history":[{"count":0,"href":"https:\/\/vapemaison.com\/fr\/wp-json\/wp\/v2\/product\/15644\/revisions"}],"wp:featuredmedia":[{"embeddable":true,"href":"https:\/\/vapemaison.com\/fr\/wp-json\/wp\/v2\/media\/15710"}],"wp:attachment":[{"href":"https:\/\/vapemaison.com\/fr\/wp-json\/wp\/v2\/media?parent=15644"}],"wp:term":[{"taxonomy":"product_brand","embeddable":true,"href":"https:\/\/vapemaison.com\/fr\/wp-json\/wp\/v2\/product_brand?post=15644"},{"taxonomy":"product_cat","embeddable":true,"href":"https:\/\/vapemaison.com\/fr\/wp-json\/wp\/v2\/product_cat?post=15644"},{"taxonomy":"product_tag","embeddable":true,"href":"https:\/\/vapemaison.com\/fr\/wp-json\/wp\/v2\/product_tag?post=15644"}],"curies":[{"name":"wp","href":"https:\/\/api.w.org\/{rel}","templated":true}]}}