

{"id":15646,"date":"2025-12-03T06:35:15","date_gmt":"2025-12-03T06:35:15","guid":{"rendered":"https:\/\/vapemaison.com\/?post_type=product&#038;p=15646"},"modified":"2026-05-07T06:22:44","modified_gmt":"2026-05-07T06:22:44","slug":"bang-king-85000-jetable-vape-85k-puff","status":"publish","type":"product","link":"https:\/\/vapemaison.com\/fr\/product\/bang-king-85000-disposable-vape-85k-puff\/","title":{"rendered":"Bang King 85000 Vape jetable - 85k Puff"},"content":{"rendered":"<p>Le <strong>Bang King 85k<\/strong> est con\u00e7u pour les vapoteurs qui recherchent \u00e0 la fois l'endurance et la flexibilit\u00e9 des ar\u00f4mes dans un appareil haut de gamme. Il d\u00e9livre <strong>jusqu'\u00e0 85 000 bouff\u00e9es<\/strong>, La technologie de l'eau de Javel permet d'obtenir des performances durables qui restent constantes de la premi\u00e8re \u00e0 la derni\u00e8re bouff\u00e9e. <strong>En outre<\/strong>, Son syst\u00e8me \u00e0 trois ar\u00f4mes permet aux utilisateurs de profiter de la vari\u00e9t\u00e9 sans avoir \u00e0 transporter plusieurs appareils.<\/p>\n\n\n\n<h2 class=\"wp-block-heading\"><strong>Syst\u00e8me \u00e0 triple ar\u00f4me<\/strong><\/h2>\n\n\n\n<p>Ce dispositif est dot\u00e9 d'un <strong>syst\u00e8me de commutation \u00e0 trois saveurs<\/strong>, aliment\u00e9 par <strong>3 \u00d7 dosettes de 21 ml (63 ml au total)<\/strong> de e-liquide. <strong>D'un simple glissement ou d'une pression sur un bouton<\/strong>, les utilisateurs peuvent changer de parfum instantan\u00e9ment. <strong>En cons\u00e9quence, les<\/strong>, Il s'agit donc d'un choix id\u00e9al pour ceux qui aiment varier les saveurs tout au long de la journ\u00e9e.<\/p>\n\n\n\n<h2 class=\"wp-block-heading\"><strong>Performance et technologie<\/strong><\/h2>\n\n\n\n<p>Le Bang King 85000 associe un <strong>Batterie rechargeable de 600mAh<\/strong> avec <strong>triple bobines de 1,0\u03a9<\/strong> pour garantir une vapeur r\u00e9guli\u00e8re, une puissance stable et une diffusion pr\u00e9cise des ar\u00f4mes.<br><strong>En outre, les<\/strong>, le syst\u00e8me int\u00e9gr\u00e9 <strong>\u00c9cran LCD<\/strong> affiche des informations en temps r\u00e9el telles que l'autonomie de la batterie, le nombre de bouff\u00e9es et les niveaux d'ar\u00f4mes, donnant aux utilisateurs un contr\u00f4le total pendant chaque session.<\/p>\n\n\n\n<h2 class=\"wp-block-heading\"><strong>Nicotine et options de recharge<\/strong><\/h2>\n\n\n\n<p>Disponible en <strong>2% \/ 3% \/ 5% taux de nicotine<\/strong>, L'appareil r\u00e9pond \u00e0 un large \u00e9ventail de pr\u00e9f\u00e9rences.<br>En outre, <strong>Chargement rapide de type C<\/strong> minimise les temps d'arr\u00eat, permettant aux utilisateurs de se recharger rapidement et de continuer \u00e0 vaper sans interruption.<\/p>\n\n\n\n<h2 class=\"wp-block-heading\"><strong>Pourquoi choisir Bang King ? <strong>85k houppette<\/strong><\/strong><\/h2>\n\n\n\n<p>Dans l'ensemble, le Bang King 85000 se distingue par sa qualit\u00e9. <strong>appareil de grande capacit\u00e9, personnalisable et riche en saveurs<\/strong> Con\u00e7u pour les vapoteurs qui recherchent des performances maximales dans un format \u00e9l\u00e9gant et portable.<\/p>\n\n\n\n<h2 class=\"wp-block-heading\"><strong>Sp\u00e9cifications<\/strong><\/h2>\n\n\n\n<figure class=\"wp-block-table\"><table class=\"has-fixed-layout\"><thead><tr><th><strong>Sp\u00e9cifications<\/strong><\/th><th><strong>D\u00e9tails<\/strong><\/th><\/tr><\/thead><tbody><tr><td><strong>Puffs<\/strong><\/td><td>Jusqu'\u00e0 85 000 bouff\u00e9es<\/td><\/tr><tr><td><strong>Intensit\u00e9 de la nicotine<\/strong><\/td><td>2% \/ 3% \/ 5%<\/td><\/tr><tr><td><strong>Saveurs<\/strong><\/td><td>3 saveurs r\u00e9glables<\/td><\/tr><tr><td><strong>Capacit\u00e9 en e-liquide<\/strong><\/td><td>21mL \u00d7 3 (Total 63mL)<\/td><\/tr><tr><td><strong>Batterie<\/strong><\/td><td>600mAh rechargeable<\/td><\/tr><tr><td><strong>Type de bobine<\/strong><\/td><td>Triple maille 1.0\u03a9 \u00d7 3<\/td><\/tr><tr><td><strong>Affichage<\/strong><\/td><td>\u00c9cran LCD<\/td><\/tr><tr><td><strong>Chargement<\/strong><\/td><td>Chargement rapide de type C<\/td><\/tr><tr><td><strong>Emballage<\/strong><\/td><td>10 pi\u00e8ces\/paquet<\/td><\/tr><tr><td><strong>Options de saveurs<\/strong><\/td><td>16 Choix<\/td><\/tr><\/tbody><\/table><\/figure>\n\n\n\n<h2 class=\"wp-block-heading\"><strong>Combinaisons d'ar\u00f4mes disponibles<\/strong><\/h2>\n\n\n\n<ul class=\"wp-block-list\">\n<li>Past\u00e8que &amp; Red Bull &amp; Fraise Kiwi<\/li>\n\n\n\n<li>Glace au citron vert et \u00e0 la fraise Glace \u00e0 la past\u00e8que et \u00e0 la myrtille<\/li>\n\n\n\n<li>Fraise, banane, framboise, past\u00e8que et limonade rose<\/li>\n\n\n\n<li>Bleu Razz Cherry &amp; Cool Mint &amp; Peach Mango<\/li>\n\n\n\n<li>Fruits tropicaux et fraises Past\u00e8que et p\u00eache au citron<\/li>\n\n\n\n<li>Ananas noix de coco, fraise, banane et bleu Razz<\/li>\n\n\n\n<li>Past\u00e8que \u00e0 la fraise &amp; Triple melon &amp; glace \u00e0 la fraise<\/li>\n\n\n\n<li>Fruits m\u00e9lang\u00e9s et mangue P\u00eache et raisin Ice<\/li>\n\n\n\n<li>Coca vanille \u00e0 la fraise, glace \u00e0 la p\u00eache et glace au dragon noir<\/li>\n\n\n\n<li>Glace luxuriante et kiwi Fruit de la passion Goyave et mangue paille<\/li>\n\n\n\n<li>Past\u00e8que \u00e0 la fraise &amp; past\u00e8que &amp; glace Blue Razz<\/li>\n\n\n\n<li>Berry Lemonade &amp; Strawberry Red Bull &amp; Strawberry Pomp<\/li>\n\n\n\n<li>Double Apple &amp; Fruity Fusion &amp; Pineapple Ice<\/li>\n\n\n\n<li>Cola Ice &amp; Mr Blue &amp; Cherry Cola<\/li>\n\n\n\n<li>Donut \u00e0 la fraise &amp; glace \u00e0 la banane &amp; Love66<\/li>\n\n\n\n<li>Ice Tea Lemon Ice &amp; Mango On Ice &amp; Lychee Ice<\/li>\n<\/ul>\n\n\n\n<p><\/p>","protected":false},"excerpt":{"rendered":"<p>The Bang King 85k is designed for vapers who want both endurance and flavor flexibility in one premium device. It delivers up to 85k puff, offering long-lasting performance that remains consistent from the first puff to the last. Moreover, its triple-flavor system gives users the freedom to enjoy variety without carrying multiple devices. Triple-Flavor System [&hellip;]<\/p>\n","protected":false},"featured_media":15651,"comment_status":"open","ping_status":"closed","template":"","meta":[],"product_brand":[57],"product_cat":[155,142],"product_tag":[],"class_list":{"0":"post-15646","1":"product","2":"type-product","3":"status-publish","4":"has-post-thumbnail","6":"product_brand-bang","7":"product_cat-85k-puffs","8":"product_cat-eu-stock","10":"first","11":"instock","12":"sale","13":"shipping-taxable","14":"purchasable","15":"product-type-variable"},"yoast_head":"<!-- This site is optimized with the Yoast SEO plugin v27.4 - https:\/\/yoast.com\/product\/yoast-seo-wordpress\/ -->\n<title>Bang King 85000 Vape \u2013 Triple Flavors &amp; 85K Puffs Power | 2025<\/title>\n<meta name=\"description\" content=\"Experience 85k puff, triple adjustable flavors,and Type-C fast charging. Bang King 85000 delivers long-lasting power and rich flavor in one device.\" \/>\n<meta name=\"robots\" content=\"index, follow, max-snippet:-1, max-image-preview:large, max-video-preview:-1\" \/>\n<link rel=\"canonical\" href=\"https:\/\/vapemaison.com\/fr\/produit\/bang-king-85000-jetable-vape-85k-puff\/\" \/>\n<meta property=\"og:locale\" content=\"fr_FR\" \/>\n<meta property=\"og:type\" content=\"article\" \/>\n<meta property=\"og:title\" content=\"Bang King 85000 Vape \u2013 Triple Flavors &amp; 85K Puffs Power | 2025\" \/>\n<meta property=\"og:description\" content=\"Experience 85k puff, triple adjustable flavors,and Type-C fast charging. Bang King 85000 delivers long-lasting power and rich flavor in one device.\" \/>\n<meta property=\"og:url\" content=\"https:\/\/vapemaison.com\/fr\/produit\/bang-king-85000-jetable-vape-85k-puff\/\" \/>\n<meta property=\"og:site_name\" content=\"VapeMaison\" \/>\n<meta property=\"article:modified_time\" content=\"2026-05-07T06:22:44+00:00\" \/>\n<meta property=\"og:image\" content=\"https:\/\/vapemaison.com\/wp-content\/uploads\/2025\/12\/bang-king-85000-puffs-main-picture.jpg.webp\" \/>\n\t<meta property=\"og:image:width\" content=\"800\" \/>\n\t<meta property=\"og:image:height\" content=\"800\" \/>\n\t<meta property=\"og:image:type\" content=\"image\/webp\" \/>\n<meta name=\"twitter:card\" content=\"summary_large_image\" \/>\n<meta name=\"twitter:label1\" content=\"Dur\u00e9e de lecture estim\u00e9e\" \/>\n\t<meta name=\"twitter:data1\" content=\"2 minutes\" \/>\n<!-- \/ Yoast SEO plugin. -->","yoast_head_json":{"title":"Bang King 85000 Vape - Triple Flavors &amp; 85K Puffs Power | 2025","description":"D\u00e9couvrez 85k bouff\u00e9es, trois saveurs r\u00e9glables et la charge rapide Type-C. Bang King 85000 offre une puissance durable et une saveur riche dans un seul appareil.","robots":{"index":"index","follow":"follow","max-snippet":"max-snippet:-1","max-image-preview":"max-image-preview:large","max-video-preview":"max-video-preview:-1"},"canonical":"https:\/\/vapemaison.com\/fr\/produit\/bang-king-85000-jetable-vape-85k-puff\/","og_locale":"fr_FR","og_type":"article","og_title":"Bang King 85000 Vape \u2013 Triple Flavors & 85K Puffs Power | 2025","og_description":"Experience 85k puff, triple adjustable flavors,and Type-C fast charging. Bang King 85000 delivers long-lasting power and rich flavor in one device.","og_url":"https:\/\/vapemaison.com\/fr\/produit\/bang-king-85000-jetable-vape-85k-puff\/","og_site_name":"VapeMaison","article_modified_time":"2026-05-07T06:22:44+00:00","og_image":[{"width":800,"height":800,"url":"https:\/\/vapemaison.com\/wp-content\/uploads\/2025\/12\/bang-king-85000-puffs-main-picture.jpg.webp","type":"image\/webp"}],"twitter_card":"summary_large_image","twitter_misc":{"Dur\u00e9e de lecture estim\u00e9e":"2 minutes"},"schema":{"@context":"https:\/\/schema.org","@graph":[{"@type":"WebPage","@id":"https:\/\/vapemaison.com\/product\/bang-king-85000-disposable-vape-85k-puff\/","url":"https:\/\/vapemaison.com\/product\/bang-king-85000-disposable-vape-85k-puff\/","name":"Bang King 85000 Vape - Triple Flavors &amp; 85K Puffs Power | 2025","isPartOf":{"@id":"https:\/\/vapemaison.com\/#website"},"primaryImageOfPage":{"@id":"https:\/\/vapemaison.com\/product\/bang-king-85000-disposable-vape-85k-puff\/#primaryimage"},"image":{"@id":"https:\/\/vapemaison.com\/product\/bang-king-85000-disposable-vape-85k-puff\/#primaryimage"},"thumbnailUrl":"https:\/\/vapemaison.com\/wp-content\/uploads\/2025\/12\/bang-king-85000-puffs-main-picture.jpg.webp","datePublished":"2025-12-03T06:35:15+00:00","dateModified":"2026-05-07T06:22:44+00:00","description":"D\u00e9couvrez 85k bouff\u00e9es, trois saveurs r\u00e9glables et la charge rapide Type-C. Bang King 85000 offre une puissance durable et une saveur riche dans un seul appareil.","breadcrumb":{"@id":"https:\/\/vapemaison.com\/product\/bang-king-85000-disposable-vape-85k-puff\/#breadcrumb"},"inLanguage":"fr-FR","potentialAction":[{"@type":"ReadAction","target":["https:\/\/vapemaison.com\/product\/bang-king-85000-disposable-vape-85k-puff\/"]}]},{"@type":"ImageObject","inLanguage":"fr-FR","@id":"https:\/\/vapemaison.com\/product\/bang-king-85000-disposable-vape-85k-puff\/#primaryimage","url":"https:\/\/vapemaison.com\/wp-content\/uploads\/2025\/12\/bang-king-85000-puffs-main-picture.jpg.webp","contentUrl":"https:\/\/vapemaison.com\/wp-content\/uploads\/2025\/12\/bang-king-85000-puffs-main-picture.jpg.webp","width":800,"height":800,"caption":"Bang King Puffs Main Picture.jpg Disposable Vape Device"},{"@type":"BreadcrumbList","@id":"https:\/\/vapemaison.com\/product\/bang-king-85000-disposable-vape-85k-puff\/#breadcrumb","itemListElement":[{"@type":"ListItem","position":1,"name":"\u9996\u9875","item":"https:\/\/vapemaison.com\/"},{"@type":"ListItem","position":2,"name":"Shop","item":"https:\/\/vapemaison.com\/shop\/"},{"@type":"ListItem","position":3,"name":"Bang","item":"https:\/\/vapemaison.com\/brand\/bang\/"},{"@type":"ListItem","position":4,"name":"Bang King 85000 Disposable Vape | 85k Puff"}]},{"@type":"WebSite","@id":"https:\/\/vapemaison.com\/#website","url":"https:\/\/vapemaison.com\/","name":"VapeMaison","description":"Appareils et accessoires de vapotage haut de gamme","publisher":{"@id":"https:\/\/vapemaison.com\/#organization"},"potentialAction":[{"@type":"SearchAction","target":{"@type":"EntryPoint","urlTemplate":"https:\/\/vapemaison.com\/?s={search_term_string}"},"query-input":{"@type":"PropertyValueSpecification","valueRequired":true,"valueName":"search_term_string"}}],"inLanguage":"fr-FR"},{"@type":"Organization","@id":"https:\/\/vapemaison.com\/#organization","name":"VapeMaison","url":"https:\/\/vapemaison.com\/","logo":{"@type":"ImageObject","inLanguage":"fr-FR","@id":"https:\/\/vapemaison.com\/#\/schema\/logo\/image\/","url":"https:\/\/vapemaison.com\/wp-content\/uploads\/2026\/01\/cropped-vapemaison-logo-g-2026.webp","contentUrl":"https:\/\/vapemaison.com\/wp-content\/uploads\/2026\/01\/cropped-vapemaison-logo-g-2026.webp","width":350,"height":280,"caption":"VapeMaison"},"image":{"@id":"https:\/\/vapemaison.com\/#\/schema\/logo\/image\/"},"sameAs":["https:\/\/www.youtube.com\/@VapeMaison"]}]}},"tiered_pricing_type":"fixed","tiered_pricing_fixed_rules":{"30":"9.69","50":"9.39","100":"8.99","200":"8.19"},"tiered_pricing_product_settings":{"layout":"default","base_unit_name":{"singular":null,"plural":null},"default_variation":null},"tiered_pricing_minimum_quantity":10,"tiered_pricing_roles_data":[],"tiered_pricing_percentage_rules":[],"tiered_pricing_maximum_quantity":null,"tiered_pricing_quantity_step":"10","_links":{"self":[{"href":"https:\/\/vapemaison.com\/fr\/wp-json\/wp\/v2\/product\/15646","targetHints":{"allow":["GET"]}}],"collection":[{"href":"https:\/\/vapemaison.com\/fr\/wp-json\/wp\/v2\/product"}],"about":[{"href":"https:\/\/vapemaison.com\/fr\/wp-json\/wp\/v2\/types\/product"}],"replies":[{"embeddable":true,"href":"https:\/\/vapemaison.com\/fr\/wp-json\/wp\/v2\/comments?post=15646"}],"version-history":[{"count":1,"href":"https:\/\/vapemaison.com\/fr\/wp-json\/wp\/v2\/product\/15646\/revisions"}],"predecessor-version":[{"id":27202,"href":"https:\/\/vapemaison.com\/fr\/wp-json\/wp\/v2\/product\/15646\/revisions\/27202"}],"wp:featuredmedia":[{"embeddable":true,"href":"https:\/\/vapemaison.com\/fr\/wp-json\/wp\/v2\/media\/15651"}],"wp:attachment":[{"href":"https:\/\/vapemaison.com\/fr\/wp-json\/wp\/v2\/media?parent=15646"}],"wp:term":[{"taxonomy":"product_brand","embeddable":true,"href":"https:\/\/vapemaison.com\/fr\/wp-json\/wp\/v2\/product_brand?post=15646"},{"taxonomy":"product_cat","embeddable":true,"href":"https:\/\/vapemaison.com\/fr\/wp-json\/wp\/v2\/product_cat?post=15646"},{"taxonomy":"product_tag","embeddable":true,"href":"https:\/\/vapemaison.com\/fr\/wp-json\/wp\/v2\/product_tag?post=15646"}],"curies":[{"name":"wp","href":"https:\/\/api.w.org\/{rel}","templated":true}]}}