

{"id":16054,"date":"2025-12-05T07:30:28","date_gmt":"2025-12-05T07:30:28","guid":{"rendered":"https:\/\/vapemaison.com\/?post_type=product&#038;p=16054"},"modified":"2025-12-05T08:04:01","modified_gmt":"2025-12-05T08:04:01","slug":"bang-king-30000-pro-disposable-30k","status":"publish","type":"product","link":"https:\/\/vapemaison.com\/fr\/product\/bang-king-30000-pro-disposable-30k\/","title":{"rendered":"Bang King 30000 Pro Vape jetable - 30K Puffs Dual Mesh Beast"},"content":{"rendered":"<h3 class=\"wp-block-heading\">Pourquoi choisir le Bang King 30000 Pro ?<\/h3>\n\n\n\n<p>Long\u00e9vit\u00e9 in\u00e9gal\u00e9e (jusqu'\u00e0 30 000 bouff\u00e9es)<\/p>\n\n\n\n<p>Oubliez l'id\u00e9e de changer de dispositif tous les deux ou trois jours. Le Bang King 30000 Pro a une \u00e9norme capacit\u00e9 de 36 ml d'e-liquide pr\u00e9-rempli, ce qui en fait l'un des e-liquides jetables les plus durables sur le march\u00e9.<\/p>\n\n\n\n<p>1.0\u03a9 Mesh Coil pour une saveur explosive<\/p>\n\n\n\n<p>D\u00e9couvrez le vrai go\u00fbt de vos e-juices pr\u00e9f\u00e9r\u00e9s. La technologie avanc\u00e9e 1.0\u03a9 Mesh Coil garantit que chaque tirage cr\u00e9e une vapeur riche et dense et une reproduction authentique des saveurs, de la premi\u00e8re bouff\u00e9e \u00e0 la 30 000e.<\/p>\n\n\n\n<p>Une puissance qui dure : 850mAh et chargement Type-C<\/p>\n\n\n\n<p>Ne vous laissez jamais surprendre par une batterie d\u00e9charg\u00e9e. \u00c9quip\u00e9 d'une robuste batterie rechargeable de 850mAh et d'un port de charge Type-C moderne, le Bang King vous assure d'utiliser chaque goutte d'e-liquide. La charge rapide signifie moins d'attente et plus de vapotage.<\/p>\n\n\n\n<p><strong>Personnalis\u00e9 en fonction de vos besoins<\/strong><\/p>\n\n\n\n<ul class=\"wp-block-list\">\n<li><strong>Intensit\u00e9 de la nicotine :<\/strong> Disponible en <strong>0%, 2%, 3% et 5%<\/strong> pour correspondre \u00e0 votre pr\u00e9f\u00e9rence en mati\u00e8re d'effet de gorge.<\/li>\n\n\n\n<li><strong>Vari\u00e9t\u00e9 d'ar\u00f4mes :<\/strong> Choisissez parmi <strong>12 saveurs de premier choix<\/strong> adapt\u00e9s \u00e0 des palais diff\u00e9rents.<\/li>\n<\/ul>\n\n\n\n<h3 class=\"wp-block-heading\">Sp\u00e9cifications techniques<\/h3>\n\n\n\n<figure class=\"wp-block-table\"><table class=\"has-fixed-layout\"><thead><tr><td><strong>Fonctionnalit\u00e9<\/strong><\/td><td><strong>D\u00e9tails<\/strong><\/td><\/tr><\/thead><tbody><tr><td><strong>Nombre de bouff\u00e9es<\/strong><\/td><td>Jusqu'\u00e0 30 000 bouff\u00e9es<\/td><\/tr><tr><td><strong>Capacit\u00e9 en e-liquide<\/strong><\/td><td>36mL<\/td><\/tr><tr><td><strong>Batterie<\/strong><\/td><td>850mAh (rechargeable)<\/td><\/tr><tr><td><strong>Port de charge<\/strong><\/td><td>Type-C USB<\/td><\/tr><tr><td><strong>R\u00e9sistance de la bobine<\/strong><\/td><td>1.0\u03a9 Mesh Coil<\/td><\/tr><tr><td><strong>Options de la nicotine<\/strong><\/td><td>0% \/ 2% \/ 3% \/ 5%<\/td><\/tr><tr><td><strong>Emballage<\/strong><\/td><td>10 unit\u00e9s \/ bo\u00eete<\/td><\/tr><\/tbody><\/table><\/figure>\n\n\n\n<h5 class=\"wp-block-heading\"><strong>Liste des ar\u00f4mes\uff1a<\/strong><\/h5>\n\n\n\n<ol class=\"wp-block-list\">\n<li>Past\u00e8que \u00e0 la fraise<\/li>\n\n\n\n<li>Glace aux myrtilles<\/li>\n\n\n\n<li>Menthe fra\u00eeche<\/li>\n\n\n\n<li>Fraise Raisin<\/li>\n\n\n\n<li>Myrtille Canneberge Cerise<\/li>\n\n\n\n<li>Past\u00e8que<\/li>\n\n\n\n<li>Fraise Kiwi<\/li>\n\n\n\n<li>Bleu menthe Razz<\/li>\n\n\n\n<li>Triple baie<\/li>\n\n\n\n<li>Past\u00e8que Cerise<\/li>\n\n\n\n<li>Framboise fonc\u00e9 scintillant<\/li>\n\n\n\n<li>Myrtille Framboise<\/li>\n<\/ol>","protected":false},"excerpt":{"rendered":"<p>Arr\u00eatez de compter les bouff\u00e9es. Commencez \u00e0 les appr\u00e9cier. Le Bang King 30000 Pro est le champion ultime de l'endurance sur le march\u00e9 de la vape jetable. Avec un \u00e9norme r\u00e9servoir d'e-liquide de 36 ml et jusqu'\u00e0 30 000 bouff\u00e9es, cet appareil est con\u00e7u pour les vapoteurs qui recherchent la long\u00e9vit\u00e9, la constance des saveurs et l'absence de tracas.<\/p>","protected":false},"featured_media":16056,"comment_status":"open","ping_status":"closed","template":"","meta":[],"product_brand":[57],"product_cat":[134],"product_tag":[],"class_list":{"0":"post-16054","1":"product","2":"type-product","3":"status-publish","4":"has-post-thumbnail","6":"product_brand-bang","7":"product_cat-30k-puffs","9":"first","10":"instock","11":"sale","12":"shipping-taxable","13":"purchasable","14":"product-type-variable"},"yoast_head":"<!-- This site is optimized with the Yoast SEO plugin v27.4 - https:\/\/yoast.com\/product\/yoast-seo-wordpress\/ -->\n<title>Bang King 30000 Pro Disposable 30K Puffs Vape - VapeMaison<\/title>\n<meta name=\"description\" content=\"Buy Bang King 30000 Pro Disposable Vape at the best price. 36mL capacity, 850mAh rechargeable battery. Wholesale &amp; Retail available. Fast Shipping.\" \/>\n<meta name=\"robots\" content=\"index, follow, max-snippet:-1, max-image-preview:large, max-video-preview:-1\" \/>\n<link rel=\"canonical\" href=\"https:\/\/vapemaison.com\/fr\/produit\/bang-king-30000-pro-disposable-30k\/\" \/>\n<meta property=\"og:locale\" content=\"fr_FR\" \/>\n<meta property=\"og:type\" content=\"article\" \/>\n<meta property=\"og:title\" content=\"Bang King 30000 Pro Disposable 30K Puffs Vape - VapeMaison\" \/>\n<meta property=\"og:description\" content=\"Buy Bang King 30000 Pro Disposable Vape at the best price. 36mL capacity, 850mAh rechargeable battery. Wholesale &amp; Retail available. Fast Shipping.\" \/>\n<meta property=\"og:url\" content=\"https:\/\/vapemaison.com\/fr\/produit\/bang-king-30000-pro-disposable-30k\/\" \/>\n<meta property=\"og:site_name\" content=\"VapeMaison\" \/>\n<meta property=\"article:modified_time\" content=\"2025-12-05T08:04:01+00:00\" \/>\n<meta property=\"og:image\" content=\"https:\/\/vapemaison.com\/wp-content\/uploads\/2025\/12\/vapemaison-bang-king-30000-pro-blueberry-raspberry-654x690.jpg.webp\" \/>\n\t<meta property=\"og:image:width\" content=\"654\" \/>\n\t<meta property=\"og:image:height\" content=\"690\" \/>\n\t<meta property=\"og:image:type\" content=\"image\/webp\" \/>\n<meta name=\"twitter:card\" content=\"summary_large_image\" \/>\n<meta name=\"twitter:label1\" content=\"Dur\u00e9e de lecture estim\u00e9e\" \/>\n\t<meta name=\"twitter:data1\" content=\"2 minutes\" \/>\n<!-- \/ Yoast SEO plugin. -->","yoast_head_json":{"title":"Bang King 30000 Pro Jetable 30K Puffs Vape - VapeMaison","description":"Acheter Bang King 30000 Pro Disposable Vape au meilleur prix. Capacit\u00e9 de 36mL, batterie rechargeable de 850mAh. Vente en gros et au d\u00e9tail disponible. Livraison rapide.","robots":{"index":"index","follow":"follow","max-snippet":"max-snippet:-1","max-image-preview":"max-image-preview:large","max-video-preview":"max-video-preview:-1"},"canonical":"https:\/\/vapemaison.com\/fr\/produit\/bang-king-30000-pro-disposable-30k\/","og_locale":"fr_FR","og_type":"article","og_title":"Bang King 30000 Pro Disposable 30K Puffs Vape - VapeMaison","og_description":"Buy Bang King 30000 Pro Disposable Vape at the best price. 36mL capacity, 850mAh rechargeable battery. Wholesale & Retail available. Fast Shipping.","og_url":"https:\/\/vapemaison.com\/fr\/produit\/bang-king-30000-pro-disposable-30k\/","og_site_name":"VapeMaison","article_modified_time":"2025-12-05T08:04:01+00:00","og_image":[{"width":654,"height":690,"url":"https:\/\/vapemaison.com\/wp-content\/uploads\/2025\/12\/vapemaison-bang-king-30000-pro-blueberry-raspberry-654x690.jpg.webp","type":"image\/webp"}],"twitter_card":"summary_large_image","twitter_misc":{"Dur\u00e9e de lecture estim\u00e9e":"2 minutes"},"schema":{"@context":"https:\/\/schema.org","@graph":[{"@type":"WebPage","@id":"https:\/\/vapemaison.com\/product\/bang-king-30000-pro-disposable-30k\/","url":"https:\/\/vapemaison.com\/product\/bang-king-30000-pro-disposable-30k\/","name":"Bang King 30000 Pro Jetable 30K Puffs Vape - VapeMaison","isPartOf":{"@id":"https:\/\/vapemaison.com\/#website"},"primaryImageOfPage":{"@id":"https:\/\/vapemaison.com\/product\/bang-king-30000-pro-disposable-30k\/#primaryimage"},"image":{"@id":"https:\/\/vapemaison.com\/product\/bang-king-30000-pro-disposable-30k\/#primaryimage"},"thumbnailUrl":"https:\/\/vapemaison.com\/wp-content\/uploads\/2025\/12\/vapemaison-bang-king-30000-pro-blueberry-raspberry-654x690.jpg.webp","datePublished":"2025-12-05T07:30:28+00:00","dateModified":"2025-12-05T08:04:01+00:00","description":"Acheter Bang King 30000 Pro Disposable Vape au meilleur prix. Capacit\u00e9 de 36mL, batterie rechargeable de 850mAh. Vente en gros et au d\u00e9tail disponible. Livraison rapide.","breadcrumb":{"@id":"https:\/\/vapemaison.com\/product\/bang-king-30000-pro-disposable-30k\/#breadcrumb"},"inLanguage":"fr-FR","potentialAction":[{"@type":"ReadAction","target":["https:\/\/vapemaison.com\/product\/bang-king-30000-pro-disposable-30k\/"]}]},{"@type":"ImageObject","inLanguage":"fr-FR","@id":"https:\/\/vapemaison.com\/product\/bang-king-30000-pro-disposable-30k\/#primaryimage","url":"https:\/\/vapemaison.com\/wp-content\/uploads\/2025\/12\/vapemaison-bang-king-30000-pro-blueberry-raspberry-654x690.jpg.webp","contentUrl":"https:\/\/vapemaison.com\/wp-content\/uploads\/2025\/12\/vapemaison-bang-king-30000-pro-blueberry-raspberry-654x690.jpg.webp","width":654,"height":690,"caption":"Vapemaison Bang King Pro Blueberry Raspberry 654x690.jpg"},{"@type":"BreadcrumbList","@id":"https:\/\/vapemaison.com\/product\/bang-king-30000-pro-disposable-30k\/#breadcrumb","itemListElement":[{"@type":"ListItem","position":1,"name":"\u9996\u9875","item":"https:\/\/vapemaison.com\/"},{"@type":"ListItem","position":2,"name":"Shop","item":"https:\/\/vapemaison.com\/shop\/"},{"@type":"ListItem","position":3,"name":"Bang","item":"https:\/\/vapemaison.com\/brand\/bang\/"},{"@type":"ListItem","position":4,"name":"Bang King 30000 Pro Disposable Vape &#8211; 30K Puffs Dual Mesh Beast"}]},{"@type":"WebSite","@id":"https:\/\/vapemaison.com\/#website","url":"https:\/\/vapemaison.com\/","name":"VapeMaison","description":"Appareils et accessoires de vapotage haut de gamme","publisher":{"@id":"https:\/\/vapemaison.com\/#organization"},"potentialAction":[{"@type":"SearchAction","target":{"@type":"EntryPoint","urlTemplate":"https:\/\/vapemaison.com\/?s={search_term_string}"},"query-input":{"@type":"PropertyValueSpecification","valueRequired":true,"valueName":"search_term_string"}}],"inLanguage":"fr-FR"},{"@type":"Organization","@id":"https:\/\/vapemaison.com\/#organization","name":"VapeMaison","url":"https:\/\/vapemaison.com\/","logo":{"@type":"ImageObject","inLanguage":"fr-FR","@id":"https:\/\/vapemaison.com\/#\/schema\/logo\/image\/","url":"https:\/\/vapemaison.com\/wp-content\/uploads\/2026\/01\/cropped-vapemaison-logo-g-2026.webp","contentUrl":"https:\/\/vapemaison.com\/wp-content\/uploads\/2026\/01\/cropped-vapemaison-logo-g-2026.webp","width":350,"height":280,"caption":"VapeMaison"},"image":{"@id":"https:\/\/vapemaison.com\/#\/schema\/logo\/image\/"},"sameAs":["https:\/\/www.youtube.com\/@VapeMaison"]}]}},"tiered_pricing_type":"fixed","tiered_pricing_fixed_rules":{"30":"9.99","50":"9.19","100":"8.42","200":"7.99"},"tiered_pricing_product_settings":{"layout":"default","base_unit_name":{"singular":null,"plural":null},"default_variation":null},"tiered_pricing_minimum_quantity":10,"tiered_pricing_roles_data":[],"tiered_pricing_percentage_rules":[],"tiered_pricing_maximum_quantity":null,"tiered_pricing_quantity_step":"10","_links":{"self":[{"href":"https:\/\/vapemaison.com\/fr\/wp-json\/wp\/v2\/product\/16054","targetHints":{"allow":["GET"]}}],"collection":[{"href":"https:\/\/vapemaison.com\/fr\/wp-json\/wp\/v2\/product"}],"about":[{"href":"https:\/\/vapemaison.com\/fr\/wp-json\/wp\/v2\/types\/product"}],"replies":[{"embeddable":true,"href":"https:\/\/vapemaison.com\/fr\/wp-json\/wp\/v2\/comments?post=16054"}],"version-history":[{"count":0,"href":"https:\/\/vapemaison.com\/fr\/wp-json\/wp\/v2\/product\/16054\/revisions"}],"wp:featuredmedia":[{"embeddable":true,"href":"https:\/\/vapemaison.com\/fr\/wp-json\/wp\/v2\/media\/16056"}],"wp:attachment":[{"href":"https:\/\/vapemaison.com\/fr\/wp-json\/wp\/v2\/media?parent=16054"}],"wp:term":[{"taxonomy":"product_brand","embeddable":true,"href":"https:\/\/vapemaison.com\/fr\/wp-json\/wp\/v2\/product_brand?post=16054"},{"taxonomy":"product_cat","embeddable":true,"href":"https:\/\/vapemaison.com\/fr\/wp-json\/wp\/v2\/product_cat?post=16054"},{"taxonomy":"product_tag","embeddable":true,"href":"https:\/\/vapemaison.com\/fr\/wp-json\/wp\/v2\/product_tag?post=16054"}],"curies":[{"name":"wp","href":"https:\/\/api.w.org\/{rel}","templated":true}]}}