

{"id":16098,"date":"2025-12-05T07:59:30","date_gmt":"2025-12-05T07:59:30","guid":{"rendered":"https:\/\/vapemaison.com\/?post_type=product&#038;p=16098"},"modified":"2025-12-05T08:03:35","modified_gmt":"2025-12-05T08:03:35","slug":"bang-30k-pro-dual-flavor","status":"publish","type":"product","link":"https:\/\/vapemaison.com\/fr\/product\/bang-30k-pro-dual-flavor\/","title":{"rendered":"Bang 30K PRO Dual Flavor Vape jetable | 30000 bouff\u00e9es"},"content":{"rendered":"<h2 class=\"wp-block-heading\">Une double exp\u00e9rience intelligente : L'avantage Bang 30K PRO<\/h2>\n\n\n\n<ul class=\"wp-block-list\">\n<li><strong>Syst\u00e8me \u00e0 deux dosettes :<\/strong> Caract\u00e9ristiques <strong>deux chambres \u00e0 e-liquide ind\u00e9pendantes de 18mL<\/strong> (36mL de capacit\u00e9 totale), ce qui vous permet de doubler votre satisfaction et votre choix de saveurs.<\/li>\n\n\n\n<li><strong>Commutation instantan\u00e9e :<\/strong> Passez facilement d'un ar\u00f4me \u00e0 l'autre \u00e0 la vol\u00e9e. Ce syst\u00e8me garantit que vous ne souffrirez plus jamais de la \u201clangue du vapoteur\u201d ou de la monotonie des saveurs.<\/li>\n<\/ul>\n\n\n\n<h2 class=\"wp-block-heading\">L'exp\u00e9rience Smart Vaping : Contr\u00f4le en temps r\u00e9el<\/h2>\n\n\n\n<p>C'est votre tableau de bord num\u00e9rique. Gr\u00e2ce \u00e0 la fonction int\u00e9gr\u00e9e <strong>\u00c9cran LED intelligent<\/strong>, vous n'aurez jamais \u00e0 deviner. L'\u00e9cran vous informe sur :<\/p>\n\n\n\n<ul class=\"wp-block-list\">\n<li><strong>\u00c9tat de la batterie :<\/strong> Contr\u00f4le avec pr\u00e9cision la charge restante de la batterie de 550mAh.<\/li>\n\n\n\n<li><strong>Niveaux d'e-liquide :<\/strong> Visibilit\u00e9 en temps r\u00e9el de la consommation de <em>\u00e0 la fois<\/em> Les chambres \u00e0 e-liquide vous permettent d'anticiper avant d'\u00eatre \u00e0 sec.<\/li>\n<\/ul>\n\n\n\n<h2 class=\"wp-block-heading\">Performance, puissance et pr\u00e9cision<\/h2>\n\n\n\n<ul class=\"wp-block-list\">\n<li><strong>Endurance extr\u00eame :<\/strong> Con\u00e7ue pour une utilisation jusqu'\u00e0 <strong>30 000 bouff\u00e9es<\/strong>, et aliment\u00e9 par un robuste syst\u00e8me de <strong>Batterie rechargeable de 550mAh<\/strong> con\u00e7u pour durer des semaines.<\/li>\n\n\n\n<li><strong>Type-C Chargement rapide :<\/strong> En utilisant le <strong>Chargement rapide de type C<\/strong> l'appareil minimise les temps d'arr\u00eat, ce qui vous permet d'\u00eatre toujours pr\u00eat \u00e0 vaper.<\/li>\n\n\n\n<li><strong>Livraison de saveurs ultimes :<\/strong> Le syst\u00e8me int\u00e9gr\u00e9 <strong>1.0\u03a9 Mesh Coil<\/strong> fournit un chauffage stable et efficace pour le double syst\u00e8me, garantissant une production de vapeur fluide et une saveur riche et authentique du premier au dernier tirage.<\/li>\n<\/ul>\n\n\n\n<h2 class=\"wp-block-heading\">Les sp\u00e9cifications du produit en un coup d'\u0153il<\/h2>\n\n\n\n<figure class=\"wp-block-table\"><table class=\"has-fixed-layout\"><thead><tr><td><strong>Fonctionnalit\u00e9<\/strong><\/td><td><strong>D\u00e9tails<\/strong><\/td><\/tr><\/thead><tbody><tr><td><strong>Nombre de bouff\u00e9es<\/strong><\/td><td>Jusqu'\u00e0 30 000 bouff\u00e9es (maximum)<\/td><\/tr><tr><td><strong>Capacit\u00e9 en e-liquide<\/strong><\/td><td>2 x 18mL Pods (36mL au total)<\/td><\/tr><tr><td><strong>Innovation cl\u00e9<\/strong><\/td><td>Changement d'ar\u00f4me double, affichage LED intelligent<\/td><\/tr><tr><td><strong>Batterie<\/strong><\/td><td>550mAh (rechargeable)<\/td><\/tr><tr><td><strong>Port de charge<\/strong><\/td><td>Chargement rapide de type C<\/td><\/tr><tr><td><strong>R\u00e9sistance de la bobine<\/strong><\/td><td>1.0\u03a9 Mesh Coil<\/td><\/tr><tr><td><strong>Options de la nicotine<\/strong><\/td><td>0% \/ 2% \/ 3% \/ 5%<\/td><\/tr><tr><td><strong>S\u00e9lection d'ar\u00f4mes<\/strong><\/td><td>16 saveurs passionnantes<\/td><\/tr><\/tbody><\/table><\/figure>\n\n\n\n<h2 class=\"wp-block-heading\"><strong>Liste des ar\u00f4mes\uff1a<\/strong><\/h2>\n\n\n\n<ol class=\"wp-block-list\">\n<li>Past\u00e8que et myrtille \u00e0 la menthe<\/li>\n\n\n\n<li>Dragon noir glac\u00e9 et fraise-banane<\/li>\n\n\n\n<li>Pomme acide et myrtille framboise<\/li>\n\n\n\n<li>Glace \u00e0 la mangue, \u00e0 la p\u00eache et \u00e0 la banane<\/li>\n\n\n\n<li>Red Bull &amp; Fraise Mangue<\/li>\n\n\n\n<li>Double pomme et kiwi Fruit de la passion Grenade<\/li>\n\n\n\n<li>Glace au raisin et cola \u00e0 la cerise<\/li>\n\n\n\n<li>Glace \u00e0 la menthe poivr\u00e9e et triple baie<\/li>\n\n\n\n<li>P\u00eache glac\u00e9e et past\u00e8que \u00e0 la fraise<\/li>\n\n\n\n<li>Myrtille, cerise, canneberge et past\u00e8que Berry Boom<\/li>\n\n\n\n<li>Love66 &amp; Fraise Kiwi<\/li>\n\n\n\n<li>Ananas Ice &amp; Blue Fusion<\/li>\n\n\n\n<li>Sakura raisin et fraise litchi<\/li>\n\n\n\n<li>Purple Rain &amp; Strawberry Raspberry Cherry Ice (glace \u00e0 la fraise, \u00e0 la framboise et \u00e0 la cerise)<\/li>\n\n\n\n<li>Glace aux fruits et aux myrtilles<\/li>\n\n\n\n<li>Dragon noir Ice &amp; Mangue Ananas P\u00eache<\/li>\n<\/ol>","protected":false},"excerpt":{"rendered":"<p>Smart Dual Experience: The Bang 30K PRO Advantage The Smart Vaping Experience: Real-Time Monitoring This is your digital dashboard. Thanks to the integrated Smart LED Screen, you never have to guess. The display keeps you informed about: Performance, Power, and Precision Product Specifications at a Glance Feature Details Puff Count Up to 30,000 Puffs (Max) [&hellip;]<\/p>\n","protected":false},"featured_media":16109,"comment_status":"open","ping_status":"closed","template":"","meta":[],"product_brand":[57],"product_cat":[134],"product_tag":[],"class_list":{"0":"post-16098","1":"product","2":"type-product","3":"status-publish","4":"has-post-thumbnail","6":"product_brand-bang","7":"product_cat-30k-puffs","9":"first","10":"instock","11":"sale","12":"shipping-taxable","13":"purchasable","14":"product-type-variable"},"yoast_head":"<!-- This site is optimized with the Yoast SEO plugin v27.4 - https:\/\/yoast.com\/product\/yoast-seo-wordpress\/ -->\n<title>Bang 30K PRO Dual Flavor Disposable Vape | 30000 Puffs - VapeMaison<\/title>\n<meta name=\"description\" content=\"Buy the innovative Bang 30K PRO Dual Flavor Disposable Vape. Featuring 30k puffs instant flavor switching. Find the best price and 16 unique flavors here!\" \/>\n<meta name=\"robots\" content=\"index, follow, max-snippet:-1, max-image-preview:large, max-video-preview:-1\" \/>\n<link rel=\"canonical\" href=\"https:\/\/vapemaison.com\/fr\/produit\/bang-30k-pro-dual-flavor\/\" \/>\n<meta property=\"og:locale\" content=\"fr_FR\" \/>\n<meta property=\"og:type\" content=\"article\" \/>\n<meta property=\"og:title\" content=\"Bang 30K PRO Dual Flavor Disposable Vape | 30000 Puffs - VapeMaison\" \/>\n<meta property=\"og:description\" content=\"Buy the innovative Bang 30K PRO Dual Flavor Disposable Vape. Featuring 30k puffs instant flavor switching. Find the best price and 16 unique flavors here!\" \/>\n<meta property=\"og:url\" content=\"https:\/\/vapemaison.com\/fr\/produit\/bang-30k-pro-dual-flavor\/\" \/>\n<meta property=\"og:site_name\" content=\"VapeMaison\" \/>\n<meta property=\"article:modified_time\" content=\"2025-12-05T08:03:35+00:00\" \/>\n<meta property=\"og:image\" content=\"https:\/\/vapemaison.com\/wp-content\/uploads\/2025\/12\/bang-30k-pro-30000-puffs-front-page.jpg.webp\" \/>\n\t<meta property=\"og:image:width\" content=\"900\" \/>\n\t<meta property=\"og:image:height\" content=\"900\" \/>\n\t<meta property=\"og:image:type\" content=\"image\/webp\" \/>\n<meta name=\"twitter:card\" content=\"summary_large_image\" \/>\n<meta name=\"twitter:label1\" content=\"Dur\u00e9e de lecture estim\u00e9e\" \/>\n\t<meta name=\"twitter:data1\" content=\"2 minutes\" \/>\n<!-- \/ Yoast SEO plugin. -->","yoast_head_json":{"title":"Bang 30K PRO Dual Flavor Vape jetable | 30000 bouff\u00e9es - VapeMaison","description":"Achetez l'innovante Bang 30K PRO Dual Flavor Vape jetable. Avec 30k bouff\u00e9es, changement de saveur instantan\u00e9. Trouvez le meilleur prix et 16 saveurs uniques ici !","robots":{"index":"index","follow":"follow","max-snippet":"max-snippet:-1","max-image-preview":"max-image-preview:large","max-video-preview":"max-video-preview:-1"},"canonical":"https:\/\/vapemaison.com\/fr\/produit\/bang-30k-pro-dual-flavor\/","og_locale":"fr_FR","og_type":"article","og_title":"Bang 30K PRO Dual Flavor Disposable Vape | 30000 Puffs - VapeMaison","og_description":"Buy the innovative Bang 30K PRO Dual Flavor Disposable Vape. Featuring 30k puffs instant flavor switching. Find the best price and 16 unique flavors here!","og_url":"https:\/\/vapemaison.com\/fr\/produit\/bang-30k-pro-dual-flavor\/","og_site_name":"VapeMaison","article_modified_time":"2025-12-05T08:03:35+00:00","og_image":[{"width":900,"height":900,"url":"https:\/\/vapemaison.com\/wp-content\/uploads\/2025\/12\/bang-30k-pro-30000-puffs-front-page.jpg.webp","type":"image\/webp"}],"twitter_card":"summary_large_image","twitter_misc":{"Dur\u00e9e de lecture estim\u00e9e":"2 minutes"},"schema":{"@context":"https:\/\/schema.org","@graph":[{"@type":"WebPage","@id":"https:\/\/vapemaison.com\/product\/bang-30k-pro-dual-flavor\/","url":"https:\/\/vapemaison.com\/product\/bang-30k-pro-dual-flavor\/","name":"Bang 30K PRO Dual Flavor Vape jetable | 30000 bouff\u00e9es - VapeMaison","isPartOf":{"@id":"https:\/\/vapemaison.com\/#website"},"primaryImageOfPage":{"@id":"https:\/\/vapemaison.com\/product\/bang-30k-pro-dual-flavor\/#primaryimage"},"image":{"@id":"https:\/\/vapemaison.com\/product\/bang-30k-pro-dual-flavor\/#primaryimage"},"thumbnailUrl":"https:\/\/vapemaison.com\/wp-content\/uploads\/2025\/12\/bang-30k-pro-30000-puffs-front-page.jpg.webp","datePublished":"2025-12-05T07:59:30+00:00","dateModified":"2025-12-05T08:03:35+00:00","description":"Achetez l'innovante Bang 30K PRO Dual Flavor Vape jetable. Avec 30k bouff\u00e9es, changement de saveur instantan\u00e9. Trouvez le meilleur prix et 16 saveurs uniques ici !","breadcrumb":{"@id":"https:\/\/vapemaison.com\/product\/bang-30k-pro-dual-flavor\/#breadcrumb"},"inLanguage":"fr-FR","potentialAction":[{"@type":"ReadAction","target":["https:\/\/vapemaison.com\/product\/bang-30k-pro-dual-flavor\/"]}]},{"@type":"ImageObject","inLanguage":"fr-FR","@id":"https:\/\/vapemaison.com\/product\/bang-30k-pro-dual-flavor\/#primaryimage","url":"https:\/\/vapemaison.com\/wp-content\/uploads\/2025\/12\/bang-30k-pro-30000-puffs-front-page.jpg.webp","contentUrl":"https:\/\/vapemaison.com\/wp-content\/uploads\/2025\/12\/bang-30k-pro-30000-puffs-front-page.jpg.webp","width":900,"height":900,"caption":"Bang 30k Pro Puffs Front Page.jpg Disposable Vape Device"},{"@type":"BreadcrumbList","@id":"https:\/\/vapemaison.com\/product\/bang-30k-pro-dual-flavor\/#breadcrumb","itemListElement":[{"@type":"ListItem","position":1,"name":"\u9996\u9875","item":"https:\/\/vapemaison.com\/"},{"@type":"ListItem","position":2,"name":"Shop","item":"https:\/\/vapemaison.com\/shop\/"},{"@type":"ListItem","position":3,"name":"Bang","item":"https:\/\/vapemaison.com\/brand\/bang\/"},{"@type":"ListItem","position":4,"name":"Bang 30K PRO Dual Flavor Disposable Vape | 30000 Puffs"}]},{"@type":"WebSite","@id":"https:\/\/vapemaison.com\/#website","url":"https:\/\/vapemaison.com\/","name":"VapeMaison","description":"Appareils et accessoires de vapotage haut de gamme","publisher":{"@id":"https:\/\/vapemaison.com\/#organization"},"potentialAction":[{"@type":"SearchAction","target":{"@type":"EntryPoint","urlTemplate":"https:\/\/vapemaison.com\/?s={search_term_string}"},"query-input":{"@type":"PropertyValueSpecification","valueRequired":true,"valueName":"search_term_string"}}],"inLanguage":"fr-FR"},{"@type":"Organization","@id":"https:\/\/vapemaison.com\/#organization","name":"VapeMaison","url":"https:\/\/vapemaison.com\/","logo":{"@type":"ImageObject","inLanguage":"fr-FR","@id":"https:\/\/vapemaison.com\/#\/schema\/logo\/image\/","url":"https:\/\/vapemaison.com\/wp-content\/uploads\/2026\/01\/cropped-vapemaison-logo-g-2026.webp","contentUrl":"https:\/\/vapemaison.com\/wp-content\/uploads\/2026\/01\/cropped-vapemaison-logo-g-2026.webp","width":350,"height":280,"caption":"VapeMaison"},"image":{"@id":"https:\/\/vapemaison.com\/#\/schema\/logo\/image\/"},"sameAs":["https:\/\/www.youtube.com\/@VapeMaison"]}]}},"tiered_pricing_type":"fixed","tiered_pricing_fixed_rules":{"30":"10.24","50":"9.56","100":"8.99","200":"8.36"},"tiered_pricing_product_settings":{"layout":"default","base_unit_name":{"singular":null,"plural":null},"default_variation":null},"tiered_pricing_minimum_quantity":10,"tiered_pricing_roles_data":[],"tiered_pricing_percentage_rules":[],"tiered_pricing_maximum_quantity":null,"tiered_pricing_quantity_step":"10","_links":{"self":[{"href":"https:\/\/vapemaison.com\/fr\/wp-json\/wp\/v2\/product\/16098","targetHints":{"allow":["GET"]}}],"collection":[{"href":"https:\/\/vapemaison.com\/fr\/wp-json\/wp\/v2\/product"}],"about":[{"href":"https:\/\/vapemaison.com\/fr\/wp-json\/wp\/v2\/types\/product"}],"replies":[{"embeddable":true,"href":"https:\/\/vapemaison.com\/fr\/wp-json\/wp\/v2\/comments?post=16098"}],"version-history":[{"count":0,"href":"https:\/\/vapemaison.com\/fr\/wp-json\/wp\/v2\/product\/16098\/revisions"}],"wp:featuredmedia":[{"embeddable":true,"href":"https:\/\/vapemaison.com\/fr\/wp-json\/wp\/v2\/media\/16109"}],"wp:attachment":[{"href":"https:\/\/vapemaison.com\/fr\/wp-json\/wp\/v2\/media?parent=16098"}],"wp:term":[{"taxonomy":"product_brand","embeddable":true,"href":"https:\/\/vapemaison.com\/fr\/wp-json\/wp\/v2\/product_brand?post=16098"},{"taxonomy":"product_cat","embeddable":true,"href":"https:\/\/vapemaison.com\/fr\/wp-json\/wp\/v2\/product_cat?post=16098"},{"taxonomy":"product_tag","embeddable":true,"href":"https:\/\/vapemaison.com\/fr\/wp-json\/wp\/v2\/product_tag?post=16098"}],"curies":[{"name":"wp","href":"https:\/\/api.w.org\/{rel}","templated":true}]}}