

{"id":16195,"date":"2025-12-08T07:27:38","date_gmt":"2025-12-08T07:27:38","guid":{"rendered":"https:\/\/vapemaison.com\/?post_type=product&#038;p=16195"},"modified":"2026-05-05T03:15:27","modified_gmt":"2026-05-05T03:15:27","slug":"humo-azul-15000-bouffees-jetables-vape-2","status":"publish","type":"product","link":"https:\/\/vapemaison.com\/fr\/product\/humo-azul-15000-puffs-disposable-vape-2\/","title":{"rendered":"Humo Azul 15000 bouff\u00e9es Vape jetable"},"content":{"rendered":"<h3 class=\"wp-block-heading\"><strong>Humo Azul 15000 Puffs - Premium High-Capacity Disposable Vape<\/strong><\/h3>\n\n\n\n<p>Le <strong>Humo Azul 15000 bouff\u00e9es Vape jetable<\/strong> est con\u00e7u pour les utilisateurs \u00e0 la recherche d'une endurance exceptionnelle, d'une saveur raffin\u00e9e et d'une simplicit\u00e9 absolue. Con\u00e7u pour les consommateurs des EAU, il offre <strong>jusqu'\u00e0 15 000 bouff\u00e9es<\/strong>, La technologie de pointe de l'ordinateur de bureau <strong>syst\u00e8me de bobines en treillis<\/strong> qui pr\u00e9serve la puret\u00e9 des ar\u00f4mes et la densit\u00e9 de la vapeur de la premi\u00e8re \u00e0 la derni\u00e8re inhalation.<\/p>\n\n\n\n<p>Son corps \u00e9l\u00e9gant et ergonomique tient confortablement dans la main et se glisse facilement dans une poche ou un petit sac. A <strong>\u00e9cran intelligent<\/strong> fournit des informations en temps r\u00e9el, notamment le nombre de bouff\u00e9es, la dur\u00e9e d'utilisation et le niveau de la batterie, pour une exp\u00e9rience de vapotage transparente et intuitive. Avec <strong>tir activ\u00e9 par le tirage<\/strong>, Il n'y a pas de boutons, de r\u00e9glages ou d'ajustements - il suffit d'inhaler pour profiter d'une vapeur r\u00e9guli\u00e8re et satisfaisante.<\/p>\n\n\n\n<p>La technologie anti-fuite garantit une utilisation quotidienne propre, tandis qu'un syst\u00e8me d'\u00e9tanch\u00e9it\u00e9 \u00e0 l'eau et \u00e0 l'air est disponible. <strong>Port USB de type C<\/strong> permet une recharge rapide pour que l'appareil reste pr\u00eat \u00e0 tout moment. Associ\u00e9 \u00e0 un <strong>20 mg (2%) de nicotine<\/strong> Avec une gamme vari\u00e9e de profils fruits, menthe, dessert et classique, le Humo Azul 15000 est con\u00e7u pour r\u00e9pondre au style de vie rapide de Duba\u00ef et des \u00c9mirats arabes unis. Fiable, savoureux et sans effort, cet appareil est un choix remarquable pour les d\u00e9butants comme pour les vapoteurs chevronn\u00e9s.<\/p>\n\n\n\n<figure class=\"wp-block-embed is-type-video is-provider-youtube wp-block-embed-youtube wp-embed-aspect-9-16 wp-has-aspect-ratio\"><div class=\"wp-block-embed__wrapper\">\n<div class=\"video-container\"><iframe title=\"Humo Azul 24000 Puffs Vape - Unboxing &amp; How to Use | Watermelon Ice Flavor\" width=\"563\" height=\"1000\" src=\"https:\/\/www.youtube.com\/embed\/U0POWHMEwbU?feature=oembed\" frameborder=\"0\" allow=\"accelerometer; autoplay; clipboard-write; encrypted-media; gyroscope; picture-in-picture; web-share\" referrerpolicy=\"strict-origin-when-cross-origin\" allowfullscreen><\/iframe><\/div>\n<\/div><\/figure>\n\n\n\n<h3 class=\"wp-block-heading\"><strong>Sp\u00e9cifications techniques<\/strong><\/h3>\n\n\n\n<figure class=\"wp-block-table\"><table class=\"has-fixed-layout\"><thead><tr><th>Sp\u00e9cifications<\/th><th>D\u00e9tails<\/th><\/tr><\/thead><tbody><tr><td><strong>Marque<\/strong><\/td><td>Humo Azul<\/td><\/tr><tr><td><strong>Capacit\u00e9 de bouff\u00e9e<\/strong><\/td><td>Jusqu'\u00e0 15 000 bouff\u00e9es<\/td><\/tr><tr><td><strong>Volume d'e-liquide<\/strong><\/td><td>18 ml pr\u00e9-rempli<\/td><\/tr><tr><td><strong>Capacit\u00e9 de la batterie<\/strong><\/td><td>650 mAh rechargeable<\/td><\/tr><tr><td><strong>Chargement<\/strong><\/td><td>USB Type-C (5V)<\/td><\/tr><tr><td><strong>Intensit\u00e9 de la nicotine<\/strong><\/td><td>20 mg (2%) standard (les options r\u00e9gionales peuvent varier)<\/td><\/tr><tr><td><strong>Technologie des bobines<\/strong><\/td><td>Bobine en maille \/ double maille pour une meilleure \u00e9vacuation et une vapeur riche<\/td><\/tr><tr><td><strong>Caract\u00e9ristiques intelligentes<\/strong><\/td><td>Compteur de bouff\u00e9es, minuterie d'utilisation, indicateur de batterie<\/td><\/tr><tr><td><strong>Mode d'activation<\/strong><\/td><td>Dessin activ\u00e9<\/td><\/tr><tr><td><strong>Structure<\/strong><\/td><td>Construction \u00e9tanche<\/td><\/tr><\/tbody><\/table><\/figure>\n\n\n\n<h3 class=\"wp-block-heading\"><strong>Options de saveurs<\/strong><\/h3>\n\n\n\n<p>Le Humo Azul 15000 propose une s\u00e9lection de saveurs con\u00e7ues pour r\u00e9pondre aux pr\u00e9f\u00e9rences r\u00e9gionales, offrant une vapeur douce et \u00e9quilibr\u00e9e pour tous les profils.<\/p>\n\n\n\n<h3 class=\"wp-block-heading\"><strong>Saveurs populaires \u00e0 Duba\u00ef :<\/strong><\/h3>\n\n\n\n<ul class=\"wp-block-list\">\n<li><strong>Glace Blue Razz<\/strong> - framboise bleue acidul\u00e9e avec un fini menthol\u00e9 frais<\/li>\n\n\n\n<li><strong>Glace aux myrtilles<\/strong> - myrtille sucr\u00e9e m\u00e9lang\u00e9e \u00e0 une fra\u00eecheur glac\u00e9e<\/li>\n\n\n\n<li><strong>Glace aux baies de raisin<\/strong> - riche m\u00e9lange de raisins et de baies avec de la glace rafra\u00eechissante<\/li>\n\n\n\n<li><strong>Glace de raisin<\/strong> - raisin juteux rehauss\u00e9 d'une note glac\u00e9e<\/li>\n\n\n\n<li><strong>Kiwi Fruit de la passion Goyave<\/strong> - trio tropical aux notes exotiques et lumineuses<\/li>\n\n\n\n<li><strong>Lady Killer<\/strong> - cocktail rafra\u00eechissant de fruits tropicaux<\/li>\n\n\n\n<li><strong>Amour 66<\/strong> - m\u00e9lange doux et sucr\u00e9 inspir\u00e9 des tons classiques de la shisha<\/li>\n\n\n\n<li><strong>Glace au melon<\/strong> - melon sucr\u00e9 associ\u00e9 \u00e0 un menthol givr\u00e9<\/li>\n\n\n\n<li><strong>P\u00eache Baies<\/strong> - p\u00eache m\u00fbre harmonis\u00e9e avec des baies m\u00e9lang\u00e9es<\/li>\n\n\n\n<li><strong>Glace \u00e0 la p\u00eache<\/strong> - p\u00eache juteuse avec une expiration rafra\u00eechissante et glac\u00e9e<\/li>\n\n\n\n<li><strong>Glace \u00e0 la fraise, \u00e0 la past\u00e8que et au raisin<\/strong> - trio fruit\u00e9 r\u00e9frig\u00e9r\u00e9 au menthol<\/li>\n<\/ul>\n\n\n\n<h3 class=\"wp-block-heading\"><strong>Principaux arguments de vente<\/strong><\/h3>\n\n\n\n<ul class=\"wp-block-list\">\n<li><strong>Compteur de bouff\u00e9es intelligent<\/strong> - suit l'utilisation totale en temps r\u00e9el<\/li>\n\n\n\n<li><strong>Perspectives d'utilisation<\/strong> - contr\u00f4le la dur\u00e9e de la bouff\u00e9e et l'estimation de la consommation de calories<\/li>\n\n\n\n<li><strong>Performance durable<\/strong> - jusqu'\u00e0 15 000 bouff\u00e9es par appareil<\/li>\n\n\n\n<li><strong>Design ergonomique et \u00e9l\u00e9gant<\/strong><\/li>\n\n\n\n<li><strong>Portable et adapt\u00e9 aux d\u00e9butants<\/strong> - id\u00e9al pour les nouveaux vapoteurs et les vapoteurs exp\u00e9riment\u00e9s<\/li>\n\n\n\n<li><strong>Syst\u00e8me d'enroulement en maille<\/strong> - offre une saveur stable et puissante<\/li>\n\n\n\n<li><strong>Rechargeable via Type-C<\/strong> - une charge plus rapide et plus efficace<\/li>\n\n\n\n<li><strong>Lib\u00e9ration satisfaisante de nicotine<\/strong> - lisse 20 mg (2%) dosage<\/li>\n<\/ul>\n\n\n\n<p>Explorez le monde du vapotage haut de gamme sur <a href=\"https:\/\/vapemaison.com\/\">VapeMaison<\/a>, o\u00f9 l'innovation rencontre le style. Parcourez notre collection compl\u00e8te sur le site <a href=\"https:\/\/vapemaison.com\/shop\/\">Boutique<\/a> ou d\u00e9couvrez la populaire page <a href=\"https:\/\/vapemaison.com\/brand\/humo-azul\/\">Collection de la marque Humo Vape<\/a> et <a href=\"https:\/\/vapemaison.com\/brand\/bang\/\">Bang<\/a> appr\u00e9ci\u00e9s par les vapoteurs du monde entier. Vous cherchez d'autres options ? Consultez tous nos <a href=\"https:\/\/vapemaison.com\/product-category\/puffs-count\/\">Puffs<\/a> et trouver le produit qui correspond parfaitement \u00e0 vos go\u00fbts et \u00e0 votre style de vie.<\/p>","protected":false},"excerpt":{"rendered":"<p data-start=\"150\" data-end=\"428\">Le <strong data-start=\"154\" data-end=\"195\">Humo Azul 15000 bouff\u00e9es Vape jetable<\/strong> est con\u00e7u pour les vapoteurs qui recherchent une performance durable avec une saveur propre et constante. Con\u00e7u pour une utilisation quotidienne sans effort, il d\u00e9livre une vapeur douce de la premi\u00e8re \u00e0 la derni\u00e8re bouff\u00e9e, sans boutons ni r\u00e9glages - il suffit d'inhaler et de savourer. Mince, rechargeable et facile \u00e0 transporter, c'est un choix fiable pour ceux qui appr\u00e9cient la simplicit\u00e9, la qualit\u00e9 stable et une large gamme de saveurs raffin\u00e9es pour le vapotage de tous les jours.<\/p>","protected":false},"featured_media":16200,"comment_status":"open","ping_status":"closed","template":"","meta":[],"product_brand":[166],"product_cat":[167],"product_tag":[],"class_list":{"0":"post-16195","1":"product","2":"type-product","3":"status-publish","4":"has-post-thumbnail","6":"product_brand-humo-azul","7":"product_cat-15k-puffs","9":"first","10":"instock","11":"sale","12":"shipping-taxable","13":"purchasable","14":"product-type-variable"},"yoast_head":"<!-- This site is optimized with the Yoast SEO plugin v27.4 - https:\/\/yoast.com\/product\/yoast-seo-wordpress\/ -->\n<title>Humo Azul 15000 Puffs Disposable Vape - VapeMaison<\/title>\n<meta name=\"description\" content=\"Humo Azul 15k Puffs offers long-lasting performance, rich mesh-coil flavor. A premium disposable vape built for smooth, consistent satisfaction.\" \/>\n<meta name=\"robots\" content=\"index, follow, max-snippet:-1, max-image-preview:large, max-video-preview:-1\" \/>\n<link rel=\"canonical\" href=\"https:\/\/vapemaison.com\/fr\/produit\/humo-azul-15000-bouffees-jetables-vape-2\/\" \/>\n<meta property=\"og:locale\" content=\"fr_FR\" \/>\n<meta property=\"og:type\" content=\"article\" \/>\n<meta property=\"og:title\" content=\"Humo Azul 15000 Puffs Disposable Vape - VapeMaison\" \/>\n<meta property=\"og:description\" content=\"Humo Azul 15k Puffs offers long-lasting performance, rich mesh-coil flavor. A premium disposable vape built for smooth, consistent satisfaction.\" \/>\n<meta property=\"og:url\" content=\"https:\/\/vapemaison.com\/fr\/produit\/humo-azul-15000-bouffees-jetables-vape-2\/\" \/>\n<meta property=\"og:site_name\" content=\"VapeMaison\" \/>\n<meta property=\"article:modified_time\" content=\"2026-05-05T03:15:27+00:00\" \/>\n<meta property=\"og:image\" content=\"https:\/\/vapemaison.com\/wp-content\/uploads\/2025\/12\/humo-azul-15000-puffs-limited-editon-disposable-vape-love-66.jpg\" \/>\n\t<meta property=\"og:image:width\" content=\"992\" \/>\n\t<meta property=\"og:image:height\" content=\"1056\" \/>\n\t<meta property=\"og:image:type\" content=\"image\/jpeg\" \/>\n<meta name=\"twitter:card\" content=\"summary_large_image\" \/>\n<meta name=\"twitter:label1\" content=\"Dur\u00e9e de lecture estim\u00e9e\" \/>\n\t<meta name=\"twitter:data1\" content=\"3 minutes\" \/>\n<!-- \/ Yoast SEO plugin. -->","yoast_head_json":{"title":"Humo Azul 15000 bouff\u00e9es Vape jetable - VapeMaison","description":"Humo Azul 15k Puffs offre une performance durable, une saveur riche de mesh-coil. Une vape jetable de qualit\u00e9 sup\u00e9rieure con\u00e7ue pour une satisfaction constante et sans heurts.","robots":{"index":"index","follow":"follow","max-snippet":"max-snippet:-1","max-image-preview":"max-image-preview:large","max-video-preview":"max-video-preview:-1"},"canonical":"https:\/\/vapemaison.com\/fr\/produit\/humo-azul-15000-bouffees-jetables-vape-2\/","og_locale":"fr_FR","og_type":"article","og_title":"Humo Azul 15000 Puffs Disposable Vape - VapeMaison","og_description":"Humo Azul 15k Puffs offers long-lasting performance, rich mesh-coil flavor. A premium disposable vape built for smooth, consistent satisfaction.","og_url":"https:\/\/vapemaison.com\/fr\/produit\/humo-azul-15000-bouffees-jetables-vape-2\/","og_site_name":"VapeMaison","article_modified_time":"2026-05-05T03:15:27+00:00","og_image":[{"width":992,"height":1056,"url":"https:\/\/vapemaison.com\/wp-content\/uploads\/2025\/12\/humo-azul-15000-puffs-limited-editon-disposable-vape-love-66.jpg","type":"image\/jpeg"}],"twitter_card":"summary_large_image","twitter_misc":{"Dur\u00e9e de lecture estim\u00e9e":"3 minutes"},"schema":{"@context":"https:\/\/schema.org","@graph":[{"@type":"WebPage","@id":"https:\/\/vapemaison.com\/product\/humo-azul-15000-puffs-disposable-vape-2\/","url":"https:\/\/vapemaison.com\/product\/humo-azul-15000-puffs-disposable-vape-2\/","name":"Humo Azul 15000 bouff\u00e9es Vape jetable - VapeMaison","isPartOf":{"@id":"https:\/\/vapemaison.com\/#website"},"primaryImageOfPage":{"@id":"https:\/\/vapemaison.com\/product\/humo-azul-15000-puffs-disposable-vape-2\/#primaryimage"},"image":{"@id":"https:\/\/vapemaison.com\/product\/humo-azul-15000-puffs-disposable-vape-2\/#primaryimage"},"thumbnailUrl":"https:\/\/vapemaison.com\/wp-content\/uploads\/2025\/12\/humo-azul-15000-puffs-limited-editon-disposable-vape-love-66.jpg","datePublished":"2025-12-08T07:27:38+00:00","dateModified":"2026-05-05T03:15:27+00:00","description":"Humo Azul 15k Puffs offre une performance durable, une saveur riche de mesh-coil. Une vape jetable de qualit\u00e9 sup\u00e9rieure con\u00e7ue pour une satisfaction constante et sans heurts.","breadcrumb":{"@id":"https:\/\/vapemaison.com\/product\/humo-azul-15000-puffs-disposable-vape-2\/#breadcrumb"},"inLanguage":"fr-FR","potentialAction":[{"@type":"ReadAction","target":["https:\/\/vapemaison.com\/product\/humo-azul-15000-puffs-disposable-vape-2\/"]}]},{"@type":"ImageObject","inLanguage":"fr-FR","@id":"https:\/\/vapemaison.com\/product\/humo-azul-15000-puffs-disposable-vape-2\/#primaryimage","url":"https:\/\/vapemaison.com\/wp-content\/uploads\/2025\/12\/humo-azul-15000-puffs-limited-editon-disposable-vape-love-66.jpg","contentUrl":"https:\/\/vapemaison.com\/wp-content\/uploads\/2025\/12\/humo-azul-15000-puffs-limited-editon-disposable-vape-love-66.jpg","width":992,"height":1056,"caption":"Humo Azul Puffs Limited Editon Disposable Vape Love"},{"@type":"BreadcrumbList","@id":"https:\/\/vapemaison.com\/product\/humo-azul-15000-puffs-disposable-vape-2\/#breadcrumb","itemListElement":[{"@type":"ListItem","position":1,"name":"\u9996\u9875","item":"https:\/\/vapemaison.com\/"},{"@type":"ListItem","position":2,"name":"Shop","item":"https:\/\/vapemaison.com\/shop\/"},{"@type":"ListItem","position":3,"name":"Humo Azul","item":"https:\/\/vapemaison.com\/brand\/humo-azul\/"},{"@type":"ListItem","position":4,"name":"Humo Azul 15000 Puffs Disposable Vape"}]},{"@type":"WebSite","@id":"https:\/\/vapemaison.com\/#website","url":"https:\/\/vapemaison.com\/","name":"VapeMaison","description":"Appareils et accessoires de vapotage haut de gamme","publisher":{"@id":"https:\/\/vapemaison.com\/#organization"},"potentialAction":[{"@type":"SearchAction","target":{"@type":"EntryPoint","urlTemplate":"https:\/\/vapemaison.com\/?s={search_term_string}"},"query-input":{"@type":"PropertyValueSpecification","valueRequired":true,"valueName":"search_term_string"}}],"inLanguage":"fr-FR"},{"@type":"Organization","@id":"https:\/\/vapemaison.com\/#organization","name":"VapeMaison","url":"https:\/\/vapemaison.com\/","logo":{"@type":"ImageObject","inLanguage":"fr-FR","@id":"https:\/\/vapemaison.com\/#\/schema\/logo\/image\/","url":"https:\/\/vapemaison.com\/wp-content\/uploads\/2026\/01\/cropped-vapemaison-logo-g-2026.webp","contentUrl":"https:\/\/vapemaison.com\/wp-content\/uploads\/2026\/01\/cropped-vapemaison-logo-g-2026.webp","width":350,"height":280,"caption":"VapeMaison"},"image":{"@id":"https:\/\/vapemaison.com\/#\/schema\/logo\/image\/"},"sameAs":["https:\/\/www.youtube.com\/@VapeMaison"]}]}},"tiered_pricing_type":"fixed","tiered_pricing_fixed_rules":{"30":"8.48","50":"7.99","100":"7.34","200":"6.78"},"tiered_pricing_product_settings":{"layout":"default","base_unit_name":{"singular":null,"plural":null},"default_variation":null},"tiered_pricing_minimum_quantity":10,"tiered_pricing_roles_data":[],"tiered_pricing_percentage_rules":[],"tiered_pricing_maximum_quantity":null,"tiered_pricing_quantity_step":"10","_links":{"self":[{"href":"https:\/\/vapemaison.com\/fr\/wp-json\/wp\/v2\/product\/16195","targetHints":{"allow":["GET"]}}],"collection":[{"href":"https:\/\/vapemaison.com\/fr\/wp-json\/wp\/v2\/product"}],"about":[{"href":"https:\/\/vapemaison.com\/fr\/wp-json\/wp\/v2\/types\/product"}],"replies":[{"embeddable":true,"href":"https:\/\/vapemaison.com\/fr\/wp-json\/wp\/v2\/comments?post=16195"}],"version-history":[{"count":2,"href":"https:\/\/vapemaison.com\/fr\/wp-json\/wp\/v2\/product\/16195\/revisions"}],"predecessor-version":[{"id":25488,"href":"https:\/\/vapemaison.com\/fr\/wp-json\/wp\/v2\/product\/16195\/revisions\/25488"}],"wp:featuredmedia":[{"embeddable":true,"href":"https:\/\/vapemaison.com\/fr\/wp-json\/wp\/v2\/media\/16200"}],"wp:attachment":[{"href":"https:\/\/vapemaison.com\/fr\/wp-json\/wp\/v2\/media?parent=16195"}],"wp:term":[{"taxonomy":"product_brand","embeddable":true,"href":"https:\/\/vapemaison.com\/fr\/wp-json\/wp\/v2\/product_brand?post=16195"},{"taxonomy":"product_cat","embeddable":true,"href":"https:\/\/vapemaison.com\/fr\/wp-json\/wp\/v2\/product_cat?post=16195"},{"taxonomy":"product_tag","embeddable":true,"href":"https:\/\/vapemaison.com\/fr\/wp-json\/wp\/v2\/product_tag?post=16195"}],"curies":[{"name":"wp","href":"https:\/\/api.w.org\/{rel}","templated":true}]}}