

{"id":16298,"date":"2025-12-09T03:35:09","date_gmt":"2025-12-09T03:35:09","guid":{"rendered":"https:\/\/vapemaison.com\/?post_type=product&#038;p=16298"},"modified":"2025-12-22T09:54:35","modified_gmt":"2025-12-22T09:54:35","slug":"bang-28000-puff-vape","status":"publish","type":"product","link":"https:\/\/vapemaison.com\/fr\/product\/bang-28000-puff-vape\/","title":{"rendered":"Bang 28K Puff Stylo \u00e0 Vape Jetable Original Niveau de Glace Ajustable"},"content":{"rendered":"<p><strong>Bang 28000 : l'avenir de l'endurance personnalis\u00e9e<\/strong><\/p>\n\n\n\n<p>Le <strong>Bang 28000 Stylo \u00e0 Vape jetable<\/strong> repr\u00e9sente un saut significatif en termes de performances, con\u00e7u pour fournir jusqu'\u00e0 <strong>28 000 bouff\u00e9es<\/strong> pour les utilisateurs exigeant \u00e0 la fois une long\u00e9vit\u00e9 extr\u00eame et un contr\u00f4le personnalis\u00e9. <strong>Premi\u00e8rement,<\/strong> Cet appareil phare est dot\u00e9 d'un <strong>R\u00e9servoir d'e-liquide de 30mL<\/strong>, Le syst\u00e8me d'alimentation en eau potable de l'h\u00f4pital de la ville d'Ottawa permet de r\u00e9duire les co\u00fbts et d'\u00e9viter les remplacements fr\u00e9quents, pour des semaines d'utilisation ininterrompue.<\/p>\n\n\n\n<p><strong>En outre,<\/strong> le Bang 28000 comprend un <strong>Technologie exclusive de niveau de glace r\u00e9glable<\/strong>. Cette fonction permet aux utilisateurs de personnaliser pr\u00e9cis\u00e9ment l'intensit\u00e9 de la sensation de refroidissement pour une exp\u00e9rience instantan\u00e9e et sur mesure. <strong>En outre,<\/strong> son avanc\u00e9e <strong>1.0\u03a9 Mesh Coil<\/strong> assure une diffusion pr\u00e9cise des ar\u00f4mes, ce qui permet d'obtenir un go\u00fbt riche et constant et une vapeur douce.<sup><\/sup><\/p>\n\n\n\n<p><strong>C'est un point essentiel,<\/strong> Une alimentation stable soutient l'immense capacit\u00e9. Un syst\u00e8me <strong>Batterie rechargeable de 650mAh<\/strong> et <strong>Chargement rapide de type C<\/strong> maintenir la puissance pendant toute sa dur\u00e9e de vie. <strong>En outre,<\/strong> le dispositif est adaptable aux deux <strong>Direct-To-Lung (DTL)<\/strong> avec un d\u00e9bit d'air r\u00e9glable. Disponible en quatre taux de nicotine (<strong>0%, 2%, 3% et 5%<\/strong>) et <strong>12 saveurs d\u00e9licieuses<\/strong>, Le Bang 28000 est la plate-forme id\u00e9ale pour les consommateurs finaux \u00e0 la recherche d'une personnalisation haut de gamme. <strong>et<\/strong> entreprises utilisant nos <strong>Services OEM\/ODM<\/strong>.<\/p>\n\n\n\n<p><strong>Principales sp\u00e9cifications :<\/strong><\/p>\n\n\n\n<ul class=\"wp-block-list\">\n<li><strong>Puffs :<\/strong> Jusqu'\u00e0 28 000 bouff\u00e9es<\/li>\n\n\n\n<li><strong>Capacit\u00e9 :<\/strong> 30mL<\/li>\n\n\n\n<li><strong>Bobine :<\/strong> 1.0\u03a9 Mesh Coil<\/li>\n\n\n\n<li><strong>Batterie :<\/strong> 650mAh (rechargeable)<\/li>\n\n\n\n<li><strong>Options de nicotine :<\/strong> 0% \/ 2% \/ 3% \/ 5%<\/li>\n\n\n\n<li><strong>Technologie :<\/strong> Niveau de glace r\u00e9glable, chargement de type C<\/li>\n\n\n\n<li><strong>Personnalisation :<\/strong> Support Airflow \/ DTL, service OEM\/ODM disponible<\/li>\n\n\n\n<li><strong>Nombre d'ar\u00f4mes :<\/strong> 12 disponibles<\/li>\n<\/ul>\n\n\n\n<p><strong>Saveurs disponibles :<\/strong><\/p>\n\n\n\n<p>Past\u00e8que \u00e0 la fraise, glace aux myrtilles, sang et sable, ananas noix de coco, fraise banane, m\u00e9lange de fruits, myrtilles framboises, glace \u00e0 la p\u00eache, mangue p\u00eache, past\u00e8que, glace au raisin, fraise kiwi.<\/p>\n\n\n\n<p>Rejoignez les milliers de vapoteurs satisfaits qui aiment les appareils Bang ! D\u00e9couvrez nos <a href=\"https:\/\/vapemaison.com\">page d'accueil<\/a> pour les nouveaux arrivages, consultez la rubrique <a href=\"https:\/\/vapemaison.com\/shop\">boutique<\/a> pour la gamme compl\u00e8te, ou pour en savoir plus sur le programme <a href=\"https:\/\/vapemaison.com\/brand\/bang\">Marque Bang<\/a> dont tout le monde parle. Pour varier les plaisirs, d\u00e9couvrez <a href=\"https:\/\/vapemaison.com\/brand\/humo-azul\/\">Collection de la marque Humo Vape<\/a> ou parcourir tous les produits <a href=\"https:\/\/vapemaison.com\/product-category\/puffs-count\/\">Puffs vapes<\/a> en un seul endroit.<\/p>\n\n\n\n<p><\/p>","protected":false},"excerpt":{"rendered":"<p>Red\u00e9finissez votre exp\u00e9rience avec le <b data-path-to-node=\"0\" data-index-in-node=\"34\">Bang 28000<\/b>, avec des informations exclusives sur l'\u00e9tat d'avancement de la mise en \u0153uvre de l'initiative <b data-path-to-node=\"0\" data-index-in-node=\"66\">Niveau de glace r\u00e9glable<\/b> pour une sensation de refroidissement enti\u00e8rement personnalis\u00e9e. Avec 28 000 bouff\u00e9es, une capacit\u00e9 massive de 30mL et une bobine mesh de 1,0\u03a9, il offre une saveur pr\u00e9cise et des performances durables. Commandez d\u00e8s aujourd'hui pour obtenir votre taux de nicotine pr\u00e9f\u00e9r\u00e9 gr\u00e2ce \u00e0 notre livraison rapide.<\/p>","protected":false},"featured_media":16299,"comment_status":"open","ping_status":"closed","template":"","meta":[],"product_brand":[57],"product_cat":[16],"product_tag":[],"class_list":{"0":"post-16298","1":"product","2":"type-product","3":"status-publish","4":"has-post-thumbnail","6":"product_brand-bang","7":"product_cat-uncategorized","9":"first","10":"instock","11":"sale","12":"shipping-taxable","13":"purchasable","14":"product-type-variable"},"yoast_head":"<!-- This site is optimized with the Yoast SEO plugin v27.4 - https:\/\/yoast.com\/product\/yoast-seo-wordpress\/ -->\n<title>Bang 28000 Puff Vape | Adjustable Ice Level &amp; 30mL<\/title>\n<meta name=\"description\" content=\"Experience the 28K Puff Bang 28000 with exclusive Adjustable Ice Level tech. Massive 30mL capacity, and Type-C charging. Customize your perfect hit now!\" \/>\n<meta name=\"robots\" content=\"index, follow, max-snippet:-1, max-image-preview:large, max-video-preview:-1\" \/>\n<link rel=\"canonical\" href=\"https:\/\/vapemaison.com\/fr\/produit\/bang-28000-puff-vape\/\" \/>\n<meta property=\"og:locale\" content=\"fr_FR\" \/>\n<meta property=\"og:type\" content=\"article\" \/>\n<meta property=\"og:title\" content=\"Bang 28000 Puff Vape | Adjustable Ice Level &amp; 30mL\" \/>\n<meta property=\"og:description\" content=\"Experience the 28K Puff Bang 28000 with exclusive Adjustable Ice Level tech. Massive 30mL capacity, and Type-C charging. Customize your perfect hit now!\" \/>\n<meta property=\"og:url\" content=\"https:\/\/vapemaison.com\/fr\/produit\/bang-28000-puff-vape\/\" \/>\n<meta property=\"og:site_name\" content=\"VapeMaison\" \/>\n<meta property=\"article:modified_time\" content=\"2025-12-22T09:54:35+00:00\" \/>\n<meta property=\"og:image\" content=\"https:\/\/vapemaison.com\/wp-content\/uploads\/2025\/12\/vape-bang-28000-puffs-main-image.jpg.webp\" \/>\n\t<meta property=\"og:image:width\" content=\"1000\" \/>\n\t<meta property=\"og:image:height\" content=\"1000\" \/>\n\t<meta property=\"og:image:type\" content=\"image\/webp\" \/>\n<meta name=\"twitter:card\" content=\"summary_large_image\" \/>\n<meta name=\"twitter:label1\" content=\"Dur\u00e9e de lecture estim\u00e9e\" \/>\n\t<meta name=\"twitter:data1\" content=\"2 minutes\" \/>\n<!-- \/ Yoast SEO plugin. -->","yoast_head_json":{"title":"Bang 28000 Puff Vape | Niveau de glace r\u00e9glable &amp; 30mL","description":"D\u00e9couvrez le Puff Bang 28K avec la technologie exclusive Adjustable Ice Level. Capacit\u00e9 massive de 30mL et charge de type C. Personnalisez votre hit parfait d\u00e8s maintenant !","robots":{"index":"index","follow":"follow","max-snippet":"max-snippet:-1","max-image-preview":"max-image-preview:large","max-video-preview":"max-video-preview:-1"},"canonical":"https:\/\/vapemaison.com\/fr\/produit\/bang-28000-puff-vape\/","og_locale":"fr_FR","og_type":"article","og_title":"Bang 28000 Puff Vape | Adjustable Ice Level & 30mL","og_description":"Experience the 28K Puff Bang 28000 with exclusive Adjustable Ice Level tech. Massive 30mL capacity, and Type-C charging. Customize your perfect hit now!","og_url":"https:\/\/vapemaison.com\/fr\/produit\/bang-28000-puff-vape\/","og_site_name":"VapeMaison","article_modified_time":"2025-12-22T09:54:35+00:00","og_image":[{"width":1000,"height":1000,"url":"https:\/\/vapemaison.com\/wp-content\/uploads\/2025\/12\/vape-bang-28000-puffs-main-image.jpg.webp","type":"image\/webp"}],"twitter_card":"summary_large_image","twitter_misc":{"Dur\u00e9e de lecture estim\u00e9e":"2 minutes"},"schema":{"@context":"https:\/\/schema.org","@graph":[{"@type":"WebPage","@id":"https:\/\/vapemaison.com\/product\/bang-28000-puff-vape\/","url":"https:\/\/vapemaison.com\/product\/bang-28000-puff-vape\/","name":"Bang 28000 Puff Vape | Niveau de glace r\u00e9glable &amp; 30mL","isPartOf":{"@id":"https:\/\/vapemaison.com\/#website"},"primaryImageOfPage":{"@id":"https:\/\/vapemaison.com\/product\/bang-28000-puff-vape\/#primaryimage"},"image":{"@id":"https:\/\/vapemaison.com\/product\/bang-28000-puff-vape\/#primaryimage"},"thumbnailUrl":"https:\/\/vapemaison.com\/wp-content\/uploads\/2025\/12\/vape-bang-28000-puffs-main-image.jpg.webp","datePublished":"2025-12-09T03:35:09+00:00","dateModified":"2025-12-22T09:54:35+00:00","description":"D\u00e9couvrez le Puff Bang 28K avec la technologie exclusive Adjustable Ice Level. Capacit\u00e9 massive de 30mL et charge de type C. Personnalisez votre hit parfait d\u00e8s maintenant !","breadcrumb":{"@id":"https:\/\/vapemaison.com\/product\/bang-28000-puff-vape\/#breadcrumb"},"inLanguage":"fr-FR","potentialAction":[{"@type":"ReadAction","target":["https:\/\/vapemaison.com\/product\/bang-28000-puff-vape\/"]}]},{"@type":"ImageObject","inLanguage":"fr-FR","@id":"https:\/\/vapemaison.com\/product\/bang-28000-puff-vape\/#primaryimage","url":"https:\/\/vapemaison.com\/wp-content\/uploads\/2025\/12\/vape-bang-28000-puffs-main-image.jpg.webp","contentUrl":"https:\/\/vapemaison.com\/wp-content\/uploads\/2025\/12\/vape-bang-28000-puffs-main-image.jpg.webp","width":1000,"height":1000,"caption":"Vape Bang Puffs Main Image.jpg"},{"@type":"BreadcrumbList","@id":"https:\/\/vapemaison.com\/product\/bang-28000-puff-vape\/#breadcrumb","itemListElement":[{"@type":"ListItem","position":1,"name":"\u9996\u9875","item":"https:\/\/vapemaison.com\/"},{"@type":"ListItem","position":2,"name":"Shop","item":"https:\/\/vapemaison.com\/shop\/"},{"@type":"ListItem","position":3,"name":"Bang","item":"https:\/\/vapemaison.com\/brand\/bang\/"},{"@type":"ListItem","position":4,"name":"Bang 28K Puff Disposable Vape Pen Original Adjustable Ice level"}]},{"@type":"WebSite","@id":"https:\/\/vapemaison.com\/#website","url":"https:\/\/vapemaison.com\/","name":"VapeMaison","description":"Appareils et accessoires de vapotage haut de gamme","publisher":{"@id":"https:\/\/vapemaison.com\/#organization"},"potentialAction":[{"@type":"SearchAction","target":{"@type":"EntryPoint","urlTemplate":"https:\/\/vapemaison.com\/?s={search_term_string}"},"query-input":{"@type":"PropertyValueSpecification","valueRequired":true,"valueName":"search_term_string"}}],"inLanguage":"fr-FR"},{"@type":"Organization","@id":"https:\/\/vapemaison.com\/#organization","name":"VapeMaison","url":"https:\/\/vapemaison.com\/","logo":{"@type":"ImageObject","inLanguage":"fr-FR","@id":"https:\/\/vapemaison.com\/#\/schema\/logo\/image\/","url":"https:\/\/vapemaison.com\/wp-content\/uploads\/2026\/01\/cropped-vapemaison-logo-g-2026.webp","contentUrl":"https:\/\/vapemaison.com\/wp-content\/uploads\/2026\/01\/cropped-vapemaison-logo-g-2026.webp","width":350,"height":280,"caption":"VapeMaison"},"image":{"@id":"https:\/\/vapemaison.com\/#\/schema\/logo\/image\/"},"sameAs":["https:\/\/www.youtube.com\/@VapeMaison"]}]}},"tiered_pricing_type":"fixed","tiered_pricing_fixed_rules":{"30":"9.99","50":"8.99","100":"8.21","200":"7.42"},"tiered_pricing_product_settings":{"layout":"default","base_unit_name":{"singular":null,"plural":null},"default_variation":null},"tiered_pricing_minimum_quantity":10,"tiered_pricing_roles_data":[],"tiered_pricing_percentage_rules":[],"tiered_pricing_maximum_quantity":null,"tiered_pricing_quantity_step":"10","_links":{"self":[{"href":"https:\/\/vapemaison.com\/fr\/wp-json\/wp\/v2\/product\/16298","targetHints":{"allow":["GET"]}}],"collection":[{"href":"https:\/\/vapemaison.com\/fr\/wp-json\/wp\/v2\/product"}],"about":[{"href":"https:\/\/vapemaison.com\/fr\/wp-json\/wp\/v2\/types\/product"}],"replies":[{"embeddable":true,"href":"https:\/\/vapemaison.com\/fr\/wp-json\/wp\/v2\/comments?post=16298"}],"version-history":[{"count":0,"href":"https:\/\/vapemaison.com\/fr\/wp-json\/wp\/v2\/product\/16298\/revisions"}],"wp:featuredmedia":[{"embeddable":true,"href":"https:\/\/vapemaison.com\/fr\/wp-json\/wp\/v2\/media\/16299"}],"wp:attachment":[{"href":"https:\/\/vapemaison.com\/fr\/wp-json\/wp\/v2\/media?parent=16298"}],"wp:term":[{"taxonomy":"product_brand","embeddable":true,"href":"https:\/\/vapemaison.com\/fr\/wp-json\/wp\/v2\/product_brand?post=16298"},{"taxonomy":"product_cat","embeddable":true,"href":"https:\/\/vapemaison.com\/fr\/wp-json\/wp\/v2\/product_cat?post=16298"},{"taxonomy":"product_tag","embeddable":true,"href":"https:\/\/vapemaison.com\/fr\/wp-json\/wp\/v2\/product_tag?post=16298"}],"curies":[{"name":"wp","href":"https:\/\/api.w.org\/{rel}","templated":true}]}}