

{"id":16354,"date":"2025-12-09T05:38:21","date_gmt":"2025-12-09T05:38:21","guid":{"rendered":"https:\/\/vapemaison.com\/?post_type=product&#038;p=16354"},"modified":"2025-12-22T09:51:52","modified_gmt":"2025-12-22T09:51:52","slug":"bang-40000-40k-puffs-vape-led-digital-display","status":"publish","type":"product","link":"https:\/\/vapemaison.com\/fr\/product\/bang-40000-40k-puffs-vape-led-digital-display\/","title":{"rendered":"Bang 40000 40K Puffs Vape LED Digital Display"},"content":{"rendered":"<h2 class=\"wp-block-heading\"><strong>Bang 40000 - 40K bouff\u00e9es Vape rechargeable avec affichage LED<\/strong><\/h2>\n\n\n\n<p>Le <strong>Bang 40K Puffs<\/strong> est con\u00e7u pour les vapoteurs qui recherchent des performances durables, une saveur douce et une commodit\u00e9 moderne. Fournissant <strong>jusqu'\u00e0 40 000 bouff\u00e9es<\/strong>, Cet appareil est dot\u00e9 d'un <strong>R\u00e9servoir rechargeable de 10 ml<\/strong> et comprend un flacon d'e-liquide pour des recharges faciles. Aliment\u00e9 par un <strong>Batterie durable de 750mAh<\/strong>, Il assure une production r\u00e9guli\u00e8re, associ\u00e9e \u00e0 un syst\u00e8me d'alimentation en eau potable. <strong>1.0\u03a9 dual mesh coil<\/strong> qui am\u00e9liore la production de vapeur et la consistance des ar\u00f4mes.<\/p>\n\n\n\n<p>L'intelligence <strong>Affichage num\u00e9rique LED<\/strong> vous informe en temps r\u00e9el des niveaux de batterie et d'e-liquide. <strong>serrure pour enfants<\/strong> ajoute une couche suppl\u00e9mentaire de s\u00e9curit\u00e9. Avec <strong>double mode de vaporisation<\/strong>-MTL \u00e0 12W et DTL \u00e0 24W- ainsi qu'une <strong>syst\u00e8me de d\u00e9bit d'air r\u00e9glable<\/strong>, vous pouvez personnaliser votre tirage exactement comme vous l'aimez. Les taux de nicotine disponibles sont les suivants <strong>0%, 2%, 3% et 5%<\/strong>, ainsi que <strong>12 saveurs passionnantes<\/strong> pour r\u00e9pondre \u00e0 toutes les pr\u00e9f\u00e9rences. \u00c9quip\u00e9s de <strong>Chargement rapide de type C<\/strong>, Le Bang 40000 minimise les temps d'arr\u00eat et vous permet de vivre une exp\u00e9rience sans faille.<\/p>\n\n\n\n<h3 class=\"wp-block-heading\"><strong>Caract\u00e9ristiques<\/strong><\/h3>\n\n\n\n<ul class=\"wp-block-list\">\n<li>Taux de nicotine : <strong>0%, 2%, 3%, 5%<\/strong><\/li>\n\n\n\n<li>Capacit\u00e9 de bouff\u00e9e : <strong>Jusqu'\u00e0 40 000 bouff\u00e9es<\/strong><\/li>\n\n\n\n<li>Capacit\u00e9 d'e-liquide : <strong>R\u00e9servoir rechargeable de 10 ml<\/strong> (comprend un flacon d'e-liquide)<\/li>\n\n\n\n<li>R\u00e9sistance de la bobine : <strong>1.0\u03a9 dual mesh coil<\/strong><\/li>\n\n\n\n<li>Puissance de la batterie : <strong>750mAh<\/strong><\/li>\n\n\n\n<li>Affichage intelligent : Affiche l'autonomie de la batterie et les niveaux d'e-liquide<\/li>\n\n\n\n<li>Verrouillage pour enfants : <strong>Oui<\/strong>, s\u00e9curit\u00e9 des enfants<\/li>\n\n\n\n<li>Deux modes de vaporisation : <strong>MTL 12W \/ DTL 24W<\/strong><\/li>\n\n\n\n<li>Flux d'air r\u00e9glable : Enti\u00e8rement personnalisable<\/li>\n\n\n\n<li>Chargement rapide : <strong>Type-C<\/strong><\/li>\n\n\n\n<li>Saveurs : <strong>12 saveurs<\/strong><\/li>\n<\/ul>\n\n\n\n<h3 class=\"wp-block-heading\"><strong>Liste des ar\u00f4mes<\/strong><\/h3>\n\n\n\n<ul class=\"wp-block-list\">\n<li>Glace \u00e0 la past\u00e8que<\/li>\n\n\n\n<li>Fraise Mangue<\/li>\n\n\n\n<li>Past\u00e8que \u00e0 la fraise<\/li>\n\n\n\n<li>Glace de raisin<\/li>\n\n\n\n<li>P\u00eache Mangue Past\u00e8que<\/li>\n\n\n\n<li>Myrtille Framboise<\/li>\n\n\n\n<li>Glace aux myrtilles<\/li>\n\n\n\n<li>Fraise et banane<\/li>\n\n\n\n<li>Past\u00e8que \u00e0 la myrtille<\/li>\n\n\n\n<li>Red Bull<\/li>\n\n\n\n<li>Fraise Kiwi<\/li>\n\n\n\n<li>M\u00e9lange de fruits moisis<\/li>\n<\/ul>\n\n\n\n<p>Rejoignez les milliers de vapoteurs satisfaits qui aiment les appareils Bang ! D\u00e9couvrez nos <a href=\"https:\/\/vapemaison.com\">page d'accueil<\/a> pour les nouveaux arrivages, consultez la rubrique <a href=\"https:\/\/vapemaison.com\/shop\">boutique<\/a> pour la gamme compl\u00e8te, ou pour en savoir plus sur le programme <a href=\"https:\/\/vapemaison.com\/brand\/bang\">Marque Bang<\/a> dont tout le monde parle. Pour varier les plaisirs, d\u00e9couvrez <a href=\"https:\/\/vapemaison.com\/brand\/humo-azul\/\">Collection de la marque Humo Vape<\/a> ou parcourir tous les produits <a href=\"https:\/\/vapemaison.com\/product-category\/puffs-count\/\">Puffs vapes<\/a> en un seul endroit.<\/p>","protected":false},"excerpt":{"rendered":"<div id=\"model-response-message-contentr_6d2fc3a728b37b8c\" class=\"markdown markdown-main-panel stronger enable-updated-hr-color\" dir=\"ltr\" aria-live=\"polite\" aria-busy=\"false\">\n<p data-path-to-node=\"0\">Ma\u00eetrisez votre vape avec le <b data-path-to-node=\"0\" data-index-in-node=\"26\">Bang 40000<\/b>, un centre de comp\u00e9tences polyvalent qui comprend <b data-path-to-node=\"0\" data-index-in-node=\"71\">double mode de vaporisation<\/b> (MTL \u00e0 12W et DTL \u00e0 24W) et une bobine \u00e0 double maille de 1,0\u03a9 pour un contr\u00f4le ultime de la saveur. Cette <b data-path-to-node=\"0\" data-index-in-node=\"177\">rechargeable<\/b> L'appareil de 40 000 bouff\u00e9es comprend un \u00e9cran LED intelligent, une s\u00e9curit\u00e9 enfant int\u00e9gr\u00e9e et un d\u00e9bit d'air r\u00e9glable pour personnaliser enti\u00e8rement votre exp\u00e9rience. Commandez le v\u00f4tre d\u00e8s aujourd'hui pour b\u00e9n\u00e9ficier des derni\u00e8res avanc\u00e9es en mati\u00e8re de s\u00e9curit\u00e9 et de performance gr\u00e2ce \u00e0 notre garantie d'exp\u00e9dition rapide.<\/p>\n<\/div>","protected":false},"featured_media":16407,"comment_status":"open","ping_status":"closed","template":"","meta":[],"product_brand":[57],"product_cat":[135],"product_tag":[],"class_list":{"0":"post-16354","1":"product","2":"type-product","3":"status-publish","4":"has-post-thumbnail","6":"product_brand-bang","7":"product_cat-40k-puffs","9":"first","10":"instock","11":"sale","12":"shipping-taxable","13":"purchasable","14":"product-type-variable"},"yoast_head":"<!-- This site is optimized with the Yoast SEO plugin v27.4 - https:\/\/yoast.com\/product\/yoast-seo-wordpress\/ -->\n<title>Bang 40000 Vape \u2013 40K Puffs Refillable LED Display Device<\/title>\n<meta name=\"description\" content=\"Experience the Bang 40000 with 40K puffs, refillable 10mL tank, dual mesh coil, LED display, dual vaping modes, Type-C charging, and 12 amazing flavors.\" \/>\n<meta name=\"robots\" content=\"index, follow, max-snippet:-1, max-image-preview:large, max-video-preview:-1\" \/>\n<link rel=\"canonical\" href=\"https:\/\/vapemaison.com\/fr\/produit\/bang-40000-40k-puffs-vape-led-digital-display\/\" \/>\n<meta property=\"og:locale\" content=\"fr_FR\" \/>\n<meta property=\"og:type\" content=\"article\" \/>\n<meta property=\"og:title\" content=\"Bang 40000 Vape \u2013 40K Puffs Refillable LED Display Device\" \/>\n<meta property=\"og:description\" content=\"Experience the Bang 40000 with 40K puffs, refillable 10mL tank, dual mesh coil, LED display, dual vaping modes, Type-C charging, and 12 amazing flavors.\" \/>\n<meta property=\"og:url\" content=\"https:\/\/vapemaison.com\/fr\/produit\/bang-40000-40k-puffs-vape-led-digital-display\/\" \/>\n<meta property=\"og:site_name\" content=\"VapeMaison\" \/>\n<meta property=\"article:modified_time\" content=\"2025-12-22T09:51:52+00:00\" \/>\n<meta property=\"og:image\" content=\"https:\/\/vapemaison.com\/wp-content\/uploads\/2025\/12\/vape-bang-40000-40k-puffs-peach-mango-watermelon-654x690.jpg.webp\" \/>\n\t<meta property=\"og:image:width\" content=\"654\" \/>\n\t<meta property=\"og:image:height\" content=\"690\" \/>\n\t<meta property=\"og:image:type\" content=\"image\/webp\" \/>\n<meta name=\"twitter:card\" content=\"summary_large_image\" \/>\n<meta name=\"twitter:label1\" content=\"Dur\u00e9e de lecture estim\u00e9e\" \/>\n\t<meta name=\"twitter:data1\" content=\"2 minutes\" \/>\n<!-- \/ Yoast SEO plugin. -->","yoast_head_json":{"title":"Bang 40000 Vape - 40K bouff\u00e9es Dispositif d'affichage LED rechargeable","description":"D\u00e9couvrez le Bang 40000 avec 40K bouff\u00e9es, un r\u00e9servoir rechargeable de 10mL, une bobine \u00e0 double maille, un \u00e9cran LED, deux modes de vapotage, une recharge Type-C et 12 saveurs \u00e9tonnantes.","robots":{"index":"index","follow":"follow","max-snippet":"max-snippet:-1","max-image-preview":"max-image-preview:large","max-video-preview":"max-video-preview:-1"},"canonical":"https:\/\/vapemaison.com\/fr\/produit\/bang-40000-40k-puffs-vape-led-digital-display\/","og_locale":"fr_FR","og_type":"article","og_title":"Bang 40000 Vape \u2013 40K Puffs Refillable LED Display Device","og_description":"Experience the Bang 40000 with 40K puffs, refillable 10mL tank, dual mesh coil, LED display, dual vaping modes, Type-C charging, and 12 amazing flavors.","og_url":"https:\/\/vapemaison.com\/fr\/produit\/bang-40000-40k-puffs-vape-led-digital-display\/","og_site_name":"VapeMaison","article_modified_time":"2025-12-22T09:51:52+00:00","og_image":[{"width":654,"height":690,"url":"https:\/\/vapemaison.com\/wp-content\/uploads\/2025\/12\/vape-bang-40000-40k-puffs-peach-mango-watermelon-654x690.jpg.webp","type":"image\/webp"}],"twitter_card":"summary_large_image","twitter_misc":{"Dur\u00e9e de lecture estim\u00e9e":"2 minutes"},"schema":{"@context":"https:\/\/schema.org","@graph":[{"@type":"WebPage","@id":"https:\/\/vapemaison.com\/product\/bang-40000-40k-puffs-vape-led-digital-display\/","url":"https:\/\/vapemaison.com\/product\/bang-40000-40k-puffs-vape-led-digital-display\/","name":"Bang 40000 Vape - 40K bouff\u00e9es Dispositif d'affichage LED rechargeable","isPartOf":{"@id":"https:\/\/vapemaison.com\/#website"},"primaryImageOfPage":{"@id":"https:\/\/vapemaison.com\/product\/bang-40000-40k-puffs-vape-led-digital-display\/#primaryimage"},"image":{"@id":"https:\/\/vapemaison.com\/product\/bang-40000-40k-puffs-vape-led-digital-display\/#primaryimage"},"thumbnailUrl":"https:\/\/vapemaison.com\/wp-content\/uploads\/2025\/12\/vape-bang-40000-40k-puffs-peach-mango-watermelon-654x690.jpg.webp","datePublished":"2025-12-09T05:38:21+00:00","dateModified":"2025-12-22T09:51:52+00:00","description":"D\u00e9couvrez le Bang 40000 avec 40K bouff\u00e9es, un r\u00e9servoir rechargeable de 10mL, une bobine \u00e0 double maille, un \u00e9cran LED, deux modes de vapotage, une recharge Type-C et 12 saveurs \u00e9tonnantes.","breadcrumb":{"@id":"https:\/\/vapemaison.com\/product\/bang-40000-40k-puffs-vape-led-digital-display\/#breadcrumb"},"inLanguage":"fr-FR","potentialAction":[{"@type":"ReadAction","target":["https:\/\/vapemaison.com\/product\/bang-40000-40k-puffs-vape-led-digital-display\/"]}]},{"@type":"ImageObject","inLanguage":"fr-FR","@id":"https:\/\/vapemaison.com\/product\/bang-40000-40k-puffs-vape-led-digital-display\/#primaryimage","url":"https:\/\/vapemaison.com\/wp-content\/uploads\/2025\/12\/vape-bang-40000-40k-puffs-peach-mango-watermelon-654x690.jpg.webp","contentUrl":"https:\/\/vapemaison.com\/wp-content\/uploads\/2025\/12\/vape-bang-40000-40k-puffs-peach-mango-watermelon-654x690.jpg.webp","width":654,"height":690,"caption":"Vape Bang 40k Puffs Peach Mango Watermelon 654x690.jpg"},{"@type":"BreadcrumbList","@id":"https:\/\/vapemaison.com\/product\/bang-40000-40k-puffs-vape-led-digital-display\/#breadcrumb","itemListElement":[{"@type":"ListItem","position":1,"name":"\u9996\u9875","item":"https:\/\/vapemaison.com\/"},{"@type":"ListItem","position":2,"name":"Shop","item":"https:\/\/vapemaison.com\/shop\/"},{"@type":"ListItem","position":3,"name":"Bang","item":"https:\/\/vapemaison.com\/brand\/bang\/"},{"@type":"ListItem","position":4,"name":"Bang 40000 40K Puffs Vape LED Digital Display"}]},{"@type":"WebSite","@id":"https:\/\/vapemaison.com\/#website","url":"https:\/\/vapemaison.com\/","name":"VapeMaison","description":"Appareils et accessoires de vapotage haut de gamme","publisher":{"@id":"https:\/\/vapemaison.com\/#organization"},"potentialAction":[{"@type":"SearchAction","target":{"@type":"EntryPoint","urlTemplate":"https:\/\/vapemaison.com\/?s={search_term_string}"},"query-input":{"@type":"PropertyValueSpecification","valueRequired":true,"valueName":"search_term_string"}}],"inLanguage":"fr-FR"},{"@type":"Organization","@id":"https:\/\/vapemaison.com\/#organization","name":"VapeMaison","url":"https:\/\/vapemaison.com\/","logo":{"@type":"ImageObject","inLanguage":"fr-FR","@id":"https:\/\/vapemaison.com\/#\/schema\/logo\/image\/","url":"https:\/\/vapemaison.com\/wp-content\/uploads\/2026\/01\/cropped-vapemaison-logo-g-2026.webp","contentUrl":"https:\/\/vapemaison.com\/wp-content\/uploads\/2026\/01\/cropped-vapemaison-logo-g-2026.webp","width":350,"height":280,"caption":"VapeMaison"},"image":{"@id":"https:\/\/vapemaison.com\/#\/schema\/logo\/image\/"},"sameAs":["https:\/\/www.youtube.com\/@VapeMaison"]}]}},"tiered_pricing_type":"fixed","tiered_pricing_fixed_rules":{"30":"11.45","50":"10.99","100":"9.99","200":"8.99"},"tiered_pricing_product_settings":{"layout":"default","base_unit_name":{"singular":null,"plural":null},"default_variation":null},"tiered_pricing_minimum_quantity":10,"tiered_pricing_roles_data":[],"tiered_pricing_percentage_rules":[],"tiered_pricing_maximum_quantity":null,"tiered_pricing_quantity_step":"10","_links":{"self":[{"href":"https:\/\/vapemaison.com\/fr\/wp-json\/wp\/v2\/product\/16354","targetHints":{"allow":["GET"]}}],"collection":[{"href":"https:\/\/vapemaison.com\/fr\/wp-json\/wp\/v2\/product"}],"about":[{"href":"https:\/\/vapemaison.com\/fr\/wp-json\/wp\/v2\/types\/product"}],"replies":[{"embeddable":true,"href":"https:\/\/vapemaison.com\/fr\/wp-json\/wp\/v2\/comments?post=16354"}],"version-history":[{"count":0,"href":"https:\/\/vapemaison.com\/fr\/wp-json\/wp\/v2\/product\/16354\/revisions"}],"wp:featuredmedia":[{"embeddable":true,"href":"https:\/\/vapemaison.com\/fr\/wp-json\/wp\/v2\/media\/16407"}],"wp:attachment":[{"href":"https:\/\/vapemaison.com\/fr\/wp-json\/wp\/v2\/media?parent=16354"}],"wp:term":[{"taxonomy":"product_brand","embeddable":true,"href":"https:\/\/vapemaison.com\/fr\/wp-json\/wp\/v2\/product_brand?post=16354"},{"taxonomy":"product_cat","embeddable":true,"href":"https:\/\/vapemaison.com\/fr\/wp-json\/wp\/v2\/product_cat?post=16354"},{"taxonomy":"product_tag","embeddable":true,"href":"https:\/\/vapemaison.com\/fr\/wp-json\/wp\/v2\/product_tag?post=16354"}],"curies":[{"name":"wp","href":"https:\/\/api.w.org\/{rel}","templated":true}]}}