

{"id":16414,"date":"2025-12-09T06:40:40","date_gmt":"2025-12-09T06:40:40","guid":{"rendered":"https:\/\/vapemaison.com\/?post_type=product&#038;p=16414"},"modified":"2025-12-09T06:48:38","modified_gmt":"2025-12-09T06:48:38","slug":"kanger-subox-mate-50k-puffs-disposable-vape-40ml-0-35","status":"publish","type":"product","link":"https:\/\/vapemaison.com\/fr\/product\/kanger-subox-mate-50k-puffs-disposable-vape-40ml-0-35\/","title":{"rendered":"Kanger Subox Mate 50K Puffs Vape jetable 40ml 0.35%"},"content":{"rendered":"<p>Le <strong>Kanger Subox Mate 50K D-Pod Vape jetable<\/strong> marque une perc\u00e9e dans la technologie du vapotage, puisque le <strong>Le premier syst\u00e8me de pods DTL rempla\u00e7ables au monde<\/strong>. Con\u00e7u avec le syst\u00e8me innovant <strong>D-Pod<\/strong>, Il vous permet de vaper avec ou sans le power bank. Le pod lui-m\u00eame est dot\u00e9 d'une batterie interne, ce qui permet de vaper sans interruption m\u00eame lorsque l'appareil principal est en charge.<\/p>\n\n\n\n<p>Rempli de <strong>40 ml d'e-liquide \u00e0 faible teneur en nicotine (0,35%)<\/strong>, Le Subox Mate 50K offre une exp\u00e9rience de vaporisation directe en douceur avec une production de vapeur dense. Gr\u00e2ce \u00e0 son pod rempla\u00e7able et \u00e0 sa conception modulaire, vous pouvez facilement m\u00e9langer et assortir les pods et les batteries pour une configuration personnalis\u00e9e qui correspond \u00e0 votre style de vapotage.<\/p>\n\n\n\n<p>A <strong>affichage num\u00e9rique<\/strong> vous informe gr\u00e2ce \u00e0 des indicateurs de puissance et de mode en temps r\u00e9el. <strong>contr\u00f4le du d\u00e9bit d'air<\/strong> permet de passer en toute transparence des tirages MTL aux tirages DTL. Pris en charge par <strong>trois modes de vapotage : \u00e9co, normal et sport<\/strong>, Le Subox Mate 50K s'adapte sans effort \u00e0 votre niveau de performance pr\u00e9f\u00e9r\u00e9.<\/p>\n\n\n\n<p>Exp\u00e9rience jusqu'\u00e0 <strong>50 000 bouff\u00e9es au total<\/strong>, avanc\u00e9 <strong>Technologie des bobines LC&amp;HB<\/strong>, et <strong>Chargement rapide de type C<\/strong> avec ce syst\u00e8me DTL \u00e0 usage unique de nouvelle g\u00e9n\u00e9ration.<\/p>\n\n\n\n<figure class=\"wp-block-image size-large\"><img fetchpriority=\"high\" decoding=\"async\" width=\"459\" height=\"1024\" src=\"https:\/\/vapemaison.com\/wp-content\/uploads\/2025\/12\/kanger-subox-mate-kit-detail-new-2-459x1024.jpg\" alt=\"\" class=\"wp-image-16437\" srcset=\"https:\/\/vapemaison.com\/wp-content\/uploads\/2025\/12\/kanger-subox-mate-kit-detail-new-2-459x1024.jpg 459w, https:\/\/vapemaison.com\/wp-content\/uploads\/2025\/12\/kanger-subox-mate-kit-detail-new-2-134x300.jpg 134w, https:\/\/vapemaison.com\/wp-content\/uploads\/2025\/12\/kanger-subox-mate-kit-detail-new-2-768x1715.jpg 768w, https:\/\/vapemaison.com\/wp-content\/uploads\/2025\/12\/kanger-subox-mate-kit-detail-new-2-688x1536.jpg 688w, https:\/\/vapemaison.com\/wp-content\/uploads\/2025\/12\/kanger-subox-mate-kit-detail-new-2-917x2048.jpg 917w, https:\/\/vapemaison.com\/wp-content\/uploads\/2025\/12\/kanger-subox-mate-kit-detail-new-2-5x12.jpg 5w, https:\/\/vapemaison.com\/wp-content\/uploads\/2025\/12\/kanger-subox-mate-kit-detail-new-2-990x2211.jpg 990w, https:\/\/vapemaison.com\/wp-content\/uploads\/2025\/12\/kanger-subox-mate-kit-detail-new-2-441x985.jpg 441w, https:\/\/vapemaison.com\/wp-content\/uploads\/2025\/12\/kanger-subox-mate-kit-detail-new-2-800x1787.jpg 800w, https:\/\/vapemaison.com\/wp-content\/uploads\/2025\/12\/kanger-subox-mate-kit-detail-new-2-150x335.jpg 150w, https:\/\/vapemaison.com\/wp-content\/uploads\/2025\/12\/kanger-subox-mate-kit-detail-new-2-scaled.jpg 1146w\" sizes=\"(max-width: 459px) 100vw, 459px\" \/><\/figure>\n\n\n\n<h3 class=\"wp-block-heading\"><strong>Caract\u00e9ristiques<\/strong><\/h3>\n\n\n\n<ul class=\"wp-block-list\">\n<li>Premier syst\u00e8me de pods DTL rempla\u00e7ables au monde<\/li>\n\n\n\n<li>D-Pod rempla\u00e7able (pr\u00e9-rempli) avec batterie interne<\/li>\n\n\n\n<li>E-liquide pr\u00e9-rempli de 40mL \u00e0 faible teneur en nicotine<\/li>\n\n\n\n<li>Affichage num\u00e9rique avec indicateurs de batterie et de mode<\/li>\n\n\n\n<li>Triple mode de vaporisation : Eco \/ Normal \/ Sports<\/li>\n\n\n\n<li>Technologie innovante des bobines LC et HB<\/li>\n\n\n\n<li>Airflow r\u00e9glable pour MTL\/DTL<\/li>\n\n\n\n<li>0.35% Teneur en nicotine<\/li>\n\n\n\n<li>Jusqu'\u00e0 50 000 bouff\u00e9es<\/li>\n\n\n\n<li>Chargement rapide de type C<\/li>\n<\/ul>\n\n\n\n<h3 class=\"wp-block-heading\"><strong>Liste des colis<\/strong><\/h3>\n\n\n\n<ul class=\"wp-block-list\">\n<li>1 \u00d7 Kanger Subox Mate D-Pod Vape jetable<\/li>\n<\/ul>\n\n\n\n<h3 class=\"wp-block-heading\">Saveur <\/h3>\n\n\n\n<ul class=\"wp-block-list\">\n<li>Baies m\u00e9lang\u00e9es<\/li>\n\n\n\n<li>Glace de raisin<\/li>\n\n\n\n<li>Myrtille Razz Lemon<\/li>\n\n\n\n<li>Pitaya \u00e0 la fraise<\/li>\n\n\n\n<li>Past\u00e8que \u00e0 la fraise<\/li>\n\n\n\n<li>Menthe fra\u00eeche<\/li>\n\n\n\n<li>Glace luxuriante<\/li>\n\n\n\n<li>Putain de Fab<\/li>\n\n\n\n<li>Shisha \u00e0 deux pommes<\/li>\n\n\n\n<li>P\u00eache juteuse<\/li>\n<\/ul>\n\n\n\n<p><\/p>","protected":false},"excerpt":{"rendered":"<p>The Kanger Subox Mate 50K D-Pod Disposable Vape marks a breakthrough in vaping technology as the world\u2019s first replaceable DTL pod system. Designed with the innovative D-Pod, it allows you to vape with or without the power bank. The pod itself carries an internal battery, enabling uninterrupted vaping even while the main device is charging. [&hellip;]<\/p>\n","protected":false},"featured_media":16434,"comment_status":"open","ping_status":"closed","template":"","meta":[],"product_brand":[],"product_cat":[16],"product_tag":[],"class_list":{"0":"post-16414","1":"product","2":"type-product","3":"status-publish","4":"has-post-thumbnail","6":"product_cat-uncategorized","8":"first","9":"instock","10":"sale","11":"shipping-taxable","12":"purchasable","13":"product-type-variable"},"yoast_head":"<!-- This site is optimized with the Yoast SEO plugin v27.4 - https:\/\/yoast.com\/product\/yoast-seo-wordpress\/ -->\n<title>Kanger Subox Mate 50K Puffs Disposable Kit \u2013 Replaceable Vape<\/title>\n<meta name=\"description\" content=\"Discover the Kanger Subox Mate 50K D-Pod, the world\u2019s first replaceable DTL pod system with 40mL low-nicotine e-liquid, and up to 50k puffs.\" \/>\n<meta name=\"robots\" content=\"index, follow, max-snippet:-1, max-image-preview:large, max-video-preview:-1\" \/>\n<link rel=\"canonical\" href=\"https:\/\/vapemaison.com\/fr\/produit\/kanger-subox-mate-50k-puffs-disposable-vape-40ml-0-35\/\" \/>\n<meta property=\"og:locale\" content=\"fr_FR\" \/>\n<meta property=\"og:type\" content=\"article\" \/>\n<meta property=\"og:title\" content=\"Kanger Subox Mate 50K Puffs Disposable Kit \u2013 Replaceable Vape\" \/>\n<meta property=\"og:description\" content=\"Discover the Kanger Subox Mate 50K D-Pod, the world\u2019s first replaceable DTL pod system with 40mL low-nicotine e-liquid, and up to 50k puffs.\" \/>\n<meta property=\"og:url\" content=\"https:\/\/vapemaison.com\/fr\/produit\/kanger-subox-mate-50k-puffs-disposable-vape-40ml-0-35\/\" \/>\n<meta property=\"og:site_name\" content=\"VapeMaison\" \/>\n<meta property=\"article:modified_time\" content=\"2025-12-09T06:48:38+00:00\" \/>\n<meta property=\"og:image\" content=\"https:\/\/vapemaison.com\/wp-content\/uploads\/2025\/12\/subox-mate-0.jpg\" \/>\n\t<meta property=\"og:image:width\" content=\"800\" \/>\n\t<meta property=\"og:image:height\" content=\"800\" \/>\n\t<meta property=\"og:image:type\" content=\"image\/jpeg\" \/>\n<meta name=\"twitter:card\" content=\"summary_large_image\" \/>\n<meta name=\"twitter:label1\" content=\"Dur\u00e9e de lecture estim\u00e9e\" \/>\n\t<meta name=\"twitter:data1\" content=\"2 minutes\" \/>\n<!-- \/ Yoast SEO plugin. -->","yoast_head_json":{"title":"Kanger Subox Mate 50K Puffs Disposable Kit - Vape rempla\u00e7able","description":"D\u00e9couvrez le D-Pod Kanger Subox Mate 50K, le premier syst\u00e8me de pods DTL rempla\u00e7ables au monde avec 40mL d'e-liquide \u00e0 faible teneur en nicotine, et jusqu'\u00e0 50k bouff\u00e9es.","robots":{"index":"index","follow":"follow","max-snippet":"max-snippet:-1","max-image-preview":"max-image-preview:large","max-video-preview":"max-video-preview:-1"},"canonical":"https:\/\/vapemaison.com\/fr\/produit\/kanger-subox-mate-50k-puffs-disposable-vape-40ml-0-35\/","og_locale":"fr_FR","og_type":"article","og_title":"Kanger Subox Mate 50K Puffs Disposable Kit \u2013 Replaceable Vape","og_description":"Discover the Kanger Subox Mate 50K D-Pod, the world\u2019s first replaceable DTL pod system with 40mL low-nicotine e-liquid, and up to 50k puffs.","og_url":"https:\/\/vapemaison.com\/fr\/produit\/kanger-subox-mate-50k-puffs-disposable-vape-40ml-0-35\/","og_site_name":"VapeMaison","article_modified_time":"2025-12-09T06:48:38+00:00","og_image":[{"width":800,"height":800,"url":"https:\/\/vapemaison.com\/wp-content\/uploads\/2025\/12\/subox-mate-0.jpg","type":"image\/jpeg"}],"twitter_card":"summary_large_image","twitter_misc":{"Dur\u00e9e de lecture estim\u00e9e":"2 minutes"},"schema":{"@context":"https:\/\/schema.org","@graph":[{"@type":"WebPage","@id":"https:\/\/vapemaison.com\/product\/kanger-subox-mate-50k-puffs-disposable-vape-40ml-0-35\/","url":"https:\/\/vapemaison.com\/product\/kanger-subox-mate-50k-puffs-disposable-vape-40ml-0-35\/","name":"Kanger Subox Mate 50K Puffs Disposable Kit - Vape rempla\u00e7able","isPartOf":{"@id":"https:\/\/vapemaison.com\/#website"},"primaryImageOfPage":{"@id":"https:\/\/vapemaison.com\/product\/kanger-subox-mate-50k-puffs-disposable-vape-40ml-0-35\/#primaryimage"},"image":{"@id":"https:\/\/vapemaison.com\/product\/kanger-subox-mate-50k-puffs-disposable-vape-40ml-0-35\/#primaryimage"},"thumbnailUrl":"https:\/\/vapemaison.com\/wp-content\/uploads\/2025\/12\/subox-mate-0.jpg","datePublished":"2025-12-09T06:40:40+00:00","dateModified":"2025-12-09T06:48:38+00:00","description":"D\u00e9couvrez le D-Pod Kanger Subox Mate 50K, le premier syst\u00e8me de pods DTL rempla\u00e7ables au monde avec 40mL d'e-liquide \u00e0 faible teneur en nicotine, et jusqu'\u00e0 50k bouff\u00e9es.","breadcrumb":{"@id":"https:\/\/vapemaison.com\/product\/kanger-subox-mate-50k-puffs-disposable-vape-40ml-0-35\/#breadcrumb"},"inLanguage":"fr-FR","potentialAction":[{"@type":"ReadAction","target":["https:\/\/vapemaison.com\/product\/kanger-subox-mate-50k-puffs-disposable-vape-40ml-0-35\/"]}]},{"@type":"ImageObject","inLanguage":"fr-FR","@id":"https:\/\/vapemaison.com\/product\/kanger-subox-mate-50k-puffs-disposable-vape-40ml-0-35\/#primaryimage","url":"https:\/\/vapemaison.com\/wp-content\/uploads\/2025\/12\/subox-mate-0.jpg","contentUrl":"https:\/\/vapemaison.com\/wp-content\/uploads\/2025\/12\/subox-mate-0.jpg","width":800,"height":800,"caption":"subox-mate-0"},{"@type":"BreadcrumbList","@id":"https:\/\/vapemaison.com\/product\/kanger-subox-mate-50k-puffs-disposable-vape-40ml-0-35\/#breadcrumb","itemListElement":[{"@type":"ListItem","position":1,"name":"\u9996\u9875","item":"https:\/\/vapemaison.com\/"},{"@type":"ListItem","position":2,"name":"Shop","item":"https:\/\/vapemaison.com\/shop\/"},{"@type":"ListItem","position":3,"name":"Kanger Subox Mate 50K Puffs Disposable Vape 40ml 0.35%"}]},{"@type":"WebSite","@id":"https:\/\/vapemaison.com\/#website","url":"https:\/\/vapemaison.com\/","name":"VapeMaison","description":"Appareils et accessoires de vapotage haut de gamme","publisher":{"@id":"https:\/\/vapemaison.com\/#organization"},"potentialAction":[{"@type":"SearchAction","target":{"@type":"EntryPoint","urlTemplate":"https:\/\/vapemaison.com\/?s={search_term_string}"},"query-input":{"@type":"PropertyValueSpecification","valueRequired":true,"valueName":"search_term_string"}}],"inLanguage":"fr-FR"},{"@type":"Organization","@id":"https:\/\/vapemaison.com\/#organization","name":"VapeMaison","url":"https:\/\/vapemaison.com\/","logo":{"@type":"ImageObject","inLanguage":"fr-FR","@id":"https:\/\/vapemaison.com\/#\/schema\/logo\/image\/","url":"https:\/\/vapemaison.com\/wp-content\/uploads\/2026\/01\/cropped-vapemaison-logo-g-2026.webp","contentUrl":"https:\/\/vapemaison.com\/wp-content\/uploads\/2026\/01\/cropped-vapemaison-logo-g-2026.webp","width":350,"height":280,"caption":"VapeMaison"},"image":{"@id":"https:\/\/vapemaison.com\/#\/schema\/logo\/image\/"},"sameAs":["https:\/\/www.youtube.com\/@VapeMaison"]}]}},"tiered_pricing_type":"fixed","tiered_pricing_fixed_rules":{"30":"16.63","50":"15.42","100":"14.72","200":"13.99"},"tiered_pricing_product_settings":{"layout":"default","base_unit_name":{"singular":null,"plural":null},"default_variation":null},"tiered_pricing_minimum_quantity":10,"tiered_pricing_roles_data":[],"tiered_pricing_percentage_rules":[],"tiered_pricing_maximum_quantity":null,"tiered_pricing_quantity_step":"10","_links":{"self":[{"href":"https:\/\/vapemaison.com\/fr\/wp-json\/wp\/v2\/product\/16414","targetHints":{"allow":["GET"]}}],"collection":[{"href":"https:\/\/vapemaison.com\/fr\/wp-json\/wp\/v2\/product"}],"about":[{"href":"https:\/\/vapemaison.com\/fr\/wp-json\/wp\/v2\/types\/product"}],"replies":[{"embeddable":true,"href":"https:\/\/vapemaison.com\/fr\/wp-json\/wp\/v2\/comments?post=16414"}],"version-history":[{"count":0,"href":"https:\/\/vapemaison.com\/fr\/wp-json\/wp\/v2\/product\/16414\/revisions"}],"wp:featuredmedia":[{"embeddable":true,"href":"https:\/\/vapemaison.com\/fr\/wp-json\/wp\/v2\/media\/16434"}],"wp:attachment":[{"href":"https:\/\/vapemaison.com\/fr\/wp-json\/wp\/v2\/media?parent=16414"}],"wp:term":[{"taxonomy":"product_brand","embeddable":true,"href":"https:\/\/vapemaison.com\/fr\/wp-json\/wp\/v2\/product_brand?post=16414"},{"taxonomy":"product_cat","embeddable":true,"href":"https:\/\/vapemaison.com\/fr\/wp-json\/wp\/v2\/product_cat?post=16414"},{"taxonomy":"product_tag","embeddable":true,"href":"https:\/\/vapemaison.com\/fr\/wp-json\/wp\/v2\/product_tag?post=16414"}],"curies":[{"name":"wp","href":"https:\/\/api.w.org\/{rel}","templated":true}]}}