

{"id":16479,"date":"2025-12-09T10:32:01","date_gmt":"2025-12-09T10:32:01","guid":{"rendered":"https:\/\/vapemaison.com\/?post_type=product&#038;p=16479"},"modified":"2026-03-23T02:32:45","modified_gmt":"2026-03-23T02:32:45","slug":"bang-king-shisha-25000-bouffees","status":"publish","type":"product","link":"https:\/\/vapemaison.com\/fr\/product\/bang-king-shisha-25000-puffs\/","title":{"rendered":"Bang King Shisha 25000 bouff\u00e9es Stylo \u00e0 Vape jetable"},"content":{"rendered":"<p><strong>Bang King Shisha 25000 bouff\u00e9es Affichage LED Vape jetable en cuir - Le style rencontre la puissance<\/strong><\/p>\n\n\n\n<p>D\u00e9couvrez le nec plus ultra en mati\u00e8re de vaping jetable avec le <strong>Bang King Shisha 25000 bouff\u00e9es<\/strong>, L'appareil est un m\u00e9lange parfait de sophistication, de performance et de commodit\u00e9. Dot\u00e9 d'une \u00e9l\u00e9gante finition en cuir, cet appareil haut de gamme est con\u00e7u pour une utilisation durable sans compromis sur le style.<\/p>\n\n\n\n<p>Avec <strong>jusqu'\u00e0 25 000 bouff\u00e9es<\/strong>, La Shisha Bang King garantit une utilisation prolong\u00e9e, tout en offrant un confort d'utilisation optimal. <strong>2%, 3% et 5% (taux de nicotine)<\/strong> pour r\u00e9pondre \u00e0 toutes les pr\u00e9f\u00e9rences. Ses g\u00e9n\u00e9reuses <strong>Capacit\u00e9 de 30 ml d'e-liquide<\/strong> et <strong>bobine avanc\u00e9e \u00e0 mailles de 0,6\u03a9<\/strong> offrent une vapeur riche et douce ainsi qu'une saveur intense d\u00e8s la premi\u00e8re bouff\u00e9e.<\/p>\n\n\n\n<p>Aliment\u00e9 par un <strong>Batterie rechargeable de 650mAh<\/strong> avec <strong>Chargement rapide de type C<\/strong>, Les temps d'arr\u00eat sont r\u00e9duits au minimum, ce qui vous permet d'\u00eatre pr\u00eat \u00e0 vaper toute la journ\u00e9e. Les <strong>Affichage LED<\/strong> fournit des informations en temps r\u00e9el sur la batterie, ce qui vous permet de toujours garder le contr\u00f4le.<\/p>\n\n\n\n<p>Disponible en <strong>12 saveurs distinctes<\/strong> Avec son design luxueux en cuir, la shisha Bang King allie vari\u00e9t\u00e9, \u00e9l\u00e9gance et haute performance. Chaque paquet contient <strong>10 appareils<\/strong>, Il est donc id\u00e9al pour ceux qui exigent une exp\u00e9rience de vapotage haut de gamme.<\/p>\n\n\n\n<p>Am\u00e9liorez votre jeu de vape avec le <strong>Bang King Shisha 25000 bouff\u00e9es<\/strong> - o\u00f9 le style, la puissance et la polyvalence se conjuguent.<\/p>\n\n\n\n<h5 class=\"wp-block-heading\"><strong>Caract\u00e9ristiques\uff1a<\/strong><\/h5>\n\n\n\n<ul class=\"wp-block-list\">\n<li>Nicotine:2%\/3%\/5%<\/li>\n\n\n\n<li>Bouff\u00e9es\uff1a25000 bouff\u00e9es<\/li>\n\n\n\n<li>Batterie : 650 mah<\/li>\n\n\n\n<li>Capacit\u00e9\uff1a30ML<\/li>\n\n\n\n<li>R\u00e9sistance\uff1a0.6 \u03a9 mesh coil<\/li>\n\n\n\n<li>Rechargeable\uff1atype-C<\/li>\n\n\n\n<li>Dispositif \u00e0 usage unique<\/li>\n\n\n\n<li>12 saveurs disponibles<\/li>\n\n\n\n<li>10 pi\u00e8ces dans une bo\u00eete de pr\u00e9sentation.<\/li>\n<\/ul>\n\n\n\n<h5 class=\"wp-block-heading\"><strong><br>Liste des ar\u00f4mes\uff1a<\/strong><\/h5>\n\n\n\n<ol class=\"wp-block-list\">\n<li>Vimto Bull<\/li>\n\n\n\n<li>L'homme press\u00e9<\/li>\n\n\n\n<li>Myrtille Raisin<\/li>\n\n\n\n<li>Framboise bleue Citron<\/li>\n\n\n\n<li>Limonade Cerise<\/li>\n\n\n\n<li>Myrtille framboise acidul\u00e9e<\/li>\n\n\n\n<li>Shisha citron menthe<\/li>\n\n\n\n<li>Double pomme<\/li>\n\n\n\n<li>Glace \u00e0 la p\u00eache<\/li>\n\n\n\n<li>Glace \u00e0 la past\u00e8que<\/li>\n\n\n\n<li>Mauvais sang<\/li>\n\n\n\n<li>Melon d'eau Miel Fruit de la passion<\/li>\n<\/ol>\n\n\n\n<p>Rejoignez les milliers de vapoteurs satisfaits qui aiment les appareils Bang ! D\u00e9couvrez nos <a href=\"https:\/\/vapemaison.com\">page d'accueil<\/a> pour les nouveaux arrivages, consultez la rubrique <a href=\"https:\/\/vapemaison.com\/shop\">boutique<\/a> pour la gamme compl\u00e8te, ou pour en savoir plus sur le programme <a href=\"https:\/\/vapemaison.com\/brand\/bang\">Marque Bang<\/a> dont tout le monde parle. Pour varier les plaisirs, d\u00e9couvrez <a href=\"https:\/\/vapemaison.com\/brand\/humo-azul\/\">Collection de la marque Humo Vape<\/a> ou parcourir tous les produits <a href=\"https:\/\/vapemaison.com\/product-category\/puffs-count\/\">Puffs vapes<\/a> en un seul endroit.<\/p>","protected":false},"excerpt":{"rendered":"<p><span class=\"\">Am\u00e9liorez votre exp\u00e9rience de vapotage avec le <\/span><b class=\"\" data-path-to-node=\"0\" data-index-in-node=\"40\">Bang King Shisha 25000<\/b><span class=\"\">,<\/span><span class=\"\"> avec un luxueux <\/span><b class=\"\" data-path-to-node=\"0\" data-index-in-node=\"86\">finition en cuir<\/b><span class=\"\"> et d'un syst\u00e8me performant de <\/span><b data-path-to-node=\"0\" data-index-in-node=\"124\">Bobine \u00e0 mailles de 0,6\u03a9<\/b> pour une vapeur riche et douce. Avec une capacit\u00e9 g\u00e9n\u00e9reuse de 30mL et un syst\u00e8me int\u00e9gr\u00e9 de <b data-path-to-node=\"0\" data-index-in-node=\"211\">Affichage LED<\/b> pour un contr\u00f4le en temps r\u00e9el de la batterie, cette centrale de 25 000 bouff\u00e9es allie parfaitement sophistication et puissance. Commandez votre pack de 10 d\u00e8s aujourd'hui pour b\u00e9n\u00e9ficier d'un style haut de gamme et d'une livraison prioritaire.<\/p>","protected":false},"featured_media":16481,"comment_status":"open","ping_status":"closed","template":"","meta":[],"product_brand":[57],"product_cat":[144],"product_tag":[],"class_list":{"0":"post-16479","1":"product","2":"type-product","3":"status-publish","4":"has-post-thumbnail","6":"product_brand-bang","7":"product_cat-25k-puffs","9":"first","10":"instock","11":"sale","12":"shipping-taxable","13":"purchasable","14":"product-type-variable"},"yoast_head":"<!-- This site is optimized with the Yoast SEO plugin v27.4 - https:\/\/yoast.com\/product\/yoast-seo-wordpress\/ -->\n<title>Bang King Shisha 25000 Puffs \u2013 Leather LED Disposable Vape- VapeMaison<\/title>\n<meta name=\"description\" content=\"Enjoy up to 25000 puffs with rich flavor, LED display, and sleek leather design. Rechargeable and available in 12 flavors.\" \/>\n<meta name=\"robots\" content=\"index, follow, max-snippet:-1, max-image-preview:large, max-video-preview:-1\" \/>\n<link rel=\"canonical\" href=\"https:\/\/vapemaison.com\/fr\/produit\/bang-king-shisha-25000-bouffees\/\" \/>\n<meta property=\"og:locale\" content=\"fr_FR\" \/>\n<meta property=\"og:type\" content=\"article\" \/>\n<meta property=\"og:title\" content=\"Bang King Shisha 25000 Puffs \u2013 Leather LED Disposable Vape- VapeMaison\" \/>\n<meta property=\"og:description\" content=\"Enjoy up to 25000 puffs with rich flavor, LED display, and sleek leather design. Rechargeable and available in 12 flavors.\" \/>\n<meta property=\"og:url\" content=\"https:\/\/vapemaison.com\/fr\/produit\/bang-king-shisha-25000-bouffees\/\" \/>\n<meta property=\"og:site_name\" content=\"VapeMaison\" \/>\n<meta property=\"article:modified_time\" content=\"2026-03-23T02:32:45+00:00\" \/>\n<meta property=\"og:image\" content=\"https:\/\/vapemaison.com\/wp-content\/uploads\/2025\/12\/double-apple-bang-king-e-shisha-25000.jpg\" \/>\n\t<meta property=\"og:image:width\" content=\"1500\" \/>\n\t<meta property=\"og:image:height\" content=\"1500\" \/>\n\t<meta property=\"og:image:type\" content=\"image\/jpeg\" \/>\n<meta name=\"twitter:card\" content=\"summary_large_image\" \/>\n<meta name=\"twitter:label1\" content=\"Dur\u00e9e de lecture estim\u00e9e\" \/>\n\t<meta name=\"twitter:data1\" content=\"2 minutes\" \/>\n<!-- \/ Yoast SEO plugin. -->","yoast_head_json":{"title":"Bang King Shisha 25000 bouff\u00e9es - Cuir LED Vape jetable- VapeMaison","description":"Appr\u00e9ciez jusqu'\u00e0 25 000 bouff\u00e9es avec un go\u00fbt riche, un affichage LED et un design \u00e9l\u00e9gant en cuir. Rechargeable et disponible en 12 saveurs.","robots":{"index":"index","follow":"follow","max-snippet":"max-snippet:-1","max-image-preview":"max-image-preview:large","max-video-preview":"max-video-preview:-1"},"canonical":"https:\/\/vapemaison.com\/fr\/produit\/bang-king-shisha-25000-bouffees\/","og_locale":"fr_FR","og_type":"article","og_title":"Bang King Shisha 25000 Puffs \u2013 Leather LED Disposable Vape- VapeMaison","og_description":"Enjoy up to 25000 puffs with rich flavor, LED display, and sleek leather design. Rechargeable and available in 12 flavors.","og_url":"https:\/\/vapemaison.com\/fr\/produit\/bang-king-shisha-25000-bouffees\/","og_site_name":"VapeMaison","article_modified_time":"2026-03-23T02:32:45+00:00","og_image":[{"width":1500,"height":1500,"url":"https:\/\/vapemaison.com\/wp-content\/uploads\/2025\/12\/double-apple-bang-king-e-shisha-25000.jpg","type":"image\/jpeg"}],"twitter_card":"summary_large_image","twitter_misc":{"Dur\u00e9e de lecture estim\u00e9e":"2 minutes"},"schema":{"@context":"https:\/\/schema.org","@graph":[{"@type":"WebPage","@id":"https:\/\/vapemaison.com\/product\/bang-king-shisha-25000-puffs\/","url":"https:\/\/vapemaison.com\/product\/bang-king-shisha-25000-puffs\/","name":"Bang King Shisha 25000 bouff\u00e9es - Cuir LED Vape jetable- VapeMaison","isPartOf":{"@id":"https:\/\/vapemaison.com\/#website"},"primaryImageOfPage":{"@id":"https:\/\/vapemaison.com\/product\/bang-king-shisha-25000-puffs\/#primaryimage"},"image":{"@id":"https:\/\/vapemaison.com\/product\/bang-king-shisha-25000-puffs\/#primaryimage"},"thumbnailUrl":"https:\/\/vapemaison.com\/wp-content\/uploads\/2025\/12\/double-apple-bang-king-e-shisha-25000.jpg","datePublished":"2025-12-09T10:32:01+00:00","dateModified":"2026-03-23T02:32:45+00:00","description":"Appr\u00e9ciez jusqu'\u00e0 25 000 bouff\u00e9es avec un go\u00fbt riche, un affichage LED et un design \u00e9l\u00e9gant en cuir. Rechargeable et disponible en 12 saveurs.","breadcrumb":{"@id":"https:\/\/vapemaison.com\/product\/bang-king-shisha-25000-puffs\/#breadcrumb"},"inLanguage":"fr-FR","potentialAction":[{"@type":"ReadAction","target":["https:\/\/vapemaison.com\/product\/bang-king-shisha-25000-puffs\/"]}]},{"@type":"ImageObject","inLanguage":"fr-FR","@id":"https:\/\/vapemaison.com\/product\/bang-king-shisha-25000-puffs\/#primaryimage","url":"https:\/\/vapemaison.com\/wp-content\/uploads\/2025\/12\/double-apple-bang-king-e-shisha-25000.jpg","contentUrl":"https:\/\/vapemaison.com\/wp-content\/uploads\/2025\/12\/double-apple-bang-king-e-shisha-25000.jpg","width":1500,"height":1500,"caption":"Double Apple Bang King E Shisha Disposable Vape Device"},{"@type":"BreadcrumbList","@id":"https:\/\/vapemaison.com\/product\/bang-king-shisha-25000-puffs\/#breadcrumb","itemListElement":[{"@type":"ListItem","position":1,"name":"\u9996\u9875","item":"https:\/\/vapemaison.com\/"},{"@type":"ListItem","position":2,"name":"Shop","item":"https:\/\/vapemaison.com\/shop\/"},{"@type":"ListItem","position":3,"name":"Bang","item":"https:\/\/vapemaison.com\/brand\/bang\/"},{"@type":"ListItem","position":4,"name":"Bang King Shisha 25000 Puffs Disposable Vape Pen"}]},{"@type":"WebSite","@id":"https:\/\/vapemaison.com\/#website","url":"https:\/\/vapemaison.com\/","name":"VapeMaison","description":"Appareils et accessoires de vapotage haut de gamme","publisher":{"@id":"https:\/\/vapemaison.com\/#organization"},"potentialAction":[{"@type":"SearchAction","target":{"@type":"EntryPoint","urlTemplate":"https:\/\/vapemaison.com\/?s={search_term_string}"},"query-input":{"@type":"PropertyValueSpecification","valueRequired":true,"valueName":"search_term_string"}}],"inLanguage":"fr-FR"},{"@type":"Organization","@id":"https:\/\/vapemaison.com\/#organization","name":"VapeMaison","url":"https:\/\/vapemaison.com\/","logo":{"@type":"ImageObject","inLanguage":"fr-FR","@id":"https:\/\/vapemaison.com\/#\/schema\/logo\/image\/","url":"https:\/\/vapemaison.com\/wp-content\/uploads\/2026\/01\/cropped-vapemaison-logo-g-2026.webp","contentUrl":"https:\/\/vapemaison.com\/wp-content\/uploads\/2026\/01\/cropped-vapemaison-logo-g-2026.webp","width":350,"height":280,"caption":"VapeMaison"},"image":{"@id":"https:\/\/vapemaison.com\/#\/schema\/logo\/image\/"},"sameAs":["https:\/\/www.youtube.com\/@VapeMaison"]}]}},"tiered_pricing_type":"fixed","tiered_pricing_fixed_rules":{"30":"10.98","50":"9.98","100":"8.98","200":"7.98"},"tiered_pricing_product_settings":{"layout":"default","base_unit_name":{"singular":null,"plural":null},"default_variation":null},"tiered_pricing_minimum_quantity":10,"tiered_pricing_roles_data":[],"tiered_pricing_percentage_rules":[],"tiered_pricing_maximum_quantity":null,"tiered_pricing_quantity_step":"10","_links":{"self":[{"href":"https:\/\/vapemaison.com\/fr\/wp-json\/wp\/v2\/product\/16479","targetHints":{"allow":["GET"]}}],"collection":[{"href":"https:\/\/vapemaison.com\/fr\/wp-json\/wp\/v2\/product"}],"about":[{"href":"https:\/\/vapemaison.com\/fr\/wp-json\/wp\/v2\/types\/product"}],"replies":[{"embeddable":true,"href":"https:\/\/vapemaison.com\/fr\/wp-json\/wp\/v2\/comments?post=16479"}],"version-history":[{"count":1,"href":"https:\/\/vapemaison.com\/fr\/wp-json\/wp\/v2\/product\/16479\/revisions"}],"predecessor-version":[{"id":28236,"href":"https:\/\/vapemaison.com\/fr\/wp-json\/wp\/v2\/product\/16479\/revisions\/28236"}],"wp:featuredmedia":[{"embeddable":true,"href":"https:\/\/vapemaison.com\/fr\/wp-json\/wp\/v2\/media\/16481"}],"wp:attachment":[{"href":"https:\/\/vapemaison.com\/fr\/wp-json\/wp\/v2\/media?parent=16479"}],"wp:term":[{"taxonomy":"product_brand","embeddable":true,"href":"https:\/\/vapemaison.com\/fr\/wp-json\/wp\/v2\/product_brand?post=16479"},{"taxonomy":"product_cat","embeddable":true,"href":"https:\/\/vapemaison.com\/fr\/wp-json\/wp\/v2\/product_cat?post=16479"},{"taxonomy":"product_tag","embeddable":true,"href":"https:\/\/vapemaison.com\/fr\/wp-json\/wp\/v2\/product_tag?post=16479"}],"curies":[{"name":"wp","href":"https:\/\/api.w.org\/{rel}","templated":true}]}}