

{"id":16722,"date":"2025-12-10T08:50:20","date_gmt":"2025-12-10T08:50:20","guid":{"rendered":"https:\/\/vapemaison.com\/?post_type=product&#038;p=16722"},"modified":"2025-12-22T09:38:44","modified_gmt":"2025-12-22T09:38:44","slug":"bang-tornado-20k-puffs-disposable-vape","status":"publish","type":"product","link":"https:\/\/vapemaison.com\/fr\/product\/bang-tornado-20k-puffs-disposable-vape\/","title":{"rendered":"Bang Tornado 20K Puffs LED Display Vape jetable"},"content":{"rendered":"<h3 class=\"wp-block-heading\"><strong>Bang Tornado 20K Puffs LED Display Edition Stylo \u00e0 Vape jetable<\/strong><\/h3>\n\n\n\n<p>Le <strong>Bang Tornado 20K Puffs LED Display Edition Stylo \u00e0 Vape jetable<\/strong> est con\u00e7u pour les vapoteurs qui exigent des performances, une commodit\u00e9 et un style sup\u00e9rieurs. D\u00e9livrant jusqu'\u00e0 <strong>20K Puffs<\/strong>, Cette vape de grande capacit\u00e9 garantit des sessions prolong\u00e9es de vapeur satisfaisante, ce qui en fait le choix parfait pour ceux qui recherchent un plaisir durable.<\/p>\n\n\n\n<p>Avec un <strong>Capacit\u00e9 de 26mL d'e-liquide<\/strong>, le <strong>Bang Tornado<\/strong> offre une dur\u00e9e de vapotage importante sans n\u00e9cessiter de recharges fr\u00e9quentes. Son syst\u00e8me avanc\u00e9 de <strong>Bobine \u00e0 mailles de 1,0\u03a9<\/strong> am\u00e9liore la production de vapeur tout en d\u00e9livrant une saveur riche et homog\u00e8ne. L'appareil pr\u00e9sente \u00e9galement les caract\u00e9ristiques suivantes <strong>d\u00e9bit d'air r\u00e9glable<\/strong>, permettant aux utilisateurs d'adapter leur tirage pour une exp\u00e9rience de vapotage personnalis\u00e9e.<\/p>\n\n\n\n<p>Aliment\u00e9 par un <strong>Batterie rechargeable de 1000mAh<\/strong> et \u00e9quip\u00e9 de <strong>Chargement rapide de type C<\/strong>, le <strong>Bang Tornado<\/strong> garantit une alimentation \u00e9lectrique efficace, minimisant les temps d'arr\u00eat et vous permettant d'\u00eatre pr\u00eat pour votre prochaine session. Le syst\u00e8me d'alimentation <strong>Affichage LED<\/strong> fournit des mises \u00e0 jour en temps r\u00e9el sur l'autonomie de la batterie et les niveaux d'e-liquide, offrant un contr\u00f4le total et une tranquillit\u00e9 d'esprit.<\/p>\n\n\n\n<p>Disponible dans des taux de nicotine de <strong>0%, 2%, 3% et 5%<\/strong>, et propos\u00e9 en <strong>12 saveurs passionnantes<\/strong>, le <strong>Bang Tornado<\/strong> est con\u00e7u pour r\u00e9pondre \u00e0 un large \u00e9ventail de pr\u00e9f\u00e9rences, ce qui le rend adapt\u00e9 aux vapoteurs novices et exp\u00e9riment\u00e9s.<\/p>\n\n\n\n<h3 class=\"wp-block-heading\"><strong>Caract\u00e9ristiques principales :<\/strong><\/h3>\n\n\n\n<figure class=\"wp-block-table\"><table class=\"has-fixed-layout\"><thead><tr><th><strong>Fonctionnalit\u00e9<\/strong><\/th><th><strong>Sp\u00e9cifications<\/strong><\/th><\/tr><\/thead><tbody><tr><td><strong>Capacit\u00e9 de bouff\u00e9e<\/strong><\/td><td>Jusqu'\u00e0 20 000 bouff\u00e9es<\/td><\/tr><tr><td><strong>Intensit\u00e9 de la nicotine<\/strong><\/td><td>0%, 2%, 3%, 5%<\/td><\/tr><tr><td><strong>Capacit\u00e9 en e-liquide<\/strong><\/td><td>26mL<\/td><\/tr><tr><td><strong>Batterie<\/strong><\/td><td>1000mAh Rechargeable<\/td><\/tr><tr><td><strong>Bobine<\/strong><\/td><td>1.0\u03a9 Mesh Coil<\/td><\/tr><tr><td><strong>D\u00e9bit d'air<\/strong><\/td><td>Flux d'air r\u00e9glable<\/td><\/tr><tr><td><strong>Port de charge<\/strong><\/td><td>Chargement rapide de type C<\/td><\/tr><tr><td><strong>Affichage LED<\/strong><\/td><td>Informations en temps r\u00e9el sur la batterie et les e-liquides<\/td><\/tr><tr><td><strong>Saveurs<\/strong><\/td><td>12 options en gras<\/td><\/tr><\/tbody><\/table><\/figure>\n\n\n\n<h3 class=\"wp-block-heading\"><strong>Liste des saveurs :<\/strong><\/h3>\n\n\n\n<ol class=\"wp-block-list\">\n<li>Past\u00e8que<\/li>\n\n\n\n<li>Past\u00e8que \u00e0 la fraise<\/li>\n\n\n\n<li>Glace aux myrtilles<\/li>\n\n\n\n<li>Myrtille Framboise<\/li>\n\n\n\n<li>Glace \u00e0 la fraise<\/li>\n\n\n\n<li>Fraise Kiwi<\/li>\n\n\n\n<li>Mangue P\u00eache Past\u00e8que<\/li>\n\n\n\n<li>Kiwi Fruit de la passion Goyave<\/li>\n\n\n\n<li>Glace \u00e0 la p\u00eache<\/li>\n\n\n\n<li>Baies m\u00e9lang\u00e9es<\/li>\n\n\n\n<li>Myrtille Raisin<\/li>\n\n\n\n<li>Past\u00e8que Bubblegum<\/li>\n<\/ol>\n\n\n\n<h3 class=\"wp-block-heading\"><strong>Pourquoi choisir Bang Tornado 20000 Puffs ?<\/strong><\/h3>\n\n\n\n<ul class=\"wp-block-list\">\n<li><strong>Capacit\u00e9 de bouff\u00e9e longue dur\u00e9e :<\/strong> Avec jusqu'\u00e0 <strong>20K Puffs<\/strong>, Avec le syst\u00e8me de vapotage, vous profitez d'une exp\u00e9rience de vapotage substantielle sans avoir besoin de le remplacer fr\u00e9quemment.<\/li>\n\n\n\n<li><strong>E-liquide de qualit\u00e9 sup\u00e9rieure Capacit\u00e9 :<\/strong> <strong>26mL<\/strong> d'e-liquide vous assure une utilisation maximale de chaque appareil, r\u00e9duisant les recharges et augmentant la commodit\u00e9.<\/li>\n\n\n\n<li><strong>Exp\u00e9rience de vapotage personnalis\u00e9e :<\/strong> Le <strong>d\u00e9bit d'air r\u00e9glable<\/strong> et <strong>Bobine \u00e0 mailles de 1,0\u03a9<\/strong> am\u00e9liorent la saveur et la production de vapeur, ce qui vous permet d'adapter chaque session \u00e0 vos pr\u00e9f\u00e9rences personnelles.<\/li>\n\n\n\n<li><strong>Surveillance en temps r\u00e9el :<\/strong> Le <strong>Affichage LED<\/strong> fournit des mises \u00e0 jour instantan\u00e9es des niveaux de batterie et d'e-liquide, pour que vous gardiez toujours le contr\u00f4le.<\/li>\n\n\n\n<li><strong>Recharge rapide :<\/strong> <strong>Chargement rapide de type C<\/strong> assure un temps d'arr\u00eat minimal, vous permettant d'\u00eatre pr\u00eat \u00e0 vaper en un rien de temps.<\/li>\n\n\n\n<li><strong>Large choix d'ar\u00f4mes :<\/strong> Avec <strong>12 saveurs d\u00e9licieuses<\/strong> et des taux de nicotine allant de <strong>0% \u00e0 5%<\/strong>, le <strong>Bang Tornado<\/strong> r\u00e9pond aux besoins de tous les vapoteurs.<\/li>\n<\/ul>\n\n\n\n<p>Am\u00e9liorez votre exp\u00e9rience de vapotage avec le <strong>Bang Tornado 20K Puffs LED Display Edition Stylo \u00e0 Vape jetable<\/strong>-Con\u00e7u pour la performance, la commodit\u00e9 et la saveur audacieuse. Parfait pour tout vapoteur \u00e0 la recherche d'une vape jetable fiable et de grande capacit\u00e9.<\/p>\n\n\n\n<p>Rejoignez les milliers de vapoteurs satisfaits qui aiment les appareils Bang ! D\u00e9couvrez nos <a href=\"https:\/\/vapemaison.com\">page d'accueil<\/a> pour les nouveaux arrivages, consultez la rubrique <a href=\"https:\/\/vapemaison.com\/shop\">boutique<\/a> pour la gamme compl\u00e8te, ou pour en savoir plus sur le programme <a href=\"https:\/\/vapemaison.com\/brand\/bang\">Marque Bang<\/a> dont tout le monde parle. Pour varier les plaisirs, d\u00e9couvrez <a href=\"https:\/\/vapemaison.com\/brand\/humo-azul\/\">Collection de la marque Humo Vape<\/a> ou parcourir tous les produits <a href=\"https:\/\/vapemaison.com\/product-category\/puffs-count\/\">Puffs vapes<\/a> en un seul endroit.<\/p>","protected":false},"excerpt":{"rendered":"<div id=\"model-response-message-contentr_41a9ae1d0168c6d5\" class=\"markdown markdown-main-panel stronger enable-updated-hr-color\" dir=\"ltr\" aria-live=\"polite\" aria-busy=\"false\">\n<p data-path-to-node=\"0\">Faites l'exp\u00e9rience de 20 000 bouff\u00e9es de vapeur con\u00e7ues avec pr\u00e9cision avec le <b data-path-to-node=\"0\" data-index-in-node=\"63\">Bang Tornado 20K<\/b>, Il est \u00e9quip\u00e9 d'une batterie haute capacit\u00e9 de 1000mAh et d'un flux d'air r\u00e9glable pour un tirage enti\u00e8rement personnalis\u00e9. Surveillez vos niveaux en un coup d'\u0153il gr\u00e2ce \u00e0 l'affichage LED en temps r\u00e9el et profitez d'une saveur riche et constante gr\u00e2ce \u00e0 la bobine mesh de 1,0\u03a9. Choisissez votre taux de nicotine d\u00e8s maintenant pour s\u00e9curiser ce mod\u00e8le haute performance avec notre garantie d'exp\u00e9dition rapide actuelle.<\/p>\n<\/div>","protected":false},"featured_media":16727,"comment_status":"open","ping_status":"closed","template":"","meta":[],"product_brand":[57],"product_cat":[133,16],"product_tag":[],"class_list":{"0":"post-16722","1":"product","2":"type-product","3":"status-publish","4":"has-post-thumbnail","6":"product_brand-bang","7":"product_cat-20k-puffs","8":"product_cat-uncategorized","10":"first","11":"instock","12":"sale","13":"shipping-taxable","14":"purchasable","15":"product-type-variable"},"yoast_head":"<!-- This site is optimized with the Yoast SEO plugin v27.4 - https:\/\/yoast.com\/product\/yoast-seo-wordpress\/ -->\n<title>Bang Tornado 20k Puffs Disposable Vape \u2013 LED Display<\/title>\n<meta name=\"description\" content=\"Enjoy up to 20k puffs with the Bang Tornado Disposable Vape. Featuring 26mL e-liquid, 1.0\u03a9 mesh coil, and LED display for a premium vaping experience.\" \/>\n<meta name=\"robots\" content=\"index, follow, max-snippet:-1, max-image-preview:large, max-video-preview:-1\" \/>\n<link rel=\"canonical\" href=\"https:\/\/vapemaison.com\/fr\/produit\/bang-tornado-20k-puffs-disposable-vape\/\" \/>\n<meta property=\"og:locale\" content=\"fr_FR\" \/>\n<meta property=\"og:type\" content=\"article\" \/>\n<meta property=\"og:title\" content=\"Bang Tornado 20k Puffs Disposable Vape \u2013 LED Display\" \/>\n<meta property=\"og:description\" content=\"Enjoy up to 20k puffs with the Bang Tornado Disposable Vape. Featuring 26mL e-liquid, 1.0\u03a9 mesh coil, and LED display for a premium vaping experience.\" \/>\n<meta property=\"og:url\" content=\"https:\/\/vapemaison.com\/fr\/produit\/bang-tornado-20k-puffs-disposable-vape\/\" \/>\n<meta property=\"og:site_name\" content=\"VapeMaison\" \/>\n<meta property=\"article:modified_time\" content=\"2025-12-22T09:38:44+00:00\" \/>\n<meta property=\"og:image\" content=\"https:\/\/vapemaison.com\/wp-content\/uploads\/2025\/12\/vape-bang-tornado-20000-puffs-main-picture.jpg.webp\" \/>\n\t<meta property=\"og:image:width\" content=\"1000\" \/>\n\t<meta property=\"og:image:height\" content=\"1000\" \/>\n\t<meta property=\"og:image:type\" content=\"image\/webp\" \/>\n<meta name=\"twitter:card\" content=\"summary_large_image\" \/>\n<meta name=\"twitter:label1\" content=\"Dur\u00e9e de lecture estim\u00e9e\" \/>\n\t<meta name=\"twitter:data1\" content=\"3 minutes\" \/>\n<!-- \/ Yoast SEO plugin. -->","yoast_head_json":{"title":"Bang Tornado 20k Puffs Vape jetable - Affichage LED","description":"Appr\u00e9ciez jusqu'\u00e0 20 000 bouff\u00e9es avec la Bang Tornado Vape jetable. Avec 26mL d'e-liquide, 1.0\u03a9 mesh coil, et un affichage LED pour une exp\u00e9rience de vapotage de qualit\u00e9.","robots":{"index":"index","follow":"follow","max-snippet":"max-snippet:-1","max-image-preview":"max-image-preview:large","max-video-preview":"max-video-preview:-1"},"canonical":"https:\/\/vapemaison.com\/fr\/produit\/bang-tornado-20k-puffs-disposable-vape\/","og_locale":"fr_FR","og_type":"article","og_title":"Bang Tornado 20k Puffs Disposable Vape \u2013 LED Display","og_description":"Enjoy up to 20k puffs with the Bang Tornado Disposable Vape. Featuring 26mL e-liquid, 1.0\u03a9 mesh coil, and LED display for a premium vaping experience.","og_url":"https:\/\/vapemaison.com\/fr\/produit\/bang-tornado-20k-puffs-disposable-vape\/","og_site_name":"VapeMaison","article_modified_time":"2025-12-22T09:38:44+00:00","og_image":[{"width":1000,"height":1000,"url":"https:\/\/vapemaison.com\/wp-content\/uploads\/2025\/12\/vape-bang-tornado-20000-puffs-main-picture.jpg.webp","type":"image\/webp"}],"twitter_card":"summary_large_image","twitter_misc":{"Dur\u00e9e de lecture estim\u00e9e":"3 minutes"},"schema":{"@context":"https:\/\/schema.org","@graph":[{"@type":"WebPage","@id":"https:\/\/vapemaison.com\/product\/bang-tornado-20k-puffs-disposable-vape\/","url":"https:\/\/vapemaison.com\/product\/bang-tornado-20k-puffs-disposable-vape\/","name":"Bang Tornado 20k Puffs Vape jetable - Affichage LED","isPartOf":{"@id":"https:\/\/vapemaison.com\/#website"},"primaryImageOfPage":{"@id":"https:\/\/vapemaison.com\/product\/bang-tornado-20k-puffs-disposable-vape\/#primaryimage"},"image":{"@id":"https:\/\/vapemaison.com\/product\/bang-tornado-20k-puffs-disposable-vape\/#primaryimage"},"thumbnailUrl":"https:\/\/vapemaison.com\/wp-content\/uploads\/2025\/12\/vape-bang-tornado-20000-puffs-main-picture.jpg.webp","datePublished":"2025-12-10T08:50:20+00:00","dateModified":"2025-12-22T09:38:44+00:00","description":"Appr\u00e9ciez jusqu'\u00e0 20 000 bouff\u00e9es avec la Bang Tornado Vape jetable. Avec 26mL d'e-liquide, 1.0\u03a9 mesh coil, et un affichage LED pour une exp\u00e9rience de vapotage de qualit\u00e9.","breadcrumb":{"@id":"https:\/\/vapemaison.com\/product\/bang-tornado-20k-puffs-disposable-vape\/#breadcrumb"},"inLanguage":"fr-FR","potentialAction":[{"@type":"ReadAction","target":["https:\/\/vapemaison.com\/product\/bang-tornado-20k-puffs-disposable-vape\/"]}]},{"@type":"ImageObject","inLanguage":"fr-FR","@id":"https:\/\/vapemaison.com\/product\/bang-tornado-20k-puffs-disposable-vape\/#primaryimage","url":"https:\/\/vapemaison.com\/wp-content\/uploads\/2025\/12\/vape-bang-tornado-20000-puffs-main-picture.jpg.webp","contentUrl":"https:\/\/vapemaison.com\/wp-content\/uploads\/2025\/12\/vape-bang-tornado-20000-puffs-main-picture.jpg.webp","width":1000,"height":1000,"caption":"Vape Bang Tornado Puffs Main Picture.jpg"},{"@type":"BreadcrumbList","@id":"https:\/\/vapemaison.com\/product\/bang-tornado-20k-puffs-disposable-vape\/#breadcrumb","itemListElement":[{"@type":"ListItem","position":1,"name":"\u9996\u9875","item":"https:\/\/vapemaison.com\/"},{"@type":"ListItem","position":2,"name":"Shop","item":"https:\/\/vapemaison.com\/shop\/"},{"@type":"ListItem","position":3,"name":"Bang","item":"https:\/\/vapemaison.com\/brand\/bang\/"},{"@type":"ListItem","position":4,"name":"Bang Tornado 20K Puffs LED Display Disposable Vape"}]},{"@type":"WebSite","@id":"https:\/\/vapemaison.com\/#website","url":"https:\/\/vapemaison.com\/","name":"VapeMaison","description":"Appareils et accessoires de vapotage haut de gamme","publisher":{"@id":"https:\/\/vapemaison.com\/#organization"},"potentialAction":[{"@type":"SearchAction","target":{"@type":"EntryPoint","urlTemplate":"https:\/\/vapemaison.com\/?s={search_term_string}"},"query-input":{"@type":"PropertyValueSpecification","valueRequired":true,"valueName":"search_term_string"}}],"inLanguage":"fr-FR"},{"@type":"Organization","@id":"https:\/\/vapemaison.com\/#organization","name":"VapeMaison","url":"https:\/\/vapemaison.com\/","logo":{"@type":"ImageObject","inLanguage":"fr-FR","@id":"https:\/\/vapemaison.com\/#\/schema\/logo\/image\/","url":"https:\/\/vapemaison.com\/wp-content\/uploads\/2026\/01\/cropped-vapemaison-logo-g-2026.webp","contentUrl":"https:\/\/vapemaison.com\/wp-content\/uploads\/2026\/01\/cropped-vapemaison-logo-g-2026.webp","width":350,"height":280,"caption":"VapeMaison"},"image":{"@id":"https:\/\/vapemaison.com\/#\/schema\/logo\/image\/"},"sameAs":["https:\/\/www.youtube.com\/@VapeMaison"]}]}},"tiered_pricing_type":"fixed","tiered_pricing_fixed_rules":{"30":"9.99","50":"9.12","100":"8.54","200":"7.26"},"tiered_pricing_product_settings":{"layout":"default","base_unit_name":{"singular":null,"plural":null},"default_variation":null},"tiered_pricing_minimum_quantity":10,"tiered_pricing_roles_data":[],"tiered_pricing_percentage_rules":[],"tiered_pricing_maximum_quantity":null,"tiered_pricing_quantity_step":"10","_links":{"self":[{"href":"https:\/\/vapemaison.com\/fr\/wp-json\/wp\/v2\/product\/16722","targetHints":{"allow":["GET"]}}],"collection":[{"href":"https:\/\/vapemaison.com\/fr\/wp-json\/wp\/v2\/product"}],"about":[{"href":"https:\/\/vapemaison.com\/fr\/wp-json\/wp\/v2\/types\/product"}],"replies":[{"embeddable":true,"href":"https:\/\/vapemaison.com\/fr\/wp-json\/wp\/v2\/comments?post=16722"}],"version-history":[{"count":0,"href":"https:\/\/vapemaison.com\/fr\/wp-json\/wp\/v2\/product\/16722\/revisions"}],"wp:featuredmedia":[{"embeddable":true,"href":"https:\/\/vapemaison.com\/fr\/wp-json\/wp\/v2\/media\/16727"}],"wp:attachment":[{"href":"https:\/\/vapemaison.com\/fr\/wp-json\/wp\/v2\/media?parent=16722"}],"wp:term":[{"taxonomy":"product_brand","embeddable":true,"href":"https:\/\/vapemaison.com\/fr\/wp-json\/wp\/v2\/product_brand?post=16722"},{"taxonomy":"product_cat","embeddable":true,"href":"https:\/\/vapemaison.com\/fr\/wp-json\/wp\/v2\/product_cat?post=16722"},{"taxonomy":"product_tag","embeddable":true,"href":"https:\/\/vapemaison.com\/fr\/wp-json\/wp\/v2\/product_tag?post=16722"}],"curies":[{"name":"wp","href":"https:\/\/api.w.org\/{rel}","templated":true}]}}