

{"id":16839,"date":"2025-12-10T10:14:49","date_gmt":"2025-12-10T10:14:49","guid":{"rendered":"https:\/\/vapemaison.com\/?post_type=product&#038;p=16839"},"modified":"2025-12-22T09:29:09","modified_gmt":"2025-12-22T09:29:09","slug":"bang-king-triple-45000-puffs-vape","status":"publish","type":"product","link":"https:\/\/vapemaison.com\/fr\/product\/bang-king-triple-45000-puffs-vape\/","title":{"rendered":"Bang King Triple 45000 bouff\u00e9es Vape jetable rechargeable"},"content":{"rendered":"<h3 class=\"wp-block-heading\"><strong>Bang King Triple 45000 Puffs Vape jetable - La polyvalence red\u00e9finie<\/strong><\/h3>\n\n\n\n<p>Le <strong>Bang King Triple 45000 bouff\u00e9es<\/strong> est une vape jetable r\u00e9volutionnaire qui porte la polyvalence des saveurs \u00e0 un niveau sup\u00e9rieur. Dot\u00e9 d'un syst\u00e8me innovant de <strong>Syst\u00e8me de changement d'ar\u00f4me 3 en 1<\/strong>, Cet appareil vous permet de passer en toute transparence d'un ar\u00f4me \u00e0 l'autre pour une exp\u00e9rience de vapotage dynamique. Avec la capacit\u00e9 de d\u00e9livrer jusqu'\u00e0 <strong>45 000 bouff\u00e9es<\/strong>, Le Bang King Triple 45000 garantit une satisfaction durable \u00e0 ceux qui recherchent la vari\u00e9t\u00e9 et la performance \u00e0 chaque session.<\/p>\n\n\n\n<p>Aliment\u00e9 par un <strong>Batterie rechargeable de 650mAh<\/strong>, Cette vape offre des performances fiables et constantes, avec en plus les avantages suivants <strong>Chargement rapide de type C<\/strong> pour des recharges rapides et pratiques. Les <strong>triple bobines de 1,0\u03a9<\/strong> offrent une vapeur douce et une production d'ar\u00f4mes riches tout au long de la dur\u00e9e de vie de l'appareil, ce qui rend chaque bouff\u00e9e agr\u00e9able.<\/p>\n\n\n\n<p>Avec un total de <strong>Capacit\u00e9 de 45mL d'e-liquide<\/strong> (3 x 15mL), le Bang King Triple 45000 permet une utilisation prolong\u00e9e sans qu'il soit n\u00e9cessaire de le recharger fr\u00e9quemment. Disponible en <strong>2%, 3% et 5% (taux de nicotine)<\/strong>, Cet appareil est personnalisable pour r\u00e9pondre \u00e0 un large \u00e9ventail de pr\u00e9f\u00e9rences. Vous avez le choix entre <strong>10 combinaisons de saveurs audacieuses et excitantes<\/strong>, et profitez d'une exp\u00e9rience de vapotage sans pr\u00e9c\u00e9dent.<\/p>\n\n\n\n<p>Le <strong>Bang King Triple 45000<\/strong> est le choix id\u00e9al pour les vapoteurs \u00e0 la recherche de performances, de commodit\u00e9 et de fonctions innovantes dans un design \u00e9l\u00e9gant.<\/p>\n\n\n\n<h3 class=\"wp-block-heading\"><strong>Caract\u00e9ristiques principales :<\/strong><\/h3>\n\n\n\n<figure class=\"wp-block-table\"><table class=\"has-fixed-layout\"><thead><tr><th><strong>Fonctionnalit\u00e9<\/strong><\/th><th><strong>Sp\u00e9cifications<\/strong><\/th><\/tr><\/thead><tbody><tr><td><strong>Capacit\u00e9 de bouff\u00e9e<\/strong><\/td><td>Jusqu'\u00e0 45 000 bouff\u00e9es<\/td><\/tr><tr><td><strong>Intensit\u00e9 de la nicotine<\/strong><\/td><td>2%, 3%, 5%<\/td><\/tr><tr><td><strong>Capacit\u00e9 en e-liquide<\/strong><\/td><td>3 x 15mL (Total 45mL)<\/td><\/tr><tr><td><strong>Batterie<\/strong><\/td><td>650mAh Rechargeable<\/td><\/tr><tr><td><strong>R\u00e9sistance de la bobine<\/strong><\/td><td>Triple 1.0\u03a9 Mesh Coils<\/td><\/tr><tr><td><strong>Port de charge<\/strong><\/td><td>Chargement rapide de type C<\/td><\/tr><tr><td><strong>Changement d'ar\u00f4me<\/strong><\/td><td>M\u00e9canisme de rotation du m\u00e9got de cigarette<\/td><\/tr><tr><td><strong>Options de saveurs<\/strong><\/td><td>10 m\u00e9langes uniques<\/td><\/tr><tr><td><strong>Emballage<\/strong><\/td><td>10 pi\u00e8ces par bo\u00eete de pr\u00e9sentation<\/td><\/tr><\/tbody><\/table><\/figure>\n\n\n\n<h3 class=\"wp-block-heading\"><strong>Liste des saveurs :<\/strong><\/h3>\n\n\n\n<ol class=\"wp-block-list\">\n<li>Past\u00e8que + Red Bull + Fraise Kiwi<\/li>\n\n\n\n<li>Citron vert + past\u00e8que fraise + glace myrtille<\/li>\n\n\n\n<li>Fraise-banane + framboise-melon d'eau + citron-citron vert<\/li>\n\n\n\n<li>Fraise Kiwi + Mangue Ananas + Red Bull<\/li>\n\n\n\n<li>Fruits tropicaux + Fraise Past\u00e8que + P\u00eache Citron<\/li>\n\n\n\n<li>Ananas noix de coco + Fraise banane + Blue Razz<\/li>\n\n\n\n<li>Fraise framboise + Triple melon + Mangue ananas acide<\/li>\n\n\n\n<li>Framboise Past\u00e8que + Mangue P\u00eache + Fraise Kiwi<\/li>\n\n\n\n<li>Coca \u00e0 la fraise et \u00e0 la vanille + myrtille et framboise + citron vert<\/li>\n\n\n\n<li>Past\u00e8que + glace \u00e0 la fraise + triple melon<\/li>\n<\/ol>\n\n\n\n<h3 class=\"wp-block-heading\"><strong>Pourquoi choisir Bang King Triple 45000 Puffs ?<\/strong><\/h3>\n\n\n\n<ul class=\"wp-block-list\">\n<li><strong>Changement d'ar\u00f4me innovant :<\/strong> Passez facilement d'une saveur \u00e0 l'autre gr\u00e2ce \u00e0 la fonction <strong>m\u00e9canisme de rotation du m\u00e9got de cigarette<\/strong>, Le syst\u00e8me de vaporisation de l'eau de Javel permet de profiter d'une exp\u00e9rience de vapotage fra\u00eeche et dynamique.<\/li>\n\n\n\n<li><strong>Performance durable :<\/strong> Avec jusqu'\u00e0 <strong>45 000 bouff\u00e9es<\/strong>, Gr\u00e2ce \u00e0 l'utilisation d'un filtre \u00e0 air, cet appareil garantit une session de vapotage prolong\u00e9e et satisfaisante, sans qu'il soit n\u00e9cessaire de le recharger en permanence.<\/li>\n\n\n\n<li><strong>E-liquide \u00e0 haute capacit\u00e9 :<\/strong> Le <strong>45mL<\/strong> La capacit\u00e9 en e-liquide (3 x 15mL) r\u00e9duit le besoin de remplacements fr\u00e9quents, ce qui permet un plaisir ininterrompu.<\/li>\n\n\n\n<li><strong>Production de vapeur de qualit\u00e9 sup\u00e9rieure :<\/strong> Propuls\u00e9 par <strong>triple bobines de 1,0\u03a9<\/strong>, Le Bang King d\u00e9livre une vapeur douce et une saveur riche tout au long de la dur\u00e9e de vie de l'appareil.<\/li>\n\n\n\n<li><strong>Recharge rapide :<\/strong> <strong>Chargement rapide de type C<\/strong> permet des recharges rapides, garantissant un temps d'arr\u00eat minimal et une exp\u00e9rience de vapotage continue.<\/li>\n\n\n\n<li><strong>Polyvalent Intensit\u00e9 de la nicotine :<\/strong> Disponible en <strong>2%, 3% et 5% nicotine<\/strong>, L'appareil r\u00e9pond \u00e0 une grande vari\u00e9t\u00e9 de pr\u00e9f\u00e9rences, allant de l'absence de nicotine \u00e0 un effet plus fort.<\/li>\n<\/ul>\n\n\n\n<p>Vous cherchez d'autres options de vapotage haut de gamme ? Visitez notre <a href=\"https:\/\/vapemaison.com\">page d'accueil<\/a> pour d\u00e9couvrir les derni\u00e8res nouveaut\u00e9s, parcourez la collection compl\u00e8te dans notre rubrique <a href=\"https:\/\/vapemaison.com\/shop\">boutique<\/a>, ou d'explorer d'autres appareils \u00e0 partir de l'application <a href=\"https:\/\/vapemaison.com\/brand\/bang\">Marque Bang<\/a>. Vous pourriez \u00e9galement appr\u00e9cier les produits jetables de grande capacit\u00e9 de <a href=\"https:\/\/vapemaison.com\/brand\/jnr\/\">JNR VAPE<\/a> ou consultez tous nos <a href=\"https:\/\/vapemaison.com\/product-category\/puffs-count\/\">Appareils \u00e0 houppette<\/a> pour une satisfaction durable.<\/p>","protected":false},"excerpt":{"rendered":"<div id=\"model-response-message-contentr_fa2a963b657e083b\" class=\"markdown markdown-main-panel stronger enable-updated-hr-color\" dir=\"ltr\" aria-live=\"polite\" aria-busy=\"false\">\n<p data-path-to-node=\"0\">R\u00e9volutionnez votre routine de vapotage avec 45 000 bouff\u00e9es et un m\u00e9canisme de rotation unique qui vous permet de passer d'une saveur \u00e0 l'autre dans un seul appareil. \u00c9quip\u00e9 de trois bobines de 1,0\u03a9 et d'une \u00e9norme capacit\u00e9 de 45 ml d'e-liquide, ce 3-en-1 offre une vari\u00e9t\u00e9 et des performances in\u00e9gal\u00e9es. Commandez votre bo\u00eete de pr\u00e9sentation de 10 pi\u00e8ces d\u00e8s aujourd'hui pour profiter de nos \u00e9conomies en vrac et d'une exp\u00e9dition rapide.<\/p>\n<\/div>","protected":false},"featured_media":16841,"comment_status":"open","ping_status":"closed","template":"","meta":[],"product_brand":[57],"product_cat":[156],"product_tag":[],"class_list":{"0":"post-16839","1":"product","2":"type-product","3":"status-publish","4":"has-post-thumbnail","6":"product_brand-bang","7":"product_cat-45k-puffs","9":"first","10":"instock","11":"sale","12":"shipping-taxable","13":"purchasable","14":"product-type-variable"},"yoast_head":"<!-- This site is optimized with the Yoast SEO plugin v27.4 - https:\/\/yoast.com\/product\/yoast-seo-wordpress\/ -->\n<title>Bang King Triple 45000 Puffs Rechargeable Disposable Vape - VapeMaison<\/title>\n<meta name=\"description\" content=\"Discover the ultimate vaping adventure with the Bang King Triple 45000. Switch between 3 exciting flavors, enjoy rich vapor, and elevate every puff.\" \/>\n<meta name=\"robots\" content=\"index, follow, max-snippet:-1, max-image-preview:large, max-video-preview:-1\" \/>\n<link rel=\"canonical\" href=\"https:\/\/vapemaison.com\/fr\/produit\/bang-king-triple-45000-puffs-vape\/\" \/>\n<meta property=\"og:locale\" content=\"fr_FR\" \/>\n<meta property=\"og:type\" content=\"article\" \/>\n<meta property=\"og:title\" content=\"Bang King Triple 45000 Puffs Rechargeable Disposable Vape - VapeMaison\" \/>\n<meta property=\"og:description\" content=\"Discover the ultimate vaping adventure with the Bang King Triple 45000. Switch between 3 exciting flavors, enjoy rich vapor, and elevate every puff.\" \/>\n<meta property=\"og:url\" content=\"https:\/\/vapemaison.com\/fr\/produit\/bang-king-triple-45000-puffs-vape\/\" \/>\n<meta property=\"og:site_name\" content=\"VapeMaison\" \/>\n<meta property=\"article:modified_time\" content=\"2025-12-22T09:29:09+00:00\" \/>\n<meta property=\"og:image\" content=\"https:\/\/vapemaison.com\/wp-content\/uploads\/2025\/12\/vape-bang-king-triple-45000-45k-puffs-main-image.jpg.webp\" \/>\n\t<meta property=\"og:image:width\" content=\"1000\" \/>\n\t<meta property=\"og:image:height\" content=\"1000\" \/>\n\t<meta property=\"og:image:type\" content=\"image\/webp\" \/>\n<meta name=\"twitter:card\" content=\"summary_large_image\" \/>\n<meta name=\"twitter:label1\" content=\"Dur\u00e9e de lecture estim\u00e9e\" \/>\n\t<meta name=\"twitter:data1\" content=\"3 minutes\" \/>\n<!-- \/ Yoast SEO plugin. -->","yoast_head_json":{"title":"Bang King Triple 45000 bouff\u00e9es Vape jetable rechargeable - VapeMaison","description":"D\u00e9couvrez l'aventure ultime du vapotage avec le Bang King Triple 45000. Passez d'une saveur \u00e0 l'autre, profitez d'une vapeur riche et exaltez chaque bouff\u00e9e.","robots":{"index":"index","follow":"follow","max-snippet":"max-snippet:-1","max-image-preview":"max-image-preview:large","max-video-preview":"max-video-preview:-1"},"canonical":"https:\/\/vapemaison.com\/fr\/produit\/bang-king-triple-45000-puffs-vape\/","og_locale":"fr_FR","og_type":"article","og_title":"Bang King Triple 45000 Puffs Rechargeable Disposable Vape - VapeMaison","og_description":"Discover the ultimate vaping adventure with the Bang King Triple 45000. Switch between 3 exciting flavors, enjoy rich vapor, and elevate every puff.","og_url":"https:\/\/vapemaison.com\/fr\/produit\/bang-king-triple-45000-puffs-vape\/","og_site_name":"VapeMaison","article_modified_time":"2025-12-22T09:29:09+00:00","og_image":[{"width":1000,"height":1000,"url":"https:\/\/vapemaison.com\/wp-content\/uploads\/2025\/12\/vape-bang-king-triple-45000-45k-puffs-main-image.jpg.webp","type":"image\/webp"}],"twitter_card":"summary_large_image","twitter_misc":{"Dur\u00e9e de lecture estim\u00e9e":"3 minutes"},"schema":{"@context":"https:\/\/schema.org","@graph":[{"@type":"WebPage","@id":"https:\/\/vapemaison.com\/product\/bang-king-triple-45000-puffs-vape\/","url":"https:\/\/vapemaison.com\/product\/bang-king-triple-45000-puffs-vape\/","name":"Bang King Triple 45000 bouff\u00e9es Vape jetable rechargeable - VapeMaison","isPartOf":{"@id":"https:\/\/vapemaison.com\/#website"},"primaryImageOfPage":{"@id":"https:\/\/vapemaison.com\/product\/bang-king-triple-45000-puffs-vape\/#primaryimage"},"image":{"@id":"https:\/\/vapemaison.com\/product\/bang-king-triple-45000-puffs-vape\/#primaryimage"},"thumbnailUrl":"https:\/\/vapemaison.com\/wp-content\/uploads\/2025\/12\/vape-bang-king-triple-45000-45k-puffs-main-image.jpg.webp","datePublished":"2025-12-10T10:14:49+00:00","dateModified":"2025-12-22T09:29:09+00:00","description":"D\u00e9couvrez l'aventure ultime du vapotage avec le Bang King Triple 45000. Passez d'une saveur \u00e0 l'autre, profitez d'une vapeur riche et exaltez chaque bouff\u00e9e.","breadcrumb":{"@id":"https:\/\/vapemaison.com\/product\/bang-king-triple-45000-puffs-vape\/#breadcrumb"},"inLanguage":"fr-FR","potentialAction":[{"@type":"ReadAction","target":["https:\/\/vapemaison.com\/product\/bang-king-triple-45000-puffs-vape\/"]}]},{"@type":"ImageObject","inLanguage":"fr-FR","@id":"https:\/\/vapemaison.com\/product\/bang-king-triple-45000-puffs-vape\/#primaryimage","url":"https:\/\/vapemaison.com\/wp-content\/uploads\/2025\/12\/vape-bang-king-triple-45000-45k-puffs-main-image.jpg.webp","contentUrl":"https:\/\/vapemaison.com\/wp-content\/uploads\/2025\/12\/vape-bang-king-triple-45000-45k-puffs-main-image.jpg.webp","width":1000,"height":1000,"caption":"Vape Bang King Triple 45k Puffs Main Image.jpg"},{"@type":"BreadcrumbList","@id":"https:\/\/vapemaison.com\/product\/bang-king-triple-45000-puffs-vape\/#breadcrumb","itemListElement":[{"@type":"ListItem","position":1,"name":"\u9996\u9875","item":"https:\/\/vapemaison.com\/"},{"@type":"ListItem","position":2,"name":"Shop","item":"https:\/\/vapemaison.com\/shop\/"},{"@type":"ListItem","position":3,"name":"Bang","item":"https:\/\/vapemaison.com\/brand\/bang\/"},{"@type":"ListItem","position":4,"name":"Bang King Triple 45000 Puffs Rechargeable Disposable Vape"}]},{"@type":"WebSite","@id":"https:\/\/vapemaison.com\/#website","url":"https:\/\/vapemaison.com\/","name":"VapeMaison","description":"Appareils et accessoires de vapotage haut de gamme","publisher":{"@id":"https:\/\/vapemaison.com\/#organization"},"potentialAction":[{"@type":"SearchAction","target":{"@type":"EntryPoint","urlTemplate":"https:\/\/vapemaison.com\/?s={search_term_string}"},"query-input":{"@type":"PropertyValueSpecification","valueRequired":true,"valueName":"search_term_string"}}],"inLanguage":"fr-FR"},{"@type":"Organization","@id":"https:\/\/vapemaison.com\/#organization","name":"VapeMaison","url":"https:\/\/vapemaison.com\/","logo":{"@type":"ImageObject","inLanguage":"fr-FR","@id":"https:\/\/vapemaison.com\/#\/schema\/logo\/image\/","url":"https:\/\/vapemaison.com\/wp-content\/uploads\/2026\/01\/cropped-vapemaison-logo-g-2026.webp","contentUrl":"https:\/\/vapemaison.com\/wp-content\/uploads\/2026\/01\/cropped-vapemaison-logo-g-2026.webp","width":350,"height":280,"caption":"VapeMaison"},"image":{"@id":"https:\/\/vapemaison.com\/#\/schema\/logo\/image\/"},"sameAs":["https:\/\/www.youtube.com\/@VapeMaison"]}]}},"tiered_pricing_type":"fixed","tiered_pricing_fixed_rules":{"30":"10.56","50":"9.74","100":"8.52","200":"7.99"},"tiered_pricing_product_settings":{"layout":"default","base_unit_name":{"singular":null,"plural":null},"default_variation":null},"tiered_pricing_minimum_quantity":10,"tiered_pricing_roles_data":[],"tiered_pricing_percentage_rules":[],"tiered_pricing_maximum_quantity":null,"tiered_pricing_quantity_step":"10","_links":{"self":[{"href":"https:\/\/vapemaison.com\/fr\/wp-json\/wp\/v2\/product\/16839","targetHints":{"allow":["GET"]}}],"collection":[{"href":"https:\/\/vapemaison.com\/fr\/wp-json\/wp\/v2\/product"}],"about":[{"href":"https:\/\/vapemaison.com\/fr\/wp-json\/wp\/v2\/types\/product"}],"replies":[{"embeddable":true,"href":"https:\/\/vapemaison.com\/fr\/wp-json\/wp\/v2\/comments?post=16839"}],"version-history":[{"count":0,"href":"https:\/\/vapemaison.com\/fr\/wp-json\/wp\/v2\/product\/16839\/revisions"}],"wp:featuredmedia":[{"embeddable":true,"href":"https:\/\/vapemaison.com\/fr\/wp-json\/wp\/v2\/media\/16841"}],"wp:attachment":[{"href":"https:\/\/vapemaison.com\/fr\/wp-json\/wp\/v2\/media?parent=16839"}],"wp:term":[{"taxonomy":"product_brand","embeddable":true,"href":"https:\/\/vapemaison.com\/fr\/wp-json\/wp\/v2\/product_brand?post=16839"},{"taxonomy":"product_cat","embeddable":true,"href":"https:\/\/vapemaison.com\/fr\/wp-json\/wp\/v2\/product_cat?post=16839"},{"taxonomy":"product_tag","embeddable":true,"href":"https:\/\/vapemaison.com\/fr\/wp-json\/wp\/v2\/product_tag?post=16839"}],"curies":[{"name":"wp","href":"https:\/\/api.w.org\/{rel}","templated":true}]}}