

{"id":16885,"date":"2025-12-11T03:38:14","date_gmt":"2025-12-11T03:38:14","guid":{"rendered":"https:\/\/vapemaison.com\/?post_type=product&#038;p=16885"},"modified":"2025-12-22T09:28:44","modified_gmt":"2025-12-22T09:28:44","slug":"bang-de-60k-puffs-jetable-vape","status":"publish","type":"product","link":"https:\/\/vapemaison.com\/fr\/product\/bang-de-60k-puffs-disposable-vape\/","title":{"rendered":"Bang DE 60000 60k Puffs 3 en 1 Flavor Disposable Vape"},"content":{"rendered":"<h3 class=\"wp-block-heading\"><strong>Bang DE 60000 Puffs - Trois fois plus de saveur, trois fois plus de plaisir<\/strong><\/h3>\n\n\n\n<p>Le <strong>Bang DE 60000 Puffs<\/strong> est un dispositif de vapotage puissant qui red\u00e9finit la fa\u00e7on dont vous exp\u00e9rimentez les ar\u00f4mes. Con\u00e7ue pour les amateurs d'ar\u00f4mes qui ont soif de vari\u00e9t\u00e9, cette vape innovante offre une exp\u00e9rience de vapotage unique. <strong>impressionnant : 60 000 bouff\u00e9es<\/strong> avec une formation avanc\u00e9e <strong>Syst\u00e8me d'ar\u00f4mes 3 en 1<\/strong>. Que vous pr\u00e9f\u00e9riez passer d'une saveur \u00e0 l'autre ou les m\u00e9langer pour une exp\u00e9rience dynamique, le <strong>Bang DE 60000<\/strong> offre des possibilit\u00e9s infinies dans chaque bouff\u00e9e.<\/p>\n\n\n\n<p>Qu'est-ce qui le distingue ? Les <strong>Syst\u00e8me d'ar\u00f4mes A &amp; B &amp; AB<\/strong>, qui vous permet de passer facilement de l'ar\u00f4me A \u00e0 l'ar\u00f4me B, ou de savourer le plaisir de l'ar\u00f4me. <strong>AB<\/strong>-une douce fusion de ces deux saveurs. C'est comme si l'on avait <strong>trois vapes en une<\/strong>, Vous pouvez ainsi profiter d'une exp\u00e9rience de vapotage enti\u00e8rement personnalisable.<\/p>\n\n\n\n<h3 class=\"wp-block-heading\"><strong>Caract\u00e9ristiques principales :<\/strong><\/h3>\n\n\n\n<figure class=\"wp-block-table\"><table class=\"has-fixed-layout\"><thead><tr><th><strong>Fonctionnalit\u00e9<\/strong><\/th><th><strong>Sp\u00e9cifications<\/strong><\/th><\/tr><\/thead><tbody><tr><td><strong>Capacit\u00e9 de bouff\u00e9e<\/strong><\/td><td>60 000 bouff\u00e9es<\/td><\/tr><tr><td><strong>Intensit\u00e9 de la nicotine<\/strong><\/td><td>2%, 3%, 5%<\/td><\/tr><tr><td><strong>Capacit\u00e9 en e-liquide<\/strong><\/td><td>60mL<\/td><\/tr><tr><td><strong>Type de bobine<\/strong><\/td><td>1.0\u03a9 Triple Mesh Coil<\/td><\/tr><tr><td><strong>Batterie<\/strong><\/td><td>850mAh Rechargeable<\/td><\/tr><tr><td><strong>Port de charge<\/strong><\/td><td>Chargement rapide de type C<\/td><\/tr><tr><td><strong>Syst\u00e8me d'ar\u00f4mes<\/strong><\/td><td>3 en 1 (A, B, AB)<\/td><\/tr><tr><td><strong>\u00c9cran LCD<\/strong><\/td><td>Affichage en temps r\u00e9el du niveau de la batterie et de l'e-liquide<\/td><\/tr><tr><td><strong>Options de saveurs<\/strong><\/td><td>12 combinaisons \u00e0 triple saveur<\/td><\/tr><\/tbody><\/table><\/figure>\n\n\n\n<h3 class=\"wp-block-heading\"><strong>Liste des saveurs :<\/strong><\/h3>\n\n\n\n<ol class=\"wp-block-list\">\n<li>Glace \u00e0 la past\u00e8que et menthe \u00e0 la myrtille<\/li>\n\n\n\n<li>Glace \u00e0 la past\u00e8que et cerise \u00e0 la myrtille<\/li>\n\n\n\n<li>Glace aux myrtilles et p\u00eache-mangue-melon d'eau<\/li>\n\n\n\n<li>Glace aux myrtilles et glace \u00e0 la p\u00eache<\/li>\n\n\n\n<li>Myrtille, framboise et fruits m\u00e9lang\u00e9s<\/li>\n\n\n\n<li>Glace aux myrtilles, framboises et raisins<\/li>\n\n\n\n<li>Red Bull &amp; Banane fraise<\/li>\n\n\n\n<li>Red Bull et past\u00e8que \u00e0 la myrtille<\/li>\n\n\n\n<li>Chewing-gum \u00e0 la fraise, \u00e0 la mangue et \u00e0 la past\u00e8que<\/li>\n\n\n\n<li>Fraise Mangue &amp; Fraise Kiwi<\/li>\n\n\n\n<li>Glace fraise-melon d'eau et dragon noir<\/li>\n\n\n\n<li>Fraise Past\u00e8que &amp; Kiwi Fruit de la passion Goyave<\/li>\n<\/ol>\n\n\n\n<h3 class=\"wp-block-heading\"><strong>Pourquoi choisir Bang DE 60000 Puffs ?<\/strong><\/h3>\n\n\n\n<ul class=\"wp-block-list\">\n<li><strong>Triplez la saveur :<\/strong> Le <strong>Syst\u00e8me d'ar\u00f4mes 3 en 1<\/strong> vous permet de passer sans effort de l'un \u00e0 l'autre <strong>Saveur A<\/strong>, <strong>Saveur B<\/strong>, ou une fusion unique, <strong>AB<\/strong>, Le syst\u00e8me de vapotage est un syst\u00e8me \u00e0 trois saveurs, ce qui cr\u00e9e une exp\u00e9rience de vapotage diversifi\u00e9e et personnalisable. C'est comme si vous aviez trois saveurs dans un seul appareil.<\/li>\n\n\n\n<li><strong>Performance durable :<\/strong> Avec jusqu'\u00e0 <strong>60 000 bouff\u00e9es<\/strong>, Vous pourrez ainsi profiter d'un usage prolong\u00e9 sans avoir \u00e0 le remplacer ou \u00e0 le recharger fr\u00e9quemment.<\/li>\n\n\n\n<li><strong>Haute capacit\u00e9 et bobine puissante :<\/strong> Avec <strong>60mL d'e-liquide<\/strong> et un <strong>Bobine \u00e0 triple maille de 1,0\u03a9<\/strong>, Le Bang DE 60000 garantit une vapeur riche et r\u00e9guli\u00e8re et une saveur douce \u00e0 chaque fois.<\/li>\n\n\n\n<li><strong>Intelligent et efficace :<\/strong> Le <strong>Batterie rechargeable de 850mAh<\/strong> et <strong>Chargement rapide de type C<\/strong> pour que votre appareil soit pr\u00eat \u00e0 fonctionner avec un minimum de temps d'arr\u00eat. Les <strong>\u00c9cran LCD<\/strong> vous donne des informations en temps r\u00e9el sur les niveaux de batterie et d'e-liquide, pour que vous gardiez toujours le contr\u00f4le.<\/li>\n\n\n\n<li><strong>Large gamme d'ar\u00f4mes :<\/strong> Avec <strong>12 combinaisons de trois saveurs<\/strong>, Avec la nouvelle gamme de produits de vapotage, vous aurez une infinit\u00e9 d'options pour que vos sessions de vapotage soient toujours fra\u00eeches et excitantes. Que vous pr\u00e9f\u00e9riez les m\u00e9langes fruit\u00e9s, les menthes rafra\u00eechissantes ou les combinaisons audacieuses, il y a une saveur pour chaque humeur.<\/li>\n\n\n\n<li><strong>Commodit\u00e9 accrue :<\/strong> Le <strong>Saveur 3 en 1<\/strong> \u00e9limine le besoin de transporter plusieurs appareils, offrant la flexibilit\u00e9 de changer d'ar\u00f4me en cours de route sans aucun souci.<\/li>\n<\/ul>\n\n\n\n<h3 class=\"wp-block-heading\"><strong>Am\u00e9liorez votre exp\u00e9rience de vapotage avec Bang DE 60000 bouff\u00e9es<\/strong><\/h3>\n\n\n\n<p>Le <strong>Bang DE 60000 Puffs<\/strong> est l'appareil de vapotage ultime pour ceux qui exigent plus de leur vape. Que vous souhaitiez appr\u00e9cier des saveurs classiques, essayer des combinaisons uniques ou explorer de nouveaux m\u00e9langes, cette vape vous couvre. Avec son design de pointe et sa technologie avanc\u00e9e, le <strong>Bang DE 60000<\/strong> garantit une exp\u00e9rience vraiment personnalisable et satisfaisante.<\/p>\n\n\n\n<p>Vous cherchez d'autres options de vapotage haut de gamme ? Visitez notre <a href=\"https:\/\/vapemaison.com\">page d'accueil<\/a> pour d\u00e9couvrir les derni\u00e8res nouveaut\u00e9s, parcourez la collection compl\u00e8te dans notre rubrique <a href=\"https:\/\/vapemaison.com\/shop\">boutique<\/a>, ou d'explorer d'autres appareils \u00e0 partir de l'application <a href=\"https:\/\/vapemaison.com\/brand\/bang\">Marque Bang<\/a>. Vous pourriez \u00e9galement appr\u00e9cier les produits jetables de grande capacit\u00e9 de <a href=\"https:\/\/vapemaison.com\/brand\/jnr\/\">JNR VAPE<\/a> ou consultez tous nos <a href=\"https:\/\/vapemaison.com\/product-category\/puffs-count\/\">Appareils \u00e0 houppette<\/a> pour une satisfaction durable.<\/p>","protected":false},"excerpt":{"rendered":"<div id=\"model-response-message-contentr_a71402abc5eee709\" class=\"markdown markdown-main-panel stronger enable-updated-hr-color\" dir=\"ltr\" aria-live=\"polite\" aria-busy=\"false\">\n<p data-path-to-node=\"0\">Red\u00e9finissez votre exp\u00e9rience avec une \u00e9norme capacit\u00e9 de 60 000 bouff\u00e9es et un syst\u00e8me d'ar\u00f4mes 3 en 1 innovant qui vous permet de passer d'un go\u00fbt \u00e0 l'autre ou de m\u00e9langer trois go\u00fbts distincts dans un seul appareil. Dot\u00e9 d'un triple coil mesh et d'un \u00e9cran LCD en temps r\u00e9el, ce concentr\u00e9 de puissance offre une vari\u00e9t\u00e9 in\u00e9gal\u00e9e. Commandez d\u00e8s aujourd'hui pour profiter de notre promotion actuelle et b\u00e9n\u00e9ficiez d'une livraison prioritaire sur la vape la plus polyvalente du march\u00e9.<\/p>\n<\/div>","protected":false},"featured_media":16890,"comment_status":"open","ping_status":"closed","template":"","meta":[],"product_brand":[57],"product_cat":[137],"product_tag":[],"class_list":{"0":"post-16885","1":"product","2":"type-product","3":"status-publish","4":"has-post-thumbnail","6":"product_brand-bang","7":"product_cat-60k-puffs","9":"first","10":"instock","11":"sale","12":"shipping-taxable","13":"purchasable","14":"product-type-variable"},"yoast_head":"<!-- This site is optimized with the Yoast SEO plugin v27.4 - https:\/\/yoast.com\/product\/yoast-seo-wordpress\/ -->\n<title>Bang DE 60k Puffs Disposable Vape \u2013 3-in-1 Flavor LCD Display<\/title>\n<meta name=\"description\" content=\"Enjoy up to 60k puffs with the Bang DE 60000 Disposable Vape. Switch between 3 exciting flavors, featuring 60mL e-liquid, and LCD display.\" \/>\n<meta name=\"robots\" content=\"index, follow, max-snippet:-1, max-image-preview:large, max-video-preview:-1\" \/>\n<link rel=\"canonical\" href=\"https:\/\/vapemaison.com\/fr\/produit\/bang-de-60k-puffs-jetable-vape\/\" \/>\n<meta property=\"og:locale\" content=\"fr_FR\" \/>\n<meta property=\"og:type\" content=\"article\" \/>\n<meta property=\"og:title\" content=\"Bang DE 60k Puffs Disposable Vape \u2013 3-in-1 Flavor LCD Display\" \/>\n<meta property=\"og:description\" content=\"Enjoy up to 60k puffs with the Bang DE 60000 Disposable Vape. Switch between 3 exciting flavors, featuring 60mL e-liquid, and LCD display.\" \/>\n<meta property=\"og:url\" content=\"https:\/\/vapemaison.com\/fr\/produit\/bang-de-60k-puffs-jetable-vape\/\" \/>\n<meta property=\"og:site_name\" content=\"VapeMaison\" \/>\n<meta property=\"article:modified_time\" content=\"2025-12-22T09:28:44+00:00\" \/>\n<meta property=\"og:image\" content=\"https:\/\/vapemaison.com\/wp-content\/uploads\/2025\/12\/vape-bang-de-60000-60k-puffs-strawberry-mango-watermelon-bubble-gum-654x690.jpg.webp\" \/>\n\t<meta property=\"og:image:width\" content=\"654\" \/>\n\t<meta property=\"og:image:height\" content=\"690\" \/>\n\t<meta property=\"og:image:type\" content=\"image\/webp\" \/>\n<meta name=\"twitter:card\" content=\"summary_large_image\" \/>\n<meta name=\"twitter:label1\" content=\"Dur\u00e9e de lecture estim\u00e9e\" \/>\n\t<meta name=\"twitter:data1\" content=\"3 minutes\" \/>\n<!-- \/ Yoast SEO plugin. -->","yoast_head_json":{"title":"Bang DE 60k Puffs Vape jetable - 3-in-1 Flavor LCD Display","description":"Appr\u00e9ciez jusqu'\u00e0 60 000 bouff\u00e9es avec la Bang DE 60000 Vape jetable. Vous pouvez choisir entre 3 saveurs excitantes, avec 60mL d'e-liquide et un \u00e9cran LCD.","robots":{"index":"index","follow":"follow","max-snippet":"max-snippet:-1","max-image-preview":"max-image-preview:large","max-video-preview":"max-video-preview:-1"},"canonical":"https:\/\/vapemaison.com\/fr\/produit\/bang-de-60k-puffs-jetable-vape\/","og_locale":"fr_FR","og_type":"article","og_title":"Bang DE 60k Puffs Disposable Vape \u2013 3-in-1 Flavor LCD Display","og_description":"Enjoy up to 60k puffs with the Bang DE 60000 Disposable Vape. Switch between 3 exciting flavors, featuring 60mL e-liquid, and LCD display.","og_url":"https:\/\/vapemaison.com\/fr\/produit\/bang-de-60k-puffs-jetable-vape\/","og_site_name":"VapeMaison","article_modified_time":"2025-12-22T09:28:44+00:00","og_image":[{"width":654,"height":690,"url":"https:\/\/vapemaison.com\/wp-content\/uploads\/2025\/12\/vape-bang-de-60000-60k-puffs-strawberry-mango-watermelon-bubble-gum-654x690.jpg.webp","type":"image\/webp"}],"twitter_card":"summary_large_image","twitter_misc":{"Dur\u00e9e de lecture estim\u00e9e":"3 minutes"},"schema":{"@context":"https:\/\/schema.org","@graph":[{"@type":"WebPage","@id":"https:\/\/vapemaison.com\/product\/bang-de-60k-puffs-disposable-vape\/","url":"https:\/\/vapemaison.com\/product\/bang-de-60k-puffs-disposable-vape\/","name":"Bang DE 60k Puffs Vape jetable - 3-in-1 Flavor LCD Display","isPartOf":{"@id":"https:\/\/vapemaison.com\/#website"},"primaryImageOfPage":{"@id":"https:\/\/vapemaison.com\/product\/bang-de-60k-puffs-disposable-vape\/#primaryimage"},"image":{"@id":"https:\/\/vapemaison.com\/product\/bang-de-60k-puffs-disposable-vape\/#primaryimage"},"thumbnailUrl":"https:\/\/vapemaison.com\/wp-content\/uploads\/2025\/12\/vape-bang-de-60000-60k-puffs-strawberry-mango-watermelon-bubble-gum-654x690.jpg.webp","datePublished":"2025-12-11T03:38:14+00:00","dateModified":"2025-12-22T09:28:44+00:00","description":"Appr\u00e9ciez jusqu'\u00e0 60 000 bouff\u00e9es avec la Bang DE 60000 Vape jetable. Vous pouvez choisir entre 3 saveurs excitantes, avec 60mL d'e-liquide et un \u00e9cran LCD.","breadcrumb":{"@id":"https:\/\/vapemaison.com\/product\/bang-de-60k-puffs-disposable-vape\/#breadcrumb"},"inLanguage":"fr-FR","potentialAction":[{"@type":"ReadAction","target":["https:\/\/vapemaison.com\/product\/bang-de-60k-puffs-disposable-vape\/"]}]},{"@type":"ImageObject","inLanguage":"fr-FR","@id":"https:\/\/vapemaison.com\/product\/bang-de-60k-puffs-disposable-vape\/#primaryimage","url":"https:\/\/vapemaison.com\/wp-content\/uploads\/2025\/12\/vape-bang-de-60000-60k-puffs-strawberry-mango-watermelon-bubble-gum-654x690.jpg.webp","contentUrl":"https:\/\/vapemaison.com\/wp-content\/uploads\/2025\/12\/vape-bang-de-60000-60k-puffs-strawberry-mango-watermelon-bubble-gum-654x690.jpg.webp","width":654,"height":690,"caption":"Vape Bang De 60k Puffs Strawberry Mango Watermelon Bubble Gum 654x690.jpg"},{"@type":"BreadcrumbList","@id":"https:\/\/vapemaison.com\/product\/bang-de-60k-puffs-disposable-vape\/#breadcrumb","itemListElement":[{"@type":"ListItem","position":1,"name":"\u9996\u9875","item":"https:\/\/vapemaison.com\/"},{"@type":"ListItem","position":2,"name":"Shop","item":"https:\/\/vapemaison.com\/shop\/"},{"@type":"ListItem","position":3,"name":"Bang","item":"https:\/\/vapemaison.com\/brand\/bang\/"},{"@type":"ListItem","position":4,"name":"Bang DE 60000 60k Puffs 3 in 1 Flavor Disposable Vape"}]},{"@type":"WebSite","@id":"https:\/\/vapemaison.com\/#website","url":"https:\/\/vapemaison.com\/","name":"VapeMaison","description":"Appareils et accessoires de vapotage haut de gamme","publisher":{"@id":"https:\/\/vapemaison.com\/#organization"},"potentialAction":[{"@type":"SearchAction","target":{"@type":"EntryPoint","urlTemplate":"https:\/\/vapemaison.com\/?s={search_term_string}"},"query-input":{"@type":"PropertyValueSpecification","valueRequired":true,"valueName":"search_term_string"}}],"inLanguage":"fr-FR"},{"@type":"Organization","@id":"https:\/\/vapemaison.com\/#organization","name":"VapeMaison","url":"https:\/\/vapemaison.com\/","logo":{"@type":"ImageObject","inLanguage":"fr-FR","@id":"https:\/\/vapemaison.com\/#\/schema\/logo\/image\/","url":"https:\/\/vapemaison.com\/wp-content\/uploads\/2026\/01\/cropped-vapemaison-logo-g-2026.webp","contentUrl":"https:\/\/vapemaison.com\/wp-content\/uploads\/2026\/01\/cropped-vapemaison-logo-g-2026.webp","width":350,"height":280,"caption":"VapeMaison"},"image":{"@id":"https:\/\/vapemaison.com\/#\/schema\/logo\/image\/"},"sameAs":["https:\/\/www.youtube.com\/@VapeMaison"]}]}},"tiered_pricing_type":"fixed","tiered_pricing_fixed_rules":{"30":"11.25","50":"10.36","100":"9.42","200":"8.25"},"tiered_pricing_product_settings":{"layout":"default","base_unit_name":{"singular":null,"plural":null},"default_variation":null},"tiered_pricing_minimum_quantity":10,"tiered_pricing_roles_data":[],"tiered_pricing_percentage_rules":[],"tiered_pricing_maximum_quantity":null,"tiered_pricing_quantity_step":"10","_links":{"self":[{"href":"https:\/\/vapemaison.com\/fr\/wp-json\/wp\/v2\/product\/16885","targetHints":{"allow":["GET"]}}],"collection":[{"href":"https:\/\/vapemaison.com\/fr\/wp-json\/wp\/v2\/product"}],"about":[{"href":"https:\/\/vapemaison.com\/fr\/wp-json\/wp\/v2\/types\/product"}],"replies":[{"embeddable":true,"href":"https:\/\/vapemaison.com\/fr\/wp-json\/wp\/v2\/comments?post=16885"}],"version-history":[{"count":0,"href":"https:\/\/vapemaison.com\/fr\/wp-json\/wp\/v2\/product\/16885\/revisions"}],"wp:featuredmedia":[{"embeddable":true,"href":"https:\/\/vapemaison.com\/fr\/wp-json\/wp\/v2\/media\/16890"}],"wp:attachment":[{"href":"https:\/\/vapemaison.com\/fr\/wp-json\/wp\/v2\/media?parent=16885"}],"wp:term":[{"taxonomy":"product_brand","embeddable":true,"href":"https:\/\/vapemaison.com\/fr\/wp-json\/wp\/v2\/product_brand?post=16885"},{"taxonomy":"product_cat","embeddable":true,"href":"https:\/\/vapemaison.com\/fr\/wp-json\/wp\/v2\/product_cat?post=16885"},{"taxonomy":"product_tag","embeddable":true,"href":"https:\/\/vapemaison.com\/fr\/wp-json\/wp\/v2\/product_tag?post=16885"}],"curies":[{"name":"wp","href":"https:\/\/api.w.org\/{rel}","templated":true}]}}