

{"id":16991,"date":"2025-12-11T06:45:06","date_gmt":"2025-12-11T06:45:06","guid":{"rendered":"https:\/\/vapemaison.com\/?post_type=product&#038;p=16991"},"modified":"2026-01-19T07:51:47","modified_gmt":"2026-01-19T07:51:47","slug":"bang-box-bc5000-puffs-disposable-vape","status":"publish","type":"product","link":"https:\/\/vapemaison.com\/fr\/product\/bang-box-bc5000-puffs-disposable-vape\/","title":{"rendered":"Grossiste Bang Vaper box BC5000 Puffs Vape"},"content":{"rendered":"<h3 class=\"wp-block-heading\"><strong>Bang Vaper box BC5000 Puffs - Compact, puissant et savoureux.<\/strong><\/h3>\n\n\n\n<p>Le <strong>Bang Vaper box BC5000 Puffs Vente au d\u00e9tail Vape jetable<\/strong> d\u00e9livre un <strong>durable<\/strong> et <strong>satisfaisant<\/strong> dans un design compact. Avec <strong>5000 bouff\u00e9es<\/strong> par appareil, il vous permet de profiter de chaque instant sans avoir \u00e0 vous pr\u00e9occuper des recharges ou du rechargement. Id\u00e9al pour les vapoteurs nomades, cet appareil est \u00e0 la fois pratique et performant.<\/p>\n\n\n\n<p>\u00c9quip\u00e9 d'un <strong>Capacit\u00e9 de 13mL d'e-liquide<\/strong> et disponible en <strong>2%<\/strong> et <strong>5% sel de nicotine<\/strong> les options <strong>Bang Box BC5000<\/strong> offre un effet de gorge satisfaisant et une saveur constante \u00e0 chaque bouff\u00e9e. Les <strong>Bobine \u00e0 mailles de 1,2\u03a9<\/strong> garantit une production de vapeur r\u00e9guli\u00e8re, am\u00e9liorant ainsi votre exp\u00e9rience globale de vapotage.<\/p>\n\n\n\n<p>Con\u00e7u pour <strong>portabilit\u00e9 ais\u00e9e<\/strong>, Ce poids n'est que de <strong>52g<\/strong>, Il est donc l\u00e9ger et facile \u00e0 transporter. De plus, son <strong>Port de charge de type C<\/strong> garantit des recharges rapides, pour que votre appareil soit toujours pr\u00eat.<\/p>\n\n\n\n<h3 class=\"wp-block-heading\"><strong>Caract\u00e9ristiques principales :<\/strong><\/h3>\n\n\n\n<figure class=\"wp-block-table\"><table class=\"has-fixed-layout\"><thead><tr><th><strong>Fonctionnalit\u00e9<\/strong><\/th><th><strong>Sp\u00e9cifications<\/strong><\/th><\/tr><\/thead><tbody><tr><td><strong>Capacit\u00e9 de bouff\u00e9e<\/strong><\/td><td>Jusqu'\u00e0 5000 bouff\u00e9es<\/td><\/tr><tr><td><strong>Sel de nicotine<\/strong><\/td><td>2%, 5%<\/td><\/tr><tr><td><strong>Capacit\u00e9 en e-liquide<\/strong><\/td><td>13mL<\/td><\/tr><tr><td><strong>Type de bobine<\/strong><\/td><td>1.2\u03a9 Bobine en maille<\/td><\/tr><tr><td><strong>Poids corporel<\/strong><\/td><td>52g<\/td><\/tr><tr><td><strong>Port de charge<\/strong><\/td><td>Chargement rapide de type C<\/td><\/tr><tr><td><strong>Taille du carton<\/strong><\/td><td>52.3<em>38<\/em>28,5 cm<\/td><\/tr><\/tbody><\/table><\/figure>\n\n\n\n<h3 class=\"wp-block-heading\"><strong>Liste des saveurs :<\/strong><\/h3>\n\n\n\n<ol class=\"wp-block-list\">\n<li>Fraise Mangue<\/li>\n\n\n\n<li>Cr\u00e8me glac\u00e9e \u00e0 la fraise<\/li>\n\n\n\n<li>Raisin Sakura<\/li>\n\n\n\n<li>Glace \u00e0 la past\u00e8que<\/li>\n\n\n\n<li>Glace \u00e0 la myrtille et \u00e0 la framboise<\/li>\n\n\n\n<li>Past\u00e8que Bubblegum<\/li>\n\n\n\n<li>Fraise Kiwi<\/li>\n\n\n\n<li>Boisson \u00e9nerg\u00e9tique<\/li>\n\n\n\n<li>P\u00eache Mangue Past\u00e8que<\/li>\n\n\n\n<li>Glace aux myrtilles<\/li>\n\n\n\n<li>Glace \u00e0 l'ananas et \u00e0 la noix de coco<\/li>\n\n\n\n<li>Fraise et banane<\/li>\n\n\n\n<li>Kiwi Fruit de la passion Goyave<\/li>\n\n\n\n<li>M\u00e9lange de fruits<\/li>\n\n\n\n<li>Glace \u00e0 la fraise<\/li>\n\n\n\n<li>Past\u00e8que \u00e0 la fraise<\/li>\n<\/ol>\n\n\n\n<h3 class=\"wp-block-heading\"><strong>Pourquoi choisir Bang Box BC5000 ?<\/strong><\/h3>\n\n\n\n<ul class=\"wp-block-list\">\n<li><strong>Jouissance prolong\u00e9e :<\/strong> <strong>5000 bouff\u00e9es<\/strong> garantit une longue dur\u00e9e d'utilisation sans qu'il soit n\u00e9cessaire de le recharger ou de l'alimenter.<\/li>\n\n\n\n<li><strong>Saveur riche et douce :<\/strong> Le <strong>Bobine \u00e0 mailles de 1,2\u03a9<\/strong> fournit une vapeur homog\u00e8ne et douce, offrant une excellente saveur \u00e0 chaque tirage.<\/li>\n\n\n\n<li><strong>L\u00e9ger et portable :<\/strong> \u00c0 peine <strong>52g<\/strong>, Il est parfait pour \u00eatre transport\u00e9 dans votre poche ou votre sac, ce qui le rend id\u00e9al pour le vapotage en d\u00e9placement.<\/li>\n\n\n\n<li><strong>Recharge rapide :<\/strong> Le <strong>Port de charge de type C<\/strong> permet des recharges rapides, pour que votre vape soit pr\u00eate \u00e0 tout moment.<\/li>\n\n\n\n<li><strong>Vari\u00e9t\u00e9 d'ar\u00f4mes :<\/strong> Avec <strong>16 saveurs passionnantes<\/strong>, Il y en a pour tous les go\u00fbts, des m\u00e9langes fruit\u00e9s aux glaces rafra\u00eechissantes.<\/li>\n<\/ul>\n\n\n\n<h3 class=\"wp-block-heading\"><strong>Am\u00e9liorez votre exp\u00e9rience de vapotage avec Bang Box BC5000<\/strong><\/h3>\n\n\n\n<p>Le <strong>Bang Box BC5000 Puffs<\/strong> la vape jetable offre la <strong>\u00e9quilibre parfait<\/strong> de <strong>performance<\/strong>, <strong>commodit\u00e9<\/strong>, et <strong>saveur<\/strong>. Que vous soyez novice en mati\u00e8re de vapotage ou utilisateur exp\u00e9riment\u00e9, cet appareil compact vous offre tout ce dont vous avez besoin pour une exp\u00e9rience de vapotage exceptionnelle.<\/p>\n\n\n\n<p>Vous cherchez d'autres options de vapotage haut de gamme ? Visitez notre <a href=\"https:\/\/vapemaison.com\">page d'accueil<\/a> pour d\u00e9couvrir les derni\u00e8res nouveaut\u00e9s, parcourez la collection compl\u00e8te dans notre rubrique <a href=\"https:\/\/vapemaison.com\/shop\">boutique<\/a>, ou d'explorer d'autres appareils \u00e0 partir de l'application <a href=\"https:\/\/vapemaison.com\/brand\/bang\">Marque Bang<\/a>. Vous pourriez \u00e9galement appr\u00e9cier les produits jetables de grande capacit\u00e9 de <a href=\"https:\/\/vapemaison.com\/brand\/jnr\/\">JNR VAPE<\/a> ou consultez tous nos <a href=\"https:\/\/vapemaison.com\/product-category\/puffs-count\/\">Appareils \u00e0 houppette<\/a> pour une satisfaction durable.<\/p>","protected":false},"excerpt":{"rendered":"<div id=\"model-response-message-contentr_d2b7b102add18b2d\" class=\"markdown markdown-main-panel stronger enable-updated-hr-color\" dir=\"ltr\" aria-live=\"polite\" aria-busy=\"false\">\n<p data-path-to-node=\"0\">Faites l'exp\u00e9rience de 5 000 bouff\u00e9es savoureuses dans un design l\u00e9ger et de poche, dot\u00e9 d'une bobine de 1,2\u03a9 pour un effet de gorge toujours doux et satisfaisant. Parfait pour le vapotage en d\u00e9placement, procurez-vous le v\u00f4tre d\u00e8s aujourd'hui pour profiter d'une portabilit\u00e9 ultime et d'une performance fiable jusqu'\u00e0 \u00e9puisement de nos stocks et de notre offre d'exp\u00e9dition rapide.<\/p>\n<\/div>","protected":false},"featured_media":17022,"comment_status":"open","ping_status":"closed","template":"","meta":[],"product_brand":[57],"product_cat":[290],"product_tag":[],"class_list":{"0":"post-16991","1":"product","2":"type-product","3":"status-publish","4":"has-post-thumbnail","6":"product_brand-bang","7":"product_cat-5k-puffs","9":"first","10":"instock","11":"sale","12":"shipping-taxable","13":"purchasable","14":"product-type-variable"},"yoast_head":"<!-- This site is optimized with the Yoast SEO plugin v27.4 - https:\/\/yoast.com\/product\/yoast-seo-wordpress\/ -->\n<title>Bang Vaper box BC5000 Puffs Disposable Vape \u2013 5% Nicotine<\/title>\n<meta name=\"description\" content=\"Enjoy up to 5000 puffs with the Bang Vaper box Disposable Vape. Featuring 13mL e-liquid,and a 1.2\u03a9 mesh coil for smooth. Perfect for on-the-go vaping!\" \/>\n<meta name=\"robots\" content=\"index, follow, max-snippet:-1, max-image-preview:large, max-video-preview:-1\" \/>\n<link rel=\"canonical\" href=\"https:\/\/vapemaison.com\/fr\/produit\/bang-box-bc5000-puffs-disposable-vape\/\" \/>\n<meta property=\"og:locale\" content=\"fr_FR\" \/>\n<meta property=\"og:type\" content=\"article\" \/>\n<meta property=\"og:title\" content=\"Bang Vaper box BC5000 Puffs Disposable Vape \u2013 5% Nicotine\" \/>\n<meta property=\"og:description\" content=\"Enjoy up to 5000 puffs with the Bang Vaper box Disposable Vape. Featuring 13mL e-liquid,and a 1.2\u03a9 mesh coil for smooth. Perfect for on-the-go vaping!\" \/>\n<meta property=\"og:url\" content=\"https:\/\/vapemaison.com\/fr\/produit\/bang-box-bc5000-puffs-disposable-vape\/\" \/>\n<meta property=\"og:site_name\" content=\"VapeMaison\" \/>\n<meta property=\"article:modified_time\" content=\"2026-01-19T07:51:47+00:00\" \/>\n<meta property=\"og:image\" content=\"https:\/\/vapemaison.com\/wp-content\/uploads\/2025\/12\/vape-bang-bc-5000-puffs-00015-scaled.jpg.webp\" \/>\n\t<meta property=\"og:image:width\" content=\"2560\" \/>\n\t<meta property=\"og:image:height\" content=\"2560\" \/>\n\t<meta property=\"og:image:type\" content=\"image\/webp\" \/>\n<meta name=\"twitter:card\" content=\"summary_large_image\" \/>\n<meta name=\"twitter:label1\" content=\"Dur\u00e9e de lecture estim\u00e9e\" \/>\n\t<meta name=\"twitter:data1\" content=\"2 minutes\" \/>\n<!-- \/ Yoast SEO plugin. -->","yoast_head_json":{"title":"Bang Vaper box BC5000 Puffs Vape jetable - 5% Nicotine","description":"Appr\u00e9ciez jusqu'\u00e0 5000 bouff\u00e9es avec la Bang Vaper box Vape jetable. Avec 13mL d'e-liquide, et une bobine de 1,2\u03a9 pour un vapotage en douceur. Parfait pour le vapotage en d\u00e9placement !","robots":{"index":"index","follow":"follow","max-snippet":"max-snippet:-1","max-image-preview":"max-image-preview:large","max-video-preview":"max-video-preview:-1"},"canonical":"https:\/\/vapemaison.com\/fr\/produit\/bang-box-bc5000-puffs-disposable-vape\/","og_locale":"fr_FR","og_type":"article","og_title":"Bang Vaper box BC5000 Puffs Disposable Vape \u2013 5% Nicotine","og_description":"Enjoy up to 5000 puffs with the Bang Vaper box Disposable Vape. Featuring 13mL e-liquid,and a 1.2\u03a9 mesh coil for smooth. Perfect for on-the-go vaping!","og_url":"https:\/\/vapemaison.com\/fr\/produit\/bang-box-bc5000-puffs-disposable-vape\/","og_site_name":"VapeMaison","article_modified_time":"2026-01-19T07:51:47+00:00","og_image":[{"width":2560,"height":2560,"url":"https:\/\/vapemaison.com\/wp-content\/uploads\/2025\/12\/vape-bang-bc-5000-puffs-00015-scaled.jpg.webp","type":"image\/webp"}],"twitter_card":"summary_large_image","twitter_misc":{"Dur\u00e9e de lecture estim\u00e9e":"2 minutes"},"schema":{"@context":"https:\/\/schema.org","@graph":[{"@type":"WebPage","@id":"https:\/\/vapemaison.com\/product\/bang-box-bc5000-puffs-disposable-vape\/","url":"https:\/\/vapemaison.com\/product\/bang-box-bc5000-puffs-disposable-vape\/","name":"Bang Vaper box BC5000 Puffs Vape jetable - 5% Nicotine","isPartOf":{"@id":"https:\/\/vapemaison.com\/#website"},"primaryImageOfPage":{"@id":"https:\/\/vapemaison.com\/product\/bang-box-bc5000-puffs-disposable-vape\/#primaryimage"},"image":{"@id":"https:\/\/vapemaison.com\/product\/bang-box-bc5000-puffs-disposable-vape\/#primaryimage"},"thumbnailUrl":"https:\/\/vapemaison.com\/wp-content\/uploads\/2025\/12\/vape-bang-bc-5000-puffs-00015-scaled.jpg.webp","datePublished":"2025-12-11T06:45:06+00:00","dateModified":"2026-01-19T07:51:47+00:00","description":"Appr\u00e9ciez jusqu'\u00e0 5000 bouff\u00e9es avec la Bang Vaper box Vape jetable. Avec 13mL d'e-liquide, et une bobine de 1,2\u03a9 pour un vapotage en douceur. Parfait pour le vapotage en d\u00e9placement !","breadcrumb":{"@id":"https:\/\/vapemaison.com\/product\/bang-box-bc5000-puffs-disposable-vape\/#breadcrumb"},"inLanguage":"fr-FR","potentialAction":[{"@type":"ReadAction","target":["https:\/\/vapemaison.com\/product\/bang-box-bc5000-puffs-disposable-vape\/"]}]},{"@type":"ImageObject","inLanguage":"fr-FR","@id":"https:\/\/vapemaison.com\/product\/bang-box-bc5000-puffs-disposable-vape\/#primaryimage","url":"https:\/\/vapemaison.com\/wp-content\/uploads\/2025\/12\/vape-bang-bc-5000-puffs-00015-scaled.jpg.webp","contentUrl":"https:\/\/vapemaison.com\/wp-content\/uploads\/2025\/12\/vape-bang-bc-5000-puffs-00015-scaled.jpg.webp","width":2560,"height":2560,"caption":"Vape Bang Bc Puffs Scaled.jpg"},{"@type":"BreadcrumbList","@id":"https:\/\/vapemaison.com\/product\/bang-box-bc5000-puffs-disposable-vape\/#breadcrumb","itemListElement":[{"@type":"ListItem","position":1,"name":"\u9996\u9875","item":"https:\/\/vapemaison.com\/"},{"@type":"ListItem","position":2,"name":"Shop","item":"https:\/\/vapemaison.com\/shop\/"},{"@type":"ListItem","position":3,"name":"Bang","item":"https:\/\/vapemaison.com\/brand\/bang\/"},{"@type":"ListItem","position":4,"name":"Wholesale Bang Vaper box BC5000 Puffs Vape"}]},{"@type":"WebSite","@id":"https:\/\/vapemaison.com\/#website","url":"https:\/\/vapemaison.com\/","name":"VapeMaison","description":"Appareils et accessoires de vapotage haut de gamme","publisher":{"@id":"https:\/\/vapemaison.com\/#organization"},"potentialAction":[{"@type":"SearchAction","target":{"@type":"EntryPoint","urlTemplate":"https:\/\/vapemaison.com\/?s={search_term_string}"},"query-input":{"@type":"PropertyValueSpecification","valueRequired":true,"valueName":"search_term_string"}}],"inLanguage":"fr-FR"},{"@type":"Organization","@id":"https:\/\/vapemaison.com\/#organization","name":"VapeMaison","url":"https:\/\/vapemaison.com\/","logo":{"@type":"ImageObject","inLanguage":"fr-FR","@id":"https:\/\/vapemaison.com\/#\/schema\/logo\/image\/","url":"https:\/\/vapemaison.com\/wp-content\/uploads\/2026\/01\/cropped-vapemaison-logo-g-2026.webp","contentUrl":"https:\/\/vapemaison.com\/wp-content\/uploads\/2026\/01\/cropped-vapemaison-logo-g-2026.webp","width":350,"height":280,"caption":"VapeMaison"},"image":{"@id":"https:\/\/vapemaison.com\/#\/schema\/logo\/image\/"},"sameAs":["https:\/\/www.youtube.com\/@VapeMaison"]}]}},"tiered_pricing_type":"fixed","tiered_pricing_fixed_rules":{"30":"7.19","50":"6.29","100":"5.79","200":"4.99"},"tiered_pricing_product_settings":{"layout":"default","base_unit_name":{"singular":null,"plural":null},"default_variation":null},"tiered_pricing_minimum_quantity":10,"tiered_pricing_roles_data":[],"tiered_pricing_percentage_rules":[],"tiered_pricing_maximum_quantity":null,"tiered_pricing_quantity_step":"10","_links":{"self":[{"href":"https:\/\/vapemaison.com\/fr\/wp-json\/wp\/v2\/product\/16991","targetHints":{"allow":["GET"]}}],"collection":[{"href":"https:\/\/vapemaison.com\/fr\/wp-json\/wp\/v2\/product"}],"about":[{"href":"https:\/\/vapemaison.com\/fr\/wp-json\/wp\/v2\/types\/product"}],"replies":[{"embeddable":true,"href":"https:\/\/vapemaison.com\/fr\/wp-json\/wp\/v2\/comments?post=16991"}],"version-history":[{"count":1,"href":"https:\/\/vapemaison.com\/fr\/wp-json\/wp\/v2\/product\/16991\/revisions"}],"predecessor-version":[{"id":26106,"href":"https:\/\/vapemaison.com\/fr\/wp-json\/wp\/v2\/product\/16991\/revisions\/26106"}],"wp:featuredmedia":[{"embeddable":true,"href":"https:\/\/vapemaison.com\/fr\/wp-json\/wp\/v2\/media\/17022"}],"wp:attachment":[{"href":"https:\/\/vapemaison.com\/fr\/wp-json\/wp\/v2\/media?parent=16991"}],"wp:term":[{"taxonomy":"product_brand","embeddable":true,"href":"https:\/\/vapemaison.com\/fr\/wp-json\/wp\/v2\/product_brand?post=16991"},{"taxonomy":"product_cat","embeddable":true,"href":"https:\/\/vapemaison.com\/fr\/wp-json\/wp\/v2\/product_cat?post=16991"},{"taxonomy":"product_tag","embeddable":true,"href":"https:\/\/vapemaison.com\/fr\/wp-json\/wp\/v2\/product_tag?post=16991"}],"curies":[{"name":"wp","href":"https:\/\/api.w.org\/{rel}","templated":true}]}}