

{"id":16992,"date":"2025-12-11T06:56:43","date_gmt":"2025-12-11T06:56:43","guid":{"rendered":"https:\/\/vapemaison.com\/?post_type=product&#038;p=16992"},"modified":"2025-12-31T06:32:17","modified_gmt":"2025-12-31T06:32:17","slug":"bangking-12000-puffs-jetable-vape","status":"publish","type":"product","link":"https:\/\/vapemaison.com\/fr\/product\/bangking-12000-puffs-disposable-vape\/","title":{"rendered":"Bang King 12K 12000 bouff\u00e9es Stylo \u00e0 Vape jetable"},"content":{"rendered":"<h3 class=\"wp-block-heading\"><strong>Bang King 12K - 12000 bouff\u00e9es de satisfaction savoureuse<\/strong><\/h3>\n\n\n\n<p>Le <strong>Bang King 12K 12000 bouff\u00e9es<\/strong> Le stylo \u00e0 usage unique est con\u00e7u pour les vapoteurs qui exigent \u00e0 la fois <strong>performance<\/strong> et <strong>vari\u00e9t\u00e9<\/strong>. Avec <strong>20 saveurs passionnantes<\/strong> et <strong>taux de nicotine<\/strong> allant de <strong>0% \u00e0 5%<\/strong>, Cet appareil offre une exp\u00e9rience de vapotage personnalis\u00e9e qui convient \u00e0 toutes les pr\u00e9f\u00e9rences.<\/p>\n\n\n\n<p>\u00c9quip\u00e9 d'un <strong>Batterie rechargeable de 650mAh<\/strong>, Cela permet de prolonger les sessions de vapotage sans interruption. Les <strong>Capacit\u00e9 de 23mL d'e-liquide<\/strong> permet <strong>jusqu'\u00e0 12 000 bouff\u00e9es<\/strong> de satisfaction pure, garantissant un plaisir durable.<\/p>\n\n\n\n<p>Le <strong>1,22\u03a9 r\u00e9sistance<\/strong> La bobine est optimis\u00e9e pour <strong>livraison de saveurs riches<\/strong> et <strong>production de vapeur en douceur<\/strong>, Chaque bouff\u00e9e est une exp\u00e9rience agr\u00e9able.<\/p>\n\n\n\n<p>Que vous soyez novice en mati\u00e8re de vapotage ou que vous soyez un amateur exp\u00e9riment\u00e9, le <strong>Bang King 12K<\/strong> combine <strong>commodit\u00e9<\/strong>, <strong>style<\/strong>, et <strong>performance sup\u00e9rieure<\/strong> pour une exp\u00e9rience de vapotage imbattable.<\/p>\n\n\n\n<h3 class=\"wp-block-heading\"><strong>Caract\u00e9ristiques principales :<\/strong><\/h3>\n\n\n\n<figure class=\"wp-block-table\"><table class=\"has-fixed-layout\"><thead><tr><th><strong>Fonctionnalit\u00e9<\/strong><\/th><th><strong>Sp\u00e9cifications<\/strong><\/th><\/tr><\/thead><tbody><tr><td><strong>Capacit\u00e9 de bouff\u00e9e<\/strong><\/td><td>Jusqu'\u00e0 12 000 bouff\u00e9es<\/td><\/tr><tr><td><strong>Capacit\u00e9 en e-liquide<\/strong><\/td><td>23mL<\/td><\/tr><tr><td><strong>Intensit\u00e9 de la nicotine<\/strong><\/td><td>0%, 2%, 3%, 5%<\/td><\/tr><tr><td><strong>Capacit\u00e9 de la batterie<\/strong><\/td><td>650mAh Rechargeable<\/td><\/tr><tr><td><strong>R\u00e9sistance<\/strong><\/td><td>1.22\u03a9<\/td><\/tr><tr><td><strong>Vari\u00e9t\u00e9 d'ar\u00f4mes<\/strong><\/td><td>20 saveurs<\/td><\/tr><\/tbody><\/table><\/figure>\n\n\n\n<h3 class=\"wp-block-heading\"><strong>Liste des saveurs :<\/strong><\/h3>\n\n\n\n<ol class=\"wp-block-list\">\n<li>Glace \u00e0 l'ananas et \u00e0 la noix de coco<\/li>\n\n\n\n<li>Past\u00e8que Bubblegum<\/li>\n\n\n\n<li>Glace aux trois baies<\/li>\n\n\n\n<li>Glace \u00e0 la p\u00eache<\/li>\n\n\n\n<li>Grenade<\/li>\n\n\n\n<li>Glace Blue Razz<\/li>\n\n\n\n<li>Past\u00e8que \u00e0 la fraise<\/li>\n\n\n\n<li>Melon Menthe<\/li>\n\n\n\n<li>Sherbert arc-en-ciel<\/li>\n\n\n\n<li>Fraise Mangue<\/li>\n\n\n\n<li>Raisin royal<\/li>\n\n\n\n<li>Baiser de la passion<\/li>\n\n\n\n<li>Double pomme<\/li>\n\n\n\n<li>P\u00eache Mangue<\/li>\n\n\n\n<li>Fraise Kiwi<\/li>\n\n\n\n<li>Glace \u00e0 la past\u00e8que<\/li>\n\n\n\n<li>Bleu melon<\/li>\n\n\n\n<li>Amour 66<\/li>\n\n\n\n<li>Sexe sur la plage<\/li>\n\n\n\n<li>P\u00eache Baies<\/li>\n<\/ol>\n\n\n\n<h3 class=\"wp-block-heading\"><strong>Pourquoi choisir Bang King 12K ?<\/strong><\/h3>\n\n\n\n<ul class=\"wp-block-list\">\n<li><strong>Vaping de longue dur\u00e9e :<\/strong> Avec <strong>23mL d'e-liquide<\/strong> et <strong>jusqu'\u00e0 12 000 bouff\u00e9es<\/strong>, Les utilisateurs peuvent ainsi profiter de sessions de vapotage prolong\u00e9es sans avoir besoin de recharges fr\u00e9quentes.<\/li>\n\n\n\n<li><strong>Vapeur douce et riche :<\/strong> Le <strong>Bobine de r\u00e9sistance de 1,22\u03a9<\/strong> assure <strong>une saveur optimale<\/strong> et coh\u00e9rent <strong>production de vapeur<\/strong> \u00e0 chaque bouff\u00e9e.<\/li>\n\n\n\n<li><strong>Rechargeable et pratique :<\/strong> Le <strong>Batterie rechargeable de 650mAh<\/strong> offre des performances fiables, et l'appareil est parfait pour une utilisation en d\u00e9placement.<\/li>\n\n\n\n<li><strong>Large gamme d'ar\u00f4mes :<\/strong> Choisissez parmi <strong>20 saveurs d\u00e9licieuses<\/strong> pour une exp\u00e9rience de vapotage vraiment personnalis\u00e9e.<\/li>\n\n\n\n<li><strong>Intensit\u00e9 de la nicotine personnalisable :<\/strong> Disponible en <strong>0%, 2%, 3% et 5%<\/strong> de nicotine afin de r\u00e9pondre \u00e0 votre niveau de pr\u00e9f\u00e9rence.<\/li>\n<\/ul>\n\n\n\n<h3 class=\"wp-block-heading\"><strong>Lib\u00e9rez votre voyage de vapotage savoureux avec Bang King 12K<\/strong><\/h3>\n\n\n\n<p>Le <strong>Bang King 12K 12000 bouff\u00e9es<\/strong> Le stylo \u00e0 usage unique offre un \u00e9quilibre parfait entre <strong>performance<\/strong>, <strong>vari\u00e9t\u00e9<\/strong>, et <strong>style<\/strong>. Que vous recherchiez des m\u00e9langes de fruits onctueux ou des sensations menthol\u00e9es audacieuses, les <strong>Bang King 12K<\/strong> offre une exp\u00e9rience satisfaisante et pratique, con\u00e7ue pour durer.<\/p>\n\n\n\n<p>Vous cherchez d'autres options de vapotage haut de gamme ? Visitez notre <a href=\"https:\/\/vapemaison.com\">page d'accueil<\/a> pour d\u00e9couvrir les derni\u00e8res nouveaut\u00e9s, parcourez la collection compl\u00e8te dans notre rubrique <a href=\"https:\/\/vapemaison.com\/shop\">boutique<\/a>, ou d'explorer d'autres appareils \u00e0 partir de l'application <a href=\"https:\/\/vapemaison.com\/brand\/bang\">Marque Bang<\/a>. Vous pourriez \u00e9galement appr\u00e9cier les produits jetables de grande capacit\u00e9 de <a href=\"https:\/\/vapemaison.com\/brand\/jnr\/\">JNR VAPE<\/a> ou consultez tous nos <a href=\"https:\/\/vapemaison.com\/product-category\/puffs-count\/\">Appareils \u00e0 houppette<\/a> pour une satisfaction durable.<\/p>","protected":false},"excerpt":{"rendered":"<div id=\"model-response-message-contentr_ebe8c71fdd5d1e24\" class=\"markdown markdown-main-panel stronger enable-updated-hr-color\" dir=\"ltr\" aria-live=\"polite\" aria-busy=\"false\">\n<p data-path-to-node=\"0\">Profitez de 12 000 bouff\u00e9es de pure satisfaction avec un r\u00e9servoir massif de 23 ml et une bobine optimis\u00e9e de 1,22\u03a9 pour une saveur exceptionnellement riche. Avec 20 saveurs excitantes et une batterie rechargeable fiable, c'est le m\u00e9lange parfait de vari\u00e9t\u00e9 et de performance. Commandez maintenant pour garantir votre go\u00fbt pr\u00e9f\u00e9r\u00e9 pendant que notre stock actuel et notre offre d'exp\u00e9dition rapide durent.<\/p>\n<\/div>","protected":false},"featured_media":17025,"comment_status":"open","ping_status":"closed","template":"","meta":[],"product_brand":[57],"product_cat":[154],"product_tag":[],"class_list":{"0":"post-16992","1":"product","2":"type-product","3":"status-publish","4":"has-post-thumbnail","6":"product_brand-bang","7":"product_cat-12k-puffs","9":"first","10":"instock","11":"sale","12":"shipping-taxable","13":"purchasable","14":"product-type-variable"},"yoast_head":"<!-- This site is optimized with the Yoast SEO plugin v27.4 - https:\/\/yoast.com\/product\/yoast-seo-wordpress\/ -->\n<title>BangKing 12K 12000 Puffs Disposable Vape<\/title>\n<meta name=\"description\" content=\"Enjoy up to 12000 puffs with the BangKing 12K Disposable Vape. 20 tasty flavors and customizable nicotine strength for a satisfying vape experience.\" \/>\n<meta name=\"robots\" content=\"index, follow, max-snippet:-1, max-image-preview:large, max-video-preview:-1\" \/>\n<link rel=\"canonical\" href=\"https:\/\/vapemaison.com\/fr\/produit\/bangking-12000-puffs-jetable-vape\/\" \/>\n<meta property=\"og:locale\" content=\"fr_FR\" \/>\n<meta property=\"og:type\" content=\"article\" \/>\n<meta property=\"og:title\" content=\"BangKing 12K 12000 Puffs Disposable Vape\" \/>\n<meta property=\"og:description\" content=\"Enjoy up to 12000 puffs with the BangKing 12K Disposable Vape. 20 tasty flavors and customizable nicotine strength for a satisfying vape experience.\" \/>\n<meta property=\"og:url\" content=\"https:\/\/vapemaison.com\/fr\/produit\/bangking-12000-puffs-jetable-vape\/\" \/>\n<meta property=\"og:site_name\" content=\"VapeMaison\" \/>\n<meta property=\"article:modified_time\" content=\"2025-12-31T06:32:17+00:00\" \/>\n<meta property=\"og:image\" content=\"https:\/\/vapemaison.com\/wp-content\/uploads\/2025\/12\/melon-mint-bang-king.jpg\" \/>\n\t<meta property=\"og:image:width\" content=\"800\" \/>\n\t<meta property=\"og:image:height\" content=\"800\" \/>\n\t<meta property=\"og:image:type\" content=\"image\/jpeg\" \/>\n<meta name=\"twitter:card\" content=\"summary_large_image\" \/>\n<meta name=\"twitter:label1\" content=\"Dur\u00e9e de lecture estim\u00e9e\" \/>\n\t<meta name=\"twitter:data1\" content=\"2 minutes\" \/>\n<!-- \/ Yoast SEO plugin. -->","yoast_head_json":{"title":"BangKing 12K 12000 bouff\u00e9es Vape jetable","description":"Profitez de 12 000 bouff\u00e9es avec la BangKing 12K Vape jetable. 20 saveurs savoureuses et un taux de nicotine personnalisable pour une exp\u00e9rience de vapotage satisfaisante.","robots":{"index":"index","follow":"follow","max-snippet":"max-snippet:-1","max-image-preview":"max-image-preview:large","max-video-preview":"max-video-preview:-1"},"canonical":"https:\/\/vapemaison.com\/fr\/produit\/bangking-12000-puffs-jetable-vape\/","og_locale":"fr_FR","og_type":"article","og_title":"BangKing 12K 12000 Puffs Disposable Vape","og_description":"Enjoy up to 12000 puffs with the BangKing 12K Disposable Vape. 20 tasty flavors and customizable nicotine strength for a satisfying vape experience.","og_url":"https:\/\/vapemaison.com\/fr\/produit\/bangking-12000-puffs-jetable-vape\/","og_site_name":"VapeMaison","article_modified_time":"2025-12-31T06:32:17+00:00","og_image":[{"width":800,"height":800,"url":"https:\/\/vapemaison.com\/wp-content\/uploads\/2025\/12\/melon-mint-bang-king.jpg","type":"image\/jpeg"}],"twitter_card":"summary_large_image","twitter_misc":{"Dur\u00e9e de lecture estim\u00e9e":"2 minutes"},"schema":{"@context":"https:\/\/schema.org","@graph":[{"@type":"WebPage","@id":"https:\/\/vapemaison.com\/product\/bangking-12000-puffs-disposable-vape\/","url":"https:\/\/vapemaison.com\/product\/bangking-12000-puffs-disposable-vape\/","name":"BangKing 12K 12000 bouff\u00e9es Vape jetable","isPartOf":{"@id":"https:\/\/vapemaison.com\/#website"},"primaryImageOfPage":{"@id":"https:\/\/vapemaison.com\/product\/bangking-12000-puffs-disposable-vape\/#primaryimage"},"image":{"@id":"https:\/\/vapemaison.com\/product\/bangking-12000-puffs-disposable-vape\/#primaryimage"},"thumbnailUrl":"https:\/\/vapemaison.com\/wp-content\/uploads\/2025\/12\/melon-mint-bang-king.jpg","datePublished":"2025-12-11T06:56:43+00:00","dateModified":"2025-12-31T06:32:17+00:00","description":"Profitez de 12 000 bouff\u00e9es avec la BangKing 12K Vape jetable. 20 saveurs savoureuses et un taux de nicotine personnalisable pour une exp\u00e9rience de vapotage satisfaisante.","breadcrumb":{"@id":"https:\/\/vapemaison.com\/product\/bangking-12000-puffs-disposable-vape\/#breadcrumb"},"inLanguage":"fr-FR","potentialAction":[{"@type":"ReadAction","target":["https:\/\/vapemaison.com\/product\/bangking-12000-puffs-disposable-vape\/"]}]},{"@type":"ImageObject","inLanguage":"fr-FR","@id":"https:\/\/vapemaison.com\/product\/bangking-12000-puffs-disposable-vape\/#primaryimage","url":"https:\/\/vapemaison.com\/wp-content\/uploads\/2025\/12\/melon-mint-bang-king.jpg","contentUrl":"https:\/\/vapemaison.com\/wp-content\/uploads\/2025\/12\/melon-mint-bang-king.jpg","width":800,"height":800,"caption":"melon-mint-bang-king"},{"@type":"BreadcrumbList","@id":"https:\/\/vapemaison.com\/product\/bangking-12000-puffs-disposable-vape\/#breadcrumb","itemListElement":[{"@type":"ListItem","position":1,"name":"\u9996\u9875","item":"https:\/\/vapemaison.com\/"},{"@type":"ListItem","position":2,"name":"Shop","item":"https:\/\/vapemaison.com\/shop\/"},{"@type":"ListItem","position":3,"name":"Bang","item":"https:\/\/vapemaison.com\/brand\/bang\/"},{"@type":"ListItem","position":4,"name":"Bang King 12K 12000 Puffs Disposable Vape Pen"}]},{"@type":"WebSite","@id":"https:\/\/vapemaison.com\/#website","url":"https:\/\/vapemaison.com\/","name":"VapeMaison","description":"Appareils et accessoires de vapotage haut de gamme","publisher":{"@id":"https:\/\/vapemaison.com\/#organization"},"potentialAction":[{"@type":"SearchAction","target":{"@type":"EntryPoint","urlTemplate":"https:\/\/vapemaison.com\/?s={search_term_string}"},"query-input":{"@type":"PropertyValueSpecification","valueRequired":true,"valueName":"search_term_string"}}],"inLanguage":"fr-FR"},{"@type":"Organization","@id":"https:\/\/vapemaison.com\/#organization","name":"VapeMaison","url":"https:\/\/vapemaison.com\/","logo":{"@type":"ImageObject","inLanguage":"fr-FR","@id":"https:\/\/vapemaison.com\/#\/schema\/logo\/image\/","url":"https:\/\/vapemaison.com\/wp-content\/uploads\/2026\/01\/cropped-vapemaison-logo-g-2026.webp","contentUrl":"https:\/\/vapemaison.com\/wp-content\/uploads\/2026\/01\/cropped-vapemaison-logo-g-2026.webp","width":350,"height":280,"caption":"VapeMaison"},"image":{"@id":"https:\/\/vapemaison.com\/#\/schema\/logo\/image\/"},"sameAs":["https:\/\/www.youtube.com\/@VapeMaison"]}]}},"tiered_pricing_type":"fixed","tiered_pricing_fixed_rules":{"30":"8.29","50":"7.99","100":"7.56","200":"6.99"},"tiered_pricing_product_settings":{"layout":"default","base_unit_name":{"singular":null,"plural":null},"default_variation":null},"tiered_pricing_minimum_quantity":10,"tiered_pricing_roles_data":[],"tiered_pricing_percentage_rules":[],"tiered_pricing_maximum_quantity":null,"tiered_pricing_quantity_step":"10","_links":{"self":[{"href":"https:\/\/vapemaison.com\/fr\/wp-json\/wp\/v2\/product\/16992","targetHints":{"allow":["GET"]}}],"collection":[{"href":"https:\/\/vapemaison.com\/fr\/wp-json\/wp\/v2\/product"}],"about":[{"href":"https:\/\/vapemaison.com\/fr\/wp-json\/wp\/v2\/types\/product"}],"replies":[{"embeddable":true,"href":"https:\/\/vapemaison.com\/fr\/wp-json\/wp\/v2\/comments?post=16992"}],"version-history":[{"count":1,"href":"https:\/\/vapemaison.com\/fr\/wp-json\/wp\/v2\/product\/16992\/revisions"}],"predecessor-version":[{"id":23048,"href":"https:\/\/vapemaison.com\/fr\/wp-json\/wp\/v2\/product\/16992\/revisions\/23048"}],"wp:featuredmedia":[{"embeddable":true,"href":"https:\/\/vapemaison.com\/fr\/wp-json\/wp\/v2\/media\/17025"}],"wp:attachment":[{"href":"https:\/\/vapemaison.com\/fr\/wp-json\/wp\/v2\/media?parent=16992"}],"wp:term":[{"taxonomy":"product_brand","embeddable":true,"href":"https:\/\/vapemaison.com\/fr\/wp-json\/wp\/v2\/product_brand?post=16992"},{"taxonomy":"product_cat","embeddable":true,"href":"https:\/\/vapemaison.com\/fr\/wp-json\/wp\/v2\/product_cat?post=16992"},{"taxonomy":"product_tag","embeddable":true,"href":"https:\/\/vapemaison.com\/fr\/wp-json\/wp\/v2\/product_tag?post=16992"}],"curies":[{"name":"wp","href":"https:\/\/api.w.org\/{rel}","templated":true}]}}