

{"id":16993,"date":"2025-12-11T07:15:03","date_gmt":"2025-12-11T07:15:03","guid":{"rendered":"https:\/\/vapemaison.com\/?post_type=product&#038;p=16993"},"modified":"2025-12-22T09:26:40","modified_gmt":"2025-12-22T09:26:40","slug":"bang-36000-puffs-jetable-vape","status":"publish","type":"product","link":"https:\/\/vapemaison.com\/fr\/product\/bang-36000-puffs-disposable-vape\/","title":{"rendered":"Bang 36000 Puffs 0% 2% 3% 5% Nicotine Vape"},"content":{"rendered":"<h3 class=\"wp-block-heading\"><strong>Bang 36000 Puffs - Vape jetable de qualit\u00e9 sup\u00e9rieure avec double r\u00e9servoir d'e-liquide et exp\u00e9rience DTL<\/strong><\/h3>\n\n\n\n<p>Le <strong>Bang 36000 Puffs<\/strong> est le dernier cri en mati\u00e8re de vapotage de haute performance, offrant jusqu'\u00e0 <strong>36 000 bouff\u00e9es<\/strong> de satisfaction constante. Con\u00e7ue pour une utilisation prolong\u00e9e, cette vape jetable \u00e9l\u00e9gante et ergonomique garantit <strong>une commodit\u00e9 in\u00e9gal\u00e9e<\/strong> et un plaisir durable, ce qui en fait le choix id\u00e9al pour les nouveaux vapoteurs comme pour les plus exp\u00e9riment\u00e9s.<\/p>\n\n\n\n<p>Avec <strong>40mL d'e-liquide pr\u00e9-rempli<\/strong> dans un <strong>double r\u00e9servoir d'e-liquide<\/strong>, le <strong>Bang 36000<\/strong> vous offre une exp\u00e9rience de vapotage riche et savoureuse sans qu'il soit n\u00e9cessaire de la recharger en permanence. Que vous pr\u00e9f\u00e9riez un <strong>taux de nicotine<\/strong> de <strong>0%, 2%, 3% ou 5%<\/strong>, Cet appareil vous permet de personnaliser votre s\u00e9ance de vapotage pour qu'elle corresponde exactement \u00e0 vos pr\u00e9f\u00e9rences.<\/p>\n\n\n\n<h3 class=\"wp-block-heading\"><strong>Caract\u00e9ristiques principales :<\/strong><\/h3>\n\n\n\n<figure class=\"wp-block-table\"><table class=\"has-fixed-layout\"><thead><tr><th><strong>Fonctionnalit\u00e9<\/strong><\/th><th><strong>Sp\u00e9cifications<\/strong><\/th><\/tr><\/thead><tbody><tr><td><strong>Capacit\u00e9 de bouff\u00e9e<\/strong><\/td><td>Jusqu'\u00e0 36 000 bouff\u00e9es<\/td><\/tr><tr><td><strong>Capacit\u00e9 en e-liquide<\/strong><\/td><td>40mL (double r\u00e9servoir)<\/td><\/tr><tr><td><strong>Intensit\u00e9 de la nicotine<\/strong><\/td><td>0%, 2%, 3%, 5%<\/td><\/tr><tr><td><strong>Type de bobine<\/strong><\/td><td>Bobine Sub-Ohm 0.6\u03a9 (DTL)<\/td><\/tr><tr><td><strong>Capacit\u00e9 de la batterie<\/strong><\/td><td>650mAh Rechargeable<\/td><\/tr><tr><td><strong>Port de charge<\/strong><\/td><td>Chargement rapide de type C<\/td><\/tr><tr><td><strong>Caract\u00e9ristiques visuelles<\/strong><\/td><td>Lumi\u00e8re color\u00e9e LED<\/td><\/tr><tr><td><strong>Emballage<\/strong><\/td><td>8 pi\u00e8ces par bo\u00eete<\/td><\/tr><tr><td><strong>Saveurs<\/strong><\/td><td>12 saveurs d\u00e9licieuses<\/td><\/tr><\/tbody><\/table><\/figure>\n\n\n\n<h3 class=\"wp-block-heading\"><strong>Liste des saveurs :<\/strong><\/h3>\n\n\n\n<ol class=\"wp-block-list\">\n<li>Fraise Kiwi<\/li>\n\n\n\n<li>P\u00eache Mangue Past\u00e8que<\/li>\n\n\n\n<li>M\u00e9lange de fruits<\/li>\n\n\n\n<li>Glace \u00e0 la menthe<\/li>\n\n\n\n<li>P\u00eache Mangue<\/li>\n\n\n\n<li>Glace de raisin<\/li>\n\n\n\n<li>Pommes doubles<\/li>\n\n\n\n<li>Myrtille Framboise<\/li>\n\n\n\n<li>Glace aux myrtilles<\/li>\n\n\n\n<li>Past\u00e8que \u00e0 la fraise<\/li>\n\n\n\n<li>Glace \u00e0 la past\u00e8que<\/li>\n\n\n\n<li>Fraise Mangue<\/li>\n<\/ol>\n\n\n\n<h3 class=\"wp-block-heading\"><strong>Pourquoi choisir Bang 36000 ?<\/strong><\/h3>\n\n\n\n<ul class=\"wp-block-list\">\n<li><strong>S\u00e9ances de vapotage prolong\u00e9es :<\/strong> Avec <strong>40mL d'e-liquide pr\u00e9-rempli<\/strong>, Les personnes \u00e2g\u00e9es de moins de 18 ans peuvent b\u00e9n\u00e9ficier d'une aide \u00e0 la recherche d'un emploi. <strong>36 000 bouff\u00e9es<\/strong> sans \u00eatre constamment recharg\u00e9s.<\/li>\n\n\n\n<li><strong>Vapeur douce et riche :<\/strong> Le <strong>Bobine sub-ohm 0,6\u03a9<\/strong> fournit une <strong>Directement au poumon (DTL)<\/strong> et offre une saveur intense et une vapeur douce \u00e0 chaque bouff\u00e9e.<\/li>\n\n\n\n<li><strong>Intensit\u00e9 de la nicotine personnalis\u00e9e :<\/strong> Choisissez parmi <strong>0%, 2%, 3% ou 5% nicotine<\/strong> pour correspondre parfaitement \u00e0 l'exp\u00e9rience de vapotage souhait\u00e9e.<\/li>\n\n\n\n<li><strong>Chargement pratique :<\/strong> Le <strong>Port de charge de type C<\/strong> et <strong>Batterie rechargeable de 650mAh<\/strong> permettent une recharge rapide et efficace, minimisant ainsi les temps d'arr\u00eat.<\/li>\n\n\n\n<li><strong>\u00c9clairage dynamique par LED :<\/strong> Le <strong>Lumi\u00e8re LED<\/strong> ajoute un \u00e9l\u00e9ment visuel \u00e9l\u00e9gant \u00e0 vos sessions de vapotage, ce qui en fait non seulement une vape mais aussi une d\u00e9claration.<\/li>\n\n\n\n<li><strong>Design \u00e9l\u00e9gant et ergonomique :<\/strong> Le <strong>Bang 36000<\/strong> est con\u00e7u pour le confort et la facilit\u00e9 d'utilisation, garantissant une exp\u00e9rience agr\u00e9able pour tous les utilisateurs.<\/li>\n<\/ul>\n\n\n\n<h3 class=\"wp-block-heading\"><strong>Am\u00e9liorez votre exp\u00e9rience de vapotage avec Bang 36000<\/strong><\/h3>\n\n\n\n<p>Le <strong>Bang 36000 Puffs<\/strong> est con\u00e7u pour le vapoteur qui souhaite une combinaison parfaite de <strong>performance, commodit\u00e9 et style<\/strong>. Avec sa capacit\u00e9 de longue dur\u00e9e, son taux de nicotine personnalisable et sa lumi\u00e8re LED accrocheuse, le <strong>Bang 36000<\/strong> se distingue comme un stylo \u00e0 vape jetable de premi\u00e8re qualit\u00e9, con\u00e7u pour ceux qui en attendent plus.<\/p>\n\n\n\n<p>Vous cherchez d'autres options de vapotage haut de gamme ? Visitez notre <a href=\"https:\/\/vapemaison.com\">page d'accueil<\/a> pour d\u00e9couvrir les derni\u00e8res nouveaut\u00e9s, parcourez la collection compl\u00e8te dans notre rubrique <a href=\"https:\/\/vapemaison.com\/shop\">boutique<\/a>, ou d'explorer d'autres appareils \u00e0 partir de l'application <a href=\"https:\/\/vapemaison.com\/brand\/bang\">Marque Bang<\/a>. Vous pourriez \u00e9galement appr\u00e9cier les produits jetables de grande capacit\u00e9 de <a href=\"https:\/\/vapemaison.com\/brand\/jnr\/\">JNR VAPE<\/a> ou consultez tous nos <a href=\"https:\/\/vapemaison.com\/product-category\/puffs-count\/\">Appareils \u00e0 houppette<\/a> pour une satisfaction durable.<\/p>","protected":false},"excerpt":{"rendered":"<p>Maximisez votre exp\u00e9rience DTL avec un \u00e9norme 36 000 bouff\u00e9es et un syst\u00e8me \u00e0 double r\u00e9servoir de 40 ml con\u00e7u pour une saveur profonde et constante. Dot\u00e9 d'une bobine sub-ohm de 0,6\u03a9 et de lumi\u00e8res LED vibrantes, ce concentr\u00e9 de puissance offre une session de nuages de premi\u00e8re qualit\u00e9. Commandez la v\u00f4tre d\u00e8s aujourd'hui pour obtenir votre taux de nicotine pr\u00e9f\u00e9r\u00e9 tant que le stock actuel et l'exp\u00e9dition rapide restent disponibles.<\/p>","protected":false},"featured_media":17159,"comment_status":"open","ping_status":"closed","template":"","meta":[],"product_brand":[57],"product_cat":[309,16],"product_tag":[],"class_list":{"0":"post-16993","1":"product","2":"type-product","3":"status-publish","4":"has-post-thumbnail","6":"product_brand-bang","7":"product_cat-36k-puffs","8":"product_cat-uncategorized","10":"first","11":"instock","12":"sale","13":"shipping-taxable","14":"purchasable","15":"product-type-variable"},"yoast_head":"<!-- This site is optimized with the Yoast SEO plugin v27.4 - https:\/\/yoast.com\/product\/yoast-seo-wordpress\/ -->\n<title>Bang 36000 Puffs Disposable Vape \u2013 36000 Puffs, 20 Flavors<\/title>\n<meta name=\"description\" content=\"Experience up to 36000 puffs with Bang 36000 Disposable Vape. 20 flavors and customizable nicotine strength for a premium vaping experience.\" \/>\n<meta name=\"robots\" content=\"index, follow, max-snippet:-1, max-image-preview:large, max-video-preview:-1\" \/>\n<link rel=\"canonical\" href=\"https:\/\/vapemaison.com\/fr\/produit\/bang-36000-puffs-jetable-vape\/\" \/>\n<meta property=\"og:locale\" content=\"fr_FR\" \/>\n<meta property=\"og:type\" content=\"article\" \/>\n<meta property=\"og:title\" content=\"Bang 36000 Puffs Disposable Vape \u2013 36000 Puffs, 20 Flavors\" \/>\n<meta property=\"og:description\" content=\"Experience up to 36000 puffs with Bang 36000 Disposable Vape. 20 flavors and customizable nicotine strength for a premium vaping experience.\" \/>\n<meta property=\"og:url\" content=\"https:\/\/vapemaison.com\/fr\/produit\/bang-36000-puffs-jetable-vape\/\" \/>\n<meta property=\"og:site_name\" content=\"VapeMaison\" \/>\n<meta property=\"article:modified_time\" content=\"2025-12-22T09:26:40+00:00\" \/>\n<meta property=\"og:image\" content=\"https:\/\/vapemaison.com\/wp-content\/uploads\/2025\/12\/vape-bang-36000-puffs-bang-36000puffs.jpg.webp\" \/>\n\t<meta property=\"og:image:width\" content=\"1000\" \/>\n\t<meta property=\"og:image:height\" content=\"1000\" \/>\n\t<meta property=\"og:image:type\" content=\"image\/webp\" \/>\n<meta name=\"twitter:card\" content=\"summary_large_image\" \/>\n<meta name=\"twitter:label1\" content=\"Dur\u00e9e de lecture estim\u00e9e\" \/>\n\t<meta name=\"twitter:data1\" content=\"2 minutes\" \/>\n<!-- \/ Yoast SEO plugin. -->","yoast_head_json":{"title":"Bang 36000 Puffs Vape jetable - 36000 Puffs, 20 Flavors","description":"Exp\u00e9rimentez jusqu'\u00e0 36000 bouff\u00e9es avec la Bang 36000 Vape jetable. 20 ar\u00f4mes et un taux de nicotine personnalisable pour une exp\u00e9rience de vapotage haut de gamme.","robots":{"index":"index","follow":"follow","max-snippet":"max-snippet:-1","max-image-preview":"max-image-preview:large","max-video-preview":"max-video-preview:-1"},"canonical":"https:\/\/vapemaison.com\/fr\/produit\/bang-36000-puffs-jetable-vape\/","og_locale":"fr_FR","og_type":"article","og_title":"Bang 36000 Puffs Disposable Vape \u2013 36000 Puffs, 20 Flavors","og_description":"Experience up to 36000 puffs with Bang 36000 Disposable Vape. 20 flavors and customizable nicotine strength for a premium vaping experience.","og_url":"https:\/\/vapemaison.com\/fr\/produit\/bang-36000-puffs-jetable-vape\/","og_site_name":"VapeMaison","article_modified_time":"2025-12-22T09:26:40+00:00","og_image":[{"width":1000,"height":1000,"url":"https:\/\/vapemaison.com\/wp-content\/uploads\/2025\/12\/vape-bang-36000-puffs-bang-36000puffs.jpg.webp","type":"image\/webp"}],"twitter_card":"summary_large_image","twitter_misc":{"Dur\u00e9e de lecture estim\u00e9e":"2 minutes"},"schema":{"@context":"https:\/\/schema.org","@graph":[{"@type":"WebPage","@id":"https:\/\/vapemaison.com\/product\/bang-36000-puffs-disposable-vape\/","url":"https:\/\/vapemaison.com\/product\/bang-36000-puffs-disposable-vape\/","name":"Bang 36000 Puffs Vape jetable - 36000 Puffs, 20 Flavors","isPartOf":{"@id":"https:\/\/vapemaison.com\/#website"},"primaryImageOfPage":{"@id":"https:\/\/vapemaison.com\/product\/bang-36000-puffs-disposable-vape\/#primaryimage"},"image":{"@id":"https:\/\/vapemaison.com\/product\/bang-36000-puffs-disposable-vape\/#primaryimage"},"thumbnailUrl":"https:\/\/vapemaison.com\/wp-content\/uploads\/2025\/12\/vape-bang-36000-puffs-bang-36000puffs.jpg.webp","datePublished":"2025-12-11T07:15:03+00:00","dateModified":"2025-12-22T09:26:40+00:00","description":"Exp\u00e9rimentez jusqu'\u00e0 36000 bouff\u00e9es avec la Bang 36000 Vape jetable. 20 ar\u00f4mes et un taux de nicotine personnalisable pour une exp\u00e9rience de vapotage haut de gamme.","breadcrumb":{"@id":"https:\/\/vapemaison.com\/product\/bang-36000-puffs-disposable-vape\/#breadcrumb"},"inLanguage":"fr-FR","potentialAction":[{"@type":"ReadAction","target":["https:\/\/vapemaison.com\/product\/bang-36000-puffs-disposable-vape\/"]}]},{"@type":"ImageObject","inLanguage":"fr-FR","@id":"https:\/\/vapemaison.com\/product\/bang-36000-puffs-disposable-vape\/#primaryimage","url":"https:\/\/vapemaison.com\/wp-content\/uploads\/2025\/12\/vape-bang-36000-puffs-bang-36000puffs.jpg.webp","contentUrl":"https:\/\/vapemaison.com\/wp-content\/uploads\/2025\/12\/vape-bang-36000-puffs-bang-36000puffs.jpg.webp","width":1000,"height":1000,"caption":"Vape Bang Puffs Bangpuffs.jpg"},{"@type":"BreadcrumbList","@id":"https:\/\/vapemaison.com\/product\/bang-36000-puffs-disposable-vape\/#breadcrumb","itemListElement":[{"@type":"ListItem","position":1,"name":"\u9996\u9875","item":"https:\/\/vapemaison.com\/"},{"@type":"ListItem","position":2,"name":"Shop","item":"https:\/\/vapemaison.com\/shop\/"},{"@type":"ListItem","position":3,"name":"Bang","item":"https:\/\/vapemaison.com\/brand\/bang\/"},{"@type":"ListItem","position":4,"name":"Bang 36000 Puffs 0% 2% 3% 5% Nicotine Vape"}]},{"@type":"WebSite","@id":"https:\/\/vapemaison.com\/#website","url":"https:\/\/vapemaison.com\/","name":"VapeMaison","description":"Appareils et accessoires de vapotage haut de gamme","publisher":{"@id":"https:\/\/vapemaison.com\/#organization"},"potentialAction":[{"@type":"SearchAction","target":{"@type":"EntryPoint","urlTemplate":"https:\/\/vapemaison.com\/?s={search_term_string}"},"query-input":{"@type":"PropertyValueSpecification","valueRequired":true,"valueName":"search_term_string"}}],"inLanguage":"fr-FR"},{"@type":"Organization","@id":"https:\/\/vapemaison.com\/#organization","name":"VapeMaison","url":"https:\/\/vapemaison.com\/","logo":{"@type":"ImageObject","inLanguage":"fr-FR","@id":"https:\/\/vapemaison.com\/#\/schema\/logo\/image\/","url":"https:\/\/vapemaison.com\/wp-content\/uploads\/2026\/01\/cropped-vapemaison-logo-g-2026.webp","contentUrl":"https:\/\/vapemaison.com\/wp-content\/uploads\/2026\/01\/cropped-vapemaison-logo-g-2026.webp","width":350,"height":280,"caption":"VapeMaison"},"image":{"@id":"https:\/\/vapemaison.com\/#\/schema\/logo\/image\/"},"sameAs":["https:\/\/www.youtube.com\/@VapeMaison"]}]}},"tiered_pricing_type":"fixed","tiered_pricing_fixed_rules":{"30":"11.99","50":"10.99","100":"9.99","200":"8.99"},"tiered_pricing_product_settings":{"layout":"default","base_unit_name":{"singular":null,"plural":null},"default_variation":null},"tiered_pricing_minimum_quantity":10,"tiered_pricing_roles_data":[],"tiered_pricing_percentage_rules":[],"tiered_pricing_maximum_quantity":null,"tiered_pricing_quantity_step":"10","_links":{"self":[{"href":"https:\/\/vapemaison.com\/fr\/wp-json\/wp\/v2\/product\/16993","targetHints":{"allow":["GET"]}}],"collection":[{"href":"https:\/\/vapemaison.com\/fr\/wp-json\/wp\/v2\/product"}],"about":[{"href":"https:\/\/vapemaison.com\/fr\/wp-json\/wp\/v2\/types\/product"}],"replies":[{"embeddable":true,"href":"https:\/\/vapemaison.com\/fr\/wp-json\/wp\/v2\/comments?post=16993"}],"version-history":[{"count":0,"href":"https:\/\/vapemaison.com\/fr\/wp-json\/wp\/v2\/product\/16993\/revisions"}],"wp:featuredmedia":[{"embeddable":true,"href":"https:\/\/vapemaison.com\/fr\/wp-json\/wp\/v2\/media\/17159"}],"wp:attachment":[{"href":"https:\/\/vapemaison.com\/fr\/wp-json\/wp\/v2\/media?parent=16993"}],"wp:term":[{"taxonomy":"product_brand","embeddable":true,"href":"https:\/\/vapemaison.com\/fr\/wp-json\/wp\/v2\/product_brand?post=16993"},{"taxonomy":"product_cat","embeddable":true,"href":"https:\/\/vapemaison.com\/fr\/wp-json\/wp\/v2\/product_cat?post=16993"},{"taxonomy":"product_tag","embeddable":true,"href":"https:\/\/vapemaison.com\/fr\/wp-json\/wp\/v2\/product_tag?post=16993"}],"curies":[{"name":"wp","href":"https:\/\/api.w.org\/{rel}","templated":true}]}}