

{"id":16994,"date":"2025-12-11T07:39:23","date_gmt":"2025-12-11T07:39:23","guid":{"rendered":"https:\/\/vapemaison.com\/?post_type=product&#038;p=16994"},"modified":"2025-12-22T09:26:02","modified_gmt":"2025-12-22T09:26:02","slug":"bang-36000-power-36k-puffs-disposable-vape","status":"publish","type":"product","link":"https:\/\/vapemaison.com\/fr\/product\/bang-36000-power-36k-puffs-disposable-vape\/","title":{"rendered":"Bang 36000 Power Advanced 36K Puffs Vape jetable"},"content":{"rendered":"<h3 class=\"wp-block-heading\"><strong>Bang 36000 Power - Contr\u00f4le avanc\u00e9 par empreinte digitale, double bobine en maille et r\u00e9gulation de puissance personnalisable<\/strong><\/h3>\n\n\n\n<p>Le <strong>Bang 36000 Puissance<\/strong> est une vape jetable avanc\u00e9e con\u00e7ue pour les vapoteurs qui recherchent l'innovation, le contr\u00f4le et la personnalisation dans chaque bouff\u00e9e. Offrant jusqu'\u00e0 <strong>36 000 bouff\u00e9es<\/strong>, Cet appareil de pointe garantit un plaisir durable et des performances constantes du d\u00e9but \u00e0 la fin.<\/p>\n\n\n\n<p>\u00c9quip\u00e9 d'un <strong>bobine \u00e0 double maille<\/strong>, le <strong>Bang 36000 Puissance<\/strong> d\u00e9livre une vapeur douce et savoureuse \u00e0 chaque tirage, tandis que le <strong>\u00c9cran tactile TFT<\/strong> et <strong>Affichage LED<\/strong> fournir des mises \u00e0 jour en temps r\u00e9el sur <strong>autonomie de la batterie<\/strong> et <strong>niveaux d'e-liquide<\/strong>, Vous \u00eates ainsi inform\u00e9 tout au long de votre s\u00e9ance de vapotage.<\/p>\n\n\n\n<p>La caract\u00e9ristique la plus remarquable de cette vape est la <strong>r\u00e9glage de la puissance<\/strong> activ\u00e9e par une simple pression sur l'appareil <strong>trois fois<\/strong>. Cela vous permet d'adapter votre exp\u00e9rience de vapotage \u00e0 vos pr\u00e9f\u00e9rences exactes, en am\u00e9liorant \u00e0 la fois la commodit\u00e9 et le plaisir.<\/p>\n\n\n\n<p>Avec un <strong>Batterie rechargeable de 850mAh<\/strong> et <strong>Chargement de type C<\/strong>, le <strong>Bang 36000<\/strong> assure une diffusion ininterrompue de la vapeur gr\u00e2ce \u00e0 une recharge rapide et efficace. L'ajout d'un <strong>capteur d'empreintes digitales<\/strong> ajoute une couche suppl\u00e9mentaire de s\u00e9curit\u00e9 et une fonctionnalit\u00e9 moderne, ce qui en fait un appareil personnel et convivial.<\/p>\n\n\n\n<p>Disponible en <strong>2%, 3% et 5% (taux de nicotine)<\/strong>, et offrant <strong>12 saveurs passionnantes<\/strong>, le <strong>Bang 36000<\/strong> r\u00e9pond \u00e0 un large \u00e9ventail de go\u00fbts et de pr\u00e9f\u00e9rences, garantissant une exp\u00e9rience de vapotage enti\u00e8rement personnalis\u00e9e.<\/p>\n\n\n\n<h3 class=\"wp-block-heading\"><strong>Caract\u00e9ristiques principales :<\/strong><\/h3>\n\n\n\n<figure class=\"wp-block-table\"><table class=\"has-fixed-layout\"><thead><tr><th><strong>Fonctionnalit\u00e9<\/strong><\/th><th><strong>Sp\u00e9cifications<\/strong><\/th><\/tr><\/thead><tbody><tr><td><strong>Capacit\u00e9 de bouff\u00e9e<\/strong><\/td><td>Jusqu'\u00e0 36 000 bouff\u00e9es<\/td><\/tr><tr><td><strong>Intensit\u00e9 de la nicotine<\/strong><\/td><td>2%, 3%, 5%<\/td><\/tr><tr><td><strong>Type de bobine<\/strong><\/td><td>Bobine \u00e0 double maille<\/td><\/tr><tr><td><strong>Affichage<\/strong><\/td><td>\u00c9cran tactile TFT et niveaux de batterie\/liquide LED<\/td><\/tr><tr><td><strong>Ajustement de la puissance<\/strong><\/td><td>R\u00e9gulation de l'alimentation en appuyant trois fois sur la touche<\/td><\/tr><tr><td><strong>Capacit\u00e9 de la batterie<\/strong><\/td><td>850mAh Rechargeable<\/td><\/tr><tr><td><strong>Port de charge<\/strong><\/td><td>Chargement rapide de type C<\/td><\/tr><tr><td><strong>Dispositif de s\u00e9curit\u00e9<\/strong><\/td><td>Capteur d'empreintes digitales<\/td><\/tr><tr><td><strong>Options de saveurs<\/strong><\/td><td>12 saveurs uniques<\/td><\/tr><\/tbody><\/table><\/figure>\n\n\n\n<h3 class=\"wp-block-heading\"><strong>Liste des saveurs :<\/strong><\/h3>\n\n\n\n<ol class=\"wp-block-list\">\n<li>M\u00e9lange de fruits<\/li>\n\n\n\n<li>Triple baie<\/li>\n\n\n\n<li>P\u00eache Mangue Past\u00e8que<\/li>\n\n\n\n<li>Myrtille Framboise<\/li>\n\n\n\n<li>Glace du dragon noir<\/li>\n\n\n\n<li>Glace de raisin<\/li>\n\n\n\n<li>Glace aux myrtilles<\/li>\n\n\n\n<li>Past\u00e8que \u00e0 la fraise<\/li>\n\n\n\n<li>Fraise et banane<\/li>\n\n\n\n<li>Fraise Kiwi<\/li>\n\n\n\n<li>Fraise Mangue<\/li>\n\n\n\n<li>Glace \u00e0 la past\u00e8que<\/li>\n<\/ol>\n\n\n\n<h3 class=\"wp-block-heading\"><strong>Pourquoi choisir Bang 36000 Power ?<\/strong><\/h3>\n\n\n\n<ul class=\"wp-block-list\">\n<li><strong>Un plaisir durable :<\/strong> Avec jusqu'\u00e0 <strong>36 000 bouff\u00e9es<\/strong>, Les bougies d'allumage sont des produits de qualit\u00e9 qui permettent de profiter d'une exp\u00e9rience de vapotage prolong\u00e9e sans avoir \u00e0 les remplacer fr\u00e9quemment.<\/li>\n\n\n\n<li><strong>Production de vapeur am\u00e9lior\u00e9e :<\/strong> Le <strong>bobine \u00e0 double maille<\/strong> garantit une vapeur douce et riche \u00e0 chaque aspiration, offrant une consistance de saveur sup\u00e9rieure.<\/li>\n\n\n\n<li><strong>Affichage et personnalisation intelligents :<\/strong> Le <strong>\u00c9cran tactile TFT<\/strong> et <strong>Affichage LED<\/strong> vous informe sur les niveaux de batterie et d'e-liquide. <strong>r\u00e9glage de la puissance<\/strong> vous permet de personnaliser votre exp\u00e9rience.<\/li>\n\n\n\n<li><strong>S\u00e9curis\u00e9 et pratique :<\/strong> Le <strong>capteur d'empreintes digitales<\/strong> ajoute une touche de s\u00e9curit\u00e9 moderne, garantissant que vous \u00eates le seul \u00e0 pouvoir utiliser l'appareil.<\/li>\n\n\n\n<li><strong>Recharge rapide :<\/strong> Le <strong>Batterie de 850mAh<\/strong> et <strong>Chargement de type C<\/strong> assurent des recharges rapides, minimisant ainsi les temps d'arr\u00eat.<\/li>\n\n\n\n<li><strong>Large choix d'ar\u00f4mes :<\/strong> Avec <strong>12 saveurs passionnantes<\/strong> et diff\u00e9rents taux de nicotine, vous pouvez trouver la combinaison parfaite pour r\u00e9pondre \u00e0 votre go\u00fbt.<\/li>\n<\/ul>\n\n\n\n<p>Vous cherchez d'autres options de vapotage haut de gamme ? Visitez notre <a href=\"https:\/\/vapemaison.com\">page d'accueil<\/a> pour d\u00e9couvrir les derni\u00e8res nouveaut\u00e9s, parcourez la collection compl\u00e8te dans notre rubrique <a href=\"https:\/\/vapemaison.com\/shop\">boutique<\/a>, ou d'explorer d'autres appareils \u00e0 partir de l'application <a href=\"https:\/\/vapemaison.com\/brand\/bang\">Marque Bang<\/a>. Vous pourriez \u00e9galement appr\u00e9cier les produits jetables de grande capacit\u00e9 de <a href=\"https:\/\/vapemaison.com\/brand\/jnr\/\">JNR VAPE<\/a> ou consultez tous nos <a href=\"https:\/\/vapemaison.com\/product-category\/puffs-count\/\">Appareils \u00e0 houppette<\/a> pour une satisfaction durable.<\/p>","protected":false},"excerpt":{"rendered":"<p><span class=\"\">D\u00e9couvrez la nouvelle g\u00e9n\u00e9ration de vaping avec 36,<\/span><span class=\"\">000 bouff\u00e9es,<\/span> un double syst\u00e8me de bobines en maille, et un \u00e9cran tactile TFT unique pour un r\u00e9glage complet de la puissance et la s\u00e9curit\u00e9 des empreintes digitales. Personnalisez votre session gr\u00e2ce \u00e0 un contr\u00f4le pr\u00e9cis et \u00e0 12 saveurs de premier choix. Commandez d\u00e8s maintenant pour vous procurer ce concentr\u00e9 de haute technologie tant que nos prix de lancement \u00e0 dur\u00e9e limit\u00e9e et notre offre d'exp\u00e9dition rapide durent.<\/p>","protected":false},"featured_media":17169,"comment_status":"open","ping_status":"closed","template":"","meta":[],"product_brand":[57],"product_cat":[309,16],"product_tag":[],"class_list":{"0":"post-16994","1":"product","2":"type-product","3":"status-publish","4":"has-post-thumbnail","6":"product_brand-bang","7":"product_cat-36k-puffs","8":"product_cat-uncategorized","10":"first","11":"instock","12":"sale","13":"shipping-taxable","14":"purchasable","15":"product-type-variable"},"yoast_head":"<!-- This site is optimized with the Yoast SEO plugin v27.4 - https:\/\/yoast.com\/product\/yoast-seo-wordpress\/ -->\n<title>Bang 36000 Power 36K Puffs Disposable Vape - Vapemaison<\/title>\n<meta name=\"description\" content=\"Enjoy Bang 36000 Power Vape,Features advanced power regulation, 20 flavors, and customizable nicotine options for a premium experience.\" \/>\n<meta name=\"robots\" content=\"index, follow, max-snippet:-1, max-image-preview:large, max-video-preview:-1\" \/>\n<link rel=\"canonical\" href=\"https:\/\/vapemaison.com\/fr\/produit\/bang-36000-power-36k-puffs-disposable-vape\/\" \/>\n<meta property=\"og:locale\" content=\"fr_FR\" \/>\n<meta property=\"og:type\" content=\"article\" \/>\n<meta property=\"og:title\" content=\"Bang 36000 Power 36K Puffs Disposable Vape - Vapemaison\" \/>\n<meta property=\"og:description\" content=\"Enjoy Bang 36000 Power Vape,Features advanced power regulation, 20 flavors, and customizable nicotine options for a premium experience.\" \/>\n<meta property=\"og:url\" content=\"https:\/\/vapemaison.com\/fr\/produit\/bang-36000-power-36k-puffs-disposable-vape\/\" \/>\n<meta property=\"og:site_name\" content=\"VapeMaison\" \/>\n<meta property=\"article:modified_time\" content=\"2025-12-22T09:26:02+00:00\" \/>\n<meta property=\"og:image\" content=\"https:\/\/vapemaison.com\/wp-content\/uploads\/2025\/12\/vape-bang-36000-power-puffs-strawberry-mango.jpg.webp\" \/>\n\t<meta property=\"og:image:width\" content=\"1000\" \/>\n\t<meta property=\"og:image:height\" content=\"1000\" \/>\n\t<meta property=\"og:image:type\" content=\"image\/webp\" \/>\n<meta name=\"twitter:card\" content=\"summary_large_image\" \/>\n<meta name=\"twitter:label1\" content=\"Dur\u00e9e de lecture estim\u00e9e\" \/>\n\t<meta name=\"twitter:data1\" content=\"3 minutes\" \/>\n<!-- \/ Yoast SEO plugin. -->","yoast_head_json":{"title":"Bang 36000 Power 36K Puffs Vape jetable - Vapemaison","description":"Enjoy Bang 36000 Power Vape, dot\u00e9 d'une r\u00e9gulation avanc\u00e9e de la puissance, de 20 ar\u00f4mes et d'options de nicotine personnalisables pour une exp\u00e9rience haut de gamme.","robots":{"index":"index","follow":"follow","max-snippet":"max-snippet:-1","max-image-preview":"max-image-preview:large","max-video-preview":"max-video-preview:-1"},"canonical":"https:\/\/vapemaison.com\/fr\/produit\/bang-36000-power-36k-puffs-disposable-vape\/","og_locale":"fr_FR","og_type":"article","og_title":"Bang 36000 Power 36K Puffs Disposable Vape - Vapemaison","og_description":"Enjoy Bang 36000 Power Vape,Features advanced power regulation, 20 flavors, and customizable nicotine options for a premium experience.","og_url":"https:\/\/vapemaison.com\/fr\/produit\/bang-36000-power-36k-puffs-disposable-vape\/","og_site_name":"VapeMaison","article_modified_time":"2025-12-22T09:26:02+00:00","og_image":[{"width":1000,"height":1000,"url":"https:\/\/vapemaison.com\/wp-content\/uploads\/2025\/12\/vape-bang-36000-power-puffs-strawberry-mango.jpg.webp","type":"image\/webp"}],"twitter_card":"summary_large_image","twitter_misc":{"Dur\u00e9e de lecture estim\u00e9e":"3 minutes"},"schema":{"@context":"https:\/\/schema.org","@graph":[{"@type":"WebPage","@id":"https:\/\/vapemaison.com\/product\/bang-36000-power-36k-puffs-disposable-vape\/","url":"https:\/\/vapemaison.com\/product\/bang-36000-power-36k-puffs-disposable-vape\/","name":"Bang 36000 Power 36K Puffs Vape jetable - Vapemaison","isPartOf":{"@id":"https:\/\/vapemaison.com\/#website"},"primaryImageOfPage":{"@id":"https:\/\/vapemaison.com\/product\/bang-36000-power-36k-puffs-disposable-vape\/#primaryimage"},"image":{"@id":"https:\/\/vapemaison.com\/product\/bang-36000-power-36k-puffs-disposable-vape\/#primaryimage"},"thumbnailUrl":"https:\/\/vapemaison.com\/wp-content\/uploads\/2025\/12\/vape-bang-36000-power-puffs-strawberry-mango.jpg.webp","datePublished":"2025-12-11T07:39:23+00:00","dateModified":"2025-12-22T09:26:02+00:00","description":"Enjoy Bang 36000 Power Vape, dot\u00e9 d'une r\u00e9gulation avanc\u00e9e de la puissance, de 20 ar\u00f4mes et d'options de nicotine personnalisables pour une exp\u00e9rience haut de gamme.","breadcrumb":{"@id":"https:\/\/vapemaison.com\/product\/bang-36000-power-36k-puffs-disposable-vape\/#breadcrumb"},"inLanguage":"fr-FR","potentialAction":[{"@type":"ReadAction","target":["https:\/\/vapemaison.com\/product\/bang-36000-power-36k-puffs-disposable-vape\/"]}]},{"@type":"ImageObject","inLanguage":"fr-FR","@id":"https:\/\/vapemaison.com\/product\/bang-36000-power-36k-puffs-disposable-vape\/#primaryimage","url":"https:\/\/vapemaison.com\/wp-content\/uploads\/2025\/12\/vape-bang-36000-power-puffs-strawberry-mango.jpg.webp","contentUrl":"https:\/\/vapemaison.com\/wp-content\/uploads\/2025\/12\/vape-bang-36000-power-puffs-strawberry-mango.jpg.webp","width":1000,"height":1000,"caption":"Vape Bang Power Puffs Strawberry Mango.jpg"},{"@type":"BreadcrumbList","@id":"https:\/\/vapemaison.com\/product\/bang-36000-power-36k-puffs-disposable-vape\/#breadcrumb","itemListElement":[{"@type":"ListItem","position":1,"name":"\u9996\u9875","item":"https:\/\/vapemaison.com\/"},{"@type":"ListItem","position":2,"name":"Shop","item":"https:\/\/vapemaison.com\/shop\/"},{"@type":"ListItem","position":3,"name":"Bang","item":"https:\/\/vapemaison.com\/brand\/bang\/"},{"@type":"ListItem","position":4,"name":"Bang 36000 Power Advanced 36K Puffs Disposable Vape"}]},{"@type":"WebSite","@id":"https:\/\/vapemaison.com\/#website","url":"https:\/\/vapemaison.com\/","name":"VapeMaison","description":"Appareils et accessoires de vapotage haut de gamme","publisher":{"@id":"https:\/\/vapemaison.com\/#organization"},"potentialAction":[{"@type":"SearchAction","target":{"@type":"EntryPoint","urlTemplate":"https:\/\/vapemaison.com\/?s={search_term_string}"},"query-input":{"@type":"PropertyValueSpecification","valueRequired":true,"valueName":"search_term_string"}}],"inLanguage":"fr-FR"},{"@type":"Organization","@id":"https:\/\/vapemaison.com\/#organization","name":"VapeMaison","url":"https:\/\/vapemaison.com\/","logo":{"@type":"ImageObject","inLanguage":"fr-FR","@id":"https:\/\/vapemaison.com\/#\/schema\/logo\/image\/","url":"https:\/\/vapemaison.com\/wp-content\/uploads\/2026\/01\/cropped-vapemaison-logo-g-2026.webp","contentUrl":"https:\/\/vapemaison.com\/wp-content\/uploads\/2026\/01\/cropped-vapemaison-logo-g-2026.webp","width":350,"height":280,"caption":"VapeMaison"},"image":{"@id":"https:\/\/vapemaison.com\/#\/schema\/logo\/image\/"},"sameAs":["https:\/\/www.youtube.com\/@VapeMaison"]}]}},"tiered_pricing_type":"fixed","tiered_pricing_fixed_rules":{"30":"8.99","50":"8.36","100":"7.99","200":"7.24"},"tiered_pricing_product_settings":{"layout":"default","base_unit_name":{"singular":null,"plural":null},"default_variation":null},"tiered_pricing_minimum_quantity":10,"tiered_pricing_roles_data":[],"tiered_pricing_percentage_rules":[],"tiered_pricing_maximum_quantity":null,"tiered_pricing_quantity_step":"10","_links":{"self":[{"href":"https:\/\/vapemaison.com\/fr\/wp-json\/wp\/v2\/product\/16994","targetHints":{"allow":["GET"]}}],"collection":[{"href":"https:\/\/vapemaison.com\/fr\/wp-json\/wp\/v2\/product"}],"about":[{"href":"https:\/\/vapemaison.com\/fr\/wp-json\/wp\/v2\/types\/product"}],"replies":[{"embeddable":true,"href":"https:\/\/vapemaison.com\/fr\/wp-json\/wp\/v2\/comments?post=16994"}],"version-history":[{"count":0,"href":"https:\/\/vapemaison.com\/fr\/wp-json\/wp\/v2\/product\/16994\/revisions"}],"wp:featuredmedia":[{"embeddable":true,"href":"https:\/\/vapemaison.com\/fr\/wp-json\/wp\/v2\/media\/17169"}],"wp:attachment":[{"href":"https:\/\/vapemaison.com\/fr\/wp-json\/wp\/v2\/media?parent=16994"}],"wp:term":[{"taxonomy":"product_brand","embeddable":true,"href":"https:\/\/vapemaison.com\/fr\/wp-json\/wp\/v2\/product_brand?post=16994"},{"taxonomy":"product_cat","embeddable":true,"href":"https:\/\/vapemaison.com\/fr\/wp-json\/wp\/v2\/product_cat?post=16994"},{"taxonomy":"product_tag","embeddable":true,"href":"https:\/\/vapemaison.com\/fr\/wp-json\/wp\/v2\/product_tag?post=16994"}],"curies":[{"name":"wp","href":"https:\/\/api.w.org\/{rel}","templated":true}]}}