

{"id":17213,"date":"2025-12-12T03:02:05","date_gmt":"2025-12-12T03:02:05","guid":{"rendered":"https:\/\/vapemaison.com\/?post_type=product&#038;p=17213"},"modified":"2025-12-22T09:25:37","modified_gmt":"2025-12-22T09:25:37","slug":"bang-beach-20k-puff-vape-pod","status":"publish","type":"product","link":"https:\/\/vapemaison.com\/fr\/product\/bang-beach-20k-puff-vape-pod\/","title":{"rendered":"Bang Beach 20K Puff 0% 2% 3% 5%Nicotine"},"content":{"rendered":"<p><strong>Bang Beach 20k Puff LED Display Vape Pod - Premium Disposable Vaping Experience<\/strong><\/p>\n\n\n\n<p>Le <strong>Bang Beach 20k Puff Vape Pod<\/strong> est con\u00e7u pour une exp\u00e9rience de vapotage ultime, offrant des performances et une commodit\u00e9 in\u00e9gal\u00e9es. Avec un impressionnant <strong>20k houppette<\/strong> par appareil, cette vape jetable de grande capacit\u00e9 garantit un plaisir prolong\u00e9, ce qui en fait un choix parfait pour les vapoteurs occasionnels comme pour les plus exp\u00e9riment\u00e9s.<\/p>\n\n\n\n<h3 class=\"wp-block-heading\"><strong>Caract\u00e9ristiques principales<\/strong><\/h3>\n\n\n\n<ul class=\"wp-block-list\">\n<li><strong>Utilisation prolong\u00e9e et commodit\u00e9<\/strong>: \u00c9quip\u00e9 d'un <strong>Cartouche d'e-liquide pr\u00e9-remplie de 35ml<\/strong>, Le Bang Beach offre une dur\u00e9e de vaporisation importante, ce qui \u00e9limine le besoin de recharges fr\u00e9quentes.<\/li>\n\n\n\n<li><strong>Intensit\u00e9 de la nicotine personnalisable<\/strong>: Disponible en quatre niveaux de nicotine<strong>0%, 2%, 3% et 5%<\/strong>-Le Bang Beach r\u00e9pond \u00e0 un large \u00e9ventail de pr\u00e9f\u00e9rences, permettant aux utilisateurs d'adapter leur exp\u00e9rience en fonction de leur tol\u00e9rance \u00e0 la nicotine.<\/li>\n\n\n\n<li><strong>Batterie haute puissance<\/strong>: Aliment\u00e9 par un <strong>Batterie rechargeable de 650mAh<\/strong>, Le dispositif garantit des performances constantes et fiables. Les <strong>Port de type C<\/strong> permet une recharge rapide et efficace, minimisant les temps d'arr\u00eat et am\u00e9liorant le confort de l'utilisateur.<\/li>\n\n\n\n<li><strong>Technologie de la bobine en maille<\/strong>: Avec un <strong>Bobine de 1,0 maille<\/strong> et <strong>d\u00e9bit d'air r\u00e9glable<\/strong>, Gr\u00e2ce \u00e0 cette technologie, le Bang Beach d\u00e9livre une vapeur douce et riche, personnalisable en fonction du style de production de vapeur que vous pr\u00e9f\u00e9rez. Cette technologie garantit que chaque bouff\u00e9e est satisfaisante et pleine de saveur.<\/li>\n\n\n\n<li><strong>Affichage LED<\/strong>: Le syst\u00e8me int\u00e9gr\u00e9 <strong>Affichage LED<\/strong> fournit des mises \u00e0 jour en temps r\u00e9el sur les <strong>autonomie de la batterie<\/strong> et <strong>niveaux d'e-liquide<\/strong>, Les utilisateurs sont ainsi toujours inform\u00e9s et ne sont jamais pris au d\u00e9pourvu par un appareil \u00e9puis\u00e9.<\/li>\n<\/ul>\n\n\n\n<h3 class=\"wp-block-heading\"><strong>S\u00e9lection d'ar\u00f4mes<\/strong><\/h3>\n\n\n\n<p>La plage de Bang Beach offre une gamme vari\u00e9e de <strong>12 saveurs d\u00e9lectables<\/strong>, Les produits de la gamme \"Vapeur\" sont soigneusement \u00e9labor\u00e9s pour offrir une exp\u00e9rience de vapotage unique et agr\u00e9able. Des m\u00e9langes fruit\u00e9s sucr\u00e9s aux notes glac\u00e9es rafra\u00eechissantes, il y a de quoi satisfaire tous les palais :<\/p>\n\n\n\n<ul class=\"wp-block-list\">\n<li>Glace Blue Razz<\/li>\n\n\n\n<li>Myrtille Framboise<\/li>\n\n\n\n<li>Glace de raisin<\/li>\n\n\n\n<li>P\u00eache Mangue<\/li>\n\n\n\n<li>Baies m\u00e9lang\u00e9es<\/li>\n\n\n\n<li>Limonade rose<\/li>\n\n\n\n<li>Past\u00e8que \u00e0 la fraise<\/li>\n\n\n\n<li>Glace \u00e0 la past\u00e8que<\/li>\n\n\n\n<li>Glace \u00e0 la fraise<\/li>\n\n\n\n<li>Glace aux trois baies<\/li>\n\n\n\n<li>Glace \u00e0 la p\u00eache<\/li>\n\n\n\n<li>Pomme acide<\/li>\n<\/ul>\n\n\n\n<h3 class=\"wp-block-heading\"><strong>Sp\u00e9cifications<\/strong><\/h3>\n\n\n\n<ul class=\"wp-block-list\">\n<li><strong>Puffs<\/strong>: Jusqu'\u00e0 <strong>20k houppette<\/strong><\/li>\n\n\n\n<li><strong>Capacit\u00e9 en e-liquide<\/strong>: <strong>35ml pr\u00e9-rempli<\/strong><\/li>\n\n\n\n<li><strong>Intensit\u00e9 de la nicotine<\/strong>: <strong>0%, 2%, 3%, 5%<\/strong><\/li>\n\n\n\n<li><strong>Batterie<\/strong>: <strong>650mAh<\/strong> (Rechargeable via <strong>Port de type C<\/strong>)<\/li>\n\n\n\n<li><strong>Bobine<\/strong>: <strong>Bobine de 1,0 maille<\/strong> avec <strong>d\u00e9bit d'air r\u00e9glable<\/strong><\/li>\n\n\n\n<li><strong>Saveurs disponibles<\/strong>: 12 saveurs uniques<\/li>\n\n\n\n<li><strong>Type<\/strong>: <strong>Jetable<\/strong><\/li>\n<\/ul>\n\n\n\n<h3 class=\"wp-block-heading\"><strong>Conclusion<\/strong><\/h3>\n\n\n\n<p>Le <strong>Bang Beach 20k Puff LED Display Vape Pod<\/strong> combine performance, commodit\u00e9 et saveur dans un design \u00e9l\u00e9gant et ergonomique. Que vous soyez un novice ou un vapoteur chevronn\u00e9, ses fonctions conviviales et sa grande capacit\u00e9 en font le choix id\u00e9al pour un vapotage durable et agr\u00e9able. Avec des niveaux de nicotine personnalisables, une batterie fiable et une vari\u00e9t\u00e9 de saveurs d\u00e9licieuses, le Bang Beach est votre choix pour une exp\u00e9rience de vapotage de haut niveau.<\/p>\n\n\n\n<p><strong>Vous cherchez d'autres options de vapotage haut de gamme ? Visitez notre <a href=\"https:\/\/vapemaison.com\">page d'accueil<\/a> pour d\u00e9couvrir les derni\u00e8res nouveaut\u00e9s, parcourez la collection compl\u00e8te dans notre rubrique <a href=\"https:\/\/vapemaison.com\/shop\">boutique<\/a>, ou d'explorer d'autres appareils \u00e0 partir de l'application <a href=\"https:\/\/vapemaison.com\/brand\/bang\">Marque Bang<\/a>. Vous pourriez \u00e9galement appr\u00e9cier les produits jetables de grande capacit\u00e9 de <a href=\"https:\/\/vapemaison.com\/brand\/jnr\/\">JNR VAPE<\/a> ou consultez tous nos <a href=\"https:\/\/vapemaison.com\/product-category\/puffs-count\/\">Appareils \u00e0 houppette<\/a> pour une satisfaction durable.<\/strong><\/p>","protected":false},"excerpt":{"rendered":"<p>Profitez de 20 000 bouff\u00e9es et d'un \u00e9norme r\u00e9servoir de 35 ml, aliment\u00e9 par la technologie mesh coil et le flux d'air r\u00e9glable pour une pr\u00e9cision ultime des ar\u00f4mes. Gardez le contr\u00f4le gr\u00e2ce \u00e0 la batterie LED int\u00e9gr\u00e9e et \u00e0 l'affichage de l'huile. Choisissez d\u00e8s aujourd'hui parmi 12 saveurs de qualit\u00e9 sup\u00e9rieure pour obtenir votre taux de nicotine pr\u00e9f\u00e9r\u00e9 tant que le stock est disponible et que l'exp\u00e9dition prioritaire est possible.<\/p>","protected":false},"featured_media":17214,"comment_status":"open","ping_status":"closed","template":"","meta":[],"product_brand":[57],"product_cat":[133],"product_tag":[],"class_list":{"0":"post-17213","1":"product","2":"type-product","3":"status-publish","4":"has-post-thumbnail","6":"product_brand-bang","7":"product_cat-20k-puffs","9":"first","10":"instock","11":"sale","12":"shipping-taxable","13":"purchasable","14":"product-type-variable"},"yoast_head":"<!-- This site is optimized with the Yoast SEO plugin v27.4 - https:\/\/yoast.com\/product\/yoast-seo-wordpress\/ -->\n<title>Bang Beach 20k Puff Vape Pod \u2013 Flavorful Disposable Vape<\/title>\n<meta name=\"description\" content=\"Enjoy up to 20k puff with the Bang Beach Vape Pod. Choose from 12 delicious flavors for a smooth, satisfying vaping experience.\" \/>\n<meta name=\"robots\" content=\"index, follow, max-snippet:-1, max-image-preview:large, max-video-preview:-1\" \/>\n<link rel=\"canonical\" href=\"https:\/\/vapemaison.com\/fr\/produit\/bang-beach-20k-puff-vape-pod\/\" \/>\n<meta property=\"og:locale\" content=\"fr_FR\" \/>\n<meta property=\"og:type\" content=\"article\" \/>\n<meta property=\"og:title\" content=\"Bang Beach 20k Puff Vape Pod \u2013 Flavorful Disposable Vape\" \/>\n<meta property=\"og:description\" content=\"Enjoy up to 20k puff with the Bang Beach Vape Pod. Choose from 12 delicious flavors for a smooth, satisfying vaping experience.\" \/>\n<meta property=\"og:url\" content=\"https:\/\/vapemaison.com\/fr\/produit\/bang-beach-20k-puff-vape-pod\/\" \/>\n<meta property=\"og:site_name\" content=\"VapeMaison\" \/>\n<meta property=\"article:modified_time\" content=\"2025-12-22T09:25:37+00:00\" \/>\n<meta property=\"og:image\" content=\"https:\/\/vapemaison.com\/wp-content\/uploads\/2025\/12\/vape-bang-beach-20000-Puffs-bang-beach.jpg.webp\" \/>\n\t<meta property=\"og:image:width\" content=\"1000\" \/>\n\t<meta property=\"og:image:height\" content=\"1000\" \/>\n\t<meta property=\"og:image:type\" content=\"image\/webp\" \/>\n<meta name=\"twitter:card\" content=\"summary_large_image\" \/>\n<meta name=\"twitter:label1\" content=\"Dur\u00e9e de lecture estim\u00e9e\" \/>\n\t<meta name=\"twitter:data1\" content=\"3 minutes\" \/>\n<!-- \/ Yoast SEO plugin. -->","yoast_head_json":{"title":"Bang Beach 20k Puff Vape Pod - Vape jetable savoureuse","description":"Appr\u00e9ciez jusqu'\u00e0 20 000 bouff\u00e9es avec le Bang Beach Vape Pod. Choisissez parmi 12 saveurs d\u00e9licieuses pour une exp\u00e9rience de vapotage douce et satisfaisante.","robots":{"index":"index","follow":"follow","max-snippet":"max-snippet:-1","max-image-preview":"max-image-preview:large","max-video-preview":"max-video-preview:-1"},"canonical":"https:\/\/vapemaison.com\/fr\/produit\/bang-beach-20k-puff-vape-pod\/","og_locale":"fr_FR","og_type":"article","og_title":"Bang Beach 20k Puff Vape Pod \u2013 Flavorful Disposable Vape","og_description":"Enjoy up to 20k puff with the Bang Beach Vape Pod. Choose from 12 delicious flavors for a smooth, satisfying vaping experience.","og_url":"https:\/\/vapemaison.com\/fr\/produit\/bang-beach-20k-puff-vape-pod\/","og_site_name":"VapeMaison","article_modified_time":"2025-12-22T09:25:37+00:00","og_image":[{"width":1000,"height":1000,"url":"https:\/\/vapemaison.com\/wp-content\/uploads\/2025\/12\/vape-bang-beach-20000-Puffs-bang-beach.jpg.webp","type":"image\/webp"}],"twitter_card":"summary_large_image","twitter_misc":{"Dur\u00e9e de lecture estim\u00e9e":"3 minutes"},"schema":{"@context":"https:\/\/schema.org","@graph":[{"@type":"WebPage","@id":"https:\/\/vapemaison.com\/product\/bang-beach-20k-puff-vape-pod\/","url":"https:\/\/vapemaison.com\/product\/bang-beach-20k-puff-vape-pod\/","name":"Bang Beach 20k Puff Vape Pod - Vape jetable savoureuse","isPartOf":{"@id":"https:\/\/vapemaison.com\/#website"},"primaryImageOfPage":{"@id":"https:\/\/vapemaison.com\/product\/bang-beach-20k-puff-vape-pod\/#primaryimage"},"image":{"@id":"https:\/\/vapemaison.com\/product\/bang-beach-20k-puff-vape-pod\/#primaryimage"},"thumbnailUrl":"https:\/\/vapemaison.com\/wp-content\/uploads\/2025\/12\/vape-bang-beach-20000-Puffs-bang-beach.jpg.webp","datePublished":"2025-12-12T03:02:05+00:00","dateModified":"2025-12-22T09:25:37+00:00","description":"Appr\u00e9ciez jusqu'\u00e0 20 000 bouff\u00e9es avec le Bang Beach Vape Pod. Choisissez parmi 12 saveurs d\u00e9licieuses pour une exp\u00e9rience de vapotage douce et satisfaisante.","breadcrumb":{"@id":"https:\/\/vapemaison.com\/product\/bang-beach-20k-puff-vape-pod\/#breadcrumb"},"inLanguage":"fr-FR","potentialAction":[{"@type":"ReadAction","target":["https:\/\/vapemaison.com\/product\/bang-beach-20k-puff-vape-pod\/"]}]},{"@type":"ImageObject","inLanguage":"fr-FR","@id":"https:\/\/vapemaison.com\/product\/bang-beach-20k-puff-vape-pod\/#primaryimage","url":"https:\/\/vapemaison.com\/wp-content\/uploads\/2025\/12\/vape-bang-beach-20000-Puffs-bang-beach.jpg.webp","contentUrl":"https:\/\/vapemaison.com\/wp-content\/uploads\/2025\/12\/vape-bang-beach-20000-Puffs-bang-beach.jpg.webp","width":1000,"height":1000,"caption":"Vape Bang Beach Puffs Beach.jpg"},{"@type":"BreadcrumbList","@id":"https:\/\/vapemaison.com\/product\/bang-beach-20k-puff-vape-pod\/#breadcrumb","itemListElement":[{"@type":"ListItem","position":1,"name":"\u9996\u9875","item":"https:\/\/vapemaison.com\/"},{"@type":"ListItem","position":2,"name":"Shop","item":"https:\/\/vapemaison.com\/shop\/"},{"@type":"ListItem","position":3,"name":"Bang","item":"https:\/\/vapemaison.com\/brand\/bang\/"},{"@type":"ListItem","position":4,"name":"Bang Beach 20K Puff 0% 2% 3% 5%Nicotine"}]},{"@type":"WebSite","@id":"https:\/\/vapemaison.com\/#website","url":"https:\/\/vapemaison.com\/","name":"VapeMaison","description":"Appareils et accessoires de vapotage haut de gamme","publisher":{"@id":"https:\/\/vapemaison.com\/#organization"},"potentialAction":[{"@type":"SearchAction","target":{"@type":"EntryPoint","urlTemplate":"https:\/\/vapemaison.com\/?s={search_term_string}"},"query-input":{"@type":"PropertyValueSpecification","valueRequired":true,"valueName":"search_term_string"}}],"inLanguage":"fr-FR"},{"@type":"Organization","@id":"https:\/\/vapemaison.com\/#organization","name":"VapeMaison","url":"https:\/\/vapemaison.com\/","logo":{"@type":"ImageObject","inLanguage":"fr-FR","@id":"https:\/\/vapemaison.com\/#\/schema\/logo\/image\/","url":"https:\/\/vapemaison.com\/wp-content\/uploads\/2026\/01\/cropped-vapemaison-logo-g-2026.webp","contentUrl":"https:\/\/vapemaison.com\/wp-content\/uploads\/2026\/01\/cropped-vapemaison-logo-g-2026.webp","width":350,"height":280,"caption":"VapeMaison"},"image":{"@id":"https:\/\/vapemaison.com\/#\/schema\/logo\/image\/"},"sameAs":["https:\/\/www.youtube.com\/@VapeMaison"]}]}},"tiered_pricing_type":"fixed","tiered_pricing_fixed_rules":{"30":"9.45","50":"8.99","100":"8.36","200":"7.62"},"tiered_pricing_product_settings":{"layout":"default","base_unit_name":{"singular":null,"plural":null},"default_variation":null},"tiered_pricing_minimum_quantity":10,"tiered_pricing_roles_data":[],"tiered_pricing_percentage_rules":[],"tiered_pricing_maximum_quantity":null,"tiered_pricing_quantity_step":"10","_links":{"self":[{"href":"https:\/\/vapemaison.com\/fr\/wp-json\/wp\/v2\/product\/17213","targetHints":{"allow":["GET"]}}],"collection":[{"href":"https:\/\/vapemaison.com\/fr\/wp-json\/wp\/v2\/product"}],"about":[{"href":"https:\/\/vapemaison.com\/fr\/wp-json\/wp\/v2\/types\/product"}],"replies":[{"embeddable":true,"href":"https:\/\/vapemaison.com\/fr\/wp-json\/wp\/v2\/comments?post=17213"}],"version-history":[{"count":0,"href":"https:\/\/vapemaison.com\/fr\/wp-json\/wp\/v2\/product\/17213\/revisions"}],"wp:featuredmedia":[{"embeddable":true,"href":"https:\/\/vapemaison.com\/fr\/wp-json\/wp\/v2\/media\/17214"}],"wp:attachment":[{"href":"https:\/\/vapemaison.com\/fr\/wp-json\/wp\/v2\/media?parent=17213"}],"wp:term":[{"taxonomy":"product_brand","embeddable":true,"href":"https:\/\/vapemaison.com\/fr\/wp-json\/wp\/v2\/product_brand?post=17213"},{"taxonomy":"product_cat","embeddable":true,"href":"https:\/\/vapemaison.com\/fr\/wp-json\/wp\/v2\/product_cat?post=17213"},{"taxonomy":"product_tag","embeddable":true,"href":"https:\/\/vapemaison.com\/fr\/wp-json\/wp\/v2\/product_tag?post=17213"}],"curies":[{"name":"wp","href":"https:\/\/api.w.org\/{rel}","templated":true}]}}