

{"id":17293,"date":"2025-12-12T03:46:36","date_gmt":"2025-12-12T03:46:36","guid":{"rendered":"https:\/\/vapemaison.com\/?post_type=product&#038;p=17293"},"modified":"2025-12-22T09:23:53","modified_gmt":"2025-12-22T09:23:53","slug":"bang-crown-bar-18000-puffs-jetable-vape","status":"publish","type":"product","link":"https:\/\/vapemaison.com\/fr\/product\/bang-crown-bar-18000-puffs-disposable-vape\/","title":{"rendered":"Bang Crown Bar 18000 bouff\u00e9es 0% 2% 3% 5% Nicotine Vape jetable"},"content":{"rendered":"<p>Le <strong>Bang Crown Bar 18000 bouff\u00e9es<\/strong> Le stylo \u00e0 usage unique offre jusqu'\u00e0 <strong>18 000 bouff\u00e9es<\/strong> pour une exp\u00e9rience de vapotage prolong\u00e9e et satisfaisante. Il est dot\u00e9 d'un <strong>Cartouche d'e-liquide pr\u00e9-remplie de 20ml<\/strong> et un <strong>Batterie rechargeable de 650mAh<\/strong> avec chargeur Type-C pour plus de commodit\u00e9. Personnalisez votre exp\u00e9rience avec des taux de nicotine de <strong>0%, 2%, 3% et 5% Sel de nicotine<\/strong>, et profitez d'une vapeur douce et savoureuse gr\u00e2ce au <strong>Bobine de 0,6ohm<\/strong> et <strong>d\u00e9bit d'air r\u00e9glable<\/strong>. Avec <strong>16 saveurs uniques<\/strong>, Le Bang CrownBar a de quoi satisfaire tous les palais.<\/p>\n\n\n\n<h3 class=\"wp-block-heading\"><strong>Caract\u00e9ristiques principales<\/strong><\/h3>\n\n\n\n<ul class=\"wp-block-list\">\n<li><strong>Puffs<\/strong>: Jusqu'\u00e0 <strong>18 000 bouff\u00e9es<\/strong><\/li>\n\n\n\n<li><strong>Capacit\u00e9 en e-liquide<\/strong>: <strong>20ml pr\u00e9-rempli<\/strong><\/li>\n\n\n\n<li><strong>Options de la nicotine<\/strong>: <strong>0%, 2%, 3%, 5% Sel de nicotine<\/strong><\/li>\n\n\n\n<li><strong>Batterie<\/strong>: <strong>650mAh<\/strong> rechargeable, port Type-C<\/li>\n\n\n\n<li><strong>Bobine<\/strong>: <strong>Bobine de 0,6ohm<\/strong> avec <strong>d\u00e9bit d'air r\u00e9glable<\/strong><\/li>\n\n\n\n<li><strong>Saveurs<\/strong>: <strong>16 options diverses<\/strong><\/li>\n<\/ul>\n\n\n\n<h3 class=\"wp-block-heading\">Bang Crown Bar <strong>Liste des ar\u00f4mes<\/strong><\/h3>\n\n\n\n<ul class=\"wp-block-list\">\n<li>P\u00eache Mangue<\/li>\n\n\n\n<li>Pomme acide<\/li>\n\n\n\n<li>Raisin<\/li>\n\n\n\n<li>Sang de tigre<\/li>\n\n\n\n<li>Myrtille Framboise<\/li>\n\n\n\n<li>Raisins aux myrtilles<\/li>\n\n\n\n<li>M\u00e9lange de fruits<\/li>\n\n\n\n<li>Past\u00e8que \u00e0 la fraise<\/li>\n\n\n\n<li>Fraise Kiwi<\/li>\n\n\n\n<li>Fraise Mangue<\/li>\n\n\n\n<li>Ananas noix de coco<\/li>\n\n\n\n<li>Glace \u00e0 la menthe<\/li>\n\n\n\n<li>Past\u00e8que<\/li>\n\n\n\n<li>Glace aux myrtilles<\/li>\n\n\n\n<li>Glace \u00e0 la p\u00eache<\/li>\n\n\n\n<li>Gomme \u00e0 m\u00e2cher \u00e0 la past\u00e8que<\/li>\n<\/ul>\n\n\n\n<p>Vous cherchez d'autres options de vapotage haut de gamme ? Visitez notre <a href=\"https:\/\/vapemaison.com\">page d'accueil<\/a> pour d\u00e9couvrir les derni\u00e8res nouveaut\u00e9s, parcourez la collection compl\u00e8te dans notre rubrique <a href=\"https:\/\/vapemaison.com\/shop\">boutique<\/a>, ou d'explorer d'autres appareils \u00e0 partir de l'application <a href=\"https:\/\/vapemaison.com\/brand\/bang\">Marque Bang<\/a>. Vous pourriez \u00e9galement appr\u00e9cier les produits jetables de grande capacit\u00e9 de <a href=\"https:\/\/vapemaison.com\/brand\/jnr\/\">JNR VAPE<\/a> ou consultez tous nos <a href=\"https:\/\/vapemaison.com\/product-category\/puffs-count\/\">Appareils \u00e0 houppette<\/a> pour une satisfaction durable.<\/p>\n\n\n\n<p><\/p>","protected":false},"excerpt":{"rendered":"<p><span class=\"\">Exp\u00e9rience 18,<\/span><span class=\"\">000 bouff\u00e9es de qualit\u00e9 sup\u00e9rieure avec une teneur en eau de 0.<\/span>La bobine 6ohm et le flux d'air r\u00e9glable sont con\u00e7us pour un contr\u00f4le ultime de la saveur et une vapeur douce. Avec 20 ml d'e-liquide et un port Type-C \u00e0 chargement rapide, cet appareil est con\u00e7u pour une endurance maximale. Commandez le v\u00f4tre d\u00e8s aujourd'hui pour obtenir votre saveur pr\u00e9f\u00e9r\u00e9e et profiter de notre garantie de livraison rapide.<\/p>","protected":false},"featured_media":17298,"comment_status":"open","ping_status":"closed","template":"","meta":[],"product_brand":[57],"product_cat":[175],"product_tag":[],"class_list":{"0":"post-17293","1":"product","2":"type-product","3":"status-publish","4":"has-post-thumbnail","6":"product_brand-bang","7":"product_cat-18k-puffs","9":"first","10":"instock","11":"sale","12":"shipping-taxable","13":"purchasable","14":"product-type-variable"},"yoast_head":"<!-- This site is optimized with the Yoast SEO plugin v27.4 - https:\/\/yoast.com\/product\/yoast-seo-wordpress\/ -->\n<title>Bang Crown Bar 18000 Puffs Disposable Vape Flavorful Vaping - VapeMaison<\/title>\n<meta name=\"description\" content=\"Enjoy 18000 puffs with the Bang Crown Bar Vape,and 16 flavors. Customize your nicotine level and vape longer with its rechargeable battery.\" \/>\n<meta name=\"robots\" content=\"index, follow, max-snippet:-1, max-image-preview:large, max-video-preview:-1\" \/>\n<link rel=\"canonical\" href=\"https:\/\/vapemaison.com\/fr\/produit\/bang-crown-bar-18000-puffs-jetable-vape\/\" \/>\n<meta property=\"og:locale\" content=\"fr_FR\" \/>\n<meta property=\"og:type\" content=\"article\" \/>\n<meta property=\"og:title\" content=\"Bang Crown Bar 18000 Puffs Disposable Vape Flavorful Vaping - VapeMaison\" \/>\n<meta property=\"og:description\" content=\"Enjoy 18000 puffs with the Bang Crown Bar Vape,and 16 flavors. Customize your nicotine level and vape longer with its rechargeable battery.\" \/>\n<meta property=\"og:url\" content=\"https:\/\/vapemaison.com\/fr\/produit\/bang-crown-bar-18000-puffs-jetable-vape\/\" \/>\n<meta property=\"og:site_name\" content=\"VapeMaison\" \/>\n<meta property=\"article:modified_time\" content=\"2025-12-22T09:23:53+00:00\" \/>\n<meta property=\"og:image\" content=\"https:\/\/vapemaison.com\/wp-content\/uploads\/2025\/12\/vape-bang-crown-bar-18000-puff-5.webp\" \/>\n\t<meta property=\"og:image:width\" content=\"654\" \/>\n\t<meta property=\"og:image:height\" content=\"690\" \/>\n\t<meta property=\"og:image:type\" content=\"image\/webp\" \/>\n<meta name=\"twitter:card\" content=\"summary_large_image\" \/>\n<meta name=\"twitter:label1\" content=\"Dur\u00e9e de lecture estim\u00e9e\" \/>\n\t<meta name=\"twitter:data1\" content=\"2 minutes\" \/>\n<!-- \/ Yoast SEO plugin. -->","yoast_head_json":{"title":"Bang Crown Bar 18000 bouff\u00e9es Vape jetable Vape savoureuse - VapeMaison","description":"Profitez de 18000 bouff\u00e9es avec la Bang Crown Bar Vape, et de 16 saveurs. Personnalisez votre taux de nicotine et vapotez plus longtemps gr\u00e2ce \u00e0 sa batterie rechargeable.","robots":{"index":"index","follow":"follow","max-snippet":"max-snippet:-1","max-image-preview":"max-image-preview:large","max-video-preview":"max-video-preview:-1"},"canonical":"https:\/\/vapemaison.com\/fr\/produit\/bang-crown-bar-18000-puffs-jetable-vape\/","og_locale":"fr_FR","og_type":"article","og_title":"Bang Crown Bar 18000 Puffs Disposable Vape Flavorful Vaping - VapeMaison","og_description":"Enjoy 18000 puffs with the Bang Crown Bar Vape,and 16 flavors. Customize your nicotine level and vape longer with its rechargeable battery.","og_url":"https:\/\/vapemaison.com\/fr\/produit\/bang-crown-bar-18000-puffs-jetable-vape\/","og_site_name":"VapeMaison","article_modified_time":"2025-12-22T09:23:53+00:00","og_image":[{"width":654,"height":690,"url":"https:\/\/vapemaison.com\/wp-content\/uploads\/2025\/12\/vape-bang-crown-bar-18000-puff-5.webp","type":"image\/webp"}],"twitter_card":"summary_large_image","twitter_misc":{"Dur\u00e9e de lecture estim\u00e9e":"2 minutes"},"schema":{"@context":"https:\/\/schema.org","@graph":[{"@type":"WebPage","@id":"https:\/\/vapemaison.com\/product\/bang-crown-bar-18000-puffs-disposable-vape\/","url":"https:\/\/vapemaison.com\/product\/bang-crown-bar-18000-puffs-disposable-vape\/","name":"Bang Crown Bar 18000 bouff\u00e9es Vape jetable Vape savoureuse - VapeMaison","isPartOf":{"@id":"https:\/\/vapemaison.com\/#website"},"primaryImageOfPage":{"@id":"https:\/\/vapemaison.com\/product\/bang-crown-bar-18000-puffs-disposable-vape\/#primaryimage"},"image":{"@id":"https:\/\/vapemaison.com\/product\/bang-crown-bar-18000-puffs-disposable-vape\/#primaryimage"},"thumbnailUrl":"https:\/\/vapemaison.com\/wp-content\/uploads\/2025\/12\/vape-bang-crown-bar-18000-puff-5.webp","datePublished":"2025-12-12T03:46:36+00:00","dateModified":"2025-12-22T09:23:53+00:00","description":"Profitez de 18000 bouff\u00e9es avec la Bang Crown Bar Vape, et de 16 saveurs. Personnalisez votre taux de nicotine et vapotez plus longtemps gr\u00e2ce \u00e0 sa batterie rechargeable.","breadcrumb":{"@id":"https:\/\/vapemaison.com\/product\/bang-crown-bar-18000-puffs-disposable-vape\/#breadcrumb"},"inLanguage":"fr-FR","potentialAction":[{"@type":"ReadAction","target":["https:\/\/vapemaison.com\/product\/bang-crown-bar-18000-puffs-disposable-vape\/"]}]},{"@type":"ImageObject","inLanguage":"fr-FR","@id":"https:\/\/vapemaison.com\/product\/bang-crown-bar-18000-puffs-disposable-vape\/#primaryimage","url":"https:\/\/vapemaison.com\/wp-content\/uploads\/2025\/12\/vape-bang-crown-bar-18000-puff-5.webp","contentUrl":"https:\/\/vapemaison.com\/wp-content\/uploads\/2025\/12\/vape-bang-crown-bar-18000-puff-5.webp","width":654,"height":690,"caption":"Vape Bang Crown Bar Puff detail 2"},{"@type":"BreadcrumbList","@id":"https:\/\/vapemaison.com\/product\/bang-crown-bar-18000-puffs-disposable-vape\/#breadcrumb","itemListElement":[{"@type":"ListItem","position":1,"name":"\u9996\u9875","item":"https:\/\/vapemaison.com\/"},{"@type":"ListItem","position":2,"name":"Shop","item":"https:\/\/vapemaison.com\/shop\/"},{"@type":"ListItem","position":3,"name":"Bang","item":"https:\/\/vapemaison.com\/brand\/bang\/"},{"@type":"ListItem","position":4,"name":"Bang Crown Bar 18000 Puffs 0% 2% 3% 5% Nicotine Disposable Vape"}]},{"@type":"WebSite","@id":"https:\/\/vapemaison.com\/#website","url":"https:\/\/vapemaison.com\/","name":"VapeMaison","description":"Appareils et accessoires de vapotage haut de gamme","publisher":{"@id":"https:\/\/vapemaison.com\/#organization"},"potentialAction":[{"@type":"SearchAction","target":{"@type":"EntryPoint","urlTemplate":"https:\/\/vapemaison.com\/?s={search_term_string}"},"query-input":{"@type":"PropertyValueSpecification","valueRequired":true,"valueName":"search_term_string"}}],"inLanguage":"fr-FR"},{"@type":"Organization","@id":"https:\/\/vapemaison.com\/#organization","name":"VapeMaison","url":"https:\/\/vapemaison.com\/","logo":{"@type":"ImageObject","inLanguage":"fr-FR","@id":"https:\/\/vapemaison.com\/#\/schema\/logo\/image\/","url":"https:\/\/vapemaison.com\/wp-content\/uploads\/2026\/01\/cropped-vapemaison-logo-g-2026.webp","contentUrl":"https:\/\/vapemaison.com\/wp-content\/uploads\/2026\/01\/cropped-vapemaison-logo-g-2026.webp","width":350,"height":280,"caption":"VapeMaison"},"image":{"@id":"https:\/\/vapemaison.com\/#\/schema\/logo\/image\/"},"sameAs":["https:\/\/www.youtube.com\/@VapeMaison"]}]}},"tiered_pricing_type":"fixed","tiered_pricing_fixed_rules":{"30":"7.99","50":"7.36","100":"6.87","200":"9.24"},"tiered_pricing_product_settings":{"layout":"default","base_unit_name":{"singular":null,"plural":null},"default_variation":null},"tiered_pricing_minimum_quantity":10,"tiered_pricing_roles_data":[],"tiered_pricing_percentage_rules":[],"tiered_pricing_maximum_quantity":null,"tiered_pricing_quantity_step":"10","_links":{"self":[{"href":"https:\/\/vapemaison.com\/fr\/wp-json\/wp\/v2\/product\/17293","targetHints":{"allow":["GET"]}}],"collection":[{"href":"https:\/\/vapemaison.com\/fr\/wp-json\/wp\/v2\/product"}],"about":[{"href":"https:\/\/vapemaison.com\/fr\/wp-json\/wp\/v2\/types\/product"}],"replies":[{"embeddable":true,"href":"https:\/\/vapemaison.com\/fr\/wp-json\/wp\/v2\/comments?post=17293"}],"version-history":[{"count":0,"href":"https:\/\/vapemaison.com\/fr\/wp-json\/wp\/v2\/product\/17293\/revisions"}],"wp:featuredmedia":[{"embeddable":true,"href":"https:\/\/vapemaison.com\/fr\/wp-json\/wp\/v2\/media\/17298"}],"wp:attachment":[{"href":"https:\/\/vapemaison.com\/fr\/wp-json\/wp\/v2\/media?parent=17293"}],"wp:term":[{"taxonomy":"product_brand","embeddable":true,"href":"https:\/\/vapemaison.com\/fr\/wp-json\/wp\/v2\/product_brand?post=17293"},{"taxonomy":"product_cat","embeddable":true,"href":"https:\/\/vapemaison.com\/fr\/wp-json\/wp\/v2\/product_cat?post=17293"},{"taxonomy":"product_tag","embeddable":true,"href":"https:\/\/vapemaison.com\/fr\/wp-json\/wp\/v2\/product_tag?post=17293"}],"curies":[{"name":"wp","href":"https:\/\/api.w.org\/{rel}","templated":true}]}}