

{"id":17356,"date":"2025-12-12T05:54:19","date_gmt":"2025-12-12T05:54:19","guid":{"rendered":"https:\/\/vapemaison.com\/?post_type=product&#038;p=17356"},"modified":"2026-02-10T09:20:49","modified_gmt":"2026-02-10T09:20:49","slug":"bang-30000-puffs-double-taste-jetable-vape","status":"publish","type":"product","link":"https:\/\/vapemaison.com\/fr\/product\/bang-30000-puffs-double-taste-disposable-vape\/","title":{"rendered":"Bang 30000 30k Puffs 0%% 3% 5% Ncotine Disposable Vap"},"content":{"rendered":"<p>Le <strong>Bang 30000 Puffs Double Taste Vape jetable<\/strong> offre une exp\u00e9rience de vapotage de qualit\u00e9 sup\u00e9rieure avec jusqu'\u00e0 <strong>30000 bouff\u00e9es<\/strong>. Avec un <strong>Capacit\u00e9 de 36 ml d'e-liquide<\/strong> et un <strong>Bobine de 1.0ohm<\/strong>, Ce dispositif garantit une vapeur douce et homog\u00e8ne avec une saveur am\u00e9lior\u00e9e. Choisissez parmi <strong>0%, 2%, 3% ou 5% nicotine<\/strong> pour une exp\u00e9rience personnalis\u00e9e. Les <strong>Batterie rechargeable de 550mAh<\/strong> et <strong>Chargement de type C<\/strong> fournissent une alimentation efficace et une recharge rapide, minimisant ainsi les temps d'arr\u00eat. Ses <strong>Affichage num\u00e9rique LCD<\/strong> vous informe sur les niveaux de batterie et d'e-liquide, tandis que la fonction <strong>Double go\u00fbt<\/strong> vous permet de passer d'une saveur \u00e0 l'autre, ce qui rend chaque s\u00e9ance unique.<\/p>\n\n\n\n<h3 class=\"wp-block-heading\">Bang 30000 <strong>Caract\u00e9ristiques principales<\/strong><\/h3>\n\n\n\n<ul class=\"wp-block-list\">\n<li><strong>Capacit\u00e9 en e-liquide<\/strong>: <strong>36ml pr\u00e9-rempli<\/strong><\/li>\n\n\n\n<li><strong>Options de la nicotine<\/strong>: <strong>2%, 3%, 5% Nicotine<\/strong><\/li>\n\n\n\n<li><strong>Bobine<\/strong>: <strong>Bobine de 1.0ohm<\/strong> pour une vapeur douce<\/li>\n\n\n\n<li><strong>Batterie<\/strong>: <strong>550mAh rechargeable<\/strong>, Port Type-C<\/li>\n\n\n\n<li><strong>Affichage<\/strong>: <strong>Affichage num\u00e9rique LCD<\/strong> pour conna\u00eetre l'\u00e9tat de la batterie et de l'e-liquide<\/li>\n\n\n\n<li><strong>Double go\u00fbt<\/strong>: Passer d'une saveur \u00e0 l'autre<\/li>\n<\/ul>\n\n\n\n<h3 class=\"wp-block-heading\"><strong>Liste des ar\u00f4mes<\/strong><\/h3>\n\n\n\n<ul class=\"wp-block-list\">\n<li>Glace \u00e0 la past\u00e8que et menthe \u00e0 la myrtille<\/li>\n\n\n\n<li>Glace \u00e0 la past\u00e8que et mangue \u00e0 la fraise<\/li>\n\n\n\n<li>Fraise Past\u00e8que &amp; Kiwi Fruit de la passion Goyave<\/li>\n\n\n\n<li>Glace \u00e0 la fraise, \u00e0 la past\u00e8que et au raisin<\/li>\n\n\n\n<li>Glace aux myrtilles et glace au dragon noir<\/li>\n\n\n\n<li>Glace \u00e0 la myrtille et banane \u00e0 la fraise<\/li>\n\n\n\n<li>Red Bull et past\u00e8que \u00e0 la myrtille<\/li>\n\n\n\n<li>Red Bull et bonbons \u00e0 la past\u00e8que<\/li>\n\n\n\n<li>Myrtille Framboise &amp; P\u00eache Mangue Past\u00e8que<\/li>\n\n\n\n<li>Myrtille, framboise et fruits moul\u00e9s m\u00e9lang\u00e9s<\/li>\n\n\n\n<li>Glace \u00e0 la fraise, au kiwi et \u00e0 la p\u00eache<\/li>\n\n\n\n<li>Fraise, kiwi et pomme acide, framboise<\/li>\n<\/ul>\n\n\n\n<p>Les fans des produits Bang explorent souvent notre gamme compl\u00e8te pour trouver la vape id\u00e9ale. Commencez par la <a href=\"https:\/\/vapemaison.com\">page d'accueil<\/a>, D\u00e9couvrez tous les produits de notre <a href=\"https:\/\/vapemaison.com\/shop\">boutique<\/a>, ou de se plonger dans la <a href=\"https:\/\/vapemaison.com\/brand\/bang\">Marque Bang<\/a> pour d\u00e9couvrir l'ensemble de la programmation. Vous cherchez quelque chose de diff\u00e9rent ? Notre <a href=\"https:\/\/vapemaison.com\/brand\/waspe\">Collection WASPE<\/a> et <a href=\"https:\/\/vapemaison.com\/product-category\/puffs-count\/\">Cat\u00e9gorie Puffs<\/a> offrent de nombreuses options pour chaque vapoteur.<\/p>","protected":false},"excerpt":{"rendered":"<p>D\u00e9couvrez une nouvelle norme d'endurance avec une incroyable capacit\u00e9 de 30 000 bouff\u00e9es et un r\u00e9servoir de grande capacit\u00e9 con\u00e7u pour une satisfaction \u00e0 long terme et sans tracas. Disponible en plusieurs taux de nicotine pour r\u00e9pondre \u00e0 vos pr\u00e9f\u00e9rences, ce concentr\u00e9 de puissance garantit une saveur constante de la premi\u00e8re \u00e0 la derni\u00e8re bouff\u00e9e. Commandez-la d\u00e8s maintenant pour b\u00e9n\u00e9ficier de nos prix \u00e0 dur\u00e9e limit\u00e9e et d'une livraison rapide.<\/p>\n<p>&nbsp;<\/p>","protected":false},"featured_media":17360,"comment_status":"open","ping_status":"closed","template":"","meta":[],"product_brand":[57],"product_cat":[134],"product_tag":[],"class_list":{"0":"post-17356","1":"product","2":"type-product","3":"status-publish","4":"has-post-thumbnail","6":"product_brand-bang","7":"product_cat-30k-puffs","9":"first","10":"instock","11":"sale","12":"shipping-taxable","13":"purchasable","14":"product-type-variable"},"yoast_head":"<!-- This site is optimized with the Yoast SEO plugin v27.4 - https:\/\/yoast.com\/product\/yoast-seo-wordpress\/ -->\n<title>Bang 30000 Puffs Double Taste Disposable Vape | LCD Display - VapeMaison<\/title>\n<meta name=\"description\" content=\"Enjoy 30000 puffs with the Bang 30000 Vape. Featuring a dual-flavor system. Customize your nicotine and vape longer with a rechargeable battery.\" \/>\n<meta name=\"robots\" content=\"index, follow, max-snippet:-1, max-image-preview:large, max-video-preview:-1\" \/>\n<link rel=\"canonical\" href=\"https:\/\/vapemaison.com\/fr\/produit\/bang-30000-puffs-double-taste-jetable-vape\/\" \/>\n<meta property=\"og:locale\" content=\"fr_FR\" \/>\n<meta property=\"og:type\" content=\"article\" \/>\n<meta property=\"og:title\" content=\"Bang 30000 Puffs Double Taste Disposable Vape | LCD Display - VapeMaison\" \/>\n<meta property=\"og:description\" content=\"Enjoy 30000 puffs with the Bang 30000 Vape. Featuring a dual-flavor system. Customize your nicotine and vape longer with a rechargeable battery.\" \/>\n<meta property=\"og:url\" content=\"https:\/\/vapemaison.com\/fr\/produit\/bang-30000-puffs-double-taste-jetable-vape\/\" \/>\n<meta property=\"og:site_name\" content=\"VapeMaison\" \/>\n<meta property=\"article:modified_time\" content=\"2026-02-10T09:20:49+00:00\" \/>\n<meta property=\"og:image\" content=\"https:\/\/vapemaison.com\/wp-content\/uploads\/2025\/12\/vape-bang-king-30k-30000-puffs-main-image.jpg.webp\" \/>\n\t<meta property=\"og:image:width\" content=\"1000\" \/>\n\t<meta property=\"og:image:height\" content=\"1000\" \/>\n\t<meta property=\"og:image:type\" content=\"image\/webp\" \/>\n<meta name=\"twitter:card\" content=\"summary_large_image\" \/>\n<meta name=\"twitter:label1\" content=\"Dur\u00e9e de lecture estim\u00e9e\" \/>\n\t<meta name=\"twitter:data1\" content=\"2 minutes\" \/>\n<!-- \/ Yoast SEO plugin. -->","yoast_head_json":{"title":"Bang 30000 Puffs Double Taste | Vape jetable - Ecran LCD - VapeMaison","description":"Profitez de 30000 bouff\u00e9es avec la Bang 30000 Vape. Dot\u00e9e d'un syst\u00e8me \u00e0 double saveur. Personnalisez votre nicotine et vapotez plus longtemps gr\u00e2ce \u00e0 une batterie rechargeable.","robots":{"index":"index","follow":"follow","max-snippet":"max-snippet:-1","max-image-preview":"max-image-preview:large","max-video-preview":"max-video-preview:-1"},"canonical":"https:\/\/vapemaison.com\/fr\/produit\/bang-30000-puffs-double-taste-jetable-vape\/","og_locale":"fr_FR","og_type":"article","og_title":"Bang 30000 Puffs Double Taste Disposable Vape | LCD Display - VapeMaison","og_description":"Enjoy 30000 puffs with the Bang 30000 Vape. Featuring a dual-flavor system. Customize your nicotine and vape longer with a rechargeable battery.","og_url":"https:\/\/vapemaison.com\/fr\/produit\/bang-30000-puffs-double-taste-jetable-vape\/","og_site_name":"VapeMaison","article_modified_time":"2026-02-10T09:20:49+00:00","og_image":[{"width":1000,"height":1000,"url":"https:\/\/vapemaison.com\/wp-content\/uploads\/2025\/12\/vape-bang-king-30k-30000-puffs-main-image.jpg.webp","type":"image\/webp"}],"twitter_card":"summary_large_image","twitter_misc":{"Dur\u00e9e de lecture estim\u00e9e":"2 minutes"},"schema":{"@context":"https:\/\/schema.org","@graph":[{"@type":"WebPage","@id":"https:\/\/vapemaison.com\/product\/bang-30000-puffs-double-taste-disposable-vape\/","url":"https:\/\/vapemaison.com\/product\/bang-30000-puffs-double-taste-disposable-vape\/","name":"Bang 30000 Puffs Double Taste | Vape jetable - Ecran LCD - VapeMaison","isPartOf":{"@id":"https:\/\/vapemaison.com\/#website"},"primaryImageOfPage":{"@id":"https:\/\/vapemaison.com\/product\/bang-30000-puffs-double-taste-disposable-vape\/#primaryimage"},"image":{"@id":"https:\/\/vapemaison.com\/product\/bang-30000-puffs-double-taste-disposable-vape\/#primaryimage"},"thumbnailUrl":"https:\/\/vapemaison.com\/wp-content\/uploads\/2025\/12\/vape-bang-king-30k-30000-puffs-main-image.jpg.webp","datePublished":"2025-12-12T05:54:19+00:00","dateModified":"2026-02-10T09:20:49+00:00","description":"Profitez de 30000 bouff\u00e9es avec la Bang 30000 Vape. Dot\u00e9e d'un syst\u00e8me \u00e0 double saveur. Personnalisez votre nicotine et vapotez plus longtemps gr\u00e2ce \u00e0 une batterie rechargeable.","breadcrumb":{"@id":"https:\/\/vapemaison.com\/product\/bang-30000-puffs-double-taste-disposable-vape\/#breadcrumb"},"inLanguage":"fr-FR","potentialAction":[{"@type":"ReadAction","target":["https:\/\/vapemaison.com\/product\/bang-30000-puffs-double-taste-disposable-vape\/"]}]},{"@type":"ImageObject","inLanguage":"fr-FR","@id":"https:\/\/vapemaison.com\/product\/bang-30000-puffs-double-taste-disposable-vape\/#primaryimage","url":"https:\/\/vapemaison.com\/wp-content\/uploads\/2025\/12\/vape-bang-king-30k-30000-puffs-main-image.jpg.webp","contentUrl":"https:\/\/vapemaison.com\/wp-content\/uploads\/2025\/12\/vape-bang-king-30k-30000-puffs-main-image.jpg.webp","width":1000,"height":1000,"caption":"Vape Bang King 30k Puffs Main Image.jpg"},{"@type":"BreadcrumbList","@id":"https:\/\/vapemaison.com\/product\/bang-30000-puffs-double-taste-disposable-vape\/#breadcrumb","itemListElement":[{"@type":"ListItem","position":1,"name":"\u9996\u9875","item":"https:\/\/vapemaison.com\/"},{"@type":"ListItem","position":2,"name":"Shop","item":"https:\/\/vapemaison.com\/shop\/"},{"@type":"ListItem","position":3,"name":"Bang","item":"https:\/\/vapemaison.com\/brand\/bang\/"},{"@type":"ListItem","position":4,"name":"Bang 30000 30k Puffs 0%% 3% 5% Ncotine Disposable Vap"}]},{"@type":"WebSite","@id":"https:\/\/vapemaison.com\/#website","url":"https:\/\/vapemaison.com\/","name":"VapeMaison","description":"Appareils et accessoires de vapotage haut de gamme","publisher":{"@id":"https:\/\/vapemaison.com\/#organization"},"potentialAction":[{"@type":"SearchAction","target":{"@type":"EntryPoint","urlTemplate":"https:\/\/vapemaison.com\/?s={search_term_string}"},"query-input":{"@type":"PropertyValueSpecification","valueRequired":true,"valueName":"search_term_string"}}],"inLanguage":"fr-FR"},{"@type":"Organization","@id":"https:\/\/vapemaison.com\/#organization","name":"VapeMaison","url":"https:\/\/vapemaison.com\/","logo":{"@type":"ImageObject","inLanguage":"fr-FR","@id":"https:\/\/vapemaison.com\/#\/schema\/logo\/image\/","url":"https:\/\/vapemaison.com\/wp-content\/uploads\/2026\/01\/cropped-vapemaison-logo-g-2026.webp","contentUrl":"https:\/\/vapemaison.com\/wp-content\/uploads\/2026\/01\/cropped-vapemaison-logo-g-2026.webp","width":350,"height":280,"caption":"VapeMaison"},"image":{"@id":"https:\/\/vapemaison.com\/#\/schema\/logo\/image\/"},"sameAs":["https:\/\/www.youtube.com\/@VapeMaison"]}]}},"tiered_pricing_type":"fixed","tiered_pricing_fixed_rules":{"30":"9.39","50":"8.78","100":"8.25","200":"7.69"},"tiered_pricing_product_settings":{"layout":"default","base_unit_name":{"singular":null,"plural":null},"default_variation":null},"tiered_pricing_minimum_quantity":10,"tiered_pricing_roles_data":[],"tiered_pricing_percentage_rules":[],"tiered_pricing_maximum_quantity":null,"tiered_pricing_quantity_step":"10","_links":{"self":[{"href":"https:\/\/vapemaison.com\/fr\/wp-json\/wp\/v2\/product\/17356","targetHints":{"allow":["GET"]}}],"collection":[{"href":"https:\/\/vapemaison.com\/fr\/wp-json\/wp\/v2\/product"}],"about":[{"href":"https:\/\/vapemaison.com\/fr\/wp-json\/wp\/v2\/types\/product"}],"replies":[{"embeddable":true,"href":"https:\/\/vapemaison.com\/fr\/wp-json\/wp\/v2\/comments?post=17356"}],"version-history":[{"count":2,"href":"https:\/\/vapemaison.com\/fr\/wp-json\/wp\/v2\/product\/17356\/revisions"}],"predecessor-version":[{"id":27201,"href":"https:\/\/vapemaison.com\/fr\/wp-json\/wp\/v2\/product\/17356\/revisions\/27201"}],"wp:featuredmedia":[{"embeddable":true,"href":"https:\/\/vapemaison.com\/fr\/wp-json\/wp\/v2\/media\/17360"}],"wp:attachment":[{"href":"https:\/\/vapemaison.com\/fr\/wp-json\/wp\/v2\/media?parent=17356"}],"wp:term":[{"taxonomy":"product_brand","embeddable":true,"href":"https:\/\/vapemaison.com\/fr\/wp-json\/wp\/v2\/product_brand?post=17356"},{"taxonomy":"product_cat","embeddable":true,"href":"https:\/\/vapemaison.com\/fr\/wp-json\/wp\/v2\/product_cat?post=17356"},{"taxonomy":"product_tag","embeddable":true,"href":"https:\/\/vapemaison.com\/fr\/wp-json\/wp\/v2\/product_tag?post=17356"}],"curies":[{"name":"wp","href":"https:\/\/api.w.org\/{rel}","templated":true}]}}