

{"id":17400,"date":"2025-12-12T06:23:43","date_gmt":"2025-12-12T06:23:43","guid":{"rendered":"https:\/\/vapemaison.com\/?post_type=product&#038;p=17400"},"modified":"2025-12-22T09:18:46","modified_gmt":"2025-12-22T09:18:46","slug":"bang-pi-10k-puffs-jetable-vape","status":"publish","type":"product","link":"https:\/\/vapemaison.com\/fr\/product\/bang-pi-10k-puffs-disposable-vape\/","title":{"rendered":"Bang PI 10k Puffs LED Display Vape jetable"},"content":{"rendered":"<p>Le <strong>Bang PI 10k Puffs <\/strong> La vaporisation jetable d\u00e9livre jusqu'\u00e0 <strong><a href=\"https:\/\/vapemaison.com\/product-category\/puffs-count\/10k-puffs\/\">Bouff\u00e9e de 10k<\/a><\/strong>, Le syst\u00e8me de vaporisation est con\u00e7u de mani\u00e8re \u00e0 garantir une exp\u00e9rience de longue dur\u00e9e et satisfaisante. \u00c9quip\u00e9 d'un <strong>Batterie rechargeable de 500mAh<\/strong> et <strong>15ml d'e-juice pr\u00e9-rempli<\/strong>, Il fournit une vapeur douce et homog\u00e8ne \u00e0 chaque bouff\u00e9e. Les <strong>Affichage LED<\/strong> vous informe du niveau de votre batterie et de votre e-liquide, ce qui vous permet de vaper en toute tranquillit\u00e9. Choisissez parmi <strong>10 options savoureuses<\/strong> et personnalisez votre exp\u00e9rience avec des taux de nicotine allant de <strong>0%, 2%, 3% et 5%<\/strong>. Conditionn\u00e9s en lots de <strong>10 vapes par bo\u00eete de pr\u00e9sentation<\/strong>, Cet appareil est parfait pour une utilisation personnelle ou pour \u00eatre partag\u00e9 avec des amis.<\/p>\n\n\n\n<h3 class=\"wp-block-heading\">Bang PI 10k Puffs <strong>Caract\u00e9ristiques principales<\/strong><\/h3>\n\n\n\n<ul class=\"wp-block-list\">\n<li><strong>Capacit\u00e9 en e-liquide<\/strong>: <strong>15ml pr\u00e9-rempli<\/strong><\/li>\n\n\n\n<li><strong>Intensit\u00e9 de la nicotine<\/strong>: <strong>0%, 2%, 3%, 5%<\/strong><\/li>\n\n\n\n<li><strong>Batterie<\/strong>: <strong>500mAh rechargeable<\/strong><\/li>\n\n\n\n<li><strong>Affichage<\/strong>: <strong>Affichage LED<\/strong> pour conna\u00eetre l'\u00e9tat de la batterie et de l'e-liquide<\/li>\n\n\n\n<li><strong>Emballage<\/strong>: <strong>10 vapes par bo\u00eete de pr\u00e9sentation<\/strong><\/li>\n<\/ul>\n\n\n\n<h3 class=\"wp-block-heading\"><strong>Liste des ar\u00f4mes<\/strong><\/h3>\n\n\n\n<ul class=\"wp-block-list\">\n<li>P\u00eache Mangue Past\u00e8que<\/li>\n\n\n\n<li>Fraise Kiwi<\/li>\n\n\n\n<li>Americano<\/li>\n\n\n\n<li>Cr\u00e8me glac\u00e9e \u00e0 la mangue<\/li>\n\n\n\n<li>Glace \u00e0 la past\u00e8que<\/li>\n\n\n\n<li>Pomme acide Framboise<\/li>\n\n\n\n<li>Kiwi Fruit de la passion Goyave<\/li>\n\n\n\n<li>Past\u00e8que \u00e0 la fraise<\/li>\n\n\n\n<li>Glace de raisin royal<\/li>\n\n\n\n<li>Glace aux myrtilles<\/li>\n<\/ul>\n\n\n\n<p>Les fans des produits Bang explorent souvent notre gamme compl\u00e8te pour trouver la vape id\u00e9ale. Commencez par la <a href=\"https:\/\/vapemaison.com\">page d'accueil<\/a>, D\u00e9couvrez tous les produits de notre <a href=\"https:\/\/vapemaison.com\/shop\">boutique<\/a>, ou de se plonger dans la <a href=\"https:\/\/vapemaison.com\/brand\/bang\">Marque Bang<\/a> pour d\u00e9couvrir l'ensemble de la programmation. Vous cherchez quelque chose de diff\u00e9rent ? Notre <a href=\"https:\/\/vapemaison.com\/brand\/waspe\">Collection WASPE<\/a> et <a href=\"https:\/\/vapemaison.com\/product-category\/puffs-count\/\">Cat\u00e9gorie Puffs<\/a> offrent de nombreuses options pour chaque vapoteur.<\/p>","protected":false},"excerpt":{"rendered":"<div id=\"model-response-message-contentr_7a2668d875d9bfa0\" class=\"markdown markdown-main-panel stronger enable-updated-hr-color\" dir=\"ltr\" aria-live=\"polite\" aria-busy=\"false\">\n<p data-path-to-node=\"0\">Profitez de 10 000 bouff\u00e9es fluides et d'un affichage LED clair pour un suivi en temps r\u00e9el de la batterie et du liquide dans un design compact et pr\u00e9-rempli de 15 ml. S\u00e9lectionnez votre ar\u00f4me et votre taux de nicotine pr\u00e9f\u00e9r\u00e9s d\u00e8s aujourd'hui pour vous procurer cette machine \u00e0 fumer quotidienne fiable tant que notre stock actuel et nos frais de port promotionnels sont disponibles.<\/p>\n<\/div>","protected":false},"featured_media":17441,"comment_status":"open","ping_status":"closed","template":"","meta":[],"product_brand":[57],"product_cat":[132],"product_tag":[],"class_list":{"0":"post-17400","1":"product","2":"type-product","3":"status-publish","4":"has-post-thumbnail","6":"product_brand-bang","7":"product_cat-10k-puffs","9":"first","10":"instock","11":"sale","12":"shipping-taxable","13":"purchasable","14":"product-type-variable"},"yoast_head":"<!-- This site is optimized with the Yoast SEO plugin v27.4 - https:\/\/yoast.com\/product\/yoast-seo-wordpress\/ -->\n<title>Bang PI 10k Puffs Disposable Vape \u2013 with LED Display - VapeMaison<\/title>\n<meta name=\"description\" content=\"Enjoy 10k puffs with the Bang PI10000 Vape. Featuring 15ml e-liquid, 10 flavors, and an LED display for battery and e-liquid levels.\" \/>\n<meta name=\"robots\" content=\"index, follow, max-snippet:-1, max-image-preview:large, max-video-preview:-1\" \/>\n<link rel=\"canonical\" href=\"https:\/\/vapemaison.com\/fr\/produit\/bang-pi-10k-puffs-jetable-vape\/\" \/>\n<meta property=\"og:locale\" content=\"fr_FR\" \/>\n<meta property=\"og:type\" content=\"article\" \/>\n<meta property=\"og:title\" content=\"Bang PI 10k Puffs Disposable Vape \u2013 with LED Display - VapeMaison\" \/>\n<meta property=\"og:description\" content=\"Enjoy 10k puffs with the Bang PI10000 Vape. Featuring 15ml e-liquid, 10 flavors, and an LED display for battery and e-liquid levels.\" \/>\n<meta property=\"og:url\" content=\"https:\/\/vapemaison.com\/fr\/produit\/bang-pi-10k-puffs-jetable-vape\/\" \/>\n<meta property=\"og:site_name\" content=\"VapeMaison\" \/>\n<meta property=\"article:modified_time\" content=\"2025-12-22T09:18:46+00:00\" \/>\n<meta property=\"og:image\" content=\"https:\/\/vapemaison.com\/wp-content\/uploads\/2025\/12\/vape-bang-PI10000-puffs-00001.webp\" \/>\n\t<meta property=\"og:image:width\" content=\"800\" \/>\n\t<meta property=\"og:image:height\" content=\"800\" \/>\n\t<meta property=\"og:image:type\" content=\"image\/webp\" \/>\n<meta name=\"twitter:card\" content=\"summary_large_image\" \/>\n<meta name=\"twitter:label1\" content=\"Dur\u00e9e de lecture estim\u00e9e\" \/>\n\t<meta name=\"twitter:data1\" content=\"1 minute\" \/>\n<!-- \/ Yoast SEO plugin. -->","yoast_head_json":{"title":"Bang PI 10k Puffs Vape jetable - avec affichage LED - VapeMaison","description":"Profitez de 10 000 bouff\u00e9es avec la Bang PI10000 Vape. Avec 15ml d'e-liquide, 10 saveurs, et un affichage LED pour les niveaux de batterie et d'e-liquide.","robots":{"index":"index","follow":"follow","max-snippet":"max-snippet:-1","max-image-preview":"max-image-preview:large","max-video-preview":"max-video-preview:-1"},"canonical":"https:\/\/vapemaison.com\/fr\/produit\/bang-pi-10k-puffs-jetable-vape\/","og_locale":"fr_FR","og_type":"article","og_title":"Bang PI 10k Puffs Disposable Vape \u2013 with LED Display - VapeMaison","og_description":"Enjoy 10k puffs with the Bang PI10000 Vape. Featuring 15ml e-liquid, 10 flavors, and an LED display for battery and e-liquid levels.","og_url":"https:\/\/vapemaison.com\/fr\/produit\/bang-pi-10k-puffs-jetable-vape\/","og_site_name":"VapeMaison","article_modified_time":"2025-12-22T09:18:46+00:00","og_image":[{"width":800,"height":800,"url":"https:\/\/vapemaison.com\/wp-content\/uploads\/2025\/12\/vape-bang-PI10000-puffs-00001.webp","type":"image\/webp"}],"twitter_card":"summary_large_image","twitter_misc":{"Dur\u00e9e de lecture estim\u00e9e":"1 minute"},"schema":{"@context":"https:\/\/schema.org","@graph":[{"@type":"WebPage","@id":"https:\/\/vapemaison.com\/product\/bang-pi-10k-puffs-disposable-vape\/","url":"https:\/\/vapemaison.com\/product\/bang-pi-10k-puffs-disposable-vape\/","name":"Bang PI 10k Puffs Vape jetable - avec affichage LED - VapeMaison","isPartOf":{"@id":"https:\/\/vapemaison.com\/#website"},"primaryImageOfPage":{"@id":"https:\/\/vapemaison.com\/product\/bang-pi-10k-puffs-disposable-vape\/#primaryimage"},"image":{"@id":"https:\/\/vapemaison.com\/product\/bang-pi-10k-puffs-disposable-vape\/#primaryimage"},"thumbnailUrl":"https:\/\/vapemaison.com\/wp-content\/uploads\/2025\/12\/vape-bang-PI10000-puffs-00001.webp","datePublished":"2025-12-12T06:23:43+00:00","dateModified":"2025-12-22T09:18:46+00:00","description":"Profitez de 10 000 bouff\u00e9es avec la Bang PI10000 Vape. Avec 15ml d'e-liquide, 10 saveurs, et un affichage LED pour les niveaux de batterie et d'e-liquide.","breadcrumb":{"@id":"https:\/\/vapemaison.com\/product\/bang-pi-10k-puffs-disposable-vape\/#breadcrumb"},"inLanguage":"fr-FR","potentialAction":[{"@type":"ReadAction","target":["https:\/\/vapemaison.com\/product\/bang-pi-10k-puffs-disposable-vape\/"]}]},{"@type":"ImageObject","inLanguage":"fr-FR","@id":"https:\/\/vapemaison.com\/product\/bang-pi-10k-puffs-disposable-vape\/#primaryimage","url":"https:\/\/vapemaison.com\/wp-content\/uploads\/2025\/12\/vape-bang-PI10000-puffs-00001.webp","contentUrl":"https:\/\/vapemaison.com\/wp-content\/uploads\/2025\/12\/vape-bang-PI10000-puffs-00001.webp","width":800,"height":800,"caption":"vape-bang-PI10000-puffs-00001"},{"@type":"BreadcrumbList","@id":"https:\/\/vapemaison.com\/product\/bang-pi-10k-puffs-disposable-vape\/#breadcrumb","itemListElement":[{"@type":"ListItem","position":1,"name":"\u9996\u9875","item":"https:\/\/vapemaison.com\/"},{"@type":"ListItem","position":2,"name":"Shop","item":"https:\/\/vapemaison.com\/shop\/"},{"@type":"ListItem","position":3,"name":"Bang","item":"https:\/\/vapemaison.com\/brand\/bang\/"},{"@type":"ListItem","position":4,"name":"Bang PI 10k Puffs LED Display Disposable Vape"}]},{"@type":"WebSite","@id":"https:\/\/vapemaison.com\/#website","url":"https:\/\/vapemaison.com\/","name":"VapeMaison","description":"Appareils et accessoires de vapotage haut de gamme","publisher":{"@id":"https:\/\/vapemaison.com\/#organization"},"potentialAction":[{"@type":"SearchAction","target":{"@type":"EntryPoint","urlTemplate":"https:\/\/vapemaison.com\/?s={search_term_string}"},"query-input":{"@type":"PropertyValueSpecification","valueRequired":true,"valueName":"search_term_string"}}],"inLanguage":"fr-FR"},{"@type":"Organization","@id":"https:\/\/vapemaison.com\/#organization","name":"VapeMaison","url":"https:\/\/vapemaison.com\/","logo":{"@type":"ImageObject","inLanguage":"fr-FR","@id":"https:\/\/vapemaison.com\/#\/schema\/logo\/image\/","url":"https:\/\/vapemaison.com\/wp-content\/uploads\/2026\/01\/cropped-vapemaison-logo-g-2026.webp","contentUrl":"https:\/\/vapemaison.com\/wp-content\/uploads\/2026\/01\/cropped-vapemaison-logo-g-2026.webp","width":350,"height":280,"caption":"VapeMaison"},"image":{"@id":"https:\/\/vapemaison.com\/#\/schema\/logo\/image\/"},"sameAs":["https:\/\/www.youtube.com\/@VapeMaison"]}]}},"tiered_pricing_type":"fixed","tiered_pricing_fixed_rules":{"30":"6.99","50":"6.54","100":"5.99","200":"5.69"},"tiered_pricing_product_settings":{"layout":"default","base_unit_name":{"singular":null,"plural":null},"default_variation":null},"tiered_pricing_minimum_quantity":10,"tiered_pricing_roles_data":[],"tiered_pricing_percentage_rules":[],"tiered_pricing_maximum_quantity":null,"tiered_pricing_quantity_step":"10","_links":{"self":[{"href":"https:\/\/vapemaison.com\/fr\/wp-json\/wp\/v2\/product\/17400","targetHints":{"allow":["GET"]}}],"collection":[{"href":"https:\/\/vapemaison.com\/fr\/wp-json\/wp\/v2\/product"}],"about":[{"href":"https:\/\/vapemaison.com\/fr\/wp-json\/wp\/v2\/types\/product"}],"replies":[{"embeddable":true,"href":"https:\/\/vapemaison.com\/fr\/wp-json\/wp\/v2\/comments?post=17400"}],"version-history":[{"count":0,"href":"https:\/\/vapemaison.com\/fr\/wp-json\/wp\/v2\/product\/17400\/revisions"}],"wp:featuredmedia":[{"embeddable":true,"href":"https:\/\/vapemaison.com\/fr\/wp-json\/wp\/v2\/media\/17441"}],"wp:attachment":[{"href":"https:\/\/vapemaison.com\/fr\/wp-json\/wp\/v2\/media?parent=17400"}],"wp:term":[{"taxonomy":"product_brand","embeddable":true,"href":"https:\/\/vapemaison.com\/fr\/wp-json\/wp\/v2\/product_brand?post=17400"},{"taxonomy":"product_cat","embeddable":true,"href":"https:\/\/vapemaison.com\/fr\/wp-json\/wp\/v2\/product_cat?post=17400"},{"taxonomy":"product_tag","embeddable":true,"href":"https:\/\/vapemaison.com\/fr\/wp-json\/wp\/v2\/product_tag?post=17400"}],"curies":[{"name":"wp","href":"https:\/\/api.w.org\/{rel}","templated":true}]}}