

{"id":17454,"date":"2025-12-12T06:39:43","date_gmt":"2025-12-12T06:39:43","guid":{"rendered":"https:\/\/vapemaison.com\/?post_type=product&#038;p=17454"},"modified":"2025-12-22T09:18:42","modified_gmt":"2025-12-22T09:18:42","slug":"bang-shisha-15000-bouffees-jetables-vape","status":"publish","type":"product","link":"https:\/\/vapemaison.com\/fr\/product\/bang-shisha-15000-puffs-disposable-vape\/","title":{"rendered":"Bang SHISHA 15000 bouff\u00e9es Vape jetable"},"content":{"rendered":"<p>Le <strong>Bang SHISHA 15000 bouff\u00e9es<\/strong> La cigarette \u00e9lectronique jetable est con\u00e7ue pour ceux qui recherchent une exp\u00e9rience immersive. <strong>Directement au poumon (DTL)<\/strong> exp\u00e9rience de vapotage. Avec une impressionnante <strong>15 000 bouff\u00e9es<\/strong>, Cet appareil est con\u00e7u pour offrir un plaisir durable. Il est dot\u00e9 d'une grande capacit\u00e9 <strong>Batterie de 600mAh<\/strong> et une g\u00e9n\u00e9reuse <strong>Volume d'injection d'huile de 23 ml<\/strong>, Le syst\u00e8me d'alimentation de l'appareil permet de prolonger les sessions de vapotage sans avoir \u00e0 le recharger fr\u00e9quemment.<\/p>\n\n\n\n<p>Disponible avec des taux de nicotine personnalisables de <strong>0%, 2%, 3% et 5%<\/strong>, Cette vape r\u00e9pond \u00e0 diverses pr\u00e9f\u00e9rences et offre une aspiration pulmonaire douce et satisfaisante. La vape <strong>18 options savoureuses<\/strong> offrent une grande vari\u00e9t\u00e9 de choix pour satisfaire tous les go\u00fbts. Que vous ayez envie d'une sensation fruit\u00e9e ou d'un coup de fouet glac\u00e9 et rafra\u00eechissant, la gamme des <strong>Bang SHISHA<\/strong> garantit une exp\u00e9rience de vapotage satisfaisante. Parfait pour ceux qui pr\u00e9f\u00e8rent <strong>DTL<\/strong> Il combine performance, commodit\u00e9 et saveur dans un design \u00e9l\u00e9gant.<\/p>\n\n\n\n<h3 class=\"wp-block-heading\"><strong>Caract\u00e9ristiques principales<\/strong><\/h3>\n\n\n\n<figure class=\"wp-block-table\"><table class=\"has-fixed-layout\"><thead><tr><th><strong>Fonctionnalit\u00e9<\/strong><\/th><th><strong>Sp\u00e9cifications<\/strong><\/th><\/tr><\/thead><tbody><tr><td><strong>Puffs<\/strong><\/td><td>Jusqu'\u00e0 <strong>15 000 bouff\u00e9es<\/strong><\/td><\/tr><tr><td><strong>Batterie<\/strong><\/td><td><strong>600mAh rechargeable<\/strong><\/td><\/tr><tr><td><strong>Volume d'injection d'huile<\/strong><\/td><td><strong>23ml pr\u00e9-rempli<\/strong><\/td><\/tr><tr><td><strong>Intensit\u00e9 de la nicotine<\/strong><\/td><td><strong>0%, 2%, 3%, 5%<\/strong><\/td><\/tr><tr><td><strong>Type de vaporisation<\/strong><\/td><td><strong>Directement au poumon (DTL)<\/strong><\/td><\/tr><tr><td><strong>Saveurs<\/strong><\/td><td><strong>18 options diverses<\/strong><\/td><\/tr><\/tbody><\/table><\/figure>\n\n\n\n<h3 class=\"wp-block-heading\"><strong>Liste des ar\u00f4mes<\/strong><\/h3>\n\n\n\n<ul class=\"wp-block-list\">\n<li>Glace aux myrtilles<\/li>\n\n\n\n<li>Glace Blue Razz<\/li>\n\n\n\n<li>Past\u00e8que \u00e0 la cerise<\/li>\n\n\n\n<li>Pomme congel\u00e9e<\/li>\n\n\n\n<li>Gomme \u00e0 m\u00e2cher<\/li>\n\n\n\n<li>Mangue Banane<\/li>\n\n\n\n<li>M\u00e9lange de glace aux baies<\/li>\n\n\n\n<li>Ananas noix de coco<\/li>\n\n\n\n<li>Slush aux baies rouges<\/li>\n\n\n\n<li>Kiwi Fruit de la passion Goyave<\/li>\n\n\n\n<li>Canneberge Raisin<\/li>\n\n\n\n<li>Glace \u00e0 la fraise<\/li>\n\n\n\n<li>Fraise Kiwi<\/li>\n\n\n\n<li>Bonbons \u00e0 la fraise et \u00e0 la framboise<\/li>\n\n\n\n<li>Glace \u00e0 la past\u00e8que<\/li>\n\n\n\n<li>P\u00eaches juteuses<\/li>\n\n\n\n<li>P\u00eache Mangue Past\u00e8que<\/li>\n\n\n\n<li>Past\u00e8que Fraise Bubblegum<\/li>\n<\/ul>\n\n\n\n<p>Les fans des produits Bang explorent souvent notre gamme compl\u00e8te pour trouver la vape id\u00e9ale. Commencez par la <a href=\"https:\/\/vapemaison.com\">page d'accueil<\/a>, D\u00e9couvrez tous les produits de notre <a href=\"https:\/\/vapemaison.com\/shop\">boutique<\/a>, ou de se plonger dans la <a href=\"https:\/\/vapemaison.com\/brand\/bang\">Marque Bang<\/a> pour d\u00e9couvrir l'ensemble de la programmation. Vous cherchez quelque chose de diff\u00e9rent ? Notre <a href=\"https:\/\/vapemaison.com\/brand\/waspe\">Collection WASPE<\/a> et <a href=\"https:\/\/vapemaison.com\/product-category\/puffs-count\/\">Cat\u00e9gorie Puffs<\/a> offrent de nombreuses options pour chaque vapoteur.<\/p>","protected":false},"excerpt":{"rendered":"<div id=\"model-response-message-contentr_ea460eeb7b56c70d\" class=\"markdown markdown-main-panel stronger enable-updated-hr-color\" dir=\"ltr\" aria-live=\"polite\" aria-busy=\"false\">\n<p data-path-to-node=\"0\">Plongez dans une exp\u00e9rience DTL immersive avec 15 000 bouff\u00e9es et un \u00e9norme r\u00e9servoir de 23 ml con\u00e7u pour des nuages profonds et savoureux. Choisissez parmi 18 saveurs inspir\u00e9es de la shisha et s\u00e9lectionnez votre taux de nicotine pr\u00e9f\u00e9r\u00e9 d\u00e8s aujourd'hui pour profiter de nos \u00e9conomies sur les achats en gros et de notre livraison internationale rapide.<\/p>\n<\/div>","protected":false},"featured_media":17506,"comment_status":"open","ping_status":"closed","template":"","meta":[],"product_brand":[57],"product_cat":[167],"product_tag":[],"class_list":{"0":"post-17454","1":"product","2":"type-product","3":"status-publish","4":"has-post-thumbnail","6":"product_brand-bang","7":"product_cat-15k-puffs","9":"first","10":"instock","11":"sale","12":"shipping-taxable","13":"purchasable","14":"product-type-variable"},"yoast_head":"<!-- This site is optimized with the Yoast SEO plugin v27.4 - https:\/\/yoast.com\/product\/yoast-seo-wordpress\/ -->\n<title>Bang SHISHA 15000 Puffs Disposable Vape \u2013 To Lung Experience - VapeMaison<\/title>\n<meta name=\"description\" content=\"Enjoy 15,000 puffs with the Bang SHISHA Vape. 23ml e-liquid, 18 flavors, and customizable nicotine options. Perfect for Direct To Lung (DTL) vaping.\" \/>\n<meta name=\"robots\" content=\"index, follow, max-snippet:-1, max-image-preview:large, max-video-preview:-1\" \/>\n<link rel=\"canonical\" href=\"https:\/\/vapemaison.com\/fr\/produit\/bang-shisha-15000-bouffees-jetables-vape\/\" \/>\n<meta property=\"og:locale\" content=\"fr_FR\" \/>\n<meta property=\"og:type\" content=\"article\" \/>\n<meta property=\"og:title\" content=\"Bang SHISHA 15000 Puffs Disposable Vape \u2013 To Lung Experience - VapeMaison\" \/>\n<meta property=\"og:description\" content=\"Enjoy 15,000 puffs with the Bang SHISHA Vape. 23ml e-liquid, 18 flavors, and customizable nicotine options. Perfect for Direct To Lung (DTL) vaping.\" \/>\n<meta property=\"og:url\" content=\"https:\/\/vapemaison.com\/fr\/produit\/bang-shisha-15000-bouffees-jetables-vape\/\" \/>\n<meta property=\"og:site_name\" content=\"VapeMaison\" \/>\n<meta property=\"article:modified_time\" content=\"2025-12-22T09:18:42+00:00\" \/>\n<meta property=\"og:image\" content=\"https:\/\/vapemaison.com\/wp-content\/uploads\/2025\/12\/vape-bang-shi-sha-15000-puffs-1.webp\" \/>\n\t<meta property=\"og:image:width\" content=\"1000\" \/>\n\t<meta property=\"og:image:height\" content=\"1000\" \/>\n\t<meta property=\"og:image:type\" content=\"image\/webp\" \/>\n<meta name=\"twitter:card\" content=\"summary_large_image\" \/>\n<meta name=\"twitter:label1\" content=\"Dur\u00e9e de lecture estim\u00e9e\" \/>\n\t<meta name=\"twitter:data1\" content=\"2 minutes\" \/>\n<!-- \/ Yoast SEO plugin. -->","yoast_head_json":{"title":"Bang SHISHA 15000 bouff\u00e9es Vape jetable - L'exp\u00e9rience des poumons - VapeMaison","description":"Profitez de 15 000 bouff\u00e9es avec la Bang SHISHA Vape. 23 ml d'e-liquide, 18 saveurs et des options de nicotine personnalisables. Parfait pour le vapotage direct au poumon (DTL).","robots":{"index":"index","follow":"follow","max-snippet":"max-snippet:-1","max-image-preview":"max-image-preview:large","max-video-preview":"max-video-preview:-1"},"canonical":"https:\/\/vapemaison.com\/fr\/produit\/bang-shisha-15000-bouffees-jetables-vape\/","og_locale":"fr_FR","og_type":"article","og_title":"Bang SHISHA 15000 Puffs Disposable Vape \u2013 To Lung Experience - VapeMaison","og_description":"Enjoy 15,000 puffs with the Bang SHISHA Vape. 23ml e-liquid, 18 flavors, and customizable nicotine options. Perfect for Direct To Lung (DTL) vaping.","og_url":"https:\/\/vapemaison.com\/fr\/produit\/bang-shisha-15000-bouffees-jetables-vape\/","og_site_name":"VapeMaison","article_modified_time":"2025-12-22T09:18:42+00:00","og_image":[{"width":1000,"height":1000,"url":"https:\/\/vapemaison.com\/wp-content\/uploads\/2025\/12\/vape-bang-shi-sha-15000-puffs-1.webp","type":"image\/webp"}],"twitter_card":"summary_large_image","twitter_misc":{"Dur\u00e9e de lecture estim\u00e9e":"2 minutes"},"schema":{"@context":"https:\/\/schema.org","@graph":[{"@type":"WebPage","@id":"https:\/\/vapemaison.com\/product\/bang-shisha-15000-puffs-disposable-vape\/","url":"https:\/\/vapemaison.com\/product\/bang-shisha-15000-puffs-disposable-vape\/","name":"Bang SHISHA 15000 bouff\u00e9es Vape jetable - L'exp\u00e9rience des poumons - VapeMaison","isPartOf":{"@id":"https:\/\/vapemaison.com\/#website"},"primaryImageOfPage":{"@id":"https:\/\/vapemaison.com\/product\/bang-shisha-15000-puffs-disposable-vape\/#primaryimage"},"image":{"@id":"https:\/\/vapemaison.com\/product\/bang-shisha-15000-puffs-disposable-vape\/#primaryimage"},"thumbnailUrl":"https:\/\/vapemaison.com\/wp-content\/uploads\/2025\/12\/vape-bang-shi-sha-15000-puffs-1.webp","datePublished":"2025-12-12T06:39:43+00:00","dateModified":"2025-12-22T09:18:42+00:00","description":"Profitez de 15 000 bouff\u00e9es avec la Bang SHISHA Vape. 23 ml d'e-liquide, 18 saveurs et des options de nicotine personnalisables. Parfait pour le vapotage direct au poumon (DTL).","breadcrumb":{"@id":"https:\/\/vapemaison.com\/product\/bang-shisha-15000-puffs-disposable-vape\/#breadcrumb"},"inLanguage":"fr-FR","potentialAction":[{"@type":"ReadAction","target":["https:\/\/vapemaison.com\/product\/bang-shisha-15000-puffs-disposable-vape\/"]}]},{"@type":"ImageObject","inLanguage":"fr-FR","@id":"https:\/\/vapemaison.com\/product\/bang-shisha-15000-puffs-disposable-vape\/#primaryimage","url":"https:\/\/vapemaison.com\/wp-content\/uploads\/2025\/12\/vape-bang-shi-sha-15000-puffs-1.webp","contentUrl":"https:\/\/vapemaison.com\/wp-content\/uploads\/2025\/12\/vape-bang-shi-sha-15000-puffs-1.webp","width":1000,"height":1000,"caption":"Vape Bang Shi Sha Puffs view 2"},{"@type":"BreadcrumbList","@id":"https:\/\/vapemaison.com\/product\/bang-shisha-15000-puffs-disposable-vape\/#breadcrumb","itemListElement":[{"@type":"ListItem","position":1,"name":"\u9996\u9875","item":"https:\/\/vapemaison.com\/"},{"@type":"ListItem","position":2,"name":"Shop","item":"https:\/\/vapemaison.com\/shop\/"},{"@type":"ListItem","position":3,"name":"Bang","item":"https:\/\/vapemaison.com\/brand\/bang\/"},{"@type":"ListItem","position":4,"name":"Bang SHISHA 15000 Puffs Disposable Vape"}]},{"@type":"WebSite","@id":"https:\/\/vapemaison.com\/#website","url":"https:\/\/vapemaison.com\/","name":"VapeMaison","description":"Appareils et accessoires de vapotage haut de gamme","publisher":{"@id":"https:\/\/vapemaison.com\/#organization"},"potentialAction":[{"@type":"SearchAction","target":{"@type":"EntryPoint","urlTemplate":"https:\/\/vapemaison.com\/?s={search_term_string}"},"query-input":{"@type":"PropertyValueSpecification","valueRequired":true,"valueName":"search_term_string"}}],"inLanguage":"fr-FR"},{"@type":"Organization","@id":"https:\/\/vapemaison.com\/#organization","name":"VapeMaison","url":"https:\/\/vapemaison.com\/","logo":{"@type":"ImageObject","inLanguage":"fr-FR","@id":"https:\/\/vapemaison.com\/#\/schema\/logo\/image\/","url":"https:\/\/vapemaison.com\/wp-content\/uploads\/2026\/01\/cropped-vapemaison-logo-g-2026.webp","contentUrl":"https:\/\/vapemaison.com\/wp-content\/uploads\/2026\/01\/cropped-vapemaison-logo-g-2026.webp","width":350,"height":280,"caption":"VapeMaison"},"image":{"@id":"https:\/\/vapemaison.com\/#\/schema\/logo\/image\/"},"sameAs":["https:\/\/www.youtube.com\/@VapeMaison"]}]}},"tiered_pricing_type":"fixed","tiered_pricing_fixed_rules":{"30":"7.99","50":"7.36","100":"6.78","200":"6.24"},"tiered_pricing_product_settings":{"layout":"default","base_unit_name":{"singular":null,"plural":null},"default_variation":null},"tiered_pricing_minimum_quantity":10,"tiered_pricing_roles_data":[],"tiered_pricing_percentage_rules":[],"tiered_pricing_maximum_quantity":null,"tiered_pricing_quantity_step":"10","_links":{"self":[{"href":"https:\/\/vapemaison.com\/fr\/wp-json\/wp\/v2\/product\/17454","targetHints":{"allow":["GET"]}}],"collection":[{"href":"https:\/\/vapemaison.com\/fr\/wp-json\/wp\/v2\/product"}],"about":[{"href":"https:\/\/vapemaison.com\/fr\/wp-json\/wp\/v2\/types\/product"}],"replies":[{"embeddable":true,"href":"https:\/\/vapemaison.com\/fr\/wp-json\/wp\/v2\/comments?post=17454"}],"version-history":[{"count":0,"href":"https:\/\/vapemaison.com\/fr\/wp-json\/wp\/v2\/product\/17454\/revisions"}],"wp:featuredmedia":[{"embeddable":true,"href":"https:\/\/vapemaison.com\/fr\/wp-json\/wp\/v2\/media\/17506"}],"wp:attachment":[{"href":"https:\/\/vapemaison.com\/fr\/wp-json\/wp\/v2\/media?parent=17454"}],"wp:term":[{"taxonomy":"product_brand","embeddable":true,"href":"https:\/\/vapemaison.com\/fr\/wp-json\/wp\/v2\/product_brand?post=17454"},{"taxonomy":"product_cat","embeddable":true,"href":"https:\/\/vapemaison.com\/fr\/wp-json\/wp\/v2\/product_cat?post=17454"},{"taxonomy":"product_tag","embeddable":true,"href":"https:\/\/vapemaison.com\/fr\/wp-json\/wp\/v2\/product_tag?post=17454"}],"curies":[{"name":"wp","href":"https:\/\/api.w.org\/{rel}","templated":true}]}}