

{"id":17515,"date":"2025-12-12T07:19:29","date_gmt":"2025-12-12T07:19:29","guid":{"rendered":"https:\/\/vapemaison.com\/?post_type=product&#038;p=17515"},"modified":"2025-12-22T09:18:36","modified_gmt":"2025-12-22T09:18:36","slug":"bang-king-15000-puffs-jetable-vape-2","status":"publish","type":"product","link":"https:\/\/vapemaison.com\/fr\/product\/bang-king-15000-puffs-disposable-vape-2\/","title":{"rendered":"Bang King 15000 bouff\u00e9es Vape jetable"},"content":{"rendered":"<p>Le <strong>Bang King 15000 bouff\u00e9es<\/strong> Disposable Vape est un appareil tr\u00e8s vendu, r\u00e9put\u00e9 pour ses performances exceptionnelles et sa satisfaction durable. \u00c9quip\u00e9 d'un <strong>Batterie rechargeable int\u00e9gr\u00e9e de 650mAh<\/strong>, Il garantit une alimentation \u00e9lectrique fiable et constante tout au long de la session, tandis que son syst\u00e8me d'alimentation en \u00e9nergie est plus efficace. <strong>25ml d'e-juice pr\u00e9-rempli<\/strong> fournit une quantit\u00e9 suffisante pour une utilisation prolong\u00e9e.<\/p>\n\n\n\n<p>Con\u00e7ue pour \u00eatre flexible, la <strong>Bang King<\/strong> vous permet de personnaliser votre exp\u00e9rience de vapotage avec <strong>d\u00e9bit d'air r\u00e9glable<\/strong>, Il offre \u00e0 la fois une intensit\u00e9 de saveur et une production de vapeur douce. Il r\u00e9pond \u00e0 un large \u00e9ventail de pr\u00e9f\u00e9rences avec des niveaux de nicotine allant de <strong>0% \u00e0 5%<\/strong>, Il est donc id\u00e9al pour les amateurs de nicotine et ceux qui recherchent une vape sans nicotine.<\/p>\n\n\n\n<p>Avec un nombre impressionnant de <strong>15 000 bouff\u00e9es<\/strong>, Cet appareil garantit une exp\u00e9rience durable et agr\u00e9able, parfaite pour les vapoteurs qui appr\u00e9cient la fiabilit\u00e9 et la commodit\u00e9 d'un design \u00e9l\u00e9gant et facile \u00e0 utiliser.<\/p>\n\n\n\n<h3 class=\"wp-block-heading\"><strong>Caract\u00e9ristiques principales<\/strong><\/h3>\n\n\n\n<figure class=\"wp-block-table\"><table class=\"has-fixed-layout\"><thead><tr><th><strong>Fonctionnalit\u00e9<\/strong><\/th><th><strong>Sp\u00e9cifications<\/strong><\/th><\/tr><\/thead><tbody><tr><td><strong>Batterie<\/strong><\/td><td><strong>650mAh Rechargeable int\u00e9gr\u00e9e<\/strong><\/td><\/tr><tr><td><strong>Capacit\u00e9 d'e-juice<\/strong><\/td><td><strong>25ml pr\u00e9-rempli<\/strong><\/td><\/tr><tr><td><strong>Puffs<\/strong><\/td><td>Jusqu'\u00e0 <strong>15 000 bouff\u00e9es<\/strong><\/td><\/tr><tr><td><strong>Intensit\u00e9 de la nicotine<\/strong><\/td><td><strong>0%, 2%, 3%, 5%<\/strong><\/td><\/tr><tr><td><strong>Flux d'air r\u00e9glable<\/strong><\/td><td>Oui<\/td><\/tr><tr><td><strong>Performance<\/strong><\/td><td><strong>Une alimentation \u00e9lectrique efficace et coh\u00e9rente<\/strong><\/td><\/tr><tr><td><strong>Id\u00e9al pour<\/strong><\/td><td><strong>Vaping de longue dur\u00e9e et personnalisable<\/strong><\/td><\/tr><\/tbody><\/table><\/figure>\n\n\n\n<h3 class=\"wp-block-heading\"><strong>Liste des ar\u00f4mes<\/strong><\/h3>\n\n\n\n<ol class=\"wp-block-list\">\n<li>Past\u00e8que \u00e0 la fraise<\/li>\n\n\n\n<li>Glace aux trois baies<\/li>\n\n\n\n<li>Glace luxuriante<\/li>\n\n\n\n<li>Glace \u00e0 la p\u00eache<\/li>\n\n\n\n<li>Fraise Kiwi<\/li>\n\n\n\n<li>Glace Blue Razz<\/li>\n\n\n\n<li>Alo\u00e8s raisin<\/li>\n\n\n\n<li>P\u00eache Mangue<\/li>\n\n\n\n<li>Double pomme<\/li>\n\n\n\n<li>Fruits tropicaux<\/li>\n\n\n\n<li>Fraise et banane<\/li>\n\n\n\n<li>Kiwi Fruit de la passion Goyave<\/li>\n\n\n\n<li>Pomme acide Razberry<\/li>\n\n\n\n<li>Past\u00e8que Bubblegum<\/li>\n\n\n\n<li>Yogourt \u00e0 la fraise<\/li>\n\n\n\n<li>Glace du dragon noir<\/li>\n\n\n\n<li>Limonade rose<\/li>\n\n\n\n<li>Cerise Pop<\/li>\n\n\n\n<li>Menthe fra\u00eeche<\/li>\n\n\n\n<li>Barbe \u00e0 papa<\/li>\n<\/ol>\n\n\n\n<p>Les fans des produits Bang explorent souvent notre gamme compl\u00e8te pour trouver la vape id\u00e9ale. Commencez par la <a href=\"https:\/\/vapemaison.com\">page d'accueil<\/a>, D\u00e9couvrez tous les produits de notre <a href=\"https:\/\/vapemaison.com\/shop\">boutique<\/a>, ou de se plonger dans la <a href=\"https:\/\/vapemaison.com\/brand\/bang\">Marque Bang<\/a> pour d\u00e9couvrir l'ensemble de la programmation. Vous cherchez quelque chose de diff\u00e9rent ? Notre <a href=\"https:\/\/vapemaison.com\/brand\/waspe\">Collection WASPE<\/a> et <a href=\"https:\/\/vapemaison.com\/product-category\/puffs-count\/\">Cat\u00e9gorie Puffs<\/a> offrent de nombreuses options pour chaque vapoteur.<\/p>","protected":false},"excerpt":{"rendered":"<p><span class=\"\">D\u00e9couvrez le best-seller Bang King 15000,<\/span><span class=\"\"> d'une capacit\u00e9 de 25 ml et d'un flux d'air r\u00e9glable pour un usage enti\u00e8rement personnalis\u00e9,<\/span><span class=\"\"> exp\u00e9rience de vaporisation en douceur.<\/span><\/p>","protected":false},"featured_media":17516,"comment_status":"open","ping_status":"closed","template":"","meta":[],"product_brand":[57],"product_cat":[167],"product_tag":[],"class_list":{"0":"post-17515","1":"product","2":"type-product","3":"status-publish","4":"has-post-thumbnail","6":"product_brand-bang","7":"product_cat-15k-puffs","9":"first","10":"instock","11":"sale","12":"shipping-taxable","13":"purchasable","14":"product-type-variable"},"yoast_head":"<!-- This site is optimized with the Yoast SEO plugin v27.4 - https:\/\/yoast.com\/product\/yoast-seo-wordpress\/ -->\n<title>Bang King 15000 Puffs Disposable Vape - VapeMaison<\/title>\n<meta name=\"description\" content=\"Enjoy 15,000 puffs with the Bang King Vape. Featuring a 25ml e-juice capacity, and 20 delicious flavors. Rechargeable with 0%-5% nicotine options.\" \/>\n<meta name=\"robots\" content=\"index, follow, max-snippet:-1, max-image-preview:large, max-video-preview:-1\" \/>\n<link rel=\"canonical\" href=\"https:\/\/vapemaison.com\/fr\/produit\/bang-king-15000-puffs-jetable-vape-2\/\" \/>\n<meta property=\"og:locale\" content=\"fr_FR\" \/>\n<meta property=\"og:type\" content=\"article\" \/>\n<meta property=\"og:title\" content=\"Bang King 15000 Puffs Disposable Vape - VapeMaison\" \/>\n<meta property=\"og:description\" content=\"Enjoy 15,000 puffs with the Bang King Vape. Featuring a 25ml e-juice capacity, and 20 delicious flavors. Rechargeable with 0%-5% nicotine options.\" \/>\n<meta property=\"og:url\" content=\"https:\/\/vapemaison.com\/fr\/produit\/bang-king-15000-puffs-jetable-vape-2\/\" \/>\n<meta property=\"og:site_name\" content=\"VapeMaison\" \/>\n<meta property=\"article:modified_time\" content=\"2025-12-22T09:18:36+00:00\" \/>\n<meta property=\"og:image\" content=\"https:\/\/vapemaison.com\/wp-content\/uploads\/2025\/12\/vape-bang-king-15000-puffs-1.webp\" \/>\n\t<meta property=\"og:image:width\" content=\"800\" \/>\n\t<meta property=\"og:image:height\" content=\"800\" \/>\n\t<meta property=\"og:image:type\" content=\"image\/webp\" \/>\n<meta name=\"twitter:card\" content=\"summary_large_image\" \/>\n<meta name=\"twitter:label1\" content=\"Dur\u00e9e de lecture estim\u00e9e\" \/>\n\t<meta name=\"twitter:data1\" content=\"2 minutes\" \/>\n<!-- \/ Yoast SEO plugin. -->","yoast_head_json":{"title":"Bang King 15000 Puffs Vape jetable - VapeMaison","description":"Profitez de 15 000 bouff\u00e9es avec le Bang King Vape. Avec une capacit\u00e9 de 25 ml d'e-juice et 20 saveurs d\u00e9licieuses. Rechargeable avec les options de nicotine 0%-5%.","robots":{"index":"index","follow":"follow","max-snippet":"max-snippet:-1","max-image-preview":"max-image-preview:large","max-video-preview":"max-video-preview:-1"},"canonical":"https:\/\/vapemaison.com\/fr\/produit\/bang-king-15000-puffs-jetable-vape-2\/","og_locale":"fr_FR","og_type":"article","og_title":"Bang King 15000 Puffs Disposable Vape - VapeMaison","og_description":"Enjoy 15,000 puffs with the Bang King Vape. Featuring a 25ml e-juice capacity, and 20 delicious flavors. Rechargeable with 0%-5% nicotine options.","og_url":"https:\/\/vapemaison.com\/fr\/produit\/bang-king-15000-puffs-jetable-vape-2\/","og_site_name":"VapeMaison","article_modified_time":"2025-12-22T09:18:36+00:00","og_image":[{"width":800,"height":800,"url":"https:\/\/vapemaison.com\/wp-content\/uploads\/2025\/12\/vape-bang-king-15000-puffs-1.webp","type":"image\/webp"}],"twitter_card":"summary_large_image","twitter_misc":{"Dur\u00e9e de lecture estim\u00e9e":"2 minutes"},"schema":{"@context":"https:\/\/schema.org","@graph":[{"@type":"WebPage","@id":"https:\/\/vapemaison.com\/product\/bang-king-15000-puffs-disposable-vape-2\/","url":"https:\/\/vapemaison.com\/product\/bang-king-15000-puffs-disposable-vape-2\/","name":"Bang King 15000 Puffs Vape jetable - VapeMaison","isPartOf":{"@id":"https:\/\/vapemaison.com\/#website"},"primaryImageOfPage":{"@id":"https:\/\/vapemaison.com\/product\/bang-king-15000-puffs-disposable-vape-2\/#primaryimage"},"image":{"@id":"https:\/\/vapemaison.com\/product\/bang-king-15000-puffs-disposable-vape-2\/#primaryimage"},"thumbnailUrl":"https:\/\/vapemaison.com\/wp-content\/uploads\/2025\/12\/vape-bang-king-15000-puffs-1.webp","datePublished":"2025-12-12T07:19:29+00:00","dateModified":"2025-12-22T09:18:36+00:00","description":"Profitez de 15 000 bouff\u00e9es avec le Bang King Vape. Avec une capacit\u00e9 de 25 ml d'e-juice et 20 saveurs d\u00e9licieuses. Rechargeable avec les options de nicotine 0%-5%.","breadcrumb":{"@id":"https:\/\/vapemaison.com\/product\/bang-king-15000-puffs-disposable-vape-2\/#breadcrumb"},"inLanguage":"fr-FR","potentialAction":[{"@type":"ReadAction","target":["https:\/\/vapemaison.com\/product\/bang-king-15000-puffs-disposable-vape-2\/"]}]},{"@type":"ImageObject","inLanguage":"fr-FR","@id":"https:\/\/vapemaison.com\/product\/bang-king-15000-puffs-disposable-vape-2\/#primaryimage","url":"https:\/\/vapemaison.com\/wp-content\/uploads\/2025\/12\/vape-bang-king-15000-puffs-1.webp","contentUrl":"https:\/\/vapemaison.com\/wp-content\/uploads\/2025\/12\/vape-bang-king-15000-puffs-1.webp","width":800,"height":800,"caption":"Vape Bang King Puffs view 2"},{"@type":"BreadcrumbList","@id":"https:\/\/vapemaison.com\/product\/bang-king-15000-puffs-disposable-vape-2\/#breadcrumb","itemListElement":[{"@type":"ListItem","position":1,"name":"\u9996\u9875","item":"https:\/\/vapemaison.com\/"},{"@type":"ListItem","position":2,"name":"Shop","item":"https:\/\/vapemaison.com\/shop\/"},{"@type":"ListItem","position":3,"name":"Bang","item":"https:\/\/vapemaison.com\/brand\/bang\/"},{"@type":"ListItem","position":4,"name":"Bang King 15000 Puffs Disposable Vape"}]},{"@type":"WebSite","@id":"https:\/\/vapemaison.com\/#website","url":"https:\/\/vapemaison.com\/","name":"VapeMaison","description":"Appareils et accessoires de vapotage haut de gamme","publisher":{"@id":"https:\/\/vapemaison.com\/#organization"},"potentialAction":[{"@type":"SearchAction","target":{"@type":"EntryPoint","urlTemplate":"https:\/\/vapemaison.com\/?s={search_term_string}"},"query-input":{"@type":"PropertyValueSpecification","valueRequired":true,"valueName":"search_term_string"}}],"inLanguage":"fr-FR"},{"@type":"Organization","@id":"https:\/\/vapemaison.com\/#organization","name":"VapeMaison","url":"https:\/\/vapemaison.com\/","logo":{"@type":"ImageObject","inLanguage":"fr-FR","@id":"https:\/\/vapemaison.com\/#\/schema\/logo\/image\/","url":"https:\/\/vapemaison.com\/wp-content\/uploads\/2026\/01\/cropped-vapemaison-logo-g-2026.webp","contentUrl":"https:\/\/vapemaison.com\/wp-content\/uploads\/2026\/01\/cropped-vapemaison-logo-g-2026.webp","width":350,"height":280,"caption":"VapeMaison"},"image":{"@id":"https:\/\/vapemaison.com\/#\/schema\/logo\/image\/"},"sameAs":["https:\/\/www.youtube.com\/@VapeMaison"]}]}},"tiered_pricing_type":"fixed","tiered_pricing_fixed_rules":{"30":"7.45","50":"7.12","100":"6.63","200":"6.12"},"tiered_pricing_product_settings":{"layout":"default","base_unit_name":{"singular":null,"plural":null},"default_variation":null},"tiered_pricing_minimum_quantity":10,"tiered_pricing_roles_data":[],"tiered_pricing_percentage_rules":[],"tiered_pricing_maximum_quantity":null,"tiered_pricing_quantity_step":"10","_links":{"self":[{"href":"https:\/\/vapemaison.com\/fr\/wp-json\/wp\/v2\/product\/17515","targetHints":{"allow":["GET"]}}],"collection":[{"href":"https:\/\/vapemaison.com\/fr\/wp-json\/wp\/v2\/product"}],"about":[{"href":"https:\/\/vapemaison.com\/fr\/wp-json\/wp\/v2\/types\/product"}],"replies":[{"embeddable":true,"href":"https:\/\/vapemaison.com\/fr\/wp-json\/wp\/v2\/comments?post=17515"}],"version-history":[{"count":0,"href":"https:\/\/vapemaison.com\/fr\/wp-json\/wp\/v2\/product\/17515\/revisions"}],"wp:featuredmedia":[{"embeddable":true,"href":"https:\/\/vapemaison.com\/fr\/wp-json\/wp\/v2\/media\/17516"}],"wp:attachment":[{"href":"https:\/\/vapemaison.com\/fr\/wp-json\/wp\/v2\/media?parent=17515"}],"wp:term":[{"taxonomy":"product_brand","embeddable":true,"href":"https:\/\/vapemaison.com\/fr\/wp-json\/wp\/v2\/product_brand?post=17515"},{"taxonomy":"product_cat","embeddable":true,"href":"https:\/\/vapemaison.com\/fr\/wp-json\/wp\/v2\/product_cat?post=17515"},{"taxonomy":"product_tag","embeddable":true,"href":"https:\/\/vapemaison.com\/fr\/wp-json\/wp\/v2\/product_tag?post=17515"}],"curies":[{"name":"wp","href":"https:\/\/api.w.org\/{rel}","templated":true}]}}