

{"id":17642,"date":"2025-12-12T07:56:29","date_gmt":"2025-12-12T07:56:29","guid":{"rendered":"https:\/\/vapemaison.com\/?post_type=product&#038;p=17642"},"modified":"2025-12-22T09:18:28","modified_gmt":"2025-12-22T09:18:28","slug":"bang-20000-puffs-led-display-disposable-vape","status":"publish","type":"product","link":"https:\/\/vapemaison.com\/fr\/product\/bang-20000-puffs-led-display-disposable-vape\/","title":{"rendered":"Bang 20000 Puffs LED Display Vape jetable"},"content":{"rendered":"<p>Le <strong>Bang 20000 Puffs LED Display Vape jetable<\/strong> est con\u00e7u pour une exp\u00e9rience de vapotage sup\u00e9rieure, offrant une exp\u00e9rience de vapotage de qualit\u00e9 sup\u00e9rieure. <strong>20000 bouff\u00e9es stup\u00e9fiantes<\/strong> pour que vous puissiez profiter d'un vapotage prolong\u00e9 et sans probl\u00e8me. Cet appareil innovant est con\u00e7u pour d\u00e9livrer une vapeur douce et savoureuse gr\u00e2ce \u00e0 son syst\u00e8me d'aspiration. <strong>Bobine de 0.8ohm<\/strong>, Les bouff\u00e9es d'air chaud sont plus faciles \u00e0 nettoyer que les bouff\u00e9es d'air froid, ce qui garantit une saveur riche et constante \u00e0 chaque bouff\u00e9e.<\/p>\n\n\n\n<p>Avec une g\u00e9n\u00e9reuse <strong>Capacit\u00e9 de 25 ml d'e-liquide<\/strong>, Le Bang 20000 offre une grande quantit\u00e9 de nicotine pour un plaisir durable. Les taux de nicotine personnalisables de <strong>0%, 2%, 3% et 5%<\/strong> permettent aux utilisateurs d'adapter leur exp\u00e9rience \u00e0 leurs pr\u00e9f\u00e9rences, qu'il s'agisse d'une exp\u00e9rience sans nicotine ou d'un hit satisfaisant.<\/p>\n\n\n\n<p>Le <strong>Batterie rechargeable de 650mAh<\/strong> et <strong>Port de charge de type C<\/strong> permettent une recharge rapide et facile, afin que vous puissiez profiter de sessions ininterrompues. La batterie int\u00e9gr\u00e9e <strong>Affichage num\u00e9rique LED<\/strong> fournit des mises \u00e0 jour en temps r\u00e9el sur les niveaux de batterie et d'e-liquide, offrant un confort et un contr\u00f4le accrus pendant votre exp\u00e9rience de vapotage.<\/p>\n\n\n\n<h3 class=\"wp-block-heading\"><strong>Caract\u00e9ristiques principales<\/strong><\/h3>\n\n\n\n<figure class=\"wp-block-table\"><table class=\"has-fixed-layout\"><thead><tr><th><strong>Fonctionnalit\u00e9<\/strong><\/th><th><strong>Sp\u00e9cifications<\/strong><\/th><\/tr><\/thead><tbody><tr><td><strong>Puffs<\/strong><\/td><td>Jusqu'\u00e0 <strong>20000 bouff\u00e9es<\/strong><\/td><\/tr><tr><td><strong>Bobine<\/strong><\/td><td><strong>Bobine en maille 0.8ohm<\/strong><\/td><\/tr><tr><td><strong>Capacit\u00e9 en e-liquide<\/strong><\/td><td><strong>25ml pr\u00e9-rempli<\/strong><\/td><\/tr><tr><td><strong>Intensit\u00e9 de la nicotine<\/strong><\/td><td><strong>0%, 2%, 3%, 5%<\/strong><\/td><\/tr><tr><td><strong>Batterie<\/strong><\/td><td><strong>650mAh rechargeable<\/strong><\/td><\/tr><tr><td><strong>Chargement<\/strong><\/td><td><strong>Port de type C<\/strong><\/td><\/tr><tr><td><strong>Affichage<\/strong><\/td><td><strong>LED Affichage num\u00e9rique<\/strong><\/td><\/tr><\/tbody><\/table><\/figure>\n\n\n\n<h3 class=\"wp-block-heading\">Bang 20000 Puffs <strong>Liste des ar\u00f4mes<\/strong><\/h3>\n\n\n\n<ul class=\"wp-block-list\">\n<li>Menthe<\/li>\n\n\n\n<li>Lychee \u00e0 la fraise<\/li>\n\n\n\n<li>Fraise Kiwi<\/li>\n\n\n\n<li>Red Bull<\/li>\n\n\n\n<li>M\u00e9lange de fruits<\/li>\n\n\n\n<li>Glace aux myrtilles<\/li>\n\n\n\n<li>Myrtille Framboise<\/li>\n\n\n\n<li>Past\u00e8que \u00e0 la myrtille<\/li>\n\n\n\n<li>Past\u00e8que<\/li>\n\n\n\n<li>Melon d'eau \u00e0 la framboise<\/li>\n\n\n\n<li>Fraise Mangue<\/li>\n\n\n\n<li>Double pomme<\/li>\n\n\n\n<li>Mangue P\u00eache Past\u00e8que<\/li>\n<\/ul>\n\n\n\n<p>Les fans des produits Bang explorent souvent notre gamme compl\u00e8te pour trouver la vape id\u00e9ale. Commencez par la <a href=\"https:\/\/vapemaison.com\">page d'accueil<\/a>, D\u00e9couvrez tous les produits de notre <a href=\"https:\/\/vapemaison.com\/shop\">boutique<\/a>, ou de se plonger dans la <a href=\"https:\/\/vapemaison.com\/brand\/bang\">Marque Bang<\/a> pour d\u00e9couvrir l'ensemble de la programmation. Vous cherchez quelque chose de diff\u00e9rent ? Notre <a href=\"https:\/\/vapemaison.com\/brand\/waspe\">Collection WASPE<\/a> et <a href=\"https:\/\/vapemaison.com\/product-category\/puffs-count\/\">Cat\u00e9gorie Puffs<\/a> offrent de nombreuses options pour chaque vapoteur.<\/p>","protected":false},"excerpt":{"rendered":"<p>Obtenez une satisfaction sans effort avec 20 000 bouff\u00e9es et un syst\u00e8me de bobines de 0,8 ohm con\u00e7u pour des performances constantes et de haute capacit\u00e9. Contr\u00f4lez vos niveaux en temps r\u00e9el gr\u00e2ce \u00e0 l'affichage num\u00e9rique int\u00e9gr\u00e9 et commandez maintenant pour b\u00e9n\u00e9ficier de notre meilleur prix et d'une exp\u00e9dition rapide garantie.<\/p>","protected":false},"featured_media":17706,"comment_status":"open","ping_status":"closed","template":"","meta":[],"product_brand":[57],"product_cat":[133],"product_tag":[],"class_list":{"0":"post-17642","1":"product","2":"type-product","3":"status-publish","4":"has-post-thumbnail","6":"product_brand-bang","7":"product_cat-20k-puffs","9":"first","10":"instock","11":"sale","12":"shipping-taxable","13":"purchasable","14":"product-type-variable"},"yoast_head":"<!-- This site is optimized with the Yoast SEO plugin v27.4 - https:\/\/yoast.com\/product\/yoast-seo-wordpress\/ -->\n<title>Bang 20000 Puffs LED Display Disposable Vape - VapeMaison<\/title>\n<meta name=\"description\" content=\"Enjoy 20000 puffs with the Bang 20000 Vape. Featuring 25ml e-liquid, a 0.8ohm mesh coil, Type-C charging, and an LED display.\" \/>\n<meta name=\"robots\" content=\"index, follow, max-snippet:-1, max-image-preview:large, max-video-preview:-1\" \/>\n<link rel=\"canonical\" href=\"https:\/\/vapemaison.com\/fr\/produit\/bang-20000-puffs-led-display-disposable-vape\/\" \/>\n<meta property=\"og:locale\" content=\"fr_FR\" \/>\n<meta property=\"og:type\" content=\"article\" \/>\n<meta property=\"og:title\" content=\"Bang 20000 Puffs LED Display Disposable Vape - VapeMaison\" \/>\n<meta property=\"og:description\" content=\"Enjoy 20000 puffs with the Bang 20000 Vape. Featuring 25ml e-liquid, a 0.8ohm mesh coil, Type-C charging, and an LED display.\" \/>\n<meta property=\"og:url\" content=\"https:\/\/vapemaison.com\/fr\/produit\/bang-20000-puffs-led-display-disposable-vape\/\" \/>\n<meta property=\"og:site_name\" content=\"VapeMaison\" \/>\n<meta property=\"article:modified_time\" content=\"2025-12-22T09:18:28+00:00\" \/>\n<meta property=\"og:image\" content=\"https:\/\/vapemaison.com\/wp-content\/uploads\/2025\/12\/vape-bang-20000-Puffs-00018.jpg.webp\" \/>\n\t<meta property=\"og:image:width\" content=\"1000\" \/>\n\t<meta property=\"og:image:height\" content=\"1000\" \/>\n\t<meta property=\"og:image:type\" content=\"image\/webp\" \/>\n<meta name=\"twitter:card\" content=\"summary_large_image\" \/>\n<meta name=\"twitter:label1\" content=\"Dur\u00e9e de lecture estim\u00e9e\" \/>\n\t<meta name=\"twitter:data1\" content=\"2 minutes\" \/>\n<!-- \/ Yoast SEO plugin. -->","yoast_head_json":{"title":"Bang 20000 Puffs LED Display Vape jetable - VapeMaison","description":"Profitez de 20000 bouff\u00e9es avec la Bang 20000 Vape. Avec 25ml d'e-liquide, un coil mesh de 0,8ohm, une recharge Type-C et un \u00e9cran LED.","robots":{"index":"index","follow":"follow","max-snippet":"max-snippet:-1","max-image-preview":"max-image-preview:large","max-video-preview":"max-video-preview:-1"},"canonical":"https:\/\/vapemaison.com\/fr\/produit\/bang-20000-puffs-led-display-disposable-vape\/","og_locale":"fr_FR","og_type":"article","og_title":"Bang 20000 Puffs LED Display Disposable Vape - VapeMaison","og_description":"Enjoy 20000 puffs with the Bang 20000 Vape. Featuring 25ml e-liquid, a 0.8ohm mesh coil, Type-C charging, and an LED display.","og_url":"https:\/\/vapemaison.com\/fr\/produit\/bang-20000-puffs-led-display-disposable-vape\/","og_site_name":"VapeMaison","article_modified_time":"2025-12-22T09:18:28+00:00","og_image":[{"width":1000,"height":1000,"url":"https:\/\/vapemaison.com\/wp-content\/uploads\/2025\/12\/vape-bang-20000-Puffs-00018.jpg.webp","type":"image\/webp"}],"twitter_card":"summary_large_image","twitter_misc":{"Dur\u00e9e de lecture estim\u00e9e":"2 minutes"},"schema":{"@context":"https:\/\/schema.org","@graph":[{"@type":"WebPage","@id":"https:\/\/vapemaison.com\/product\/bang-20000-puffs-led-display-disposable-vape\/","url":"https:\/\/vapemaison.com\/product\/bang-20000-puffs-led-display-disposable-vape\/","name":"Bang 20000 Puffs LED Display Vape jetable - VapeMaison","isPartOf":{"@id":"https:\/\/vapemaison.com\/#website"},"primaryImageOfPage":{"@id":"https:\/\/vapemaison.com\/product\/bang-20000-puffs-led-display-disposable-vape\/#primaryimage"},"image":{"@id":"https:\/\/vapemaison.com\/product\/bang-20000-puffs-led-display-disposable-vape\/#primaryimage"},"thumbnailUrl":"https:\/\/vapemaison.com\/wp-content\/uploads\/2025\/12\/vape-bang-20000-Puffs-00018.jpg.webp","datePublished":"2025-12-12T07:56:29+00:00","dateModified":"2025-12-22T09:18:28+00:00","description":"Profitez de 20000 bouff\u00e9es avec la Bang 20000 Vape. Avec 25ml d'e-liquide, un coil mesh de 0,8ohm, une recharge Type-C et un \u00e9cran LED.","breadcrumb":{"@id":"https:\/\/vapemaison.com\/product\/bang-20000-puffs-led-display-disposable-vape\/#breadcrumb"},"inLanguage":"fr-FR","potentialAction":[{"@type":"ReadAction","target":["https:\/\/vapemaison.com\/product\/bang-20000-puffs-led-display-disposable-vape\/"]}]},{"@type":"ImageObject","inLanguage":"fr-FR","@id":"https:\/\/vapemaison.com\/product\/bang-20000-puffs-led-display-disposable-vape\/#primaryimage","url":"https:\/\/vapemaison.com\/wp-content\/uploads\/2025\/12\/vape-bang-20000-Puffs-00018.jpg.webp","contentUrl":"https:\/\/vapemaison.com\/wp-content\/uploads\/2025\/12\/vape-bang-20000-Puffs-00018.jpg.webp","width":1000,"height":1000,"caption":"Vape Bang Puffs.jpg"},{"@type":"BreadcrumbList","@id":"https:\/\/vapemaison.com\/product\/bang-20000-puffs-led-display-disposable-vape\/#breadcrumb","itemListElement":[{"@type":"ListItem","position":1,"name":"\u9996\u9875","item":"https:\/\/vapemaison.com\/"},{"@type":"ListItem","position":2,"name":"Shop","item":"https:\/\/vapemaison.com\/shop\/"},{"@type":"ListItem","position":3,"name":"Bang","item":"https:\/\/vapemaison.com\/brand\/bang\/"},{"@type":"ListItem","position":4,"name":"Bang 20000 Puffs LED Display Disposable Vape"}]},{"@type":"WebSite","@id":"https:\/\/vapemaison.com\/#website","url":"https:\/\/vapemaison.com\/","name":"VapeMaison","description":"Appareils et accessoires de vapotage haut de gamme","publisher":{"@id":"https:\/\/vapemaison.com\/#organization"},"potentialAction":[{"@type":"SearchAction","target":{"@type":"EntryPoint","urlTemplate":"https:\/\/vapemaison.com\/?s={search_term_string}"},"query-input":{"@type":"PropertyValueSpecification","valueRequired":true,"valueName":"search_term_string"}}],"inLanguage":"fr-FR"},{"@type":"Organization","@id":"https:\/\/vapemaison.com\/#organization","name":"VapeMaison","url":"https:\/\/vapemaison.com\/","logo":{"@type":"ImageObject","inLanguage":"fr-FR","@id":"https:\/\/vapemaison.com\/#\/schema\/logo\/image\/","url":"https:\/\/vapemaison.com\/wp-content\/uploads\/2026\/01\/cropped-vapemaison-logo-g-2026.webp","contentUrl":"https:\/\/vapemaison.com\/wp-content\/uploads\/2026\/01\/cropped-vapemaison-logo-g-2026.webp","width":350,"height":280,"caption":"VapeMaison"},"image":{"@id":"https:\/\/vapemaison.com\/#\/schema\/logo\/image\/"},"sameAs":["https:\/\/www.youtube.com\/@VapeMaison"]}]}},"tiered_pricing_type":"fixed","tiered_pricing_fixed_rules":{"30":"8.36","50":"7.89","100":"7.12","200":"6.63"},"tiered_pricing_product_settings":{"layout":"default","base_unit_name":{"singular":null,"plural":null},"default_variation":null},"tiered_pricing_minimum_quantity":10,"tiered_pricing_roles_data":[],"tiered_pricing_percentage_rules":[],"tiered_pricing_maximum_quantity":null,"tiered_pricing_quantity_step":"10","_links":{"self":[{"href":"https:\/\/vapemaison.com\/fr\/wp-json\/wp\/v2\/product\/17642","targetHints":{"allow":["GET"]}}],"collection":[{"href":"https:\/\/vapemaison.com\/fr\/wp-json\/wp\/v2\/product"}],"about":[{"href":"https:\/\/vapemaison.com\/fr\/wp-json\/wp\/v2\/types\/product"}],"replies":[{"embeddable":true,"href":"https:\/\/vapemaison.com\/fr\/wp-json\/wp\/v2\/comments?post=17642"}],"version-history":[{"count":0,"href":"https:\/\/vapemaison.com\/fr\/wp-json\/wp\/v2\/product\/17642\/revisions"}],"wp:featuredmedia":[{"embeddable":true,"href":"https:\/\/vapemaison.com\/fr\/wp-json\/wp\/v2\/media\/17706"}],"wp:attachment":[{"href":"https:\/\/vapemaison.com\/fr\/wp-json\/wp\/v2\/media?parent=17642"}],"wp:term":[{"taxonomy":"product_brand","embeddable":true,"href":"https:\/\/vapemaison.com\/fr\/wp-json\/wp\/v2\/product_brand?post=17642"},{"taxonomy":"product_cat","embeddable":true,"href":"https:\/\/vapemaison.com\/fr\/wp-json\/wp\/v2\/product_cat?post=17642"},{"taxonomy":"product_tag","embeddable":true,"href":"https:\/\/vapemaison.com\/fr\/wp-json\/wp\/v2\/product_tag?post=17642"}],"curies":[{"name":"wp","href":"https:\/\/api.w.org\/{rel}","templated":true}]}}