

{"id":17708,"date":"2025-12-12T08:37:35","date_gmt":"2025-12-12T08:37:35","guid":{"rendered":"https:\/\/vapemaison.com\/?post_type=product&#038;p=17708"},"modified":"2025-12-22T09:18:25","modified_gmt":"2025-12-22T09:18:25","slug":"bang-box-18000-puffs-led-display-disposable-vape","status":"publish","type":"product","link":"https:\/\/vapemaison.com\/fr\/product\/bang-box-18000-puffs-led-display-disposable-vape\/","title":{"rendered":"Bang Box 18000 bouff\u00e9es Affichage LED Vape jetable"},"content":{"rendered":"<p><strong>Bang Box 18000 Puffs LED Display Disposable Vape - Performance avanc\u00e9e et longue dur\u00e9e de vie<\/strong><\/p>\n\n\n\n<p>Le <strong>Bang Box 18000 bouff\u00e9es Affichage LED Vape jetable<\/strong> est un appareil innovant con\u00e7u pour offrir une exp\u00e9rience de vapotage extraordinaire. Avec un impressionnant <strong>18000 bouff\u00e9es<\/strong>, Gr\u00e2ce \u00e0 la technologie de pointe de la vapeur, cette vape garantit un plaisir prolong\u00e9 sans besoin de recharge ou de rechargement, ce qui la rend parfaite pour les vapoteurs occasionnels et exp\u00e9riment\u00e9s.<\/p>\n\n\n\n<p>\u00c9quip\u00e9 d'un <strong>Bobine de 0.8ohm<\/strong>, le <strong>Bang Box<\/strong> d\u00e9livre une vapeur douce et savoureuse \u00e0 chaque bouff\u00e9e, am\u00e9liorant ainsi votre exp\u00e9rience de vapotage. Les <strong>Capacit\u00e9 de 26 ml d'e-liquide<\/strong> garantit un approvisionnement g\u00e9n\u00e9reux pour une utilisation prolong\u00e9e, tandis que les niveaux de nicotine personnalisables du <strong>0%, 2%, 3% et 5%<\/strong> offrent la possibilit\u00e9 d'adapter l'appareil \u00e0 vos pr\u00e9f\u00e9rences.<\/p>\n\n\n\n<p>Le <strong>Batterie rechargeable de 850mAh<\/strong> garantit une distribution efficace de l'\u00e9nergie, et avec un <strong>Port de charge de type C<\/strong>, La recharge est rapide et pratique pour des sessions ininterrompues. Les <strong>Affichage num\u00e9rique LED<\/strong> permet aux utilisateurs de contr\u00f4ler facilement les niveaux de batterie et d'e-liquide, offrant ainsi une exp\u00e9rience de vapotage transparente et conviviale.<\/p>\n\n\n\n<h3 class=\"wp-block-heading\"><strong>Caract\u00e9ristiques principales<\/strong><\/h3>\n\n\n\n<figure class=\"wp-block-table\"><table class=\"has-fixed-layout\"><thead><tr><th><strong>Fonctionnalit\u00e9<\/strong><\/th><th><strong>Sp\u00e9cifications<\/strong><\/th><\/tr><\/thead><tbody><tr><td><strong>Puffs<\/strong><\/td><td>Jusqu'\u00e0 <strong>18 000 bouff\u00e9es<\/strong><\/td><\/tr><tr><td><strong>Bobine<\/strong><\/td><td><strong>Bobine en maille 0.8ohm<\/strong><\/td><\/tr><tr><td><strong>Capacit\u00e9 en e-liquide<\/strong><\/td><td><strong>26ml pr\u00e9-rempli<\/strong><\/td><\/tr><tr><td><strong>Intensit\u00e9 de la nicotine<\/strong><\/td><td><strong>0%, 2%, 3%, 5%<\/strong><\/td><\/tr><tr><td><strong>Batterie<\/strong><\/td><td><strong>850mAh rechargeable<\/strong><\/td><\/tr><tr><td><strong>Chargement<\/strong><\/td><td><strong>Port de type C<\/strong><\/td><\/tr><tr><td><strong>Affichage<\/strong><\/td><td><strong>LED Affichage num\u00e9rique<\/strong><\/td><\/tr><\/tbody><\/table><\/figure>\n\n\n\n<h3 class=\"wp-block-heading\">Bang Box <strong>Liste des ar\u00f4mes<\/strong><\/h3>\n\n\n\n<ol class=\"wp-block-list\">\n<li>Fraise Kiwi<\/li>\n\n\n\n<li>Glace aux myrtilles<\/li>\n\n\n\n<li>Past\u00e8que \u00e0 la fraise<\/li>\n\n\n\n<li>Glace \u00e0 la past\u00e8que<\/li>\n\n\n\n<li>Glace \u00e0 la myrtille et \u00e0 la framboise<\/li>\n\n\n\n<li>Melon d'eau \u00e0 la framboise<\/li>\n\n\n\n<li>Sang de tigre<\/li>\n\n\n\n<li>Glace aux trois baies<\/li>\n\n\n\n<li>Jus de p\u00eache<\/li>\n\n\n\n<li>Fraise Mangue<\/li>\n\n\n\n<li>Double pomme<\/li>\n\n\n\n<li>Mangue P\u00eache Past\u00e8que<\/li>\n<\/ol>\n\n\n\n<p>Les fans des produits Bang explorent souvent notre gamme compl\u00e8te pour trouver la vape id\u00e9ale. Commencez par la <a href=\"https:\/\/vapemaison.com\">page d'accueil<\/a>, D\u00e9couvrez tous les produits de notre <a href=\"https:\/\/vapemaison.com\/shop\">boutique<\/a>, ou de se plonger dans la <a href=\"https:\/\/vapemaison.com\/brand\/bang\">Marque Bang<\/a> pour d\u00e9couvrir l'ensemble de la programmation. Vous cherchez quelque chose de diff\u00e9rent ? Notre <a href=\"https:\/\/vapemaison.com\/brand\/waspe\">Collection WASPE<\/a> et <a href=\"https:\/\/vapemaison.com\/product-category\/puffs-count\/\">Cat\u00e9gorie Puffs<\/a> offrent de nombreuses options pour chaque vapoteur.<\/p>","protected":false},"excerpt":{"rendered":"<p>Profitez de 18 000 bouff\u00e9es savoureuses et d'une capacit\u00e9 g\u00e9n\u00e9reuse de 26 ml, le tout aliment\u00e9 par une bobine mesh 0,8 ohm haute performance et un affichage LED intelligent. Choisissez votre taux de nicotine id\u00e9al d\u00e8s aujourd'hui pour vous procurer ce mod\u00e8le avanc\u00e9 et de grande capacit\u00e9 tant que nos stocks actuels et notre offre d'exp\u00e9dition rapide restent actifs.<\/p>","protected":false},"featured_media":17709,"comment_status":"open","ping_status":"closed","template":"","meta":[],"product_brand":[57],"product_cat":[175],"product_tag":[],"class_list":{"0":"post-17708","1":"product","2":"type-product","3":"status-publish","4":"has-post-thumbnail","6":"product_brand-bang","7":"product_cat-18k-puffs","9":"first","10":"instock","11":"sale","12":"shipping-taxable","13":"purchasable","14":"product-type-variable"},"yoast_head":"<!-- This site is optimized with the Yoast SEO plugin v27.4 - https:\/\/yoast.com\/product\/yoast-seo-wordpress\/ -->\n<title>Bang Box 18000 Puffs LED Display Disposable Vape - VapeMaison<\/title>\n<meta name=\"description\" content=\"Enjoy 18,000 puffs with the Bang Box Vape. Featuring a 26ml e-liquid, Type-C charging, and LED display. Customize nicotine levels with 0%-5%.\" \/>\n<meta name=\"robots\" content=\"index, follow, max-snippet:-1, max-image-preview:large, max-video-preview:-1\" \/>\n<link rel=\"canonical\" href=\"https:\/\/vapemaison.com\/fr\/produit\/bang-box-18000-puffs-led-display-disposable-vape\/\" \/>\n<meta property=\"og:locale\" content=\"fr_FR\" \/>\n<meta property=\"og:type\" content=\"article\" \/>\n<meta property=\"og:title\" content=\"Bang Box 18000 Puffs LED Display Disposable Vape - VapeMaison\" \/>\n<meta property=\"og:description\" content=\"Enjoy 18,000 puffs with the Bang Box Vape. Featuring a 26ml e-liquid, Type-C charging, and LED display. Customize nicotine levels with 0%-5%.\" \/>\n<meta property=\"og:url\" content=\"https:\/\/vapemaison.com\/fr\/produit\/bang-box-18000-puffs-led-display-disposable-vape\/\" \/>\n<meta property=\"og:site_name\" content=\"VapeMaison\" \/>\n<meta property=\"article:modified_time\" content=\"2025-12-22T09:18:25+00:00\" \/>\n<meta property=\"og:image\" content=\"https:\/\/vapemaison.com\/wp-content\/uploads\/2025\/12\/vape-bang-box-18000-puffs-00018.png.webp\" \/>\n\t<meta property=\"og:image:width\" content=\"1000\" \/>\n\t<meta property=\"og:image:height\" content=\"1000\" \/>\n\t<meta property=\"og:image:type\" content=\"image\/webp\" \/>\n<meta name=\"twitter:card\" content=\"summary_large_image\" \/>\n<meta name=\"twitter:label1\" content=\"Dur\u00e9e de lecture estim\u00e9e\" \/>\n\t<meta name=\"twitter:data1\" content=\"2 minutes\" \/>\n<!-- \/ Yoast SEO plugin. -->","yoast_head_json":{"title":"Bang Box 18000 Puffs LED Display Vape jetable - VapeMaison","description":"Profitez de 18 000 bouff\u00e9es avec la Bang Box Vape. Dot\u00e9e d'un e-liquide de 26 ml, d'une recharge Type-C et d'un \u00e9cran LED. Personnalisez les niveaux de nicotine avec 0%-5%.","robots":{"index":"index","follow":"follow","max-snippet":"max-snippet:-1","max-image-preview":"max-image-preview:large","max-video-preview":"max-video-preview:-1"},"canonical":"https:\/\/vapemaison.com\/fr\/produit\/bang-box-18000-puffs-led-display-disposable-vape\/","og_locale":"fr_FR","og_type":"article","og_title":"Bang Box 18000 Puffs LED Display Disposable Vape - VapeMaison","og_description":"Enjoy 18,000 puffs with the Bang Box Vape. Featuring a 26ml e-liquid, Type-C charging, and LED display. Customize nicotine levels with 0%-5%.","og_url":"https:\/\/vapemaison.com\/fr\/produit\/bang-box-18000-puffs-led-display-disposable-vape\/","og_site_name":"VapeMaison","article_modified_time":"2025-12-22T09:18:25+00:00","og_image":[{"width":1000,"height":1000,"url":"https:\/\/vapemaison.com\/wp-content\/uploads\/2025\/12\/vape-bang-box-18000-puffs-00018.png.webp","type":"image\/webp"}],"twitter_card":"summary_large_image","twitter_misc":{"Dur\u00e9e de lecture estim\u00e9e":"2 minutes"},"schema":{"@context":"https:\/\/schema.org","@graph":[{"@type":"WebPage","@id":"https:\/\/vapemaison.com\/product\/bang-box-18000-puffs-led-display-disposable-vape\/","url":"https:\/\/vapemaison.com\/product\/bang-box-18000-puffs-led-display-disposable-vape\/","name":"Bang Box 18000 Puffs LED Display Vape jetable - VapeMaison","isPartOf":{"@id":"https:\/\/vapemaison.com\/#website"},"primaryImageOfPage":{"@id":"https:\/\/vapemaison.com\/product\/bang-box-18000-puffs-led-display-disposable-vape\/#primaryimage"},"image":{"@id":"https:\/\/vapemaison.com\/product\/bang-box-18000-puffs-led-display-disposable-vape\/#primaryimage"},"thumbnailUrl":"https:\/\/vapemaison.com\/wp-content\/uploads\/2025\/12\/vape-bang-box-18000-puffs-00018.png.webp","datePublished":"2025-12-12T08:37:35+00:00","dateModified":"2025-12-22T09:18:25+00:00","description":"Profitez de 18 000 bouff\u00e9es avec la Bang Box Vape. Dot\u00e9e d'un e-liquide de 26 ml, d'une recharge Type-C et d'un \u00e9cran LED. Personnalisez les niveaux de nicotine avec 0%-5%.","breadcrumb":{"@id":"https:\/\/vapemaison.com\/product\/bang-box-18000-puffs-led-display-disposable-vape\/#breadcrumb"},"inLanguage":"fr-FR","potentialAction":[{"@type":"ReadAction","target":["https:\/\/vapemaison.com\/product\/bang-box-18000-puffs-led-display-disposable-vape\/"]}]},{"@type":"ImageObject","inLanguage":"fr-FR","@id":"https:\/\/vapemaison.com\/product\/bang-box-18000-puffs-led-display-disposable-vape\/#primaryimage","url":"https:\/\/vapemaison.com\/wp-content\/uploads\/2025\/12\/vape-bang-box-18000-puffs-00018.png.webp","contentUrl":"https:\/\/vapemaison.com\/wp-content\/uploads\/2025\/12\/vape-bang-box-18000-puffs-00018.png.webp","width":1000,"height":1000,"caption":"vape-bang-box-18000-puffs-00018.png"},{"@type":"BreadcrumbList","@id":"https:\/\/vapemaison.com\/product\/bang-box-18000-puffs-led-display-disposable-vape\/#breadcrumb","itemListElement":[{"@type":"ListItem","position":1,"name":"\u9996\u9875","item":"https:\/\/vapemaison.com\/"},{"@type":"ListItem","position":2,"name":"Shop","item":"https:\/\/vapemaison.com\/shop\/"},{"@type":"ListItem","position":3,"name":"Bang","item":"https:\/\/vapemaison.com\/brand\/bang\/"},{"@type":"ListItem","position":4,"name":"Bang Box 18000 Puffs LED Display Disposable Vape"}]},{"@type":"WebSite","@id":"https:\/\/vapemaison.com\/#website","url":"https:\/\/vapemaison.com\/","name":"VapeMaison","description":"Appareils et accessoires de vapotage haut de gamme","publisher":{"@id":"https:\/\/vapemaison.com\/#organization"},"potentialAction":[{"@type":"SearchAction","target":{"@type":"EntryPoint","urlTemplate":"https:\/\/vapemaison.com\/?s={search_term_string}"},"query-input":{"@type":"PropertyValueSpecification","valueRequired":true,"valueName":"search_term_string"}}],"inLanguage":"fr-FR"},{"@type":"Organization","@id":"https:\/\/vapemaison.com\/#organization","name":"VapeMaison","url":"https:\/\/vapemaison.com\/","logo":{"@type":"ImageObject","inLanguage":"fr-FR","@id":"https:\/\/vapemaison.com\/#\/schema\/logo\/image\/","url":"https:\/\/vapemaison.com\/wp-content\/uploads\/2026\/01\/cropped-vapemaison-logo-g-2026.webp","contentUrl":"https:\/\/vapemaison.com\/wp-content\/uploads\/2026\/01\/cropped-vapemaison-logo-g-2026.webp","width":350,"height":280,"caption":"VapeMaison"},"image":{"@id":"https:\/\/vapemaison.com\/#\/schema\/logo\/image\/"},"sameAs":["https:\/\/www.youtube.com\/@VapeMaison"]}]}},"tiered_pricing_type":"fixed","tiered_pricing_fixed_rules":{"30":"7.43","50":"6.98","100":"6.63","200":"5.99"},"tiered_pricing_product_settings":{"layout":"default","base_unit_name":{"singular":null,"plural":null},"default_variation":null},"tiered_pricing_minimum_quantity":10,"tiered_pricing_roles_data":[],"tiered_pricing_percentage_rules":[],"tiered_pricing_maximum_quantity":null,"tiered_pricing_quantity_step":"10","_links":{"self":[{"href":"https:\/\/vapemaison.com\/fr\/wp-json\/wp\/v2\/product\/17708","targetHints":{"allow":["GET"]}}],"collection":[{"href":"https:\/\/vapemaison.com\/fr\/wp-json\/wp\/v2\/product"}],"about":[{"href":"https:\/\/vapemaison.com\/fr\/wp-json\/wp\/v2\/types\/product"}],"replies":[{"embeddable":true,"href":"https:\/\/vapemaison.com\/fr\/wp-json\/wp\/v2\/comments?post=17708"}],"version-history":[{"count":0,"href":"https:\/\/vapemaison.com\/fr\/wp-json\/wp\/v2\/product\/17708\/revisions"}],"wp:featuredmedia":[{"embeddable":true,"href":"https:\/\/vapemaison.com\/fr\/wp-json\/wp\/v2\/media\/17709"}],"wp:attachment":[{"href":"https:\/\/vapemaison.com\/fr\/wp-json\/wp\/v2\/media?parent=17708"}],"wp:term":[{"taxonomy":"product_brand","embeddable":true,"href":"https:\/\/vapemaison.com\/fr\/wp-json\/wp\/v2\/product_brand?post=17708"},{"taxonomy":"product_cat","embeddable":true,"href":"https:\/\/vapemaison.com\/fr\/wp-json\/wp\/v2\/product_cat?post=17708"},{"taxonomy":"product_tag","embeddable":true,"href":"https:\/\/vapemaison.com\/fr\/wp-json\/wp\/v2\/product_tag?post=17708"}],"curies":[{"name":"wp","href":"https:\/\/api.w.org\/{rel}","templated":true}]}}