

{"id":17768,"date":"2025-12-12T08:48:53","date_gmt":"2025-12-12T08:48:53","guid":{"rendered":"https:\/\/vapemaison.com\/?post_type=product&#038;p=17768"},"modified":"2025-12-22T09:18:20","modified_gmt":"2025-12-22T09:18:20","slug":"bang-tornado-12000-puffs-jetable-vape","status":"publish","type":"product","link":"https:\/\/vapemaison.com\/fr\/product\/bang-tornado-12000-puffs-disposable-vape\/","title":{"rendered":"Bang Tornado 12000 bouff\u00e9es Vape jetable"},"content":{"rendered":"<p>Le <strong>Bang Tornado 12000 bouff\u00e9es Vape jetable<\/strong> offre une exp\u00e9rience de vapotage puissante et visuellement saisissante, parfaite pour ceux qui ont envie d'une utilisation prolong\u00e9e et d'une saveur exceptionnelle. Avec un impressionnant <strong>12 000 bouff\u00e9es<\/strong> et un <strong>R\u00e9servoir d'e-liquide de 20ml<\/strong>, Cet appareil offre une vape satisfaisante et durable, id\u00e9ale pour un plaisir tout au long de la journ\u00e9e.<\/p>\n\n\n\n<p>Aliment\u00e9 par un <strong>Batterie rechargeable de 650mAh<\/strong>, le <strong>Bang Tornado<\/strong> 12000 offre des performances fiables, tandis que son <strong>Port de charge de type C<\/strong> (5V 1A) garantit une recharge rapide et efficace, minimisant ainsi les temps d'arr\u00eat. Dot\u00e9 d'un <strong>Bobine de 1.0ohm<\/strong>, Il d\u00e9livre une vapeur douce et r\u00e9guli\u00e8re avec une saveur am\u00e9lior\u00e9e, faisant de chaque bouff\u00e9e une exp\u00e9rience de premier ordre.<\/p>\n\n\n\n<p>Fabriqu\u00e9 \u00e0 partir de mat\u00e9riaux durables <strong>Mat\u00e9riau PC<\/strong>, L'appareil est con\u00e7u pour durer, et l'ajout de la fonction <strong>Lumi\u00e8res color\u00e9es LED<\/strong> lui conf\u00e8re une apparence vibrante et moderne, ajoutant de l'\u00e9clat \u00e0 vos sessions de vapotage. Avec des taux de nicotine allant de <strong>0% \u00e0 5%<\/strong>, Le Bang Tornado est personnalisable pour s'adapter \u00e0 votre style de vapotage pr\u00e9f\u00e9r\u00e9.<\/p>\n\n\n\n<h3 class=\"wp-block-heading\"><strong>Caract\u00e9ristiques principales<\/strong><\/h3>\n\n\n\n<figure class=\"wp-block-table\"><table class=\"has-fixed-layout\"><thead><tr><th><strong>Fonctionnalit\u00e9<\/strong><\/th><th><strong>Sp\u00e9cifications<\/strong><\/th><\/tr><\/thead><tbody><tr><td><strong>Puffs<\/strong><\/td><td>Jusqu'\u00e0 <strong>12 000 bouff\u00e9es<\/strong><\/td><\/tr><tr><td><strong>Capacit\u00e9 en e-liquide<\/strong><\/td><td><strong>20ml pr\u00e9-rempli<\/strong><\/td><\/tr><tr><td><strong>Intensit\u00e9 de la nicotine<\/strong><\/td><td><strong>0%, 2%, 3%, 5%<\/strong><\/td><\/tr><tr><td><strong>Batterie<\/strong><\/td><td><strong>650mAh rechargeable<\/strong><\/td><\/tr><tr><td><strong>Chargement<\/strong><\/td><td><strong>Port de type C<\/strong> (5V 1A)<\/td><\/tr><tr><td><strong>Mat\u00e9riau<\/strong><\/td><td><strong>PC durable<\/strong><\/td><\/tr><tr><td><strong>Bobine<\/strong><\/td><td><strong>Bobine de 1.0ohm<\/strong><\/td><\/tr><tr><td><strong>Lumi\u00e8re LED<\/strong><\/td><td><strong>Lumi\u00e8res LED color\u00e9es<\/strong><\/td><\/tr><tr><td><strong>Emballage<\/strong><\/td><td><strong>10 pi\u00e8ces par bo\u00eete<\/strong><\/td><\/tr><\/tbody><\/table><\/figure>\n\n\n\n<h3 class=\"wp-block-heading\"><strong>Liste des ar\u00f4mes<\/strong><\/h3>\n\n\n\n<ol class=\"wp-block-list\">\n<li>Fraise et banane<\/li>\n\n\n\n<li>Kiwi Fruit de la passion Goyave<\/li>\n\n\n\n<li>Fraise Kiwi<\/li>\n\n\n\n<li>Glace Blue Razz<\/li>\n\n\n\n<li>Pomme acide Framboise<\/li>\n\n\n\n<li>Past\u00e8que Bubblegum<\/li>\n\n\n\n<li>Past\u00e8que \u00e0 la fraise<\/li>\n\n\n\n<li>Jus de fraise<\/li>\n\n\n\n<li>Glace du dragon noir<\/li>\n\n\n\n<li>Glace \u00e0 la past\u00e8que<\/li>\n\n\n\n<li>Glace aux myrtilles<\/li>\n\n\n\n<li>P\u00eache Mangue Past\u00e8que<\/li>\n\n\n\n<li>Glace de raisin<\/li>\n\n\n\n<li>M\u00e9lange de fruits<\/li>\n\n\n\n<li>Lychee \u00e0 la fraise<\/li>\n\n\n\n<li>Glace \u00e0 la menthe<\/li>\n\n\n\n<li>Melon d'eau \u00e0 la framboise<\/li>\n\n\n\n<li>Glace \u00e0 la fraise<\/li>\n\n\n\n<li>Glace \u00e0 la p\u00eache<\/li>\n\n\n\n<li>Fraise Mangue<\/li>\n<\/ol>\n\n\n\n<p>Les fans des produits Bang explorent souvent notre gamme compl\u00e8te pour trouver la vape id\u00e9ale. Commencez par la <a href=\"https:\/\/vapemaison.com\">page d'accueil<\/a>, D\u00e9couvrez tous les produits de notre <a href=\"https:\/\/vapemaison.com\/shop\">boutique<\/a>, ou de se plonger dans la <a href=\"https:\/\/vapemaison.com\/brand\/bang\">Marque Bang<\/a> pour d\u00e9couvrir l'ensemble de la programmation. Vous cherchez quelque chose de diff\u00e9rent ? Notre <a href=\"https:\/\/vapemaison.com\/brand\/waspe\">Collection WASPE<\/a> et <a href=\"https:\/\/vapemaison.com\/product-category\/puffs-count\/\">Cat\u00e9gorie Puffs<\/a> offrent de nombreuses options pour chaque vapoteur.<\/p>","protected":false},"excerpt":{"rendered":"<div id=\"model-response-message-contentr_1390ad1f86f9ddbe\" class=\"markdown markdown-main-panel stronger enable-updated-hr-color\" dir=\"ltr\" aria-live=\"polite\" aria-busy=\"false\">\n<p data-path-to-node=\"0\">Faites l'exp\u00e9rience de 12 000 bouff\u00e9es savoureuses associ\u00e9es \u00e0 un design vibrant \u00e9clair\u00e9 par LED et \u00e0 un serpentin \u00e0 mailles haute performance pour un r\u00e9sultat toujours doux. Choisissez le taux de nicotine qui vous convient le mieux et procurez-vous d\u00e8s aujourd'hui cet appareil haut de gamme et durable, tant que nos stocks sont disponibles.<\/p>\n<\/div>","protected":false},"featured_media":17779,"comment_status":"open","ping_status":"closed","template":"","meta":[],"product_brand":[57],"product_cat":[154],"product_tag":[],"class_list":{"0":"post-17768","1":"product","2":"type-product","3":"status-publish","4":"has-post-thumbnail","6":"product_brand-bang","7":"product_cat-12k-puffs","9":"first","10":"instock","11":"sale","12":"shipping-taxable","13":"purchasable","14":"product-type-variable"},"yoast_head":"<!-- This site is optimized with the Yoast SEO plugin v27.4 - https:\/\/yoast.com\/product\/yoast-seo-wordpress\/ -->\n<title>Bang Tornado 12000 Puffs Disposable Vape with LED Lights - VapeMaison<\/title>\n<meta name=\"description\" content=\"Enjoy Bang Tornado 12000 Puffs Vape. Featuring a 20ml e-liquid capacity, 1.0ohm mesh coil, LED lights, and Type-C charging. Available in 0%-5% nicotine.\" \/>\n<meta name=\"robots\" content=\"index, follow, max-snippet:-1, max-image-preview:large, max-video-preview:-1\" \/>\n<link rel=\"canonical\" href=\"https:\/\/vapemaison.com\/fr\/produit\/bang-tornado-12000-puffs-jetable-vape\/\" \/>\n<meta property=\"og:locale\" content=\"fr_FR\" \/>\n<meta property=\"og:type\" content=\"article\" \/>\n<meta property=\"og:title\" content=\"Bang Tornado 12000 Puffs Disposable Vape with LED Lights - VapeMaison\" \/>\n<meta property=\"og:description\" content=\"Enjoy Bang Tornado 12000 Puffs Vape. Featuring a 20ml e-liquid capacity, 1.0ohm mesh coil, LED lights, and Type-C charging. Available in 0%-5% nicotine.\" \/>\n<meta property=\"og:url\" content=\"https:\/\/vapemaison.com\/fr\/produit\/bang-tornado-12000-puffs-jetable-vape\/\" \/>\n<meta property=\"og:site_name\" content=\"VapeMaison\" \/>\n<meta property=\"article:modified_time\" content=\"2025-12-22T09:18:20+00:00\" \/>\n<meta property=\"og:image\" content=\"https:\/\/vapemaison.com\/wp-content\/uploads\/2025\/12\/vape-bang-tornado-12000-puffs-11.webp\" \/>\n\t<meta property=\"og:image:width\" content=\"1000\" \/>\n\t<meta property=\"og:image:height\" content=\"1000\" \/>\n\t<meta property=\"og:image:type\" content=\"image\/webp\" \/>\n<meta name=\"twitter:card\" content=\"summary_large_image\" \/>\n<meta name=\"twitter:label1\" content=\"Dur\u00e9e de lecture estim\u00e9e\" \/>\n\t<meta name=\"twitter:data1\" content=\"2 minutes\" \/>\n<!-- \/ Yoast SEO plugin. -->","yoast_head_json":{"title":"Bang Tornado 12000 bouff\u00e9es Vape jetable avec lumi\u00e8res LED - VapeMaison","description":"Enjoy Bang Tornado 12000 Puffs Vape. Dot\u00e9 d'une capacit\u00e9 d'e-liquide de 20 ml, d'une bobine mesh de 1,0 ohm, de lumi\u00e8res LED et d'un chargement Type-C. Disponible en nicotine 0%-5%.","robots":{"index":"index","follow":"follow","max-snippet":"max-snippet:-1","max-image-preview":"max-image-preview:large","max-video-preview":"max-video-preview:-1"},"canonical":"https:\/\/vapemaison.com\/fr\/produit\/bang-tornado-12000-puffs-jetable-vape\/","og_locale":"fr_FR","og_type":"article","og_title":"Bang Tornado 12000 Puffs Disposable Vape with LED Lights - VapeMaison","og_description":"Enjoy Bang Tornado 12000 Puffs Vape. Featuring a 20ml e-liquid capacity, 1.0ohm mesh coil, LED lights, and Type-C charging. Available in 0%-5% nicotine.","og_url":"https:\/\/vapemaison.com\/fr\/produit\/bang-tornado-12000-puffs-jetable-vape\/","og_site_name":"VapeMaison","article_modified_time":"2025-12-22T09:18:20+00:00","og_image":[{"width":1000,"height":1000,"url":"https:\/\/vapemaison.com\/wp-content\/uploads\/2025\/12\/vape-bang-tornado-12000-puffs-11.webp","type":"image\/webp"}],"twitter_card":"summary_large_image","twitter_misc":{"Dur\u00e9e de lecture estim\u00e9e":"2 minutes"},"schema":{"@context":"https:\/\/schema.org","@graph":[{"@type":"WebPage","@id":"https:\/\/vapemaison.com\/product\/bang-tornado-12000-puffs-disposable-vape\/","url":"https:\/\/vapemaison.com\/product\/bang-tornado-12000-puffs-disposable-vape\/","name":"Bang Tornado 12000 bouff\u00e9es Vape jetable avec lumi\u00e8res LED - VapeMaison","isPartOf":{"@id":"https:\/\/vapemaison.com\/#website"},"primaryImageOfPage":{"@id":"https:\/\/vapemaison.com\/product\/bang-tornado-12000-puffs-disposable-vape\/#primaryimage"},"image":{"@id":"https:\/\/vapemaison.com\/product\/bang-tornado-12000-puffs-disposable-vape\/#primaryimage"},"thumbnailUrl":"https:\/\/vapemaison.com\/wp-content\/uploads\/2025\/12\/vape-bang-tornado-12000-puffs-11.webp","datePublished":"2025-12-12T08:48:53+00:00","dateModified":"2025-12-22T09:18:20+00:00","description":"Enjoy Bang Tornado 12000 Puffs Vape. Dot\u00e9 d'une capacit\u00e9 d'e-liquide de 20 ml, d'une bobine mesh de 1,0 ohm, de lumi\u00e8res LED et d'un chargement Type-C. Disponible en nicotine 0%-5%.","breadcrumb":{"@id":"https:\/\/vapemaison.com\/product\/bang-tornado-12000-puffs-disposable-vape\/#breadcrumb"},"inLanguage":"fr-FR","potentialAction":[{"@type":"ReadAction","target":["https:\/\/vapemaison.com\/product\/bang-tornado-12000-puffs-disposable-vape\/"]}]},{"@type":"ImageObject","inLanguage":"fr-FR","@id":"https:\/\/vapemaison.com\/product\/bang-tornado-12000-puffs-disposable-vape\/#primaryimage","url":"https:\/\/vapemaison.com\/wp-content\/uploads\/2025\/12\/vape-bang-tornado-12000-puffs-11.webp","contentUrl":"https:\/\/vapemaison.com\/wp-content\/uploads\/2025\/12\/vape-bang-tornado-12000-puffs-11.webp","width":1000,"height":1000,"caption":"vape-bang-tornado-12000-puffs-11"},{"@type":"BreadcrumbList","@id":"https:\/\/vapemaison.com\/product\/bang-tornado-12000-puffs-disposable-vape\/#breadcrumb","itemListElement":[{"@type":"ListItem","position":1,"name":"\u9996\u9875","item":"https:\/\/vapemaison.com\/"},{"@type":"ListItem","position":2,"name":"Shop","item":"https:\/\/vapemaison.com\/shop\/"},{"@type":"ListItem","position":3,"name":"Bang","item":"https:\/\/vapemaison.com\/brand\/bang\/"},{"@type":"ListItem","position":4,"name":"Bang Tornado 12000 Puffs Disposable Vape"}]},{"@type":"WebSite","@id":"https:\/\/vapemaison.com\/#website","url":"https:\/\/vapemaison.com\/","name":"VapeMaison","description":"Appareils et accessoires de vapotage haut de gamme","publisher":{"@id":"https:\/\/vapemaison.com\/#organization"},"potentialAction":[{"@type":"SearchAction","target":{"@type":"EntryPoint","urlTemplate":"https:\/\/vapemaison.com\/?s={search_term_string}"},"query-input":{"@type":"PropertyValueSpecification","valueRequired":true,"valueName":"search_term_string"}}],"inLanguage":"fr-FR"},{"@type":"Organization","@id":"https:\/\/vapemaison.com\/#organization","name":"VapeMaison","url":"https:\/\/vapemaison.com\/","logo":{"@type":"ImageObject","inLanguage":"fr-FR","@id":"https:\/\/vapemaison.com\/#\/schema\/logo\/image\/","url":"https:\/\/vapemaison.com\/wp-content\/uploads\/2026\/01\/cropped-vapemaison-logo-g-2026.webp","contentUrl":"https:\/\/vapemaison.com\/wp-content\/uploads\/2026\/01\/cropped-vapemaison-logo-g-2026.webp","width":350,"height":280,"caption":"VapeMaison"},"image":{"@id":"https:\/\/vapemaison.com\/#\/schema\/logo\/image\/"},"sameAs":["https:\/\/www.youtube.com\/@VapeMaison"]}]}},"tiered_pricing_type":"fixed","tiered_pricing_fixed_rules":{"30":"7.63","50":"7.12","100":"6.77","200":"6.23"},"tiered_pricing_product_settings":{"layout":"default","base_unit_name":{"singular":null,"plural":null},"default_variation":null},"tiered_pricing_minimum_quantity":10,"tiered_pricing_roles_data":[],"tiered_pricing_percentage_rules":[],"tiered_pricing_maximum_quantity":null,"tiered_pricing_quantity_step":"10","_links":{"self":[{"href":"https:\/\/vapemaison.com\/fr\/wp-json\/wp\/v2\/product\/17768","targetHints":{"allow":["GET"]}}],"collection":[{"href":"https:\/\/vapemaison.com\/fr\/wp-json\/wp\/v2\/product"}],"about":[{"href":"https:\/\/vapemaison.com\/fr\/wp-json\/wp\/v2\/types\/product"}],"replies":[{"embeddable":true,"href":"https:\/\/vapemaison.com\/fr\/wp-json\/wp\/v2\/comments?post=17768"}],"version-history":[{"count":0,"href":"https:\/\/vapemaison.com\/fr\/wp-json\/wp\/v2\/product\/17768\/revisions"}],"wp:featuredmedia":[{"embeddable":true,"href":"https:\/\/vapemaison.com\/fr\/wp-json\/wp\/v2\/media\/17779"}],"wp:attachment":[{"href":"https:\/\/vapemaison.com\/fr\/wp-json\/wp\/v2\/media?parent=17768"}],"wp:term":[{"taxonomy":"product_brand","embeddable":true,"href":"https:\/\/vapemaison.com\/fr\/wp-json\/wp\/v2\/product_brand?post=17768"},{"taxonomy":"product_cat","embeddable":true,"href":"https:\/\/vapemaison.com\/fr\/wp-json\/wp\/v2\/product_cat?post=17768"},{"taxonomy":"product_tag","embeddable":true,"href":"https:\/\/vapemaison.com\/fr\/wp-json\/wp\/v2\/product_tag?post=17768"}],"curies":[{"name":"wp","href":"https:\/\/api.w.org\/{rel}","templated":true}]}}