

{"id":17861,"date":"2025-12-12T09:03:53","date_gmt":"2025-12-12T09:03:53","guid":{"rendered":"https:\/\/vapemaison.com\/?post_type=product&#038;p=17861"},"modified":"2026-01-09T08:36:04","modified_gmt":"2026-01-09T08:36:04","slug":"bang-king-smart-screen-15000-puffs-vape","status":"publish","type":"product","link":"https:\/\/vapemaison.com\/fr\/product\/bang-king-smart-screen-15000-puffs-vape\/","title":{"rendered":"Bang King Smart Screen 15000 bouff\u00e9es Vape jetable"},"content":{"rendered":"<p>Le <strong>Bang King Smartscreen 15000 bouff\u00e9es \u00e9cran LED Vape jetable<\/strong> est un appareil haut de gamme con\u00e7u pour ceux qui exigent des performances et une commodit\u00e9 sup\u00e9rieures. Avec un impressionnant <strong>Capacit\u00e9 de 25 ml d'e-liquide<\/strong> et <strong>15000 bouff\u00e9es<\/strong>, Cette vape offre une exp\u00e9rience durable et satisfaisante. Les <strong>Batterie de 650mAh<\/strong> fournit une alimentation fiable, tandis que le <strong>Port rechargeable de type C<\/strong> assure une charge rapide et efficace.<\/p>\n\n\n\n<p>Le <strong>Fil chauffant \u00e0 mailles de 1,0\u03a9<\/strong> d\u00e9livre une vapeur homog\u00e8ne et douce, maximisant les saveurs et les performances \u00e0 chaque bouff\u00e9e. Les <strong>Affichage LED<\/strong> offre une visibilit\u00e9 en temps r\u00e9el de la <strong>batterie<\/strong> et <strong>niveaux d'e-liquide<\/strong>, permettant aux utilisateurs de rester inform\u00e9s et de garder le contr\u00f4le tout au long de leurs sessions de vapotage.<\/p>\n\n\n\n<p>Avec <strong>concentrations de nicotine r\u00e9glables<\/strong> de <strong>0%, 2%, 3% et 5%<\/strong>, le <strong>Bang King Smartscreen<\/strong> r\u00e9pond \u00e0 toutes les pr\u00e9f\u00e9rences, garantissant une exp\u00e9rience optimis\u00e9e, que vous pr\u00e9f\u00e9riez un produit sans nicotine ou un produit plus puissant.<\/p>\n\n\n\n<h3 class=\"wp-block-heading\">Bang King <strong>Caract\u00e9ristiques principales<\/strong><\/h3>\n\n\n\n<figure class=\"wp-block-table\"><table class=\"has-fixed-layout\"><thead><tr><th><strong>Fonctionnalit\u00e9<\/strong><\/th><th><strong>Sp\u00e9cifications<\/strong><\/th><\/tr><\/thead><tbody><tr><td><strong>Capacit\u00e9 en e-liquide<\/strong><\/td><td><strong>25ml pr\u00e9-rempli<\/strong><\/td><\/tr><tr><td><strong>Intensit\u00e9 de la nicotine<\/strong><\/td><td><strong>0%, 2%, 3%, 5%<\/strong><\/td><\/tr><tr><td><strong>Batterie<\/strong><\/td><td><strong>650mAh rechargeable<\/strong><\/td><\/tr><tr><td><strong>Puffs<\/strong><\/td><td>Jusqu'\u00e0 <strong>15 000 bouff\u00e9es<\/strong><\/td><\/tr><tr><td><strong>Chargement<\/strong><\/td><td><strong>Port de type C<\/strong><\/td><\/tr><tr><td><strong>Fil chauffant<\/strong><\/td><td><strong>1.0\u03a9 noyau maill\u00e9<\/strong><\/td><\/tr><tr><td><strong>Affichage<\/strong><\/td><td><strong>Affichage LED<\/strong> pour les niveaux de batterie et d'e-liquide<\/td><\/tr><tr><td><strong>Emballage<\/strong><\/td><td><strong>1 bo\u00eete contient 10 pi\u00e8ces<\/strong><\/td><\/tr><\/tbody><\/table><\/figure>\n\n\n\n<h3 class=\"wp-block-heading\"><strong>Liste des ar\u00f4mes<\/strong><\/h3>\n\n\n\n<ol class=\"wp-block-list\">\n<li>Gel bleu<\/li>\n\n\n\n<li>Explosion de baies<\/li>\n\n\n\n<li>Bleu cerise citron<\/li>\n\n\n\n<li>Gel de p\u00eache<\/li>\n\n\n\n<li>Gel de raisin<\/li>\n\n\n\n<li>P\u00eache Baies<\/li>\n\n\n\n<li>Pomme acide Razberry<\/li>\n\n\n\n<li>Triple fruit<\/li>\n\n\n\n<li>Glace luxuriante<\/li>\n\n\n\n<li>Past\u00e8que \u00e0 la fraise<\/li>\n<\/ol>\n\n\n\n<p>Les fans des produits Bang explorent souvent notre gamme compl\u00e8te pour trouver la vape id\u00e9ale. Commencez par la <a href=\"https:\/\/vapemaison.com\">page d'accueil<\/a>, et notre <a href=\"https:\/\/vapemaison.com\/product-category\/hot-series\/\">Best-Selling<\/a> D\u00e9couvrez tous les produits de notre gamme <a href=\"https:\/\/vapemaison.com\/shop\">boutique<\/a>, ou de se plonger dans la <a href=\"https:\/\/vapemaison.com\/brand\/bang\">Marque Bang<\/a> pour d\u00e9couvrir l'ensemble de la programmation. Vous cherchez quelque chose de diff\u00e9rent ? Notre <a href=\"https:\/\/vapemaison.com\/brand\/waspe\">Collection WASPE<\/a> et <a href=\"https:\/\/vapemaison.com\/product-category\/puffs-count\/\">Cat\u00e9gorie Puffs<\/a> offrent de nombreuses options pour chaque vapoteur. <\/p>","protected":false},"excerpt":{"rendered":"<div id=\"model-response-message-contentr_24982b67bbe72fe7\" class=\"markdown markdown-main-panel stronger enable-updated-hr-color\" dir=\"ltr\" aria-live=\"polite\" aria-busy=\"false\">\n<p data-path-to-node=\"0\">Maximisez votre satisfaction avec 15 000 bouff\u00e9es r\u00e9guli\u00e8res et une capacit\u00e9 de 25 ml, le tout contr\u00f4l\u00e9 par un \u00e9cran LED en temps r\u00e9el pour un contr\u00f4le total de la batterie et du liquide. S\u00e9lectionnez votre taux de nicotine pr\u00e9f\u00e9r\u00e9 et commandez d\u00e8s maintenant pour b\u00e9n\u00e9ficier de la disponibilit\u00e9 de nos stocks et d'un envoi prioritaire.<\/p>\n<\/div>","protected":false},"featured_media":17866,"comment_status":"open","ping_status":"closed","template":"","meta":[],"product_brand":[57],"product_cat":[167],"product_tag":[],"class_list":{"0":"post-17861","1":"product","2":"type-product","3":"status-publish","4":"has-post-thumbnail","6":"product_brand-bang","7":"product_cat-15k-puffs","9":"first","10":"instock","11":"sale","12":"shipping-taxable","13":"purchasable","14":"product-type-variable"},"yoast_head":"<!-- This site is optimized with the Yoast SEO plugin v27.4 - https:\/\/yoast.com\/product\/yoast-seo-wordpress\/ -->\n<title>Bang King Smart Screen 15000 Puffs Vape \u2013 LED Display - VapeMaison<\/title>\n<meta name=\"description\" content=\"Enjoy 15,000 puffs with the Bang King Smartscreen Vape. 25ml e-liquid, mesh coil, LED display. Choose your nicotine strength and vape with style.\" \/>\n<meta name=\"robots\" content=\"index, follow, max-snippet:-1, max-image-preview:large, max-video-preview:-1\" \/>\n<link rel=\"canonical\" href=\"https:\/\/vapemaison.com\/fr\/produit\/bang-king-smart-screen-15000-puffs-vape\/\" \/>\n<meta property=\"og:locale\" content=\"fr_FR\" \/>\n<meta property=\"og:type\" content=\"article\" \/>\n<meta property=\"og:title\" content=\"Bang King Smart Screen 15000 Puffs Vape \u2013 LED Display - VapeMaison\" \/>\n<meta property=\"og:description\" content=\"Enjoy 15,000 puffs with the Bang King Smartscreen Vape. 25ml e-liquid, mesh coil, LED display. Choose your nicotine strength and vape with style.\" \/>\n<meta property=\"og:url\" content=\"https:\/\/vapemaison.com\/fr\/produit\/bang-king-smart-screen-15000-puffs-vape\/\" \/>\n<meta property=\"og:site_name\" content=\"VapeMaison\" \/>\n<meta property=\"article:modified_time\" content=\"2026-01-09T08:36:04+00:00\" \/>\n<meta property=\"og:image\" content=\"https:\/\/vapemaison.com\/wp-content\/uploads\/2025\/12\/vape-bang-king-smartscreen-15000-puffs-00001-00006.png.webp\" \/>\n\t<meta property=\"og:image:width\" content=\"1000\" \/>\n\t<meta property=\"og:image:height\" content=\"1000\" \/>\n\t<meta property=\"og:image:type\" content=\"image\/webp\" \/>\n<meta name=\"twitter:card\" content=\"summary_large_image\" \/>\n<meta name=\"twitter:label1\" content=\"Dur\u00e9e de lecture estim\u00e9e\" \/>\n\t<meta name=\"twitter:data1\" content=\"2 minutes\" \/>\n<!-- \/ Yoast SEO plugin. -->","yoast_head_json":{"title":"Bang King Smart Screen 15000 Puffs Vape - Ecran LED - VapeMaison","description":"Profitez de 15 000 bouff\u00e9es avec la Bang King Smartscreen Vape. 25ml d'e-liquide, mesh coil, affichage LED. Choisissez votre taux de nicotine et vapotez avec style.","robots":{"index":"index","follow":"follow","max-snippet":"max-snippet:-1","max-image-preview":"max-image-preview:large","max-video-preview":"max-video-preview:-1"},"canonical":"https:\/\/vapemaison.com\/fr\/produit\/bang-king-smart-screen-15000-puffs-vape\/","og_locale":"fr_FR","og_type":"article","og_title":"Bang King Smart Screen 15000 Puffs Vape \u2013 LED Display - VapeMaison","og_description":"Enjoy 15,000 puffs with the Bang King Smartscreen Vape. 25ml e-liquid, mesh coil, LED display. Choose your nicotine strength and vape with style.","og_url":"https:\/\/vapemaison.com\/fr\/produit\/bang-king-smart-screen-15000-puffs-vape\/","og_site_name":"VapeMaison","article_modified_time":"2026-01-09T08:36:04+00:00","og_image":[{"width":1000,"height":1000,"url":"https:\/\/vapemaison.com\/wp-content\/uploads\/2025\/12\/vape-bang-king-smartscreen-15000-puffs-00001-00006.png.webp","type":"image\/webp"}],"twitter_card":"summary_large_image","twitter_misc":{"Dur\u00e9e de lecture estim\u00e9e":"2 minutes"},"schema":{"@context":"https:\/\/schema.org","@graph":[{"@type":"WebPage","@id":"https:\/\/vapemaison.com\/product\/bang-king-smart-screen-15000-puffs-vape\/","url":"https:\/\/vapemaison.com\/product\/bang-king-smart-screen-15000-puffs-vape\/","name":"Bang King Smart Screen 15000 Puffs Vape - Ecran LED - VapeMaison","isPartOf":{"@id":"https:\/\/vapemaison.com\/#website"},"primaryImageOfPage":{"@id":"https:\/\/vapemaison.com\/product\/bang-king-smart-screen-15000-puffs-vape\/#primaryimage"},"image":{"@id":"https:\/\/vapemaison.com\/product\/bang-king-smart-screen-15000-puffs-vape\/#primaryimage"},"thumbnailUrl":"https:\/\/vapemaison.com\/wp-content\/uploads\/2025\/12\/vape-bang-king-smartscreen-15000-puffs-00001-00006.png.webp","datePublished":"2025-12-12T09:03:53+00:00","dateModified":"2026-01-09T08:36:04+00:00","description":"Profitez de 15 000 bouff\u00e9es avec la Bang King Smartscreen Vape. 25ml d'e-liquide, mesh coil, affichage LED. Choisissez votre taux de nicotine et vapotez avec style.","breadcrumb":{"@id":"https:\/\/vapemaison.com\/product\/bang-king-smart-screen-15000-puffs-vape\/#breadcrumb"},"inLanguage":"fr-FR","potentialAction":[{"@type":"ReadAction","target":["https:\/\/vapemaison.com\/product\/bang-king-smart-screen-15000-puffs-vape\/"]}]},{"@type":"ImageObject","inLanguage":"fr-FR","@id":"https:\/\/vapemaison.com\/product\/bang-king-smart-screen-15000-puffs-vape\/#primaryimage","url":"https:\/\/vapemaison.com\/wp-content\/uploads\/2025\/12\/vape-bang-king-smartscreen-15000-puffs-00001-00006.png.webp","contentUrl":"https:\/\/vapemaison.com\/wp-content\/uploads\/2025\/12\/vape-bang-king-smartscreen-15000-puffs-00001-00006.png.webp","width":1000,"height":1000,"caption":"vape-bang-king-smartscreen-15000-puffs-00001-00006.png"},{"@type":"BreadcrumbList","@id":"https:\/\/vapemaison.com\/product\/bang-king-smart-screen-15000-puffs-vape\/#breadcrumb","itemListElement":[{"@type":"ListItem","position":1,"name":"\u9996\u9875","item":"https:\/\/vapemaison.com\/"},{"@type":"ListItem","position":2,"name":"Shop","item":"https:\/\/vapemaison.com\/shop\/"},{"@type":"ListItem","position":3,"name":"Bang","item":"https:\/\/vapemaison.com\/brand\/bang\/"},{"@type":"ListItem","position":4,"name":"Bang King Smart Screen 15000 Puffs Disposable Vape"}]},{"@type":"WebSite","@id":"https:\/\/vapemaison.com\/#website","url":"https:\/\/vapemaison.com\/","name":"VapeMaison","description":"Appareils et accessoires de vapotage haut de gamme","publisher":{"@id":"https:\/\/vapemaison.com\/#organization"},"potentialAction":[{"@type":"SearchAction","target":{"@type":"EntryPoint","urlTemplate":"https:\/\/vapemaison.com\/?s={search_term_string}"},"query-input":{"@type":"PropertyValueSpecification","valueRequired":true,"valueName":"search_term_string"}}],"inLanguage":"fr-FR"},{"@type":"Organization","@id":"https:\/\/vapemaison.com\/#organization","name":"VapeMaison","url":"https:\/\/vapemaison.com\/","logo":{"@type":"ImageObject","inLanguage":"fr-FR","@id":"https:\/\/vapemaison.com\/#\/schema\/logo\/image\/","url":"https:\/\/vapemaison.com\/wp-content\/uploads\/2026\/01\/cropped-vapemaison-logo-g-2026.webp","contentUrl":"https:\/\/vapemaison.com\/wp-content\/uploads\/2026\/01\/cropped-vapemaison-logo-g-2026.webp","width":350,"height":280,"caption":"VapeMaison"},"image":{"@id":"https:\/\/vapemaison.com\/#\/schema\/logo\/image\/"},"sameAs":["https:\/\/www.youtube.com\/@VapeMaison"]}]}},"tiered_pricing_type":"fixed","tiered_pricing_fixed_rules":{"30":"6.99","50":"6.63","100":"5.79","200":"5.24"},"tiered_pricing_product_settings":{"layout":"default","base_unit_name":{"singular":null,"plural":null},"default_variation":null},"tiered_pricing_minimum_quantity":10,"tiered_pricing_roles_data":[],"tiered_pricing_percentage_rules":[],"tiered_pricing_maximum_quantity":null,"tiered_pricing_quantity_step":"10","_links":{"self":[{"href":"https:\/\/vapemaison.com\/fr\/wp-json\/wp\/v2\/product\/17861","targetHints":{"allow":["GET"]}}],"collection":[{"href":"https:\/\/vapemaison.com\/fr\/wp-json\/wp\/v2\/product"}],"about":[{"href":"https:\/\/vapemaison.com\/fr\/wp-json\/wp\/v2\/types\/product"}],"replies":[{"embeddable":true,"href":"https:\/\/vapemaison.com\/fr\/wp-json\/wp\/v2\/comments?post=17861"}],"version-history":[{"count":0,"href":"https:\/\/vapemaison.com\/fr\/wp-json\/wp\/v2\/product\/17861\/revisions"}],"wp:featuredmedia":[{"embeddable":true,"href":"https:\/\/vapemaison.com\/fr\/wp-json\/wp\/v2\/media\/17866"}],"wp:attachment":[{"href":"https:\/\/vapemaison.com\/fr\/wp-json\/wp\/v2\/media?parent=17861"}],"wp:term":[{"taxonomy":"product_brand","embeddable":true,"href":"https:\/\/vapemaison.com\/fr\/wp-json\/wp\/v2\/product_brand?post=17861"},{"taxonomy":"product_cat","embeddable":true,"href":"https:\/\/vapemaison.com\/fr\/wp-json\/wp\/v2\/product_cat?post=17861"},{"taxonomy":"product_tag","embeddable":true,"href":"https:\/\/vapemaison.com\/fr\/wp-json\/wp\/v2\/product_tag?post=17861"}],"curies":[{"name":"wp","href":"https:\/\/api.w.org\/{rel}","templated":true}]}}