

{"id":18347,"date":"2025-12-15T07:51:17","date_gmt":"2025-12-15T07:51:17","guid":{"rendered":"https:\/\/vapemaison.com\/?post_type=product&#038;p=18347"},"modified":"2025-12-20T09:18:44","modified_gmt":"2025-12-20T09:18:44","slug":"vozol-rave-blueberry-ice-led-display-40k-puffs-disposable-vape","status":"publish","type":"product","link":"https:\/\/vapemaison.com\/fr\/product\/vozol-rave-blueberry-ice-led-display-40k-puffs-disposable-vape\/","title":{"rendered":"VOZOL RAVE Blueberry Ice LED Display | 40k Puffs Vape jetable"},"content":{"rendered":"<h2 class=\"wp-block-heading\">VOZOL RAVE 40000 Puffs Blue Razz Ice : Chill &amp; Thrill<\/h2>\n\n\n\n<p>Le <strong>VOZOL RAVE 40000 Puffs Vape jetable<\/strong> de Blue Razz Ice offre une combinaison exaltante de rafra\u00eechissements sucr\u00e9s, acidul\u00e9s et glac\u00e9s. Con\u00e7u pour \u00eatre performant et amusant, cet appareil est dot\u00e9 d'une capacit\u00e9 sans pr\u00e9c\u00e9dent. <strong>40000 bouff\u00e9es<\/strong> et est mis en valeur par la dynamique <strong>Spectacle lumineux LED 270<\/strong>. Avec une capacit\u00e9 massive de 20 ml d'e-liquide, il garantit une session de vapotage de longue dur\u00e9e, visuellement \u00e9poustouflante et intens\u00e9ment savoureuse du d\u00e9but \u00e0 la fin.<\/p>\n\n\n\n<h4 class=\"wp-block-heading\">Festin de saveurs : D\u00e9couvrez votre saveur pr\u00e9f\u00e9r\u00e9e<\/h4>\n\n\n\n<h2 class=\"wp-block-heading\">Blue Razz Ice : l'\u00e9quilibre parfait entre le piquant et le glac\u00e9<\/h2>\n\n\n\n<p>Le profil d'ar\u00f4me Blue Razz Ice est un favori des fans pour une bonne raison. Il commence par la <strong>go\u00fbt audacieux et vibrant de framboise bleue<\/strong>, Il est suivi imm\u00e9diatement d'une vague d'ar\u00f4mes de fruits et de l\u00e9gumes et d'une vague d'ar\u00f4mes de fruits et de l\u00e9gumes. Il est imm\u00e9diatement suivi d'une vague de <strong>propre, menthol arctique<\/strong>, La bouche est ensuite plus longue, ce qui cr\u00e9e une exhalaison glac\u00e9e qui laisse le palais revigor\u00e9.<\/p>\n\n\n\n<ul class=\"wp-block-list\">\n<li><strong>Blue Razz Ice :<\/strong> La quintessence de la saveur aigre-douce de la framboise bleue, rehauss\u00e9e d'une sensation piquante et rafra\u00eechissante.<\/li>\n\n\n\n<li>Glace aux myrtilles<\/li>\n\n\n\n<li>Past\u00e8que \u00e0 la myrtille<\/li>\n\n\n\n<li>Cerise Fraise<\/li>\n\n\n\n<li>Menthe fra\u00eeche<\/li>\n\n\n\n<li>Double pomme<\/li>\n\n\n\n<li>Glace de raisin<\/li>\n\n\n\n<li>Amour 777<\/li>\n\n\n\n<li>Glace \u00e0 la mangue<\/li>\n\n\n\n<li>Mangue P\u00eache<\/li>\n\n\n\n<li>Glace \u00e0 la p\u00eache<\/li>\n\n\n\n<li>Limonade \u00e0 la p\u00eache et \u00e0 la framboise<\/li>\n\n\n\n<li>Glace \u00e0 la fraise<\/li>\n\n\n\n<li>Fraise Kiwi<\/li>\n\n\n\n<li>Fraise Mangue<\/li>\n\n\n\n<li>Past\u00e8que \u00e0 la fraise<\/li>\n\n\n\n<li>P\u00eache \u00e0 la fraise<\/li>\n\n\n\n<li>Past\u00e8que Bubblegum<\/li>\n\n\n\n<li>Glace \u00e0 la past\u00e8que<\/li>\n\n\n\n<li>Razz Rancher \u00e0 la past\u00e8que<\/li>\n<\/ul>\n\n\n\n<h4 class=\"wp-block-heading\">Caract\u00e9ristiques techniques et points forts de la conception<\/h4>\n\n\n\n<h2 class=\"wp-block-heading\">Sp\u00e9cifications techniques et innovation VOZOL RAVE 40000<\/h2>\n\n\n\n<p>Le VOZOL RAVE 40000 est dot\u00e9 d'une technologie de pointe qui garantit une exp\u00e9rience de premier ordre pour chaque bouff\u00e9e.<\/p>\n\n\n\n<ul class=\"wp-block-list\">\n<li><strong>Max Puffs :<\/strong> Approx. <strong>40000 bouff\u00e9es<\/strong><\/li>\n\n\n\n<li><strong>Capacit\u00e9 d'e-liquide :<\/strong> 20 ml<\/li>\n\n\n\n<li><strong>Batterie :<\/strong> 1000 mAh <strong>Rechargeable<\/strong><\/li>\n\n\n\n<li><strong>Intensit\u00e9 de la nicotine :<\/strong> 5% (50mg\/ml) Sel Nicotine<\/li>\n\n\n\n<li><strong>Syst\u00e8me de bobine :<\/strong> <strong>Bobine \u00e0 double maille<\/strong> avec S.i.L.C. Tech<\/li>\n\n\n\n<li><strong>Chargement :<\/strong> Port USB de type C (charge rapide)<\/li>\n\n\n\n<li><strong>Dossier sp\u00e9cial :<\/strong> <strong>\u00c9cran LED \u00e0 d\u00e9tection de rythme 270<\/strong><\/li>\n\n\n\n<li><strong>Activation :<\/strong> Dessin activ\u00e9<\/li>\n<\/ul>\n\n\n\n<p>Dot\u00e9 de la technologie avanc\u00e9e <strong>Bobine \u00e0 double maille<\/strong> le VOZOL RAVE 40000 assure une saturation maximale des ar\u00f4mes et une production de vapeur constante, faisant ressortir les notes audacieuses de Blue Razz Ice avec une clart\u00e9 sup\u00e9rieure.<\/p>\n\n\n\n<h4 class=\"wp-block-heading\">Raisons d'acheter maintenant<\/h4>\n\n\n\n<h2 class=\"wp-block-heading\">Alerte Stock Limit\u00e9 : Attrapez votre Blue Razz Ice VOZOL RAVE !<\/h2>\n\n\n\n<p>Le <strong>40000 Puffs Vape jetable<\/strong> est le choix ultime pour les vapoteurs qui recherchent la long\u00e9vit\u00e9, une saveur spectaculaire et un style unique. La saveur Blue Razz Ice est tr\u00e8s demand\u00e9e dans le monde entier. <strong>Le stock est extr\u00eamement limit\u00e9 !<\/strong><\/p>\n\n\n\n<p><strong>Agissez rapidement :<\/strong> R\u00e9servez d\u00e8s maintenant votre VOZOL RAVE 40000 et d\u00e9couvrez l'apog\u00e9e de la technologie du vaping jetable combin\u00e9e \u00e0 un spectacle lumineux \u00e9blouissant. <strong>Ne passez pas \u00e0 c\u00f4t\u00e9 de cette extraordinaire Vape rechargeable - ajoutez-la au panier imm\u00e9diatement !<\/strong><\/p>\n\n\n\n<p><\/p>","protected":false},"excerpt":{"rendered":"<p>VOZOL RAVE 40000 Puffs Blue Razz Ice: Chill &amp; Thrill The VOZOL RAVE 40000 Puffs Disposable Vape in Blue Razz Ice delivers an exhilarating combination of sweet, tart, and icy refreshment. Engineered for performance and fun, this device boasts an unprecedented 40000 puff count and is highlighted by the dynamic 270\u00b0 LED Light Show. With [&hellip;]<\/p>\n","protected":false},"featured_media":19283,"comment_status":"open","ping_status":"closed","template":"","meta":[],"product_brand":[178],"product_cat":[135],"product_tag":[],"class_list":{"0":"post-18347","1":"product","2":"type-product","3":"status-publish","4":"has-post-thumbnail","6":"product_brand-vozol","7":"product_cat-40k-puffs","9":"first","10":"instock","11":"sale","12":"shipping-taxable","13":"purchasable","14":"product-type-variable"},"yoast_head":"<!-- This site is optimized with the Yoast SEO plugin v27.4 - https:\/\/yoast.com\/product\/yoast-seo-wordpress\/ -->\n<title>Rechargeable Vape | VOZOL RAVE 40000 Puffs Blueberry Ice Flavor | VOZOL Vapes<\/title>\n<meta name=\"description\" content=\"Indulge in the pure, crisp taste of Blueberry Ice with the VOZOL RAVE 40000. This 40000 Puffs Disposable Vape offers a massive 20ml e-liquid reserve and a potent 1000mAh battery. Enjoy the cool, sweet berry flavor backed by the striking 270\u00b0 Beat-Sensing LED Light. Purchase your VOZOL RAVE today for consistent flavor and reliability.\" \/>\n<meta name=\"robots\" content=\"index, follow, max-snippet:-1, max-image-preview:large, max-video-preview:-1\" \/>\n<link rel=\"canonical\" href=\"https:\/\/vapemaison.com\/fr\/produit\/vozol-rave-blueberry-ice-led-display-40k-puffs-disposable-vape\/\" \/>\n<meta property=\"og:locale\" content=\"fr_FR\" \/>\n<meta property=\"og:type\" content=\"article\" \/>\n<meta property=\"og:title\" content=\"Rechargeable Vape | VOZOL RAVE 40000 Puffs Blueberry Ice Flavor | VOZOL Vapes\" \/>\n<meta property=\"og:description\" content=\"Indulge in the pure, crisp taste of Blueberry Ice with the VOZOL RAVE 40000. This 40000 Puffs Disposable Vape offers a massive 20ml e-liquid reserve and a potent 1000mAh battery. Enjoy the cool, sweet berry flavor backed by the striking 270\u00b0 Beat-Sensing LED Light. Purchase your VOZOL RAVE today for consistent flavor and reliability.\" \/>\n<meta property=\"og:url\" content=\"https:\/\/vapemaison.com\/fr\/produit\/vozol-rave-blueberry-ice-led-display-40k-puffs-disposable-vape\/\" \/>\n<meta property=\"og:site_name\" content=\"VapeMaison\" \/>\n<meta property=\"article:modified_time\" content=\"2025-12-20T09:18:44+00:00\" \/>\n<meta property=\"og:image\" content=\"https:\/\/vapemaison.com\/wp-content\/uploads\/2025\/12\/vozol-rave-40000-Blueberry-Ice-2-768x768-1.webp\" \/>\n\t<meta property=\"og:image:width\" content=\"768\" \/>\n\t<meta property=\"og:image:height\" content=\"768\" \/>\n\t<meta property=\"og:image:type\" content=\"image\/webp\" \/>\n<meta name=\"twitter:card\" content=\"summary_large_image\" \/>\n<meta name=\"twitter:label1\" content=\"Dur\u00e9e de lecture estim\u00e9e\" \/>\n\t<meta name=\"twitter:data1\" content=\"2 minutes\" \/>\n<!-- \/ Yoast SEO plugin. -->","yoast_head_json":{"title":"Vape rechargeable | VOZOL RAVE 40000 Puffs Blueberry Ice Flavor | VOZOL Vapes","description":"Laissez-vous tenter par le go\u00fbt pur et croquant de la glace \u00e0 la myrtille avec la VOZOL RAVE 40000. Cette vape jetable de 40000 bouff\u00e9es offre une \u00e9norme r\u00e9serve d'e-liquide de 20ml et une puissante batterie de 1000mAh. Appr\u00e9ciez la saveur fra\u00eeche et sucr\u00e9e des baies, soutenue par l'\u00e9tonnante lumi\u00e8re LED \u00e0 d\u00e9tection de battements \u00e0 270\u00b0. Achetez votre VOZOL RAVE aujourd'hui pour une saveur et une fiabilit\u00e9 constantes.","robots":{"index":"index","follow":"follow","max-snippet":"max-snippet:-1","max-image-preview":"max-image-preview:large","max-video-preview":"max-video-preview:-1"},"canonical":"https:\/\/vapemaison.com\/fr\/produit\/vozol-rave-blueberry-ice-led-display-40k-puffs-disposable-vape\/","og_locale":"fr_FR","og_type":"article","og_title":"Rechargeable Vape | VOZOL RAVE 40000 Puffs Blueberry Ice Flavor | VOZOL Vapes","og_description":"Indulge in the pure, crisp taste of Blueberry Ice with the VOZOL RAVE 40000. This 40000 Puffs Disposable Vape offers a massive 20ml e-liquid reserve and a potent 1000mAh battery. Enjoy the cool, sweet berry flavor backed by the striking 270\u00b0 Beat-Sensing LED Light. Purchase your VOZOL RAVE today for consistent flavor and reliability.","og_url":"https:\/\/vapemaison.com\/fr\/produit\/vozol-rave-blueberry-ice-led-display-40k-puffs-disposable-vape\/","og_site_name":"VapeMaison","article_modified_time":"2025-12-20T09:18:44+00:00","og_image":[{"width":768,"height":768,"url":"https:\/\/vapemaison.com\/wp-content\/uploads\/2025\/12\/vozol-rave-40000-Blueberry-Ice-2-768x768-1.webp","type":"image\/webp"}],"twitter_card":"summary_large_image","twitter_misc":{"Dur\u00e9e de lecture estim\u00e9e":"2 minutes"},"schema":{"@context":"https:\/\/schema.org","@graph":[{"@type":"WebPage","@id":"https:\/\/vapemaison.com\/product\/vozol-rave-blueberry-ice-led-display-40k-puffs-disposable-vape\/","url":"https:\/\/vapemaison.com\/product\/vozol-rave-blueberry-ice-led-display-40k-puffs-disposable-vape\/","name":"Vape rechargeable | VOZOL RAVE 40000 Puffs Blueberry Ice Flavor | VOZOL Vapes","isPartOf":{"@id":"https:\/\/vapemaison.com\/#website"},"primaryImageOfPage":{"@id":"https:\/\/vapemaison.com\/product\/vozol-rave-blueberry-ice-led-display-40k-puffs-disposable-vape\/#primaryimage"},"image":{"@id":"https:\/\/vapemaison.com\/product\/vozol-rave-blueberry-ice-led-display-40k-puffs-disposable-vape\/#primaryimage"},"thumbnailUrl":"https:\/\/vapemaison.com\/wp-content\/uploads\/2025\/12\/vozol-rave-40000-Blueberry-Ice-2-768x768-1.webp","datePublished":"2025-12-15T07:51:17+00:00","dateModified":"2025-12-20T09:18:44+00:00","description":"Laissez-vous tenter par le go\u00fbt pur et croquant de la glace \u00e0 la myrtille avec la VOZOL RAVE 40000. Cette vape jetable de 40000 bouff\u00e9es offre une \u00e9norme r\u00e9serve d'e-liquide de 20ml et une puissante batterie de 1000mAh. Appr\u00e9ciez la saveur fra\u00eeche et sucr\u00e9e des baies, soutenue par l'\u00e9tonnante lumi\u00e8re LED \u00e0 d\u00e9tection de battements \u00e0 270\u00b0. Achetez votre VOZOL RAVE aujourd'hui pour une saveur et une fiabilit\u00e9 constantes.","breadcrumb":{"@id":"https:\/\/vapemaison.com\/product\/vozol-rave-blueberry-ice-led-display-40k-puffs-disposable-vape\/#breadcrumb"},"inLanguage":"fr-FR","potentialAction":[{"@type":"ReadAction","target":["https:\/\/vapemaison.com\/product\/vozol-rave-blueberry-ice-led-display-40k-puffs-disposable-vape\/"]}]},{"@type":"ImageObject","inLanguage":"fr-FR","@id":"https:\/\/vapemaison.com\/product\/vozol-rave-blueberry-ice-led-display-40k-puffs-disposable-vape\/#primaryimage","url":"https:\/\/vapemaison.com\/wp-content\/uploads\/2025\/12\/vozol-rave-40000-Blueberry-Ice-2-768x768-1.webp","contentUrl":"https:\/\/vapemaison.com\/wp-content\/uploads\/2025\/12\/vozol-rave-40000-Blueberry-Ice-2-768x768-1.webp","width":768,"height":768,"caption":"Vozol Rave Blueberry Ice 2 768x768 Disposable Vape Device"},{"@type":"BreadcrumbList","@id":"https:\/\/vapemaison.com\/product\/vozol-rave-blueberry-ice-led-display-40k-puffs-disposable-vape\/#breadcrumb","itemListElement":[{"@type":"ListItem","position":1,"name":"\u9996\u9875","item":"https:\/\/vapemaison.com\/"},{"@type":"ListItem","position":2,"name":"Shop","item":"https:\/\/vapemaison.com\/shop\/"},{"@type":"ListItem","position":3,"name":"Vozol","item":"https:\/\/vapemaison.com\/brand\/vozol\/"},{"@type":"ListItem","position":4,"name":"VOZOL RAVE Blueberry Ice LED Display | 40k Puffs Disposable Vape"}]},{"@type":"WebSite","@id":"https:\/\/vapemaison.com\/#website","url":"https:\/\/vapemaison.com\/","name":"VapeMaison","description":"Appareils et accessoires de vapotage haut de gamme","publisher":{"@id":"https:\/\/vapemaison.com\/#organization"},"potentialAction":[{"@type":"SearchAction","target":{"@type":"EntryPoint","urlTemplate":"https:\/\/vapemaison.com\/?s={search_term_string}"},"query-input":{"@type":"PropertyValueSpecification","valueRequired":true,"valueName":"search_term_string"}}],"inLanguage":"fr-FR"},{"@type":"Organization","@id":"https:\/\/vapemaison.com\/#organization","name":"VapeMaison","url":"https:\/\/vapemaison.com\/","logo":{"@type":"ImageObject","inLanguage":"fr-FR","@id":"https:\/\/vapemaison.com\/#\/schema\/logo\/image\/","url":"https:\/\/vapemaison.com\/wp-content\/uploads\/2026\/01\/cropped-vapemaison-logo-g-2026.webp","contentUrl":"https:\/\/vapemaison.com\/wp-content\/uploads\/2026\/01\/cropped-vapemaison-logo-g-2026.webp","width":350,"height":280,"caption":"VapeMaison"},"image":{"@id":"https:\/\/vapemaison.com\/#\/schema\/logo\/image\/"},"sameAs":["https:\/\/www.youtube.com\/@VapeMaison"]}]}},"tiered_pricing_type":"fixed","tiered_pricing_fixed_rules":{"30":"12.24","50":"11.63","100":"10.86","200":"9.98"},"tiered_pricing_product_settings":{"layout":"default","base_unit_name":{"singular":null,"plural":null},"default_variation":null},"tiered_pricing_minimum_quantity":10,"tiered_pricing_roles_data":[],"tiered_pricing_percentage_rules":[],"tiered_pricing_maximum_quantity":null,"tiered_pricing_quantity_step":"10","_links":{"self":[{"href":"https:\/\/vapemaison.com\/fr\/wp-json\/wp\/v2\/product\/18347","targetHints":{"allow":["GET"]}}],"collection":[{"href":"https:\/\/vapemaison.com\/fr\/wp-json\/wp\/v2\/product"}],"about":[{"href":"https:\/\/vapemaison.com\/fr\/wp-json\/wp\/v2\/types\/product"}],"replies":[{"embeddable":true,"href":"https:\/\/vapemaison.com\/fr\/wp-json\/wp\/v2\/comments?post=18347"}],"version-history":[{"count":0,"href":"https:\/\/vapemaison.com\/fr\/wp-json\/wp\/v2\/product\/18347\/revisions"}],"wp:featuredmedia":[{"embeddable":true,"href":"https:\/\/vapemaison.com\/fr\/wp-json\/wp\/v2\/media\/19283"}],"wp:attachment":[{"href":"https:\/\/vapemaison.com\/fr\/wp-json\/wp\/v2\/media?parent=18347"}],"wp:term":[{"taxonomy":"product_brand","embeddable":true,"href":"https:\/\/vapemaison.com\/fr\/wp-json\/wp\/v2\/product_brand?post=18347"},{"taxonomy":"product_cat","embeddable":true,"href":"https:\/\/vapemaison.com\/fr\/wp-json\/wp\/v2\/product_cat?post=18347"},{"taxonomy":"product_tag","embeddable":true,"href":"https:\/\/vapemaison.com\/fr\/wp-json\/wp\/v2\/product_tag?post=18347"}],"curies":[{"name":"wp","href":"https:\/\/api.w.org\/{rel}","templated":true}]}}