

{"id":18372,"date":"2025-12-15T07:51:39","date_gmt":"2025-12-15T07:51:39","guid":{"rendered":"https:\/\/vapemaison.com\/?post_type=product&#038;p=18372"},"modified":"2026-01-09T08:58:38","modified_gmt":"2026-01-09T08:58:38","slug":"rechargeable-vape-vozol-rave-40000-bouffees-blueberry-ice-flavor","status":"publish","type":"product","link":"https:\/\/vapemaison.com\/fr\/product\/rechargeable-vape-vozol-rave-40000-puffs-blueberry-ice-flavor\/","title":{"rendered":"VOZOL RAVE 40000 Puffs | Blueberry Watermelon Flavor LED Display | VOZOL Vapes"},"content":{"rendered":"<h2 class=\"wp-block-heading\">VOZOL RAVE 40000 Puffs Myrtille Past\u00e8que : Un duo juteux<\/h2>\n\n\n\n<p>Le <strong>VOZOL RAVE 40000 Puffs Vape jetable<\/strong> Le mod\u00e8le Blueberry Watermelon offre un d\u00e9licieux m\u00e9lange estival, combinant deux des saveurs fruit\u00e9es les plus populaires en une exp\u00e9rience inoubliable. Con\u00e7u pour une endurance in\u00e9gal\u00e9e, ce mod\u00e8le est dot\u00e9 d'une \u00e9tonnante <strong>Capacit\u00e9 de 40000 bouff\u00e9es<\/strong> et pr\u00e9sente l'image qui attire l'attention <strong>Spectacle lumineux LED 270<\/strong>. Cette <strong>Vapeur rechargeable<\/strong> est con\u00e7u pour les vapoteurs qui exigent \u00e0 la fois une fid\u00e9lit\u00e9 de go\u00fbt sup\u00e9rieure et une long\u00e9vit\u00e9 extr\u00eame.<\/p>\n\n\n\n<h4 class=\"wp-block-heading\">Festin de saveurs : D\u00e9couvrez votre saveur pr\u00e9f\u00e9r\u00e9e<\/h4>\n\n\n\n<h2 class=\"wp-block-heading\">Past\u00e8que aux myrtilles : Les baies sucr\u00e9es rencontrent le melon hydratant<\/h2>\n\n\n\n<p>Blueberry Watermelon est un m\u00e9lange de saveurs sophistiqu\u00e9 qui \u00e9quilibre les notes profondes et l\u00e9g\u00e8rement acidul\u00e9es de la myrtille. <strong>myrtilles fra\u00eeches<\/strong> avec le <strong>douceur l\u00e9g\u00e8re et hydratante de la past\u00e8que m\u00fbre<\/strong>. Cette combinaison est incroyablement douce et rafra\u00eechissante, ce qui en fait une excellente vape tout au long de la journ\u00e9e sans aucune froideur excessive.<\/p>\n\n\n\n<ul class=\"wp-block-list\">\n<li>Glace Blue Razz<\/li>\n\n\n\n<li>Glace aux myrtilles<\/li>\n\n\n\n<li><strong>Past\u00e8que \u00e0 la myrtille :<\/strong> Une fusion \u00e9quilibr\u00e9e de myrtilles riches et sucr\u00e9es et de past\u00e8ques juteuses et rafra\u00eechissantes.<\/li>\n\n\n\n<li>Cerise Fraise<\/li>\n\n\n\n<li>Menthe fra\u00eeche<\/li>\n\n\n\n<li>Double pomme<\/li>\n\n\n\n<li>Glace de raisin<\/li>\n\n\n\n<li>Amour 777<\/li>\n\n\n\n<li>Glace \u00e0 la mangue<\/li>\n\n\n\n<li>Mangue P\u00eache<\/li>\n\n\n\n<li>Glace \u00e0 la p\u00eache<\/li>\n\n\n\n<li>Limonade \u00e0 la p\u00eache et \u00e0 la framboise<\/li>\n\n\n\n<li>Glace \u00e0 la fraise<\/li>\n\n\n\n<li>Fraise Kiwi<\/li>\n\n\n\n<li>Fraise Mangue<\/li>\n\n\n\n<li>Past\u00e8que \u00e0 la fraise<\/li>\n\n\n\n<li>P\u00eache \u00e0 la fraise<\/li>\n\n\n\n<li>Past\u00e8que Bubblegum<\/li>\n\n\n\n<li>Glace \u00e0 la past\u00e8que<\/li>\n\n\n\n<li>Razz Rancher \u00e0 la past\u00e8que<\/li>\n<\/ul>\n\n\n\n<h4 class=\"wp-block-heading\">Caract\u00e9ristiques techniques et points forts de la conception<\/h4>\n\n\n\n<h2 class=\"wp-block-heading\">Sp\u00e9cifications techniques et innovation VOZOL RAVE 40000<\/h2>\n\n\n\n<p>Le VOZOL RAVE 40000 est dot\u00e9 d'une technologie de pointe qui garantit une exp\u00e9rience de premier ordre pour chaque bouff\u00e9e.<\/p>\n\n\n\n<ul class=\"wp-block-list\">\n<li><strong>Max Puffs :<\/strong> Approx. <strong>40000 bouff\u00e9es<\/strong><\/li>\n\n\n\n<li><strong>Capacit\u00e9 d'e-liquide :<\/strong> 20 ml<\/li>\n\n\n\n<li><strong>Batterie :<\/strong> 1000 mAh <strong>Rechargeable<\/strong><\/li>\n\n\n\n<li><strong>Intensit\u00e9 de la nicotine :<\/strong> 5% (50mg\/ml) Sel Nicotine<\/li>\n\n\n\n<li><strong>Syst\u00e8me de bobine :<\/strong> <strong>Bobine \u00e0 double maille<\/strong> avec S.i.L.C. Tech<\/li>\n\n\n\n<li><strong>Chargement :<\/strong> Port USB de type C (charge rapide)<\/li>\n\n\n\n<li><strong>Dossier sp\u00e9cial :<\/strong> <strong>\u00c9cran LED \u00e0 d\u00e9tection de rythme 270<\/strong><\/li>\n\n\n\n<li><strong>Activation :<\/strong> Dessin activ\u00e9<\/li>\n<\/ul>\n\n\n\n<p>Gr\u00e2ce \u00e0 la technologie de pointe <strong>Bobine \u00e0 double maille<\/strong> le VOZOL RAVE 40000 s\u00e9pare et amplifie parfaitement les notes distinctes de la myrtille et de la past\u00e8que, ce qui permet d'obtenir un profil de saveur toujours doux et nuanc\u00e9 dans tous les domaines. <strong>40000 bouff\u00e9es<\/strong>.<\/p>\n\n\n\n<h4 class=\"wp-block-heading\">Raisons d'acheter maintenant<\/h4>\n\n\n\n<h2 class=\"wp-block-heading\">Alerte stocks limit\u00e9s : Achetez votre VOZOL RAVE \u00e0 la myrtille et au melon d'eau !<\/h2>\n\n\n\n<p>Le VOZOL RAVE 40000 a pris d'assaut le march\u00e9, pla\u00e7ant la barre tr\u00e8s haut en mati\u00e8re d'innovation. <strong>Vapes VOZOL<\/strong> et <strong>40000 Puffs Vape jetable<\/strong> appareils. La saveur complexe et satisfaisante Blueberry Watermelon est \u00e0 essayer absolument. <strong>Ce lot de saveurs sp\u00e9cifiques est limit\u00e9 !<\/strong><\/p>\n\n\n\n<p><strong>Agissez rapidement :<\/strong> Achetez votre VOZOL RAVE 40000 d\u00e8s maintenant et d\u00e9couvrez l'harmonie parfaite des saveurs, soutenue par un nombre de bouff\u00e9es sans pr\u00e9c\u00e9dent. <strong>N'attendez plus, ajoutez d\u00e8s aujourd'hui cette Vape rechargeable innovante \u00e0 votre collection !<\/strong><\/p>","protected":false},"excerpt":{"rendered":"<p>VOZOL RAVE 40000 Puffs Blueberry Watermelon: A Juicy Duet The VOZOL RAVE 40000 Puffs Disposable Vape in Blueberry Watermelon offers a delightful summer mashup, combining two of the most popular fruit flavors into one unforgettable experience. Engineered for unparalleled endurance, this model boasts a stunning 40000 puff capacity and features the attention-grabbing 270\u00b0 LED Light [&hellip;]<\/p>\n","protected":false},"featured_media":19283,"comment_status":"open","ping_status":"closed","template":"","meta":[],"product_brand":[178],"product_cat":[135],"product_tag":[],"class_list":{"0":"post-18372","1":"product","2":"type-product","3":"status-publish","4":"has-post-thumbnail","6":"product_brand-vozol","7":"product_cat-40k-puffs","9":"first","10":"instock","11":"sale","12":"featured","13":"shipping-taxable","14":"purchasable","15":"product-type-variable"},"yoast_head":"<!-- This site is optimized with the Yoast SEO plugin v27.4 - https:\/\/yoast.com\/product\/yoast-seo-wordpress\/ -->\n<title>VOZOL RAVE 40000 Puffs | Blueberry Watermelon Flavor LED Display | VOZOL Vapes<\/title>\n<meta name=\"description\" content=\"Try the exotic Blueberry Watermelon VOZOL RAVE 40000 Puffs Disposable Vape. Features a massive 20ml pre-filled tank and the revolutionary 270\u00b0 Beat-Sensing LED Light for a vibrant look. The perfect blend of sweet blueberry and juicy watermelon is waiting. Buy this premium Rechargeable Vape today for maximum flavor and enjoyment.\" \/>\n<meta name=\"robots\" content=\"index, follow, max-snippet:-1, max-image-preview:large, max-video-preview:-1\" \/>\n<link rel=\"canonical\" href=\"https:\/\/vapemaison.com\/fr\/produit\/rechargeable-vape-vozol-rave-40000-bouffees-blueberry-ice-flavor\/\" \/>\n<meta property=\"og:locale\" content=\"fr_FR\" \/>\n<meta property=\"og:type\" content=\"article\" \/>\n<meta property=\"og:title\" content=\"VOZOL RAVE 40000 Puffs | Blueberry Watermelon Flavor LED Display | VOZOL Vapes\" \/>\n<meta property=\"og:description\" content=\"Try the exotic Blueberry Watermelon VOZOL RAVE 40000 Puffs Disposable Vape. Features a massive 20ml pre-filled tank and the revolutionary 270\u00b0 Beat-Sensing LED Light for a vibrant look. The perfect blend of sweet blueberry and juicy watermelon is waiting. Buy this premium Rechargeable Vape today for maximum flavor and enjoyment.\" \/>\n<meta property=\"og:url\" content=\"https:\/\/vapemaison.com\/fr\/produit\/rechargeable-vape-vozol-rave-40000-bouffees-blueberry-ice-flavor\/\" \/>\n<meta property=\"og:site_name\" content=\"VapeMaison\" \/>\n<meta property=\"article:modified_time\" content=\"2026-01-09T08:58:38+00:00\" \/>\n<meta property=\"og:image\" content=\"https:\/\/vapemaison.com\/wp-content\/uploads\/2025\/12\/vozol-rave-40000-Blueberry-Ice-2-768x768-1.webp\" \/>\n\t<meta property=\"og:image:width\" content=\"768\" \/>\n\t<meta property=\"og:image:height\" content=\"768\" \/>\n\t<meta property=\"og:image:type\" content=\"image\/webp\" \/>\n<meta name=\"twitter:card\" content=\"summary_large_image\" \/>\n<meta name=\"twitter:label1\" content=\"Dur\u00e9e de lecture estim\u00e9e\" \/>\n\t<meta name=\"twitter:data1\" content=\"2 minutes\" \/>\n<!-- \/ Yoast SEO plugin. -->","yoast_head_json":{"title":"VOZOL RAVE 40000 Puffs | Blueberry Watermelon Flavor LED Display | VOZOL Vapes","description":"Essayez l'exotique Blueberry Watermelon VOZOL RAVE 40000 Puffs Disposable Vape. Comprend un \u00e9norme r\u00e9servoir pr\u00e9-rempli de 20ml et la lumi\u00e8re LED r\u00e9volutionnaire 270\u00b0 Beat-Sensing pour un look vibrant. Le m\u00e9lange parfait de myrtille sucr\u00e9e et de past\u00e8que juteuse vous attend. Achetez cette Vape rechargeable de premi\u00e8re qualit\u00e9 aujourd'hui pour un maximum de saveur et de plaisir.","robots":{"index":"index","follow":"follow","max-snippet":"max-snippet:-1","max-image-preview":"max-image-preview:large","max-video-preview":"max-video-preview:-1"},"canonical":"https:\/\/vapemaison.com\/fr\/produit\/rechargeable-vape-vozol-rave-40000-bouffees-blueberry-ice-flavor\/","og_locale":"fr_FR","og_type":"article","og_title":"VOZOL RAVE 40000 Puffs | Blueberry Watermelon Flavor LED Display | VOZOL Vapes","og_description":"Try the exotic Blueberry Watermelon VOZOL RAVE 40000 Puffs Disposable Vape. Features a massive 20ml pre-filled tank and the revolutionary 270\u00b0 Beat-Sensing LED Light for a vibrant look. The perfect blend of sweet blueberry and juicy watermelon is waiting. Buy this premium Rechargeable Vape today for maximum flavor and enjoyment.","og_url":"https:\/\/vapemaison.com\/fr\/produit\/rechargeable-vape-vozol-rave-40000-bouffees-blueberry-ice-flavor\/","og_site_name":"VapeMaison","article_modified_time":"2026-01-09T08:58:38+00:00","og_image":[{"width":768,"height":768,"url":"https:\/\/vapemaison.com\/wp-content\/uploads\/2025\/12\/vozol-rave-40000-Blueberry-Ice-2-768x768-1.webp","type":"image\/webp"}],"twitter_card":"summary_large_image","twitter_misc":{"Dur\u00e9e de lecture estim\u00e9e":"2 minutes"},"schema":{"@context":"https:\/\/schema.org","@graph":[{"@type":"WebPage","@id":"https:\/\/vapemaison.com\/product\/rechargeable-vape-vozol-rave-40000-puffs-blueberry-ice-flavor\/","url":"https:\/\/vapemaison.com\/product\/rechargeable-vape-vozol-rave-40000-puffs-blueberry-ice-flavor\/","name":"VOZOL RAVE 40000 Puffs | Blueberry Watermelon Flavor LED Display | VOZOL Vapes","isPartOf":{"@id":"https:\/\/vapemaison.com\/#website"},"primaryImageOfPage":{"@id":"https:\/\/vapemaison.com\/product\/rechargeable-vape-vozol-rave-40000-puffs-blueberry-ice-flavor\/#primaryimage"},"image":{"@id":"https:\/\/vapemaison.com\/product\/rechargeable-vape-vozol-rave-40000-puffs-blueberry-ice-flavor\/#primaryimage"},"thumbnailUrl":"https:\/\/vapemaison.com\/wp-content\/uploads\/2025\/12\/vozol-rave-40000-Blueberry-Ice-2-768x768-1.webp","datePublished":"2025-12-15T07:51:39+00:00","dateModified":"2026-01-09T08:58:38+00:00","description":"Essayez l'exotique Blueberry Watermelon VOZOL RAVE 40000 Puffs Disposable Vape. Comprend un \u00e9norme r\u00e9servoir pr\u00e9-rempli de 20ml et la lumi\u00e8re LED r\u00e9volutionnaire 270\u00b0 Beat-Sensing pour un look vibrant. Le m\u00e9lange parfait de myrtille sucr\u00e9e et de past\u00e8que juteuse vous attend. Achetez cette Vape rechargeable de premi\u00e8re qualit\u00e9 aujourd'hui pour un maximum de saveur et de plaisir.","breadcrumb":{"@id":"https:\/\/vapemaison.com\/product\/rechargeable-vape-vozol-rave-40000-puffs-blueberry-ice-flavor\/#breadcrumb"},"inLanguage":"fr-FR","potentialAction":[{"@type":"ReadAction","target":["https:\/\/vapemaison.com\/product\/rechargeable-vape-vozol-rave-40000-puffs-blueberry-ice-flavor\/"]}]},{"@type":"ImageObject","inLanguage":"fr-FR","@id":"https:\/\/vapemaison.com\/product\/rechargeable-vape-vozol-rave-40000-puffs-blueberry-ice-flavor\/#primaryimage","url":"https:\/\/vapemaison.com\/wp-content\/uploads\/2025\/12\/vozol-rave-40000-Blueberry-Ice-2-768x768-1.webp","contentUrl":"https:\/\/vapemaison.com\/wp-content\/uploads\/2025\/12\/vozol-rave-40000-Blueberry-Ice-2-768x768-1.webp","width":768,"height":768,"caption":"Vozol Rave Blueberry Ice 2 768x768 Disposable Vape Device"},{"@type":"BreadcrumbList","@id":"https:\/\/vapemaison.com\/product\/rechargeable-vape-vozol-rave-40000-puffs-blueberry-ice-flavor\/#breadcrumb","itemListElement":[{"@type":"ListItem","position":1,"name":"\u9996\u9875","item":"https:\/\/vapemaison.com\/"},{"@type":"ListItem","position":2,"name":"Shop","item":"https:\/\/vapemaison.com\/shop\/"},{"@type":"ListItem","position":3,"name":"Vozol","item":"https:\/\/vapemaison.com\/brand\/vozol\/"},{"@type":"ListItem","position":4,"name":"VOZOL RAVE 40000 Puffs | Blueberry Watermelon Flavor LED Display | VOZOL Vapes"}]},{"@type":"WebSite","@id":"https:\/\/vapemaison.com\/#website","url":"https:\/\/vapemaison.com\/","name":"VapeMaison","description":"Appareils et accessoires de vapotage haut de gamme","publisher":{"@id":"https:\/\/vapemaison.com\/#organization"},"potentialAction":[{"@type":"SearchAction","target":{"@type":"EntryPoint","urlTemplate":"https:\/\/vapemaison.com\/?s={search_term_string}"},"query-input":{"@type":"PropertyValueSpecification","valueRequired":true,"valueName":"search_term_string"}}],"inLanguage":"fr-FR"},{"@type":"Organization","@id":"https:\/\/vapemaison.com\/#organization","name":"VapeMaison","url":"https:\/\/vapemaison.com\/","logo":{"@type":"ImageObject","inLanguage":"fr-FR","@id":"https:\/\/vapemaison.com\/#\/schema\/logo\/image\/","url":"https:\/\/vapemaison.com\/wp-content\/uploads\/2026\/01\/cropped-vapemaison-logo-g-2026.webp","contentUrl":"https:\/\/vapemaison.com\/wp-content\/uploads\/2026\/01\/cropped-vapemaison-logo-g-2026.webp","width":350,"height":280,"caption":"VapeMaison"},"image":{"@id":"https:\/\/vapemaison.com\/#\/schema\/logo\/image\/"},"sameAs":["https:\/\/www.youtube.com\/@VapeMaison"]}]}},"tiered_pricing_type":"fixed","tiered_pricing_fixed_rules":{"30":"12.24","50":"11.63","100":"10.86","200":"9.98"},"tiered_pricing_product_settings":{"layout":"default","base_unit_name":{"singular":null,"plural":null},"default_variation":null},"tiered_pricing_minimum_quantity":10,"tiered_pricing_roles_data":[],"tiered_pricing_percentage_rules":[],"tiered_pricing_maximum_quantity":null,"tiered_pricing_quantity_step":"10","_links":{"self":[{"href":"https:\/\/vapemaison.com\/fr\/wp-json\/wp\/v2\/product\/18372","targetHints":{"allow":["GET"]}}],"collection":[{"href":"https:\/\/vapemaison.com\/fr\/wp-json\/wp\/v2\/product"}],"about":[{"href":"https:\/\/vapemaison.com\/fr\/wp-json\/wp\/v2\/types\/product"}],"replies":[{"embeddable":true,"href":"https:\/\/vapemaison.com\/fr\/wp-json\/wp\/v2\/comments?post=18372"}],"version-history":[{"count":0,"href":"https:\/\/vapemaison.com\/fr\/wp-json\/wp\/v2\/product\/18372\/revisions"}],"wp:featuredmedia":[{"embeddable":true,"href":"https:\/\/vapemaison.com\/fr\/wp-json\/wp\/v2\/media\/19283"}],"wp:attachment":[{"href":"https:\/\/vapemaison.com\/fr\/wp-json\/wp\/v2\/media?parent=18372"}],"wp:term":[{"taxonomy":"product_brand","embeddable":true,"href":"https:\/\/vapemaison.com\/fr\/wp-json\/wp\/v2\/product_brand?post=18372"},{"taxonomy":"product_cat","embeddable":true,"href":"https:\/\/vapemaison.com\/fr\/wp-json\/wp\/v2\/product_cat?post=18372"},{"taxonomy":"product_tag","embeddable":true,"href":"https:\/\/vapemaison.com\/fr\/wp-json\/wp\/v2\/product_tag?post=18372"}],"curies":[{"name":"wp","href":"https:\/\/api.w.org\/{rel}","templated":true}]}}