

{"id":18422,"date":"2025-12-15T07:51:49","date_gmt":"2025-12-15T07:51:49","guid":{"rendered":"https:\/\/vapemaison.com\/?post_type=product&#038;p=18422"},"modified":"2025-12-20T09:17:38","modified_gmt":"2025-12-20T09:17:38","slug":"vozol-rave-cherry-strawberry-led-display-40k-puffs-disposable-vape","status":"publish","type":"product","link":"https:\/\/vapemaison.com\/fr\/product\/vozol-rave-cherry-strawberry-led-display-40k-puffs-disposable-vape\/","title":{"rendered":"VOZOL RAVE Cherry Strawberry LED Display | 40k Puffs Disposable Vape"},"content":{"rendered":"<p>Le <strong>VOZOL RAVE 40000 Puffs Vape jetable<\/strong> de Blue Razz Ice offre une combinaison exaltante de rafra\u00eechissements sucr\u00e9s, acidul\u00e9s et glac\u00e9s. Con\u00e7u pour \u00eatre performant et amusant, cet appareil est dot\u00e9 d'une capacit\u00e9 sans pr\u00e9c\u00e9dent. <strong>40000 bouff\u00e9es<\/strong> et est VOZOL RAVE 40000 Puffs Cherry Strawberry : Deux fois plus de plaisir<\/p>\n\n\n\n<p>Le <strong>VOZOL RAVE 40000 Puffs Vape jetable<\/strong> dans Cherry Strawberry offre un profil de saveur profond et indulgent pour les amateurs de m\u00e9langes de fruits rouges. Ce dispositif exceptionnel offre non seulement un go\u00fbt d\u00e9lectable, mais aussi une qualit\u00e9 exceptionnelle. <strong>40000 bouff\u00e9es<\/strong> et un design frappant et amusant qui met en valeur le logo de l'Union europ\u00e9enne. <strong>Affichage de la f\u00eate par LED \u00e0 270<\/strong>. C'est le parfait <strong>Vapeur rechargeable<\/strong> pour une utilisation prolong\u00e9e sans compromettre l'intensit\u00e9 de la saveur ou l'attrait visuel.<\/p>\n\n\n\n<h4 class=\"wp-block-heading\">Festin de saveurs : D\u00e9couvrez votre saveur pr\u00e9f\u00e9r\u00e9e<\/h4>\n\n\n\n<h2 class=\"wp-block-heading\">Cerise et fraise : Un mariage classique et sucr\u00e9<\/h2>\n\n\n\n<p>Cherry Strawberry est une fusion riche et satisfaisante dans laquelle les <strong>note profonde et l\u00e9g\u00e8rement acide de cerises m\u00fbres<\/strong> s'harmonise avec la <strong>go\u00fbt vif et sucr\u00e9 des fraises fra\u00eeches du jardin<\/strong>. La saveur r\u00e9sultante est complexe mais famili\u00e8re, offrant une exp\u00e9rience de vape douce et r\u00e9confortante tout au long de la journ\u00e9e.<\/p>\n\n\n\n<ul class=\"wp-block-list\">\n<li>Glace Blue Razz<\/li>\n\n\n\n<li>Glace aux myrtilles<\/li>\n\n\n\n<li>Past\u00e8que \u00e0 la myrtille<\/li>\n\n\n\n<li><strong>Cerise fraise :<\/strong> Un m\u00e9lange audacieux et sucr\u00e9 o\u00f9 le go\u00fbt distinct de la cerise compl\u00e8te la douceur classique de la fraise.<\/li>\n\n\n\n<li>Menthe fra\u00eeche<\/li>\n\n\n\n<li>Double pomme<\/li>\n\n\n\n<li>Glace de raisin<\/li>\n\n\n\n<li>Amour 777<\/li>\n\n\n\n<li>Glace \u00e0 la mangue<\/li>\n\n\n\n<li>Mangue P\u00eache<\/li>\n\n\n\n<li>Glace \u00e0 la p\u00eache<\/li>\n\n\n\n<li>Limonade \u00e0 la p\u00eache et \u00e0 la framboise<\/li>\n\n\n\n<li>Glace \u00e0 la fraise<\/li>\n\n\n\n<li>Fraise Kiwi<\/li>\n\n\n\n<li>Fraise Mangue<\/li>\n\n\n\n<li>Past\u00e8que \u00e0 la fraise<\/li>\n\n\n\n<li>P\u00eache \u00e0 la fraise<\/li>\n\n\n\n<li>Past\u00e8que Bubblegum<\/li>\n\n\n\n<li>Glace \u00e0 la past\u00e8que<\/li>\n\n\n\n<li>Razz Rancher \u00e0 la past\u00e8que<\/li>\n<\/ul>\n\n\n\n<h4 class=\"wp-block-heading\">Caract\u00e9ristiques techniques et points forts de la conception<\/h4>\n\n\n\n<h2 class=\"wp-block-heading\">Sp\u00e9cifications techniques et innovation VOZOL RAVE 40000<\/h2>\n\n\n\n<p>Le VOZOL RAVE 40000 est dot\u00e9 d'une technologie de pointe qui garantit une exp\u00e9rience de premier ordre pour chaque bouff\u00e9e.<\/p>\n\n\n\n<ul class=\"wp-block-list\">\n<li><strong>Max Puffs :<\/strong> Approx. <strong>40000 bouff\u00e9es<\/strong><\/li>\n\n\n\n<li><strong>Capacit\u00e9 d'e-liquide :<\/strong> 20 ml<\/li>\n\n\n\n<li><strong>Batterie :<\/strong> 1000 mAh <strong>Rechargeable<\/strong><\/li>\n\n\n\n<li><strong>Intensit\u00e9 de la nicotine :<\/strong> 5% (50mg\/ml) Sel Nicotine<\/li>\n\n\n\n<li><strong>Syst\u00e8me de bobine :<\/strong> <strong>Bobine \u00e0 double maille<\/strong> avec S.i.L.C. Tech<\/li>\n\n\n\n<li><strong>Chargement :<\/strong> Port USB de type C (charge rapide)<\/li>\n\n\n\n<li><strong>Dossier sp\u00e9cial :<\/strong> <strong>\u00c9cran LED \u00e0 d\u00e9tection de rythme 270<\/strong><\/li>\n\n\n\n<li><strong>Activation :<\/strong> Dessin activ\u00e9<\/li>\n<\/ul>\n\n\n\n<p>Le puissant <strong>Bobine \u00e0 double maille<\/strong> Le VOZOL RAVE 40000 g\u00e8re de mani\u00e8re experte le riche m\u00e9lange Cherry Strawberry, d\u00e9livrant des notes fruit\u00e9es profondes avec une chaleur et une densit\u00e9 de nuage maximales pour un tirage vraiment satisfaisant \u00e0 chaque fois.<\/p>\n\n\n\n<h4 class=\"wp-block-heading\">D. \ud83d\uded2 Raisons d'acheter maintenant<\/h4>\n\n\n\n<h2 class=\"wp-block-heading\">Alerte stocks limit\u00e9s : Achetez votre VOZOL RAVE \u00e0 la cerise et \u00e0 la fraise !<\/h2>\n\n\n\n<p>Le VOZOL RAVE 40000 devient rapidement la r\u00e9f\u00e9rence en mati\u00e8re de <strong>40000 Puffs Vape jetable<\/strong> Le produit est utilis\u00e9 dans le monde entier et est appr\u00e9ci\u00e9 pour sa long\u00e9vit\u00e9 et ses performances. La saveur d\u00e9lectable de cerise et de fraise est toujours tr\u00e8s demand\u00e9e. <strong>Le nombre d'unit\u00e9s restantes est limit\u00e9 !<\/strong><\/p>\n\n\n\n<p><strong>Agissez rapidement :<\/strong> R\u00e9servez d\u00e8s maintenant votre VOZOL RAVE 40000 et profitez d'une exp\u00e9rience de vapotage ininterrompue et de qualit\u00e9 sup\u00e9rieure, soutenue par un spectacle lumineux spectaculaire. <strong>Commandez cette \u00e9tonnante vape VOZOL avant qu'elle ne soit \u00e9puis\u00e9e !<\/strong><\/p>\n\n\n\n<p><\/p>","protected":false},"excerpt":{"rendered":"<p>The VOZOL RAVE 40000 Puffs Disposable Vape in Blue Razz Ice delivers an exhilarating combination of sweet, tart, and icy refreshment. Engineered for performance and fun, this device boasts an unprecedented 40000 puff count and is VOZOL RAVE 40000 Puffs Cherry Strawberry: Double the Delight The VOZOL RAVE 40000 Puffs Disposable Vape in Cherry Strawberry [&hellip;]<\/p>\n","protected":false},"featured_media":19296,"comment_status":"open","ping_status":"closed","template":"","meta":[],"product_brand":[178],"product_cat":[135],"product_tag":[],"class_list":{"0":"post-18422","1":"product","2":"type-product","3":"status-publish","4":"has-post-thumbnail","6":"product_brand-vozol","7":"product_cat-40k-puffs","9":"first","10":"instock","11":"sale","12":"shipping-taxable","13":"purchasable","14":"product-type-variable"},"yoast_head":"<!-- This site is optimized with the Yoast SEO plugin v27.4 - https:\/\/yoast.com\/product\/yoast-seo-wordpress\/ -->\n<title>40k Puffs Disposable Vape | VOZOL RAVE Cherry Strawberry<\/title>\n<meta name=\"description\" content=\"Discover the luscious Cherry Strawberry VOZOL RAVE 40000, combining two sweet red fruits for an intense flavor. Enjoy 40000 Puffs, a massive 20ml capacity, and the thrilling 270\u00b0 Beat-Sensing LED Display. This is the ultimate VOZOL vapes experience. Order your long-lasting, flavor-rich device today!\" \/>\n<meta name=\"robots\" content=\"index, follow, max-snippet:-1, max-image-preview:large, max-video-preview:-1\" \/>\n<link rel=\"canonical\" href=\"https:\/\/vapemaison.com\/fr\/produit\/vozol-rave-cherry-strawberry-led-display-40k-puffs-disposable-vape\/\" \/>\n<meta property=\"og:locale\" content=\"fr_FR\" \/>\n<meta property=\"og:type\" content=\"article\" \/>\n<meta property=\"og:title\" content=\"40k Puffs Disposable Vape | VOZOL RAVE Cherry Strawberry\" \/>\n<meta property=\"og:description\" content=\"Discover the luscious Cherry Strawberry VOZOL RAVE 40000, combining two sweet red fruits for an intense flavor. Enjoy 40000 Puffs, a massive 20ml capacity, and the thrilling 270\u00b0 Beat-Sensing LED Display. This is the ultimate VOZOL vapes experience. Order your long-lasting, flavor-rich device today!\" \/>\n<meta property=\"og:url\" content=\"https:\/\/vapemaison.com\/fr\/produit\/vozol-rave-cherry-strawberry-led-display-40k-puffs-disposable-vape\/\" \/>\n<meta property=\"og:site_name\" content=\"VapeMaison\" \/>\n<meta property=\"article:modified_time\" content=\"2025-12-20T09:17:38+00:00\" \/>\n<meta property=\"og:image\" content=\"https:\/\/vapemaison.com\/wp-content\/uploads\/2025\/12\/vozol-rave-40000-Peach-Ice-3-768x768-1.webp\" \/>\n\t<meta property=\"og:image:width\" content=\"768\" \/>\n\t<meta property=\"og:image:height\" content=\"768\" \/>\n\t<meta property=\"og:image:type\" content=\"image\/webp\" \/>\n<meta name=\"twitter:card\" content=\"summary_large_image\" \/>\n<meta name=\"twitter:label1\" content=\"Dur\u00e9e de lecture estim\u00e9e\" \/>\n\t<meta name=\"twitter:data1\" content=\"3 minutes\" \/>\n<!-- \/ Yoast SEO plugin. -->","yoast_head_json":{"title":"40k Puffs Vape jetable VOZOL RAVE Cherry Strawberry","description":"D\u00e9couvrez la succulente VOZOL RAVE 40000 Cerise Fraise, qui combine deux fruits rouges sucr\u00e9s pour une saveur intense. Profitez de 40000 bouff\u00e9es, d'une capacit\u00e9 massive de 20 ml et de l'\u00e9cran LED \u00e0 d\u00e9tection de rythme \u00e0 270\u00b0. C'est l'exp\u00e9rience ultime des vapes VOZOL. Commandez d\u00e8s aujourd'hui votre appareil durable et riche en saveurs !","robots":{"index":"index","follow":"follow","max-snippet":"max-snippet:-1","max-image-preview":"max-image-preview:large","max-video-preview":"max-video-preview:-1"},"canonical":"https:\/\/vapemaison.com\/fr\/produit\/vozol-rave-cherry-strawberry-led-display-40k-puffs-disposable-vape\/","og_locale":"fr_FR","og_type":"article","og_title":"40k Puffs Disposable Vape | VOZOL RAVE Cherry Strawberry","og_description":"Discover the luscious Cherry Strawberry VOZOL RAVE 40000, combining two sweet red fruits for an intense flavor. Enjoy 40000 Puffs, a massive 20ml capacity, and the thrilling 270\u00b0 Beat-Sensing LED Display. This is the ultimate VOZOL vapes experience. Order your long-lasting, flavor-rich device today!","og_url":"https:\/\/vapemaison.com\/fr\/produit\/vozol-rave-cherry-strawberry-led-display-40k-puffs-disposable-vape\/","og_site_name":"VapeMaison","article_modified_time":"2025-12-20T09:17:38+00:00","og_image":[{"width":768,"height":768,"url":"https:\/\/vapemaison.com\/wp-content\/uploads\/2025\/12\/vozol-rave-40000-Peach-Ice-3-768x768-1.webp","type":"image\/webp"}],"twitter_card":"summary_large_image","twitter_misc":{"Dur\u00e9e de lecture estim\u00e9e":"3 minutes"},"schema":{"@context":"https:\/\/schema.org","@graph":[{"@type":"WebPage","@id":"https:\/\/vapemaison.com\/product\/vozol-rave-cherry-strawberry-led-display-40k-puffs-disposable-vape\/","url":"https:\/\/vapemaison.com\/product\/vozol-rave-cherry-strawberry-led-display-40k-puffs-disposable-vape\/","name":"40k Puffs Vape jetable VOZOL RAVE Cherry Strawberry","isPartOf":{"@id":"https:\/\/vapemaison.com\/#website"},"primaryImageOfPage":{"@id":"https:\/\/vapemaison.com\/product\/vozol-rave-cherry-strawberry-led-display-40k-puffs-disposable-vape\/#primaryimage"},"image":{"@id":"https:\/\/vapemaison.com\/product\/vozol-rave-cherry-strawberry-led-display-40k-puffs-disposable-vape\/#primaryimage"},"thumbnailUrl":"https:\/\/vapemaison.com\/wp-content\/uploads\/2025\/12\/vozol-rave-40000-Peach-Ice-3-768x768-1.webp","datePublished":"2025-12-15T07:51:49+00:00","dateModified":"2025-12-20T09:17:38+00:00","description":"D\u00e9couvrez la succulente VOZOL RAVE 40000 Cerise Fraise, qui combine deux fruits rouges sucr\u00e9s pour une saveur intense. Profitez de 40000 bouff\u00e9es, d'une capacit\u00e9 massive de 20 ml et de l'\u00e9cran LED \u00e0 d\u00e9tection de rythme \u00e0 270\u00b0. C'est l'exp\u00e9rience ultime des vapes VOZOL. Commandez d\u00e8s aujourd'hui votre appareil durable et riche en saveurs !","breadcrumb":{"@id":"https:\/\/vapemaison.com\/product\/vozol-rave-cherry-strawberry-led-display-40k-puffs-disposable-vape\/#breadcrumb"},"inLanguage":"fr-FR","potentialAction":[{"@type":"ReadAction","target":["https:\/\/vapemaison.com\/product\/vozol-rave-cherry-strawberry-led-display-40k-puffs-disposable-vape\/"]}]},{"@type":"ImageObject","inLanguage":"fr-FR","@id":"https:\/\/vapemaison.com\/product\/vozol-rave-cherry-strawberry-led-display-40k-puffs-disposable-vape\/#primaryimage","url":"https:\/\/vapemaison.com\/wp-content\/uploads\/2025\/12\/vozol-rave-40000-Peach-Ice-3-768x768-1.webp","contentUrl":"https:\/\/vapemaison.com\/wp-content\/uploads\/2025\/12\/vozol-rave-40000-Peach-Ice-3-768x768-1.webp","width":768,"height":768,"caption":"Vozol Rave Peach Ice 3 768x768 Disposable Vape Device"},{"@type":"BreadcrumbList","@id":"https:\/\/vapemaison.com\/product\/vozol-rave-cherry-strawberry-led-display-40k-puffs-disposable-vape\/#breadcrumb","itemListElement":[{"@type":"ListItem","position":1,"name":"\u9996\u9875","item":"https:\/\/vapemaison.com\/"},{"@type":"ListItem","position":2,"name":"Shop","item":"https:\/\/vapemaison.com\/shop\/"},{"@type":"ListItem","position":3,"name":"Vozol","item":"https:\/\/vapemaison.com\/brand\/vozol\/"},{"@type":"ListItem","position":4,"name":"VOZOL RAVE Cherry Strawberry LED Display | 40k Puffs Disposable Vape"}]},{"@type":"WebSite","@id":"https:\/\/vapemaison.com\/#website","url":"https:\/\/vapemaison.com\/","name":"VapeMaison","description":"Appareils et accessoires de vapotage haut de gamme","publisher":{"@id":"https:\/\/vapemaison.com\/#organization"},"potentialAction":[{"@type":"SearchAction","target":{"@type":"EntryPoint","urlTemplate":"https:\/\/vapemaison.com\/?s={search_term_string}"},"query-input":{"@type":"PropertyValueSpecification","valueRequired":true,"valueName":"search_term_string"}}],"inLanguage":"fr-FR"},{"@type":"Organization","@id":"https:\/\/vapemaison.com\/#organization","name":"VapeMaison","url":"https:\/\/vapemaison.com\/","logo":{"@type":"ImageObject","inLanguage":"fr-FR","@id":"https:\/\/vapemaison.com\/#\/schema\/logo\/image\/","url":"https:\/\/vapemaison.com\/wp-content\/uploads\/2026\/01\/cropped-vapemaison-logo-g-2026.webp","contentUrl":"https:\/\/vapemaison.com\/wp-content\/uploads\/2026\/01\/cropped-vapemaison-logo-g-2026.webp","width":350,"height":280,"caption":"VapeMaison"},"image":{"@id":"https:\/\/vapemaison.com\/#\/schema\/logo\/image\/"},"sameAs":["https:\/\/www.youtube.com\/@VapeMaison"]}]}},"tiered_pricing_type":"fixed","tiered_pricing_fixed_rules":{"30":"12.24","50":"11.63","100":"10.86","200":"9.98"},"tiered_pricing_product_settings":{"layout":"default","base_unit_name":{"singular":null,"plural":null},"default_variation":null},"tiered_pricing_minimum_quantity":10,"tiered_pricing_roles_data":[],"tiered_pricing_percentage_rules":[],"tiered_pricing_maximum_quantity":null,"tiered_pricing_quantity_step":"10","_links":{"self":[{"href":"https:\/\/vapemaison.com\/fr\/wp-json\/wp\/v2\/product\/18422","targetHints":{"allow":["GET"]}}],"collection":[{"href":"https:\/\/vapemaison.com\/fr\/wp-json\/wp\/v2\/product"}],"about":[{"href":"https:\/\/vapemaison.com\/fr\/wp-json\/wp\/v2\/types\/product"}],"replies":[{"embeddable":true,"href":"https:\/\/vapemaison.com\/fr\/wp-json\/wp\/v2\/comments?post=18422"}],"version-history":[{"count":0,"href":"https:\/\/vapemaison.com\/fr\/wp-json\/wp\/v2\/product\/18422\/revisions"}],"wp:featuredmedia":[{"embeddable":true,"href":"https:\/\/vapemaison.com\/fr\/wp-json\/wp\/v2\/media\/19296"}],"wp:attachment":[{"href":"https:\/\/vapemaison.com\/fr\/wp-json\/wp\/v2\/media?parent=18422"}],"wp:term":[{"taxonomy":"product_brand","embeddable":true,"href":"https:\/\/vapemaison.com\/fr\/wp-json\/wp\/v2\/product_brand?post=18422"},{"taxonomy":"product_cat","embeddable":true,"href":"https:\/\/vapemaison.com\/fr\/wp-json\/wp\/v2\/product_cat?post=18422"},{"taxonomy":"product_tag","embeddable":true,"href":"https:\/\/vapemaison.com\/fr\/wp-json\/wp\/v2\/product_tag?post=18422"}],"curies":[{"name":"wp","href":"https:\/\/api.w.org\/{rel}","templated":true}]}}