

{"id":18447,"date":"2025-12-15T07:51:51","date_gmt":"2025-12-15T07:51:51","guid":{"rendered":"https:\/\/vapemaison.com\/?post_type=product&#038;p=18447"},"modified":"2025-12-20T09:17:12","modified_gmt":"2025-12-20T09:17:12","slug":"vozol-rave-grape-ice-display-40k-puffs-disposable-vape","status":"publish","type":"product","link":"https:\/\/vapemaison.com\/fr\/product\/vozol-rave-grape-ice-display-40k-puffs-disposable-vape\/","title":{"rendered":"40000 Bouff\u00e9es Vape jetable | VOZOL RAVE Grape Ice Flavor LED | Vape rechargeable"},"content":{"rendered":"<h2 class=\"wp-block-heading\">VOZOL RAVE 40000 Puffs Grape Ice : Saveur riche, finale glac\u00e9e<\/h2>\n\n\n\n<p>Le <strong>VOZOL RAVE 40000 Puffs Vape jetable<\/strong> in Grape Ice offre la saveur intens\u00e9ment sucr\u00e9e et famili\u00e8re des raisins Concord m\u00fbrs, compl\u00e9t\u00e9e par un souffle rafra\u00eechissant de menthol. Cet appareil est un leader de l'industrie, avec une incroyable capacit\u00e9 de <strong>40000 bouff\u00e9es<\/strong> et une puissante batterie de 1000mAh <strong>Vapeur rechargeable<\/strong> la batterie. La pi\u00e8ce ma\u00eetresse, le <strong>Spectacle lumineux LED 270<\/strong>, L'utilisation de l'appareil de vapotage est aussi agr\u00e9able \u00e0 regarder qu'\u00e0 savourer.<\/p>\n\n\n\n<h4 class=\"wp-block-heading\">Festin de saveurs : D\u00e9couvrez votre saveur pr\u00e9f\u00e9r\u00e9e<\/h4>\n\n\n\n<h2 class=\"wp-block-heading\">Grape Ice : doux, audacieux et froid arctique<\/h2>\n\n\n\n<p>Grape Ice est un concentr\u00e9 d'intensit\u00e9. Il offre une <strong>ar\u00f4me de raisin profond et doux comme du sirop<\/strong> qui est imm\u00e9diatement suivi d'un <strong>fra\u00eecheur forte et propre du menthol<\/strong>. Il a exactement le m\u00eame go\u00fbt qu'un jus de raisin glac\u00e9, offrant une vape tr\u00e8s satisfaisante, audacieuse et incroyablement rafra\u00eechissante qui dure.<\/p>\n\n\n\n<ul class=\"wp-block-list\">\n<li>Glace Blue Razz<\/li>\n\n\n\n<li>Glace aux myrtilles<\/li>\n\n\n\n<li>Past\u00e8que \u00e0 la myrtille<\/li>\n\n\n\n<li>Cerise Fraise<\/li>\n\n\n\n<li>Menthe fra\u00eeche<\/li>\n\n\n\n<li>Double pomme<\/li>\n\n\n\n<li><strong>Glace de raisin :<\/strong> Un ar\u00f4me puissant et sucr\u00e9 de raisin violet suivi d'une finale menthol\u00e9e revigorante et glac\u00e9e.<\/li>\n\n\n\n<li>Amour 777<\/li>\n\n\n\n<li>Glace \u00e0 la mangue<\/li>\n\n\n\n<li>Mangue P\u00eache<\/li>\n\n\n\n<li>Glace \u00e0 la p\u00eache<\/li>\n\n\n\n<li>Limonade \u00e0 la p\u00eache et \u00e0 la framboise<\/li>\n\n\n\n<li>Glace \u00e0 la fraise<\/li>\n\n\n\n<li>Fraise Kiwi<\/li>\n\n\n\n<li>Fraise Mangue<\/li>\n\n\n\n<li>Past\u00e8que \u00e0 la fraise<\/li>\n\n\n\n<li>P\u00eache \u00e0 la fraise<\/li>\n\n\n\n<li>Past\u00e8que Bubblegum<\/li>\n\n\n\n<li>Glace \u00e0 la past\u00e8que<\/li>\n\n\n\n<li>Razz Rancher \u00e0 la past\u00e8que<\/li>\n<\/ul>\n\n\n\n<h4 class=\"wp-block-heading\">Caract\u00e9ristiques techniques et points forts de la conception<\/h4>\n\n\n\n<h2 class=\"wp-block-heading\">Sp\u00e9cifications techniques et innovation VOZOL RAVE 40000<\/h2>\n\n\n\n<p>Le VOZOL RAVE 40000 est dot\u00e9 d'une technologie de pointe qui garantit une exp\u00e9rience de premier ordre pour chaque bouff\u00e9e.<\/p>\n\n\n\n<ul class=\"wp-block-list\">\n<li><strong>Max Puffs :<\/strong> Approx. <strong>40000 bouff\u00e9es<\/strong><\/li>\n\n\n\n<li><strong>Capacit\u00e9 d'e-liquide :<\/strong> 20 ml<\/li>\n\n\n\n<li><strong>Batterie :<\/strong> 1000 mAh <strong>Rechargeable<\/strong><\/li>\n\n\n\n<li><strong>Intensit\u00e9 de la nicotine :<\/strong> 5% (50mg\/ml) Sel Nicotine<\/li>\n\n\n\n<li><strong>Syst\u00e8me de bobine :<\/strong> <strong>Bobine \u00e0 double maille<\/strong> avec S.i.L.C. Tech<\/li>\n\n\n\n<li><strong>Chargement :<\/strong> Port USB de type C (charge rapide)<\/li>\n\n\n\n<li><strong>Dossier sp\u00e9cial :<\/strong> <strong>\u00c9cran LED \u00e0 d\u00e9tection de rythme 270<\/strong><\/li>\n\n\n\n<li><strong>Activation :<\/strong> Dessin activ\u00e9<\/li>\n<\/ul>\n\n\n\n<p>La robustesse <strong>Bobine \u00e0 double maille<\/strong> est essentiel pour d\u00e9livrer la vapeur dense et savoureuse attendue d'un profil riche comme Grape Ice, en veillant \u00e0 ce que l'intensit\u00e9 du raisin sucr\u00e9 soit parfaitement \u00e9quilibr\u00e9e avec le menthol glac\u00e9 tout au long de la dur\u00e9e de vie de l'atomiseur. <strong>40000 Puffs Vape jetable<\/strong>.<\/p>\n\n\n\n<h4 class=\"wp-block-heading\">Raisons d'acheter maintenant<\/h4>\n\n\n\n<h2 class=\"wp-block-heading\">Alerte stock limit\u00e9 : Attrapez votre glace au raisin VOZOL RAVE !<\/h2>\n\n\n\n<p>Le VOZOL RAVE 40000 \u00e9tablit une nouvelle norme de performance parmi les appareils d'enregistrement. <strong>Vapes VOZOL<\/strong> et <strong>40000 Puffs Vape jetable<\/strong> appareils. La puissante saveur Grape Ice est toujours tr\u00e8s demand\u00e9e. <strong>Ne manquez pas de le faire - notre stock actuel est en train de s'\u00e9puiser !<\/strong><\/p>\n\n\n\n<p><strong>Agissez rapidement :<\/strong> Procurez-vous d\u00e8s maintenant votre VOZOL RAVE 40000 et profitez d'un appareil haut de gamme, avec un nombre de bouff\u00e9es \u00e9lev\u00e9, qui ne sacrifie pas la saveur. <strong>Commandez d\u00e8s aujourd'hui cette ultime Vape rechargeable pour une exp\u00e9rience intens\u00e9ment satisfaisante !<\/strong><\/p>","protected":false},"excerpt":{"rendered":"<p>VOZOL RAVE 40000 Puffs Grape Ice: Rich Flavor, Icy Finish The VOZOL RAVE 40000 Puffs Disposable Vape in Grape Ice delivers the intensely sweet and familiar flavor of ripe Concord grapes, finished with a cooling blast of menthol. This device is an industry leader, boasting an incredible 40000 puff count and a powerful 1000mAh Rechargeable [&hellip;]<\/p>\n","protected":false},"featured_media":19284,"comment_status":"open","ping_status":"closed","template":"","meta":[],"product_brand":[178],"product_cat":[135],"product_tag":[],"class_list":{"0":"post-18447","1":"product","2":"type-product","3":"status-publish","4":"has-post-thumbnail","6":"product_brand-vozol","7":"product_cat-40k-puffs","9":"first","10":"instock","11":"sale","12":"shipping-taxable","13":"purchasable","14":"product-type-variable"},"yoast_head":"<!-- This site is optimized with the Yoast SEO plugin v27.4 - https:\/\/yoast.com\/product\/yoast-seo-wordpress\/ -->\n<title>40000 Puffs Disposable Vape | VOZOL RAVE Grape Ice Flavor LED | Rechargeable Vape<\/title>\n<meta name=\"description\" content=\"Experience the bold, sweet Grape Ice with the VOZOL RAVE 40000. Features a massive 40000 puff capacity, 20ml e-liquid reserve, and the mesmerizing 270\u00b0 Beat-Sensing LED Light. Get the best of VOZOL vapes with this intensely flavored, long-lasting device. Shop now for consistent, frosty grape flavor!\" \/>\n<meta name=\"robots\" content=\"index, follow, max-snippet:-1, max-image-preview:large, max-video-preview:-1\" \/>\n<link rel=\"canonical\" href=\"https:\/\/vapemaison.com\/fr\/produit\/vozol-rave-grape-ice-display-40k-puffs-disposable-vape\/\" \/>\n<meta property=\"og:locale\" content=\"fr_FR\" \/>\n<meta property=\"og:type\" content=\"article\" \/>\n<meta property=\"og:title\" content=\"40000 Puffs Disposable Vape | VOZOL RAVE Grape Ice Flavor LED | Rechargeable Vape\" \/>\n<meta property=\"og:description\" content=\"Experience the bold, sweet Grape Ice with the VOZOL RAVE 40000. Features a massive 40000 puff capacity, 20ml e-liquid reserve, and the mesmerizing 270\u00b0 Beat-Sensing LED Light. Get the best of VOZOL vapes with this intensely flavored, long-lasting device. Shop now for consistent, frosty grape flavor!\" \/>\n<meta property=\"og:url\" content=\"https:\/\/vapemaison.com\/fr\/produit\/vozol-rave-grape-ice-display-40k-puffs-disposable-vape\/\" \/>\n<meta property=\"og:site_name\" content=\"VapeMaison\" \/>\n<meta property=\"article:modified_time\" content=\"2025-12-20T09:17:12+00:00\" \/>\n<meta property=\"og:image\" content=\"https:\/\/vapemaison.com\/wp-content\/uploads\/2025\/12\/vozol-rave-40000-Blueberry-Ice-3.webp\" \/>\n\t<meta property=\"og:image:width\" content=\"1200\" \/>\n\t<meta property=\"og:image:height\" content=\"1200\" \/>\n\t<meta property=\"og:image:type\" content=\"image\/webp\" \/>\n<meta name=\"twitter:card\" content=\"summary_large_image\" \/>\n<meta name=\"twitter:label1\" content=\"Dur\u00e9e de lecture estim\u00e9e\" \/>\n\t<meta name=\"twitter:data1\" content=\"2 minutes\" \/>\n<!-- \/ Yoast SEO plugin. -->","yoast_head_json":{"title":"40000 Bouff\u00e9es Vape jetable | VOZOL RAVE Grape Ice Flavor LED | Vape rechargeable","description":"Faites l'exp\u00e9rience de l'audacieux et sucr\u00e9 Grape Ice avec le VOZOL RAVE 40000. Il est dot\u00e9 d'une \u00e9norme capacit\u00e9 de 40000 bouff\u00e9es, d'une r\u00e9serve de 20 ml d'e-liquide et de l'envo\u00fbtante lumi\u00e8re LED \u00e0 d\u00e9tection de rythme \u00e0 270\u00b0. Obtenez le meilleur des vapeurs VOZOL avec cet appareil aux saveurs intenses et \u00e0 la longue dur\u00e9e de vie. Achetez maintenant pour une saveur de raisin givr\u00e9e et constante !","robots":{"index":"index","follow":"follow","max-snippet":"max-snippet:-1","max-image-preview":"max-image-preview:large","max-video-preview":"max-video-preview:-1"},"canonical":"https:\/\/vapemaison.com\/fr\/produit\/vozol-rave-grape-ice-display-40k-puffs-disposable-vape\/","og_locale":"fr_FR","og_type":"article","og_title":"40000 Puffs Disposable Vape | VOZOL RAVE Grape Ice Flavor LED | Rechargeable Vape","og_description":"Experience the bold, sweet Grape Ice with the VOZOL RAVE 40000. Features a massive 40000 puff capacity, 20ml e-liquid reserve, and the mesmerizing 270\u00b0 Beat-Sensing LED Light. Get the best of VOZOL vapes with this intensely flavored, long-lasting device. Shop now for consistent, frosty grape flavor!","og_url":"https:\/\/vapemaison.com\/fr\/produit\/vozol-rave-grape-ice-display-40k-puffs-disposable-vape\/","og_site_name":"VapeMaison","article_modified_time":"2025-12-20T09:17:12+00:00","og_image":[{"width":1200,"height":1200,"url":"https:\/\/vapemaison.com\/wp-content\/uploads\/2025\/12\/vozol-rave-40000-Blueberry-Ice-3.webp","type":"image\/webp"}],"twitter_card":"summary_large_image","twitter_misc":{"Dur\u00e9e de lecture estim\u00e9e":"2 minutes"},"schema":{"@context":"https:\/\/schema.org","@graph":[{"@type":"WebPage","@id":"https:\/\/vapemaison.com\/product\/vozol-rave-grape-ice-display-40k-puffs-disposable-vape\/","url":"https:\/\/vapemaison.com\/product\/vozol-rave-grape-ice-display-40k-puffs-disposable-vape\/","name":"40000 Bouff\u00e9es Vape jetable | VOZOL RAVE Grape Ice Flavor LED | Vape rechargeable","isPartOf":{"@id":"https:\/\/vapemaison.com\/#website"},"primaryImageOfPage":{"@id":"https:\/\/vapemaison.com\/product\/vozol-rave-grape-ice-display-40k-puffs-disposable-vape\/#primaryimage"},"image":{"@id":"https:\/\/vapemaison.com\/product\/vozol-rave-grape-ice-display-40k-puffs-disposable-vape\/#primaryimage"},"thumbnailUrl":"https:\/\/vapemaison.com\/wp-content\/uploads\/2025\/12\/vozol-rave-40000-Blueberry-Ice-3.webp","datePublished":"2025-12-15T07:51:51+00:00","dateModified":"2025-12-20T09:17:12+00:00","description":"Faites l'exp\u00e9rience de l'audacieux et sucr\u00e9 Grape Ice avec le VOZOL RAVE 40000. Il est dot\u00e9 d'une \u00e9norme capacit\u00e9 de 40000 bouff\u00e9es, d'une r\u00e9serve de 20 ml d'e-liquide et de l'envo\u00fbtante lumi\u00e8re LED \u00e0 d\u00e9tection de rythme \u00e0 270\u00b0. Obtenez le meilleur des vapeurs VOZOL avec cet appareil aux saveurs intenses et \u00e0 la longue dur\u00e9e de vie. Achetez maintenant pour une saveur de raisin givr\u00e9e et constante !","breadcrumb":{"@id":"https:\/\/vapemaison.com\/product\/vozol-rave-grape-ice-display-40k-puffs-disposable-vape\/#breadcrumb"},"inLanguage":"fr-FR","potentialAction":[{"@type":"ReadAction","target":["https:\/\/vapemaison.com\/product\/vozol-rave-grape-ice-display-40k-puffs-disposable-vape\/"]}]},{"@type":"ImageObject","inLanguage":"fr-FR","@id":"https:\/\/vapemaison.com\/product\/vozol-rave-grape-ice-display-40k-puffs-disposable-vape\/#primaryimage","url":"https:\/\/vapemaison.com\/wp-content\/uploads\/2025\/12\/vozol-rave-40000-Blueberry-Ice-3.webp","contentUrl":"https:\/\/vapemaison.com\/wp-content\/uploads\/2025\/12\/vozol-rave-40000-Blueberry-Ice-3.webp","width":1200,"height":1200,"caption":"Vozol Rave Blueberry Ice Disposable Vape Device"},{"@type":"BreadcrumbList","@id":"https:\/\/vapemaison.com\/product\/vozol-rave-grape-ice-display-40k-puffs-disposable-vape\/#breadcrumb","itemListElement":[{"@type":"ListItem","position":1,"name":"\u9996\u9875","item":"https:\/\/vapemaison.com\/"},{"@type":"ListItem","position":2,"name":"Shop","item":"https:\/\/vapemaison.com\/shop\/"},{"@type":"ListItem","position":3,"name":"Vozol","item":"https:\/\/vapemaison.com\/brand\/vozol\/"},{"@type":"ListItem","position":4,"name":"40000 Puffs Disposable Vape | VOZOL RAVE Grape Ice Flavor LED | Rechargeable Vape"}]},{"@type":"WebSite","@id":"https:\/\/vapemaison.com\/#website","url":"https:\/\/vapemaison.com\/","name":"VapeMaison","description":"Appareils et accessoires de vapotage haut de gamme","publisher":{"@id":"https:\/\/vapemaison.com\/#organization"},"potentialAction":[{"@type":"SearchAction","target":{"@type":"EntryPoint","urlTemplate":"https:\/\/vapemaison.com\/?s={search_term_string}"},"query-input":{"@type":"PropertyValueSpecification","valueRequired":true,"valueName":"search_term_string"}}],"inLanguage":"fr-FR"},{"@type":"Organization","@id":"https:\/\/vapemaison.com\/#organization","name":"VapeMaison","url":"https:\/\/vapemaison.com\/","logo":{"@type":"ImageObject","inLanguage":"fr-FR","@id":"https:\/\/vapemaison.com\/#\/schema\/logo\/image\/","url":"https:\/\/vapemaison.com\/wp-content\/uploads\/2026\/01\/cropped-vapemaison-logo-g-2026.webp","contentUrl":"https:\/\/vapemaison.com\/wp-content\/uploads\/2026\/01\/cropped-vapemaison-logo-g-2026.webp","width":350,"height":280,"caption":"VapeMaison"},"image":{"@id":"https:\/\/vapemaison.com\/#\/schema\/logo\/image\/"},"sameAs":["https:\/\/www.youtube.com\/@VapeMaison"]}]}},"tiered_pricing_type":"fixed","tiered_pricing_fixed_rules":{"30":"12.24","50":"11.63","100":"10.86","200":"9.98"},"tiered_pricing_product_settings":{"layout":"default","base_unit_name":{"singular":null,"plural":null},"default_variation":null},"tiered_pricing_minimum_quantity":10,"tiered_pricing_roles_data":[],"tiered_pricing_percentage_rules":[],"tiered_pricing_maximum_quantity":null,"tiered_pricing_quantity_step":"10","_links":{"self":[{"href":"https:\/\/vapemaison.com\/fr\/wp-json\/wp\/v2\/product\/18447","targetHints":{"allow":["GET"]}}],"collection":[{"href":"https:\/\/vapemaison.com\/fr\/wp-json\/wp\/v2\/product"}],"about":[{"href":"https:\/\/vapemaison.com\/fr\/wp-json\/wp\/v2\/types\/product"}],"replies":[{"embeddable":true,"href":"https:\/\/vapemaison.com\/fr\/wp-json\/wp\/v2\/comments?post=18447"}],"version-history":[{"count":0,"href":"https:\/\/vapemaison.com\/fr\/wp-json\/wp\/v2\/product\/18447\/revisions"}],"wp:featuredmedia":[{"embeddable":true,"href":"https:\/\/vapemaison.com\/fr\/wp-json\/wp\/v2\/media\/19284"}],"wp:attachment":[{"href":"https:\/\/vapemaison.com\/fr\/wp-json\/wp\/v2\/media?parent=18447"}],"wp:term":[{"taxonomy":"product_brand","embeddable":true,"href":"https:\/\/vapemaison.com\/fr\/wp-json\/wp\/v2\/product_brand?post=18447"},{"taxonomy":"product_cat","embeddable":true,"href":"https:\/\/vapemaison.com\/fr\/wp-json\/wp\/v2\/product_cat?post=18447"},{"taxonomy":"product_tag","embeddable":true,"href":"https:\/\/vapemaison.com\/fr\/wp-json\/wp\/v2\/product_tag?post=18447"}],"curies":[{"name":"wp","href":"https:\/\/api.w.org\/{rel}","templated":true}]}}