

{"id":18472,"date":"2025-12-15T07:51:55","date_gmt":"2025-12-15T07:51:55","guid":{"rendered":"https:\/\/vapemaison.com\/?post_type=product&#038;p=18472"},"modified":"2026-01-09T08:58:17","modified_gmt":"2026-01-09T08:58:17","slug":"vozol-rave-double-apple-led-display-40k-puffs-disposable-vape","status":"publish","type":"product","link":"https:\/\/vapemaison.com\/fr\/product\/vozol-rave-double-apple-led-display-40k-puffs-disposable-vape\/","title":{"rendered":"Double Apple Vape | VOZOL RAVE 40000 Puffs LED Display | 40000 Puffs Vape jetable"},"content":{"rendered":"<h2 class=\"wp-block-heading\">VVOZOL RAVE 40000 Puffs Double Apple : Le classique intemporel<\/h2>\n\n\n\n<p>Le <strong>VOZOL RAVE 40000 Puffs Vape jetable<\/strong> en Double Apple offre une exp\u00e9rience fruit\u00e9e intemporelle et profond\u00e9ment satisfaisante, combinant \u00e0 la fois des notes de pomme rouge et de pomme verte. Con\u00e7u pour durer, ce mod\u00e8le offre une dur\u00e9e de vie incroyable. <strong>40000 bouff\u00e9es<\/strong> aliment\u00e9 par une batterie fiable de 1000mAh. L'unique <strong>Spectacle lumineux LED 270<\/strong> ajoute une touche moderne \u00e0 cette saveur classique, faisant du VOZOL RAVE le produit durable et visuellement dynamique par excellence. <strong>Vapeur rechargeable<\/strong> sur le march\u00e9.<\/p>\n\n\n\n<h4 class=\"wp-block-heading\">Festin de saveurs : D\u00e9couvrez votre saveur pr\u00e9f\u00e9r\u00e9e<\/h4>\n\n\n\n<h2 class=\"wp-block-heading\">Double Pomme : Le m\u00e9lange fruit\u00e9 parfait<\/h2>\n\n\n\n<p>La saveur Double Pomme est r\u00e9put\u00e9e pour sa complexit\u00e9, m\u00e9langeant les \u00e9l\u00e9ments suivants <strong>notes croquantes et l\u00e9g\u00e8rement acidul\u00e9es d'une pomme verte<\/strong> avec le <strong>doux et moelleux, avec des nuances de pomme rouge<\/strong>. Le go\u00fbt qui en r\u00e9sulte est cors\u00e9, aromatique et offre une saveur fruit\u00e9e parfaitement \u00e9quilibr\u00e9e et l\u00e9g\u00e8rement terreuse qui pla\u00eet \u00e0 un large \u00e9ventail de vapoteurs.<\/p>\n\n\n\n<ul class=\"wp-block-list\">\n<li>Glace Blue Razz<\/li>\n\n\n\n<li>Glace aux myrtilles<\/li>\n\n\n\n<li>Past\u00e8que \u00e0 la myrtille<\/li>\n\n\n\n<li>Cerise Fraise<\/li>\n\n\n\n<li>Menthe fra\u00eeche<\/li>\n\n\n\n<li><strong>Double pomme :<\/strong> Un m\u00e9lange riche et complexe de pomme rouge sucr\u00e9e et de pomme verte acidul\u00e9e, offrant une essence de fruit authentique.<\/li>\n\n\n\n<li>Glace de raisin<\/li>\n\n\n\n<li>Amour 777<\/li>\n\n\n\n<li>Glace \u00e0 la mangue<\/li>\n\n\n\n<li>Mangue P\u00eache<\/li>\n\n\n\n<li>Glace \u00e0 la p\u00eache<\/li>\n\n\n\n<li>Limonade \u00e0 la p\u00eache et \u00e0 la framboise<\/li>\n\n\n\n<li>Glace \u00e0 la fraise<\/li>\n\n\n\n<li>Fraise Kiwi<\/li>\n\n\n\n<li>Fraise Mangue<\/li>\n\n\n\n<li>Past\u00e8que \u00e0 la fraise<\/li>\n\n\n\n<li>P\u00eache \u00e0 la fraise<\/li>\n\n\n\n<li>Past\u00e8que Bubblegum<\/li>\n\n\n\n<li>Glace \u00e0 la past\u00e8que<\/li>\n\n\n\n<li>Razz Rancher \u00e0 la past\u00e8que<\/li>\n<\/ul>\n\n\n\n<h4 class=\"wp-block-heading\">Caract\u00e9ristiques techniques et points forts de la conception<\/h4>\n\n\n\n<h2 class=\"wp-block-heading\">Sp\u00e9cifications techniques et innovation VOZOL RAVE 40000<\/h2>\n\n\n\n<p>Le VOZOL RAVE 40000 est dot\u00e9 d'une technologie de pointe qui garantit une exp\u00e9rience de premier ordre pour chaque bouff\u00e9e.<\/p>\n\n\n\n<ul class=\"wp-block-list\">\n<li><strong>Max Puffs :<\/strong> Approx. <strong>40000 bouff\u00e9es<\/strong><\/li>\n\n\n\n<li><strong>Capacit\u00e9 d'e-liquide :<\/strong> 20 ml<\/li>\n\n\n\n<li><strong>Batterie :<\/strong> 1000 mAh <strong>Rechargeable<\/strong><\/li>\n\n\n\n<li><strong>Intensit\u00e9 de la nicotine :<\/strong> 5% (50mg\/ml) Sel Nicotine<\/li>\n\n\n\n<li><strong>Syst\u00e8me de bobine :<\/strong> <strong>Bobine \u00e0 double maille<\/strong> avec S.i.L.C. Tech<\/li>\n\n\n\n<li><strong>Chargement :<\/strong> Port USB de type C (charge rapide)<\/li>\n\n\n\n<li><strong>Dossier sp\u00e9cial :<\/strong> <strong>\u00c9cran LED \u00e0 d\u00e9tection de rythme 270<\/strong><\/li>\n\n\n\n<li><strong>Activation :<\/strong> Dessin activ\u00e9<\/li>\n<\/ul>\n\n\n\n<p>Les services sp\u00e9cialis\u00e9s <strong>Bobine \u00e0 double maille<\/strong> garantit que les diff\u00e9rences subtiles entre les deux vari\u00e9t\u00e9s de pommes sont pleinement articul\u00e9es, ce qui conf\u00e8re \u00e0 la Double Apple VOZOL RAVE 40000 une richesse de go\u00fbt profonde et constante, du premier au dernier tirage.<\/p>\n\n\n\n<h4 class=\"wp-block-heading\">Raisons d'acheter maintenant<\/h4>\n\n\n\n<h2 class=\"wp-block-heading\">Alerte stock limit\u00e9 : Attrapez votre Double Apple VOZOL RAVE !<\/h2>\n\n\n\n<p>Le VOZOL RAVE 40000 r\u00e9volutionne le march\u00e9 des produits jetables gr\u00e2ce \u00e0 son extraordinaire <strong>40000 Puffs Vape jetable<\/strong> compte. La saveur classique de la double pomme est l'une des pr\u00e9f\u00e9r\u00e9es du monde entier. <strong>Ce parfum est actuellement en rupture de stock !<\/strong><\/p>\n\n\n\n<p><strong>Agissez rapidement :<\/strong> Achetez votre VOZOL RAVE 40000 d\u00e8s maintenant et profitez d'une exp\u00e9rience de vapotage ininterrompue de premi\u00e8re qualit\u00e9 avec un certain flair. <strong>Ne passez pas \u00e0 c\u00f4t\u00e9 de cette vape VOZOL populaire - commandez d\u00e8s aujourd'hui !<\/strong><\/p>","protected":false},"excerpt":{"rendered":"<p>VVOZOL RAVE 40000 Puffs Double Apple: The Timeless Classic The VOZOL RAVE 40000 Puffs Disposable Vape in Double Apple delivers a timeless, deeply satisfying fruit experience, combining both red and green apple notes. Engineered for endurance, this model offers an unbelievable 40000 puff count powered by a reliable 1000mAh battery. The unique 270\u00b0 LED Light [&hellip;]<\/p>\n","protected":false},"featured_media":19290,"comment_status":"open","ping_status":"closed","template":"","meta":[],"product_brand":[178],"product_cat":[135],"product_tag":[],"class_list":{"0":"post-18472","1":"product","2":"type-product","3":"status-publish","4":"has-post-thumbnail","6":"product_brand-vozol","7":"product_cat-40k-puffs","9":"first","10":"instock","11":"sale","12":"featured","13":"shipping-taxable","14":"purchasable","15":"product-type-variable"},"yoast_head":"<!-- This site is optimized with the Yoast SEO plugin v27.4 - https:\/\/yoast.com\/product\/yoast-seo-wordpress\/ -->\n<title>Double Apple Vape | VOZOL RAVE 40000 Puffs LED Display | 40000 Puffs Disposable Vape<\/title>\n<meta name=\"description\" content=\"Savor the rich, aromatic Double Apple VOZOL RAVE 40000. A classic blend delivered with 40000 puffs, a 20ml e-liquid capacity, and the dazzling 270\u00b0 Beat-Sensing LED Light. This premium Rechargeable Vape ensures maximum flavor fidelity and longevity. Shop VOZOL vapes now for an unparalleled vaping journey!\" \/>\n<meta name=\"robots\" content=\"index, follow, max-snippet:-1, max-image-preview:large, max-video-preview:-1\" \/>\n<link rel=\"canonical\" href=\"https:\/\/vapemaison.com\/fr\/produit\/vozol-rave-double-apple-led-display-40k-puffs-disposable-vape\/\" \/>\n<meta property=\"og:locale\" content=\"fr_FR\" \/>\n<meta property=\"og:type\" content=\"article\" \/>\n<meta property=\"og:title\" content=\"Double Apple Vape | VOZOL RAVE 40000 Puffs LED Display | 40000 Puffs Disposable Vape\" \/>\n<meta property=\"og:description\" content=\"Savor the rich, aromatic Double Apple VOZOL RAVE 40000. A classic blend delivered with 40000 puffs, a 20ml e-liquid capacity, and the dazzling 270\u00b0 Beat-Sensing LED Light. This premium Rechargeable Vape ensures maximum flavor fidelity and longevity. Shop VOZOL vapes now for an unparalleled vaping journey!\" \/>\n<meta property=\"og:url\" content=\"https:\/\/vapemaison.com\/fr\/produit\/vozol-rave-double-apple-led-display-40k-puffs-disposable-vape\/\" \/>\n<meta property=\"og:site_name\" content=\"VapeMaison\" \/>\n<meta property=\"article:modified_time\" content=\"2026-01-09T08:58:17+00:00\" \/>\n<meta property=\"og:image\" content=\"https:\/\/vapemaison.com\/wp-content\/uploads\/2025\/12\/vozol-rave-40000-Double-Apple-3.webp\" \/>\n\t<meta property=\"og:image:width\" content=\"1200\" \/>\n\t<meta property=\"og:image:height\" content=\"1200\" \/>\n\t<meta property=\"og:image:type\" content=\"image\/webp\" \/>\n<meta name=\"twitter:card\" content=\"summary_large_image\" \/>\n<meta name=\"twitter:label1\" content=\"Dur\u00e9e de lecture estim\u00e9e\" \/>\n\t<meta name=\"twitter:data1\" content=\"2 minutes\" \/>\n<!-- \/ Yoast SEO plugin. -->","yoast_head_json":{"title":"Double Apple Vape | VOZOL RAVE 40000 Puffs LED Display | 40000 Puffs Vape jetable","description":"Savourez le riche et aromatique Double Apple VOZOL RAVE 40000. Un m\u00e9lange classique livr\u00e9 avec 40000 bouff\u00e9es, une capacit\u00e9 de 20ml d'e-liquide, et l'\u00e9blouissante lumi\u00e8re LED 270\u00b0 Beat-Sensing. Ce Vapeur rechargeable haut de gamme assure une fid\u00e9lit\u00e9 et une long\u00e9vit\u00e9 maximales de la saveur. Achetez les vapes VOZOL maintenant pour un voyage de vapotage sans pareil !","robots":{"index":"index","follow":"follow","max-snippet":"max-snippet:-1","max-image-preview":"max-image-preview:large","max-video-preview":"max-video-preview:-1"},"canonical":"https:\/\/vapemaison.com\/fr\/produit\/vozol-rave-double-apple-led-display-40k-puffs-disposable-vape\/","og_locale":"fr_FR","og_type":"article","og_title":"Double Apple Vape | VOZOL RAVE 40000 Puffs LED Display | 40000 Puffs Disposable Vape","og_description":"Savor the rich, aromatic Double Apple VOZOL RAVE 40000. A classic blend delivered with 40000 puffs, a 20ml e-liquid capacity, and the dazzling 270\u00b0 Beat-Sensing LED Light. This premium Rechargeable Vape ensures maximum flavor fidelity and longevity. Shop VOZOL vapes now for an unparalleled vaping journey!","og_url":"https:\/\/vapemaison.com\/fr\/produit\/vozol-rave-double-apple-led-display-40k-puffs-disposable-vape\/","og_site_name":"VapeMaison","article_modified_time":"2026-01-09T08:58:17+00:00","og_image":[{"width":1200,"height":1200,"url":"https:\/\/vapemaison.com\/wp-content\/uploads\/2025\/12\/vozol-rave-40000-Double-Apple-3.webp","type":"image\/webp"}],"twitter_card":"summary_large_image","twitter_misc":{"Dur\u00e9e de lecture estim\u00e9e":"2 minutes"},"schema":{"@context":"https:\/\/schema.org","@graph":[{"@type":"WebPage","@id":"https:\/\/vapemaison.com\/product\/vozol-rave-double-apple-led-display-40k-puffs-disposable-vape\/","url":"https:\/\/vapemaison.com\/product\/vozol-rave-double-apple-led-display-40k-puffs-disposable-vape\/","name":"Double Apple Vape | VOZOL RAVE 40000 Puffs LED Display | 40000 Puffs Vape jetable","isPartOf":{"@id":"https:\/\/vapemaison.com\/#website"},"primaryImageOfPage":{"@id":"https:\/\/vapemaison.com\/product\/vozol-rave-double-apple-led-display-40k-puffs-disposable-vape\/#primaryimage"},"image":{"@id":"https:\/\/vapemaison.com\/product\/vozol-rave-double-apple-led-display-40k-puffs-disposable-vape\/#primaryimage"},"thumbnailUrl":"https:\/\/vapemaison.com\/wp-content\/uploads\/2025\/12\/vozol-rave-40000-Double-Apple-3.webp","datePublished":"2025-12-15T07:51:55+00:00","dateModified":"2026-01-09T08:58:17+00:00","description":"Savourez le riche et aromatique Double Apple VOZOL RAVE 40000. Un m\u00e9lange classique livr\u00e9 avec 40000 bouff\u00e9es, une capacit\u00e9 de 20ml d'e-liquide, et l'\u00e9blouissante lumi\u00e8re LED 270\u00b0 Beat-Sensing. Ce Vapeur rechargeable haut de gamme assure une fid\u00e9lit\u00e9 et une long\u00e9vit\u00e9 maximales de la saveur. Achetez les vapes VOZOL maintenant pour un voyage de vapotage sans pareil !","breadcrumb":{"@id":"https:\/\/vapemaison.com\/product\/vozol-rave-double-apple-led-display-40k-puffs-disposable-vape\/#breadcrumb"},"inLanguage":"fr-FR","potentialAction":[{"@type":"ReadAction","target":["https:\/\/vapemaison.com\/product\/vozol-rave-double-apple-led-display-40k-puffs-disposable-vape\/"]}]},{"@type":"ImageObject","inLanguage":"fr-FR","@id":"https:\/\/vapemaison.com\/product\/vozol-rave-double-apple-led-display-40k-puffs-disposable-vape\/#primaryimage","url":"https:\/\/vapemaison.com\/wp-content\/uploads\/2025\/12\/vozol-rave-40000-Double-Apple-3.webp","contentUrl":"https:\/\/vapemaison.com\/wp-content\/uploads\/2025\/12\/vozol-rave-40000-Double-Apple-3.webp","width":1200,"height":1200,"caption":"Vozol Rave Double Apple Disposable Vape Device"},{"@type":"BreadcrumbList","@id":"https:\/\/vapemaison.com\/product\/vozol-rave-double-apple-led-display-40k-puffs-disposable-vape\/#breadcrumb","itemListElement":[{"@type":"ListItem","position":1,"name":"\u9996\u9875","item":"https:\/\/vapemaison.com\/"},{"@type":"ListItem","position":2,"name":"Shop","item":"https:\/\/vapemaison.com\/shop\/"},{"@type":"ListItem","position":3,"name":"Vozol","item":"https:\/\/vapemaison.com\/brand\/vozol\/"},{"@type":"ListItem","position":4,"name":"Double Apple Vape | VOZOL RAVE 40000 Puffs LED Display | 40000 Puffs Disposable Vape"}]},{"@type":"WebSite","@id":"https:\/\/vapemaison.com\/#website","url":"https:\/\/vapemaison.com\/","name":"VapeMaison","description":"Appareils et accessoires de vapotage haut de gamme","publisher":{"@id":"https:\/\/vapemaison.com\/#organization"},"potentialAction":[{"@type":"SearchAction","target":{"@type":"EntryPoint","urlTemplate":"https:\/\/vapemaison.com\/?s={search_term_string}"},"query-input":{"@type":"PropertyValueSpecification","valueRequired":true,"valueName":"search_term_string"}}],"inLanguage":"fr-FR"},{"@type":"Organization","@id":"https:\/\/vapemaison.com\/#organization","name":"VapeMaison","url":"https:\/\/vapemaison.com\/","logo":{"@type":"ImageObject","inLanguage":"fr-FR","@id":"https:\/\/vapemaison.com\/#\/schema\/logo\/image\/","url":"https:\/\/vapemaison.com\/wp-content\/uploads\/2026\/01\/cropped-vapemaison-logo-g-2026.webp","contentUrl":"https:\/\/vapemaison.com\/wp-content\/uploads\/2026\/01\/cropped-vapemaison-logo-g-2026.webp","width":350,"height":280,"caption":"VapeMaison"},"image":{"@id":"https:\/\/vapemaison.com\/#\/schema\/logo\/image\/"},"sameAs":["https:\/\/www.youtube.com\/@VapeMaison"]}]}},"tiered_pricing_type":"fixed","tiered_pricing_fixed_rules":{"30":"12.24","50":"11.63","100":"10.86","200":"9.98"},"tiered_pricing_product_settings":{"layout":"default","base_unit_name":{"singular":null,"plural":null},"default_variation":null},"tiered_pricing_minimum_quantity":10,"tiered_pricing_roles_data":[],"tiered_pricing_percentage_rules":[],"tiered_pricing_maximum_quantity":null,"tiered_pricing_quantity_step":"10","_links":{"self":[{"href":"https:\/\/vapemaison.com\/fr\/wp-json\/wp\/v2\/product\/18472","targetHints":{"allow":["GET"]}}],"collection":[{"href":"https:\/\/vapemaison.com\/fr\/wp-json\/wp\/v2\/product"}],"about":[{"href":"https:\/\/vapemaison.com\/fr\/wp-json\/wp\/v2\/types\/product"}],"replies":[{"embeddable":true,"href":"https:\/\/vapemaison.com\/fr\/wp-json\/wp\/v2\/comments?post=18472"}],"version-history":[{"count":0,"href":"https:\/\/vapemaison.com\/fr\/wp-json\/wp\/v2\/product\/18472\/revisions"}],"wp:featuredmedia":[{"embeddable":true,"href":"https:\/\/vapemaison.com\/fr\/wp-json\/wp\/v2\/media\/19290"}],"wp:attachment":[{"href":"https:\/\/vapemaison.com\/fr\/wp-json\/wp\/v2\/media?parent=18472"}],"wp:term":[{"taxonomy":"product_brand","embeddable":true,"href":"https:\/\/vapemaison.com\/fr\/wp-json\/wp\/v2\/product_brand?post=18472"},{"taxonomy":"product_cat","embeddable":true,"href":"https:\/\/vapemaison.com\/fr\/wp-json\/wp\/v2\/product_cat?post=18472"},{"taxonomy":"product_tag","embeddable":true,"href":"https:\/\/vapemaison.com\/fr\/wp-json\/wp\/v2\/product_tag?post=18472"}],"curies":[{"name":"wp","href":"https:\/\/api.w.org\/{rel}","templated":true}]}}