

{"id":18497,"date":"2025-12-15T07:51:57","date_gmt":"2025-12-15T07:51:57","guid":{"rendered":"https:\/\/vapemaison.com\/?post_type=product&#038;p=18497"},"modified":"2025-12-20T09:16:12","modified_gmt":"2025-12-20T09:16:12","slug":"love-777-vape-vozol-rave-40000-puffs-unique-flavor-rechargeable-vape","status":"publish","type":"product","link":"https:\/\/vapemaison.com\/fr\/product\/love-777-vape-vozol-rave-40000-puffs-unique-flavor-rechargeable-vape\/","title":{"rendered":"Love 777 Vape | VOZOL RAVE 40000 Puffs Unique Flavor | Rechargeable Vape"},"content":{"rendered":"<h2 class=\"wp-block-heading\">VOZOL RAVE 40000 Puffs Love 777 : Un parfum de myst\u00e8re et d'allure<\/h2>\n\n\n\n<p>Le <strong>VOZOL RAVE 40000 Puffs Vape jetable<\/strong> dans l'intrigante saveur Love 777 offre une exp\u00e9rience de vapotage vraiment unique et captivante qui vous laisse perplexe. Con\u00e7u pour les vapoteurs aventureux, ce dispositif offre une exp\u00e9rience de vapotage sans pr\u00e9c\u00e9dent. <strong>Capacit\u00e9 de 40000 bouff\u00e9es<\/strong> et est visuellement mis en valeur par l'\u00e9lectrisante <strong>Spectacle lumineux LED 270<\/strong>. Le VOZOL RAVE est le choix ultime pour ceux qui recherchent un go\u00fbt tr\u00e8s distinctif associ\u00e9 \u00e0 une long\u00e9vit\u00e9 extr\u00eame de l'appareil dans un produit de qualit\u00e9 sup\u00e9rieure. <strong>Vapeur rechargeable<\/strong> forme.<\/p>\n\n\n\n<h4 class=\"wp-block-heading\">Festin de saveurs : D\u00e9couvrez votre saveur pr\u00e9f\u00e9r\u00e9e<\/h4>\n\n\n\n<h2 class=\"wp-block-heading\">Amour 777 : Un m\u00e9lange intriguant et caract\u00e9ristique<\/h2>\n\n\n\n<p>L'amour 777 est un <strong>m\u00e9lange VOZOL signature<\/strong> qui est souvent d\u00e9crite comme une <strong>m\u00e9lange complexe de fruits tropicaux exotiques<\/strong> avec un soup\u00e7on de fra\u00eecheur rafra\u00eechissante. Il offre un profil \u00e9quilibr\u00e9, moyennement sucr\u00e9, \u00e0 la fois myst\u00e9rieux et incroyablement addictif, qui t\u00e9moigne d'une \u00e9laboration des saveurs de haut niveau.<\/p>\n\n\n\n<ul class=\"wp-block-list\">\n<li>Glace Blue Razz<\/li>\n\n\n\n<li>Glace aux myrtilles<\/li>\n\n\n\n<li>Past\u00e8que \u00e0 la myrtille<\/li>\n\n\n\n<li>Cerise Fraise<\/li>\n\n\n\n<li>Menthe fra\u00eeche<\/li>\n\n\n\n<li>Double pomme<\/li>\n\n\n\n<li>Glace de raisin<\/li>\n\n\n\n<li><strong>Amour 777 :<\/strong> Un ar\u00f4me signature complexe et captivant, impliquant g\u00e9n\u00e9ralement des fruits exotiques et une touche de fra\u00eecheur, offrant un profil unique et addictif.<\/li>\n\n\n\n<li>Glace \u00e0 la mangue<\/li>\n\n\n\n<li>Mangue P\u00eache<\/li>\n\n\n\n<li>Glace \u00e0 la p\u00eache<\/li>\n\n\n\n<li>Limonade \u00e0 la p\u00eache et \u00e0 la framboise<\/li>\n\n\n\n<li>Glace \u00e0 la fraise<\/li>\n\n\n\n<li>Fraise Kiwi<\/li>\n\n\n\n<li>Fraise Mangue<\/li>\n\n\n\n<li>Past\u00e8que \u00e0 la fraise<\/li>\n\n\n\n<li>P\u00eache \u00e0 la fraise<\/li>\n\n\n\n<li>Past\u00e8que Bubblegum<\/li>\n\n\n\n<li>Glace \u00e0 la past\u00e8que<\/li>\n\n\n\n<li>Razz Rancher \u00e0 la past\u00e8que<\/li>\n<\/ul>\n\n\n\n<h4 class=\"wp-block-heading\">Caract\u00e9ristiques techniques et points forts de la conception<\/h4>\n\n\n\n<h2 class=\"wp-block-heading\">Sp\u00e9cifications techniques et innovation VOZOL RAVE 40000<\/h2>\n\n\n\n<p>Le VOZOL RAVE 40000 est dot\u00e9 d'une technologie de pointe qui garantit une exp\u00e9rience de premier ordre pour chaque bouff\u00e9e.<\/p>\n\n\n\n<ul class=\"wp-block-list\">\n<li><strong>Max Puffs :<\/strong> Approx. <strong>40000 bouff\u00e9es<\/strong><\/li>\n\n\n\n<li><strong>Capacit\u00e9 d'e-liquide :<\/strong> 20 ml<\/li>\n\n\n\n<li><strong>Batterie :<\/strong> 1000 mAh <strong>Rechargeable<\/strong><\/li>\n\n\n\n<li><strong>Intensit\u00e9 de la nicotine :<\/strong> 5% (50mg\/ml) Sel Nicotine<\/li>\n\n\n\n<li><strong>Syst\u00e8me de bobine :<\/strong> <strong>Bobine \u00e0 double maille<\/strong> avec S.i.L.C. Tech<\/li>\n\n\n\n<li><strong>Chargement :<\/strong> Port USB de type C (charge rapide)<\/li>\n\n\n\n<li><strong>Dossier sp\u00e9cial :<\/strong> <strong>\u00c9cran LED \u00e0 d\u00e9tection de rythme 270<\/strong><\/li>\n\n\n\n<li><strong>Activation :<\/strong> Dessin activ\u00e9<\/li>\n<\/ul>\n\n\n\n<p>Afin d'exprimer pleinement les couches complexes du m\u00e9lange Love 777, les <strong>Bobine \u00e0 double maille<\/strong> du VOZOL RAVE 40000 offre une surface de chauffe sup\u00e9rieure, garantissant que chaque note subtile de fruit et de myst\u00e8re est captur\u00e9e et d\u00e9livr\u00e9e avec une richesse constante.<\/p>\n\n\n\n<h4 class=\"wp-block-heading\">Raisons d'acheter maintenant<\/h4>\n\n\n\n<h2 class=\"wp-block-heading\">Alerte stock limit\u00e9 : Attrapez votre amour 777 VOZOL RAVE !<\/h2>\n\n\n\n<p>Le VOZOL RAVE 40000 est la r\u00e9f\u00e9rence en mati\u00e8re de <strong>40000 Puffs Vape jetable<\/strong> des appareils. L'ar\u00f4me unique Love 777 est une denr\u00e9e rare et tr\u00e8s recherch\u00e9e. <strong>Les stocks sont tr\u00e8s limit\u00e9s !<\/strong><\/p>\n\n\n\n<p><strong>Agissez rapidement :<\/strong> Achetez votre VOZOL RAVE 40000 d\u00e8s maintenant et lancez-vous dans une aventure savoureuse et durable avec un appareil qui se d\u00e9marque vraiment. <strong>Ne manquez pas cette chance d'essayer la signature de la vape VOZOL - commandez d\u00e8s aujourd'hui !<\/strong><\/p>","protected":false},"excerpt":{"rendered":"<p>VOZOL RAVE 40000 Puffs Love 777: A Flavor of Mystery and Allure The VOZOL RAVE 40000 Puffs Disposable Vape in the intriguing Love 777 flavor offers a truly unique and captivating vaping experience that keeps you guessing. Designed for the adventurous vaper, this device provides an unparalleled 40000 puff capacity and is visually enhanced by [&hellip;]<\/p>\n","protected":false},"featured_media":19289,"comment_status":"open","ping_status":"closed","template":"","meta":[],"product_brand":[178],"product_cat":[135],"product_tag":[],"class_list":{"0":"post-18497","1":"product","2":"type-product","3":"status-publish","4":"has-post-thumbnail","6":"product_brand-vozol","7":"product_cat-40k-puffs","9":"first","10":"instock","11":"sale","12":"shipping-taxable","13":"purchasable","14":"product-type-variable"},"yoast_head":"<!-- This site is optimized with the Yoast SEO plugin v27.4 - https:\/\/yoast.com\/product\/yoast-seo-wordpress\/ -->\n<title>Love 777 Vape | VOZOL RAVE 40000 Puffs Unique Flavor | Rechargeable Vape<\/title>\n<meta name=\"description\" content=\"Unravel the mystery of the Love 777 VOZOL RAVE 40000! A captivating, unique blend delivered over 40000 puffs, featuring a huge 20ml capacity and the vibrant 270\u00b0 Beat-Sensing LED Display. Experience the next level of VOZOL vapes flavor. Buy this premium 40000 Puffs Disposable Vape for a one-of-a-kind, long-lasting journey!\" \/>\n<meta name=\"robots\" content=\"index, follow, max-snippet:-1, max-image-preview:large, max-video-preview:-1\" \/>\n<link rel=\"canonical\" href=\"https:\/\/vapemaison.com\/fr\/produit\/love-777-vape-vozol-rave-40000-puffs-unique-flavor-rechargeable-vape\/\" \/>\n<meta property=\"og:locale\" content=\"fr_FR\" \/>\n<meta property=\"og:type\" content=\"article\" \/>\n<meta property=\"og:title\" content=\"Love 777 Vape | VOZOL RAVE 40000 Puffs Unique Flavor | Rechargeable Vape\" \/>\n<meta property=\"og:description\" content=\"Unravel the mystery of the Love 777 VOZOL RAVE 40000! A captivating, unique blend delivered over 40000 puffs, featuring a huge 20ml capacity and the vibrant 270\u00b0 Beat-Sensing LED Display. Experience the next level of VOZOL vapes flavor. Buy this premium 40000 Puffs Disposable Vape for a one-of-a-kind, long-lasting journey!\" \/>\n<meta property=\"og:url\" content=\"https:\/\/vapemaison.com\/fr\/produit\/love-777-vape-vozol-rave-40000-puffs-unique-flavor-rechargeable-vape\/\" \/>\n<meta property=\"og:site_name\" content=\"VapeMaison\" \/>\n<meta property=\"article:modified_time\" content=\"2025-12-20T09:16:12+00:00\" \/>\n<meta property=\"og:image\" content=\"https:\/\/vapemaison.com\/wp-content\/uploads\/2025\/12\/vozol-rave-40000-Double-Apple-2-800x800-1.webp\" \/>\n\t<meta property=\"og:image:width\" content=\"800\" \/>\n\t<meta property=\"og:image:height\" content=\"800\" \/>\n\t<meta property=\"og:image:type\" content=\"image\/webp\" \/>\n<meta name=\"twitter:card\" content=\"summary_large_image\" \/>\n<meta name=\"twitter:label1\" content=\"Dur\u00e9e de lecture estim\u00e9e\" \/>\n\t<meta name=\"twitter:data1\" content=\"2 minutes\" \/>\n<!-- \/ Yoast SEO plugin. -->","yoast_head_json":{"title":"Love 777 Vape | VOZOL RAVE 40000 Puffs Unique Flavor | Rechargeable Vape","description":"Percez le myst\u00e8re de la Love 777 VOZOL RAVE 40000 ! Un m\u00e9lange captivant et unique, d\u00e9livrant plus de 40000 bouff\u00e9es, dot\u00e9 d'une \u00e9norme capacit\u00e9 de 20ml et d'un vibrant \u00e9cran LED \u00e0 d\u00e9tection de battements \u00e0 270\u00b0. D\u00e9couvrez le prochain niveau de saveur des vapes VOZOL. Achetez cette Vape jetable premium de 40000 bouff\u00e9es pour un voyage unique et durable !","robots":{"index":"index","follow":"follow","max-snippet":"max-snippet:-1","max-image-preview":"max-image-preview:large","max-video-preview":"max-video-preview:-1"},"canonical":"https:\/\/vapemaison.com\/fr\/produit\/love-777-vape-vozol-rave-40000-puffs-unique-flavor-rechargeable-vape\/","og_locale":"fr_FR","og_type":"article","og_title":"Love 777 Vape | VOZOL RAVE 40000 Puffs Unique Flavor | Rechargeable Vape","og_description":"Unravel the mystery of the Love 777 VOZOL RAVE 40000! A captivating, unique blend delivered over 40000 puffs, featuring a huge 20ml capacity and the vibrant 270\u00b0 Beat-Sensing LED Display. Experience the next level of VOZOL vapes flavor. Buy this premium 40000 Puffs Disposable Vape for a one-of-a-kind, long-lasting journey!","og_url":"https:\/\/vapemaison.com\/fr\/produit\/love-777-vape-vozol-rave-40000-puffs-unique-flavor-rechargeable-vape\/","og_site_name":"VapeMaison","article_modified_time":"2025-12-20T09:16:12+00:00","og_image":[{"width":800,"height":800,"url":"https:\/\/vapemaison.com\/wp-content\/uploads\/2025\/12\/vozol-rave-40000-Double-Apple-2-800x800-1.webp","type":"image\/webp"}],"twitter_card":"summary_large_image","twitter_misc":{"Dur\u00e9e de lecture estim\u00e9e":"2 minutes"},"schema":{"@context":"https:\/\/schema.org","@graph":[{"@type":"WebPage","@id":"https:\/\/vapemaison.com\/product\/love-777-vape-vozol-rave-40000-puffs-unique-flavor-rechargeable-vape\/","url":"https:\/\/vapemaison.com\/product\/love-777-vape-vozol-rave-40000-puffs-unique-flavor-rechargeable-vape\/","name":"Love 777 Vape | VOZOL RAVE 40000 Puffs Unique Flavor | Rechargeable Vape","isPartOf":{"@id":"https:\/\/vapemaison.com\/#website"},"primaryImageOfPage":{"@id":"https:\/\/vapemaison.com\/product\/love-777-vape-vozol-rave-40000-puffs-unique-flavor-rechargeable-vape\/#primaryimage"},"image":{"@id":"https:\/\/vapemaison.com\/product\/love-777-vape-vozol-rave-40000-puffs-unique-flavor-rechargeable-vape\/#primaryimage"},"thumbnailUrl":"https:\/\/vapemaison.com\/wp-content\/uploads\/2025\/12\/vozol-rave-40000-Double-Apple-2-800x800-1.webp","datePublished":"2025-12-15T07:51:57+00:00","dateModified":"2025-12-20T09:16:12+00:00","description":"Percez le myst\u00e8re de la Love 777 VOZOL RAVE 40000 ! Un m\u00e9lange captivant et unique, d\u00e9livrant plus de 40000 bouff\u00e9es, dot\u00e9 d'une \u00e9norme capacit\u00e9 de 20ml et d'un vibrant \u00e9cran LED \u00e0 d\u00e9tection de battements \u00e0 270\u00b0. D\u00e9couvrez le prochain niveau de saveur des vapes VOZOL. Achetez cette Vape jetable premium de 40000 bouff\u00e9es pour un voyage unique et durable !","breadcrumb":{"@id":"https:\/\/vapemaison.com\/product\/love-777-vape-vozol-rave-40000-puffs-unique-flavor-rechargeable-vape\/#breadcrumb"},"inLanguage":"fr-FR","potentialAction":[{"@type":"ReadAction","target":["https:\/\/vapemaison.com\/product\/love-777-vape-vozol-rave-40000-puffs-unique-flavor-rechargeable-vape\/"]}]},{"@type":"ImageObject","inLanguage":"fr-FR","@id":"https:\/\/vapemaison.com\/product\/love-777-vape-vozol-rave-40000-puffs-unique-flavor-rechargeable-vape\/#primaryimage","url":"https:\/\/vapemaison.com\/wp-content\/uploads\/2025\/12\/vozol-rave-40000-Double-Apple-2-800x800-1.webp","contentUrl":"https:\/\/vapemaison.com\/wp-content\/uploads\/2025\/12\/vozol-rave-40000-Double-Apple-2-800x800-1.webp","width":800,"height":800,"caption":"Vozol Rave Double Apple 2 800x800 Disposable Vape Device"},{"@type":"BreadcrumbList","@id":"https:\/\/vapemaison.com\/product\/love-777-vape-vozol-rave-40000-puffs-unique-flavor-rechargeable-vape\/#breadcrumb","itemListElement":[{"@type":"ListItem","position":1,"name":"\u9996\u9875","item":"https:\/\/vapemaison.com\/"},{"@type":"ListItem","position":2,"name":"Shop","item":"https:\/\/vapemaison.com\/shop\/"},{"@type":"ListItem","position":3,"name":"Vozol","item":"https:\/\/vapemaison.com\/brand\/vozol\/"},{"@type":"ListItem","position":4,"name":"Love 777 Vape | VOZOL RAVE 40000 Puffs Unique Flavor | Rechargeable Vape"}]},{"@type":"WebSite","@id":"https:\/\/vapemaison.com\/#website","url":"https:\/\/vapemaison.com\/","name":"VapeMaison","description":"Appareils et accessoires de vapotage haut de gamme","publisher":{"@id":"https:\/\/vapemaison.com\/#organization"},"potentialAction":[{"@type":"SearchAction","target":{"@type":"EntryPoint","urlTemplate":"https:\/\/vapemaison.com\/?s={search_term_string}"},"query-input":{"@type":"PropertyValueSpecification","valueRequired":true,"valueName":"search_term_string"}}],"inLanguage":"fr-FR"},{"@type":"Organization","@id":"https:\/\/vapemaison.com\/#organization","name":"VapeMaison","url":"https:\/\/vapemaison.com\/","logo":{"@type":"ImageObject","inLanguage":"fr-FR","@id":"https:\/\/vapemaison.com\/#\/schema\/logo\/image\/","url":"https:\/\/vapemaison.com\/wp-content\/uploads\/2026\/01\/cropped-vapemaison-logo-g-2026.webp","contentUrl":"https:\/\/vapemaison.com\/wp-content\/uploads\/2026\/01\/cropped-vapemaison-logo-g-2026.webp","width":350,"height":280,"caption":"VapeMaison"},"image":{"@id":"https:\/\/vapemaison.com\/#\/schema\/logo\/image\/"},"sameAs":["https:\/\/www.youtube.com\/@VapeMaison"]}]}},"tiered_pricing_type":"fixed","tiered_pricing_fixed_rules":{"30":"12.24","50":"11.63","100":"10.86","200":"9.98"},"tiered_pricing_product_settings":{"layout":"default","base_unit_name":{"singular":null,"plural":null},"default_variation":null},"tiered_pricing_minimum_quantity":10,"tiered_pricing_roles_data":[],"tiered_pricing_percentage_rules":[],"tiered_pricing_maximum_quantity":null,"tiered_pricing_quantity_step":"10","_links":{"self":[{"href":"https:\/\/vapemaison.com\/fr\/wp-json\/wp\/v2\/product\/18497","targetHints":{"allow":["GET"]}}],"collection":[{"href":"https:\/\/vapemaison.com\/fr\/wp-json\/wp\/v2\/product"}],"about":[{"href":"https:\/\/vapemaison.com\/fr\/wp-json\/wp\/v2\/types\/product"}],"replies":[{"embeddable":true,"href":"https:\/\/vapemaison.com\/fr\/wp-json\/wp\/v2\/comments?post=18497"}],"version-history":[{"count":0,"href":"https:\/\/vapemaison.com\/fr\/wp-json\/wp\/v2\/product\/18497\/revisions"}],"wp:featuredmedia":[{"embeddable":true,"href":"https:\/\/vapemaison.com\/fr\/wp-json\/wp\/v2\/media\/19289"}],"wp:attachment":[{"href":"https:\/\/vapemaison.com\/fr\/wp-json\/wp\/v2\/media?parent=18497"}],"wp:term":[{"taxonomy":"product_brand","embeddable":true,"href":"https:\/\/vapemaison.com\/fr\/wp-json\/wp\/v2\/product_brand?post=18497"},{"taxonomy":"product_cat","embeddable":true,"href":"https:\/\/vapemaison.com\/fr\/wp-json\/wp\/v2\/product_cat?post=18497"},{"taxonomy":"product_tag","embeddable":true,"href":"https:\/\/vapemaison.com\/fr\/wp-json\/wp\/v2\/product_tag?post=18497"}],"curies":[{"name":"wp","href":"https:\/\/api.w.org\/{rel}","templated":true}]}}