

{"id":18619,"date":"2025-12-15T09:13:30","date_gmt":"2025-12-15T09:13:30","guid":{"rendered":"https:\/\/vapemaison.com\/?post_type=product&#038;p=18619"},"modified":"2025-12-20T09:19:54","modified_gmt":"2025-12-20T09:19:54","slug":"40000-bouffees-jetables-vozol-rave-peach-raspberry-lemonade-rechargeable-vape","status":"publish","type":"product","link":"https:\/\/vapemaison.com\/fr\/product\/40000-puffs-disposable-vape-vozol-rave-peach-raspberry-lemonade-rechargeable-vape\/","title":{"rendered":"40000 bouff\u00e9es Vape jetable | VOZOL RAVE Peach Raspberry Lemonade | Vape rechargeable"},"content":{"rendered":"<h4 class=\"wp-block-heading\">Introduction passionnante et avantages principaux<\/h4>\n\n\n\n<h2 class=\"wp-block-heading\">VOZOL RAVE 40000 Puffs P\u00eache Framboise Limonade : Piquant, sucr\u00e9 et complexe<\/h2>\n\n\n\n<p>Le <strong>VOZOL RAVE 40000 Puffs Vape jetable<\/strong> dans Peach Raspberry Lemonade est un m\u00e9lange magistral de trois notes de fruits distinctes, cr\u00e9ant un profil sophistiqu\u00e9 et intens\u00e9ment savoureux. Con\u00e7u pour une endurance extr\u00eame, ce mod\u00e8le offre une incroyable capacit\u00e9 d'absorption. <strong>Capacit\u00e9 de 40000 bouff\u00e9es<\/strong> et est mis en valeur par la captivante <strong>Spectacle lumineux LED 270<\/strong>. Le VOZOL RAVE est l'ultime <strong>Vapeur rechargeable<\/strong> pour les vapoteurs qui recherchent la complexit\u00e9 et la fiabilit\u00e9 dans un seul appareil.<\/p>\n\n\n\n<h4 class=\"wp-block-heading\">Festin de saveurs : D\u00e9couvrez votre saveur pr\u00e9f\u00e9r\u00e9e<\/h4>\n\n\n\n<h2 class=\"wp-block-heading\">Limonade p\u00eache-framboise : Une boisson pour l'\u00e9t\u00e9<\/h2>\n\n\n\n<p>Ce profil de saveur imite parfaitement le go\u00fbt d'une boisson d'\u00e9t\u00e9 fra\u00eechement pr\u00e9par\u00e9e. Il combine le <strong>notes douces et sucr\u00e9es de p\u00eache m\u00fbre<\/strong>, le <strong>go\u00fbt vif et l\u00e9g\u00e8rement acidul\u00e9 de la framboise<\/strong>, et le <strong>le go\u00fbt piquant et rafra\u00eechissant de la limonade<\/strong>. La vape qui en r\u00e9sulte est lumineuse, complexe et tr\u00e8s vivifiante, parfaite pour un nettoyage du palais.<\/p>\n\n\n\n<ul class=\"wp-block-list\">\n<li>Glace Blue Razz<\/li>\n\n\n\n<li>Glace aux myrtilles<\/li>\n\n\n\n<li>Past\u00e8que \u00e0 la myrtille<\/li>\n\n\n\n<li>Cerise Fraise<\/li>\n\n\n\n<li>Menthe fra\u00eeche<\/li>\n\n\n\n<li>Double pomme<\/li>\n\n\n\n<li>Glace de raisin<\/li>\n\n\n\n<li>Amour 777<\/li>\n\n\n\n<li>Glace \u00e0 la mangue<\/li>\n\n\n\n<li>Mangue P\u00eache<\/li>\n\n\n\n<li>Glace \u00e0 la p\u00eache<\/li>\n\n\n\n<li><strong>Limonade \u00e0 la p\u00eache et \u00e0 la framboise :<\/strong> Une boisson complexe et piquante, m\u00e9langeant la douceur de la p\u00eache, l'acidit\u00e9 de la framboise et le piquant de la limonade.<\/li>\n\n\n\n<li>Glace \u00e0 la fraise<\/li>\n\n\n\n<li>Fraise Kiwi<\/li>\n\n\n\n<li>Fraise Mangue<\/li>\n\n\n\n<li>Past\u00e8que \u00e0 la fraise<\/li>\n\n\n\n<li>P\u00eache \u00e0 la fraise<\/li>\n\n\n\n<li>Past\u00e8que Bubblegum<\/li>\n\n\n\n<li>Glace \u00e0 la past\u00e8que<\/li>\n\n\n\n<li>Razz Rancher \u00e0 la past\u00e8que<\/li>\n<\/ul>\n\n\n\n<h4 class=\"wp-block-heading\">Caract\u00e9ristiques techniques et points forts de la conception<\/h4>\n\n\n\n<h2 class=\"wp-block-heading\">Sp\u00e9cifications techniques et innovation VOZOL RAVE 40000<\/h2>\n\n\n\n<p>Le VOZOL RAVE 40000 est dot\u00e9 d'une technologie de pointe qui garantit une exp\u00e9rience de premier ordre pour chaque bouff\u00e9e.<\/p>\n\n\n\n<ul class=\"wp-block-list\">\n<li><strong>Max Puffs :<\/strong> Approx. <strong>40000 bouff\u00e9es<\/strong><\/li>\n\n\n\n<li><strong>Capacit\u00e9 d'e-liquide :<\/strong> 20 ml<\/li>\n\n\n\n<li><strong>Batterie :<\/strong> 1000 mAh <strong>Rechargeable<\/strong><\/li>\n\n\n\n<li><strong>Intensit\u00e9 de la nicotine :<\/strong> 5% (50mg\/ml) Sel Nicotine<\/li>\n\n\n\n<li><strong>Syst\u00e8me de bobine :<\/strong> <strong>Bobine \u00e0 double maille<\/strong> avec S.i.L.C. Tech<\/li>\n\n\n\n<li><strong>Chargement :<\/strong> Port USB de type C (charge rapide)<\/li>\n\n\n\n<li><strong>Dossier sp\u00e9cial :<\/strong> <strong>\u00c9cran LED \u00e0 d\u00e9tection de rythme 270<\/strong><\/li>\n\n\n\n<li><strong>Activation :<\/strong> Dessin activ\u00e9<\/li>\n<\/ul>\n\n\n\n<p>Le <strong>Bobine \u00e0 double maille<\/strong> est essentiel pour cette saveur complexe en trois parties, garantissant que les notes distinctes de p\u00eache, de framboise et de limonade sont toutes clairement pr\u00e9sentes et d\u00e9livr\u00e9es de mani\u00e8re coh\u00e9rente dans une vapeur douce et savoureuse, tirant le meilleur parti de la technologie de l'eau chaude. <strong>40000 Puffs Vape jetable<\/strong> capacit\u00e9.<\/p>\n\n\n\n<h4 class=\"wp-block-heading\">Raisons d'acheter maintenant<\/h4>\n\n\n\n<h2 class=\"wp-block-heading\">Alerte stock limit\u00e9 : Attrapez votre p\u00eache framboise limonade VOZOL RAVE !<\/h2>\n\n\n\n<p>Le VOZOL RAVE 40000 est l'appareil le plus avanc\u00e9 du march\u00e9. <strong>Vapeur rechargeable<\/strong> avec un colossal <strong>40000 Puffs Vape jetable<\/strong> capacit\u00e9. La saveur unique et rafra\u00eechissante de la limonade \u00e0 la p\u00eache et \u00e0 la framboise est un favori sophistiqu\u00e9. <strong>Le stock actuel est tr\u00e8s limit\u00e9 !<\/strong><\/p>\n\n\n\n<p><strong>Agissez rapidement :<\/strong> Achetez d\u00e8s maintenant votre VOZOL RAVE 40000 et profitez d'une exp\u00e9rience de vapotage ininterrompue et de qualit\u00e9 sup\u00e9rieure, avec un visuel dynamique. <strong>Commandez cette ultime vape VOZOL avant qu'elle ne soit \u00e9puis\u00e9e !<\/strong><\/p>","protected":false},"excerpt":{"rendered":"<p>Thrilling Introduction &amp; Core Advantages VOZOL RAVE 40000 Puffs Peach Raspberry Lemonade: Zesty, Sweet, and Complex The VOZOL RAVE 40000 Puffs Disposable Vape in Peach Raspberry Lemonade is a masterful blend of three distinct fruit notes, creating a sophisticated and intensely flavorful profile. Engineered for extreme endurance, this model provides an incredible 40000 puff capacity [&hellip;]<\/p>\n","protected":false},"featured_media":19290,"comment_status":"open","ping_status":"closed","template":"","meta":[],"product_brand":[178],"product_cat":[135],"product_tag":[],"class_list":{"0":"post-18619","1":"product","2":"type-product","3":"status-publish","4":"has-post-thumbnail","6":"product_brand-vozol","7":"product_cat-40k-puffs","9":"first","10":"instock","11":"sale","12":"shipping-taxable","13":"purchasable","14":"product-type-variable"},"yoast_head":"<!-- This site is optimized with the Yoast SEO plugin v27.4 - https:\/\/yoast.com\/product\/yoast-seo-wordpress\/ -->\n<title>40000 Puffs Disposable Vape | VOZOL RAVE Peach Raspberry Lemonade | Rechargeable Vape<\/title>\n<meta name=\"description\" content=\"Refresh your senses with Peach Raspberry Lemonade VOZOL RAVE 40000. This 40000 Puffs Disposable Vape offers a complex, tart, and sweet profile, featuring a 20ml tank and the vibrant 270\u00b0 Beat-Sensing LED Light. Get the best of VOZOL vapes today for a long-lasting, zesty flavor journey!\" \/>\n<meta name=\"robots\" content=\"index, follow, max-snippet:-1, max-image-preview:large, max-video-preview:-1\" \/>\n<link rel=\"canonical\" href=\"https:\/\/vapemaison.com\/fr\/produit\/40000-bouffees-jetables-vozol-rave-peach-raspberry-lemonade-rechargeable-vape\/\" \/>\n<meta property=\"og:locale\" content=\"fr_FR\" \/>\n<meta property=\"og:type\" content=\"article\" \/>\n<meta property=\"og:title\" content=\"40000 Puffs Disposable Vape | VOZOL RAVE Peach Raspberry Lemonade | Rechargeable Vape\" \/>\n<meta property=\"og:description\" content=\"Refresh your senses with Peach Raspberry Lemonade VOZOL RAVE 40000. This 40000 Puffs Disposable Vape offers a complex, tart, and sweet profile, featuring a 20ml tank and the vibrant 270\u00b0 Beat-Sensing LED Light. Get the best of VOZOL vapes today for a long-lasting, zesty flavor journey!\" \/>\n<meta property=\"og:url\" content=\"https:\/\/vapemaison.com\/fr\/produit\/40000-bouffees-jetables-vozol-rave-peach-raspberry-lemonade-rechargeable-vape\/\" \/>\n<meta property=\"og:site_name\" content=\"VapeMaison\" \/>\n<meta property=\"article:modified_time\" content=\"2025-12-20T09:19:54+00:00\" \/>\n<meta property=\"og:image\" content=\"https:\/\/vapemaison.com\/wp-content\/uploads\/2025\/12\/vozol-rave-40000-Double-Apple-3.webp\" \/>\n\t<meta property=\"og:image:width\" content=\"1200\" \/>\n\t<meta property=\"og:image:height\" content=\"1200\" \/>\n\t<meta property=\"og:image:type\" content=\"image\/webp\" \/>\n<meta name=\"twitter:card\" content=\"summary_large_image\" \/>\n<meta name=\"twitter:label1\" content=\"Dur\u00e9e de lecture estim\u00e9e\" \/>\n\t<meta name=\"twitter:data1\" content=\"2 minutes\" \/>\n<!-- \/ Yoast SEO plugin. -->","yoast_head_json":{"title":"40000 bouff\u00e9es Vape jetable | VOZOL RAVE Peach Raspberry Lemonade | Vape rechargeable","description":"Rafra\u00eechissez vos sens avec Peach Raspberry Lemonade VOZOL RAVE 40000. Cette vape jetable de 40000 bouff\u00e9es offre un profil complexe, acidul\u00e9 et sucr\u00e9, avec un r\u00e9servoir de 20 ml et une lumi\u00e8re LED vibrante de 270\u00b0 \u00e0 d\u00e9tection de battements. Obtenez le meilleur des vapes VOZOL aujourd'hui pour un voyage de saveur zest\u00e9e de longue dur\u00e9e !","robots":{"index":"index","follow":"follow","max-snippet":"max-snippet:-1","max-image-preview":"max-image-preview:large","max-video-preview":"max-video-preview:-1"},"canonical":"https:\/\/vapemaison.com\/fr\/produit\/40000-bouffees-jetables-vozol-rave-peach-raspberry-lemonade-rechargeable-vape\/","og_locale":"fr_FR","og_type":"article","og_title":"40000 Puffs Disposable Vape | VOZOL RAVE Peach Raspberry Lemonade | Rechargeable Vape","og_description":"Refresh your senses with Peach Raspberry Lemonade VOZOL RAVE 40000. This 40000 Puffs Disposable Vape offers a complex, tart, and sweet profile, featuring a 20ml tank and the vibrant 270\u00b0 Beat-Sensing LED Light. Get the best of VOZOL vapes today for a long-lasting, zesty flavor journey!","og_url":"https:\/\/vapemaison.com\/fr\/produit\/40000-bouffees-jetables-vozol-rave-peach-raspberry-lemonade-rechargeable-vape\/","og_site_name":"VapeMaison","article_modified_time":"2025-12-20T09:19:54+00:00","og_image":[{"width":1200,"height":1200,"url":"https:\/\/vapemaison.com\/wp-content\/uploads\/2025\/12\/vozol-rave-40000-Double-Apple-3.webp","type":"image\/webp"}],"twitter_card":"summary_large_image","twitter_misc":{"Dur\u00e9e de lecture estim\u00e9e":"2 minutes"},"schema":{"@context":"https:\/\/schema.org","@graph":[{"@type":"WebPage","@id":"https:\/\/vapemaison.com\/product\/40000-puffs-disposable-vape-vozol-rave-peach-raspberry-lemonade-rechargeable-vape\/","url":"https:\/\/vapemaison.com\/product\/40000-puffs-disposable-vape-vozol-rave-peach-raspberry-lemonade-rechargeable-vape\/","name":"40000 bouff\u00e9es Vape jetable | VOZOL RAVE Peach Raspberry Lemonade | Vape rechargeable","isPartOf":{"@id":"https:\/\/vapemaison.com\/#website"},"primaryImageOfPage":{"@id":"https:\/\/vapemaison.com\/product\/40000-puffs-disposable-vape-vozol-rave-peach-raspberry-lemonade-rechargeable-vape\/#primaryimage"},"image":{"@id":"https:\/\/vapemaison.com\/product\/40000-puffs-disposable-vape-vozol-rave-peach-raspberry-lemonade-rechargeable-vape\/#primaryimage"},"thumbnailUrl":"https:\/\/vapemaison.com\/wp-content\/uploads\/2025\/12\/vozol-rave-40000-Double-Apple-3.webp","datePublished":"2025-12-15T09:13:30+00:00","dateModified":"2025-12-20T09:19:54+00:00","description":"Rafra\u00eechissez vos sens avec Peach Raspberry Lemonade VOZOL RAVE 40000. Cette vape jetable de 40000 bouff\u00e9es offre un profil complexe, acidul\u00e9 et sucr\u00e9, avec un r\u00e9servoir de 20 ml et une lumi\u00e8re LED vibrante de 270\u00b0 \u00e0 d\u00e9tection de battements. Obtenez le meilleur des vapes VOZOL aujourd'hui pour un voyage de saveur zest\u00e9e de longue dur\u00e9e !","breadcrumb":{"@id":"https:\/\/vapemaison.com\/product\/40000-puffs-disposable-vape-vozol-rave-peach-raspberry-lemonade-rechargeable-vape\/#breadcrumb"},"inLanguage":"fr-FR","potentialAction":[{"@type":"ReadAction","target":["https:\/\/vapemaison.com\/product\/40000-puffs-disposable-vape-vozol-rave-peach-raspberry-lemonade-rechargeable-vape\/"]}]},{"@type":"ImageObject","inLanguage":"fr-FR","@id":"https:\/\/vapemaison.com\/product\/40000-puffs-disposable-vape-vozol-rave-peach-raspberry-lemonade-rechargeable-vape\/#primaryimage","url":"https:\/\/vapemaison.com\/wp-content\/uploads\/2025\/12\/vozol-rave-40000-Double-Apple-3.webp","contentUrl":"https:\/\/vapemaison.com\/wp-content\/uploads\/2025\/12\/vozol-rave-40000-Double-Apple-3.webp","width":1200,"height":1200,"caption":"Vozol Rave Double Apple Disposable Vape Device"},{"@type":"BreadcrumbList","@id":"https:\/\/vapemaison.com\/product\/40000-puffs-disposable-vape-vozol-rave-peach-raspberry-lemonade-rechargeable-vape\/#breadcrumb","itemListElement":[{"@type":"ListItem","position":1,"name":"\u9996\u9875","item":"https:\/\/vapemaison.com\/"},{"@type":"ListItem","position":2,"name":"Shop","item":"https:\/\/vapemaison.com\/shop\/"},{"@type":"ListItem","position":3,"name":"Vozol","item":"https:\/\/vapemaison.com\/brand\/vozol\/"},{"@type":"ListItem","position":4,"name":"40000 Puffs Disposable Vape | VOZOL RAVE Peach Raspberry Lemonade | Rechargeable Vape"}]},{"@type":"WebSite","@id":"https:\/\/vapemaison.com\/#website","url":"https:\/\/vapemaison.com\/","name":"VapeMaison","description":"Appareils et accessoires de vapotage haut de gamme","publisher":{"@id":"https:\/\/vapemaison.com\/#organization"},"potentialAction":[{"@type":"SearchAction","target":{"@type":"EntryPoint","urlTemplate":"https:\/\/vapemaison.com\/?s={search_term_string}"},"query-input":{"@type":"PropertyValueSpecification","valueRequired":true,"valueName":"search_term_string"}}],"inLanguage":"fr-FR"},{"@type":"Organization","@id":"https:\/\/vapemaison.com\/#organization","name":"VapeMaison","url":"https:\/\/vapemaison.com\/","logo":{"@type":"ImageObject","inLanguage":"fr-FR","@id":"https:\/\/vapemaison.com\/#\/schema\/logo\/image\/","url":"https:\/\/vapemaison.com\/wp-content\/uploads\/2026\/01\/cropped-vapemaison-logo-g-2026.webp","contentUrl":"https:\/\/vapemaison.com\/wp-content\/uploads\/2026\/01\/cropped-vapemaison-logo-g-2026.webp","width":350,"height":280,"caption":"VapeMaison"},"image":{"@id":"https:\/\/vapemaison.com\/#\/schema\/logo\/image\/"},"sameAs":["https:\/\/www.youtube.com\/@VapeMaison"]}]}},"tiered_pricing_type":"fixed","tiered_pricing_fixed_rules":{"30":"12.24","50":"11.63","100":"10.86","200":"9.98"},"tiered_pricing_product_settings":{"layout":"default","base_unit_name":{"singular":null,"plural":null},"default_variation":null},"tiered_pricing_minimum_quantity":10,"tiered_pricing_roles_data":[],"tiered_pricing_percentage_rules":[],"tiered_pricing_maximum_quantity":null,"tiered_pricing_quantity_step":"10","_links":{"self":[{"href":"https:\/\/vapemaison.com\/fr\/wp-json\/wp\/v2\/product\/18619","targetHints":{"allow":["GET"]}}],"collection":[{"href":"https:\/\/vapemaison.com\/fr\/wp-json\/wp\/v2\/product"}],"about":[{"href":"https:\/\/vapemaison.com\/fr\/wp-json\/wp\/v2\/types\/product"}],"replies":[{"embeddable":true,"href":"https:\/\/vapemaison.com\/fr\/wp-json\/wp\/v2\/comments?post=18619"}],"version-history":[{"count":0,"href":"https:\/\/vapemaison.com\/fr\/wp-json\/wp\/v2\/product\/18619\/revisions"}],"wp:featuredmedia":[{"embeddable":true,"href":"https:\/\/vapemaison.com\/fr\/wp-json\/wp\/v2\/media\/19290"}],"wp:attachment":[{"href":"https:\/\/vapemaison.com\/fr\/wp-json\/wp\/v2\/media?parent=18619"}],"wp:term":[{"taxonomy":"product_brand","embeddable":true,"href":"https:\/\/vapemaison.com\/fr\/wp-json\/wp\/v2\/product_brand?post=18619"},{"taxonomy":"product_cat","embeddable":true,"href":"https:\/\/vapemaison.com\/fr\/wp-json\/wp\/v2\/product_cat?post=18619"},{"taxonomy":"product_tag","embeddable":true,"href":"https:\/\/vapemaison.com\/fr\/wp-json\/wp\/v2\/product_tag?post=18619"}],"curies":[{"name":"wp","href":"https:\/\/api.w.org\/{rel}","templated":true}]}}