

{"id":18644,"date":"2025-12-15T09:13:33","date_gmt":"2025-12-15T09:13:33","guid":{"rendered":"https:\/\/vapemaison.com\/?post_type=product&#038;p=18644"},"modified":"2025-12-20T09:12:04","modified_gmt":"2025-12-20T09:12:04","slug":"rechargeable-vozol-rave-40000-puffs-strawberry-ice-flavor-vozol-vapes","status":"publish","type":"product","link":"https:\/\/vapemaison.com\/fr\/product\/rechargeable-vape-vozol-rave-40000-puffs-strawberry-ice-flavor-vozol-vapes\/","title":{"rendered":"Vape rechargeable | VOZOL RAVE 40000 Puffs Strawberry Ice Flavor | VOZOL Vapes"},"content":{"rendered":"<h2 class=\"wp-block-heading\">VOZOL RAVE 40000 Puffs Strawberry Ice : Une douceur classique, une touche glac\u00e9e<\/h2>\n\n\n\n<p>Le <strong>VOZOL RAVE 40000 Puffs Vape jetable<\/strong> in Strawberry Ice offre l'un des profils d'ar\u00f4mes les plus appr\u00e9ci\u00e9s et les plus constants : la fraise sucr\u00e9e avec une expiration fra\u00eeche. Con\u00e7u pour une satisfaction maximale de l'utilisateur, ce dispositif est dot\u00e9 d'un syst\u00e8me de vapotage extraordinaire. <strong>Capacit\u00e9 de 40000 bouff\u00e9es<\/strong> et est visuellement \u00e9tonnante avec ses couleurs vives. <strong>Spectacle lumineux LED 270<\/strong>. Le VOZOL RAVE est le parfait <strong>Vapeur rechargeable<\/strong> pour les vapoteurs qui recherchent une saveur classique et fiable dans un format performant et durable.<\/p>\n\n\n\n<h4 class=\"wp-block-heading\">Festin de saveurs : D\u00e9couvrez votre saveur pr\u00e9f\u00e9r\u00e9e<\/h4>\n\n\n\n<h2 class=\"wp-block-heading\">Glace \u00e0 la fraise : la perfection simple<\/h2>\n\n\n\n<p>La glace \u00e0 la fraise est un classique pour une bonne raison. Il offre la <strong>go\u00fbt pur et reconnaissable de fraises de jardin sucr\u00e9es et chauff\u00e9es au soleil<\/strong> et termine l'exp\u00e9rience par un <strong>une vague de menthol claire et nette<\/strong>. La saveur est simple, incroyablement douce et offre une exp\u00e9rience rafra\u00eechissante et fruit\u00e9e qui peut \u00eatre appr\u00e9ci\u00e9e tout au long de la journ\u00e9e.<\/p>\n\n\n\n<ul class=\"wp-block-list\">\n<li>Glace Blue Razz<\/li>\n\n\n\n<li>Glace aux myrtilles<\/li>\n\n\n\n<li>Past\u00e8que \u00e0 la myrtille<\/li>\n\n\n\n<li>Cerise Fraise<\/li>\n\n\n\n<li>Menthe fra\u00eeche<\/li>\n\n\n\n<li>Double pomme<\/li>\n\n\n\n<li>Glace de raisin<\/li>\n\n\n\n<li>Amour 777<\/li>\n\n\n\n<li>Glace \u00e0 la mangue<\/li>\n\n\n\n<li>Mangue P\u00eache<\/li>\n\n\n\n<li>Glace \u00e0 la p\u00eache<\/li>\n\n\n\n<li>Limonade \u00e0 la p\u00eache et \u00e0 la framboise<\/li>\n\n\n\n<li><strong>Glace \u00e0 la fraise :<\/strong> La douceur intemporelle des fraises fra\u00eeches et m\u00fbres se termine par un froid menthol\u00e9 parfaitement \u00e9quilibr\u00e9.<\/li>\n\n\n\n<li>Fraise Kiwi<\/li>\n\n\n\n<li>Fraise Mangue<\/li>\n\n\n\n<li>Past\u00e8que \u00e0 la fraise<\/li>\n\n\n\n<li>P\u00eache \u00e0 la fraise<\/li>\n\n\n\n<li>Past\u00e8que Bubblegum<\/li>\n\n\n\n<li>Glace \u00e0 la past\u00e8que<\/li>\n\n\n\n<li>Razz Rancher \u00e0 la past\u00e8que<\/li>\n<\/ul>\n\n\n\n<h4 class=\"wp-block-heading\">Caract\u00e9ristiques techniques et points forts de la conception<\/h4>\n\n\n\n<h2 class=\"wp-block-heading\">Sp\u00e9cifications techniques et innovation VOZOL RAVE 40000<\/h2>\n\n\n\n<p>Le VOZOL RAVE 40000 est dot\u00e9 d'une technologie de pointe qui garantit une exp\u00e9rience de premier ordre pour chaque bouff\u00e9e.<\/p>\n\n\n\n<ul class=\"wp-block-list\">\n<li><strong>Max Puffs :<\/strong> Approx. <strong>40000 bouff\u00e9es<\/strong><\/li>\n\n\n\n<li><strong>Capacit\u00e9 d'e-liquide :<\/strong> 20 ml<\/li>\n\n\n\n<li><strong>Batterie :<\/strong> 1000 mAh <strong>Rechargeable<\/strong><\/li>\n\n\n\n<li><strong>Intensit\u00e9 de la nicotine :<\/strong> 5% (50mg\/ml) Sel Nicotine<\/li>\n\n\n\n<li><strong>Syst\u00e8me de bobine :<\/strong> <strong>Bobine \u00e0 double maille<\/strong> avec S.i.L.C. Tech<\/li>\n\n\n\n<li><strong>Chargement :<\/strong> Port USB de type C (charge rapide)<\/li>\n\n\n\n<li><strong>Dossier sp\u00e9cial :<\/strong> <strong>\u00c9cran LED \u00e0 d\u00e9tection de rythme 270<\/strong><\/li>\n\n\n\n<li><strong>Activation :<\/strong> Dessin activ\u00e9<\/li>\n<\/ul>\n\n\n\n<p>Gr\u00e2ce \u00e0 l'efficacit\u00e9 de la <strong>Bobine \u00e0 double maille<\/strong> Le VOZOL RAVE 40000 est capable de pr\u00e9server le caract\u00e8re d\u00e9licat et sucr\u00e9 de la fraise tout en d\u00e9livrant une glace fra\u00eeche et satisfaisante, garantissant ainsi une parfaite homog\u00e9n\u00e9it\u00e9 de la saveur tout au long de la journ\u00e9e. <strong>40000 Puffs Vape jetable<\/strong> dur\u00e9e de vie.<\/p>\n\n\n\n<h4 class=\"wp-block-heading\">D. \ud83d\uded2 Raisons d'acheter maintenant<\/h4>\n\n\n\n<h2 class=\"wp-block-heading\">Alerte stock limit\u00e9 : Attrapez votre glace \u00e0 la fraise VOZOL RAVE !<\/h2>\n\n\n\n<p>Le VOZOL RAVE 40000 est la r\u00e9f\u00e9rence en mati\u00e8re de <strong>40000 Puffs Vape jetable<\/strong> combinant un nombre de bouff\u00e9es r\u00e9volutionnaire et une diffusion d'ar\u00f4mes sup\u00e9rieure. Strawberry Ice est l'un de nos parfums les plus vendus de tous les temps. <strong>Les stocks actuels sont extr\u00eamement bas !<\/strong><\/p>\n\n\n\n<p><strong>Agissez rapidement :<\/strong> Achetez votre VOZOL RAVE 40000 d\u00e8s maintenant et profitez d'une exp\u00e9rience de vapotage de premi\u00e8re qualit\u00e9, durable et rafra\u00eechissante. <strong>N'attendez pas, commandez d\u00e8s aujourd'hui cette vape VOZOL indispensable !<\/strong><\/p>","protected":false},"excerpt":{"rendered":"<p>VOZOL RAVE 40000 Puffs Strawberry Ice: Classic Sweetness, Icy Twist The VOZOL RAVE 40000 Puffs Disposable Vape in Strawberry Ice provides one of the most beloved and consistent flavor profiles\u2014sweet strawberry with a cool exhale. Designed for maximum user satisfaction, this device features an extraordinary 40000 puff capacity and is visually stunning with its vibrant [&hellip;]<\/p>\n","protected":false},"featured_media":19297,"comment_status":"open","ping_status":"closed","template":"","meta":[],"product_brand":[178],"product_cat":[135],"product_tag":[],"class_list":{"0":"post-18644","1":"product","2":"type-product","3":"status-publish","4":"has-post-thumbnail","6":"product_brand-vozol","7":"product_cat-40k-puffs","9":"first","10":"instock","11":"sale","12":"shipping-taxable","13":"purchasable","14":"product-type-variable"},"yoast_head":"<!-- This site is optimized with the Yoast SEO plugin v27.4 - https:\/\/yoast.com\/product\/yoast-seo-wordpress\/ -->\n<title>Rechargeable Vape | VOZOL RAVE 40000 Puffs Strawberry Ice Flavor | VOZOL Vapes<\/title>\n<meta name=\"description\" content=\"Taste the pure, sweet delight of Strawberry Ice with the VOZOL RAVE 40000. This 40000 Puffs Disposable Vape offers a huge 20ml capacity and the mesmerizing 270\u00b0 Beat-Sensing LED Light. Get the best of VOZOL vapes with this classic, frosty strawberry blend. Order your long-lasting, flavorful device today!\" \/>\n<meta name=\"robots\" content=\"index, follow, max-snippet:-1, max-image-preview:large, max-video-preview:-1\" \/>\n<link rel=\"canonical\" href=\"https:\/\/vapemaison.com\/fr\/produit\/rechargeable-vozol-rave-40000-puffs-strawberry-ice-flavor-vozol-vapes\/\" \/>\n<meta property=\"og:locale\" content=\"fr_FR\" \/>\n<meta property=\"og:type\" content=\"article\" \/>\n<meta property=\"og:title\" content=\"Rechargeable Vape | VOZOL RAVE 40000 Puffs Strawberry Ice Flavor | VOZOL Vapes\" \/>\n<meta property=\"og:description\" content=\"Taste the pure, sweet delight of Strawberry Ice with the VOZOL RAVE 40000. This 40000 Puffs Disposable Vape offers a huge 20ml capacity and the mesmerizing 270\u00b0 Beat-Sensing LED Light. Get the best of VOZOL vapes with this classic, frosty strawberry blend. Order your long-lasting, flavorful device today!\" \/>\n<meta property=\"og:url\" content=\"https:\/\/vapemaison.com\/fr\/produit\/rechargeable-vozol-rave-40000-puffs-strawberry-ice-flavor-vozol-vapes\/\" \/>\n<meta property=\"og:site_name\" content=\"VapeMaison\" \/>\n<meta property=\"article:modified_time\" content=\"2025-12-20T09:12:04+00:00\" \/>\n<meta property=\"og:image\" content=\"https:\/\/vapemaison.com\/wp-content\/uploads\/2025\/12\/vozol-rave-40000-Strawberry-Ice-2-800x800-1.webp\" \/>\n\t<meta property=\"og:image:width\" content=\"800\" \/>\n\t<meta property=\"og:image:height\" content=\"800\" \/>\n\t<meta property=\"og:image:type\" content=\"image\/webp\" \/>\n<meta name=\"twitter:card\" content=\"summary_large_image\" \/>\n<meta name=\"twitter:label1\" content=\"Dur\u00e9e de lecture estim\u00e9e\" \/>\n\t<meta name=\"twitter:data1\" content=\"2 minutes\" \/>\n<!-- \/ Yoast SEO plugin. -->","yoast_head_json":{"title":"Vape rechargeable | VOZOL RAVE 40000 Puffs Strawberry Ice Flavor | VOZOL Vapes","description":"Go\u00fbtez au plaisir pur et sucr\u00e9 de la glace \u00e0 la fraise avec la VOZOL RAVE 40000. Ce vaporisateur jetable de 40000 bouff\u00e9es offre une \u00e9norme capacit\u00e9 de 20 ml et une lumi\u00e8re LED hypnotique \u00e0 d\u00e9tection de battements \u00e0 270\u00b0. Obtenez le meilleur des vapeurs VOZOL avec ce m\u00e9lange classique de fraises givr\u00e9es. Commandez votre dispositif durable et savoureux d\u00e8s aujourd'hui !","robots":{"index":"index","follow":"follow","max-snippet":"max-snippet:-1","max-image-preview":"max-image-preview:large","max-video-preview":"max-video-preview:-1"},"canonical":"https:\/\/vapemaison.com\/fr\/produit\/rechargeable-vozol-rave-40000-puffs-strawberry-ice-flavor-vozol-vapes\/","og_locale":"fr_FR","og_type":"article","og_title":"Rechargeable Vape | VOZOL RAVE 40000 Puffs Strawberry Ice Flavor | VOZOL Vapes","og_description":"Taste the pure, sweet delight of Strawberry Ice with the VOZOL RAVE 40000. This 40000 Puffs Disposable Vape offers a huge 20ml capacity and the mesmerizing 270\u00b0 Beat-Sensing LED Light. Get the best of VOZOL vapes with this classic, frosty strawberry blend. Order your long-lasting, flavorful device today!","og_url":"https:\/\/vapemaison.com\/fr\/produit\/rechargeable-vozol-rave-40000-puffs-strawberry-ice-flavor-vozol-vapes\/","og_site_name":"VapeMaison","article_modified_time":"2025-12-20T09:12:04+00:00","og_image":[{"width":800,"height":800,"url":"https:\/\/vapemaison.com\/wp-content\/uploads\/2025\/12\/vozol-rave-40000-Strawberry-Ice-2-800x800-1.webp","type":"image\/webp"}],"twitter_card":"summary_large_image","twitter_misc":{"Dur\u00e9e de lecture estim\u00e9e":"2 minutes"},"schema":{"@context":"https:\/\/schema.org","@graph":[{"@type":"WebPage","@id":"https:\/\/vapemaison.com\/product\/rechargeable-vape-vozol-rave-40000-puffs-strawberry-ice-flavor-vozol-vapes\/","url":"https:\/\/vapemaison.com\/product\/rechargeable-vape-vozol-rave-40000-puffs-strawberry-ice-flavor-vozol-vapes\/","name":"Vape rechargeable | VOZOL RAVE 40000 Puffs Strawberry Ice Flavor | VOZOL Vapes","isPartOf":{"@id":"https:\/\/vapemaison.com\/#website"},"primaryImageOfPage":{"@id":"https:\/\/vapemaison.com\/product\/rechargeable-vape-vozol-rave-40000-puffs-strawberry-ice-flavor-vozol-vapes\/#primaryimage"},"image":{"@id":"https:\/\/vapemaison.com\/product\/rechargeable-vape-vozol-rave-40000-puffs-strawberry-ice-flavor-vozol-vapes\/#primaryimage"},"thumbnailUrl":"https:\/\/vapemaison.com\/wp-content\/uploads\/2025\/12\/vozol-rave-40000-Strawberry-Ice-2-800x800-1.webp","datePublished":"2025-12-15T09:13:33+00:00","dateModified":"2025-12-20T09:12:04+00:00","description":"Go\u00fbtez au plaisir pur et sucr\u00e9 de la glace \u00e0 la fraise avec la VOZOL RAVE 40000. Ce vaporisateur jetable de 40000 bouff\u00e9es offre une \u00e9norme capacit\u00e9 de 20 ml et une lumi\u00e8re LED hypnotique \u00e0 d\u00e9tection de battements \u00e0 270\u00b0. Obtenez le meilleur des vapeurs VOZOL avec ce m\u00e9lange classique de fraises givr\u00e9es. Commandez votre dispositif durable et savoureux d\u00e8s aujourd'hui !","breadcrumb":{"@id":"https:\/\/vapemaison.com\/product\/rechargeable-vape-vozol-rave-40000-puffs-strawberry-ice-flavor-vozol-vapes\/#breadcrumb"},"inLanguage":"fr-FR","potentialAction":[{"@type":"ReadAction","target":["https:\/\/vapemaison.com\/product\/rechargeable-vape-vozol-rave-40000-puffs-strawberry-ice-flavor-vozol-vapes\/"]}]},{"@type":"ImageObject","inLanguage":"fr-FR","@id":"https:\/\/vapemaison.com\/product\/rechargeable-vape-vozol-rave-40000-puffs-strawberry-ice-flavor-vozol-vapes\/#primaryimage","url":"https:\/\/vapemaison.com\/wp-content\/uploads\/2025\/12\/vozol-rave-40000-Strawberry-Ice-2-800x800-1.webp","contentUrl":"https:\/\/vapemaison.com\/wp-content\/uploads\/2025\/12\/vozol-rave-40000-Strawberry-Ice-2-800x800-1.webp","width":800,"height":800,"caption":"Vozol Rave Strawberry Ice 2 800x800 Disposable Vape Device"},{"@type":"BreadcrumbList","@id":"https:\/\/vapemaison.com\/product\/rechargeable-vape-vozol-rave-40000-puffs-strawberry-ice-flavor-vozol-vapes\/#breadcrumb","itemListElement":[{"@type":"ListItem","position":1,"name":"\u9996\u9875","item":"https:\/\/vapemaison.com\/"},{"@type":"ListItem","position":2,"name":"Shop","item":"https:\/\/vapemaison.com\/shop\/"},{"@type":"ListItem","position":3,"name":"Vozol","item":"https:\/\/vapemaison.com\/brand\/vozol\/"},{"@type":"ListItem","position":4,"name":"Rechargeable Vape | VOZOL RAVE 40000 Puffs Strawberry Ice Flavor | VOZOL Vapes"}]},{"@type":"WebSite","@id":"https:\/\/vapemaison.com\/#website","url":"https:\/\/vapemaison.com\/","name":"VapeMaison","description":"Appareils et accessoires de vapotage haut de gamme","publisher":{"@id":"https:\/\/vapemaison.com\/#organization"},"potentialAction":[{"@type":"SearchAction","target":{"@type":"EntryPoint","urlTemplate":"https:\/\/vapemaison.com\/?s={search_term_string}"},"query-input":{"@type":"PropertyValueSpecification","valueRequired":true,"valueName":"search_term_string"}}],"inLanguage":"fr-FR"},{"@type":"Organization","@id":"https:\/\/vapemaison.com\/#organization","name":"VapeMaison","url":"https:\/\/vapemaison.com\/","logo":{"@type":"ImageObject","inLanguage":"fr-FR","@id":"https:\/\/vapemaison.com\/#\/schema\/logo\/image\/","url":"https:\/\/vapemaison.com\/wp-content\/uploads\/2026\/01\/cropped-vapemaison-logo-g-2026.webp","contentUrl":"https:\/\/vapemaison.com\/wp-content\/uploads\/2026\/01\/cropped-vapemaison-logo-g-2026.webp","width":350,"height":280,"caption":"VapeMaison"},"image":{"@id":"https:\/\/vapemaison.com\/#\/schema\/logo\/image\/"},"sameAs":["https:\/\/www.youtube.com\/@VapeMaison"]}]}},"tiered_pricing_type":"fixed","tiered_pricing_fixed_rules":{"30":"12.24","50":"11.63","100":"10.86","200":"9.98"},"tiered_pricing_product_settings":{"layout":"default","base_unit_name":{"singular":null,"plural":null},"default_variation":null},"tiered_pricing_minimum_quantity":10,"tiered_pricing_roles_data":[],"tiered_pricing_percentage_rules":[],"tiered_pricing_maximum_quantity":null,"tiered_pricing_quantity_step":"10","_links":{"self":[{"href":"https:\/\/vapemaison.com\/fr\/wp-json\/wp\/v2\/product\/18644","targetHints":{"allow":["GET"]}}],"collection":[{"href":"https:\/\/vapemaison.com\/fr\/wp-json\/wp\/v2\/product"}],"about":[{"href":"https:\/\/vapemaison.com\/fr\/wp-json\/wp\/v2\/types\/product"}],"replies":[{"embeddable":true,"href":"https:\/\/vapemaison.com\/fr\/wp-json\/wp\/v2\/comments?post=18644"}],"version-history":[{"count":0,"href":"https:\/\/vapemaison.com\/fr\/wp-json\/wp\/v2\/product\/18644\/revisions"}],"wp:featuredmedia":[{"embeddable":true,"href":"https:\/\/vapemaison.com\/fr\/wp-json\/wp\/v2\/media\/19297"}],"wp:attachment":[{"href":"https:\/\/vapemaison.com\/fr\/wp-json\/wp\/v2\/media?parent=18644"}],"wp:term":[{"taxonomy":"product_brand","embeddable":true,"href":"https:\/\/vapemaison.com\/fr\/wp-json\/wp\/v2\/product_brand?post=18644"},{"taxonomy":"product_cat","embeddable":true,"href":"https:\/\/vapemaison.com\/fr\/wp-json\/wp\/v2\/product_cat?post=18644"},{"taxonomy":"product_tag","embeddable":true,"href":"https:\/\/vapemaison.com\/fr\/wp-json\/wp\/v2\/product_tag?post=18644"}],"curies":[{"name":"wp","href":"https:\/\/api.w.org\/{rel}","templated":true}]}}