

{"id":18669,"date":"2025-12-15T09:13:34","date_gmt":"2025-12-15T09:13:34","guid":{"rendered":"https:\/\/vapemaison.com\/?post_type=product&#038;p=18669"},"modified":"2025-12-20T09:20:25","modified_gmt":"2025-12-20T09:20:25","slug":"40k-puffs-vozol-rave-strawberry-kiwi-flavor-led-rechargeable-vape","status":"publish","type":"product","link":"https:\/\/vapemaison.com\/fr\/product\/40k-puffs-vozol-rave-strawberry-kiwi-flavor-led-rechargeable-vape\/","title":{"rendered":"40k Puffs VOZOL RAVE Strawberry Kiwi Flavor LED | Vape rechargeable"},"content":{"rendered":"<h2 class=\"wp-block-heading\">VOZOL RAVE 40000 Puffs Fraise Kiwi : Le duo parfait sucr\u00e9 et acidul\u00e9<\/h2>\n\n\n\n<p>Le <strong>VOZOL RAVE 40000 Puffs Vape jetable<\/strong> dans Strawberry Kiwi offre un profil magnifiquement \u00e9quilibr\u00e9, associant la douceur famili\u00e8re de la fraise au piquant du kiwi. Ce dispositif haut de gamme offre une extraordinaire <strong>Capacit\u00e9 de 40000 bouff\u00e9es<\/strong> et pr\u00e9sente la tr\u00e8s visible <strong>Spectacle lumineux LED 270<\/strong>. Le VOZOL RAVE est l'ultime <strong>Vapeur rechargeable<\/strong> pour les vapoteurs qui recherchent une saveur fruit\u00e9e brillante, complexe et fiable avec une endurance in\u00e9gal\u00e9e.<\/p>\n\n\n\n<h4 class=\"wp-block-heading\">Festin de saveurs : D\u00e9couvrez votre saveur pr\u00e9f\u00e9r\u00e9e<\/h4>\n\n\n\n<h2 class=\"wp-block-heading\">Fraise et kiwi : Harmonie piquante et sucr\u00e9e<\/h2>\n\n\n\n<p>La fraise et le kiwi sont des combinaisons de saveurs tr\u00e8s populaires qui s'harmonisent parfaitement. Les <strong>notes vives et sucr\u00e9es de fraise<\/strong> est \u00e0 la t\u00eate du profil, imm\u00e9diatement suivi par le <strong>go\u00fbt exotique, l\u00e9g\u00e8rement acidul\u00e9 et juteux du kiwi<\/strong>. Le m\u00e9lange est incroyablement rafra\u00eechissant et offre une exp\u00e9rience fruiti\u00e8re stratifi\u00e9e \u00e0 la fois simple et sophistiqu\u00e9e.<\/p>\n\n\n\n<ul class=\"wp-block-list\">\n<li>Glace Blue Razz<\/li>\n\n\n\n<li>Glace aux myrtilles<\/li>\n\n\n\n<li>Past\u00e8que \u00e0 la myrtille<\/li>\n\n\n\n<li>Cerise Fraise<\/li>\n\n\n\n<li>Menthe fra\u00eeche<\/li>\n\n\n\n<li>Double pomme<\/li>\n\n\n\n<li>Glace de raisin<\/li>\n\n\n\n<li>Amour 777<\/li>\n\n\n\n<li>Glace \u00e0 la mangue<\/li>\n\n\n\n<li>Mangue P\u00eache<\/li>\n\n\n\n<li>Glace \u00e0 la p\u00eache<\/li>\n\n\n\n<li>Limonade \u00e0 la p\u00eache et \u00e0 la framboise<\/li>\n\n\n\n<li>Glace \u00e0 la fraise<\/li>\n\n\n\n<li><strong>Fraise Kiwi :<\/strong> Une association vibrante de fraises du jardin sucr\u00e9es et du zeste de kiwi l\u00e9g\u00e8rement acidul\u00e9 et rafra\u00eechissant.<\/li>\n\n\n\n<li>Fraise Mangue<\/li>\n\n\n\n<li>Past\u00e8que \u00e0 la fraise<\/li>\n\n\n\n<li>P\u00eache \u00e0 la fraise<\/li>\n\n\n\n<li>Past\u00e8que Bubblegum<\/li>\n\n\n\n<li>Glace \u00e0 la past\u00e8que<\/li>\n\n\n\n<li>Razz Rancher \u00e0 la past\u00e8que<\/li>\n<\/ul>\n\n\n\n<h4 class=\"wp-block-heading\">Caract\u00e9ristiques techniques et points forts de la conception<\/h4>\n\n\n\n<h2 class=\"wp-block-heading\">Sp\u00e9cifications techniques et innovation VOZOL RAVE 40000<\/h2>\n\n\n\n<p>Le VOZOL RAVE 40000 est dot\u00e9 d'une technologie de pointe qui garantit une exp\u00e9rience de premier ordre pour chaque bouff\u00e9e.<\/p>\n\n\n\n<ul class=\"wp-block-list\">\n<li><strong>Max Puffs :<\/strong> Approx. <strong>40000 bouff\u00e9es<\/strong><\/li>\n\n\n\n<li><strong>Capacit\u00e9 d'e-liquide :<\/strong> 20 ml<\/li>\n\n\n\n<li><strong>Batterie :<\/strong> 1000 mAh <strong>Rechargeable<\/strong><\/li>\n\n\n\n<li><strong>Intensit\u00e9 de la nicotine :<\/strong> 5% (50mg\/ml) Sel Nicotine<\/li>\n\n\n\n<li><strong>Syst\u00e8me de bobine :<\/strong> <strong>Bobine \u00e0 double maille<\/strong> avec S.i.L.C. Tech<\/li>\n\n\n\n<li><strong>Chargement :<\/strong> Port USB de type C (charge rapide)<\/li>\n\n\n\n<li><strong>Dossier sp\u00e9cial :<\/strong> <strong>\u00c9cran LED \u00e0 d\u00e9tection de rythme 270<\/strong><\/li>\n\n\n\n<li><strong>Activation :<\/strong> Dessin activ\u00e9<\/li>\n<\/ul>\n\n\n\n<p>La sophistication <strong>Bobine \u00e0 double maille<\/strong> est con\u00e7u pour capturer les profils de saveurs distincts de la fraise et du kiwi, ce qui permet de maintenir un \u00e9quilibre acidul\u00e9 et sucr\u00e9 parfait sur l'ensemble du produit. <strong>40000 Puffs Vape jetable<\/strong> de dur\u00e9e de vie, fournissant une vapeur dense et savoureuse.<\/p>\n\n\n\n<h4 class=\"wp-block-heading\">Raisons d'acheter maintenant<\/h4>\n\n\n\n<h2 class=\"wp-block-heading\">Alerte stock limit\u00e9 : Attrapez votre fraise kiwi VOZOL RAVE !<\/h2>\n\n\n\n<p>Le VOZOL RAVE 40000 domine le march\u00e9 gr\u00e2ce \u00e0 sa technologie r\u00e9volutionnaire. <strong>40000 Puffs Vape jetable<\/strong> et la performance. Le m\u00e9lange populaire Fraise-Kiwi est tr\u00e8s recherch\u00e9. <strong>Le stock actuel s'\u00e9coule rapidement - r\u00e9servez le v\u00f4tre d\u00e8s aujourd'hui !<\/strong><\/p>\n\n\n\n<p><strong>Agissez rapidement :<\/strong> Achetez d\u00e8s maintenant votre VOZOL RAVE 40000 et profitez d'une exp\u00e9rience gustative de qualit\u00e9 sup\u00e9rieure et de longue dur\u00e9e avec un design unique et \u00e9l\u00e9gant. <strong>Ne passez pas \u00e0 c\u00f4t\u00e9 de cette vape VOZOL populaire - commandez imm\u00e9diatement !<\/strong><\/p>","protected":false},"excerpt":{"rendered":"<p>VOZOL RAVE 40000 Puffs Strawberry Kiwi: The Perfect Sweet &amp; Tart Duo The VOZOL RAVE 40000 Puffs Disposable Vape in Strawberry Kiwi provides a beautifully balanced profile, pairing the familiar sweetness of strawberry with the zesty kick of kiwi. This high-end device offers an extraordinary 40000 puff capacity and features the highly visible 270\u00b0 LED [&hellip;]<\/p>\n","protected":false},"featured_media":19292,"comment_status":"open","ping_status":"closed","template":"","meta":[],"product_brand":[178],"product_cat":[135],"product_tag":[],"class_list":{"0":"post-18669","1":"product","2":"type-product","3":"status-publish","4":"has-post-thumbnail","6":"product_brand-vozol","7":"product_cat-40k-puffs","9":"first","10":"instock","11":"sale","12":"shipping-taxable","13":"purchasable","14":"product-type-variable"},"yoast_head":"<!-- This site is optimized with the Yoast SEO plugin v27.4 - https:\/\/yoast.com\/product\/yoast-seo-wordpress\/ -->\n<title>40000 Puffs Disposable Vape | VOZOL RAVE Strawberry Kiwi Flavor LED | Rechargeable Vape<\/title>\n<meta name=\"description\" content=\"Experience the dynamic duo of Strawberry Kiwi with the VOZOL RAVE 40000. A perfect balance of sweet and tart, delivered over 40000 puffs, featuring a 20ml capacity and the vibrant 270\u00b0 Beat-Sensing LED Light. Get this premium VOZOL vapes device today for a fresh, long-lasting flavor journey!\" \/>\n<meta name=\"robots\" content=\"index, follow, max-snippet:-1, max-image-preview:large, max-video-preview:-1\" \/>\n<link rel=\"canonical\" href=\"https:\/\/vapemaison.com\/fr\/produit\/40k-puffs-vozol-rave-strawberry-kiwi-flavor-led-rechargeable-vape\/\" \/>\n<meta property=\"og:locale\" content=\"fr_FR\" \/>\n<meta property=\"og:type\" content=\"article\" \/>\n<meta property=\"og:title\" content=\"40000 Puffs Disposable Vape | VOZOL RAVE Strawberry Kiwi Flavor LED | Rechargeable Vape\" \/>\n<meta property=\"og:description\" content=\"Experience the dynamic duo of Strawberry Kiwi with the VOZOL RAVE 40000. A perfect balance of sweet and tart, delivered over 40000 puffs, featuring a 20ml capacity and the vibrant 270\u00b0 Beat-Sensing LED Light. Get this premium VOZOL vapes device today for a fresh, long-lasting flavor journey!\" \/>\n<meta property=\"og:url\" content=\"https:\/\/vapemaison.com\/fr\/produit\/40k-puffs-vozol-rave-strawberry-kiwi-flavor-led-rechargeable-vape\/\" \/>\n<meta property=\"og:site_name\" content=\"VapeMaison\" \/>\n<meta property=\"article:modified_time\" content=\"2025-12-20T09:20:25+00:00\" \/>\n<meta property=\"og:image\" content=\"https:\/\/vapemaison.com\/wp-content\/uploads\/2025\/12\/vozol-rave-40000-Grape-Ice-3-768x768-1.webp\" \/>\n\t<meta property=\"og:image:width\" content=\"768\" \/>\n\t<meta property=\"og:image:height\" content=\"768\" \/>\n\t<meta property=\"og:image:type\" content=\"image\/webp\" \/>\n<meta name=\"twitter:card\" content=\"summary_large_image\" \/>\n<meta name=\"twitter:label1\" content=\"Dur\u00e9e de lecture estim\u00e9e\" \/>\n\t<meta name=\"twitter:data1\" content=\"2 minutes\" \/>\n<!-- \/ Yoast SEO plugin. -->","yoast_head_json":{"title":"40000 Puffs Vape jetable | VOZOL RAVE Strawberry Kiwi Flavor LED | Vape rechargeable","description":"D\u00e9couvrez le duo dynamique de la fraise et du kiwi avec la VOZOL RAVE 40000. Un \u00e9quilibre parfait entre le sucr\u00e9 et l'acidul\u00e9, d\u00e9livr\u00e9 sur plus de 40000 bouff\u00e9es, avec une capacit\u00e9 de 20ml et une lumi\u00e8re LED vibrante \u00e0 270\u00b0. Procurez-vous d\u00e8s aujourd'hui ce dispositif de vapotage VOZOL de premi\u00e8re qualit\u00e9 pour un voyage de saveurs fra\u00eeches et durables !","robots":{"index":"index","follow":"follow","max-snippet":"max-snippet:-1","max-image-preview":"max-image-preview:large","max-video-preview":"max-video-preview:-1"},"canonical":"https:\/\/vapemaison.com\/fr\/produit\/40k-puffs-vozol-rave-strawberry-kiwi-flavor-led-rechargeable-vape\/","og_locale":"fr_FR","og_type":"article","og_title":"40000 Puffs Disposable Vape | VOZOL RAVE Strawberry Kiwi Flavor LED | Rechargeable Vape","og_description":"Experience the dynamic duo of Strawberry Kiwi with the VOZOL RAVE 40000. A perfect balance of sweet and tart, delivered over 40000 puffs, featuring a 20ml capacity and the vibrant 270\u00b0 Beat-Sensing LED Light. Get this premium VOZOL vapes device today for a fresh, long-lasting flavor journey!","og_url":"https:\/\/vapemaison.com\/fr\/produit\/40k-puffs-vozol-rave-strawberry-kiwi-flavor-led-rechargeable-vape\/","og_site_name":"VapeMaison","article_modified_time":"2025-12-20T09:20:25+00:00","og_image":[{"width":768,"height":768,"url":"https:\/\/vapemaison.com\/wp-content\/uploads\/2025\/12\/vozol-rave-40000-Grape-Ice-3-768x768-1.webp","type":"image\/webp"}],"twitter_card":"summary_large_image","twitter_misc":{"Dur\u00e9e de lecture estim\u00e9e":"2 minutes"},"schema":{"@context":"https:\/\/schema.org","@graph":[{"@type":"WebPage","@id":"https:\/\/vapemaison.com\/product\/40k-puffs-vozol-rave-strawberry-kiwi-flavor-led-rechargeable-vape\/","url":"https:\/\/vapemaison.com\/product\/40k-puffs-vozol-rave-strawberry-kiwi-flavor-led-rechargeable-vape\/","name":"40000 Puffs Vape jetable | VOZOL RAVE Strawberry Kiwi Flavor LED | Vape rechargeable","isPartOf":{"@id":"https:\/\/vapemaison.com\/#website"},"primaryImageOfPage":{"@id":"https:\/\/vapemaison.com\/product\/40k-puffs-vozol-rave-strawberry-kiwi-flavor-led-rechargeable-vape\/#primaryimage"},"image":{"@id":"https:\/\/vapemaison.com\/product\/40k-puffs-vozol-rave-strawberry-kiwi-flavor-led-rechargeable-vape\/#primaryimage"},"thumbnailUrl":"https:\/\/vapemaison.com\/wp-content\/uploads\/2025\/12\/vozol-rave-40000-Grape-Ice-3-768x768-1.webp","datePublished":"2025-12-15T09:13:34+00:00","dateModified":"2025-12-20T09:20:25+00:00","description":"D\u00e9couvrez le duo dynamique de la fraise et du kiwi avec la VOZOL RAVE 40000. Un \u00e9quilibre parfait entre le sucr\u00e9 et l'acidul\u00e9, d\u00e9livr\u00e9 sur plus de 40000 bouff\u00e9es, avec une capacit\u00e9 de 20ml et une lumi\u00e8re LED vibrante \u00e0 270\u00b0. Procurez-vous d\u00e8s aujourd'hui ce dispositif de vapotage VOZOL de premi\u00e8re qualit\u00e9 pour un voyage de saveurs fra\u00eeches et durables !","breadcrumb":{"@id":"https:\/\/vapemaison.com\/product\/40k-puffs-vozol-rave-strawberry-kiwi-flavor-led-rechargeable-vape\/#breadcrumb"},"inLanguage":"fr-FR","potentialAction":[{"@type":"ReadAction","target":["https:\/\/vapemaison.com\/product\/40k-puffs-vozol-rave-strawberry-kiwi-flavor-led-rechargeable-vape\/"]}]},{"@type":"ImageObject","inLanguage":"fr-FR","@id":"https:\/\/vapemaison.com\/product\/40k-puffs-vozol-rave-strawberry-kiwi-flavor-led-rechargeable-vape\/#primaryimage","url":"https:\/\/vapemaison.com\/wp-content\/uploads\/2025\/12\/vozol-rave-40000-Grape-Ice-3-768x768-1.webp","contentUrl":"https:\/\/vapemaison.com\/wp-content\/uploads\/2025\/12\/vozol-rave-40000-Grape-Ice-3-768x768-1.webp","width":768,"height":768,"caption":"Vozol Rave Grape Ice 3 768x768 Disposable Vape Device"},{"@type":"BreadcrumbList","@id":"https:\/\/vapemaison.com\/product\/40k-puffs-vozol-rave-strawberry-kiwi-flavor-led-rechargeable-vape\/#breadcrumb","itemListElement":[{"@type":"ListItem","position":1,"name":"\u9996\u9875","item":"https:\/\/vapemaison.com\/"},{"@type":"ListItem","position":2,"name":"Shop","item":"https:\/\/vapemaison.com\/shop\/"},{"@type":"ListItem","position":3,"name":"Vozol","item":"https:\/\/vapemaison.com\/brand\/vozol\/"},{"@type":"ListItem","position":4,"name":"40k Puffs VOZOL RAVE Strawberry Kiwi Flavor LED | Rechargeable Vape"}]},{"@type":"WebSite","@id":"https:\/\/vapemaison.com\/#website","url":"https:\/\/vapemaison.com\/","name":"VapeMaison","description":"Appareils et accessoires de vapotage haut de gamme","publisher":{"@id":"https:\/\/vapemaison.com\/#organization"},"potentialAction":[{"@type":"SearchAction","target":{"@type":"EntryPoint","urlTemplate":"https:\/\/vapemaison.com\/?s={search_term_string}"},"query-input":{"@type":"PropertyValueSpecification","valueRequired":true,"valueName":"search_term_string"}}],"inLanguage":"fr-FR"},{"@type":"Organization","@id":"https:\/\/vapemaison.com\/#organization","name":"VapeMaison","url":"https:\/\/vapemaison.com\/","logo":{"@type":"ImageObject","inLanguage":"fr-FR","@id":"https:\/\/vapemaison.com\/#\/schema\/logo\/image\/","url":"https:\/\/vapemaison.com\/wp-content\/uploads\/2026\/01\/cropped-vapemaison-logo-g-2026.webp","contentUrl":"https:\/\/vapemaison.com\/wp-content\/uploads\/2026\/01\/cropped-vapemaison-logo-g-2026.webp","width":350,"height":280,"caption":"VapeMaison"},"image":{"@id":"https:\/\/vapemaison.com\/#\/schema\/logo\/image\/"},"sameAs":["https:\/\/www.youtube.com\/@VapeMaison"]}]}},"tiered_pricing_type":"fixed","tiered_pricing_fixed_rules":{"30":"12.24","50":"11.63","100":"10.86","200":"9.98"},"tiered_pricing_product_settings":{"layout":"default","base_unit_name":{"singular":null,"plural":null},"default_variation":null},"tiered_pricing_minimum_quantity":10,"tiered_pricing_roles_data":[],"tiered_pricing_percentage_rules":[],"tiered_pricing_maximum_quantity":null,"tiered_pricing_quantity_step":"10","_links":{"self":[{"href":"https:\/\/vapemaison.com\/fr\/wp-json\/wp\/v2\/product\/18669","targetHints":{"allow":["GET"]}}],"collection":[{"href":"https:\/\/vapemaison.com\/fr\/wp-json\/wp\/v2\/product"}],"about":[{"href":"https:\/\/vapemaison.com\/fr\/wp-json\/wp\/v2\/types\/product"}],"replies":[{"embeddable":true,"href":"https:\/\/vapemaison.com\/fr\/wp-json\/wp\/v2\/comments?post=18669"}],"version-history":[{"count":0,"href":"https:\/\/vapemaison.com\/fr\/wp-json\/wp\/v2\/product\/18669\/revisions"}],"wp:featuredmedia":[{"embeddable":true,"href":"https:\/\/vapemaison.com\/fr\/wp-json\/wp\/v2\/media\/19292"}],"wp:attachment":[{"href":"https:\/\/vapemaison.com\/fr\/wp-json\/wp\/v2\/media?parent=18669"}],"wp:term":[{"taxonomy":"product_brand","embeddable":true,"href":"https:\/\/vapemaison.com\/fr\/wp-json\/wp\/v2\/product_brand?post=18669"},{"taxonomy":"product_cat","embeddable":true,"href":"https:\/\/vapemaison.com\/fr\/wp-json\/wp\/v2\/product_cat?post=18669"},{"taxonomy":"product_tag","embeddable":true,"href":"https:\/\/vapemaison.com\/fr\/wp-json\/wp\/v2\/product_tag?post=18669"}],"curies":[{"name":"wp","href":"https:\/\/api.w.org\/{rel}","templated":true}]}}