

{"id":18694,"date":"2025-12-15T09:13:37","date_gmt":"2025-12-15T09:13:37","guid":{"rendered":"https:\/\/vapemaison.com\/?post_type=product&#038;p=18694"},"modified":"2025-12-24T06:52:56","modified_gmt":"2025-12-24T06:52:56","slug":"rechargeable-vozol-rave-40000-bouffees-fraise-mangue-vozol-vapes","status":"publish","type":"product","link":"https:\/\/vapemaison.com\/fr\/product\/rechargeable-vape-vozol-rave-40000-puffs-strawberry-mango-flavor-vozol-vapes\/","title":{"rendered":"Vape rechargeable | VOZOL RAVE 40000 Puffs Fraise Mangue | VOZOL Vapes"},"content":{"rendered":"<h2 class=\"wp-block-heading\">VOZOL RAVE 40000 Puffs Fraise Mangue : La douceur tropicale rencontre la douceur du jardin<\/h2>\n\n\n\n<p>Le <strong>VOZOL RAVE 40000 Puffs Vape jetable<\/strong> dans Strawberry Mango associe le go\u00fbt vif et familier de la fraise \u00e0 la profondeur exotique et luxuriante de la mangue. Ce dispositif est con\u00e7u pour une endurance maximale, offrant une incroyable r\u00e9sistance \u00e0 la fatigue. <strong>Capacit\u00e9 de 40000 bouff\u00e9es<\/strong> et pr\u00e9sentant l'accroche <strong>Spectacle lumineux LED 270<\/strong>. Le VOZOL RAVE est l'ultime <strong>Vapeur rechargeable<\/strong> pour ceux qui d\u00e9sirent un m\u00e9lange de fruits cr\u00e9meux et complexe avec une long\u00e9vit\u00e9 d'appareil in\u00e9gal\u00e9e.<\/p>\n\n\n\n<h4 class=\"wp-block-heading\">Festin de saveurs : D\u00e9couvrez votre saveur pr\u00e9f\u00e9r\u00e9e<\/h4>\n\n\n\n<h2 class=\"wp-block-heading\">Fraise Mangue : Doux, sucr\u00e9 et exotique<\/h2>\n\n\n\n<p>Strawberry Mango est un profil d'ar\u00f4me tr\u00e8s r\u00e9ussi qui offre une vape remarquablement douce. Les <strong>notes douces et l\u00e9g\u00e8rement acides de fraise<\/strong> sont parfaitement envelopp\u00e9s par la <strong>texture parfum\u00e9e et onctueuse de la mangue m\u00fbre<\/strong>. Cela cr\u00e9e un profil cr\u00e9meux et tropical qui est incroyablement satisfaisant et facile \u00e0 d\u00e9guster tout au long de la journ\u00e9e.<\/p>\n\n\n\n<ul class=\"wp-block-list\">\n<li>Glace Blue Razz<\/li>\n\n\n\n<li>Glace aux myrtilles<\/li>\n\n\n\n<li>Past\u00e8que \u00e0 la myrtille<\/li>\n\n\n\n<li>Cerise Fraise<\/li>\n\n\n\n<li>Menthe fra\u00eeche<\/li>\n\n\n\n<li>Double pomme<\/li>\n\n\n\n<li>Glace de raisin<\/li>\n\n\n\n<li>Amour 777<\/li>\n\n\n\n<li>Glace \u00e0 la mangue<\/li>\n\n\n\n<li>Mangue P\u00eache<\/li>\n\n\n\n<li>Glace \u00e0 la p\u00eache<\/li>\n\n\n\n<li>Limonade \u00e0 la p\u00eache et \u00e0 la framboise<\/li>\n\n\n\n<li>Glace \u00e0 la fraise<\/li>\n\n\n\n<li>Fraise Kiwi<\/li>\n\n\n\n<li><strong>Fraise Mangue :<\/strong> Une combinaison riche et onctueuse de fraises sucr\u00e9es du jardin et du go\u00fbt luxuriant, exotique et cr\u00e9meux de la mangue m\u00fbre.<\/li>\n\n\n\n<li>Past\u00e8que \u00e0 la fraise<\/li>\n\n\n\n<li>P\u00eache \u00e0 la fraise<\/li>\n\n\n\n<li>Past\u00e8que Bubblegum<\/li>\n\n\n\n<li>Glace \u00e0 la past\u00e8que<\/li>\n\n\n\n<li>Razz Rancher \u00e0 la past\u00e8que<\/li>\n<\/ul>\n\n\n\n<h4 class=\"wp-block-heading\">Caract\u00e9ristiques techniques et points forts de la conception<\/h4>\n\n\n\n<h2 class=\"wp-block-heading\">Sp\u00e9cifications techniques et innovation VOZOL RAVE 40000<\/h2>\n\n\n\n<p>Le VOZOL RAVE 40000 est dot\u00e9 d'une technologie de pointe qui garantit une exp\u00e9rience de premier ordre pour chaque bouff\u00e9e.<\/p>\n\n\n\n<ul class=\"wp-block-list\">\n<li><strong>Max Puffs :<\/strong> Approx. <strong>40000 bouff\u00e9es<\/strong><\/li>\n\n\n\n<li><strong>Capacit\u00e9 d'e-liquide :<\/strong> 20 ml<\/li>\n\n\n\n<li><strong>Batterie :<\/strong> 1000 mAh <strong>Rechargeable<\/strong><\/li>\n\n\n\n<li><strong>Intensit\u00e9 de la nicotine :<\/strong> 5% (50mg\/ml) Sel Nicotine<\/li>\n\n\n\n<li><strong>Syst\u00e8me de bobine :<\/strong> <strong>Bobine \u00e0 double maille<\/strong> avec S.i.L.C. Tech<\/li>\n\n\n\n<li><strong>Chargement :<\/strong> Port USB de type C (charge rapide)<\/li>\n\n\n\n<li><strong>Dossier sp\u00e9cial :<\/strong> <strong>\u00c9cran LED \u00e0 d\u00e9tection de rythme 270<\/strong><\/li>\n\n\n\n<li><strong>Activation :<\/strong> Dessin activ\u00e9<\/li>\n<\/ul>\n\n\n\n<p>D\u00e9couvrez la gamme compl\u00e8te de vapes et d'accessoires jetables de qualit\u00e9 sup\u00e9rieure en explorant notre site web. <strong><a href=\"https:\/\/vapemaison.com\/\">Accueil <\/a><\/strong>, o\u00f9 vous pourrez en apprendre davantage sur notre engagement en mati\u00e8re de qualit\u00e9, d'authenticit\u00e9 et de satisfaction de la client\u00e8le. Si vous \u00eates pr\u00eat \u00e0 acheter, visitez notre <strong><a href=\"https:\/\/vapemaison.com\/shop\/\">Boutique<\/a><\/strong> pour d\u00e9couvrir les derniers appareils VOZOL, les saveurs les plus populaires et les offres exclusives disponibles pour une livraison rapide dans le monde entier. Pour une pr\u00e9sentation compl\u00e8te de la marque, y compris les mod\u00e8les les plus vendus et les innovations produits, consultez la page d\u00e9di\u00e9e \u00e0 la marque VOZOL. <strong><a href=\"https:\/\/vapemaison.com\/brand\/vozol\/\">VOZOL<\/a><\/strong>, o\u00f9 toutes les collections VOZOL actuelles sont organis\u00e9es de mani\u00e8re pratique en un seul endroit.<\/p>\n\n\n\n<p><\/p>","protected":false},"excerpt":{"rendered":"<p>VOZOL RAVE 40000 Puffs Strawberry Mango: Tropical Meets Garden Sweetness The VOZOL RAVE 40000 Puffs Disposable Vape in Strawberry Mango brings together the bright, familiar taste of strawberry with the lush, exotic depth of mango. This device is built for maximum endurance, providing an incredible 40000 puff capacity and featuring the eye-catching 270\u00b0 LED Light [&hellip;]<\/p>\n","protected":false},"featured_media":19301,"comment_status":"open","ping_status":"closed","template":"","meta":[],"product_brand":[178],"product_cat":[135],"product_tag":[],"class_list":{"0":"post-18694","1":"product","2":"type-product","3":"status-publish","4":"has-post-thumbnail","6":"product_brand-vozol","7":"product_cat-40k-puffs","9":"first","10":"instock","11":"sale","12":"shipping-taxable","13":"purchasable","14":"product-type-variable"},"yoast_head":"<!-- This site is optimized with the Yoast SEO plugin v27.4 - https:\/\/yoast.com\/product\/yoast-seo-wordpress\/ -->\n<title>Rechargeable Vape | VOZOL RAVE 40000 Puffs Strawberry Mango Flavor | VOZOL Vapes<\/title>\n<meta name=\"description\" content=\"Indulge in the tropical-sweet mix of Strawberry Mango with the VOZOL RAVE 40000. A smooth, intense flavor over 40000 puffs, featuring a 20ml tank and the vibrant 270\u00b0 Beat-Sensing LED Light. Get the best of VOZOL vapes today for a long-lasting, satisfying flavor journey!\" \/>\n<meta name=\"robots\" content=\"index, follow, max-snippet:-1, max-image-preview:large, max-video-preview:-1\" \/>\n<link rel=\"canonical\" href=\"https:\/\/vapemaison.com\/fr\/produit\/rechargeable-vozol-rave-40000-bouffees-fraise-mangue-vozol-vapes\/\" \/>\n<meta property=\"og:locale\" content=\"fr_FR\" \/>\n<meta property=\"og:type\" content=\"article\" \/>\n<meta property=\"og:title\" content=\"Rechargeable Vape | VOZOL RAVE 40000 Puffs Strawberry Mango Flavor | VOZOL Vapes\" \/>\n<meta property=\"og:description\" content=\"Indulge in the tropical-sweet mix of Strawberry Mango with the VOZOL RAVE 40000. A smooth, intense flavor over 40000 puffs, featuring a 20ml tank and the vibrant 270\u00b0 Beat-Sensing LED Light. Get the best of VOZOL vapes today for a long-lasting, satisfying flavor journey!\" \/>\n<meta property=\"og:url\" content=\"https:\/\/vapemaison.com\/fr\/produit\/rechargeable-vozol-rave-40000-bouffees-fraise-mangue-vozol-vapes\/\" \/>\n<meta property=\"og:site_name\" content=\"VapeMaison\" \/>\n<meta property=\"article:modified_time\" content=\"2025-12-24T06:52:56+00:00\" \/>\n<meta property=\"og:image\" content=\"https:\/\/vapemaison.com\/wp-content\/uploads\/2025\/12\/vozol-rave-40000-Strawberry-Mango-2-800x800-1.webp\" \/>\n\t<meta property=\"og:image:width\" content=\"800\" \/>\n\t<meta property=\"og:image:height\" content=\"800\" \/>\n\t<meta property=\"og:image:type\" content=\"image\/webp\" \/>\n<meta name=\"twitter:card\" content=\"summary_large_image\" \/>\n<meta name=\"twitter:label1\" content=\"Dur\u00e9e de lecture estim\u00e9e\" \/>\n\t<meta name=\"twitter:data1\" content=\"2 minutes\" \/>\n<!-- \/ Yoast SEO plugin. -->","yoast_head_json":{"title":"Vape rechargeable | VOZOL RAVE 40000 Puffs Fraise Mangue | VOZOL Vapes","description":"Laissez-vous tenter par le m\u00e9lange tropical et sucr\u00e9 de la fraise et de la mangue avec la VOZOL RAVE 40000. Une saveur douce et intense sur 40000 bouff\u00e9es, avec un r\u00e9servoir de 20ml et une lumi\u00e8re LED vibrante \u00e0 270\u00b0. Obtenez le meilleur des vapes VOZOL aujourd'hui pour un voyage de saveurs satisfaisant et de longue dur\u00e9e !","robots":{"index":"index","follow":"follow","max-snippet":"max-snippet:-1","max-image-preview":"max-image-preview:large","max-video-preview":"max-video-preview:-1"},"canonical":"https:\/\/vapemaison.com\/fr\/produit\/rechargeable-vozol-rave-40000-bouffees-fraise-mangue-vozol-vapes\/","og_locale":"fr_FR","og_type":"article","og_title":"Rechargeable Vape | VOZOL RAVE 40000 Puffs Strawberry Mango Flavor | VOZOL Vapes","og_description":"Indulge in the tropical-sweet mix of Strawberry Mango with the VOZOL RAVE 40000. A smooth, intense flavor over 40000 puffs, featuring a 20ml tank and the vibrant 270\u00b0 Beat-Sensing LED Light. Get the best of VOZOL vapes today for a long-lasting, satisfying flavor journey!","og_url":"https:\/\/vapemaison.com\/fr\/produit\/rechargeable-vozol-rave-40000-bouffees-fraise-mangue-vozol-vapes\/","og_site_name":"VapeMaison","article_modified_time":"2025-12-24T06:52:56+00:00","og_image":[{"width":800,"height":800,"url":"https:\/\/vapemaison.com\/wp-content\/uploads\/2025\/12\/vozol-rave-40000-Strawberry-Mango-2-800x800-1.webp","type":"image\/webp"}],"twitter_card":"summary_large_image","twitter_misc":{"Dur\u00e9e de lecture estim\u00e9e":"2 minutes"},"schema":{"@context":"https:\/\/schema.org","@graph":[{"@type":"WebPage","@id":"https:\/\/vapemaison.com\/product\/rechargeable-vape-vozol-rave-40000-puffs-strawberry-mango-flavor-vozol-vapes\/","url":"https:\/\/vapemaison.com\/product\/rechargeable-vape-vozol-rave-40000-puffs-strawberry-mango-flavor-vozol-vapes\/","name":"Vape rechargeable | VOZOL RAVE 40000 Puffs Fraise Mangue | VOZOL Vapes","isPartOf":{"@id":"https:\/\/vapemaison.com\/#website"},"primaryImageOfPage":{"@id":"https:\/\/vapemaison.com\/product\/rechargeable-vape-vozol-rave-40000-puffs-strawberry-mango-flavor-vozol-vapes\/#primaryimage"},"image":{"@id":"https:\/\/vapemaison.com\/product\/rechargeable-vape-vozol-rave-40000-puffs-strawberry-mango-flavor-vozol-vapes\/#primaryimage"},"thumbnailUrl":"https:\/\/vapemaison.com\/wp-content\/uploads\/2025\/12\/vozol-rave-40000-Strawberry-Mango-2-800x800-1.webp","datePublished":"2025-12-15T09:13:37+00:00","dateModified":"2025-12-24T06:52:56+00:00","description":"Laissez-vous tenter par le m\u00e9lange tropical et sucr\u00e9 de la fraise et de la mangue avec la VOZOL RAVE 40000. Une saveur douce et intense sur 40000 bouff\u00e9es, avec un r\u00e9servoir de 20ml et une lumi\u00e8re LED vibrante \u00e0 270\u00b0. Obtenez le meilleur des vapes VOZOL aujourd'hui pour un voyage de saveurs satisfaisant et de longue dur\u00e9e !","breadcrumb":{"@id":"https:\/\/vapemaison.com\/product\/rechargeable-vape-vozol-rave-40000-puffs-strawberry-mango-flavor-vozol-vapes\/#breadcrumb"},"inLanguage":"fr-FR","potentialAction":[{"@type":"ReadAction","target":["https:\/\/vapemaison.com\/product\/rechargeable-vape-vozol-rave-40000-puffs-strawberry-mango-flavor-vozol-vapes\/"]}]},{"@type":"ImageObject","inLanguage":"fr-FR","@id":"https:\/\/vapemaison.com\/product\/rechargeable-vape-vozol-rave-40000-puffs-strawberry-mango-flavor-vozol-vapes\/#primaryimage","url":"https:\/\/vapemaison.com\/wp-content\/uploads\/2025\/12\/vozol-rave-40000-Strawberry-Mango-2-800x800-1.webp","contentUrl":"https:\/\/vapemaison.com\/wp-content\/uploads\/2025\/12\/vozol-rave-40000-Strawberry-Mango-2-800x800-1.webp","width":800,"height":800,"caption":"Vozol Rave Strawberry Mango 2 800x800 Disposable Vape Device"},{"@type":"BreadcrumbList","@id":"https:\/\/vapemaison.com\/product\/rechargeable-vape-vozol-rave-40000-puffs-strawberry-mango-flavor-vozol-vapes\/#breadcrumb","itemListElement":[{"@type":"ListItem","position":1,"name":"\u9996\u9875","item":"https:\/\/vapemaison.com\/"},{"@type":"ListItem","position":2,"name":"Shop","item":"https:\/\/vapemaison.com\/shop\/"},{"@type":"ListItem","position":3,"name":"Vozol","item":"https:\/\/vapemaison.com\/brand\/vozol\/"},{"@type":"ListItem","position":4,"name":"Rechargeable Vape | VOZOL RAVE 40000 Puffs Strawberry Mango Flavor | VOZOL Vapes"}]},{"@type":"WebSite","@id":"https:\/\/vapemaison.com\/#website","url":"https:\/\/vapemaison.com\/","name":"VapeMaison","description":"Appareils et accessoires de vapotage haut de gamme","publisher":{"@id":"https:\/\/vapemaison.com\/#organization"},"potentialAction":[{"@type":"SearchAction","target":{"@type":"EntryPoint","urlTemplate":"https:\/\/vapemaison.com\/?s={search_term_string}"},"query-input":{"@type":"PropertyValueSpecification","valueRequired":true,"valueName":"search_term_string"}}],"inLanguage":"fr-FR"},{"@type":"Organization","@id":"https:\/\/vapemaison.com\/#organization","name":"VapeMaison","url":"https:\/\/vapemaison.com\/","logo":{"@type":"ImageObject","inLanguage":"fr-FR","@id":"https:\/\/vapemaison.com\/#\/schema\/logo\/image\/","url":"https:\/\/vapemaison.com\/wp-content\/uploads\/2026\/01\/cropped-vapemaison-logo-g-2026.webp","contentUrl":"https:\/\/vapemaison.com\/wp-content\/uploads\/2026\/01\/cropped-vapemaison-logo-g-2026.webp","width":350,"height":280,"caption":"VapeMaison"},"image":{"@id":"https:\/\/vapemaison.com\/#\/schema\/logo\/image\/"},"sameAs":["https:\/\/www.youtube.com\/@VapeMaison"]}]}},"tiered_pricing_type":"fixed","tiered_pricing_fixed_rules":{"30":"12.24","50":"11.63","100":"10.86","200":"9.98"},"tiered_pricing_product_settings":{"layout":"default","base_unit_name":{"singular":null,"plural":null},"default_variation":null},"tiered_pricing_minimum_quantity":10,"tiered_pricing_roles_data":[],"tiered_pricing_percentage_rules":[],"tiered_pricing_maximum_quantity":null,"tiered_pricing_quantity_step":"10","_links":{"self":[{"href":"https:\/\/vapemaison.com\/fr\/wp-json\/wp\/v2\/product\/18694","targetHints":{"allow":["GET"]}}],"collection":[{"href":"https:\/\/vapemaison.com\/fr\/wp-json\/wp\/v2\/product"}],"about":[{"href":"https:\/\/vapemaison.com\/fr\/wp-json\/wp\/v2\/types\/product"}],"replies":[{"embeddable":true,"href":"https:\/\/vapemaison.com\/fr\/wp-json\/wp\/v2\/comments?post=18694"}],"version-history":[{"count":0,"href":"https:\/\/vapemaison.com\/fr\/wp-json\/wp\/v2\/product\/18694\/revisions"}],"wp:featuredmedia":[{"embeddable":true,"href":"https:\/\/vapemaison.com\/fr\/wp-json\/wp\/v2\/media\/19301"}],"wp:attachment":[{"href":"https:\/\/vapemaison.com\/fr\/wp-json\/wp\/v2\/media?parent=18694"}],"wp:term":[{"taxonomy":"product_brand","embeddable":true,"href":"https:\/\/vapemaison.com\/fr\/wp-json\/wp\/v2\/product_brand?post=18694"},{"taxonomy":"product_cat","embeddable":true,"href":"https:\/\/vapemaison.com\/fr\/wp-json\/wp\/v2\/product_cat?post=18694"},{"taxonomy":"product_tag","embeddable":true,"href":"https:\/\/vapemaison.com\/fr\/wp-json\/wp\/v2\/product_tag?post=18694"}],"curies":[{"name":"wp","href":"https:\/\/api.w.org\/{rel}","templated":true}]}}