

{"id":18796,"date":"2025-12-16T07:02:40","date_gmt":"2025-12-16T07:02:40","guid":{"rendered":"https:\/\/vapemaison.com\/?post_type=product&#038;p=18796"},"modified":"2026-05-14T03:28:24","modified_gmt":"2026-05-14T03:28:24","slug":"humo-case-iphone-14-30000-puffs-jetable-vape","status":"publish","type":"product","link":"https:\/\/vapemaison.com\/fr\/product\/humo-case-iphone-14-30000-puffs-disposable-vape\/","title":{"rendered":"Humo Case iPhone 14 30000 Puffs Vape jetable"},"content":{"rendered":"<p><strong>HumoCase Ecig Phone Case pour iPhone 14<\/strong><\/p>\n\n\n\n<p>L'HumoCase combine la protection du t\u00e9l\u00e9phone et la vape en un seul appareil innovant, con\u00e7u sp\u00e9cialement pour les utilisateurs de l'iPhone 14. Il fonctionne comme un \u00e9tui de t\u00e9l\u00e9phone durable tout en abritant une vape rechargeable, ce qui vous permet de profiter de la vape en douceur \u00e0 tout moment sans avoir \u00e0 transporter d'autres appareils.<\/p>\n\n\n\n<p>Son design compact et ergonomique s'int\u00e8gre naturellement dans la vie quotidienne. Que vous soyez au travail, \u00e0 la salle de sport ou en sortie, l'HumoCase est facile \u00e0 transporter sans \u00eatre encombrant. La bobine en maille avanc\u00e9e int\u00e9gr\u00e9e garantit des cigarettes r\u00e9guli\u00e8res et douces, et la batterie longue dur\u00e9e permet de prolonger les sessions de vapotage.<\/p>\n\n\n\n<p>HumoCase allie praticit\u00e9 et technologie, offrant aux utilisateurs de l'iPhone 14 un moyen transparent de prot\u00e9ger leur t\u00e9l\u00e9phone tout en profitant d'une exp\u00e9rience de vapotage pratique.<\/p>\n\n\n\n<p><strong>Sp\u00e9cifications<\/strong><\/p>\n\n\n\n<ul class=\"wp-block-list\">\n<li>Nombre de bouff\u00e9es : 30000<\/li>\n\n\n\n<li>R\u00e9sistance de la bobine : 1.2\u03a9<\/li>\n\n\n\n<li>Capacit\u00e9 E-Liquide : 20ml<\/li>\n\n\n\n<li>Teneur en nicotine : 5%<\/li>\n<\/ul>\n\n\n\n<p><strong>Avis de s\u00e9curit\u00e9<\/strong><br>R\u00e9serv\u00e9 aux adultes (21+). Tenir hors de port\u00e9e des enfants et des animaux domestiques. Contient de la nicotine, un produit chimique qui cr\u00e9e une d\u00e9pendance.<\/p>\n\n\n\n<p>D\u00e9couvrez les derni\u00e8res innovations en mati\u00e8re de vapotage portable \u00e0 l'adresse suivante <a href=\"https:\/\/vapemaison.com\/\">VapeMaison<\/a>, o\u00f9 la commodit\u00e9 rencontre le style. D\u00e9couvrez notre gamme compl\u00e8te de produits sur le site <a href=\"https:\/\/vapemaison.com\/shop\/\">Boutique<\/a> y compris la populaire page <strong>Affaire Humo<\/strong> par <a href=\"https:\/\/vapemaison.com\/brand\/humocase\/\"><\/a><a href=\"https:\/\/vapemaison.com\/brand\/humocase\/\">Humocase<\/a> un m\u00e9lange parfait de design \u00e9l\u00e9gant et d'exp\u00e9rience de vapotage en douceur. Que vous recherchiez des compagnons intelligents pour tous les jours ou des id\u00e9es de cadeaux, vous trouverez quelque chose qui conviendra \u00e0 votre style de vie.<\/p>\n\n\n\n<p><\/p>","protected":false},"excerpt":{"rendered":"<p data-start=\"132\" data-end=\"389\">Con\u00e7u sp\u00e9cifiquement pour <strong data-start=\"158\" data-end=\"171\">iPhone 14<\/strong>, <strong data-start=\"173\" data-end=\"185\">HumoCase<\/strong> HumoCase vous permet de prot\u00e9ger votre t\u00e9l\u00e9phone et de profiter d'un vapotage en douceur dans un \u00e9tui \u00e9l\u00e9gant et rechargeable. Si vous appr\u00e9ciez la commodit\u00e9, le design intelligent et la fiabilit\u00e9 des performances, HumoCase est un choix facile pour une utilisation quotidienne.<\/p>","protected":false},"featured_media":18824,"comment_status":"open","ping_status":"closed","template":"","meta":[],"product_brand":[163],"product_cat":[134],"product_tag":[],"class_list":{"0":"post-18796","1":"product","2":"type-product","3":"status-publish","4":"has-post-thumbnail","6":"product_brand-humocase","7":"product_cat-30k-puffs","9":"first","10":"instock","11":"sale","12":"shipping-taxable","13":"purchasable","14":"product-type-variable"},"yoast_head":"<!-- This site is optimized with the Yoast SEO plugin v27.4 - https:\/\/yoast.com\/product\/yoast-seo-wordpress\/ -->\n<title>Humocase Blue Razz Ice Vape | Ecig Phone Case 2025<\/title>\n<meta name=\"description\" content=\"Innovative HumoCase phone case doubles as a vape for iPhone 13 series. Enjoy Blue Razz Ice flavor, smooth hits, and long-lasting battery anytime, anywhere.\" \/>\n<meta name=\"robots\" content=\"index, follow, max-snippet:-1, max-image-preview:large, max-video-preview:-1\" \/>\n<link rel=\"canonical\" href=\"https:\/\/vapemaison.com\/fr\/produit\/humo-case-iphone-14-30000-puffs-jetable-vape\/\" \/>\n<meta property=\"og:locale\" content=\"fr_FR\" \/>\n<meta property=\"og:type\" content=\"article\" \/>\n<meta property=\"og:title\" content=\"Humocase Blue Razz Ice Vape | Ecig Phone Case 2025\" \/>\n<meta property=\"og:description\" content=\"Innovative HumoCase phone case doubles as a vape for iPhone 13 series. Enjoy Blue Razz Ice flavor, smooth hits, and long-lasting battery anytime, anywhere.\" \/>\n<meta property=\"og:url\" content=\"https:\/\/vapemaison.com\/fr\/produit\/humo-case-iphone-14-30000-puffs-jetable-vape\/\" \/>\n<meta property=\"og:site_name\" content=\"VapeMaison\" \/>\n<meta property=\"article:modified_time\" content=\"2026-05-14T03:28:24+00:00\" \/>\n<meta property=\"og:image\" content=\"https:\/\/vapemaison.com\/wp-content\/uploads\/2025\/12\/humo-case-more-flavor-display.webp\" \/>\n\t<meta property=\"og:image:width\" content=\"1200\" \/>\n\t<meta property=\"og:image:height\" content=\"750\" \/>\n\t<meta property=\"og:image:type\" content=\"image\/webp\" \/>\n<meta name=\"twitter:card\" content=\"summary_large_image\" \/>\n<meta name=\"twitter:label1\" content=\"Dur\u00e9e de lecture estim\u00e9e\" \/>\n\t<meta name=\"twitter:data1\" content=\"2 minutes\" \/>\n<!-- \/ Yoast SEO plugin. -->","yoast_head_json":{"title":"Humocase Blue Razz Ice Vape | Ecig Phone Case 2025","description":"L'\u00e9tui de t\u00e9l\u00e9phone innovant HumoCase se transforme en vaporisateur pour l'iPhone 13. Appr\u00e9ciez la saveur Blue Razz Ice, les effets doux et la batterie longue dur\u00e9e n'importe o\u00f9 et n'importe quand.","robots":{"index":"index","follow":"follow","max-snippet":"max-snippet:-1","max-image-preview":"max-image-preview:large","max-video-preview":"max-video-preview:-1"},"canonical":"https:\/\/vapemaison.com\/fr\/produit\/humo-case-iphone-14-30000-puffs-jetable-vape\/","og_locale":"fr_FR","og_type":"article","og_title":"Humocase Blue Razz Ice Vape | Ecig Phone Case 2025","og_description":"Innovative HumoCase phone case doubles as a vape for iPhone 13 series. Enjoy Blue Razz Ice flavor, smooth hits, and long-lasting battery anytime, anywhere.","og_url":"https:\/\/vapemaison.com\/fr\/produit\/humo-case-iphone-14-30000-puffs-jetable-vape\/","og_site_name":"VapeMaison","article_modified_time":"2026-05-14T03:28:24+00:00","og_image":[{"width":1200,"height":750,"url":"https:\/\/vapemaison.com\/wp-content\/uploads\/2025\/12\/humo-case-more-flavor-display.webp","type":"image\/webp"}],"twitter_card":"summary_large_image","twitter_misc":{"Dur\u00e9e de lecture estim\u00e9e":"2 minutes"},"schema":{"@context":"https:\/\/schema.org","@graph":[{"@type":"WebPage","@id":"https:\/\/vapemaison.com\/product\/humo-case-iphone-14-30000-puffs-disposable-vape\/","url":"https:\/\/vapemaison.com\/product\/humo-case-iphone-14-30000-puffs-disposable-vape\/","name":"Humocase Blue Razz Ice Vape | Ecig Phone Case 2025","isPartOf":{"@id":"https:\/\/vapemaison.com\/#website"},"primaryImageOfPage":{"@id":"https:\/\/vapemaison.com\/product\/humo-case-iphone-14-30000-puffs-disposable-vape\/#primaryimage"},"image":{"@id":"https:\/\/vapemaison.com\/product\/humo-case-iphone-14-30000-puffs-disposable-vape\/#primaryimage"},"thumbnailUrl":"https:\/\/vapemaison.com\/wp-content\/uploads\/2025\/12\/humo-case-more-flavor-display.webp","datePublished":"2025-12-16T07:02:40+00:00","dateModified":"2026-05-14T03:28:24+00:00","description":"L'\u00e9tui de t\u00e9l\u00e9phone innovant HumoCase se transforme en vaporisateur pour l'iPhone 13. Appr\u00e9ciez la saveur Blue Razz Ice, les effets doux et la batterie longue dur\u00e9e n'importe o\u00f9 et n'importe quand.","breadcrumb":{"@id":"https:\/\/vapemaison.com\/product\/humo-case-iphone-14-30000-puffs-disposable-vape\/#breadcrumb"},"inLanguage":"fr-FR","potentialAction":[{"@type":"ReadAction","target":["https:\/\/vapemaison.com\/product\/humo-case-iphone-14-30000-puffs-disposable-vape\/"]}]},{"@type":"ImageObject","inLanguage":"fr-FR","@id":"https:\/\/vapemaison.com\/product\/humo-case-iphone-14-30000-puffs-disposable-vape\/#primaryimage","url":"https:\/\/vapemaison.com\/wp-content\/uploads\/2025\/12\/humo-case-more-flavor-display.webp","contentUrl":"https:\/\/vapemaison.com\/wp-content\/uploads\/2025\/12\/humo-case-more-flavor-display.webp","width":1200,"height":750,"caption":"Humo Case More Flavor Display"},{"@type":"BreadcrumbList","@id":"https:\/\/vapemaison.com\/product\/humo-case-iphone-14-30000-puffs-disposable-vape\/#breadcrumb","itemListElement":[{"@type":"ListItem","position":1,"name":"\u9996\u9875","item":"https:\/\/vapemaison.com\/"},{"@type":"ListItem","position":2,"name":"Shop","item":"https:\/\/vapemaison.com\/shop\/"},{"@type":"ListItem","position":3,"name":"HumoCase","item":"https:\/\/vapemaison.com\/brand\/humocase\/"},{"@type":"ListItem","position":4,"name":"Humo Case iPhone 14 30000 Puffs Disposable Vape"}]},{"@type":"WebSite","@id":"https:\/\/vapemaison.com\/#website","url":"https:\/\/vapemaison.com\/","name":"VapeMaison","description":"Appareils et accessoires de vapotage haut de gamme","publisher":{"@id":"https:\/\/vapemaison.com\/#organization"},"potentialAction":[{"@type":"SearchAction","target":{"@type":"EntryPoint","urlTemplate":"https:\/\/vapemaison.com\/?s={search_term_string}"},"query-input":{"@type":"PropertyValueSpecification","valueRequired":true,"valueName":"search_term_string"}}],"inLanguage":"fr-FR"},{"@type":"Organization","@id":"https:\/\/vapemaison.com\/#organization","name":"VapeMaison","url":"https:\/\/vapemaison.com\/","logo":{"@type":"ImageObject","inLanguage":"fr-FR","@id":"https:\/\/vapemaison.com\/#\/schema\/logo\/image\/","url":"https:\/\/vapemaison.com\/wp-content\/uploads\/2026\/01\/cropped-vapemaison-logo-g-2026.webp","contentUrl":"https:\/\/vapemaison.com\/wp-content\/uploads\/2026\/01\/cropped-vapemaison-logo-g-2026.webp","width":350,"height":280,"caption":"VapeMaison"},"image":{"@id":"https:\/\/vapemaison.com\/#\/schema\/logo\/image\/"},"sameAs":["https:\/\/www.youtube.com\/@VapeMaison"]}]}},"tiered_pricing_type":"fixed","tiered_pricing_fixed_rules":{"30":"9.78","50":"8.44","100":"7.86","200":"6.25"},"tiered_pricing_product_settings":{"layout":"default","base_unit_name":{"singular":null,"plural":null},"default_variation":null},"tiered_pricing_minimum_quantity":5,"tiered_pricing_roles_data":[],"tiered_pricing_percentage_rules":[],"tiered_pricing_maximum_quantity":null,"tiered_pricing_quantity_step":"5","_links":{"self":[{"href":"https:\/\/vapemaison.com\/fr\/wp-json\/wp\/v2\/product\/18796","targetHints":{"allow":["GET"]}}],"collection":[{"href":"https:\/\/vapemaison.com\/fr\/wp-json\/wp\/v2\/product"}],"about":[{"href":"https:\/\/vapemaison.com\/fr\/wp-json\/wp\/v2\/types\/product"}],"replies":[{"embeddable":true,"href":"https:\/\/vapemaison.com\/fr\/wp-json\/wp\/v2\/comments?post=18796"}],"version-history":[{"count":1,"href":"https:\/\/vapemaison.com\/fr\/wp-json\/wp\/v2\/product\/18796\/revisions"}],"predecessor-version":[{"id":30314,"href":"https:\/\/vapemaison.com\/fr\/wp-json\/wp\/v2\/product\/18796\/revisions\/30314"}],"wp:featuredmedia":[{"embeddable":true,"href":"https:\/\/vapemaison.com\/fr\/wp-json\/wp\/v2\/media\/18824"}],"wp:attachment":[{"href":"https:\/\/vapemaison.com\/fr\/wp-json\/wp\/v2\/media?parent=18796"}],"wp:term":[{"taxonomy":"product_brand","embeddable":true,"href":"https:\/\/vapemaison.com\/fr\/wp-json\/wp\/v2\/product_brand?post=18796"},{"taxonomy":"product_cat","embeddable":true,"href":"https:\/\/vapemaison.com\/fr\/wp-json\/wp\/v2\/product_cat?post=18796"},{"taxonomy":"product_tag","embeddable":true,"href":"https:\/\/vapemaison.com\/fr\/wp-json\/wp\/v2\/product_tag?post=18796"}],"curies":[{"name":"wp","href":"https:\/\/api.w.org\/{rel}","templated":true}]}}