

{"id":18935,"date":"2025-12-17T05:56:45","date_gmt":"2025-12-17T05:56:45","guid":{"rendered":"https:\/\/vapemaison.com\/?post_type=product&#038;p=18935"},"modified":"2026-01-09T08:34:20","modified_gmt":"2026-01-09T08:34:20","slug":"bang-leader-stoll-100k-100000-puffs-4-in-1-flavors-led-display-disposable-vape","status":"publish","type":"product","link":"https:\/\/vapemaison.com\/fr\/product\/bang-leader-stoll-100k-100000-puffs-4-in-1-flavors-led-display-disposable-vape\/","title":{"rendered":"Bang Leader Stoll 100K 100000 Puffs 4 in 1 Flavors &amp; LED Display Disposable Vape"},"content":{"rendered":"<h2 class=\"wp-block-heading\"><strong>Bang Leader Stoll 100K Vape jetable - 100 000 bouff\u00e9es<\/strong><\/h2>\n\n\n\n<p>Le <strong>Bang Leader Stoll 100K Vape jetable<\/strong> est con\u00e7u pour les utilisateurs qui exigent une long\u00e9vit\u00e9 extr\u00eame, des performances puissantes et des ar\u00f4mes de premi\u00e8re qualit\u00e9. Avec une capacit\u00e9 incroyable de <strong>100 000 bouff\u00e9es<\/strong>, Gr\u00e2ce \u00e0 l'utilisation d'un syst\u00e8me d'aspiration, ce dispositif r\u00e9duit consid\u00e9rablement la fr\u00e9quence de remplacement tout en maintenant une qualit\u00e9 constante tout au long de la dur\u00e9e de vie du produit.<\/p>\n\n\n\n<p>Con\u00e7u avec un <strong>Syst\u00e8me d'ar\u00f4mes 4 en 1<\/strong>, Le Stoll 100K pr\u00e9sente les caract\u00e9ristiques suivantes <strong>4 chambres \u00e0 e-liquide s\u00e9par\u00e9es de 14mL<\/strong>, permettant aux utilisateurs de passer d'un ar\u00f4me \u00e0 l'autre sans effort dans un seul appareil. Cette conception innovante offre une vari\u00e9t\u00e9, une commodit\u00e9 et une exp\u00e9rience de vapotage rafra\u00eechissante \u00e0 tout moment.<\/p>\n\n\n\n<p>\u00c0 la base, le dispositif utilise <strong>Technologie Quad 1.0\u03a9 Mesh Coil<\/strong>, Le syst\u00e8me de vaporisation de l'EMC permet de chauffer de mani\u00e8re homog\u00e8ne, d'am\u00e9liorer l'intensit\u00e9 des saveurs et de produire de la vapeur en douceur, de la premi\u00e8re \u00e0 la derni\u00e8re bouff\u00e9e. Les performances restent stables, m\u00eame en cas d'utilisation prolong\u00e9e.<\/p>\n\n\n\n<p>A int\u00e9gr\u00e9 <strong>\u00c9cran LED intelligent<\/strong> offre une visibilit\u00e9 en temps r\u00e9el du niveau de la batterie et de l'\u00e9tat de l'e-liquide, ce qui permet aux utilisateurs de contr\u00f4ler facilement leur utilisation et de vaper en toute confiance.<\/p>\n\n\n\n<p>Aliment\u00e9 par un <strong>Batterie rechargeable de 850mAh<\/strong>, Le Bang Leader Stoll soutient <strong>Chargement rapide USB Type-C<\/strong>, minimisant les temps d'arr\u00eat et garantissant une performance continue. Enti\u00e8rement <strong>Conforme \u00e0 la DPT<\/strong>, Il r\u00e9pond aux normes r\u00e9glementaires et de s\u00e9curit\u00e9 de l'UE, ce qui le rend adapt\u00e9 au march\u00e9 europ\u00e9en.<\/p>\n\n\n\n<p>Avec <strong>10 combinaisons de saveurs disponibles<\/strong>, Cet appareil est polyvalent, fiable et offre une exp\u00e9rience de vapotage de premi\u00e8re qualit\u00e9, id\u00e9ale pour l'usage personnel et la vente au d\u00e9tail.<\/p>\n\n\n\n<h3 class=\"wp-block-heading\"><strong>Caract\u00e9ristiques principales<\/strong><\/h3>\n\n\n\n<ul class=\"wp-block-list\">\n<li>Jusqu'\u00e0 <strong>100 000 bouff\u00e9es<\/strong> par appareil<\/li>\n\n\n\n<li><strong>4 \u00d7 14mL<\/strong> Capacit\u00e9 en e-liquide (4 ar\u00f4mes dans un seul appareil)<\/li>\n\n\n\n<li><strong>Quad 1.0\u03a9 Mesh Coils<\/strong> pour une saveur accrue et une vapeur douce<\/li>\n\n\n\n<li><strong>Batterie rechargeable de 850mAh<\/strong><\/li>\n\n\n\n<li><strong>Chargement rapide USB Type-C<\/strong><\/li>\n\n\n\n<li><strong>\u00c9cran LED intelligent<\/strong> (indicateurs de batterie et d'e-liquide)<\/li>\n\n\n\n<li><strong>Teneur en nicotine :<\/strong> 2%, 3%, 5%<\/li>\n\n\n\n<li><strong>Conforme \u00e0 la DPT<\/strong> (norme UE)<\/li>\n\n\n\n<li><strong>10 variantes d'ar\u00f4mes disponibles<\/strong><\/li>\n\n\n\n<li><strong>Emballage :<\/strong> 10 pi\u00e8ces par bo\u00eete<\/li>\n<\/ul>\n\n\n\n<h3 class=\"wp-block-heading\"><strong>Combinaisons de saveurs<\/strong><\/h3>\n\n\n\n<ul class=\"wp-block-list\">\n<li>Lemon Lime \/ Watermelon Ice \/ Black Dragon Ice \/ Dragon Fruit Strawberry \/ Love 666<\/li>\n\n\n\n<li>Vanille Cola \/ P\u00eache au citron \/ Fraise Framboise Cerise Ice \/ Raisin Ice<\/li>\n\n\n\n<li>Grape Burst \/ Lychee Ice \/ Peach Berry \/ Kiwi Passion Fruit Guava<\/li>\n\n\n\n<li>Glace past\u00e8que \/ Fraise mangue \/ Glace myrtille \/ Cerise p\u00e9tillante<\/li>\n\n\n\n<li>Past\u00e8que \u00e0 la fraise \/ Cola \u00e0 la cerise \/ P\u00eache juteuse \/ Rafra\u00eechissement au pamplemousse<\/li>\n\n\n\n<li>Citron vert \/ Fraise glac\u00e9e \/ Framboise past\u00e8que \/ Cerise p\u00e9tillante<\/li>\n\n\n\n<li>Limonade rose \/ Kiwi fruit de la passion Goyave \/ P\u00eache baie \/ Fraise banane<\/li>\n\n\n\n<li>Mangue fraise \/ Limonade Blue Razz \/ Cr\u00e8me glac\u00e9e \u00e0 la vanille \/ Triple baie acidul\u00e9e<\/li>\n\n\n\n<li>Baies m\u00e9lang\u00e9es \/ Cerise Citron \/ Fraise Kiwi \/ Fraise Past\u00e8que Bubblegum<\/li>\n\n\n\n<li>Mojito \/ Monster Mango \/ Lady Killer \/ Pink Lemonade<\/li>\n<\/ul>\n\n\n\n<h3 class=\"wp-block-heading\"><strong>Id\u00e9al pour<\/strong><\/h3>\n\n\n\n<ul class=\"wp-block-list\">\n<li>Les utilisateurs \u00e0 la recherche de <strong>capacit\u00e9 maximale de bouff\u00e9e<\/strong><\/li>\n\n\n\n<li>Les vapoteurs qui aiment <strong>plusieurs saveurs dans un seul appareil<\/strong><\/li>\n\n\n\n<li>Les d\u00e9taillants et les grossistes recherchent <strong>produits d'\u00e9talage \u00e0 haute valeur ajout\u00e9e<\/strong><\/li>\n\n\n\n<li>March\u00e9s de l'UE exigeant <strong>Dispositifs conformes \u00e0 la DPT<\/strong><\/li>\n<\/ul>\n\n\n\n<p>Les fans des produits Bang explorent souvent notre gamme compl\u00e8te pour trouver la vape id\u00e9ale. Commencez par la <a href=\"https:\/\/vapemaison.com\">page d'accueil<\/a>, D\u00e9couvrez tous les produits de notre <a href=\"https:\/\/vapemaison.com\/shop\">boutique<\/a>, ou de se plonger dans la <a href=\"https:\/\/vapemaison.com\/brand\/bang\">Marque Bang<\/a> pour d\u00e9couvrir l'ensemble de la programmation. Vous cherchez quelque chose de diff\u00e9rent ? Notre <a href=\"https:\/\/vapemaison.com\/brand\/waspe\">Collection WASPE<\/a> et <a href=\"https:\/\/vapemaison.com\/product-category\/puffs-count\/\">Cat\u00e9gorie Puffs<\/a> offrent de nombreuses options pour chaque vapoteur.<\/p>","protected":false},"excerpt":{"rendered":"<p>Profitez de 100 000 bouff\u00e9es et d'un syst\u00e8me d'ar\u00f4mes 4 en 1 unique qui vous permet de passer d'un go\u00fbt \u00e0 l'autre dans un dispositif intelligent et conforme \u00e0 la directive TPD. Achetez cette machine de grande capacit\u00e9 d\u00e8s aujourd'hui pour am\u00e9liorer votre exp\u00e9rience gr\u00e2ce \u00e0 notre garantie d'exp\u00e9dition rapide avant que le prochain lot ne soit \u00e9puis\u00e9.<\/p>","protected":false},"featured_media":18944,"comment_status":"open","ping_status":"closed","template":"","meta":[],"product_brand":[57],"product_cat":[151],"product_tag":[],"class_list":{"0":"post-18935","1":"product","2":"type-product","3":"status-publish","4":"has-post-thumbnail","6":"product_brand-bang","7":"product_cat-100k-puffs","9":"first","10":"instock","11":"sale","12":"featured","13":"shipping-taxable","14":"purchasable","15":"product-type-variable"},"yoast_head":"<!-- This site is optimized with the Yoast SEO plugin v27.4 - https:\/\/yoast.com\/product\/yoast-seo-wordpress\/ -->\n<title>Bang Leader Stoll 100K Disposable Vape \u2013 4-in-1 Flavor<\/title>\n<meta name=\"description\" content=\"Bang Leader Stoll 100K disposable vape delivers up to 100,000 puffs with 4-in-1 flavor design, smooth vapor, and powerful performance for long-term vaping.\" \/>\n<meta name=\"robots\" content=\"index, follow, max-snippet:-1, max-image-preview:large, max-video-preview:-1\" \/>\n<link rel=\"canonical\" href=\"https:\/\/vapemaison.com\/fr\/produit\/bang-leader-stoll-100k-100000-puffs-4-in-1-flavors-led-display-disposable-vape\/\" \/>\n<meta property=\"og:locale\" content=\"fr_FR\" \/>\n<meta property=\"og:type\" content=\"article\" \/>\n<meta property=\"og:title\" content=\"Bang Leader Stoll 100K Disposable Vape \u2013 4-in-1 Flavor\" \/>\n<meta property=\"og:description\" content=\"Bang Leader Stoll 100K disposable vape delivers up to 100,000 puffs with 4-in-1 flavor design, smooth vapor, and powerful performance for long-term vaping.\" \/>\n<meta property=\"og:url\" content=\"https:\/\/vapemaison.com\/fr\/produit\/bang-leader-stoll-100k-100000-puffs-4-in-1-flavors-led-display-disposable-vape\/\" \/>\n<meta property=\"og:site_name\" content=\"VapeMaison\" \/>\n<meta property=\"article:modified_time\" content=\"2026-01-09T08:34:20+00:00\" \/>\n<meta property=\"og:image\" content=\"https:\/\/vapemaison.com\/wp-content\/uploads\/2025\/12\/bang-leader-stoll-100k-100000-puffs-strawberry-mango-blue-razz-lemonade-vanilla-ice-cream-sour-triple-berry.jpg.webp\" \/>\n\t<meta property=\"og:image:width\" content=\"800\" \/>\n\t<meta property=\"og:image:height\" content=\"800\" \/>\n\t<meta property=\"og:image:type\" content=\"image\/webp\" \/>\n<meta name=\"twitter:card\" content=\"summary_large_image\" \/>\n<meta name=\"twitter:label1\" content=\"Dur\u00e9e de lecture estim\u00e9e\" \/>\n\t<meta name=\"twitter:data1\" content=\"3 minutes\" \/>\n<!-- \/ Yoast SEO plugin. -->","yoast_head_json":{"title":"Bang Leader Stoll 100K Vape jetable - 4-in-1 Flavor","description":"Le Bang Leader Stoll 100K offre jusqu'\u00e0 100 000 bouff\u00e9es avec un design 4-en-1, une vapeur douce et une performance puissante pour le vapotage \u00e0 long terme.","robots":{"index":"index","follow":"follow","max-snippet":"max-snippet:-1","max-image-preview":"max-image-preview:large","max-video-preview":"max-video-preview:-1"},"canonical":"https:\/\/vapemaison.com\/fr\/produit\/bang-leader-stoll-100k-100000-puffs-4-in-1-flavors-led-display-disposable-vape\/","og_locale":"fr_FR","og_type":"article","og_title":"Bang Leader Stoll 100K Disposable Vape \u2013 4-in-1 Flavor","og_description":"Bang Leader Stoll 100K disposable vape delivers up to 100,000 puffs with 4-in-1 flavor design, smooth vapor, and powerful performance for long-term vaping.","og_url":"https:\/\/vapemaison.com\/fr\/produit\/bang-leader-stoll-100k-100000-puffs-4-in-1-flavors-led-display-disposable-vape\/","og_site_name":"VapeMaison","article_modified_time":"2026-01-09T08:34:20+00:00","og_image":[{"width":800,"height":800,"url":"https:\/\/vapemaison.com\/wp-content\/uploads\/2025\/12\/bang-leader-stoll-100k-100000-puffs-strawberry-mango-blue-razz-lemonade-vanilla-ice-cream-sour-triple-berry.jpg.webp","type":"image\/webp"}],"twitter_card":"summary_large_image","twitter_misc":{"Dur\u00e9e de lecture estim\u00e9e":"3 minutes"},"schema":{"@context":"https:\/\/schema.org","@graph":[{"@type":"WebPage","@id":"https:\/\/vapemaison.com\/product\/bang-leader-stoll-100k-100000-puffs-4-in-1-flavors-led-display-disposable-vape\/","url":"https:\/\/vapemaison.com\/product\/bang-leader-stoll-100k-100000-puffs-4-in-1-flavors-led-display-disposable-vape\/","name":"Bang Leader Stoll 100K Vape jetable - 4-in-1 Flavor","isPartOf":{"@id":"https:\/\/vapemaison.com\/#website"},"primaryImageOfPage":{"@id":"https:\/\/vapemaison.com\/product\/bang-leader-stoll-100k-100000-puffs-4-in-1-flavors-led-display-disposable-vape\/#primaryimage"},"image":{"@id":"https:\/\/vapemaison.com\/product\/bang-leader-stoll-100k-100000-puffs-4-in-1-flavors-led-display-disposable-vape\/#primaryimage"},"thumbnailUrl":"https:\/\/vapemaison.com\/wp-content\/uploads\/2025\/12\/bang-leader-stoll-100k-100000-puffs-strawberry-mango-blue-razz-lemonade-vanilla-ice-cream-sour-triple-berry.jpg.webp","datePublished":"2025-12-17T05:56:45+00:00","dateModified":"2026-01-09T08:34:20+00:00","description":"Le Bang Leader Stoll 100K offre jusqu'\u00e0 100 000 bouff\u00e9es avec un design 4-en-1, une vapeur douce et une performance puissante pour le vapotage \u00e0 long terme.","breadcrumb":{"@id":"https:\/\/vapemaison.com\/product\/bang-leader-stoll-100k-100000-puffs-4-in-1-flavors-led-display-disposable-vape\/#breadcrumb"},"inLanguage":"fr-FR","potentialAction":[{"@type":"ReadAction","target":["https:\/\/vapemaison.com\/product\/bang-leader-stoll-100k-100000-puffs-4-in-1-flavors-led-display-disposable-vape\/"]}]},{"@type":"ImageObject","inLanguage":"fr-FR","@id":"https:\/\/vapemaison.com\/product\/bang-leader-stoll-100k-100000-puffs-4-in-1-flavors-led-display-disposable-vape\/#primaryimage","url":"https:\/\/vapemaison.com\/wp-content\/uploads\/2025\/12\/bang-leader-stoll-100k-100000-puffs-strawberry-mango-blue-razz-lemonade-vanilla-ice-cream-sour-triple-berry.jpg.webp","contentUrl":"https:\/\/vapemaison.com\/wp-content\/uploads\/2025\/12\/bang-leader-stoll-100k-100000-puffs-strawberry-mango-blue-razz-lemonade-vanilla-ice-cream-sour-triple-berry.jpg.webp","width":800,"height":800,"caption":"Bang Leader Stoll 100k Puffs Strawberry Mango Blue Razz Lemonade Vanilla Ice Cream Sour Triple Berry.jpg Disposable"},{"@type":"BreadcrumbList","@id":"https:\/\/vapemaison.com\/product\/bang-leader-stoll-100k-100000-puffs-4-in-1-flavors-led-display-disposable-vape\/#breadcrumb","itemListElement":[{"@type":"ListItem","position":1,"name":"\u9996\u9875","item":"https:\/\/vapemaison.com\/"},{"@type":"ListItem","position":2,"name":"Shop","item":"https:\/\/vapemaison.com\/shop\/"},{"@type":"ListItem","position":3,"name":"Bang","item":"https:\/\/vapemaison.com\/brand\/bang\/"},{"@type":"ListItem","position":4,"name":"Bang Leader Stoll 100K 100000 Puffs 4 in 1 Flavors &amp; LED Display Disposable Vape"}]},{"@type":"WebSite","@id":"https:\/\/vapemaison.com\/#website","url":"https:\/\/vapemaison.com\/","name":"VapeMaison","description":"Appareils et accessoires de vapotage haut de gamme","publisher":{"@id":"https:\/\/vapemaison.com\/#organization"},"potentialAction":[{"@type":"SearchAction","target":{"@type":"EntryPoint","urlTemplate":"https:\/\/vapemaison.com\/?s={search_term_string}"},"query-input":{"@type":"PropertyValueSpecification","valueRequired":true,"valueName":"search_term_string"}}],"inLanguage":"fr-FR"},{"@type":"Organization","@id":"https:\/\/vapemaison.com\/#organization","name":"VapeMaison","url":"https:\/\/vapemaison.com\/","logo":{"@type":"ImageObject","inLanguage":"fr-FR","@id":"https:\/\/vapemaison.com\/#\/schema\/logo\/image\/","url":"https:\/\/vapemaison.com\/wp-content\/uploads\/2026\/01\/cropped-vapemaison-logo-g-2026.webp","contentUrl":"https:\/\/vapemaison.com\/wp-content\/uploads\/2026\/01\/cropped-vapemaison-logo-g-2026.webp","width":350,"height":280,"caption":"VapeMaison"},"image":{"@id":"https:\/\/vapemaison.com\/#\/schema\/logo\/image\/"},"sameAs":["https:\/\/www.youtube.com\/@VapeMaison"]}]}},"tiered_pricing_type":"fixed","tiered_pricing_fixed_rules":{"30":"10.65","50":"9.72","100":"8.98","200":"8.36"},"tiered_pricing_product_settings":{"layout":"default","base_unit_name":{"singular":null,"plural":null},"default_variation":null},"tiered_pricing_minimum_quantity":10,"tiered_pricing_roles_data":[],"tiered_pricing_percentage_rules":[],"tiered_pricing_maximum_quantity":null,"tiered_pricing_quantity_step":"10","_links":{"self":[{"href":"https:\/\/vapemaison.com\/fr\/wp-json\/wp\/v2\/product\/18935","targetHints":{"allow":["GET"]}}],"collection":[{"href":"https:\/\/vapemaison.com\/fr\/wp-json\/wp\/v2\/product"}],"about":[{"href":"https:\/\/vapemaison.com\/fr\/wp-json\/wp\/v2\/types\/product"}],"replies":[{"embeddable":true,"href":"https:\/\/vapemaison.com\/fr\/wp-json\/wp\/v2\/comments?post=18935"}],"version-history":[{"count":0,"href":"https:\/\/vapemaison.com\/fr\/wp-json\/wp\/v2\/product\/18935\/revisions"}],"wp:featuredmedia":[{"embeddable":true,"href":"https:\/\/vapemaison.com\/fr\/wp-json\/wp\/v2\/media\/18944"}],"wp:attachment":[{"href":"https:\/\/vapemaison.com\/fr\/wp-json\/wp\/v2\/media?parent=18935"}],"wp:term":[{"taxonomy":"product_brand","embeddable":true,"href":"https:\/\/vapemaison.com\/fr\/wp-json\/wp\/v2\/product_brand?post=18935"},{"taxonomy":"product_cat","embeddable":true,"href":"https:\/\/vapemaison.com\/fr\/wp-json\/wp\/v2\/product_cat?post=18935"},{"taxonomy":"product_tag","embeddable":true,"href":"https:\/\/vapemaison.com\/fr\/wp-json\/wp\/v2\/product_tag?post=18935"}],"curies":[{"name":"wp","href":"https:\/\/api.w.org\/{rel}","templated":true}]}}