

{"id":18980,"date":"2025-12-17T07:00:30","date_gmt":"2025-12-17T07:00:30","guid":{"rendered":"https:\/\/vapemaison.com\/?post_type=product&#038;p=18980"},"modified":"2026-01-09T08:34:11","modified_gmt":"2026-01-09T08:34:11","slug":"bang-leader-stoll-120k-jetable-vape-dual-flavor","status":"publish","type":"product","link":"https:\/\/vapemaison.com\/fr\/product\/bang-leader-stoll-120k-disposable-vape-dual-flavor\/","title":{"rendered":"Bang Leader Stoll 120K Vape jetable - Dual Flavor"},"content":{"rendered":"<p>Le <strong>Bang Leader Stoll 120K Vape jetable<\/strong> est con\u00e7u pour les utilisateurs qui recherchent une endurance maximale, des performances fluides et une libert\u00e9 de go\u00fbt totale dans un seul appareil. Avec une capacit\u00e9 ultra-haute de <strong>jusqu'\u00e0 120 000 bouff\u00e9es<\/strong>, Il offre une satisfaction \u00e0 long terme sans n\u00e9cessiter de remplacements fr\u00e9quents, ce qui le rend id\u00e9al pour les utilisateurs quotidiens comme pour les utilisateurs intensifs.<\/p>\n\n\n\n<p>Ce qui distingue vraiment le Stoll 120K, c'est son <strong>Interrupteur \u00e0 glissi\u00e8re magn\u00e9tique \u00e0 deux ar\u00f4mes<\/strong>. D'un simple glissement, vous pouvez passer instantan\u00e9ment de <strong>deux saveurs diff\u00e9rentes<\/strong> en un seul appareil - pas de changement de pods, pas d'interruptions. Chaque unit\u00e9 est \u00e9quip\u00e9e de <strong>deux dosettes pr\u00e9-remplies<\/strong>, Vous pouvez ainsi varier et contr\u00f4ler votre consommation tout au long de la journ\u00e9e.<\/p>\n\n\n\n<p>Aliment\u00e9 par un <strong>syst\u00e8me avanc\u00e9 de bobines \u00e0 mailles<\/strong>, Chaque tirage est doux, savoureux et constant de la premi\u00e8re \u00e0 la derni\u00e8re bouff\u00e9e. Les <strong>\u00c9cran OLED intelligent<\/strong> vous permet de tout savoir en un coup d'\u0153il, en affichant le niveau de la batterie, l'\u00e9tat de l'e-liquide et le canal d'ar\u00f4me actif, afin que vous gardiez toujours le contr\u00f4le de votre session.<\/p>\n\n\n\n<p>Con\u00e7u dans un souci de durabilit\u00e9, le Stoll 120K est dot\u00e9 d'un syst\u00e8me d'alimentation en eau et d'\u00e9vacuation des eaux us\u00e9es. <strong>structure anti-fuite renforc\u00e9e<\/strong> pour minimiser le d\u00e9sordre et les d\u00e9chets. Sa finition mate ergonomique offre une prise en main confortable et une sensation de qualit\u00e9 et de modernit\u00e9. Avec plusieurs options de nicotine et une large gamme de combinaisons d'ar\u00f4mes, il offre une exp\u00e9rience de vapotage flexible et satisfaisante pour toutes les pr\u00e9f\u00e9rences.<\/p>\n\n\n\n<p>Qu'il s'agisse d'un usage personnel ou d'une pr\u00e9sentation au d\u00e9tail, le Bang Leader Stoll 120K combine les \u00e9l\u00e9ments suivants <strong>Capacit\u00e9 massive, innovation en mati\u00e8re d'ar\u00f4mes doubles et facilit\u00e9 d'utilisation<\/strong> dans une puissante vape jetable.<\/p>\n\n\n\n<h3 class=\"wp-block-heading\"><strong>Faits marquants<\/strong><\/h3>\n\n\n\n<ul class=\"wp-block-list\">\n<li>Jusqu'\u00e0 <strong>120 000 bouff\u00e9es<\/strong> pour une utilisation ultra-longue<\/li>\n\n\n\n<li><strong>Interrupteur \u00e0 glissi\u00e8re \u00e0 double saveur<\/strong> pour des changements de go\u00fbt instantan\u00e9s<\/li>\n\n\n\n<li>Vapeur douce et riche gr\u00e2ce \u00e0 la technologie avanc\u00e9e de la bobine en maille<\/li>\n\n\n\n<li>\u00c9cran OLED intelligent pour un contr\u00f4le en temps r\u00e9el de l'\u00e9tat de l'appareil<\/li>\n\n\n\n<li>Conception anti-fuite avec finition matte ergonomique<\/li>\n\n\n\n<li>Disponible en <strong>2%, 3% et 5% (taux de nicotine)<\/strong><\/li>\n\n\n\n<li><strong>12 combinaisons \u00e0 double saveur<\/strong> disponible<\/li>\n\n\n\n<li>Emballage : <strong>10 pi\u00e8ces par bo\u00eete<\/strong><\/li>\n<\/ul>\n\n\n\n<h3 class=\"wp-block-heading\"><strong>Combinaisons d'ar\u00f4mes disponibles<\/strong><\/h3>\n\n\n\n<ul class=\"wp-block-list\">\n<li>Blue Razz &amp; Love 66<\/li>\n\n\n\n<li>Fraise Cerise &amp; Kiwi Fruit de la passion Goyave<\/li>\n\n\n\n<li>Gomme \u00e0 m\u00e2cher \u00e0 la past\u00e8que et fruits m\u00e9lang\u00e9s<\/li>\n\n\n\n<li>Fiesta de fraises, bananes et cerises<\/li>\n\n\n\n<li>Past\u00e8que glac\u00e9e et p\u00eache mangue<\/li>\n\n\n\n<li>Glace \u00e0 la myrtille et citron \u00e0 la framboise<\/li>\n\n\n\n<li>\u00c9nergie rouge et glace au raisin<\/li>\n\n\n\n<li>Soda \u00e0 la fraise, \u00e0 la past\u00e8que et \u00e0 l'orange<\/li>\n\n\n\n<li>Cola Ice &amp; Cerise Canneberge<\/li>\n\n\n\n<li>Glace de myrtille et cassis<\/li>\n\n\n\n<li>Mojito \u00e0 la framboise Peach Ice &amp; Lady Killer<\/li>\n\n\n\n<li>Glace \u00e0 la past\u00e8que et Mamba \u00e0 la fraise<\/li>\n<\/ul>\n\n\n\n<p>Les fans des produits Bang explorent souvent notre gamme compl\u00e8te pour trouver la vape id\u00e9ale. Commencez par la <a href=\"https:\/\/vapemaison.com\">page d'accueil<\/a>, D\u00e9couvrez tous les produits de notre <a href=\"https:\/\/vapemaison.com\/shop\">boutique<\/a>, ou de se plonger dans la <a href=\"https:\/\/vapemaison.com\/brand\/bang\">Marque Bang<\/a> pour d\u00e9couvrir l'ensemble de la programmation. Vous cherchez quelque chose de diff\u00e9rent ? Notre <a href=\"https:\/\/vapemaison.com\/brand\/waspe\">Collection WASPE<\/a> et <a href=\"https:\/\/vapemaison.com\/product-category\/puffs-count\/\">Cat\u00e9gorie Puffs<\/a> offrent de nombreuses options pour chaque vapoteur.<\/p>\n\n\n\n<p><\/p>","protected":false},"excerpt":{"rendered":"<p>Passez instantan\u00e9ment d'une saveur \u00e0 l'autre gr\u00e2ce \u00e0 120 000 bouff\u00e9es de vapeur douce et constante et \u00e0 un \u00e9cran OLED intelligent pour un contr\u00f4le total. Procurez-vous la v\u00f4tre d\u00e8s aujourd'hui pour profiter de la vape la plus durable du march\u00e9 et b\u00e9n\u00e9ficiez de la livraison gratuite jusqu'\u00e0 \u00e9puisement des stocks.<\/p>","protected":false},"featured_media":18987,"comment_status":"open","ping_status":"closed","template":"","meta":[],"product_brand":[57],"product_cat":[153],"product_tag":[],"class_list":{"0":"post-18980","1":"product","2":"type-product","3":"status-publish","4":"has-post-thumbnail","6":"product_brand-bang","7":"product_cat-120k-puffs","9":"first","10":"instock","11":"sale","12":"featured","13":"shipping-taxable","14":"purchasable","15":"product-type-variable"},"yoast_head":"<!-- This site is optimized with the Yoast SEO plugin v27.4 - https:\/\/yoast.com\/product\/yoast-seo-wordpress\/ -->\n<title>Bang Leader Stoll 120K 120000 Puffs Disposable Vap - Vapemaison<\/title>\n<meta name=\"description\" content=\"Experience extreme longevity with the Bang Leader Stoll 120K disposable vape. Dual-flavor slide switch, and up to 120k puffs in one premium device.\" \/>\n<meta name=\"robots\" content=\"index, follow, max-snippet:-1, max-image-preview:large, max-video-preview:-1\" \/>\n<link rel=\"canonical\" href=\"https:\/\/vapemaison.com\/fr\/produit\/bang-leader-stoll-120k-jetable-vape-dual-flavor\/\" \/>\n<meta property=\"og:locale\" content=\"fr_FR\" \/>\n<meta property=\"og:type\" content=\"article\" \/>\n<meta property=\"og:title\" content=\"Bang Leader Stoll 120K 120000 Puffs Disposable Vap - Vapemaison\" \/>\n<meta property=\"og:description\" content=\"Experience extreme longevity with the Bang Leader Stoll 120K disposable vape. Dual-flavor slide switch, and up to 120k puffs in one premium device.\" \/>\n<meta property=\"og:url\" content=\"https:\/\/vapemaison.com\/fr\/produit\/bang-leader-stoll-120k-jetable-vape-dual-flavor\/\" \/>\n<meta property=\"og:site_name\" content=\"VapeMaison\" \/>\n<meta property=\"article:modified_time\" content=\"2026-01-09T08:34:11+00:00\" \/>\n<meta property=\"og:image\" content=\"https:\/\/vapemaison.com\/wp-content\/uploads\/2025\/12\/bang-leader-stoll-120k-120000-puff-raspberry-mojito-peach-ice-lady-killer-654x690.jpg.webp\" \/>\n\t<meta property=\"og:image:width\" content=\"654\" \/>\n\t<meta property=\"og:image:height\" content=\"690\" \/>\n\t<meta property=\"og:image:type\" content=\"image\/webp\" \/>\n<meta name=\"twitter:card\" content=\"summary_large_image\" \/>\n<meta name=\"twitter:label1\" content=\"Dur\u00e9e de lecture estim\u00e9e\" \/>\n\t<meta name=\"twitter:data1\" content=\"2 minutes\" \/>\n<!-- \/ Yoast SEO plugin. -->","yoast_head_json":{"title":"Bang Leader Stoll 120K 120000 Puffs Disposable Vap - Vapemaison","description":"Faites l'exp\u00e9rience d'une long\u00e9vit\u00e9 extr\u00eame avec la vape jetable Bang Leader Stoll 120K. Un interrupteur \u00e0 glissi\u00e8re \u00e0 deux saveurs et jusqu'\u00e0 120 000 bouff\u00e9es dans un appareil de premi\u00e8re qualit\u00e9.","robots":{"index":"index","follow":"follow","max-snippet":"max-snippet:-1","max-image-preview":"max-image-preview:large","max-video-preview":"max-video-preview:-1"},"canonical":"https:\/\/vapemaison.com\/fr\/produit\/bang-leader-stoll-120k-jetable-vape-dual-flavor\/","og_locale":"fr_FR","og_type":"article","og_title":"Bang Leader Stoll 120K 120000 Puffs Disposable Vap - Vapemaison","og_description":"Experience extreme longevity with the Bang Leader Stoll 120K disposable vape. Dual-flavor slide switch, and up to 120k puffs in one premium device.","og_url":"https:\/\/vapemaison.com\/fr\/produit\/bang-leader-stoll-120k-jetable-vape-dual-flavor\/","og_site_name":"VapeMaison","article_modified_time":"2026-01-09T08:34:11+00:00","og_image":[{"width":654,"height":690,"url":"https:\/\/vapemaison.com\/wp-content\/uploads\/2025\/12\/bang-leader-stoll-120k-120000-puff-raspberry-mojito-peach-ice-lady-killer-654x690.jpg.webp","type":"image\/webp"}],"twitter_card":"summary_large_image","twitter_misc":{"Dur\u00e9e de lecture estim\u00e9e":"2 minutes"},"schema":{"@context":"https:\/\/schema.org","@graph":[{"@type":"WebPage","@id":"https:\/\/vapemaison.com\/product\/bang-leader-stoll-120k-disposable-vape-dual-flavor\/","url":"https:\/\/vapemaison.com\/product\/bang-leader-stoll-120k-disposable-vape-dual-flavor\/","name":"Bang Leader Stoll 120K 120000 Puffs Disposable Vap - Vapemaison","isPartOf":{"@id":"https:\/\/vapemaison.com\/#website"},"primaryImageOfPage":{"@id":"https:\/\/vapemaison.com\/product\/bang-leader-stoll-120k-disposable-vape-dual-flavor\/#primaryimage"},"image":{"@id":"https:\/\/vapemaison.com\/product\/bang-leader-stoll-120k-disposable-vape-dual-flavor\/#primaryimage"},"thumbnailUrl":"https:\/\/vapemaison.com\/wp-content\/uploads\/2025\/12\/bang-leader-stoll-120k-120000-puff-raspberry-mojito-peach-ice-lady-killer-654x690.jpg.webp","datePublished":"2025-12-17T07:00:30+00:00","dateModified":"2026-01-09T08:34:11+00:00","description":"Faites l'exp\u00e9rience d'une long\u00e9vit\u00e9 extr\u00eame avec la vape jetable Bang Leader Stoll 120K. Un interrupteur \u00e0 glissi\u00e8re \u00e0 deux saveurs et jusqu'\u00e0 120 000 bouff\u00e9es dans un appareil de premi\u00e8re qualit\u00e9.","breadcrumb":{"@id":"https:\/\/vapemaison.com\/product\/bang-leader-stoll-120k-disposable-vape-dual-flavor\/#breadcrumb"},"inLanguage":"fr-FR","potentialAction":[{"@type":"ReadAction","target":["https:\/\/vapemaison.com\/product\/bang-leader-stoll-120k-disposable-vape-dual-flavor\/"]}]},{"@type":"ImageObject","inLanguage":"fr-FR","@id":"https:\/\/vapemaison.com\/product\/bang-leader-stoll-120k-disposable-vape-dual-flavor\/#primaryimage","url":"https:\/\/vapemaison.com\/wp-content\/uploads\/2025\/12\/bang-leader-stoll-120k-120000-puff-raspberry-mojito-peach-ice-lady-killer-654x690.jpg.webp","contentUrl":"https:\/\/vapemaison.com\/wp-content\/uploads\/2025\/12\/bang-leader-stoll-120k-120000-puff-raspberry-mojito-peach-ice-lady-killer-654x690.jpg.webp","width":654,"height":690,"caption":"bang-leader-stoll-120k-120000-puff-raspberry-mojito-peach-ice-lady-killer-654x690.jpg"},{"@type":"BreadcrumbList","@id":"https:\/\/vapemaison.com\/product\/bang-leader-stoll-120k-disposable-vape-dual-flavor\/#breadcrumb","itemListElement":[{"@type":"ListItem","position":1,"name":"\u9996\u9875","item":"https:\/\/vapemaison.com\/"},{"@type":"ListItem","position":2,"name":"Shop","item":"https:\/\/vapemaison.com\/shop\/"},{"@type":"ListItem","position":3,"name":"Bang","item":"https:\/\/vapemaison.com\/brand\/bang\/"},{"@type":"ListItem","position":4,"name":"Bang Leader Stoll 120K Disposable Vape \u2013 Dual Flavor"}]},{"@type":"WebSite","@id":"https:\/\/vapemaison.com\/#website","url":"https:\/\/vapemaison.com\/","name":"VapeMaison","description":"Appareils et accessoires de vapotage haut de gamme","publisher":{"@id":"https:\/\/vapemaison.com\/#organization"},"potentialAction":[{"@type":"SearchAction","target":{"@type":"EntryPoint","urlTemplate":"https:\/\/vapemaison.com\/?s={search_term_string}"},"query-input":{"@type":"PropertyValueSpecification","valueRequired":true,"valueName":"search_term_string"}}],"inLanguage":"fr-FR"},{"@type":"Organization","@id":"https:\/\/vapemaison.com\/#organization","name":"VapeMaison","url":"https:\/\/vapemaison.com\/","logo":{"@type":"ImageObject","inLanguage":"fr-FR","@id":"https:\/\/vapemaison.com\/#\/schema\/logo\/image\/","url":"https:\/\/vapemaison.com\/wp-content\/uploads\/2026\/01\/cropped-vapemaison-logo-g-2026.webp","contentUrl":"https:\/\/vapemaison.com\/wp-content\/uploads\/2026\/01\/cropped-vapemaison-logo-g-2026.webp","width":350,"height":280,"caption":"VapeMaison"},"image":{"@id":"https:\/\/vapemaison.com\/#\/schema\/logo\/image\/"},"sameAs":["https:\/\/www.youtube.com\/@VapeMaison"]}]}},"tiered_pricing_type":"fixed","tiered_pricing_fixed_rules":{"30":"9.24","50":"8.98","100":"8.36","200":"7.99"},"tiered_pricing_product_settings":{"layout":"default","base_unit_name":{"singular":null,"plural":null},"default_variation":null},"tiered_pricing_minimum_quantity":10,"tiered_pricing_roles_data":[],"tiered_pricing_percentage_rules":[],"tiered_pricing_maximum_quantity":null,"tiered_pricing_quantity_step":"10","_links":{"self":[{"href":"https:\/\/vapemaison.com\/fr\/wp-json\/wp\/v2\/product\/18980","targetHints":{"allow":["GET"]}}],"collection":[{"href":"https:\/\/vapemaison.com\/fr\/wp-json\/wp\/v2\/product"}],"about":[{"href":"https:\/\/vapemaison.com\/fr\/wp-json\/wp\/v2\/types\/product"}],"replies":[{"embeddable":true,"href":"https:\/\/vapemaison.com\/fr\/wp-json\/wp\/v2\/comments?post=18980"}],"version-history":[{"count":0,"href":"https:\/\/vapemaison.com\/fr\/wp-json\/wp\/v2\/product\/18980\/revisions"}],"wp:featuredmedia":[{"embeddable":true,"href":"https:\/\/vapemaison.com\/fr\/wp-json\/wp\/v2\/media\/18987"}],"wp:attachment":[{"href":"https:\/\/vapemaison.com\/fr\/wp-json\/wp\/v2\/media?parent=18980"}],"wp:term":[{"taxonomy":"product_brand","embeddable":true,"href":"https:\/\/vapemaison.com\/fr\/wp-json\/wp\/v2\/product_brand?post=18980"},{"taxonomy":"product_cat","embeddable":true,"href":"https:\/\/vapemaison.com\/fr\/wp-json\/wp\/v2\/product_cat?post=18980"},{"taxonomy":"product_tag","embeddable":true,"href":"https:\/\/vapemaison.com\/fr\/wp-json\/wp\/v2\/product_tag?post=18980"}],"curies":[{"name":"wp","href":"https:\/\/api.w.org\/{rel}","templated":true}]}}