

{"id":20146,"date":"2025-12-22T08:00:11","date_gmt":"2025-12-22T08:00:11","guid":{"rendered":"https:\/\/vapemaison.com\/?post_type=product&#038;p=20146"},"modified":"2026-04-15T10:42:53","modified_gmt":"2026-04-15T10:42:53","slug":"waspe-fihp-40000-puffs-40k-jetable-vape-wholesale-copy","status":"publish","type":"product","link":"https:\/\/vapemaison.com\/fr\/product\/waspe-fihp-40000-puffs-40k-disposable-vape-wholesale-copy\/","title":{"rendered":"Waspe FIHP 40000 Puffs 40K Vape jetable Wholesale"},"content":{"rendered":"<h3 class=\"wp-block-heading\"><strong>WASPE FIHP 40000 Puffs Vape jetable - Dual Flavor, Dual Coil, Dual Power<\/strong><\/h3>\n\n\n\n<p>Le <strong><a href=\"https:\/\/vapemaison.com\/brand\/waspe\/\">WASPE<\/a> FIHP 40000 Puffs Vape jetable<\/strong> red\u00e9finit la commodit\u00e9 et la performance.<br>Avec <strong>jusqu'\u00e0 40 000 bouff\u00e9es<\/strong>, <strong>dosettes \u00e0 double ar\u00f4me<\/strong>, et un <strong>\u00e9cran LED intelligent<\/strong>, Il est con\u00e7u pour les vapoteurs qui attendent de l'innovation et de la fiabilit\u00e9 dans un appareil \u00e9l\u00e9gant.<\/p>\n\n\n\n<p>Appr\u00e9ciez <strong>deux saveurs dans une seule vape<\/strong> - Il suffit de tourner l'embout pour passer instantan\u00e9ment d'une dosette \u00e0 l'autre. Chaque dosette d\u00e9livre <strong>vapeur douce et savoureuse<\/strong> aliment\u00e9 par <strong>double bobine de 0,9\u03a9<\/strong>, Ce qui permet d'obtenir des nuages denses et un go\u00fbt constant \u00e0 chaque tirage.<\/p>\n\n\n\n<p>Avec <strong>36mL d'e-liquide premium<\/strong> et un <strong>Batterie rechargeable de 850mAh<\/strong>, Le WASPE FIHP 40000 offre des sessions de longue dur\u00e9e sans interruption.<br>Son <strong>Chargement rapide de type C<\/strong> vous maintient sous tension, tandis que le <strong>\u00c9cran LED<\/strong> affiche les niveaux de batterie et d'e-liquide en temps r\u00e9el pour un contr\u00f4le sans effort.<\/p>\n\n\n\n<p>Disponible en <strong>0%, 2%, et 5% taux de nicotine<\/strong>, et <strong>16 saveurs diff\u00e9rentes<\/strong>, Cet appareil vous offre une libert\u00e9 totale pour personnaliser votre exp\u00e9rience de vapotage, qu'elle soit douce et fruit\u00e9e ou glaciale et glac\u00e9e.<\/p>\n\n\n\n<h2 class=\"wp-block-heading\">VASPE FIHP 40000 40K Vape jetable D\u00e9tails rapides<\/h2>\n\n\n\n<ul class=\"wp-block-list\">\n<li>Deux dosettes, deux ar\u00f4mes<\/li>\n\n\n\n<li>Teneur en nicotine : 0%\/2%\/5%<\/li>\n\n\n\n<li>Puffs Deliers : 40000 bouff\u00e9es<\/li>\n\n\n\n<li>Capacit\u00e9 d'e-liquide : 36 mL<\/li>\n\n\n\n<li>Deux bobines de 0,9 ohm pour des tirages fluides et savoureux<\/li>\n\n\n\n<li>Type-C rechargeable pour une charge rapide<\/li>\n\n\n\n<li>Batterie rechargeable de 850mAh<\/li>\n\n\n\n<li>L'\u00e9cran LED intelligent indique l'autonomie de la batterie et les niveaux d'e-liquide<\/li>\n\n\n\n<li>16 saveurs au choix<\/li>\n<\/ul>\n\n\n\n<h2 class=\"wp-block-heading\">Saveurs disponibles<\/h2>\n\n\n\n<ol class=\"wp-block-list\">\n<li>Glace \u00e0 la past\u00e8que et citron vert<\/li>\n\n\n\n<li>Glace \u00e0 la cerise p\u00e9tillante et barbe \u00e0 papa aux myrtilles<\/li>\n\n\n\n<li>Fraise Past\u00e8que &amp; Myrtille Framboise<\/li>\n\n\n\n<li>Red Bull Ice &amp; Fraise Mangue<\/li>\n\n\n\n<li>P\u00eache glac\u00e9e et ananas mangue p\u00eache<\/li>\n\n\n\n<li>Raisin glac\u00e9 et fraise kiwi<\/li>\n\n\n\n<li>Baies m\u00e9lang\u00e9es et glace double pomme<\/li>\n\n\n\n<li>Limonade Blue Razz et melon d'eau Bubblegum<\/li>\n\n\n\n<li>Fraise Framboise Cerise &amp; Amour 666<\/li>\n\n\n\n<li>Glace fraise-banane-ananas-coco<\/li>\n\n\n\n<li>Fraise, past\u00e8que, chewing-gum et fruits m\u00e9lang\u00e9s<\/li>\n\n\n\n<li>Glace au cerisier et bonbons \u00e0 la fraise et \u00e0 la framboise<\/li>\n\n\n\n<li>Pomme acide, framboise et fraise Big Bang<\/li>\n\n\n\n<li>P\u00eache, baies et past\u00e8que Mangue, p\u00eache<\/li>\n\n\n\n<li>Glace aux myrtilles et glace au dragon noir<\/li>\n\n\n\n<li>Fraise, cerise et kiwi, fruit de la passion<\/li>\n\n\n\n<li>Ours en gomme et cola \u00e0 la fraise<\/li>\n\n\n\n<li>Banane Ananas Ice &amp; Red Bull Ice<\/li>\n\n\n\n<li>Red Bull Fraise &amp; Cassis Ice<\/li>\n\n\n\n<li>Glace triple melon et past\u00e8que framboise<\/li>\n<\/ol>\n\n\n\n<h2 class=\"wp-block-heading\">D\u00e9tails de l'emballage<\/h2>\n\n\n\n<ul class=\"wp-block-list\">\n<li>Poids du produit : 120g\/pcs<\/li>\n\n\n\n<li>Taille du produit : 61*31*115mm<\/li>\n\n\n\n<li>1PC\/ bo\u00eete individuelle<\/li>\n\n\n\n<li>10PCS\/ Bo\u00eete de pr\u00e9sentation<\/li>\n\n\n\n<li>QT\u00c9 : 160pcs\/ctn, 10pcs\/box<\/li>\n\n\n\n<li>Poids : 20 kg<\/li>\n<\/ul>\n\n\n\n<p>D\u00e9couvrez le vaping haut de gamme sur <a href=\"https:\/\/vapemaison.com\/\">VapeMaison<\/a>, Le site web de la Commission europ\u00e9enne, votre destination pour la qualit\u00e9 et l'innovation. D\u00e9couvrez notre s\u00e9lection compl\u00e8te sur le site <a href=\"https:\/\/vapemaison.com\/shop\/\">Boutique<\/a> ou de consulter la populaire page <a href=\"https:\/\/vapemaison.com\/brand\/bang\/\">Bang<\/a> et <a href=\"https:\/\/vapemaison.com\/brand\/waspe\/\">WASPE<\/a> appr\u00e9ci\u00e9s par les vapoteurs du monde entier. Vous cherchez d'autres options ? Parcourez tous nos <a href=\"https:\/\/vapemaison.com\/product-category\/puffs-count\/\">Puffs<\/a> pour trouver la vape parfaite pour votre style et votre go\u00fbt.<\/p>","protected":false},"excerpt":{"rendered":"<p>Le WASPE FIHP 40000 Puffs Vape combine des saveurs doubles, des bobines doubles et un \u00e9cran LED intelligent pour une exp\u00e9rience de vapotage de haut niveau. Avec 36mL d'e-liquide, une batterie rechargeable Type-C de 850mAh et jusqu'\u00e0 40 000 bouff\u00e9es, il d\u00e9livre une saveur riche et douce - \u00e0 tout moment, n'importe o\u00f9.<\/p>","protected":false},"featured_media":8212,"comment_status":"open","ping_status":"closed","template":"","meta":[],"product_brand":[59],"product_cat":[135,142],"product_tag":[],"class_list":{"0":"post-20146","1":"product","2":"type-product","3":"status-publish","4":"has-post-thumbnail","6":"product_brand-waspe","7":"product_cat-40k-puffs","8":"product_cat-eu-stock","10":"first","11":"instock","12":"sale","13":"shipping-taxable","14":"purchasable","15":"product-type-variable"},"yoast_head":"<!-- This site is optimized with the Yoast SEO plugin v27.4 - https:\/\/yoast.com\/product\/yoast-seo-wordpress\/ -->\n<title>WASPE FIHP 40000 Puffs Disposable Vape Dual-Flavor<\/title>\n<meta name=\"description\" content=\"Experience the WASPE FIHP 40000 Puffs Disposable Vape featuring dual flavors, LED display, and Type-C. Enjoy long-lasting performance\" \/>\n<meta name=\"robots\" content=\"index, follow, max-snippet:-1, max-image-preview:large, max-video-preview:-1\" \/>\n<link rel=\"canonical\" href=\"https:\/\/vapemaison.com\/fr\/produit\/waspe-fihp-40000-puffs-40k-jetable-vape-wholesale-copy\/\" \/>\n<meta property=\"og:locale\" content=\"fr_FR\" \/>\n<meta property=\"og:type\" content=\"article\" \/>\n<meta property=\"og:title\" content=\"WASPE FIHP 40000 Puffs Disposable Vape Dual-Flavor\" \/>\n<meta property=\"og:description\" content=\"Experience the WASPE FIHP 40000 Puffs Disposable Vape featuring dual flavors, LED display, and Type-C. Enjoy long-lasting performance\" \/>\n<meta property=\"og:url\" content=\"https:\/\/vapemaison.com\/fr\/produit\/waspe-fihp-40000-puffs-40k-jetable-vape-wholesale-copy\/\" \/>\n<meta property=\"og:site_name\" content=\"VapeMaison\" \/>\n<meta property=\"article:modified_time\" content=\"2026-04-15T10:42:53+00:00\" \/>\n<meta property=\"og:image\" content=\"https:\/\/vapemaison.com\/wp-content\/uploads\/2025\/10\/WASPE-FIHP-40000-Puffs-40K-Disposable-Vape-Wholesale.png\" \/>\n\t<meta property=\"og:image:width\" content=\"1200\" \/>\n\t<meta property=\"og:image:height\" content=\"1200\" \/>\n\t<meta property=\"og:image:type\" content=\"image\/png\" \/>\n<meta name=\"twitter:card\" content=\"summary_large_image\" \/>\n<meta name=\"twitter:label1\" content=\"Dur\u00e9e de lecture estim\u00e9e\" \/>\n\t<meta name=\"twitter:data1\" content=\"2 minutes\" \/>\n<!-- \/ Yoast SEO plugin. -->","yoast_head_json":{"title":"WASPE FIHP 40000 Puffs Vape jetable Dual-Flavor","description":"D\u00e9couvrez la vape jetable WASPE FIHP 40000 Puffs, dot\u00e9e d'une double saveur, d'un \u00e9cran LED et d'un connecteur Type-C. Profitez d'une performance durable","robots":{"index":"index","follow":"follow","max-snippet":"max-snippet:-1","max-image-preview":"max-image-preview:large","max-video-preview":"max-video-preview:-1"},"canonical":"https:\/\/vapemaison.com\/fr\/produit\/waspe-fihp-40000-puffs-40k-jetable-vape-wholesale-copy\/","og_locale":"fr_FR","og_type":"article","og_title":"WASPE FIHP 40000 Puffs Disposable Vape Dual-Flavor","og_description":"Experience the WASPE FIHP 40000 Puffs Disposable Vape featuring dual flavors, LED display, and Type-C. Enjoy long-lasting performance","og_url":"https:\/\/vapemaison.com\/fr\/produit\/waspe-fihp-40000-puffs-40k-jetable-vape-wholesale-copy\/","og_site_name":"VapeMaison","article_modified_time":"2026-04-15T10:42:53+00:00","og_image":[{"width":1200,"height":1200,"url":"https:\/\/vapemaison.com\/wp-content\/uploads\/2025\/10\/WASPE-FIHP-40000-Puffs-40K-Disposable-Vape-Wholesale.png","type":"image\/png"}],"twitter_card":"summary_large_image","twitter_misc":{"Dur\u00e9e de lecture estim\u00e9e":"2 minutes"},"schema":{"@context":"https:\/\/schema.org","@graph":[{"@type":"WebPage","@id":"https:\/\/vapemaison.com\/product\/waspe-fihp-40000-puffs-40k-disposable-vape-wholesale-copy\/","url":"https:\/\/vapemaison.com\/product\/waspe-fihp-40000-puffs-40k-disposable-vape-wholesale-copy\/","name":"WASPE FIHP 40000 Puffs Vape jetable Dual-Flavor","isPartOf":{"@id":"https:\/\/vapemaison.com\/#website"},"primaryImageOfPage":{"@id":"https:\/\/vapemaison.com\/product\/waspe-fihp-40000-puffs-40k-disposable-vape-wholesale-copy\/#primaryimage"},"image":{"@id":"https:\/\/vapemaison.com\/product\/waspe-fihp-40000-puffs-40k-disposable-vape-wholesale-copy\/#primaryimage"},"thumbnailUrl":"https:\/\/vapemaison.com\/wp-content\/uploads\/2025\/10\/WASPE-FIHP-40000-Puffs-40K-Disposable-Vape-Wholesale.png","datePublished":"2025-12-22T08:00:11+00:00","dateModified":"2026-04-15T10:42:53+00:00","description":"D\u00e9couvrez la vape jetable WASPE FIHP 40000 Puffs, dot\u00e9e d'une double saveur, d'un \u00e9cran LED et d'un connecteur Type-C. Profitez d'une performance durable","breadcrumb":{"@id":"https:\/\/vapemaison.com\/product\/waspe-fihp-40000-puffs-40k-disposable-vape-wholesale-copy\/#breadcrumb"},"inLanguage":"fr-FR","potentialAction":[{"@type":"ReadAction","target":["https:\/\/vapemaison.com\/product\/waspe-fihp-40000-puffs-40k-disposable-vape-wholesale-copy\/"]}]},{"@type":"ImageObject","inLanguage":"fr-FR","@id":"https:\/\/vapemaison.com\/product\/waspe-fihp-40000-puffs-40k-disposable-vape-wholesale-copy\/#primaryimage","url":"https:\/\/vapemaison.com\/wp-content\/uploads\/2025\/10\/WASPE-FIHP-40000-Puffs-40K-Disposable-Vape-Wholesale.png","contentUrl":"https:\/\/vapemaison.com\/wp-content\/uploads\/2025\/10\/WASPE-FIHP-40000-Puffs-40K-Disposable-Vape-Wholesale.png","width":1200,"height":1200,"caption":"WASPE-FIHP-40000-Puffs-40K-Disposable-Vape-Wholesale"},{"@type":"BreadcrumbList","@id":"https:\/\/vapemaison.com\/product\/waspe-fihp-40000-puffs-40k-disposable-vape-wholesale-copy\/#breadcrumb","itemListElement":[{"@type":"ListItem","position":1,"name":"\u9996\u9875","item":"https:\/\/vapemaison.com\/"},{"@type":"ListItem","position":2,"name":"Shop","item":"https:\/\/vapemaison.com\/shop\/"},{"@type":"ListItem","position":3,"name":"Waspe","item":"https:\/\/vapemaison.com\/brand\/waspe\/"},{"@type":"ListItem","position":4,"name":"Waspe FIHP 40000 Puffs 40K Disposable Vape Wholesale"}]},{"@type":"WebSite","@id":"https:\/\/vapemaison.com\/#website","url":"https:\/\/vapemaison.com\/","name":"VapeMaison","description":"Appareils et accessoires de vapotage haut de gamme","publisher":{"@id":"https:\/\/vapemaison.com\/#organization"},"potentialAction":[{"@type":"SearchAction","target":{"@type":"EntryPoint","urlTemplate":"https:\/\/vapemaison.com\/?s={search_term_string}"},"query-input":{"@type":"PropertyValueSpecification","valueRequired":true,"valueName":"search_term_string"}}],"inLanguage":"fr-FR"},{"@type":"Organization","@id":"https:\/\/vapemaison.com\/#organization","name":"VapeMaison","url":"https:\/\/vapemaison.com\/","logo":{"@type":"ImageObject","inLanguage":"fr-FR","@id":"https:\/\/vapemaison.com\/#\/schema\/logo\/image\/","url":"https:\/\/vapemaison.com\/wp-content\/uploads\/2026\/01\/cropped-vapemaison-logo-g-2026.webp","contentUrl":"https:\/\/vapemaison.com\/wp-content\/uploads\/2026\/01\/cropped-vapemaison-logo-g-2026.webp","width":350,"height":280,"caption":"VapeMaison"},"image":{"@id":"https:\/\/vapemaison.com\/#\/schema\/logo\/image\/"},"sameAs":["https:\/\/www.youtube.com\/@VapeMaison"]}]}},"tiered_pricing_type":"fixed","tiered_pricing_fixed_rules":{"30":"11.63","50":"10.99","100":"10.69","200":"9.99"},"tiered_pricing_product_settings":{"layout":"default","base_unit_name":{"singular":null,"plural":null},"default_variation":null},"tiered_pricing_minimum_quantity":10,"tiered_pricing_roles_data":[],"tiered_pricing_percentage_rules":[],"tiered_pricing_maximum_quantity":null,"tiered_pricing_quantity_step":"10","_links":{"self":[{"href":"https:\/\/vapemaison.com\/fr\/wp-json\/wp\/v2\/product\/20146","targetHints":{"allow":["GET"]}}],"collection":[{"href":"https:\/\/vapemaison.com\/fr\/wp-json\/wp\/v2\/product"}],"about":[{"href":"https:\/\/vapemaison.com\/fr\/wp-json\/wp\/v2\/types\/product"}],"replies":[{"embeddable":true,"href":"https:\/\/vapemaison.com\/fr\/wp-json\/wp\/v2\/comments?post=20146"}],"version-history":[{"count":1,"href":"https:\/\/vapemaison.com\/fr\/wp-json\/wp\/v2\/product\/20146\/revisions"}],"predecessor-version":[{"id":27179,"href":"https:\/\/vapemaison.com\/fr\/wp-json\/wp\/v2\/product\/20146\/revisions\/27179"}],"wp:featuredmedia":[{"embeddable":true,"href":"https:\/\/vapemaison.com\/fr\/wp-json\/wp\/v2\/media\/8212"}],"wp:attachment":[{"href":"https:\/\/vapemaison.com\/fr\/wp-json\/wp\/v2\/media?parent=20146"}],"wp:term":[{"taxonomy":"product_brand","embeddable":true,"href":"https:\/\/vapemaison.com\/fr\/wp-json\/wp\/v2\/product_brand?post=20146"},{"taxonomy":"product_cat","embeddable":true,"href":"https:\/\/vapemaison.com\/fr\/wp-json\/wp\/v2\/product_cat?post=20146"},{"taxonomy":"product_tag","embeddable":true,"href":"https:\/\/vapemaison.com\/fr\/wp-json\/wp\/v2\/product_tag?post=20146"}],"curies":[{"name":"wp","href":"https:\/\/api.w.org\/{rel}","templated":true}]}}